{"id":29196,"date":"2022-08-29T08:48:42","date_gmt":"2022-08-29T14:48:42","guid":{"rendered":"https:\/\/mickyandoniehn.com\/radio\/?page_id=29196"},"modified":"2022-09-01T11:05:00","modified_gmt":"2022-09-01T17:05:00","slug":"liane-foly","status":"publish","type":"page","link":"https:\/\/mickyandoniehn.com\/radio\/liane-foly\/","title":{"rendered":"Liane Foly"},"content":{"rendered":"<p style=\"text-align: justify;\"><img loading=\"lazy\" decoding=\"async\" class=\" wp-image-24024 aligncenter\" src=\"http:\/\/mickyandoniehn.com\/radio\/wp-content\/uploads\/2022\/08\/Liane-Foly-300x300.jpg\" alt=\"\" width=\"665\" height=\"665\" srcset=\"https:\/\/mickyandoniehn.com\/radio\/wp-content\/uploads\/2022\/08\/Liane-Foly-300x300.jpg 300w, https:\/\/mickyandoniehn.com\/radio\/wp-content\/uploads\/2022\/08\/Liane-Foly-150x150.jpg 150w, https:\/\/mickyandoniehn.com\/radio\/wp-content\/uploads\/2022\/08\/Liane-Foly.jpg 423w\" sizes=\"auto, (max-width: 665px) 100vw, 665px\" \/><\/p>\n<p>&nbsp;<\/p>\n<div class=\"cxmmr5t8 oygrvhab hcukyx3x c1et5uql o9v6fnle ii04i59q\" style=\"text-align: justify;\">\n<div dir=\"auto\"><strong>Fecha de Nacimiento:<\/strong> 16 de diciembre de 1962<\/div>\n<p>&nbsp;<\/p>\n<div dir=\"auto\"><\/div>\n<\/div>\n<div class=\"cxmmr5t8 oygrvhab hcukyx3x c1et5uql o9v6fnle ii04i59q\" style=\"text-align: justify;\">\n<div dir=\"auto\"><strong>Biograf\u00eda:<\/strong><\/div>\n<p>&nbsp;<\/p>\n<div dir=\"auto\"><\/div>\n<div dir=\"auto\">Foly naci\u00f3 el 16 de diciembre de 1962 en el distrito 7 de Lyon . Sus padres, una familia de comerciantes de la Argelia francesa , regresaron a Francia en 1962 con la comunidad Pied-Noir y se trasladaron a Lyon, cerca del barrio de Perrache , donde eran propietarios de La droguerie du sourire . Cuando ten\u00eda cinco a\u00f1os practicaba el baile. A los 12 a\u00f1os, cant\u00f3 con la orquesta de sus padres Black and White con su hermano Philippe en la bater\u00eda y su hermana Corinne en el piano. M\u00e1s tarde continu\u00f3 cantando en clubes nocturnos y bares locales, desarrollando una afinidad por el blues y el jazz. Estudi\u00f3 idiomas para su bachillerato y es biling\u00fce en franc\u00e9s e ingl\u00e9s.<\/div>\n<div dir=\"auto\"><\/div>\n<p>&nbsp;<\/p>\n<\/div>\n<div class=\"cxmmr5t8 oygrvhab hcukyx3x c1et5uql o9v6fnle ii04i59q\" style=\"text-align: justify;\">\n<div dir=\"auto\">El hermano de Foly es Philippe Falliex , un compositor franc\u00e9s de programas de radio y televisi\u00f3n. Compuso varias de sus canciones y la acompa\u00f1\u00f3 en el escenario como baterista.<\/div>\n<p>&nbsp;<\/p>\n<div dir=\"auto\"><\/div>\n<\/div>\n<div class=\"cxmmr5t8 oygrvhab hcukyx3x c1et5uql o9v6fnle ii04i59q\" style=\"text-align: justify;\">\n<div dir=\"auto\">En 1984, Foly fue descubierta por Philippe Viennet y Andr\u00e9 Manoukian , quienes se ofrecieron a escribir para ella y grabar una maqueta. Despu\u00e9s de mucho trabajo lleg\u00f3 a Par\u00eds en 1987 y obtuvo un encuentro con Fabrice Nataf, director art\u00edstico y mecenas de Virgin France, quien lanz\u00f3 su carrera. Tom\u00f3 el nombre de Liane Foly en 1986, Foly en homenaje a Dal\u00ed , quien en ese momento dijo en un anuncio que estaba loco por el chocolate. En 1988 publica su primer disco, The Man I Love , promovido por el single Ca va, \u00e7a vient . Fue un \u00e9xito comercial, llegando al top 50.<\/div>\n<p>&nbsp;<\/p>\n<div dir=\"auto\"><\/div>\n<div dir=\"auto\">El mismo a\u00f1o actu\u00f3 en el escenario de Par\u00eds ( La Cigale). El \u00e1lbum fue compuesto por Andr\u00e9 Manoukian, con letra escrita por Foly y Philippe Viennet. Su \u00e1lbum de 1997, Cam\u00e9l\u00e9on , fue el primero de Foly sin Andr\u00e9 Manoukian. Producido por Philippe Viennet, el p\u00fablico franc\u00e9s lo ignor\u00f3 en gran medida. Particip\u00f3 m\u00e1s en la composici\u00f3n de su \u00e1lbum de 2000, Entre nous.<\/div>\n<p>&nbsp;<\/p>\n<div dir=\"auto\"><\/div>\n<\/div>\n<div class=\"cxmmr5t8 oygrvhab hcukyx3x c1et5uql o9v6fnle ii04i59q\" style=\"text-align: justify;\">\n<div dir=\"auto\"><strong>Wikipedia in English<\/strong><\/div>\n<p>&nbsp;<\/p>\n<div dir=\"auto\"><\/div>\n<\/div>\n<div class=\"cxmmr5t8 oygrvhab hcukyx3x c1et5uql o9v6fnle ii04i59q\" style=\"text-align: justify;\">\n<div dir=\"auto\"><strong>Date of Birth<\/strong> December 16, 1962<\/div>\n<p>&nbsp;<\/p>\n<div dir=\"auto\"><\/div>\n<\/div>\n<div class=\"cxmmr5t8 oygrvhab hcukyx3x c1et5uql o9v6fnle ii04i59q\" style=\"text-align: justify;\">\n<div dir=\"auto\"><strong>Biography:<\/strong><\/div>\n<p>&nbsp;<\/p>\n<div dir=\"auto\"><\/div>\n<div dir=\"auto\">Foly was born on December 16, 1962 in the 7th district of Lyon. His parents, a merchant family from French Algeria, returned to France in 1962 with the Pied-Noir community and moved to Lyon, near the Perrache district, where they owned La droguerie du sourire. When she was five years old she practiced dancing. At age 12, he sang with his parents&#8217; Black and White orchestra with his brother Philippe on drums and her sister Corinne on piano.<\/div>\n<p>&nbsp;<\/p>\n<div dir=\"auto\"><\/div>\n<div dir=\"auto\">Later he continued to sing in local nightclubs and bars, developing an affinity for blues and jazz. He studied languages for his high school and is bilingual in French and English.<\/div>\n<p>&nbsp;<\/p>\n<div dir=\"auto\"><\/div>\n<\/div>\n<div class=\"cxmmr5t8 oygrvhab hcukyx3x c1et5uql o9v6fnle ii04i59q\" style=\"text-align: justify;\">\n<div dir=\"auto\">Foly&#8217;s brother is Philippe Falliex, a French radio and television program composer. He composed several of her songs and accompanied her on stage as a drummer.<\/div>\n<p>&nbsp;<\/p>\n<div dir=\"auto\"><\/div>\n<\/div>\n<div class=\"cxmmr5t8 oygrvhab hcukyx3x c1et5uql o9v6fnle ii04i59q\" style=\"text-align: justify;\">\n<div dir=\"auto\">In 1984, Foly was discovered by Philippe Viennet and Andr\u00e9 Manoukian, who offered to write for her and record a demo of her. After a lot of work, she arrived in Paris in 1987 and got a meeting with Fabrice Nataf, artistic director and patron of Virgin France, who launched her career. She took the name Liane Foly in 1986, Foly in tribute to Dal\u00ed, who at the time said in an advertisement that he was crazy about chocolate. In 1988 she published her first album, The Man I Love, promoted by the single Ca va, \u00e7a vient. It was a commercial success, reaching the top 50. The same year she performed on the Paris stage (La Cigale). The album was composed by Andr\u00e9 Manoukian, with lyrics written by Foly and Philippe Viennet. Her 1997 album, Cam\u00e9l\u00e9on, was Foly&#8217;s first without Andr\u00e9 Manoukian. Produced by Philippe Viennet, it was largely ignored by the French public. She was more involved in the composition of her 2000 album, Entre nous.<\/div>\n<p>&nbsp;<\/p>\n<\/div>\n<div dir=\"auto\" style=\"text-align: justify;\">\n<p><strong>Discograf\u00eda\u00a0<\/strong><\/p>\n<table width=\"626\">\n<tbody>\n<tr>\n<td style=\"text-align: center;\" width=\"80\"><strong>G\u00e9nero Blues, Jazz, Pop<\/strong><\/td>\n<td style=\"text-align: center;\" width=\"466\"><strong>Escuchar Tema<\/strong><\/td>\n<td style=\"text-align: center;\" width=\"80\"><strong>A\u00f1o de Publicaci\u00f3n<\/strong><\/td>\n<\/tr>\n<tr>\n<td style=\"text-align: center;\"><\/td>\n<td style=\"text-align: center;\"><strong>\u00c1lbumes\u00a0<\/strong><\/td>\n<td style=\"text-align: center;\"><\/td>\n<\/tr>\n<tr>\n<td><\/td>\n<td><\/td>\n<td><\/td>\n<\/tr>\n<tr>\n<td>1<\/td>\n<td>Besoin de toi<\/td>\n<td>1985<\/td>\n<\/tr>\n<tr>\n<td>2<\/td>\n<td>El hombre que amo<\/td>\n<td>1988<\/td>\n<\/tr>\n<tr>\n<td>3<\/td>\n<td>Naranja R\u00eave<\/td>\n<td>1990<\/td>\n<\/tr>\n<tr>\n<td>4<\/td>\n<td>Les Petites Notes , tambi\u00e9n grabado en ingl\u00e9s como Sweet Mystery<\/td>\n<td>1993<\/td>\n<\/tr>\n<tr>\n<td>5<\/td>\n<td>Lumi\u00e8res (en directo)<\/td>\n<td>1996<\/td>\n<\/tr>\n<tr>\n<td>6<\/td>\n<td>Cam\u00e9l\u00e9on , grabado en Los \u00c1ngeles<\/td>\n<td>1997<\/td>\n<\/tr>\n<tr>\n<td>7<\/td>\n<td>Acoustique<\/td>\n<td>1999<\/td>\n<\/tr>\n<tr>\n<td>8<\/td>\n<td>Entre nous<\/td>\n<td>2000<\/td>\n<\/tr>\n<tr>\n<td>9<\/td>\n<td>Au fur et \u00e0 mesure (lo mejor de)<\/td>\n<td>2002<\/td>\n<\/tr>\n<tr>\n<td>10<\/td>\n<td>La chanteuse de bal<\/td>\n<td>2004<\/td>\n<\/tr>\n<tr>\n<td>11<\/td>\n<td>Une \u00e9toile dort (grabado en directo en el Casino de Paris )<\/td>\n<td>2005<\/td>\n<\/tr>\n<tr>\n<td>12<\/td>\n<td>Le go\u00fbt du d\u00e9sir<\/td>\n<td>2008<\/td>\n<\/tr>\n<tr>\n<td>13<\/td>\n<td>Crooneuse<\/td>\n<td>2016<\/td>\n<\/tr>\n<tr>\n<td><\/td>\n<td><\/td>\n<td><\/td>\n<\/tr>\n<\/tbody>\n<\/table>\n<\/div>\n<p>&nbsp;<\/p>\n<div class=\"cxmmr5t8 oygrvhab hcukyx3x c1et5uql o9v6fnle ii04i59q\" style=\"text-align: justify;\">\n<div dir=\"auto\"><\/div>\n<\/div>\n<div class=\"cxmmr5t8 oygrvhab hcukyx3x c1et5uql o9v6fnle ii04i59q\" style=\"text-align: justify;\">\n<div dir=\"auto\">Cr\u00e9ditos tomados de Wikipedia:<\/div>\n<div dir=\"auto\"><a class=\"oajrlxb2 g5ia77u1 qu0x051f esr5mh6w e9989ue4 r7d6kgcz rq0escxv nhd2j8a9 nc684nl6 p7hjln8o kvgmc6g5 cxmmr5t8 oygrvhab hcukyx3x jb3vyjys rz4wbd8a qt6c0cv9 a8nywdso i1ao9s8h esuyzwwr f1sip0of lzcic4wl gpro0wi8 py34i1dx\" tabindex=\"0\" role=\"link\" href=\"https:\/\/l.facebook.com\/l.php?u=https%3A%2F%2Fen.wikipedia.org%2Fwiki%2FLiane_Foly%3Ffbclid%3DIwAR0FkK_NmgR0vXXUc-I1bpvPrwpNbpjI9VTk55P_FcypB2jStAzsZ1fZgOY&amp;h=AT09qBB14aCkvHcMWJvbLlUDAKI_cNuY_nbvm0my6lgjwbcxAulYUcW-LWfHiIEQqeFOhk1OaYlAuHhr82BuG7pkVI25blCDPDxLqRVsmh1BnKOTIJU243e_J-l2Fpx0QEjS&amp;__tn__=-UK-R&amp;c[0]=AT0vh0wIGxzKj4KEHeb0-qKO6zeM5tDKIncyeJrKQwTy3VL6sn6_j-P7MdY1pDM14LwY264-2cxt-GgBt4vhvFtkAwPuDXva21cqya52dTPyBoWGg3AHJHjKz5BOCs4KFKD5P45Hv7SeBJfbJ7_iXSB14ysrrSuDY89iVw\" target=\"_blank\" rel=\"nofollow noopener\">https:\/\/en.wikipedia.org\/wiki\/Liane_Foly<\/a><\/div>\n<\/div>\n<p>&nbsp;<\/p>\n<div dir=\"auto\"><\/div>\n<div class=\"epyt-video-wrapper\"><iframe loading=\"lazy\"  id=\"_ytid_47904\"  width=\"618\" height=\"347\"  data-origwidth=\"618\" data-origheight=\"347\" src=\"https:\/\/www.youtube.com\/embed\/09SCDtT-aOU?enablejsapi=1&#038;autoplay=0&#038;cc_load_policy=0&#038;cc_lang_pref=&#038;iv_load_policy=1&#038;loop=0&#038;modestbranding=0&#038;rel=1&#038;fs=1&#038;playsinline=0&#038;autohide=2&#038;theme=dark&#038;color=red&#038;controls=1&#038;\" class=\"__youtube_prefs__  epyt-is-override  no-lazyload\" title=\"YouTube player\"  allow=\"fullscreen; accelerometer; autoplay; clipboard-write; encrypted-media; gyroscope; picture-in-picture\" allowfullscreen data-no-lazy=\"1\" data-skipgform_ajax_framebjll=\"\"><\/iframe><\/div>\n","protected":false},"excerpt":{"rendered":"<p>&nbsp; Fecha de Nacimiento: 16 de diciembre de 1962 &nbsp; Biograf\u00eda: &nbsp; Foly naci\u00f3 el 16 de diciembre de 1962 en el distrito 7 de Lyon . Sus padres, una familia de comerciantes de la Argelia francesa , regresaron a Francia en 1962 con la comunidad Pied-Noir y se trasladaron a Lyon, cerca del barrio &hellip;<\/p>\n","protected":false},"author":1,"featured_media":0,"parent":0,"menu_order":0,"comment_status":"closed","ping_status":"closed","template":"","meta":{"footnotes":""},"class_list":["post-29196","page","type-page","status-publish",""],"jetpack_sharing_enabled":true,"_links":{"self":[{"href":"https:\/\/mickyandoniehn.com\/radio\/wp-json\/wp\/v2\/pages\/29196","targetHints":{"allow":["GET"]}}],"collection":[{"href":"https:\/\/mickyandoniehn.com\/radio\/wp-json\/wp\/v2\/pages"}],"about":[{"href":"https:\/\/mickyandoniehn.com\/radio\/wp-json\/wp\/v2\/types\/page"}],"author":[{"embeddable":true,"href":"https:\/\/mickyandoniehn.com\/radio\/wp-json\/wp\/v2\/users\/1"}],"replies":[{"embeddable":true,"href":"https:\/\/mickyandoniehn.com\/radio\/wp-json\/wp\/v2\/comments?post=29196"}],"version-history":[{"count":2,"href":"https:\/\/mickyandoniehn.com\/radio\/wp-json\/wp\/v2\/pages\/29196\/revisions"}],"predecessor-version":[{"id":30331,"href":"https:\/\/mickyandoniehn.com\/radio\/wp-json\/wp\/v2\/pages\/29196\/revisions\/30331"}],"wp:attachment":[{"href":"https:\/\/mickyandoniehn.com\/radio\/wp-json\/wp\/v2\/media?parent=29196"}],"curies":[{"name":"wp","href":"https:\/\/api.w.org\/{rel}","templated":true}]}}