{"id":29165,"date":"2022-08-29T08:29:45","date_gmt":"2022-08-29T14:29:45","guid":{"rendered":"https:\/\/mickyandoniehn.com\/radio\/?page_id=29165"},"modified":"2022-09-01T09:39:52","modified_gmt":"2022-09-01T15:39:52","slug":"dionne-warwick","status":"publish","type":"page","link":"https:\/\/mickyandoniehn.com\/radio\/dionne-warwick\/","title":{"rendered":"Dionne Warwick"},"content":{"rendered":"<p style=\"text-align: justify;\"><img loading=\"lazy\" decoding=\"async\" class=\" wp-image-24034 aligncenter\" src=\"http:\/\/mickyandoniehn.com\/radio\/wp-content\/uploads\/2022\/08\/Dionne-Warwick-300x300.jpg\" alt=\"\" width=\"602\" height=\"602\" srcset=\"https:\/\/mickyandoniehn.com\/radio\/wp-content\/uploads\/2022\/08\/Dionne-Warwick-300x300.jpg 300w, https:\/\/mickyandoniehn.com\/radio\/wp-content\/uploads\/2022\/08\/Dionne-Warwick-150x150.jpg 150w, https:\/\/mickyandoniehn.com\/radio\/wp-content\/uploads\/2022\/08\/Dionne-Warwick.jpg 563w\" sizes=\"auto, (max-width: 602px) 100vw, 602px\" \/><\/p>\n<p>&nbsp;<\/p>\n<p style=\"text-align: justify;\"><strong>Fecha de Nacimiento: <\/strong>12 de diciembre de 1940<\/p>\n<p style=\"text-align: justify;\"><strong>Biograf\u00eda:<\/strong><\/p>\n<p style=\"text-align: justify;\">Es una cantante estadounidense de soul y pop. Hermana de Dee Dee Warwick, sobrina de Cissy Houston y prima de Whitney Houston.<\/p>\n<p style=\"text-align: justify;\">El trabajo musical m\u00e1s elogiado de Dionne Warwick es el que realiz\u00f3 con los compositores Hal David y Burt Bacharach.<\/p>\n<p style=\"text-align: justify;\">Se inici\u00f3 en la m\u00fasica como cantante gospel con su familia. Su debut en solitario de la mano de Burt Bacharach en 1962 (&#8220;Don&#8217;t Make Me Over&#8221;) apareci\u00f3 por una errata de imprenta bajo el apellido Warwick, no Warrick; un error que propici\u00f3 el nombre art\u00edstico de Dionne para toda su carrera. Este sencillo tuvo un cierto \u00e9xito, situaci\u00f3n que no volver\u00eda a repetirse hasta 1964 con &#8220;Anyone Who Had a Heart&#8221; y &#8220;Walk on By&#8221;, este \u00faltimo un \u00e9xito en el Reino Unido. Les suceder\u00edan otros hasta 1971 en la que abandon\u00f3 el sello Scepter por una fuerte disputa mantenida con Bacharach.<\/p>\n<p style=\"text-align: justify;\">En su etapa posterior en Warner, consigui\u00f3 el \u00e9xito con el tema &#8220;Then Came You&#8221;, de 1974 escrito por Thom Bell y Linda Creed e interpretado en un dueto con The Spinners.<\/p>\n<p style=\"text-align: justify;\">En la d\u00e9cada de los 80, y tras un nuevo cambio de sello discogr\u00e1fico, obtuvo un nuevo \u00e9xito con &#8220;Heartbreaker&#8221; en 1982, canci\u00f3n compuesta por The Bee Gees con la voz de Barry Gibb en el coro. A partir de entonces sus grabaciones se fueron espaciando, hasta un repunte de popularidad en 2006 con un \u00e1lbum de duetos (My friends &amp; me).<\/p>\n<p style=\"text-align: justify;\"><strong>Date of Birth<\/strong> December 12, 1940<\/p>\n<p style=\"text-align: justify;\"><strong>Biography:<\/strong><\/p>\n<p style=\"text-align: justify;\">She is an American soul and pop singer. Sister of Dee Dee Warwick, niece of Cissy Houston, and cousin of Whitney Houston.<\/p>\n<p style=\"text-align: justify;\">Dionne Warwick&#8217;s most praised musical work is the one she made with composers Hal David and Burt Bacharach.<\/p>\n<p style=\"text-align: justify;\">He started in music as a gospel singer with his family. His 1962 Burt Bacharach solo debut (&#8220;Don&#8217;t Make Me Over&#8221;) appeared by misprint under the surname Warwick, not Warrick; a mistake that led to the artistic name of Dionne for her entire career. This single had some success, a situation that would not be repeated until 1964 with &#8220;Anyone Who Had a Heart&#8221; and &#8220;Walk on By&#8221;, the latter a hit in the UK. Others would succeed them until 1971 in which he left the Scepter label due to a strong dispute with Bacharach.<\/p>\n<p style=\"text-align: justify;\">In his later stint at Warners, he found success with the 1974 song &#8220;Then Came You,&#8221; written by Thom Bell and Linda Creed and performed as a duet with The Spinners.<\/p>\n<p style=\"text-align: justify;\">In the 1980s, and after a new change of record label, he had a new success with &#8220;Heartbreaker&#8221; in 1982, a song composed by The Bee Gees with the voice of Barry Gibb in the chorus. From then on his recordings were spaced out, until a rise in popularity in 2006 with an album of duets (My friends &amp; me).<\/p>\n<p style=\"text-align: justify;\"><strong>Discograf\u00eda<\/strong><\/p>\n<table width=\"448\">\n<tbody>\n<tr>\n<td style=\"text-align: center;\" width=\"80\"><strong>G\u00e9nero Soul, Pop<\/strong><\/td>\n<td style=\"text-align: center;\" width=\"288\"><strong>Escuchar Tema<\/strong><\/td>\n<td style=\"text-align: center;\" width=\"80\"><strong>A\u00f1o de Publicaci\u00f3n<\/strong><\/td>\n<\/tr>\n<tr>\n<td><\/td>\n<td><\/td>\n<td><\/td>\n<\/tr>\n<tr>\n<td>1<\/td>\n<td>Presenting Dionne Warwick<\/td>\n<td>1963<\/td>\n<\/tr>\n<tr>\n<td>2<\/td>\n<td>Anyone Who Had a Heart<\/td>\n<td>1964<\/td>\n<\/tr>\n<tr>\n<td>3<\/td>\n<td>Make Way for Dionne Warwick<\/td>\n<td>1964<\/td>\n<\/tr>\n<tr>\n<td>4<\/td>\n<td>The Sensitive Sound of Dionne Warwick<\/td>\n<td>1965<\/td>\n<\/tr>\n<tr>\n<td>5<\/td>\n<td>Here I Am<\/td>\n<td>1965<\/td>\n<\/tr>\n<tr>\n<td>6<\/td>\n<td>Here Where There Is Love<\/td>\n<td>1966<\/td>\n<\/tr>\n<tr>\n<td>7<\/td>\n<td>On Stage and in the Movies<\/td>\n<td>1967<\/td>\n<\/tr>\n<tr>\n<td>8<\/td>\n<td>The Windows of the World<\/td>\n<td>1967<\/td>\n<\/tr>\n<tr>\n<td>9<\/td>\n<td>The Magic of Believing<\/td>\n<td>1968<\/td>\n<\/tr>\n<tr>\n<td>10<\/td>\n<td>Dionne Warwick in Valley of the Dolls<\/td>\n<td>1968<\/td>\n<\/tr>\n<tr>\n<td>11<\/td>\n<td>Promises, Promises<\/td>\n<td>1968<\/td>\n<\/tr>\n<tr>\n<td>12<\/td>\n<td>Soulful<\/td>\n<td>1969<\/td>\n<\/tr>\n<tr>\n<td>13<\/td>\n<td>I&#8217;ll Never Fall in Love Again<\/td>\n<td>1970<\/td>\n<\/tr>\n<tr>\n<td>14<\/td>\n<td>Very Dionne<\/td>\n<td>1970<\/td>\n<\/tr>\n<tr>\n<td>15<\/td>\n<td>Dionne<\/td>\n<td>1972<\/td>\n<\/tr>\n<tr>\n<td>16<\/td>\n<td>Just Being Myself<\/td>\n<td>1973<\/td>\n<\/tr>\n<tr>\n<td>17<\/td>\n<td>Then Came You<\/td>\n<td>1975<\/td>\n<\/tr>\n<tr>\n<td>18<\/td>\n<td>Track of the Cat<\/td>\n<td>1975<\/td>\n<\/tr>\n<tr>\n<td>19<\/td>\n<td>Love at First Sight<\/td>\n<td>1977<\/td>\n<\/tr>\n<tr>\n<td>20<\/td>\n<td>Dionne<\/td>\n<td>1979<\/td>\n<\/tr>\n<tr>\n<td>21<\/td>\n<td>No Night So Long<\/td>\n<td>1980<\/td>\n<\/tr>\n<tr>\n<td>22<\/td>\n<td>Friends in Love<\/td>\n<td>1982<\/td>\n<\/tr>\n<tr>\n<td>23<\/td>\n<td>Heartbreaker<\/td>\n<td>1982<\/td>\n<\/tr>\n<tr>\n<td>24<\/td>\n<td>How Many Times Can We Say Goodbye<\/td>\n<td>1983<\/td>\n<\/tr>\n<tr>\n<td>25<\/td>\n<td>Finder of Lost Loves<\/td>\n<td>1985<\/td>\n<\/tr>\n<tr>\n<td>26<\/td>\n<td>&#8220;Hot ! Live and Otherwise&#8221; (\u00e1lbum)<\/td>\n<td>1986<\/td>\n<\/tr>\n<tr>\n<td>27<\/td>\n<td>Friends<\/td>\n<td>1985<\/td>\n<\/tr>\n<tr>\n<td>28<\/td>\n<td>Reservations for Two<\/td>\n<td>1987<\/td>\n<\/tr>\n<tr>\n<td>29<\/td>\n<td>Dionne Sings Cole Porter<\/td>\n<td>1990<\/td>\n<\/tr>\n<tr>\n<td>30<\/td>\n<td>Friends Can Be Lovers<\/td>\n<td>1993<\/td>\n<\/tr>\n<tr>\n<td>31<\/td>\n<td>Aquarela do Brazil<\/td>\n<td>1994<\/td>\n<\/tr>\n<tr>\n<td>32<\/td>\n<td>Dionne Sings Dionne<\/td>\n<td>1998<\/td>\n<\/tr>\n<tr>\n<td>33<\/td>\n<td>Dionne Sings Dionne, Vol. 2<\/td>\n<td>2000<\/td>\n<\/tr>\n<tr>\n<td>34<\/td>\n<td>My Favorite Time of the Year<\/td>\n<td>2004<\/td>\n<\/tr>\n<tr>\n<td>35<\/td>\n<td>My Friends &amp; Me<\/td>\n<td>2006<\/td>\n<\/tr>\n<tr>\n<td>36<\/td>\n<td>Why We Sing<\/td>\n<td>2008<\/td>\n<\/tr>\n<tr>\n<td><\/td>\n<td><\/td>\n<td><\/td>\n<\/tr>\n<\/tbody>\n<\/table>\n<div class=\"epyt-video-wrapper\"><iframe loading=\"lazy\"  id=\"_ytid_80868\"  width=\"618\" height=\"347\"  data-origwidth=\"618\" data-origheight=\"347\" src=\"https:\/\/www.youtube.com\/embed\/JKL3H5avxk8?enablejsapi=1&#038;autoplay=0&#038;cc_load_policy=0&#038;cc_lang_pref=&#038;iv_load_policy=1&#038;loop=0&#038;modestbranding=0&#038;rel=1&#038;fs=1&#038;playsinline=0&#038;autohide=2&#038;theme=dark&#038;color=red&#038;controls=1&#038;\" class=\"__youtube_prefs__  epyt-is-override  no-lazyload\" title=\"YouTube player\"  allow=\"fullscreen; accelerometer; autoplay; clipboard-write; encrypted-media; gyroscope; picture-in-picture\" allowfullscreen data-no-lazy=\"1\" data-skipgform_ajax_framebjll=\"\"><\/iframe><\/div>\n","protected":false},"excerpt":{"rendered":"<p>&nbsp; Fecha de Nacimiento: 12 de diciembre de 1940 Biograf\u00eda: Es una cantante estadounidense de soul y pop. Hermana de Dee Dee Warwick, sobrina de Cissy Houston y prima de Whitney Houston. El trabajo musical m\u00e1s elogiado de Dionne Warwick es el que realiz\u00f3 con los compositores Hal David y Burt Bacharach. Se inici\u00f3 en &hellip;<\/p>\n","protected":false},"author":1,"featured_media":0,"parent":0,"menu_order":0,"comment_status":"closed","ping_status":"closed","template":"","meta":{"footnotes":""},"class_list":["post-29165","page","type-page","status-publish",""],"jetpack_sharing_enabled":true,"_links":{"self":[{"href":"https:\/\/mickyandoniehn.com\/radio\/wp-json\/wp\/v2\/pages\/29165","targetHints":{"allow":["GET"]}}],"collection":[{"href":"https:\/\/mickyandoniehn.com\/radio\/wp-json\/wp\/v2\/pages"}],"about":[{"href":"https:\/\/mickyandoniehn.com\/radio\/wp-json\/wp\/v2\/types\/page"}],"author":[{"embeddable":true,"href":"https:\/\/mickyandoniehn.com\/radio\/wp-json\/wp\/v2\/users\/1"}],"replies":[{"embeddable":true,"href":"https:\/\/mickyandoniehn.com\/radio\/wp-json\/wp\/v2\/comments?post=29165"}],"version-history":[{"count":2,"href":"https:\/\/mickyandoniehn.com\/radio\/wp-json\/wp\/v2\/pages\/29165\/revisions"}],"predecessor-version":[{"id":30189,"href":"https:\/\/mickyandoniehn.com\/radio\/wp-json\/wp\/v2\/pages\/29165\/revisions\/30189"}],"wp:attachment":[{"href":"https:\/\/mickyandoniehn.com\/radio\/wp-json\/wp\/v2\/media?parent=29165"}],"curies":[{"name":"wp","href":"https:\/\/api.w.org\/{rel}","templated":true}]}}