{"id":28903,"date":"2022-08-26T12:38:10","date_gmt":"2022-08-26T18:38:10","guid":{"rendered":"https:\/\/mickyandoniehn.com\/radio\/?page_id=28903"},"modified":"2022-09-01T10:42:45","modified_gmt":"2022-09-01T16:42:45","slug":"jimi-hendrix","status":"publish","type":"page","link":"https:\/\/mickyandoniehn.com\/radio\/jimi-hendrix\/","title":{"rendered":"Jimi Hendrix"},"content":{"rendered":"<p style=\"text-align: justify;\"><img loading=\"lazy\" decoding=\"async\" class=\" wp-image-23708 aligncenter\" src=\"http:\/\/mickyandoniehn.com\/radio\/wp-content\/uploads\/2022\/07\/Jimi-Hendrix-166x300.jpg\" alt=\"\" width=\"476\" height=\"860\" srcset=\"https:\/\/mickyandoniehn.com\/radio\/wp-content\/uploads\/2022\/07\/Jimi-Hendrix-166x300.jpg 166w, https:\/\/mickyandoniehn.com\/radio\/wp-content\/uploads\/2022\/07\/Jimi-Hendrix.jpg 416w\" sizes=\"auto, (max-width: 476px) 100vw, 476px\" \/><\/p>\n<p>&nbsp;<\/p>\n<div class=\"cxmmr5t8 oygrvhab hcukyx3x c1et5uql o9v6fnle ii04i59q\" style=\"text-align: justify;\">\n<div dir=\"auto\"><strong>Fecha de Nacimiento:<\/strong> 27 de noviembre de 1942<\/div>\n<p>&nbsp;<\/p>\n<div dir=\"auto\"><\/div>\n<div dir=\"auto\"><strong>Fecha de Fallecimiento:<\/strong> 18 de septiembre de 1970<\/div>\n<p>&nbsp;<\/p>\n<div dir=\"auto\"><\/div>\n<\/div>\n<div class=\"cxmmr5t8 oygrvhab hcukyx3x c1et5uql o9v6fnle ii04i59q\" style=\"text-align: justify;\">\n<div dir=\"auto\"><strong>Biograf\u00eda:<\/strong><\/div>\n<p>&nbsp;<\/p>\n<div dir=\"auto\"><\/div>\n<div dir=\"auto\">Nacido en Seattle, Washington, en una diversa familia afroestadounidense que contaba adem\u00e1s con ra\u00edces cheroquis, comenz\u00f3 a tocar la guitarra a los 15 a\u00f1os. En 1961, se enrol\u00f3 en el ej\u00e9rcito de los Estados Unidos como paracaidista en la 101.\u00aa Divisi\u00f3n Aerotransportada y se licenci\u00f3 al a\u00f1o siguiente.<\/div>\n<div dir=\"auto\"><\/div>\n<p>&nbsp;<\/p>\n<\/div>\n<div class=\"cxmmr5t8 oygrvhab hcukyx3x c1et5uql o9v6fnle ii04i59q\" style=\"text-align: justify;\">\n<div dir=\"auto\">Poco despu\u00e9s, se mud\u00f3 a Clarksville, Tennessee, y comenz\u00f3 a tocar en algunos conciertos conocidos como Chitlin&#8217; Circuit, donde consigui\u00f3 un hueco tocando como m\u00fasico de apoyo de The Isley Brothers y despu\u00e9s para Little Richard, con quien continu\u00f3 hasta mediados de 1965. M\u00e1s adelante pas\u00f3 a tocar con Curtis Knight and The Squires antes de mudarse a Inglaterra a finales de 1966 gracias a Linda Keith, quien adem\u00e1s llam\u00f3 la atenci\u00f3n del bajista de The Animals Chas Chandler para convertirse en su m\u00e1nager.<\/div>\n<p>&nbsp;<\/p>\n<div dir=\"auto\"><\/div>\n<\/div>\n<div class=\"cxmmr5t8 oygrvhab hcukyx3x c1et5uql o9v6fnle ii04i59q\" style=\"text-align: justify;\">\n<div dir=\"auto\">En cuesti\u00f3n de meses, Hendrix ya hab\u00eda obtenido tres sencillos Top 10 en el Reino Unido con su banda The Jimi Hendrix Experience: \u00abHey Joe\u00bb, \u00abPurple Haze\u00bb y \u00abThe Wind Cries Mary\u00bb. Salt\u00f3 a la fama en Estados Unidos despu\u00e9s de su actuaci\u00f3n en el Monterrey Pop Festival de 1967. Al a\u00f1o siguiente, en 1968, su tercer disco de estudio Electric Ladyland, lleg\u00f3 al primer puesto de la lista estadounidense de \u00e9xitos; fue su \u00e9xito comercial m\u00e1s grande y \u00fanico n\u00famero uno en dicho pa\u00eds. En su momento fue el artista mejor pagado por su concierto en el Festival de Woodstock (1969) y el Festival de la Isla de Wight (1970), antes de su muerte por ingesta de barbit\u00faricos el 18 de septiembre de 1970 a los 27 a\u00f1os de edad.<\/div>\n<p>&nbsp;<\/p>\n<div dir=\"auto\"><\/div>\n<\/div>\n<div class=\"cxmmr5t8 oygrvhab hcukyx3x c1et5uql o9v6fnle ii04i59q\" style=\"text-align: justify;\">\n<div dir=\"auto\">Las influencias musicales de Hendrix se inspiraron en el rock and roll y blues el\u00e9ctrico de Estados Unidos. Es conocido por usar amplificadores con distorsi\u00f3n, alto volumen y ganancia, adem\u00e1s de que fue un innovador en aprovecharse de los acoples generados por la guitarra. Tambi\u00e9n ayud\u00f3 a popularizar el uso del pedal con wah-wah y fue el primero en utilizar efectos phaser estereof\u00f3nicos en sus grabaciones. Holly George-Warren de la revista Rolling Stone coment\u00f3: \u00abHendrix fue pionero en el uso del instrumento como una fuente de sonido electr\u00f3nico.<\/div>\n<div dir=\"auto\"><\/div>\n<p>&nbsp;<\/p>\n<\/div>\n<div class=\"cxmmr5t8 oygrvhab hcukyx3x c1et5uql o9v6fnle ii04i59q\" style=\"text-align: justify;\">\n<div dir=\"auto\">Los guitarristas anteriores a \u00e9l hab\u00edan experimentado con acoples y distorsi\u00f3n, pero Hendrix convirti\u00f3 esos efectos y otros en un vocabulario controlado y fluido igual de personal que el blues con el que comenz\u00f3\u00bb<\/div>\n<div dir=\"auto\"><\/div>\n<p>&nbsp;<\/p>\n<\/div>\n<div class=\"cxmmr5t8 oygrvhab hcukyx3x c1et5uql o9v6fnle ii04i59q\" style=\"text-align: justify;\">\n<div dir=\"auto\"><strong>Wikipedia in English<\/strong><\/div>\n<p>&nbsp;<\/p>\n<div dir=\"auto\"><\/div>\n<\/div>\n<div class=\"cxmmr5t8 oygrvhab hcukyx3x c1et5uql o9v6fnle ii04i59q\" style=\"text-align: justify;\">\n<div dir=\"auto\"><strong>Date of Birth:<\/strong> November 27, 1942<\/div>\n<p>&nbsp;<\/p>\n<div dir=\"auto\"><\/div>\n<div dir=\"auto\"><strong>Date of Death:<\/strong> September 18, 1970<\/div>\n<p>&nbsp;<\/p>\n<div dir=\"auto\"><\/div>\n<\/div>\n<div class=\"cxmmr5t8 oygrvhab hcukyx3x c1et5uql o9v6fnle ii04i59q\" style=\"text-align: justify;\">\n<div dir=\"auto\"><strong>Biography:<\/strong><\/div>\n<p>&nbsp;<\/p>\n<div dir=\"auto\"><\/div>\n<div dir=\"auto\">Born in Seattle, Washington, to a diverse African-American family that also had Cherokee roots, he began playing guitar at age 15. In 1961, he enlisted in the United States Army as a paratrooper in the 101st Airborne Division and graduated the following year.<\/div>\n<p>&nbsp;<\/p>\n<div dir=\"auto\"><\/div>\n<\/div>\n<div class=\"cxmmr5t8 oygrvhab hcukyx3x c1et5uql o9v6fnle ii04i59q\" style=\"text-align: justify;\">\n<div dir=\"auto\">Shortly thereafter, he moved to Clarksville, Tennessee, and began playing a few gigs known as the Chitlin &#8216;Circuit, where he landed a niche playing as a backing musician for The Isley Brothers and later for Little Richard, with whom he continued until mid-1965. He later went on to play with Curtis Knight and The Squires before moving to England in late 1966 thanks to Linda Keith, who also caught the attention of The Animals bassist Chas Chandler to become his manager.<\/div>\n<p>&nbsp;<\/p>\n<div dir=\"auto\"><\/div>\n<\/div>\n<div class=\"cxmmr5t8 oygrvhab hcukyx3x c1et5uql o9v6fnle ii04i59q\" style=\"text-align: justify;\">\n<div dir=\"auto\">Within months, Hendrix had already scored three UK Top 10 singles with his band The Jimi Hendrix Experience: &#8220;Hey Joe,&#8221; &#8220;Purple Haze,&#8221; and &#8220;The Wind Cries Mary.&#8221; He rose to fame in the United States after his performance at the Monterrey Pop Festival in 1967. The following year, in 1968, his third studio album Electric Ladyland, reached the top of the US chart; it was his biggest and only number one commercial success in that country. At the time he was the highest paid artist for his concert at the Woodstock Festival (1969) and the Isle of Wight Festival (1970), before his death from ingestion of barbiturates on September 18, 1970 at the age of 27. age.<\/div>\n<div dir=\"auto\"><\/div>\n<p>&nbsp;<\/p>\n<\/div>\n<div class=\"cxmmr5t8 oygrvhab hcukyx3x c1et5uql o9v6fnle ii04i59q\" style=\"text-align: justify;\">\n<div dir=\"auto\">Hendrix&#8217;s musical influences were inspired by American rock and roll and electric blues. He is known for using amps with distortion, high volume and gain, and he was an innovator in taking advantage of the feedback generated by the guitar. He also helped popularize the use of the wah-wah pedal and was the first to use stereophonic phaser effects in his recordings. Holly George-Warren of Rolling Stone magazine commented: \u201cHendrix pioneered the use of the instrument as an electronic sound source.<\/div>\n<p>&nbsp;<\/p>\n<div dir=\"auto\"><\/div>\n<\/div>\n<div class=\"cxmmr5t8 oygrvhab hcukyx3x c1et5uql o9v6fnle ii04i59q\" style=\"text-align: justify;\">\n<div dir=\"auto\">Guitarists before him had experimented with coupling and distortion, but Hendrix turned those effects and others into a controlled, fluid vocabulary just as personal as the blues he started with. &#8220;<\/div>\n<div dir=\"auto\"><\/div>\n<p>&nbsp;<\/p>\n<\/div>\n<div class=\"cxmmr5t8 oygrvhab hcukyx3x c1et5uql o9v6fnle ii04i59q\" style=\"text-align: justify;\">\n<div dir=\"auto\"><strong>Discography<\/strong><\/div>\n<p>&nbsp;<\/p>\n<div dir=\"auto\"><\/div>\n<\/div>\n<table width=\"436\">\n<tbody>\n<tr>\n<td style=\"text-align: center;\" width=\"82\"><strong>G\u00e9nero Blues rock, \u200erock psicod\u00e9lico<\/strong><\/td>\n<td style=\"text-align: center;\" width=\"257\"><strong>Escuchar Tema<\/strong><\/td>\n<td style=\"text-align: center;\" width=\"97\"><strong>A\u00f1o de Publicaci\u00f3n<\/strong><\/td>\n<\/tr>\n<tr>\n<td><\/td>\n<td><\/td>\n<td><\/td>\n<\/tr>\n<tr>\n<td>1<\/td>\n<td>The Cry of Love<\/td>\n<td>1971<\/td>\n<\/tr>\n<tr>\n<td>2<\/td>\n<td>Rainbow Bridge<\/td>\n<td>1971<\/td>\n<\/tr>\n<tr>\n<td>3<\/td>\n<td>War Heroes<\/td>\n<td>1972<\/td>\n<\/tr>\n<tr>\n<td>4<\/td>\n<td>Loose Ends<\/td>\n<td>1974<\/td>\n<\/tr>\n<tr>\n<td>5<\/td>\n<td>Crash Landing<\/td>\n<td>1975<\/td>\n<\/tr>\n<tr>\n<td>6<\/td>\n<td>Midnight Lightning<\/td>\n<td>1975<\/td>\n<\/tr>\n<tr>\n<td>7<\/td>\n<td>Nine to the Universe<\/td>\n<td>1980<\/td>\n<\/tr>\n<tr>\n<td>8<\/td>\n<td>Radio One<\/td>\n<td>1988<\/td>\n<\/tr>\n<tr>\n<td>9<\/td>\n<td>First Rays of the New Rising Sun<\/td>\n<td>1997<\/td>\n<\/tr>\n<tr>\n<td>10<\/td>\n<td>South Saturn Delta<\/td>\n<td>1997<\/td>\n<\/tr>\n<tr>\n<td>11<\/td>\n<td>Valleys of Neptune<\/td>\n<td>2010<\/td>\n<\/tr>\n<tr>\n<td>12<\/td>\n<td>People, Hell and Angels<\/td>\n<td>2013<\/td>\n<\/tr>\n<tr>\n<td>13<\/td>\n<td>Both Sides of the Sky<\/td>\n<td>2018<\/td>\n<\/tr>\n<tr>\n<td>14<\/td>\n<td>Live in Maui<\/td>\n<td>2020<\/td>\n<\/tr>\n<tr>\n<td><\/td>\n<td><\/td>\n<td><\/td>\n<\/tr>\n<\/tbody>\n<\/table>\n<div class=\"cxmmr5t8 oygrvhab hcukyx3x c1et5uql o9v6fnle ii04i59q\" style=\"text-align: justify;\">\n<div dir=\"auto\">Cr\u00e9ditos tomados de Wikipedia:<\/div>\n<div dir=\"auto\"><a class=\"oajrlxb2 g5ia77u1 qu0x051f esr5mh6w e9989ue4 r7d6kgcz rq0escxv nhd2j8a9 nc684nl6 p7hjln8o kvgmc6g5 cxmmr5t8 oygrvhab hcukyx3x jb3vyjys rz4wbd8a qt6c0cv9 a8nywdso i1ao9s8h esuyzwwr f1sip0of lzcic4wl gpro0wi8 py34i1dx\" tabindex=\"0\" role=\"link\" href=\"https:\/\/l.facebook.com\/l.php?u=https%3A%2F%2Fes.wikipedia.org%2Fwiki%2FJimi_Hendrix%3Ffbclid%3DIwAR0jL0k0pBOD6R9pyFM-IPkz7KZ988hXR2JWpGv7Nxvknc1Y8vPDWuq09zQ&amp;h=AT2S_ILzO6Sc4eHGJ5Pbeo-A5ENAcKPjTp9FyfDEM9VtNRTKzpDtGsxuppKK74pTgMPvsau1UshJcqiV61q4_Y_v7KrFHVoQ9d1D4CdLZsTd_PMdZubDKzgdFKZLgYyqeDyB&amp;__tn__=-UK-R&amp;c[0]=AT3D-hLlFFzV0JTC97MgPnYKYUrrOPZOeZmdalEoDa-rgRzuFMGezcEJx0s1oTDSx5hdY0pd03o0ZDLww2tC3bDoUp_vPrc6hpQ68vrqrr13YH3M1FFfWD7jfqeexRwnDfDZrKdWAoS1Ni8fvk4xiXDtgpDCU5tYjlR55w\" target=\"_blank\" rel=\"nofollow noopener\">https:\/\/es.wikipedia.org\/wiki\/Jimi_Hendrix<\/a><\/div>\n<div dir=\"auto\"><\/div>\n<\/div>\n<div class=\"epyt-video-wrapper\"><iframe loading=\"lazy\"  id=\"_ytid_95865\"  width=\"618\" height=\"347\"  data-origwidth=\"618\" data-origheight=\"347\" src=\"https:\/\/www.youtube.com\/embed\/bMIeu3S5hoE?enablejsapi=1&#038;autoplay=0&#038;cc_load_policy=0&#038;cc_lang_pref=&#038;iv_load_policy=1&#038;loop=0&#038;modestbranding=0&#038;rel=1&#038;fs=1&#038;playsinline=0&#038;autohide=2&#038;theme=dark&#038;color=red&#038;controls=1&#038;\" class=\"__youtube_prefs__  epyt-is-override  no-lazyload\" title=\"YouTube player\"  allow=\"fullscreen; accelerometer; autoplay; clipboard-write; encrypted-media; gyroscope; picture-in-picture\" allowfullscreen data-no-lazy=\"1\" data-skipgform_ajax_framebjll=\"\"><\/iframe><\/div>\n","protected":false},"excerpt":{"rendered":"<p>&nbsp; Fecha de Nacimiento: 27 de noviembre de 1942 &nbsp; Fecha de Fallecimiento: 18 de septiembre de 1970 &nbsp; Biograf\u00eda: &nbsp; Nacido en Seattle, Washington, en una diversa familia afroestadounidense que contaba adem\u00e1s con ra\u00edces cheroquis, comenz\u00f3 a tocar la guitarra a los 15 a\u00f1os. En 1961, se enrol\u00f3 en el ej\u00e9rcito de los Estados &hellip;<\/p>\n","protected":false},"author":1,"featured_media":0,"parent":0,"menu_order":0,"comment_status":"closed","ping_status":"closed","template":"","meta":{"footnotes":""},"class_list":["post-28903","page","type-page","status-publish",""],"jetpack_sharing_enabled":true,"_links":{"self":[{"href":"https:\/\/mickyandoniehn.com\/radio\/wp-json\/wp\/v2\/pages\/28903","targetHints":{"allow":["GET"]}}],"collection":[{"href":"https:\/\/mickyandoniehn.com\/radio\/wp-json\/wp\/v2\/pages"}],"about":[{"href":"https:\/\/mickyandoniehn.com\/radio\/wp-json\/wp\/v2\/types\/page"}],"author":[{"embeddable":true,"href":"https:\/\/mickyandoniehn.com\/radio\/wp-json\/wp\/v2\/users\/1"}],"replies":[{"embeddable":true,"href":"https:\/\/mickyandoniehn.com\/radio\/wp-json\/wp\/v2\/comments?post=28903"}],"version-history":[{"count":2,"href":"https:\/\/mickyandoniehn.com\/radio\/wp-json\/wp\/v2\/pages\/28903\/revisions"}],"predecessor-version":[{"id":30290,"href":"https:\/\/mickyandoniehn.com\/radio\/wp-json\/wp\/v2\/pages\/28903\/revisions\/30290"}],"wp:attachment":[{"href":"https:\/\/mickyandoniehn.com\/radio\/wp-json\/wp\/v2\/media?parent=28903"}],"curies":[{"name":"wp","href":"https:\/\/api.w.org\/{rel}","templated":true}]}}