{"id":28893,"date":"2022-08-26T12:35:48","date_gmt":"2022-08-26T18:35:48","guid":{"rendered":"https:\/\/mickyandoniehn.com\/radio\/?page_id=28893"},"modified":"2022-09-01T09:42:14","modified_gmt":"2022-09-01T15:42:14","slug":"donald-duck-dunn","status":"publish","type":"page","link":"https:\/\/mickyandoniehn.com\/radio\/donald-duck-dunn\/","title":{"rendered":"Donald &#8220;Duck&#8221; Dunn"},"content":{"rendered":"<p style=\"text-align: justify;\"><img loading=\"lazy\" decoding=\"async\" class=\" wp-image-23713 aligncenter\" src=\"http:\/\/mickyandoniehn.com\/radio\/wp-content\/uploads\/2022\/07\/Donald-Dunn-261x300.jpg\" alt=\"\" width=\"572\" height=\"658\" srcset=\"https:\/\/mickyandoniehn.com\/radio\/wp-content\/uploads\/2022\/07\/Donald-Dunn-261x300.jpg 261w, https:\/\/mickyandoniehn.com\/radio\/wp-content\/uploads\/2022\/07\/Donald-Dunn.jpg 563w\" sizes=\"auto, (max-width: 572px) 100vw, 572px\" \/><\/p>\n<p>&nbsp;<\/p>\n<div class=\"cxmmr5t8 oygrvhab hcukyx3x c1et5uql o9v6fnle\" style=\"text-align: justify;\">\n<div dir=\"auto\"><strong>Fecha de Nacimiento:<\/strong> 24 de noviembre de 1941<\/div>\n<p>&nbsp;<\/p>\n<div dir=\"auto\"><\/div>\n<div dir=\"auto\"><strong>Fecha de Fallecimiento:<\/strong> 13 de mayo de 2012<\/div>\n<p>&nbsp;<\/p>\n<div dir=\"auto\"><\/div>\n<\/div>\n<div class=\"cxmmr5t8 oygrvhab hcukyx3x c1et5uql o9v6fnle\" style=\"text-align: justify;\">\n<div dir=\"auto\"><strong>Biograf\u00eda<\/strong><\/div>\n<p>&nbsp;<\/p>\n<div dir=\"auto\"><\/div>\n<div dir=\"auto\">Nacido en Memphis, en 1941, Donald debe su apodo a su padre, que llamaba a su hijo \u00abPato\u00bb por su afici\u00f3n al personaje de Disney Donald Duck. Sin precedentes musicales en su familia (su padre era fabricante de caramelos y se opon\u00eda firmemente a que el joven iniciase su carrera como m\u00fasico), Donald comenz\u00f3 a trabajar en la f\u00e1brica de su padre, pero con 16 a\u00f1os comenz\u00f3 a tocar el bajo.2 Dunn ya tocaba el ukelele desde los 10 a\u00f1os, y hab\u00eda probado la guitarra, pero la encontraba muy complicada.<\/div>\n<p>&nbsp;<\/p>\n<div dir=\"auto\"><\/div>\n<\/div>\n<div class=\"cxmmr5t8 oygrvhab hcukyx3x c1et5uql o9v6fnle\" style=\"text-align: justify;\">\n<div dir=\"auto\">En 1958 Donald compr\u00f3 su primer Fender, un modelo Precision bass.2 Durante sus a\u00f1os de high school forma, con su amigo Steve Crooper, The Royal Spades, la primera banda de m\u00fasicos blancos de Memphis en la que dejaban sentir claramente las influencias de m\u00fasicos negros BB King, Ray Charles o Chuck Berry. La banda fue rebautizada como The Mar-Keys, y cuando Crooper fue contratado como m\u00fasico de sesi\u00f3n a tiempo completo por el sello Stax, llam\u00f3 enseguida a Dunn para pasar a integrar la Booker T&#8217;s MGs, la banda encargada de grabar con pr\u00e1cticamente todos los artistas del sello<\/div>\n<p>&nbsp;<\/p>\n<div dir=\"auto\"><\/div>\n<\/div>\n<div class=\"cxmmr5t8 oygrvhab hcukyx3x c1et5uql o9v6fnle\" style=\"text-align: justify;\">\n<div dir=\"auto\">Durante su estancia en Booker T &amp; The MGs Dunn no s\u00f3lo grab\u00f3 discos acompa\u00f1ando a otros artistas, sino que tambi\u00e9n edit\u00f3 discos a nombre de la banda. En 1980 aparece, junto a su amigo de toda la vida Steve Crooper como miembro de la Blues Brothers Band, la banda que aparec\u00eda en el famoso film de John Belushi y Dan Aykroyd y con quien efectuar\u00eda numerosas giras posteriormente.<\/div>\n<p>&nbsp;<\/p>\n<div dir=\"auto\"><\/div>\n<\/div>\n<div class=\"cxmmr5t8 oygrvhab hcukyx3x c1et5uql o9v6fnle\" style=\"text-align: justify;\">\n<div dir=\"auto\">Desde 1992 Donald Duck Dunn es, como todos los miembros de Booker T &amp; The MGs, miembro del Rock&#8217;n&#8217;Roll Hall Of Fame. En 2007 todos los miembros del grupo recibieron un Grammy en reconocimiento a su obra.<\/div>\n<div dir=\"auto\"><\/div>\n<p>&nbsp;<\/p>\n<\/div>\n<div class=\"cxmmr5t8 oygrvhab hcukyx3x c1et5uql o9v6fnle\" style=\"text-align: justify;\">\n<div dir=\"auto\"><strong>Wikipedia in English<\/strong><\/div>\n<p>&nbsp;<\/p>\n<div dir=\"auto\"><\/div>\n<\/div>\n<div class=\"cxmmr5t8 oygrvhab hcukyx3x c1et5uql o9v6fnle\" style=\"text-align: justify;\">\n<div dir=\"auto\"><strong>Date of Birth:<\/strong> November 24, 1941<\/div>\n<p>&nbsp;<\/p>\n<div dir=\"auto\"><\/div>\n<div dir=\"auto\"><strong>Date of Death:<\/strong> May 13, 2012<\/div>\n<p>&nbsp;<\/p>\n<div dir=\"auto\"><\/div>\n<\/div>\n<div class=\"cxmmr5t8 oygrvhab hcukyx3x c1et5uql o9v6fnle\" style=\"text-align: justify;\">\n<div dir=\"auto\"><strong>Biography<\/strong><\/div>\n<p>&nbsp;<\/p>\n<div dir=\"auto\"><\/div>\n<div dir=\"auto\">Born in Memphis in 1941, Donald owes his nickname to his father, who called his son &#8220;Duck&#8221; because of his fondness for the Disney character Donald Duck. With no musical precedents in his family (his father was a candy maker and was strongly opposed to the young man starting his career as a musician), Donald began working in his father&#8217;s factory, but at the age of 16 he began to play bass. Dunn had been playing ukulele since he was 10 years old, and had tried the guitar, but found it very complicated.<\/div>\n<p>&nbsp;<\/p>\n<div dir=\"auto\"><\/div>\n<\/div>\n<div class=\"cxmmr5t8 oygrvhab hcukyx3x c1et5uql o9v6fnle\" style=\"text-align: justify;\">\n<div dir=\"auto\">In 1958 Donald bought his first Fender, a Precision bass model. During his high school years, with his friend Steve Crooper, The Royal Spades, the first white band of Memphis musicians in which the influences of musicians were clearly felt. black BB King, Ray Charles or Chuck Berry. The band was renamed The Mar-Keys, and when Crooper was hired as a full-time session musician by the Stax label, he immediately called Dunn to join Booker T&#8217;s MGs, the band in charge of recording with virtually all artists of the seal.<\/div>\n<p>&nbsp;<\/p>\n<div dir=\"auto\"><\/div>\n<\/div>\n<div class=\"cxmmr5t8 oygrvhab hcukyx3x c1et5uql o9v6fnle\" style=\"text-align: justify;\">\n<div dir=\"auto\">During his stay at Booker T &amp; The MGs Dunn not only recorded records accompanying other artists, but also released records on behalf of the band. In 1980 he appeared, along with his lifelong friend Steve Crooper, as a member of the Blues Brothers Band, the band that appeared in the famous film by John Belushi and Dan Aykroyd and with whom he would make numerous tours later.<\/div>\n<p>&nbsp;<\/p>\n<div dir=\"auto\"><\/div>\n<\/div>\n<div class=\"cxmmr5t8 oygrvhab hcukyx3x c1et5uql o9v6fnle\" style=\"text-align: justify;\">\n<div dir=\"auto\">Since 1992 Donald Duck Dunn is, like all members of Booker T &amp; The MGs, a member of the Rock&#8217;n&#8217;Roll Hall Of Fame. In 2007 all the members of the group received a Grammy in recognition of his work.<\/div>\n<\/div>\n<p>&nbsp;<\/p>\n<div class=\"cxmmr5t8 oygrvhab hcukyx3x c1et5uql o9v6fnle\" style=\"text-align: justify;\">\n<div dir=\"auto\">\n<p><strong>Discograf\u00eda\u00a0\u00a0<\/strong><\/p>\n<table width=\"553\">\n<tbody>\n<tr>\n<td style=\"text-align: center;\" width=\"82\"><strong>G\u00e9nero Soul, blues, R&amp;B<\/strong><\/td>\n<td style=\"text-align: center;\" width=\"374\"><strong>Escuchar Tema<\/strong><\/td>\n<td style=\"text-align: center;\" width=\"97\"><strong>A\u00f1o de Publicaci\u00f3n<\/strong><\/td>\n<\/tr>\n<tr>\n<td><\/td>\n<td><\/td>\n<td><\/td>\n<\/tr>\n<tr>\n<td>1<\/td>\n<td>Booker T &amp; The MGs ( Soul Dressing )<\/td>\n<td>1965<\/td>\n<\/tr>\n<tr>\n<td>2<\/td>\n<td>Booker T &amp; The MGs ( En el esp\u00edritu navide\u00f1o)<\/td>\n<td>1966<\/td>\n<\/tr>\n<tr>\n<td>3<\/td>\n<td>Booker T y los MG (y ahora \u2026 Booker T y los MG)<\/td>\n<td>1966<\/td>\n<\/tr>\n<tr>\n<td>4<\/td>\n<td>Booker T y los MG ( Hip Hug-Her )<\/td>\n<td>1967<\/td>\n<\/tr>\n<tr>\n<td>5<\/td>\n<td>Booker T y los MG (Uptight)<\/td>\n<td>1968<\/td>\n<\/tr>\n<tr>\n<td>6<\/td>\n<td>Booker T &amp; The MGs (Lo mejor de Booker T &amp; The MGs)<\/td>\n<td>1968<\/td>\n<\/tr>\n<tr>\n<td>7<\/td>\n<td>Booker T &amp; The MGs ( Doin &#8216;Our Thing)<\/td>\n<td>1968<\/td>\n<\/tr>\n<tr>\n<td>8<\/td>\n<td>Booker T y los MG ( Soul Limbo)<\/td>\n<td>1968<\/td>\n<\/tr>\n<tr>\n<td>9<\/td>\n<td>Booker T y los MG ( The Booker T. Set)<\/td>\n<td>1969<\/td>\n<\/tr>\n<tr>\n<td>10<\/td>\n<td>Booker T y los MG ( Mclemore Avenue)<\/td>\n<td>1970<\/td>\n<\/tr>\n<tr>\n<td>11<\/td>\n<td>Booker T &amp; The MGs ( Melting Pot)<\/td>\n<td>1971<\/td>\n<\/tr>\n<tr>\n<td>12<\/td>\n<td>MG (Los MG)<\/td>\n<td>1973<\/td>\n<\/tr>\n<tr>\n<td>13<\/td>\n<td>Booker T &amp; The MGs (Lo mejor de Booker T &amp; The MG)<\/td>\n<td>1986<\/td>\n<\/tr>\n<tr>\n<td>14<\/td>\n<td>Booker T y los MG (Hip Hug-Her)<\/td>\n<td>1992<\/td>\n<\/tr>\n<tr>\n<td>15<\/td>\n<td>Booker T y los MG (y ahora &#8230; Booker T y los MG)<\/td>\n<td>1992<\/td>\n<\/tr>\n<tr>\n<td>16<\/td>\n<td>Booker T &amp; The MGs (Doin &#8216;Our Thing,)<\/td>\n<td>1992<\/td>\n<\/tr>\n<tr>\n<td>17<\/td>\n<td>Booker T &amp; The MGs (Lo mejor de Booker T &amp; The MGs)<\/td>\n<td>1994<\/td>\n<\/tr>\n<tr>\n<td>18<\/td>\n<td>Booker T &amp; The MGs ( As\u00ed deber\u00eda ser)<\/td>\n<td>1994<\/td>\n<\/tr>\n<tr>\n<td>19<\/td>\n<td>Booker T y los MG (Time Is Tight)<\/td>\n<td>1998<\/td>\n<\/tr>\n<tr>\n<td>20<\/td>\n<td>Booker T y los MG (Soul Men)<\/td>\n<td>2003<\/td>\n<\/tr>\n<tr>\n<td><\/td>\n<td><\/td>\n<td><\/td>\n<\/tr>\n<\/tbody>\n<\/table>\n<p>&nbsp;<\/p>\n<\/div>\n<\/div>\n<div class=\"cxmmr5t8 oygrvhab hcukyx3x c1et5uql o9v6fnle\" style=\"text-align: justify;\">\n<div dir=\"auto\">Cr\u00e9ditos tomados de Wikipedia:<\/div>\n<div dir=\"auto\"><a class=\"oajrlxb2 g5ia77u1 qu0x051f esr5mh6w e9989ue4 r7d6kgcz rq0escxv nhd2j8a9 nc684nl6 p7hjln8o kvgmc6g5 cxmmr5t8 oygrvhab hcukyx3x jb3vyjys rz4wbd8a qt6c0cv9 a8nywdso i1ao9s8h esuyzwwr f1sip0of lzcic4wl gpro0wi8 py34i1dx\" tabindex=\"0\" role=\"link\" href=\"https:\/\/l.facebook.com\/l.php?u=https%3A%2F%2Fes.wikipedia.org%2Fwiki%2FDonald_%2522Duck%2522_Dunn%3Ffbclid%3DIwAR0ut2N4u8b2IQrlUjscFzNVX9J9-xvq51mTeJjl4HORzIgPl6ge7R88JH8&amp;h=AT2sKwfxWqQZalAsL6KH5ncOJGtaTEVYXmhXz5iMKpfxrktyypNPFxoXI2kDsdWuhLDroBg1BA-OXEkwuDHPjVM8RyfZb4G-sqXSjnMu9Mv2vDH-Dc6S0avg9hLEgZHdasDd&amp;__tn__=-UK-R\" target=\"_blank\" rel=\"nofollow noopener\">https:\/\/es.wikipedia.org\/wiki\/Donald_%22Duck%22_Dunn<\/a><\/div>\n<div dir=\"auto\"><\/div>\n<\/div>\n<div class=\"epyt-video-wrapper\"><iframe loading=\"lazy\"  id=\"_ytid_97825\"  width=\"618\" height=\"347\"  data-origwidth=\"618\" data-origheight=\"347\" src=\"https:\/\/www.youtube.com\/embed\/P8h4o2JHxOc?enablejsapi=1&#038;autoplay=0&#038;cc_load_policy=0&#038;cc_lang_pref=&#038;iv_load_policy=1&#038;loop=0&#038;modestbranding=0&#038;rel=1&#038;fs=1&#038;playsinline=0&#038;autohide=2&#038;theme=dark&#038;color=red&#038;controls=1&#038;\" class=\"__youtube_prefs__  epyt-is-override  no-lazyload\" title=\"YouTube player\"  allow=\"fullscreen; accelerometer; autoplay; clipboard-write; encrypted-media; gyroscope; picture-in-picture\" allowfullscreen data-no-lazy=\"1\" data-skipgform_ajax_framebjll=\"\"><\/iframe><\/div>\n","protected":false},"excerpt":{"rendered":"<p>&nbsp; Fecha de Nacimiento: 24 de noviembre de 1941 &nbsp; Fecha de Fallecimiento: 13 de mayo de 2012 &nbsp; Biograf\u00eda &nbsp; Nacido en Memphis, en 1941, Donald debe su apodo a su padre, que llamaba a su hijo \u00abPato\u00bb por su afici\u00f3n al personaje de Disney Donald Duck. Sin precedentes musicales en su familia (su &hellip;<\/p>\n","protected":false},"author":1,"featured_media":0,"parent":0,"menu_order":0,"comment_status":"closed","ping_status":"closed","template":"","meta":{"footnotes":""},"class_list":["post-28893","page","type-page","status-publish",""],"jetpack_sharing_enabled":true,"_links":{"self":[{"href":"https:\/\/mickyandoniehn.com\/radio\/wp-json\/wp\/v2\/pages\/28893","targetHints":{"allow":["GET"]}}],"collection":[{"href":"https:\/\/mickyandoniehn.com\/radio\/wp-json\/wp\/v2\/pages"}],"about":[{"href":"https:\/\/mickyandoniehn.com\/radio\/wp-json\/wp\/v2\/types\/page"}],"author":[{"embeddable":true,"href":"https:\/\/mickyandoniehn.com\/radio\/wp-json\/wp\/v2\/users\/1"}],"replies":[{"embeddable":true,"href":"https:\/\/mickyandoniehn.com\/radio\/wp-json\/wp\/v2\/comments?post=28893"}],"version-history":[{"count":2,"href":"https:\/\/mickyandoniehn.com\/radio\/wp-json\/wp\/v2\/pages\/28893\/revisions"}],"predecessor-version":[{"id":30193,"href":"https:\/\/mickyandoniehn.com\/radio\/wp-json\/wp\/v2\/pages\/28893\/revisions\/30193"}],"wp:attachment":[{"href":"https:\/\/mickyandoniehn.com\/radio\/wp-json\/wp\/v2\/media?parent=28893"}],"curies":[{"name":"wp","href":"https:\/\/api.w.org\/{rel}","templated":true}]}}