{"id":28854,"date":"2022-08-26T12:24:41","date_gmt":"2022-08-26T18:24:41","guid":{"rendered":"https:\/\/mickyandoniehn.com\/radio\/?page_id=28854"},"modified":"2022-09-01T11:42:51","modified_gmt":"2022-09-01T17:42:51","slug":"nicole-croisille","status":"publish","type":"page","link":"https:\/\/mickyandoniehn.com\/radio\/nicole-croisille\/","title":{"rendered":"Nicole Croisille"},"content":{"rendered":"<p style=\"text-align: justify;\"><img loading=\"lazy\" decoding=\"async\" class=\" wp-image-23643 aligncenter\" src=\"http:\/\/mickyandoniehn.com\/radio\/wp-content\/uploads\/2022\/07\/Nicole-Croisille-216x300.jpg\" alt=\"\" width=\"500\" height=\"695\" srcset=\"https:\/\/mickyandoniehn.com\/radio\/wp-content\/uploads\/2022\/07\/Nicole-Croisille-216x300.jpg 216w, https:\/\/mickyandoniehn.com\/radio\/wp-content\/uploads\/2022\/07\/Nicole-Croisille.jpg 540w\" sizes=\"auto, (max-width: 500px) 100vw, 500px\" \/><\/p>\n<p>&nbsp;<\/p>\n<div class=\"cxmmr5t8 oygrvhab hcukyx3x c1et5uql o9v6fnle ii04i59q\" style=\"text-align: justify;\">\n<div dir=\"auto\"><strong>Fecha de Nacimiento:<\/strong> 9 de octubre de 1936<\/div>\n<p>&nbsp;<\/p>\n<div dir=\"auto\"><\/div>\n<\/div>\n<div class=\"cxmmr5t8 oygrvhab hcukyx3x c1et5uql o9v6fnle ii04i59q\" style=\"text-align: justify;\">\n<div dir=\"auto\"><strong>Biografia<\/strong><\/div>\n<p>&nbsp;<\/p>\n<div dir=\"auto\"><\/div>\n<div dir=\"auto\">Es una cantante y actriz francesa . Ha aparecido en 24 pel\u00edculas entre 1961 y 2005 y ha grabado \u00e1lbumes desde 1961.<\/div>\n<p>&nbsp;<\/p>\n<div dir=\"auto\"><\/div>\n<\/div>\n<div class=\"cxmmr5t8 oygrvhab hcukyx3x c1et5uql o9v6fnle ii04i59q\" style=\"text-align: justify;\">\n<div dir=\"auto\">Quiz\u00e1s su trabajo m\u00e1s escuchado est\u00e1 en la banda sonora de la pel\u00edcula de 1966 Un hombre y una mujer (Un homme et Une Femme). Cant\u00f3 un solo, &#8220;Today It&#8217;s You&#8221;, y realiz\u00f3 un dueto con Pierre Barouh en varios otros temas.<\/div>\n<p>&nbsp;<\/p>\n<div dir=\"auto\"><\/div>\n<\/div>\n<div class=\"cxmmr5t8 oygrvhab hcukyx3x c1et5uql o9v6fnle ii04i59q\" style=\"text-align: justify;\">\n<div dir=\"auto\">Croisille intent\u00f3 representar a Francia en el Festival de la Canci\u00f3n de Eurovisi\u00f3n 1974 con las canciones Tu m&#8217;avais dit y Je t&#8217;aime un point c&#8217;est tout , pero Dani fue seleccionada en su lugar, aunque no particip\u00f3 debido a la muerte de Georges Pompidou . en la semana del concurso. Sus discos m\u00e1s conocidos son I&#8217;ll Never Leave You ; Tel\u00e9fono-Moi ; Une Femme avec Toi ; J&#8217;ai besoin de Toi, J&#8217;ai besoin de Lui ; y Parlez-moi de Lui.<\/div>\n<p>&nbsp;<\/p>\n<div dir=\"auto\"><\/div>\n<\/div>\n<div class=\"cxmmr5t8 oygrvhab hcukyx3x c1et5uql o9v6fnle ii04i59q\" style=\"text-align: justify;\">\n<div dir=\"auto\">Ella sufre de la enfermedad de Meni\u00e8re .<\/div>\n<p>&nbsp;<\/p>\n<div dir=\"auto\"><\/div>\n<div dir=\"auto\">Su sencillo &#8220;Woman in Your Arms&#8221; alcanz\u00f3 el puesto 71 en Australia en mayo de 1976.<\/div>\n<p>&nbsp;<\/p>\n<\/div>\n<div dir=\"auto\" style=\"text-align: justify;\"><\/div>\n<div dir=\"auto\" style=\"text-align: justify;\"><strong>Date of Birth:<\/strong> October 9, 1936<\/div>\n<p>&nbsp;<\/p>\n<div dir=\"auto\"><\/div>\n<div dir=\"auto\" style=\"text-align: justify;\"><strong>Biography<\/strong><\/div>\n<p>&nbsp;<\/p>\n<div dir=\"auto\"><\/div>\n<div dir=\"auto\" style=\"text-align: justify;\">Is a French singer and actress. He has appeared in 24 films between 1961 and 2005 and has recorded albums since 1961.<br \/>\nPerhaps his most listened to work is on the soundtrack of the 1966 film A Man and a Woman (Un homme et Une Femme). He sang a solo, &#8220;Today It&#8217;s You&#8221;, and duetted with Pierre Barouh on several other tracks.<\/div>\n<div dir=\"auto\" style=\"text-align: justify;\">Croisille attempted to represent France in the Eurovision Song Contest 1974 with the songs Tu m&#8217;avais dit and Je t&#8217;aime un point c&#8217;est tout, but Dani was selected instead, although she did not participate due to the death of Croisille. Georges Pompidou. in the week of the contest. His best-known albums are I&#8217;ll Never Leave You; Phone-Moi ; Une Femme avec Toi; J&#8217;ai besoin de Toi, J&#8217;ai besoin de Lui; and Lui&#8217;s Parlez-moi. These are on YouTube.<\/div>\n<p>&nbsp;<\/p>\n<div dir=\"auto\" style=\"text-align: justify;\">She suffers from Meni\u00e8re&#8217;s disease.<\/div>\n<div dir=\"auto\" style=\"text-align: justify;\">Her single &#8220;Woman in Your Arms&#8221; reached number 71 in Australia in May 1976.<\/div>\n<p>&nbsp;<\/p>\n<div dir=\"auto\"><\/div>\n<div dir=\"auto\" style=\"text-align: justify;\"><strong>Discography<\/strong><\/div>\n<p>&nbsp;<\/p>\n<div dir=\"auto\"><\/div>\n<div dir=\"auto\">\n<div dir=\"auto\" style=\"text-align: justify;\">\n<table width=\"571\">\n<tbody>\n<tr>\n<td style=\"text-align: center;\" width=\"99\"><strong>G\u00e9nero Canci\u00f3n francesa, \u200emusical<\/strong><\/td>\n<td style=\"text-align: center;\" width=\"472\"><strong>Escuchar Tema<\/strong><\/td>\n<\/tr>\n<tr>\n<td><\/td>\n<td><\/td>\n<\/tr>\n<tr>\n<td>1<\/td>\n<td>De Vous A Moi<\/td>\n<\/tr>\n<tr>\n<td>2<\/td>\n<td>\u00a0Nougaro le Jazz et Moi<\/td>\n<\/tr>\n<tr>\n<td>3<\/td>\n<td>Jazzille<\/td>\n<\/tr>\n<tr>\n<td>4<\/td>\n<td>Ifiniment D&#8217;amour<\/td>\n<\/tr>\n<tr>\n<td>5<\/td>\n<td>Les Plus Grands Succes de Nicole Croisille<\/td>\n<\/tr>\n<tr>\n<td>6<\/td>\n<td>Les Plus Grand Succes De<\/td>\n<\/tr>\n<tr>\n<td>7<\/td>\n<td>\u00a0Meilleur de Nicole<\/td>\n<\/tr>\n<tr>\n<td>8<\/td>\n<td>Bossa d&#8217;Hiver<\/td>\n<\/tr>\n<tr>\n<td><\/td>\n<td><\/td>\n<\/tr>\n<\/tbody>\n<\/table>\n<\/div>\n<\/div>\n<div dir=\"auto\">\n<div dir=\"auto\" style=\"text-align: justify;\"><\/div>\n<\/div>\n","protected":false},"excerpt":{"rendered":"<p>&nbsp; Fecha de Nacimiento: 9 de octubre de 1936 &nbsp; Biografia &nbsp; Es una cantante y actriz francesa . Ha aparecido en 24 pel\u00edculas entre 1961 y 2005 y ha grabado \u00e1lbumes desde 1961. &nbsp; Quiz\u00e1s su trabajo m\u00e1s escuchado est\u00e1 en la banda sonora de la pel\u00edcula de 1966 Un hombre y una mujer &hellip;<\/p>\n","protected":false},"author":1,"featured_media":0,"parent":0,"menu_order":0,"comment_status":"closed","ping_status":"closed","template":"","meta":{"footnotes":""},"class_list":["post-28854","page","type-page","status-publish",""],"jetpack_sharing_enabled":true,"_links":{"self":[{"href":"https:\/\/mickyandoniehn.com\/radio\/wp-json\/wp\/v2\/pages\/28854","targetHints":{"allow":["GET"]}}],"collection":[{"href":"https:\/\/mickyandoniehn.com\/radio\/wp-json\/wp\/v2\/pages"}],"about":[{"href":"https:\/\/mickyandoniehn.com\/radio\/wp-json\/wp\/v2\/types\/page"}],"author":[{"embeddable":true,"href":"https:\/\/mickyandoniehn.com\/radio\/wp-json\/wp\/v2\/users\/1"}],"replies":[{"embeddable":true,"href":"https:\/\/mickyandoniehn.com\/radio\/wp-json\/wp\/v2\/comments?post=28854"}],"version-history":[{"count":3,"href":"https:\/\/mickyandoniehn.com\/radio\/wp-json\/wp\/v2\/pages\/28854\/revisions"}],"predecessor-version":[{"id":30437,"href":"https:\/\/mickyandoniehn.com\/radio\/wp-json\/wp\/v2\/pages\/28854\/revisions\/30437"}],"wp:attachment":[{"href":"https:\/\/mickyandoniehn.com\/radio\/wp-json\/wp\/v2\/media?parent=28854"}],"curies":[{"name":"wp","href":"https:\/\/api.w.org\/{rel}","templated":true}]}}