{"id":28719,"date":"2022-08-26T11:45:19","date_gmt":"2022-08-26T17:45:19","guid":{"rendered":"https:\/\/mickyandoniehn.com\/radio\/?page_id=28719"},"modified":"2022-09-01T10:40:03","modified_gmt":"2022-09-01T16:40:03","slug":"jamie-lidell","status":"publish","type":"page","link":"https:\/\/mickyandoniehn.com\/radio\/jamie-lidell\/","title":{"rendered":"Jamie Lidell"},"content":{"rendered":"<p style=\"text-align: justify;\"><img loading=\"lazy\" decoding=\"async\" class=\"wp-image-23292 aligncenter\" src=\"http:\/\/mickyandoniehn.com\/radio\/wp-content\/uploads\/2022\/07\/Jamie-Lidell.jpg\" alt=\"\" width=\"548\" height=\"651\" \/><\/p>\n<p>&nbsp;<\/p>\n<div class=\"cxmmr5t8 oygrvhab hcukyx3x c1et5uql o9v6fnle ii04i59q\" style=\"text-align: justify;\">\n<div dir=\"auto\"><strong>Fecha de Nacimiento:<\/strong> 18 de septiembre de 1973<\/div>\n<p>&nbsp;<\/p>\n<div dir=\"auto\"><\/div>\n<\/div>\n<div class=\"cxmmr5t8 oygrvhab hcukyx3x c1et5uql o9v6fnle ii04i59q\" style=\"text-align: justify;\">\n<div dir=\"auto\"><strong>Biograf\u00eda:<\/strong><\/div>\n<p>&nbsp;<\/p>\n<div dir=\"auto\"><\/div>\n<div dir=\"auto\">Jamie Lidell (nacido Jamie Alexander Lidderdale el 18 de septiembre de 1973, Huntingdon, Cambridgeshire, Inglaterra) es un m\u00fasico ingl\u00e9s y cantante de soul que vive en Nashville, Tennessee.<\/div>\n<p>&nbsp;<\/p>\n<\/div>\n<div class=\"cxmmr5t8 oygrvhab hcukyx3x c1et5uql o9v6fnle ii04i59q\" style=\"text-align: justify;\">\n<div dir=\"auto\">Lidell es conocido por superponer pistas hechas con su voz en un micr\u00f3fono y realizar la percusi\u00f3n y la melod\u00eda como una banda de un solo hombre secuenciada y beatboxing. Luego, sobre sus voces aumentadas, canta canciones inspiradas en el alma. Este ejercicio permite actuaciones en vivo en\u00e9rgicas. Lidell se ha hecho famoso por su amplia gama de exploraci\u00f3n de g\u00e9neros. Tras el lanzamiento de su \u00e1lbum de 2008, Jim , Lidell coment\u00f3:<\/div>\n<p>&nbsp;<\/p>\n<\/div>\n<div class=\"cxmmr5t8 oygrvhab hcukyx3x c1et5uql o9v6fnle ii04i59q\" style=\"text-align: justify;\">\n<div dir=\"auto\">Su canci\u00f3n &#8220;Multiply&#8221; se us\u00f3 en el programa de televisi\u00f3n Grey&#8217;s Anatomy , y tambi\u00e9n se incluy\u00f3 en su segunda banda sonora. Otra canci\u00f3n de su \u00e1lbum Multiply , &#8220;A Little Bit More&#8221;, apareci\u00f3 en una serie de comerciales para el minorista estadounidense Target.<\/div>\n<p>&nbsp;<\/p>\n<div dir=\"auto\"><\/div>\n<\/div>\n<div class=\"cxmmr5t8 oygrvhab hcukyx3x c1et5uql o9v6fnle ii04i59q\" style=\"text-align: justify;\">\n<div dir=\"auto\">A menudo colabora con m\u00fasicos canadienses como Gonzales, Feist y Mocky. En 2009 colabor\u00f3 con el d\u00fao brit\u00e1nico de electr\u00f3nica Simian Mobile Disco para la canci\u00f3n &#8220;Off the Map&#8221;. En 2006, form\u00f3 parte de una colaboraci\u00f3n en vivo con David Link y FM Einheit, que se lanz\u00f3 en CD como Echohce . En 2001, proporcion\u00f3 la voz para la canci\u00f3n de Lo Fidelity Allstars &#8220;Deep Ellum Hold On&#8221;, de su CD Don&#8217;t Be Afraid of Love.<\/div>\n<p>&nbsp;<\/p>\n<div dir=\"auto\"><\/div>\n<\/div>\n<div class=\"cxmmr5t8 oygrvhab hcukyx3x c1et5uql o9v6fnle ii04i59q\" style=\"text-align: justify;\">\n<div dir=\"auto\">A principios de 2009, Jim de Lidell gan\u00f3 en la octava edici\u00f3n de los Premios Anuales de M\u00fasica Independiente al Mejor \u00c1lbum Pop \/ Rock.<\/div>\n<p>&nbsp;<\/p>\n<div dir=\"auto\"><\/div>\n<\/div>\n<div class=\"cxmmr5t8 oygrvhab hcukyx3x c1et5uql o9v6fnle ii04i59q\" style=\"text-align: justify;\">\n<div dir=\"auto\">En 2009 contribuy\u00f3 con una versi\u00f3n de la canci\u00f3n &#8220;Little Brother&#8221; de Grizzly Bear para la compilaci\u00f3n Warp20 (Recreated) , adem\u00e1s de tener su canci\u00f3n &#8220;A Little Bit More&#8221; cubierta por Tim Exile.<\/div>\n<p>&nbsp;<\/p>\n<\/div>\n<div class=\"cxmmr5t8 oygrvhab hcukyx3x c1et5uql o9v6fnle ii04i59q\" style=\"text-align: justify;\">\n<div dir=\"auto\">En marzo de 2010, Lidell anunci\u00f3 que lanzar\u00eda un nuevo \u00e1lbum titulado Compass que fue producido por su compa\u00f1ero m\u00fasico y colaborador ocasional Beck. El \u00e1lbum fue lanzado en mayo de 2010. La canci\u00f3n principal aparece en el videojuego Rockstar Red Dead Redemption.<\/div>\n<p>&nbsp;<\/p>\n<div dir=\"auto\"><\/div>\n<\/div>\n<div class=\"cxmmr5t8 oygrvhab hcukyx3x c1et5uql o9v6fnle ii04i59q\" style=\"text-align: justify;\">\n<div dir=\"auto\">Lidell fue el coguionista y vocalista de la canci\u00f3n de Simian Mobile Disco &#8220;Put Your Hands Together&#8221;, de su \u00e1lbum de 2012 Unpatterns .<\/div>\n<p>&nbsp;<\/p>\n<\/div>\n<div class=\"cxmmr5t8 oygrvhab hcukyx3x c1et5uql o9v6fnle ii04i59q\" style=\"text-align: justify;\">\n<div dir=\"auto\">El 18 de febrero de 2013, Lidell lanz\u00f3 su \u00e1lbum hom\u00f3nimo Jamie Lidell con gran \u00e9xito de cr\u00edtica. Lo vio regresar a su show en vivo de un solo hombre. Tambi\u00e9n apareci\u00f3 en la canci\u00f3n de Atom \u2122 &#8220;I Love U (Like I Love My Drum Machine)&#8221; que aparece en su \u00e1lbum HD (lanzado el 26 de marzo de 2013).<\/div>\n<div dir=\"auto\"><\/div>\n<p>&nbsp;<\/p>\n<\/div>\n<div class=\"cxmmr5t8 oygrvhab hcukyx3x c1et5uql o9v6fnle ii04i59q\" style=\"text-align: justify;\">\n<div dir=\"auto\">En febrero de 2015, Lidell apareci\u00f3 en la canci\u00f3n &#8220;Clean&#8221; de Big Data, tambi\u00e9n en Pro Evolution Soccer 2017 como banda sonora.<\/div>\n<p>&nbsp;<\/p>\n<\/div>\n<div class=\"cxmmr5t8 oygrvhab hcukyx3x c1et5uql o9v6fnle ii04i59q\" style=\"text-align: justify;\">\n<div dir=\"auto\">El s\u00e9ptimo \u00e1lbum de estudio de Jamie, Building A Beginning, se lanz\u00f3 el 14 de octubre de 2016 con el sencillo principal \u2033 Walk Right Back \u2033.<\/div>\n<p>&nbsp;<\/p>\n<div dir=\"auto\"><\/div>\n<\/div>\n<div class=\"cxmmr5t8 oygrvhab hcukyx3x c1et5uql o9v6fnle ii04i59q\" style=\"text-align: justify;\">\n<div dir=\"auto\"><strong>Date of Birth:<\/strong> September 18, 1973<\/div>\n<p>&nbsp;<\/p>\n<div dir=\"auto\"><\/div>\n<\/div>\n<div class=\"cxmmr5t8 oygrvhab hcukyx3x c1et5uql o9v6fnle ii04i59q\" style=\"text-align: justify;\">\n<div dir=\"auto\"><strong>Biography:<\/strong><\/div>\n<p>&nbsp;<\/p>\n<div dir=\"auto\"><\/div>\n<div dir=\"auto\">Jamie Lidell (born Jamie Alexander Lidderdale on September 18, 1973, Huntingdon, Cambridgeshire, England) is an English musician and soul singer living in Nashville, Tennessee.<\/div>\n<p>&nbsp;<\/p>\n<\/div>\n<div class=\"cxmmr5t8 oygrvhab hcukyx3x c1et5uql o9v6fnle ii04i59q\" style=\"text-align: justify;\">\n<div dir=\"auto\">Lidell is known for layering tracks made with his voice into a microphone and performing percussion and melody as a sequenced and beatboxing one-man band. Then, over their augmented voices, he sings songs inspired by the soul. This exercise allows for energetic live performances. Lidell has become famous for his wide range of genre exploration. Following the release of his 2008 album Jim, Lidell commented:<\/div>\n<p>&nbsp;<\/p>\n<\/div>\n<div class=\"cxmmr5t8 oygrvhab hcukyx3x c1et5uql o9v6fnle ii04i59q\" style=\"text-align: justify;\">\n<div dir=\"auto\">His song &#8220;Multiply&#8221; was used on the television show Grey&#8217;s Anatomy, and was also featured on his second soundtrack. Another song from his Multiply album, &#8220;A Little Bit More,&#8221; appeared in a series of commercials for US retailer Target.<\/div>\n<p>&nbsp;<\/p>\n<div dir=\"auto\"><\/div>\n<\/div>\n<div class=\"cxmmr5t8 oygrvhab hcukyx3x c1et5uql o9v6fnle ii04i59q\" style=\"text-align: justify;\">\n<div dir=\"auto\">He often collaborates with Canadian musicians like Gonzales, Feist, and Mocky. In 2009 he collaborated with the British electronic duo Simian Mobile Disco for the song &#8220;Off the Map&#8221;. In 2006, he was part of a live collaboration with David Link and FM Einheit, which was released on CD as Echohce. In 2001, he provided the voice for the Lo Fidelity Allstars song &#8220;Deep Ellum &#8230; Hold On,&#8221; from their CD Don&#8217;t Be Afraid of Love..<\/div>\n<div dir=\"auto\"><\/div>\n<p>&nbsp;<\/p>\n<\/div>\n<div class=\"cxmmr5t8 oygrvhab hcukyx3x c1et5uql o9v6fnle ii04i59q\" style=\"text-align: justify;\">\n<div dir=\"auto\">In early 2009, Jim de Lidell won the 8th Annual Independent Music Awards for Best Pop \/ Rock Album.<\/div>\n<p>&nbsp;<\/p>\n<div dir=\"auto\"><\/div>\n<\/div>\n<div class=\"cxmmr5t8 oygrvhab hcukyx3x c1et5uql o9v6fnle ii04i59q\" style=\"text-align: justify;\">\n<div dir=\"auto\">In 2009 he contributed a cover of Grizzly Bear&#8217;s song &#8220;Little Brother&#8221; to the compilation Warp20 (Recreated), in addition to having his song &#8220;A Little Bit More&#8221; covered by Tim Exile.<\/div>\n<p>&nbsp;<\/p>\n<\/div>\n<div class=\"cxmmr5t8 oygrvhab hcukyx3x c1et5uql o9v6fnle ii04i59q\" style=\"text-align: justify;\">\n<div dir=\"auto\">In March 2010, Lidell announced that he would be releasing a new album titled Compass that was produced by fellow musician and occasional collaborator Beck. The album was released in May 2010. The title track appears in the Rockstar Red Dead Redemption video game.<\/div>\n<p>&nbsp;<\/p>\n<div dir=\"auto\"><\/div>\n<\/div>\n<div class=\"cxmmr5t8 oygrvhab hcukyx3x c1et5uql o9v6fnle ii04i59q\" style=\"text-align: justify;\">\n<div dir=\"auto\">Lidell was the co-writer and vocalist of the Simian Mobile Disco song &#8220;Put Your Hands Together,&#8221; from their 2012 album Unpatterns.<\/div>\n<p>&nbsp;<\/p>\n<div dir=\"auto\"><\/div>\n<\/div>\n<div class=\"cxmmr5t8 oygrvhab hcukyx3x c1et5uql o9v6fnle ii04i59q\" style=\"text-align: justify;\">\n<div dir=\"auto\">On February 18, 2013, Lidell released his self-titled album Jamie Lidell to critical acclaim. Saw him return to his one-man live show. He also appeared on the Atom \u2122 song &#8220;I Love U (Like I Love My Drum Machine)&#8221; featured on his album HD (released March 26, 2013).<\/div>\n<p>&nbsp;<\/p>\n<div dir=\"auto\"><\/div>\n<\/div>\n<div class=\"cxmmr5t8 oygrvhab hcukyx3x c1et5uql o9v6fnle ii04i59q\" style=\"text-align: justify;\">\n<div dir=\"auto\">In February 2015, Lidell appeared on the Big Data song &#8220;Clean&#8221;, also on Pro Evolution Soccer 2017 as the soundtrack.<\/div>\n<p>&nbsp;<\/p>\n<div dir=\"auto\"><\/div>\n<\/div>\n<div class=\"cxmmr5t8 oygrvhab hcukyx3x c1et5uql o9v6fnle ii04i59q\" style=\"text-align: justify;\">\n<div dir=\"auto\">Jamie&#8217;s seventh studio album, Building A Beginning, was released on October 14, 2016 with the lead single &#8220;Walk Right Back.&#8221;<\/div>\n<p>&nbsp;<\/p>\n<div dir=\"auto\"><\/div>\n<\/div>\n<div class=\"cxmmr5t8 oygrvhab hcukyx3x c1et5uql o9v6fnle ii04i59q\" style=\"text-align: justify;\">\n<div dir=\"auto\"><strong>Discography<\/strong><\/div>\n<p>&nbsp;<\/p>\n<div dir=\"auto\"><\/div>\n<\/div>\n<div class=\"cxmmr5t8 oygrvhab hcukyx3x c1et5uql o9v6fnle ii04i59q\" style=\"text-align: justify;\">\n<div dir=\"auto\">\n<table width=\"340\">\n<tbody>\n<tr>\n<td style=\"text-align: center;\" width=\"31\"><strong>\u00a0<\/strong><\/td>\n<td style=\"text-align: center;\" width=\"309\"><strong>Genero Electronic<\/strong><\/td>\n<\/tr>\n<tr>\n<td style=\"text-align: center;\" width=\"31\"><strong>N\u00b0<\/strong><\/td>\n<td style=\"text-align: center;\" width=\"309\"><strong>Escuchar Tema<\/strong><\/td>\n<\/tr>\n<tr>\n<td width=\"31\">1<\/td>\n<td width=\"309\">The Entr\u014dscooper<\/td>\n<\/tr>\n<tr>\n<td width=\"31\">2<\/td>\n<td width=\"309\">Said Dram Scam<\/td>\n<\/tr>\n<tr>\n<td width=\"31\">3<\/td>\n<td width=\"309\">The E\u00e8p<\/td>\n<\/tr>\n<tr>\n<td width=\"31\">4<\/td>\n<td width=\"309\">Ill Shamb\u00e2ta<\/td>\n<\/tr>\n<tr>\n<td width=\"31\">5<\/td>\n<td width=\"309\">La Scappin R\u00f6\u00f6d<\/td>\n<\/tr>\n<tr>\n<td width=\"31\">6<\/td>\n<td width=\"309\">In Inphidelik<\/td>\n<\/tr>\n<tr>\n<td width=\"31\">7<\/td>\n<td width=\"309\">Silent Why<\/td>\n<\/tr>\n<tr>\n<td width=\"31\">8<\/td>\n<td width=\"309\">Da Doo Doo<\/td>\n<\/tr>\n<tr>\n<td width=\"31\">9<\/td>\n<td width=\"309\">Daddy&#8217;s Car<\/td>\n<\/tr>\n<tr>\n<td width=\"31\">10<\/td>\n<td width=\"309\">00..0<\/td>\n<\/tr>\n<tr>\n<td width=\"31\">11<\/td>\n<td width=\"309\">The Cop It Suite<\/td>\n<\/tr>\n<tr>\n<td width=\"31\">12<\/td>\n<td width=\"309\">Dr\u00f6\u00f6n_99<\/td>\n<\/tr>\n<tr>\n<td width=\"31\">13<\/td>\n<td width=\"309\">(silence)<\/td>\n<\/tr>\n<tr>\n<td width=\"31\">14<\/td>\n<td width=\"309\">Daddy No Lie<\/td>\n<\/tr>\n<\/tbody>\n<\/table>\n<\/div>\n<div dir=\"auto\"><\/div>\n<\/div>\n<div class=\"cxmmr5t8 oygrvhab hcukyx3x c1et5uql o9v6fnle ii04i59q\" style=\"text-align: justify;\">\n<div dir=\"auto\">Cr\u00e9ditos tomados de Wikipedia:<\/div>\n<div dir=\"auto\"><a class=\"oajrlxb2 g5ia77u1 qu0x051f esr5mh6w e9989ue4 r7d6kgcz rq0escxv nhd2j8a9 nc684nl6 p7hjln8o kvgmc6g5 cxmmr5t8 oygrvhab hcukyx3x jb3vyjys rz4wbd8a qt6c0cv9 a8nywdso i1ao9s8h esuyzwwr f1sip0of lzcic4wl gpro0wi8 py34i1dx\" tabindex=\"0\" role=\"link\" href=\"https:\/\/es.wikipedia.org\/wiki\/Jamie_Lidell?fbclid=IwAR0YcAc3ZxCmjl-pcCS_kZv07iOSTiSiAVsaNuOa22YQ0Gez9jeAKrbmKf4\" target=\"_blank\" rel=\"nofollow noopener\">https:\/\/es.wikipedia.org\/wiki\/Jamie_Lidell<\/a><\/div>\n<div dir=\"auto\"><\/div>\n<\/div>\n<div class=\"epyt-video-wrapper\"><iframe loading=\"lazy\"  id=\"_ytid_90219\"  width=\"618\" height=\"347\"  data-origwidth=\"618\" data-origheight=\"347\" src=\"https:\/\/www.youtube.com\/embed\/7-q-1-pp5jA?enablejsapi=1&#038;autoplay=0&#038;cc_load_policy=0&#038;cc_lang_pref=&#038;iv_load_policy=1&#038;loop=0&#038;modestbranding=0&#038;rel=1&#038;fs=1&#038;playsinline=0&#038;autohide=2&#038;theme=dark&#038;color=red&#038;controls=1&#038;\" class=\"__youtube_prefs__  epyt-is-override  no-lazyload\" title=\"YouTube player\"  allow=\"fullscreen; accelerometer; autoplay; clipboard-write; encrypted-media; gyroscope; picture-in-picture\" allowfullscreen data-no-lazy=\"1\" data-skipgform_ajax_framebjll=\"\"><\/iframe><\/div>\n","protected":false},"excerpt":{"rendered":"<p>&nbsp; Fecha de Nacimiento: 18 de septiembre de 1973 &nbsp; Biograf\u00eda: &nbsp; Jamie Lidell (nacido Jamie Alexander Lidderdale el 18 de septiembre de 1973, Huntingdon, Cambridgeshire, Inglaterra) es un m\u00fasico ingl\u00e9s y cantante de soul que vive en Nashville, Tennessee. &nbsp; Lidell es conocido por superponer pistas hechas con su voz en un micr\u00f3fono y &hellip;<\/p>\n","protected":false},"author":1,"featured_media":0,"parent":0,"menu_order":0,"comment_status":"closed","ping_status":"closed","template":"","meta":{"footnotes":""},"class_list":["post-28719","page","type-page","status-publish",""],"jetpack_sharing_enabled":true,"_links":{"self":[{"href":"https:\/\/mickyandoniehn.com\/radio\/wp-json\/wp\/v2\/pages\/28719","targetHints":{"allow":["GET"]}}],"collection":[{"href":"https:\/\/mickyandoniehn.com\/radio\/wp-json\/wp\/v2\/pages"}],"about":[{"href":"https:\/\/mickyandoniehn.com\/radio\/wp-json\/wp\/v2\/types\/page"}],"author":[{"embeddable":true,"href":"https:\/\/mickyandoniehn.com\/radio\/wp-json\/wp\/v2\/users\/1"}],"replies":[{"embeddable":true,"href":"https:\/\/mickyandoniehn.com\/radio\/wp-json\/wp\/v2\/comments?post=28719"}],"version-history":[{"count":2,"href":"https:\/\/mickyandoniehn.com\/radio\/wp-json\/wp\/v2\/pages\/28719\/revisions"}],"predecessor-version":[{"id":30283,"href":"https:\/\/mickyandoniehn.com\/radio\/wp-json\/wp\/v2\/pages\/28719\/revisions\/30283"}],"wp:attachment":[{"href":"https:\/\/mickyandoniehn.com\/radio\/wp-json\/wp\/v2\/media?parent=28719"}],"curies":[{"name":"wp","href":"https:\/\/api.w.org\/{rel}","templated":true}]}}