{"id":28649,"date":"2022-08-26T11:18:33","date_gmt":"2022-08-26T17:18:33","guid":{"rendered":"https:\/\/mickyandoniehn.com\/radio\/?page_id=28649"},"modified":"2022-09-01T12:00:30","modified_gmt":"2022-09-01T18:00:30","slug":"roberto-sanchez","status":"publish","type":"page","link":"https:\/\/mickyandoniehn.com\/radio\/roberto-sanchez\/","title":{"rendered":"Roberto S\u00e1nchez"},"content":{"rendered":"<p style=\"text-align: justify;\"><img loading=\"lazy\" decoding=\"async\" class=\" wp-image-23116 aligncenter\" src=\"http:\/\/mickyandoniehn.com\/radio\/wp-content\/uploads\/2022\/07\/ROBERTO-SANCHEZ-O-SANDRO.jpg\" alt=\"\" width=\"473\" height=\"590\" \/><\/p>\n<p>&nbsp;<\/p>\n<div dir=\"auto\" style=\"text-align: justify;\"><strong>Fecha de Nacimiento:<\/strong> 19 de agosto de 1945<\/div>\n<p>&nbsp;<\/p>\n<div dir=\"auto\"><\/div>\n<div dir=\"auto\"><\/div>\n<div dir=\"auto\" style=\"text-align: justify;\"><strong>Fecha de Fallecimiento:<\/strong> 4 de enero de 2010<\/div>\n<p>&nbsp;<\/p>\n<div dir=\"auto\"><\/div>\n<div dir=\"auto\"><\/div>\n<div class=\"cxmmr5t8 oygrvhab hcukyx3x c1et5uql o9v6fnle\" style=\"text-align: justify;\">\n<div dir=\"auto\"><strong>Biograf\u00eda<\/strong><\/div>\n<p>&nbsp;<\/p>\n<div dir=\"auto\"><\/div>\n<div dir=\"auto\"><\/div>\n<\/div>\n<div class=\"cxmmr5t8 oygrvhab hcukyx3x c1et5uql o9v6fnle\" style=\"text-align: justify;\">\n<div dir=\"auto\">Roberto S\u00e1nchez, conocido art\u00edsticamente como Sandro, fue un cantautor argentino de canci\u00f3n mel\u00f3dica, rock and roll y pop en castellano<\/div>\n<p>&nbsp;<\/p>\n<\/div>\n<div class=\"cxmmr5t8 oygrvhab hcukyx3x c1et5uql o9v6fnle\" style=\"text-align: justify;\">\n<div dir=\"auto\">Sandro nace en Buenos Aires, Argentina, un 19 de agosto de 1945. Desde peque\u00f1o estuvo en contacto con las Bellas Artes, dibujaba muy bien y recitaba poes\u00edas.<\/div>\n<p>&nbsp;<\/p>\n<div dir=\"auto\"><\/div>\n<div dir=\"auto\"><\/div>\n<\/div>\n<div class=\"cxmmr5t8 oygrvhab hcukyx3x c1et5uql o9v6fnle\" style=\"text-align: justify;\">\n<div dir=\"auto\">Sandro, con su amigo Enrique Urigoitia, incursiona en la guitarra y crea bandas de m\u00fasica moderna como Los Caribes, El tr\u00edo azul, y Los caniches. Llegando de esta forma a la agrupaci\u00f3n que ser\u00eda la que proyectar\u00eda esta luminaria del canto argentino, el grupo Los de fuego.<\/div>\n<p>&nbsp;<\/p>\n<div dir=\"auto\"><\/div>\n<div dir=\"auto\"><\/div>\n<\/div>\n<div class=\"cxmmr5t8 oygrvhab hcukyx3x c1et5uql o9v6fnle\" style=\"text-align: justify;\">\n<div dir=\"auto\">En esta banda musical, el cantante tocaba la guitarra, pero cuando el cantante de la banda decide renunciar, \u00e9ste asume dicha posici\u00f3n y es cuando participa en programas televisivos promocionando la banda y su voz.<\/div>\n<p>&nbsp;<\/p>\n<div dir=\"auto\"><\/div>\n<div dir=\"auto\"><\/div>\n<\/div>\n<div class=\"cxmmr5t8 oygrvhab hcukyx3x c1et5uql o9v6fnle\" style=\"text-align: justify;\">\n<div dir=\"auto\">El artista, cuando era acompa\u00f1ado por la banda, se mostraba algo seductor y sensual, vestido de negro y rob\u00e1ndole el coraz\u00f3n y los suspiros a sus admiradoras. Pasado un tiempo, Sandro comienza a trabajar en el canal 13 de Argentina, y fue suspendido del mismo por considerar que los movimientos corporales del artista eran obscenos y pornogr\u00e1ficos.<\/div>\n<p>&nbsp;<\/p>\n<div dir=\"auto\"><\/div>\n<div dir=\"auto\"><\/div>\n<\/div>\n<div class=\"cxmmr5t8 oygrvhab hcukyx3x c1et5uql o9v6fnle\" style=\"text-align: justify;\">\n<div dir=\"auto\">Con este singular carisma y seducci\u00f3n, Sandro recorre diversos continentes llevando su estilo tan \u00fanico y particular, marcando as\u00ed un nuevo estilo de interpretaci\u00f3n en la d\u00e9cada de los 60 y 70 de la m\u00fasica en Argentina y el resto del planeta.<\/div>\n<p>&nbsp;<\/p>\n<div dir=\"auto\"><\/div>\n<div dir=\"auto\"><\/div>\n<\/div>\n<div class=\"cxmmr5t8 oygrvhab hcukyx3x c1et5uql o9v6fnle\" style=\"text-align: justify;\">\n<div dir=\"auto\"><\/div>\n<div dir=\"auto\"><strong>Date of Birth:<\/strong> August 19, 1945<\/div>\n<p>&nbsp;<\/p>\n<div dir=\"auto\"><\/div>\n<div dir=\"auto\"><\/div>\n<div dir=\"auto\"><strong>Date of Death:<\/strong> January 4, 2010<\/div>\n<p>&nbsp;<\/p>\n<div dir=\"auto\"><\/div>\n<div dir=\"auto\"><\/div>\n<\/div>\n<div dir=\"auto\"><strong>Biography<\/strong><\/div>\n<p>&nbsp;<\/p>\n<div dir=\"auto\"><\/div>\n<div dir=\"auto\"><\/div>\n<div class=\"cxmmr5t8 oygrvhab hcukyx3x c1et5uql o9v6fnle\" style=\"text-align: justify;\">\n<div dir=\"auto\">Roberto S\u00e1nchez, artistically known as Sandro, was an Argentine singer-songwriter of melodic song, rock and roll and pop in Spanish.<\/div>\n<p>&nbsp;<\/p>\n<\/div>\n<div dir=\"auto\"><\/div>\n<div dir=\"auto\"><\/div>\n<div class=\"cxmmr5t8 oygrvhab hcukyx3x c1et5uql o9v6fnle\" style=\"text-align: justify;\">\n<div dir=\"auto\">Sandro was born in Buenos Aires, Argentina, on August 19, 1945. Since he was little he was in contact with the Fine Arts, he drew very well and recited poetry.<\/div>\n<p>&nbsp;<\/p>\n<div dir=\"auto\"><\/div>\n<div dir=\"auto\"><\/div>\n<\/div>\n<div class=\"cxmmr5t8 oygrvhab hcukyx3x c1et5uql o9v6fnle\" style=\"text-align: justify;\">\n<div dir=\"auto\">Sandro, with his friend Enrique Irygoit\u00eda, dabbled in the guitar and created modern bands such as Los Caribes, El tr\u00edo azul, and Los poiches. Arriving in this way to the group that would be the one that would project this luminary of Argentine song, the group Los de fuego.<\/div>\n<p>&nbsp;<\/p>\n<div dir=\"auto\"><\/div>\n<div dir=\"auto\"><\/div>\n<\/div>\n<div class=\"cxmmr5t8 oygrvhab hcukyx3x c1et5uql o9v6fnle\" style=\"text-align: justify;\">\n<div dir=\"auto\">In this musical band, the singer played the guitar, but when the singer of the band decides to resign, he assumes that position and that is when he participates in television programs promoting the band and its voice.<\/div>\n<p>&nbsp;<\/p>\n<div dir=\"auto\"><\/div>\n<div dir=\"auto\"><\/div>\n<\/div>\n<div class=\"cxmmr5t8 oygrvhab hcukyx3x c1et5uql o9v6fnle\" style=\"text-align: justify;\">\n<div dir=\"auto\">The artist, when accompanied by the band, was somewhat seductive and sensual, dressed in black and stealing the hearts and sighs of his admirers. After a while, Sandro began to work on channel 13 in Argentina, and was suspended from it for considering that the artist&#8217;s body movements were obscene and pornographic.<\/div>\n<div dir=\"auto\"><\/div>\n<p>&nbsp;<\/p>\n<div dir=\"auto\"><\/div>\n<\/div>\n<div class=\"cxmmr5t8 oygrvhab hcukyx3x c1et5uql o9v6fnle\" style=\"text-align: justify;\">\n<div dir=\"auto\">With this singular charisma and seduction, Sandro travels different continents carrying his unique and particular style, thus marking a new style of interpretation in the 60s and 70s of music in Argentina and the rest of the planet.<\/div>\n<p>&nbsp;<\/p>\n<div dir=\"auto\"><\/div>\n<div dir=\"auto\"><\/div>\n<\/div>\n<div class=\"cxmmr5t8 oygrvhab hcukyx3x c1et5uql o9v6fnle\" style=\"text-align: justify;\">\n<div dir=\"auto\"><strong>Discography<\/strong><\/div>\n<p>&nbsp;<\/p>\n<div dir=\"auto\"><\/div>\n<div dir=\"auto\">\n<table width=\"553\">\n<tbody>\n<tr>\n<td style=\"text-align: center;\" width=\"217\"><b>G\u00e9nero Mel\u00f3dica, rock and roll y pop en castellano<\/b><\/td>\n<td style=\"text-align: center;\" width=\"249\"><strong>Escuchar tema<\/strong><\/td>\n<td style=\"text-align: center;\" width=\"87\"><strong>A\u00f1o de Publicacion<\/strong><\/td>\n<\/tr>\n<tr>\n<td>1<\/td>\n<td>Mi Amigo el Puma<\/td>\n<td>1974<\/td>\n<\/tr>\n<tr>\n<td>2<\/td>\n<td>\u00a0Yo te amo<\/td>\n<td>1971<\/td>\n<\/tr>\n<tr>\n<td>3<\/td>\n<td>\u00a0Rosa rosa<\/td>\n<td>1960<\/td>\n<\/tr>\n<tr>\n<td>4<\/td>\n<td>\u00a0Penas<\/td>\n<td>2003<\/td>\n<\/tr>\n<tr>\n<td>5<\/td>\n<td>\u00a0Te Propongo<\/td>\n<td>1971<\/td>\n<\/tr>\n<tr>\n<td>6<\/td>\n<td>\u00a0El Maniqu\u00ed<\/td>\n<td>1970<\/td>\n<\/tr>\n<tr>\n<td>7<\/td>\n<td>\u00a0Se Te Nota<\/td>\n<td>1970<\/td>\n<\/tr>\n<tr>\n<td>8<\/td>\n<td>\u00a0Como Te Dire<\/td>\n<td>1976<\/td>\n<\/tr>\n<tr>\n<td>9<\/td>\n<td>\u00a0As\u00ed<\/td>\n<td>1998<\/td>\n<\/tr>\n<tr>\n<td>10<\/td>\n<td>\u00a0La vida sigue igual<\/td>\n<td>1976<\/td>\n<\/tr>\n<tr>\n<td>11<\/td>\n<td>\u00a0palabras viejas<\/td>\n<td>1970<\/td>\n<\/tr>\n<tr>\n<td>12<\/td>\n<td>\u00a0Las Manos<\/td>\n<td>1968<\/td>\n<\/tr>\n<tr>\n<td>13<\/td>\n<td>\u00a0Tengo<\/td>\n<td>1968<\/td>\n<\/tr>\n<tr>\n<td style=\"text-align: center;\"><strong>Album<\/strong><\/td>\n<td style=\"text-align: center;\"><strong>El sorprendente mundo de Sandro<\/strong><\/td>\n<td style=\"text-align: center;\"><strong>1966<\/strong><\/td>\n<\/tr>\n<tr>\n<td>1<\/td>\n<td>Alc\u00e1ncenos si pueden<\/td>\n<td><\/td>\n<\/tr>\n<tr>\n<td>2<\/td>\n<td>Profundamente herido<\/td>\n<td><\/td>\n<\/tr>\n<tr>\n<td>3<\/td>\n<td>Me he preguntado muchas veces<\/td>\n<td><\/td>\n<\/tr>\n<tr>\n<td>4<\/td>\n<td>Qu\u00e9 noche<\/td>\n<td><\/td>\n<\/tr>\n<tr>\n<td>5<\/td>\n<td>Muchacho de cara triste<\/td>\n<td><\/td>\n<\/tr>\n<tr>\n<td>6<\/td>\n<td>Solo y sin ti<\/td>\n<td><\/td>\n<\/tr>\n<tr>\n<td>7<\/td>\n<td>Tutti frutti<\/td>\n<td><\/td>\n<\/tr>\n<tr>\n<td>8<\/td>\n<td>Melod\u00eda desencadenada<\/td>\n<td><\/td>\n<\/tr>\n<tr>\n<td>9<\/td>\n<td>Es tan bueno<\/td>\n<td><\/td>\n<\/tr>\n<tr>\n<td>10<\/td>\n<td>Llorando en la capilla<\/td>\n<td><\/td>\n<\/tr>\n<tr>\n<td>11<\/td>\n<td>Qu\u00e9 dije<\/td>\n<td><\/td>\n<\/tr>\n<tr>\n<td>12<\/td>\n<td>Johnny<\/td>\n<td><\/td>\n<\/tr>\n<tr>\n<td>13<\/td>\n<td>Compa\u00f1ero de tu amor<\/td>\n<td><\/td>\n<\/tr>\n<tr>\n<td>14<\/td>\n<td>Sigue llamando, nena<\/td>\n<td><\/td>\n<\/tr>\n<tr>\n<td style=\"text-align: center;\"><\/td>\n<td style=\"text-align: center;\"><strong>Beat Latino<\/strong><\/td>\n<td style=\"text-align: center;\"><strong>1967<\/strong><\/td>\n<\/tr>\n<tr>\n<td>1<\/td>\n<td>Buen Muchacho (O Bom Rapaz)<\/td>\n<td><\/td>\n<\/tr>\n<tr>\n<td>2<\/td>\n<td>Juanito Guitarra (Johnny Guitar)<\/td>\n<td><\/td>\n<\/tr>\n<tr>\n<td>3<\/td>\n<td>Dile A La Lluvia (Tell It To The Rain)<\/td>\n<td><\/td>\n<\/tr>\n<tr>\n<td>4<\/td>\n<td colspan=\"2\">Si Yo Fuera Un Carpintero (If I Were A Carpenter)<\/td>\n<\/tr>\n<tr>\n<td>5<\/td>\n<td colspan=\"2\">Lave Mis Manos En Agua Barrosa ( I Washed My Hands In Muddy Water)<\/td>\n<\/tr>\n<tr>\n<td>6<\/td>\n<td>Ave De Paso<\/td>\n<td><\/td>\n<\/tr>\n<tr>\n<td>7<\/td>\n<td colspan=\"2\">Cuando Hablo De Ti (Quando Parlo Di Te)<\/td>\n<\/tr>\n<tr>\n<td>8<\/td>\n<td>Pajaro Nocturno (L&#8217;oiseau De Nuit)<\/td>\n<td><\/td>\n<\/tr>\n<tr>\n<td>9<\/td>\n<td>Miguel E Isabel<\/td>\n<td><\/td>\n<\/tr>\n<tr>\n<td>10<\/td>\n<td>Queda Poco Tiempo<\/td>\n<td><\/td>\n<\/tr>\n<tr>\n<td>11<\/td>\n<td>Con Los Ojos Del Recuerdo<\/td>\n<td><\/td>\n<\/tr>\n<tr>\n<td>12<\/td>\n<td>Me Acorde (Did I Remember)<\/td>\n<td><\/td>\n<\/tr>\n<tr>\n<td>13<\/td>\n<td>Tu Manera De Amar (Folk Rock-In\u00e9dita)<\/td>\n<td><\/td>\n<\/tr>\n<tr>\n<td>14<\/td>\n<td colspan=\"2\">Exti\u00e9ndete Que Me Encontraras (Reach Out I&#8217;ll Be There) (Shake)<\/td>\n<\/tr>\n<tr>\n<td>15<\/td>\n<td>Flamenco<\/td>\n<td><\/td>\n<\/tr>\n<tr>\n<td>16<\/td>\n<td>Disparada<\/td>\n<td><\/td>\n<\/tr>\n<tr>\n<td>17<\/td>\n<td>Ave De Paso (En Italiano)<\/td>\n<td><\/td>\n<\/tr>\n<tr>\n<td><\/td>\n<td>Una Muchacha Y Una Guitarra<\/td>\n<td>1967<\/td>\n<\/tr>\n<tr>\n<td>1<\/td>\n<td>Querida (Honey) (Album Version)<\/td>\n<td><\/td>\n<\/tr>\n<tr>\n<td>2<\/td>\n<td>Quiz\u00e1s, Quiz\u00e1s, Quiz\u00e1s \/ La Paloma<\/td>\n<td><\/td>\n<\/tr>\n<tr>\n<td>3<\/td>\n<td>Como Lo Hice Yo<\/td>\n<td><\/td>\n<\/tr>\n<tr>\n<td>4<\/td>\n<td>El Solitario (The Lonely One)<\/td>\n<td><\/td>\n<\/tr>\n<tr>\n<td>5<\/td>\n<td>Lo Que Fue (Balada)<\/td>\n<td><\/td>\n<\/tr>\n<tr>\n<td>6<\/td>\n<td>Alma Cari\u00f1osa (Balada)<\/td>\n<td><\/td>\n<\/tr>\n<tr>\n<td>7<\/td>\n<td colspan=\"2\">Esta Noche Habr\u00e1 Una Fiesta (Folk-Rock)<\/td>\n<\/tr>\n<tr>\n<td>8<\/td>\n<td>Porque Yo Te Amo<\/td>\n<td><\/td>\n<\/tr>\n<tr>\n<td>9<\/td>\n<td>Una Muchacha Y Una Guitarra<\/td>\n<td><\/td>\n<\/tr>\n<tr>\n<td>10<\/td>\n<td colspan=\"2\">No Te Puedo Entregar Mi Corazon (Slow)<\/td>\n<\/tr>\n<tr>\n<td>11<\/td>\n<td>Dos Hermanos (Two Brothers)<\/td>\n<td><\/td>\n<\/tr>\n<tr>\n<td>12<\/td>\n<td>Ya (Shake)<\/td>\n<td><\/td>\n<\/tr>\n<tr>\n<td>13<\/td>\n<td>Desesperadamente Amor (In\u00e9dito)<\/td>\n<td><\/td>\n<\/tr>\n<tr>\n<td>14<\/td>\n<td colspan=\"2\">Una Muchacha Y Una Guitarra (Versi\u00f3n Alternativa) (Versi\u00f3n Alternativa)<\/td>\n<\/tr>\n<tr>\n<td>15<\/td>\n<td colspan=\"2\">Una Muchacha Y Una Guitarra (Versi\u00f3n En I<\/td>\n<\/tr>\n<tr>\n<td style=\"text-align: center;\"><\/td>\n<td style=\"text-align: center;\"><strong>La Magia de Sandro<\/strong><\/td>\n<td style=\"text-align: center;\"><strong>1968<\/strong><\/td>\n<\/tr>\n<tr>\n<td>1<\/td>\n<td>Tengo<\/td>\n<td><\/td>\n<\/tr>\n<tr>\n<td>2<\/td>\n<td>Me Amas Y Me Dejas<\/td>\n<td><\/td>\n<\/tr>\n<tr>\n<td>3<\/td>\n<td>Puerto Sin Amor (Album Version)<\/td>\n<td><\/td>\n<\/tr>\n<tr>\n<td>4<\/td>\n<td>As\u00ed<\/td>\n<td><\/td>\n<\/tr>\n<tr>\n<td>5<\/td>\n<td>Yuma Joe (Album Version)<\/td>\n<td><\/td>\n<\/tr>\n<tr>\n<td>6<\/td>\n<td>La Juventud Se Va<\/td>\n<td><\/td>\n<\/tr>\n<tr>\n<td>7<\/td>\n<td>Par\u00eds Ante T\u00ed<\/td>\n<td><\/td>\n<\/tr>\n<tr>\n<td>8<\/td>\n<td>Por Alg\u00fan Camino (Album Version)<\/td>\n<td><\/td>\n<\/tr>\n<tr>\n<td>9<\/td>\n<td>Penas (Album Version)<\/td>\n<td><\/td>\n<\/tr>\n<tr>\n<td>10<\/td>\n<td>Penumbras<\/td>\n<td><\/td>\n<\/tr>\n<tr>\n<td>11<\/td>\n<td>Por Tu Amor (Album Version)<\/td>\n<td><\/td>\n<\/tr>\n<tr>\n<td>12<\/td>\n<td>Lluvia De Rosas (Album Version)<\/td>\n<td><\/td>\n<\/tr>\n<tr>\n<td>13<\/td>\n<td>Dalila (Delilah) (Delilah)<\/td>\n<td><\/td>\n<\/tr>\n<tr>\n<td>14<\/td>\n<td colspan=\"2\">Me Amas Y Me Dejas (Versi\u00f3n Alternativa)<\/td>\n<\/tr>\n<tr>\n<td style=\"text-align: center;\"><\/td>\n<td style=\"text-align: center;\"><strong>Te Espero<\/strong><\/td>\n<td style=\"text-align: center;\"><strong>1971<\/strong><\/td>\n<\/tr>\n<tr>\n<td>1<\/td>\n<td>El Deseo de Vivir<\/td>\n<td><\/td>\n<\/tr>\n<tr>\n<td>2<\/td>\n<td>Peque\u00f1a Mujer<\/td>\n<td><\/td>\n<\/tr>\n<tr>\n<td>3<\/td>\n<td>No Me Dejes&#8230;no, Mi Amor<\/td>\n<td><\/td>\n<\/tr>\n<tr>\n<td>4<\/td>\n<td>Heredar\u00e1s Mi Nombre<\/td>\n<td><\/td>\n<\/tr>\n<tr>\n<td>5<\/td>\n<td>Carolina en MI Piel<\/td>\n<td><\/td>\n<\/tr>\n<tr>\n<td>6<\/td>\n<td>Diablo Ang\u00e9lica<\/td>\n<td><\/td>\n<\/tr>\n<tr>\n<td>7<\/td>\n<td>En Nombre del Amor<\/td>\n<td><\/td>\n<\/tr>\n<tr>\n<td>8<\/td>\n<td>Me Juego Entero por Tu Amor<\/td>\n<td><\/td>\n<\/tr>\n<tr>\n<td>9<\/td>\n<td>Fu\u00e9 en Jerusal\u00e9n<\/td>\n<td><\/td>\n<\/tr>\n<tr>\n<td>10<\/td>\n<td>Con Diez A\u00f1os M\u00e1s<\/td>\n<td><\/td>\n<\/tr>\n<tr>\n<td>11<\/td>\n<td>Amarte Es Mi Castigo<\/td>\n<td><\/td>\n<\/tr>\n<tr>\n<td>12<\/td>\n<td>Te Espero Bajo el Sol<\/td>\n<td><\/td>\n<\/tr>\n<tr>\n<td><\/td>\n<td><\/td>\n<td><\/td>\n<\/tr>\n<tr>\n<td style=\"text-align: center;\"><\/td>\n<td style=\"text-align: center;\"><strong>Espectacular<\/strong><\/td>\n<td style=\"text-align: center;\"><strong>1971<\/strong><\/td>\n<\/tr>\n<tr>\n<td>1<\/td>\n<td>Tu Poes\u00eda Y Mi Amor (Balada)<\/td>\n<td><\/td>\n<\/tr>\n<tr>\n<td>2<\/td>\n<td>Otra Como Tu (Balada)<\/td>\n<td><\/td>\n<\/tr>\n<tr>\n<td>3<\/td>\n<td colspan=\"2\">Dame El Fuego De Tu Amor (Album Version)<\/td>\n<\/tr>\n<tr>\n<td>4<\/td>\n<td>Tu Espalda Y Tu Cabello (Balada)<\/td>\n<td><\/td>\n<\/tr>\n<tr>\n<td>5<\/td>\n<td>Si Tu Te Vas (Balada)<\/td>\n<td><\/td>\n<\/tr>\n<tr>\n<td>6<\/td>\n<td>Es el Amante<\/td>\n<td><\/td>\n<\/tr>\n<tr>\n<td>7<\/td>\n<td>Sus Ojos Se Cerraron<\/td>\n<td><\/td>\n<\/tr>\n<tr>\n<td>8<\/td>\n<td>Como Te Dir\u00e9<\/td>\n<td><\/td>\n<\/tr>\n<tr>\n<td>9<\/td>\n<td>D\u00e9jalo Ya (Balada)<\/td>\n<td><\/td>\n<\/tr>\n<tr>\n<td>10<\/td>\n<td colspan=\"2\">Porque Es Amor Y Mucho Mas (Album Version)<\/td>\n<\/tr>\n<tr>\n<td>11<\/td>\n<td>Yo Soy Gitano<\/td>\n<td><\/td>\n<\/tr>\n<tr>\n<td>12<\/td>\n<td>Si Este Amor Se Va (Balada)<\/td>\n<td><\/td>\n<\/tr>\n<tr>\n<td><\/td>\n<td><\/td>\n<td><\/td>\n<\/tr>\n<tr>\n<td style=\"text-align: center;\"><\/td>\n<td style=\"text-align: center;\"><strong>Con Gusto A Mujer<\/strong><\/td>\n<td style=\"text-align: center;\"><strong>1992<\/strong><\/td>\n<\/tr>\n<tr>\n<td>1<\/td>\n<td>Tentaci\u00f3n<\/td>\n<td><\/td>\n<\/tr>\n<tr>\n<td>2<\/td>\n<td>Tiemblas<\/td>\n<td><\/td>\n<\/tr>\n<tr>\n<td>3<\/td>\n<td>Arr\u00e1ncame la vida<\/td>\n<td><\/td>\n<\/tr>\n<tr>\n<td>4<\/td>\n<td>Siento una cosa aqu\u00ed<\/td>\n<td><\/td>\n<\/tr>\n<tr>\n<td>5<\/td>\n<td>Mentes sospechosas<\/td>\n<td><\/td>\n<\/tr>\n<tr>\n<td>6<\/td>\n<td>Con alma y vida<\/td>\n<td><\/td>\n<\/tr>\n<tr>\n<td>7<\/td>\n<td>Furia<\/td>\n<td><\/td>\n<\/tr>\n<tr>\n<td>8<\/td>\n<td>Un gusto a mujer<\/td>\n<td><\/td>\n<\/tr>\n<tr>\n<td>9<\/td>\n<td>Doy fe<\/td>\n<td><\/td>\n<\/tr>\n<tr>\n<td>10<\/td>\n<td>Cosa de locos<\/td>\n<td><\/td>\n<\/tr>\n<tr>\n<td><\/td>\n<td><\/td>\n<td><\/td>\n<\/tr>\n<tr>\n<td style=\"text-align: center;\"><\/td>\n<td style=\"text-align: center;\"><strong>Sandro en Colombia<\/strong><\/td>\n<td style=\"text-align: center;\"><strong>1970<\/strong><\/td>\n<\/tr>\n<tr>\n<td>1<\/td>\n<td>Paginas Sociales<\/td>\n<td><\/td>\n<\/tr>\n<tr>\n<td>2<\/td>\n<td>Voy a Abrazarme a Tus Pies<\/td>\n<td><\/td>\n<\/tr>\n<tr>\n<td>3<\/td>\n<td>Siempre Te Amare<\/td>\n<td><\/td>\n<\/tr>\n<tr>\n<td>4<\/td>\n<td>Yo Soy Gitano<\/td>\n<td><\/td>\n<\/tr>\n<tr>\n<td>5<\/td>\n<td>Si Tu Te Vas<\/td>\n<td><\/td>\n<\/tr>\n<tr>\n<td>6<\/td>\n<td>Con Tanto Amor<\/td>\n<td><\/td>\n<\/tr>\n<tr>\n<td>7<\/td>\n<td>Noche de Amantes<\/td>\n<td><\/td>\n<\/tr>\n<tr>\n<td>8<\/td>\n<td>Un Sabado Especial<\/td>\n<td><\/td>\n<\/tr>\n<tr>\n<td>9<\/td>\n<td>D\u00e9jalo Ya<\/td>\n<td><\/td>\n<\/tr>\n<tr>\n<td>10<\/td>\n<td>Como Romeo y Julieta<\/td>\n<td><\/td>\n<\/tr>\n<tr>\n<td>11<\/td>\n<td>Cantemos Como Antes<\/td>\n<td><\/td>\n<\/tr>\n<tr>\n<td><\/td>\n<td><\/td>\n<td><\/td>\n<\/tr>\n<tr>\n<td style=\"text-align: center;\"><\/td>\n<td style=\"text-align: center;\"><strong>Baladas De Amor<\/strong><\/td>\n<td style=\"text-align: center;\"><strong>1968<\/strong><\/td>\n<\/tr>\n<tr>\n<td>1<\/td>\n<td>Quiero Llenarme De T\u00ed<\/td>\n<td><\/td>\n<\/tr>\n<tr>\n<td>2<\/td>\n<td>La Vida Contin\u00faa<\/td>\n<td><\/td>\n<\/tr>\n<tr>\n<td>3<\/td>\n<td>Penumbras<\/td>\n<td><\/td>\n<\/tr>\n<tr>\n<td>4<\/td>\n<td>As\u00ed<\/td>\n<td><\/td>\n<\/tr>\n<tr>\n<td>5<\/td>\n<td>Porque Yo Te Amo<\/td>\n<td><\/td>\n<\/tr>\n<tr>\n<td>6<\/td>\n<td>Como Lo Hice Yo<\/td>\n<td><\/td>\n<\/tr>\n<tr>\n<td>7<\/td>\n<td>Me Amas Y Me Dejas<\/td>\n<td><\/td>\n<\/tr>\n<tr>\n<td>8<\/td>\n<td>Te Propongo<\/td>\n<td><\/td>\n<\/tr>\n<tr>\n<td>9<\/td>\n<td>Como Te Dir\u00e9<\/td>\n<td><\/td>\n<\/tr>\n<tr>\n<td>10<\/td>\n<td>Por Tu Amor (Album Version)<\/td>\n<td><\/td>\n<\/tr>\n<tr>\n<td>11<\/td>\n<td>Noche De Amantes<\/td>\n<td><\/td>\n<\/tr>\n<tr>\n<td>12<\/td>\n<td colspan=\"2\">Hasta Aqu\u00ed Lleg\u00f3 Mi Amor (Album Version)<\/td>\n<\/tr>\n<tr>\n<td>13<\/td>\n<td>Palabras Viejas (Album Version)<\/td>\n<td><\/td>\n<\/tr>\n<tr>\n<td>14<\/td>\n<td>Al Abrir La Puerta (Album Version)<\/td>\n<td><\/td>\n<\/tr>\n<tr>\n<td>15<\/td>\n<td>La Causa De Este Amor<\/td>\n<td><\/td>\n<\/tr>\n<tr>\n<td>16<\/td>\n<td>Te Quiero Tanto, Amada M\u00eda<\/td>\n<td><\/td>\n<\/tr>\n<tr>\n<td>17<\/td>\n<td>Penas (Album Version)<\/td>\n<td><\/td>\n<\/tr>\n<tr>\n<td>18<\/td>\n<td>Par\u00eds Ante T\u00ed<\/td>\n<td><\/td>\n<\/tr>\n<tr>\n<td>19<\/td>\n<td>Por Eso Bebo (Album Version)<\/td>\n<td><\/td>\n<\/tr>\n<tr>\n<td>20<\/td>\n<td>F\u00e1cil De Olvidar (Album Version)<\/td>\n<td><\/td>\n<\/tr>\n<tr>\n<td>21<\/td>\n<td colspan=\"2\">Ma\u00f1ana De Carnaval (Manha de Carnaval) (Manha de Carnaval)<\/td>\n<\/tr>\n<tr>\n<td><\/td>\n<td><\/td>\n<td><\/td>\n<\/tr>\n<tr>\n<td style=\"text-align: center;\"><\/td>\n<td style=\"text-align: center;\"><strong>&#8220;Penumbras&#8221;<\/strong><\/td>\n<td style=\"text-align: center;\"><strong>1998<\/strong><\/td>\n<\/tr>\n<tr>\n<td>1<\/td>\n<td>Penumbras<\/td>\n<td><\/td>\n<\/tr>\n<tr>\n<td>2<\/td>\n<td>Se Te Nota<\/td>\n<td><\/td>\n<\/tr>\n<tr>\n<td>3<\/td>\n<td>Porque Yo Te Amo<\/td>\n<td><\/td>\n<\/tr>\n<tr>\n<td>4<\/td>\n<td>Te Propongo<\/td>\n<td><\/td>\n<\/tr>\n<tr>\n<td>5<\/td>\n<td>As\u00ed<\/td>\n<td><\/td>\n<\/tr>\n<tr>\n<td>6<\/td>\n<td>Mas De Ti<\/td>\n<td><\/td>\n<\/tr>\n<tr>\n<td>7<\/td>\n<td>Noche De Amantes<\/td>\n<td><\/td>\n<\/tr>\n<tr>\n<td>8<\/td>\n<td colspan=\"2\">Cuando Existe Tanto Amor (Album Version)<\/td>\n<\/tr>\n<tr>\n<td>9<\/td>\n<td>Como Lo Hice Yo<\/td>\n<td><\/td>\n<\/tr>\n<tr>\n<td>10<\/td>\n<td>Como Te Dir\u00e9<\/td>\n<td><\/td>\n<\/tr>\n<tr>\n<td>11<\/td>\n<td>Sigamos Pecando<\/td>\n<td><\/td>\n<\/tr>\n<tr>\n<td>12<\/td>\n<td>Arr\u00e1ncame La Vida<\/td>\n<td><\/td>\n<\/tr>\n<tr>\n<td><\/td>\n<td><\/td>\n<td><\/td>\n<\/tr>\n<tr>\n<td style=\"text-align: center;\"><\/td>\n<td style=\"text-align: center;\"><strong>Sandro Lo Mejor<\/strong><\/td>\n<td style=\"text-align: center;\"><strong>2007<\/strong><\/td>\n<\/tr>\n<tr>\n<td>1<\/td>\n<td>Penas<\/td>\n<td><\/td>\n<\/tr>\n<tr>\n<td>2<\/td>\n<td>Rosa&#8230; Rosa<\/td>\n<td><\/td>\n<\/tr>\n<tr>\n<td>3<\/td>\n<td>Trigal.<\/td>\n<td><\/td>\n<\/tr>\n<tr>\n<td>4<\/td>\n<td>Pobre mi madre querida<\/td>\n<td><\/td>\n<\/tr>\n<tr>\n<td>5<\/td>\n<td>Como lo hice yo<\/td>\n<td><\/td>\n<\/tr>\n<tr>\n<td>6<\/td>\n<td>Dame el fuego de tu amor<\/td>\n<td><\/td>\n<\/tr>\n<tr>\n<td>7<\/td>\n<td>Quiero llenarme de T\u00ed<\/td>\n<td><\/td>\n<\/tr>\n<tr>\n<td>8<\/td>\n<td>Como te dir\u00e9<\/td>\n<td><\/td>\n<\/tr>\n<tr>\n<td>9<\/td>\n<td>Ave de paso<\/td>\n<td><\/td>\n<\/tr>\n<tr>\n<td>10<\/td>\n<td>Porque yo te amo<\/td>\n<td><\/td>\n<\/tr>\n<tr>\n<td>11<\/td>\n<td>Noche de amantes<\/td>\n<td><\/td>\n<\/tr>\n<tr>\n<td>12<\/td>\n<td>Penumbras<\/td>\n<td><\/td>\n<\/tr>\n<tr>\n<td>13<\/td>\n<td>Una muchacha y una guitarra<\/td>\n<td><\/td>\n<\/tr>\n<tr>\n<td>14<\/td>\n<td>Querida (Honey)<\/td>\n<td><\/td>\n<\/tr>\n<tr>\n<td>15<\/td>\n<td>Por tu amor<\/td>\n<td><\/td>\n<\/tr>\n<tr>\n<td>16<\/td>\n<td>La Vida Sigue Igual<\/td>\n<td><\/td>\n<\/tr>\n<tr>\n<td>17<\/td>\n<td>Tengo<\/td>\n<td><\/td>\n<\/tr>\n<tr>\n<td>18<\/td>\n<td>As\u00ed<\/td>\n<td><\/td>\n<\/tr>\n<tr>\n<td>19<\/td>\n<td>Se te nota<\/td>\n<td><\/td>\n<\/tr>\n<tr>\n<td>20<\/td>\n<td>Te propongo<\/td>\n<td><\/td>\n<\/tr>\n<tr>\n<td>21<\/td>\n<td>Me amas y me dejas<\/td>\n<td><\/td>\n<\/tr>\n<tr>\n<td>22<\/td>\n<td>Hasta Aqui Llego Mi Amor<\/td>\n<td><\/td>\n<\/tr>\n<tr>\n<td>23<\/td>\n<td>La vida continua<\/td>\n<td><\/td>\n<\/tr>\n<\/tbody>\n<\/table>\n<p>&nbsp;<\/p>\n<\/div>\n<\/div>\n<div class=\"epyt-video-wrapper\"><iframe loading=\"lazy\"  id=\"_ytid_85498\"  width=\"618\" height=\"347\"  data-origwidth=\"618\" data-origheight=\"347\" src=\"https:\/\/www.youtube.com\/embed\/FnR_L78DSDI?enablejsapi=1&#038;autoplay=0&#038;cc_load_policy=0&#038;cc_lang_pref=&#038;iv_load_policy=1&#038;loop=0&#038;modestbranding=0&#038;rel=1&#038;fs=1&#038;playsinline=0&#038;autohide=2&#038;theme=dark&#038;color=red&#038;controls=1&#038;\" class=\"__youtube_prefs__  epyt-is-override  no-lazyload\" title=\"YouTube player\"  allow=\"fullscreen; accelerometer; autoplay; clipboard-write; encrypted-media; gyroscope; picture-in-picture\" allowfullscreen data-no-lazy=\"1\" data-skipgform_ajax_framebjll=\"\"><\/iframe><\/div>\n","protected":false},"excerpt":{"rendered":"<p>&nbsp; Fecha de Nacimiento: 19 de agosto de 1945 &nbsp; Fecha de Fallecimiento: 4 de enero de 2010 &nbsp; Biograf\u00eda &nbsp; Roberto S\u00e1nchez, conocido art\u00edsticamente como Sandro, fue un cantautor argentino de canci\u00f3n mel\u00f3dica, rock and roll y pop en castellano &nbsp; Sandro nace en Buenos Aires, Argentina, un 19 de agosto de 1945. Desde &hellip;<\/p>\n","protected":false},"author":1,"featured_media":0,"parent":0,"menu_order":0,"comment_status":"closed","ping_status":"closed","template":"","meta":{"footnotes":""},"class_list":["post-28649","page","type-page","status-publish",""],"jetpack_sharing_enabled":true,"_links":{"self":[{"href":"https:\/\/mickyandoniehn.com\/radio\/wp-json\/wp\/v2\/pages\/28649","targetHints":{"allow":["GET"]}}],"collection":[{"href":"https:\/\/mickyandoniehn.com\/radio\/wp-json\/wp\/v2\/pages"}],"about":[{"href":"https:\/\/mickyandoniehn.com\/radio\/wp-json\/wp\/v2\/types\/page"}],"author":[{"embeddable":true,"href":"https:\/\/mickyandoniehn.com\/radio\/wp-json\/wp\/v2\/users\/1"}],"replies":[{"embeddable":true,"href":"https:\/\/mickyandoniehn.com\/radio\/wp-json\/wp\/v2\/comments?post=28649"}],"version-history":[{"count":3,"href":"https:\/\/mickyandoniehn.com\/radio\/wp-json\/wp\/v2\/pages\/28649\/revisions"}],"predecessor-version":[{"id":30505,"href":"https:\/\/mickyandoniehn.com\/radio\/wp-json\/wp\/v2\/pages\/28649\/revisions\/30505"}],"wp:attachment":[{"href":"https:\/\/mickyandoniehn.com\/radio\/wp-json\/wp\/v2\/media?parent=28649"}],"curies":[{"name":"wp","href":"https:\/\/api.w.org\/{rel}","templated":true}]}}