{"id":28569,"date":"2022-08-26T10:34:11","date_gmt":"2022-08-26T16:34:11","guid":{"rendered":"https:\/\/mickyandoniehn.com\/radio\/?page_id=28569"},"modified":"2024-07-23T08:46:16","modified_gmt":"2024-07-23T14:46:16","slug":"heinz-burt","status":"publish","type":"page","link":"https:\/\/mickyandoniehn.com\/radio\/heinz-burt\/","title":{"rendered":"Heinz Burt"},"content":{"rendered":"<p style=\"text-align: justify;\"><img loading=\"lazy\" decoding=\"async\" class=\" wp-image-73717 aligncenter\" src=\"http:\/\/mickyandoniehn.com\/radio\/wp-content\/uploads\/2023\/07\/Heinz-Burt-201x300.jpg\" alt=\"\" width=\"349\" height=\"521\" srcset=\"https:\/\/mickyandoniehn.com\/radio\/wp-content\/uploads\/2023\/07\/Heinz-Burt-201x300.jpg 201w, https:\/\/mickyandoniehn.com\/radio\/wp-content\/uploads\/2023\/07\/Heinz-Burt.jpg 237w\" sizes=\"auto, (max-width: 349px) 100vw, 349px\" \/><\/p>\n<p>&nbsp;<\/p>\n<div class=\"cxmmr5t8 oygrvhab hcukyx3x c1et5uql o9v6fnle\" style=\"text-align: justify;\">\n<div dir=\"auto\"><strong>Fecha de Nacimiento:<\/strong> 24 de julio de 1942<\/div>\n<p>&nbsp;<\/p>\n<div dir=\"auto\"><\/div>\n<div dir=\"auto\"><strong>Fecha de Fallecimiento:<\/strong> 7 de abril de 2000<\/div>\n<p>&nbsp;<\/p>\n<div dir=\"auto\"><\/div>\n<\/div>\n<div class=\"cxmmr5t8 oygrvhab hcukyx3x c1et5uql o9v6fnle\" style=\"text-align: justify;\">\n<div dir=\"auto\" style=\"text-align: justify;\"><strong>Biograf\u00eda:<\/strong><\/div>\n<p>&nbsp;<\/p>\n<div dir=\"auto\" style=\"text-align: justify;\"><\/div>\n<div dir=\"auto\">Heinz naci\u00f3 en Detmold en 1942. Su padre muri\u00f3 en la segunda guerra mundial (1939-1945), por lo que a los siete a\u00f1os de edad (en 1949) Heinz se mud\u00f3 con su madre al pueblo de Eastleigh, en el condado de Hampshire, 8 km al norte del centro de la ciudad de Southampton (sur de Inglaterra). Heinz fue influenciado por el cantante estadounidense Eddie Cochran. A fines de los a\u00f1os cincuenta empez\u00f3 a tocar en una banda de skiffle, los Falcons.<\/div>\n<div dir=\"auto\"><\/div>\n<p>&nbsp;<\/p>\n<\/div>\n<div class=\"cxmmr5t8 oygrvhab hcukyx3x c1et5uql o9v6fnle\" style=\"text-align: justify;\">\n<div dir=\"auto\">Cuando trabajaba en una tienda de comestibles de Southampton, Heinz llam\u00f3 la atenci\u00f3n del productor Joe Meek, convirti\u00e9ndose en su protegido. Meek cre\u00f3 la imagen de Heinz, que incluy\u00f3 el persuadirlo a que se decolorara el cabello con per\u00f3xido, y se vistiera ropa de cuero muy ajustada.<\/div>\n<p>&nbsp;<\/p>\n<div dir=\"auto\"><\/div>\n<\/div>\n<div class=\"cxmmr5t8 oygrvhab hcukyx3x c1et5uql o9v6fnle\" style=\"text-align: justify;\">\n<div dir=\"auto\">Heinz empez\u00f3 a tocar el bajo el\u00e9ctrico en la banda The Tornados, manejada por Meek. Este estaba trabajando mucho en el estudio con la banda para crear un nuevo \u00absonido espacial\u00bb. Fruto de estos esfuerzos fue la breve obra instrumental \u00abTelstar\u00bb (llamada as\u00ed en honor al sat\u00e9lite estadounidense Telstar, el primer sat\u00e9lite de comunicaciones), que inclu\u00eda un teclado electr\u00f3nico llamado clavioline. El single termin\u00f3 siendo un \u00e9xito multimillonario: vendi\u00f3 cinco millones de copias.<\/div>\n<p>&nbsp;<\/p>\n<div dir=\"auto\"><\/div>\n<\/div>\n<div class=\"cxmmr5t8 oygrvhab hcukyx3x c1et5uql o9v6fnle\" style=\"text-align: justify;\">\n<div dir=\"auto\">Al a\u00f1o siguiente (1963) Heinz abandon\u00f3 a los Tornados y lanz\u00f3 su carrera en solitario. Inicialmente su banda se llamaba The Saints (Heinz y los santos). Debido a la insuficiente voz de Heinz, en su primer single Dreams do come true (\u2018los sue\u00f1os s\u00ed se hacen realidad\u2019), Meek hizo que su voz fuera doblada por otro cantante.<\/div>\n<p>&nbsp;<\/p>\n<\/div>\n<div class=\"cxmmr5t8 oygrvhab hcukyx3x c1et5uql o9v6fnle\" style=\"text-align: justify;\">\n<div dir=\"auto\">El single fue un fracaso comercial.<\/div>\n<p>&nbsp;<\/p>\n<div dir=\"auto\"><\/div>\n<\/div>\n<div class=\"cxmmr5t8 oygrvhab hcukyx3x c1et5uql o9v6fnle\" style=\"text-align: justify;\">\n<div dir=\"auto\">Meek, para promover a Heinz, lo envi\u00f3 en una gira con Gene Vincent y Jerry Lee Lewis. El p\u00fablico no tuvo piedad con \u00e9l y le lanzaban frijoles al escenario.<\/div>\n<p>&nbsp;<\/p>\n<\/div>\n<div class=\"cxmmr5t8 oygrvhab hcukyx3x c1et5uql o9v6fnle\" style=\"text-align: justify;\">\n<div dir=\"auto\">Su banda acompa\u00f1ante se llamaba The Outlaws (\u2018los fuera de la ley\u2019), formada por Ritchie Blackmore (quien tocaba la guitarra el\u00e9ctrica l\u00edder), Chas Hodges, Mike Berry y Mick Underwood. Su siguiente single fue Just like Eddie \u2015un homenaje a Eddie Cochran con m\u00fasica y letra de Geoff Goddard\u2015, que alcanz\u00f3 el quinto lugar en las listas brit\u00e1nicas de \u00e9xitos. El LP Tribute to Eddie alcanz\u00f3 el lugar 12.\u00ba en las listas de 1964. Este single coincidi\u00f3 con la aparici\u00f3n de la banda The Beatles y tuvo \u00e9xito. Fue el disco m\u00e1s exitoso de la carrera de Heinz.<\/div>\n<p>&nbsp;<\/p>\n<\/div>\n<div class=\"cxmmr5t8 oygrvhab hcukyx3x c1et5uql o9v6fnle\" style=\"text-align: justify;\">\n<div dir=\"auto\">Su banda de apoyo se llamaba The Wild Ones (\u2018los salvajes\u2019) o The Wild Boys (\u2018los chicos salvajes\u2019).<\/div>\n<p>&nbsp;<\/p>\n<div dir=\"auto\"><\/div>\n<\/div>\n<div class=\"cxmmr5t8 oygrvhab hcukyx3x c1et5uql o9v6fnle\" style=\"text-align: justify;\">\n<div dir=\"auto\">Despu\u00e9s se publicaron don EP seguidos \u2015Heinz, y Live it up\u2015, y en 1963 actu\u00f3 en la pel\u00edcula musical brit\u00e1nica Live it up!. La banda sonora fue producida por Meek, y Heinz actu\u00f3 en el papel de Ron y tambi\u00e9n contribuy\u00f3 con una canci\u00f3n. Despu\u00e9s de una gira bien recibida con Billy J. Kramer and the Dakota, y Bobby Rydell, Heinz fue visto como perteneciente a la \u00e9poca del rock and roll, mientras en todo el pa\u00eds estaba m\u00e1s de moda el mersey beat, m\u00e1s moderno.<\/div>\n<p>&nbsp;<\/p>\n<div dir=\"auto\"><\/div>\n<\/div>\n<div class=\"cxmmr5t8 oygrvhab hcukyx3x c1et5uql o9v6fnle\" style=\"text-align: justify;\">\n<div dir=\"auto\">Heinz hizo un c\u00f3ver de la canci\u00f3n \u00abDon\u2019t think twice, it\u2019s alright\u00bb (\u2018no lo pienses dos veces, est\u00e1 bien\u2019), de Bob Dylan, que fue otro fracaso comercial. Heinz pas\u00f3 de la discogr\u00e1fica Dec\u00eda a la EMI. Tuvo un \u00e9xito menor con Diggin\u2019 my potatoes (\u2018estoy enterrando mis patatas\u2019).<\/div>\n<p>&nbsp;<\/p>\n<div dir=\"auto\"><\/div>\n<\/div>\n<div class=\"cxmmr5t8 oygrvhab hcukyx3x c1et5uql o9v6fnle\" style=\"text-align: justify;\">\n<div dir=\"auto\">Empezaron a aparecer diferencias con Meek a nivel profesional y personal. Cuando Heinz le present\u00f3 su novia a Meek, la relaci\u00f3n entre ellos se termin\u00f3 de quebrar. Heinz vivi\u00f3 brevemente en el apartamento que alquilaba Meek, pero cuando tuvieron desacuerdos sobre los derechos de autor de las canciones, Heinz se mud\u00f3, dejando algunas posesiones detr\u00e1s, incluyendo una escopeta.<\/div>\n<p>&nbsp;<\/p>\n<\/div>\n<div class=\"cxmmr5t8 oygrvhab hcukyx3x c1et5uql o9v6fnle\" style=\"text-align: justify;\">\n<div dir=\"auto\">En 1967, con esa escopeta, Meek mat\u00f3 a la due\u00f1a de su apartamento y luego se suicid\u00f3. Heinz fue interrogado por la polic\u00eda \u2015ya que la escopeta estaba a su nombre\u2015, pero se lleg\u00f3 a la conclusi\u00f3n de que \u00e9l no hab\u00eda tenido nada que ver con las muertes.<\/div>\n<p>&nbsp;<\/p>\n<div dir=\"auto\"><\/div>\n<\/div>\n<div class=\"cxmmr5t8 oygrvhab hcukyx3x c1et5uql o9v6fnle\" style=\"text-align: justify;\">\n<div dir=\"auto\">La muerte de Meek puso fin a la carrera musical de Heinz como cantante solista. Desde entonces trabaj\u00f3 fuera de la industria musical, incluyendo una publicidad para un peri\u00f3dico local, The Post Dagenham.<\/div>\n<p>&nbsp;<\/p>\n<div dir=\"auto\"><\/div>\n<\/div>\n<div class=\"cxmmr5t8 oygrvhab hcukyx3x c1et5uql o9v6fnle\" style=\"text-align: justify;\">\n<div dir=\"auto\">Aunque a menudo se lo desestim\u00f3 como un talento mediocre al que Meek hab\u00eda empujado a la fama, Heinz era un artista entusiasta y en los a\u00f1os setenta trabaj\u00f3 como actor de teatro y de pantomima.<\/div>\n<p>&nbsp;<\/p>\n<div dir=\"auto\"><\/div>\n<\/div>\n<div class=\"cxmmr5t8 oygrvhab hcukyx3x c1et5uql o9v6fnle\" style=\"text-align: justify;\">\n<div dir=\"auto\">En 1972, Heinz cant\u00f3 en el festival London Rock and Roll Show. En su banda de acompa\u00f1amiento tocaban John B. Sparkes y Wilko Johnson (de la banda Dr. Feelgood).<\/div>\n<p>&nbsp;<\/p>\n<\/div>\n<div class=\"cxmmr5t8 oygrvhab hcukyx3x c1et5uql o9v6fnle\" style=\"text-align: justify;\">\n<div dir=\"auto\">Se le diagnostic\u00f3 esclerosis lateral amiotr\u00f3fica \u2015una enfermedad neurodegenerativa que no afecta las funciones cognitivas\u2015, pero Heinz sigui\u00f3 present\u00e1ndose en televisi\u00f3n y bares. Aparec\u00eda en shows que reviv\u00edan los a\u00f1os sesenta.<\/div>\n<p>&nbsp;<\/p>\n<div dir=\"auto\"><\/div>\n<\/div>\n<div class=\"cxmmr5t8 oygrvhab hcukyx3x c1et5uql o9v6fnle\" style=\"text-align: justify;\">\n<div dir=\"auto\">Su \u00faltima aparici\u00f3n \u2015en silla de ruedas\u2015 fue a fines de marzo de 2000, cantando en un club social, dos semanas antes de su muerte.<\/div>\n<p>&nbsp;<\/p>\n<\/div>\n<div class=\"cxmmr5t8 oygrvhab hcukyx3x c1et5uql o9v6fnle\" style=\"text-align: justify;\">\n<div dir=\"auto\">Heinz falleci\u00f3 en 2000, a los 57 a\u00f1os, despu\u00e9s de sufrir un ataque cerebrovascular en la ciudad de Weston (suburbio de Southampton, 5 km al este del centro de la ciudad).<\/div>\n<p>&nbsp;<\/p>\n<div dir=\"auto\"><\/div>\n<\/div>\n<div class=\"cxmmr5t8 oygrvhab hcukyx3x c1et5uql o9v6fnle\" style=\"text-align: justify;\">\n<div dir=\"auto\"><strong>Wikipedia in English<\/strong><\/div>\n<p>&nbsp;<\/p>\n<div dir=\"auto\"><\/div>\n<\/div>\n<div class=\"cxmmr5t8 oygrvhab hcukyx3x c1et5uql o9v6fnle\" style=\"text-align: justify;\">\n<div dir=\"auto\"><b>Date of Birth<\/b> July 24, 1942<\/div>\n<p>&nbsp;<\/p>\n<div dir=\"auto\"><\/div>\n<div dir=\"auto\"><strong>Date of Death:<\/strong> April 7, 2000<\/div>\n<p>&nbsp;<\/p>\n<div dir=\"auto\"><\/div>\n<\/div>\n<div class=\"cxmmr5t8 oygrvhab hcukyx3x c1et5uql o9v6fnle\" style=\"text-align: justify;\">\n<div dir=\"auto\"><strong>Biography:<\/strong><\/div>\n<p>&nbsp;<\/p>\n<div dir=\"auto\"><\/div>\n<div dir=\"auto\">Heinz was born in Detmold in 1942. His father died in the Second World War (1939-1945), so at the age of seven (in 1949) Heinz moved with his mother to the town of Eastleigh, in the county of Hampshire. , 8 km north of Southampton city center (southern England). Heinz was influenced by the American singer Eddie Cochran. In the late 1950s he started playing in a skiffle band, the Falcons.<\/div>\n<p>&nbsp;<\/p>\n<div dir=\"auto\"><\/div>\n<\/div>\n<div class=\"cxmmr5t8 oygrvhab hcukyx3x c1et5uql o9v6fnle\" style=\"text-align: justify;\">\n<div dir=\"auto\">While working in a Southampton grocery store, Heinz caught the attention of producer Joe Meek, becoming his prot\u00e9g\u00e9. Meek created the image of Heinz, which included persuading him to bleach his hair with peroxide, and wear tight-fitting leather clothing.<\/div>\n<p>&nbsp;<\/p>\n<div dir=\"auto\"><\/div>\n<\/div>\n<div class=\"cxmmr5t8 oygrvhab hcukyx3x c1et5uql o9v6fnle\" style=\"text-align: justify;\">\n<div dir=\"auto\">Heinz began playing electric bass in the band The Tornados, managed by Meek. He was working hard in the studio with the band to create a new &#8220;spatial sound.&#8221; The result of these efforts was the short instrumental work &#8220;Telstar&#8221; (named after the American satellite Telstar, the first communications satellite), which included an electronic keyboard called a clavioline. The single ended up being a multi-million dollar hit &#8211; it sold five million copies.<\/div>\n<p>&nbsp;<\/p>\n<div dir=\"auto\"><\/div>\n<\/div>\n<div class=\"cxmmr5t8 oygrvhab hcukyx3x c1et5uql o9v6fnle\" style=\"text-align: justify;\">\n<div dir=\"auto\">The following year (1963) Heinz left the Tornados and launched his solo career. Initially his band was called The Saints (Heinz and the Saints). Due to the insufficient voice of Heinz, in his first single Dreams do come true (\u2018dreams do come true\u2019), Meek had his voice dubbed by another singer.<\/div>\n<p>&nbsp;<\/p>\n<\/div>\n<div class=\"cxmmr5t8 oygrvhab hcukyx3x c1et5uql o9v6fnle\" style=\"text-align: justify;\">\n<div dir=\"auto\">The single was a commercial failure.<\/div>\n<p>&nbsp;<\/p>\n<div dir=\"auto\"><\/div>\n<\/div>\n<div class=\"cxmmr5t8 oygrvhab hcukyx3x c1et5uql o9v6fnle\" style=\"text-align: justify;\">\n<div dir=\"auto\">Meek, to promote Heinz, sent him on a tour with Gene Vincent and Jerry Lee Lewis. The public had no mercy with him and they threw beans at him on stage.<\/div>\n<p>&nbsp;<\/p>\n<\/div>\n<div class=\"cxmmr5t8 oygrvhab hcukyx3x c1et5uql o9v6fnle\" style=\"text-align: justify;\">\n<div dir=\"auto\">His accompanying band was called The Outlaws (&#8220;outlaws&#8221;), made up of Ritchie Blackmore (who played lead electric guitar), Chas Hodges, Mike Berry and Mick Underwood. His next single was Just Like Eddie &#8211; a tribute to Eddie Cochran with music and lyrics by Geoff Goddard &#8211; which reached fifth place on the UK charts. The LP Tribute to Eddie reached 12th on the 1964 charts. This single coincided with the appearance of the band The Beatles and was successful. It was the most successful album of Heinz&#8217;s career.<\/div>\n<p>&nbsp;<\/p>\n<\/div>\n<div class=\"cxmmr5t8 oygrvhab hcukyx3x c1et5uql o9v6fnle\" style=\"text-align: justify;\">\n<div dir=\"auto\">His backing band was called The Wild Ones or The Wild Boys.<\/div>\n<p>&nbsp;<\/p>\n<div dir=\"auto\"><\/div>\n<\/div>\n<div class=\"cxmmr5t8 oygrvhab hcukyx3x c1et5uql o9v6fnle\" style=\"text-align: justify;\">\n<div dir=\"auto\">Heinz, and Live it up, were released back-to-back EPs, and in 1963 he starred in the British musical film Live it up! The soundtrack was produced by Meek, and Heinz played the role of Ron and also contributed a song. After a well-received tour with Billy J. Kramer and the Dakotas, and Bobby Rydell, Heinz was seen as belonging to the rock and roll era, while the more modern merseybeat was more fashionable across the country.<\/div>\n<p>&nbsp;<\/p>\n<div dir=\"auto\"><\/div>\n<\/div>\n<div class=\"cxmmr5t8 oygrvhab hcukyx3x c1et5uql o9v6fnle\" style=\"text-align: justify;\">\n<div dir=\"auto\">Heinz covered the song &#8220;Don\u2019t think twice, it\u2019s alright&#8221; by Bob Dylan, which was another commercial failure. Heinz went from the Decca record label to EMI. He had minor success with Diggin &#8216;my potatoes.<\/div>\n<p>&nbsp;<\/p>\n<div dir=\"auto\"><\/div>\n<\/div>\n<div class=\"cxmmr5t8 oygrvhab hcukyx3x c1et5uql o9v6fnle\" style=\"text-align: justify;\">\n<div dir=\"auto\">Differences with Meek began to appear on a professional and personal level. When Heinz introduced his girlfriend to Meek, their relationship fell apart. Heinz briefly lived in the apartment Meek rented, but when they had disagreements over the copyrights of the songs, Heinz moved out, leaving some possessions behind, including a shotgun.<\/div>\n<p>&nbsp;<\/p>\n<\/div>\n<div class=\"cxmmr5t8 oygrvhab hcukyx3x c1et5uql o9v6fnle\" style=\"text-align: justify;\">\n<div dir=\"auto\">In 1967, with that shotgun, Meek killed the owner of his apartment and then committed suicide. Heinz was questioned by the police &#8211; since the shotgun was in his name &#8211; but it was concluded that he had nothing to do with the deaths.<\/div>\n<p>&nbsp;<\/p>\n<div dir=\"auto\"><\/div>\n<\/div>\n<div class=\"cxmmr5t8 oygrvhab hcukyx3x c1et5uql o9v6fnle\" style=\"text-align: justify;\">\n<div dir=\"auto\">Meek&#8217;s death ended Heinz&#8217;s musical career as a solo singer. Since then he has worked outside of the music industry, including an advertisement for a local newspaper, The Post Dagenham.<\/div>\n<p>&nbsp;<\/p>\n<\/div>\n<div class=\"cxmmr5t8 oygrvhab hcukyx3x c1et5uql o9v6fnle\" style=\"text-align: justify;\">\n<div dir=\"auto\">Although he was often dismissed as a mediocre talent who had been propelled by Meek to fame, Heinz was an avid performer and in the 1970s he worked as a stage and pantomime actor.<\/div>\n<p>&nbsp;<\/p>\n<\/div>\n<div class=\"cxmmr5t8 oygrvhab hcukyx3x c1et5uql o9v6fnle\" style=\"text-align: justify;\">\n<div dir=\"auto\">In 1972, Heinz sang at the London Rock and Roll Show festival. John B. Sparkes and Wilko Johnson (from the band Dr. Feelgood) played in his backing band.<\/div>\n<p>&nbsp;<\/p>\n<\/div>\n<div class=\"cxmmr5t8 oygrvhab hcukyx3x c1et5uql o9v6fnle\" style=\"text-align: justify;\">\n<div dir=\"auto\">He was diagnosed with amyotrophic lateral sclerosis &#8211; a neurodegenerative disease that does not affect cognitive functions &#8211; but Heinz continued<\/div>\n<p>&nbsp;<\/p>\n<div dir=\"auto\">to appear on television and in bars. He appeared on shows that revived the sixties.<\/div>\n<p>&nbsp;<\/p>\n<div dir=\"auto\"><\/div>\n<div dir=\"auto\">His last appearance &#8211; in a wheelchair &#8211; was in late March 2000, singing at a social club, two weeks before his death.<\/div>\n<p>&nbsp;<\/p>\n<\/div>\n<div class=\"cxmmr5t8 oygrvhab hcukyx3x c1et5uql o9v6fnle\" style=\"text-align: justify;\">\n<div dir=\"auto\">Heinz passed away in 2000, aged 57, after suffering a stroke in the town of Weston (suburb of Southampton, 5 km east of the city center).<\/div>\n<p>&nbsp;<\/p>\n<div dir=\"auto\"><\/div>\n<\/div>\n<div class=\"cxmmr5t8 oygrvhab hcukyx3x c1et5uql o9v6fnle\" style=\"text-align: justify;\">\n<div dir=\"auto\">\n<p id=\"tw-target-text\" class=\"tw-data-text tw-text-large tw-ta\" dir=\"ltr\" data-placeholder=\"Traducci\u00f3n\"><strong><span class=\"Y2IQFc\" lang=\"en\">Discography<\/span><\/strong><\/p>\n<p>&nbsp;<\/p>\n<\/div>\n<\/div>\n<div class=\"cxmmr5t8 oygrvhab hcukyx3x c1et5uql o9v6fnle\" style=\"text-align: justify;\">\n<div dir=\"auto\">\n<table width=\"561\">\n<tbody>\n<tr>\n<td style=\"text-align: center;\" width=\"127\"><strong>Genero Rock, Pop<\/strong><\/td>\n<td style=\"text-align: center;\" width=\"319\"><strong>Escuchar Tema<\/strong><\/td>\n<td style=\"text-align: center;\" width=\"115\"><strong>A\u00f1o de Publicacion<\/strong><\/td>\n<\/tr>\n<tr>\n<td>1<\/td>\n<td>Tornados &#8211; Telstar<\/td>\n<td>1962<\/td>\n<\/tr>\n<tr>\n<td>2<\/td>\n<td>Telstar<\/td>\n<td>1962<\/td>\n<\/tr>\n<tr>\n<td>3<\/td>\n<td>I&#8217;d Never Find Another You<\/td>\n<td>1963<\/td>\n<\/tr>\n<tr>\n<td>4<\/td>\n<td>Globetrotter<\/td>\n<td>1963<\/td>\n<\/tr>\n<tr>\n<td>5<\/td>\n<td>Costa Monger<\/td>\n<td>1998<\/td>\n<\/tr>\n<tr>\n<td><\/td>\n<td><\/td>\n<td><\/td>\n<\/tr>\n<\/tbody>\n<\/table>\n<\/div>\n<div dir=\"auto\"><\/div>\n<\/div>\n<div class=\"cxmmr5t8 oygrvhab hcukyx3x c1et5uql o9v6fnle\" style=\"text-align: justify;\">\n<div dir=\"auto\">Cr\u00e9ditos: Tomado de Wikipedia<\/div>\n<div dir=\"auto\"><a class=\"oajrlxb2 g5ia77u1 qu0x051f esr5mh6w e9989ue4 r7d6kgcz rq0escxv nhd2j8a9 nc684nl6 p7hjln8o kvgmc6g5 cxmmr5t8 oygrvhab hcukyx3x jb3vyjys rz4wbd8a qt6c0cv9 a8nywdso i1ao9s8h esuyzwwr f1sip0of lzcic4wl gpro0wi8 py34i1dx\" tabindex=\"0\" role=\"link\" href=\"https:\/\/en.wikipedia.org\/wiki\/Heinz_Burt?fbclid=IwAR3mjXzVHZmX89vv4daBjqhmLiEZi2amb1mOX25rq-dUFl7sPOEEDx9oifQ\" target=\"_blank\" rel=\"nofollow noopener\">https:\/\/en.wikipedia.org\/wiki\/Heinz_Burt<\/a><\/div>\n<\/div>\n<div class=\"epyt-video-wrapper\"><iframe loading=\"lazy\"  id=\"_ytid_38148\"  width=\"618\" height=\"347\"  data-origwidth=\"618\" data-origheight=\"347\" src=\"https:\/\/www.youtube.com\/embed\/jsvNCkPiMQM?enablejsapi=1&#038;autoplay=0&#038;cc_load_policy=0&#038;cc_lang_pref=&#038;iv_load_policy=1&#038;loop=0&#038;modestbranding=0&#038;rel=1&#038;fs=1&#038;playsinline=0&#038;autohide=2&#038;theme=dark&#038;color=red&#038;controls=1&#038;\" class=\"__youtube_prefs__  epyt-is-override  no-lazyload\" title=\"YouTube player\"  allow=\"fullscreen; accelerometer; autoplay; clipboard-write; encrypted-media; gyroscope; picture-in-picture\" allowfullscreen data-no-lazy=\"1\" data-skipgform_ajax_framebjll=\"\"><\/iframe><\/div>\n","protected":false},"excerpt":{"rendered":"<p>&nbsp; Fecha de Nacimiento: 24 de julio de 1942 &nbsp; Fecha de Fallecimiento: 7 de abril de 2000 &nbsp; Biograf\u00eda: &nbsp; Heinz naci\u00f3 en Detmold en 1942. Su padre muri\u00f3 en la segunda guerra mundial (1939-1945), por lo que a los siete a\u00f1os de edad (en 1949) Heinz se mud\u00f3 con su madre al pueblo &hellip;<\/p>\n","protected":false},"author":1,"featured_media":0,"parent":0,"menu_order":0,"comment_status":"closed","ping_status":"closed","template":"","meta":{"footnotes":""},"class_list":["post-28569","page","type-page","status-publish",""],"jetpack_sharing_enabled":true,"_links":{"self":[{"href":"https:\/\/mickyandoniehn.com\/radio\/wp-json\/wp\/v2\/pages\/28569","targetHints":{"allow":["GET"]}}],"collection":[{"href":"https:\/\/mickyandoniehn.com\/radio\/wp-json\/wp\/v2\/pages"}],"about":[{"href":"https:\/\/mickyandoniehn.com\/radio\/wp-json\/wp\/v2\/types\/page"}],"author":[{"embeddable":true,"href":"https:\/\/mickyandoniehn.com\/radio\/wp-json\/wp\/v2\/users\/1"}],"replies":[{"embeddable":true,"href":"https:\/\/mickyandoniehn.com\/radio\/wp-json\/wp\/v2\/comments?post=28569"}],"version-history":[{"count":3,"href":"https:\/\/mickyandoniehn.com\/radio\/wp-json\/wp\/v2\/pages\/28569\/revisions"}],"predecessor-version":[{"id":75227,"href":"https:\/\/mickyandoniehn.com\/radio\/wp-json\/wp\/v2\/pages\/28569\/revisions\/75227"}],"wp:attachment":[{"href":"https:\/\/mickyandoniehn.com\/radio\/wp-json\/wp\/v2\/media?parent=28569"}],"curies":[{"name":"wp","href":"https:\/\/api.w.org\/{rel}","templated":true}]}}