{"id":28492,"date":"2022-08-26T09:58:36","date_gmt":"2022-08-26T15:58:36","guid":{"rendered":"https:\/\/mickyandoniehn.com\/radio\/?page_id=28492"},"modified":"2022-09-01T11:48:29","modified_gmt":"2022-09-01T17:48:29","slug":"pastor-lopez","status":"publish","type":"page","link":"https:\/\/mickyandoniehn.com\/radio\/pastor-lopez\/","title":{"rendered":"Pastor L\u00f3pez"},"content":{"rendered":"<p style=\"text-align: justify;\"><img loading=\"lazy\" decoding=\"async\" class=\" wp-image-25625 aligncenter\" src=\"http:\/\/mickyandoniehn.com\/radio\/wp-content\/uploads\/2022\/08\/Pastor-Lopez-300x207.png\" alt=\"\" width=\"835\" height=\"576\" srcset=\"https:\/\/mickyandoniehn.com\/radio\/wp-content\/uploads\/2022\/08\/Pastor-Lopez-300x207.png 300w, https:\/\/mickyandoniehn.com\/radio\/wp-content\/uploads\/2022\/08\/Pastor-Lopez-110x75.png 110w, https:\/\/mickyandoniehn.com\/radio\/wp-content\/uploads\/2022\/08\/Pastor-Lopez.png 521w\" sizes=\"auto, (max-width: 835px) 100vw, 835px\" \/><\/p>\n<p>&nbsp;<\/p>\n<div class=\"cxmmr5t8 oygrvhab hcukyx3x c1et5uql o9v6fnle ii04i59q\" style=\"text-align: justify;\">\n<div dir=\"auto\"><strong>Fecha de Nacimiento:<\/strong> 15 de junio de 1944<\/div>\n<p>&nbsp;<\/p>\n<div dir=\"auto\"><\/div>\n<div dir=\"auto\"><strong>Fecha de Fallecimiento:<\/strong> 05 de abril de 2019<\/div>\n<p>&nbsp;<\/p>\n<\/div>\n<div dir=\"auto\"><\/div>\n<div dir=\"auto\"><strong>Biografia<\/strong><\/div>\n<p>&nbsp;<\/p>\n<div class=\"cxmmr5t8 oygrvhab hcukyx3x c1et5uql o9v6fnle ii04i59q\" style=\"text-align: justify;\">\n<div dir=\"auto\"><\/div>\n<\/div>\n<div class=\"cxmmr5t8 oygrvhab hcukyx3x c1et5uql o9v6fnle ii04i59q\" style=\"text-align: justify;\">\n<div dir=\"auto\">Jos\u00e9 Pastor L\u00f3pez Pineda, m\u00e1s conocido como Pastor L\u00f3pez, fue un cantante y compositor venezolano, con nacionalidad colombiana, (Barquisimeto, Venezuela; 15 de junio de 1944 &#8211; C\u00facuta, Colombia; 5 de abril de 2019), m\u00e1s conocido como Pastor L\u00f3pez, fue un cantante y compositor venezolano, nacionalizado colombiano, reconocido en Am\u00e9rica Latina por interpretar raspacanilla, cumbia y porro. Apodado como \u00abEl Indio\u00bb, tuvo gran transcendencia en la m\u00fasica latina, con \u00e9xitos musicales como \u00abGolpe con golpe\u00bb, \u00abEl ausente\u00bb, \u00abTraicionera\u00bb, \u00abTienes que regresar\u00bb, \u00abColegiala\u00bb, \u00abLloro mi coraz\u00f3n\u00bb, \u00abLas cale\u00f1as\u00bb, \u00abTriste Navidad\u00bb, \u00abReggaeton con otro tumbao\u00bb (con Tony Reggue), entre otros temas que situaron la cumbia colombiana en la palestra mundial.<\/div>\n<p>&nbsp;<\/p>\n<div dir=\"auto\"><\/div>\n<\/div>\n<div class=\"cxmmr5t8 oygrvhab hcukyx3x c1et5uql o9v6fnle ii04i59q\" style=\"text-align: justify;\">\n<div dir=\"auto\">El cantante y su m\u00fasica tiene gran relaci\u00f3n con la \u00e9poca decembrina en Colombia y Venezuela, donde sus canciones son colocadas en dichas fechas.<\/div>\n<p>&nbsp;<\/p>\n<div dir=\"auto\"><\/div>\n<\/div>\n<div class=\"cxmmr5t8 oygrvhab hcukyx3x c1et5uql o9v6fnle ii04i59q\" style=\"text-align: justify;\">\n<div dir=\"auto\">Impulsado por sus hermanos se inici\u00f3 cantando m\u00fasica llanera; alcanz\u00f3 reconocimiento en el combo de su compatriota Nelson Henr\u00edquez, luego de su paso por otras agrupaciones como la de Los Mayorales y el Combo de Emir Bosc\u00e1n.<\/div>\n<p>&nbsp;<\/p>\n<div dir=\"auto\"><\/div>\n<\/div>\n<div class=\"cxmmr5t8 oygrvhab hcukyx3x c1et5uql o9v6fnle ii04i59q\" style=\"text-align: justify;\">\n<div dir=\"auto\">Luego de dos a\u00f1os en el combo de Nelson Henr\u00edquez (1972-1973) y con el apoyo de Juan Enrique el de los Montes, propiedad del productor Roberto Rueda, form\u00f3 su propia agrupaci\u00f3n Pastor L\u00f3pez y su Combo 1973, desde entonces grab\u00f3 temas colombianos y cumbias, varias de las cuales son de autores de cumbia \u2014Cari\u00f1ito sin M\u00ed, Traicionera, Nuestro Anillito, Sorbito de Champagne, Las Cale\u00f1as y otras m\u00e1s\u2014. Vivi\u00f3 entre Venezuela y Colombia, en este \u00faltimo pa\u00eds realiz\u00f3 la mayor parte de sus presentaciones con su orquesta y disfrut\u00f3 de considerable popularidad; adem\u00e1s, su agrupaci\u00f3n musical fue conformada en su mayor\u00eda por m\u00fasicos colombianos.<\/div>\n<p>&nbsp;<\/p>\n<div dir=\"auto\"><\/div>\n<\/div>\n<div class=\"cxmmr5t8 oygrvhab hcukyx3x c1et5uql o9v6fnle ii04i59q\" style=\"text-align: justify;\">\n<div dir=\"auto\">La trayectoria musical de Pastor L\u00f3pez en Venezuela, Colombia, Ecuador y otros pa\u00edses fue considerablemente extensa. Su estilo fue la m\u00fasica tropical, en la que se destacan g\u00e9neros como la cumbia, el paseo vallenato, el pasea\u00edto y el porro, entre otros. Su agrupaci\u00f3n estaba conformada por dos trompetas, piano, timbal, bajo, conga, un corista y \u00e9l como cantante. Pastor fue reconocido internacionalmente, en pa\u00edses como Estados Unidos, Canad\u00e1, Espa\u00f1a, Inglaterra y en general en cualquier lugar del mundo donde existan colonias latinoamericanas.<\/div>\n<div dir=\"auto\"><\/div>\n<p>&nbsp;<\/p>\n<\/div>\n<div class=\"cxmmr5t8 oygrvhab hcukyx3x c1et5uql o9v6fnle ii04i59q\" style=\"text-align: justify;\">\n<div dir=\"auto\"><strong>Wikipedia in English<\/strong><\/div>\n<p>&nbsp;<\/p>\n<div dir=\"auto\"><\/div>\n<\/div>\n<div class=\"cxmmr5t8 oygrvhab hcukyx3x c1et5uql o9v6fnle ii04i59q\" style=\"text-align: justify;\">\n<div dir=\"auto\"><strong>Date of Born<\/strong> June 15, 1944<\/div>\n<p>&nbsp;<\/p>\n<div dir=\"auto\"><\/div>\n<div dir=\"auto\"><strong>Date of Death:<\/strong> April 5, 2019.<\/div>\n<p>&nbsp;<\/p>\n<\/div>\n<div dir=\"auto\"><\/div>\n<div dir=\"auto\"><strong>Biography<\/strong><\/div>\n<p>&nbsp;<\/p>\n<div class=\"cxmmr5t8 oygrvhab hcukyx3x c1et5uql o9v6fnle ii04i59q\" style=\"text-align: justify;\">\n<div dir=\"auto\"><\/div>\n<div dir=\"auto\">Jos\u00e9 Pastor L\u00f3pez Pineda, better known as Pastor L\u00f3pez, was a Venezuelan singer and composer, with Colombian nationality, (Barquisimeto, Venezuela; June 15, 1944 &#8211; C\u00facuta, Colombia; April 5, 2019), better known as Pastor L\u00f3pez, was a Venezuelan singer and songwriter, nationalized Colombian, recognized in Latin America for interpreting raspacanilla, cumbia and porro. Nicknamed &#8220;El Indio&#8221;, he had great transcendence in Latin music, with musical hits such as &#8220;Golpe con coup&#8221;, &#8220;El ausente&#8221;, &#8220;Traicionera&#8221;, &#8220;You have to return&#8221;, &#8220;Colegiala&#8221;, &#8220;I cry my heart&#8221;, &#8220;Las cale\u00f1as&#8221;, &#8220;Triste Navidad&#8221;, &#8220;Reggaeton with another tumbao&#8221; (with Tony Reggue), among other songs that placed Colombian cumbia on the world stage.<\/div>\n<p>&nbsp;<\/p>\n<div dir=\"auto\"><\/div>\n<\/div>\n<div class=\"cxmmr5t8 oygrvhab hcukyx3x c1et5uql o9v6fnle ii04i59q\" style=\"text-align: justify;\">\n<div dir=\"auto\">The singer and his music have a great relationship with the Christmas season in Colombia and Venezuela, where his songs are placed on those dates.<\/div>\n<p>&nbsp;<\/p>\n<div dir=\"auto\"><\/div>\n<\/div>\n<div class=\"cxmmr5t8 oygrvhab hcukyx3x c1et5uql o9v6fnle ii04i59q\" style=\"text-align: justify;\">\n<div dir=\"auto\">Driven by his brothers, he began singing llanera music; he achieved recognition in the combo of his compatriot Nelson Henr\u00edquez, after passing through other groups such as Los Mayorales and Emir Bosc\u00e1n&#8217;s Combo.<\/div>\n<p>&nbsp;<\/p>\n<\/div>\n<div class=\"cxmmr5t8 oygrvhab hcukyx3x c1et5uql o9v6fnle ii04i59q\" style=\"text-align: justify;\">\n<div dir=\"auto\">After two years in the Nelson Henr\u00edquez combo (1972-1973) and with the support of Juan Enrique el de los Montes, owned by producer Roberto Rueda, he formed his own group Pastor L\u00f3pez y su Combo 1973, since then he has recorded Colombian songs and cumbias, several of which are by cumbia authors \u2014Cari\u00f1ito sin M\u00ed, Traicionera, Nuestro Anillito, Sorbito de Champagne, Las Cale\u00f1as and others. He lived between Venezuela and Colombia, in the latter country he made most of his presentations with his orchestra and enjoyed considerable popularity; Furthermore, his musical group was made up mostly of Colombian musicians.<\/div>\n<p>&nbsp;<\/p>\n<div dir=\"auto\"><\/div>\n<\/div>\n<div class=\"cxmmr5t8 oygrvhab hcukyx3x c1et5uql o9v6fnle ii04i59q\" style=\"text-align: justify;\">\n<div dir=\"auto\">Pastor L\u00f3pez&#8217;s musical career in Venezuela, Colombia, Ecuador, and other countries was considerably extensive. His style was tropical music, in which genres such as cumbia, paseo vallenato, pasea\u00edto and porro stand out, among others. His group consisted of two trumpets, piano, timpani, bass, conga, a chorus and he as a singer. Pastor was recognized internationally, in countries such as the United States, Canada, Spain, England and in general anywhere in the world where there are Latin American colonies.<\/div>\n<p>&nbsp;<\/p>\n<div dir=\"auto\"><\/div>\n<\/div>\n<div class=\"cxmmr5t8 oygrvhab hcukyx3x c1et5uql o9v6fnle ii04i59q\" style=\"text-align: justify;\">\n<div dir=\"auto\"><strong>Discograf\u00eda<\/strong><\/div>\n<p>&nbsp;<\/p>\n<div dir=\"auto\"><\/div>\n<\/div>\n<table width=\"640\">\n<tbody>\n<tr>\n<td style=\"text-align: center;\" width=\"181\"><strong>Temas Cumbia<\/strong><\/td>\n<td style=\"text-align: center;\" width=\"296\"><strong>Escuchar tema<\/strong><\/td>\n<td style=\"text-align: center;\" width=\"163\"><strong>A\u00f1o de Publicacion<\/strong><\/td>\n<\/tr>\n<tr>\n<td style=\"text-align: center;\"><\/td>\n<td style=\"text-align: center;\"><strong>Venezolana<\/strong><\/td>\n<td style=\"text-align: center;\"><strong>1967<\/strong><\/td>\n<\/tr>\n<tr>\n<td>1<\/td>\n<td>La Venezolana (Guaracha)<\/td>\n<td><\/td>\n<\/tr>\n<tr>\n<td>2<\/td>\n<td>Corazon (Merengue)<\/td>\n<td><\/td>\n<\/tr>\n<tr>\n<td>3<\/td>\n<td>Ni Pie Ni Piza (Guaracha)<\/td>\n<td><\/td>\n<\/tr>\n<tr>\n<td>4<\/td>\n<td>Por Estar Pensado En Ti (Paseo)<\/td>\n<td><\/td>\n<\/tr>\n<tr>\n<td>5<\/td>\n<td>Copa De Champam (Bolero)<\/td>\n<td><\/td>\n<\/tr>\n<tr>\n<td>6<\/td>\n<td>No Niegues A Tu Hijo (Bolero)<\/td>\n<td><\/td>\n<\/tr>\n<tr>\n<td>7<\/td>\n<td>Ven Pajarillo (Merengue)<\/td>\n<td><\/td>\n<\/tr>\n<tr>\n<td>8<\/td>\n<td>El Manco (Guaracha)<\/td>\n<td><\/td>\n<\/tr>\n<tr>\n<td>9<\/td>\n<td>El Rat\u00f3n (Guaracha)<\/td>\n<td><\/td>\n<\/tr>\n<tr>\n<td>10<\/td>\n<td>Las Colombianas<\/td>\n<td><\/td>\n<\/tr>\n<tr>\n<td><\/td>\n<td><\/td>\n<td><\/td>\n<\/tr>\n<tr>\n<td style=\"text-align: center;\"><\/td>\n<td style=\"text-align: center;\"><strong>Pastor Lopez. La Venezolana<\/strong><\/td>\n<td style=\"text-align: center;\"><strong>1976<\/strong><\/td>\n<\/tr>\n<tr>\n<td>1<\/td>\n<td>La Venezolana<\/td>\n<td><\/td>\n<\/tr>\n<tr>\n<td>2<\/td>\n<td>La Costa<\/td>\n<td><\/td>\n<\/tr>\n<tr>\n<td>3<\/td>\n<td>Palomita Volantona<\/td>\n<td><\/td>\n<\/tr>\n<tr>\n<td>4<\/td>\n<td>Mi Lamento<\/td>\n<td><\/td>\n<\/tr>\n<tr>\n<td>5<\/td>\n<td>La Lechuza<\/td>\n<td><\/td>\n<\/tr>\n<tr>\n<td>6<\/td>\n<td>Flor De Primavera<\/td>\n<td><\/td>\n<\/tr>\n<tr>\n<td>7<\/td>\n<td>El Gallo Y La Gallina<\/td>\n<td><\/td>\n<\/tr>\n<tr>\n<td>8<\/td>\n<td>Buscando Amor<\/td>\n<td><\/td>\n<\/tr>\n<tr>\n<td>9<\/td>\n<td>El Rey Pacho<\/td>\n<td><\/td>\n<\/tr>\n<tr>\n<td>10<\/td>\n<td>Mujer Sublime<\/td>\n<td><\/td>\n<\/tr>\n<tr>\n<td>11<\/td>\n<td>Vallenato Internacional<\/td>\n<td><\/td>\n<\/tr>\n<tr>\n<td>12<\/td>\n<td>El Loco<\/td>\n<td><\/td>\n<\/tr>\n<tr>\n<td><\/td>\n<td><\/td>\n<td><\/td>\n<\/tr>\n<tr>\n<td style=\"text-align: center;\"><\/td>\n<td style=\"text-align: center;\"><strong>Traicionera<\/strong><\/td>\n<td style=\"text-align: center;\"><strong>1978<\/strong><\/td>\n<\/tr>\n<tr>\n<td>1<\/td>\n<td>Traicionera<\/td>\n<td><\/td>\n<\/tr>\n<tr>\n<td>2<\/td>\n<td>Brisas Del Valle<\/td>\n<td><\/td>\n<\/tr>\n<tr>\n<td>3<\/td>\n<td>Linda Ballesteros<\/td>\n<td><\/td>\n<\/tr>\n<tr>\n<td>4<\/td>\n<td>El Porr\u00f3n<\/td>\n<td><\/td>\n<\/tr>\n<tr>\n<td>5<\/td>\n<td>Lindo Aniversario<\/td>\n<td><\/td>\n<\/tr>\n<tr>\n<td>6<\/td>\n<td>Mi Compadre Villanueva<\/td>\n<td><\/td>\n<\/tr>\n<tr>\n<td>7<\/td>\n<td>El Testamento<\/td>\n<td><\/td>\n<\/tr>\n<tr>\n<td>8<\/td>\n<td>A Cartagena<\/td>\n<td><\/td>\n<\/tr>\n<tr>\n<td>9<\/td>\n<td>Me Voy Pa&#8217; La Costa<\/td>\n<td><\/td>\n<\/tr>\n<tr>\n<td>10<\/td>\n<td>Mi Adorada<\/td>\n<td><\/td>\n<\/tr>\n<tr>\n<td><\/td>\n<td><\/td>\n<td><\/td>\n<\/tr>\n<tr>\n<td style=\"text-align: center;\"><\/td>\n<td style=\"text-align: center;\"><strong>El Indio Pastor<\/strong><\/td>\n<td style=\"text-align: center;\"><strong>1979<\/strong><\/td>\n<\/tr>\n<tr>\n<td>1<\/td>\n<td>Las Cale\u00f1as<\/td>\n<td><\/td>\n<\/tr>\n<tr>\n<td>2<\/td>\n<td>Coraz\u00f3n Querred\u00f3n<\/td>\n<td><\/td>\n<\/tr>\n<tr>\n<td>3<\/td>\n<td>A Valledupar<\/td>\n<td><\/td>\n<\/tr>\n<tr>\n<td>4<\/td>\n<td>El Vaciario<\/td>\n<td><\/td>\n<\/tr>\n<tr>\n<td>5<\/td>\n<td>Las Maracas De Cuba<\/td>\n<td><\/td>\n<\/tr>\n<tr>\n<td>6<\/td>\n<td>El Indio Pastor<\/td>\n<td><\/td>\n<\/tr>\n<tr>\n<td>7<\/td>\n<td>La Raya<\/td>\n<td><\/td>\n<\/tr>\n<tr>\n<td>8<\/td>\n<td>Aroma De Flores<\/td>\n<td><\/td>\n<\/tr>\n<tr>\n<td>9<\/td>\n<td>Linda Antioque\u00f1a<\/td>\n<td><\/td>\n<\/tr>\n<tr>\n<td>10<\/td>\n<td>El Tigre Guapo<\/td>\n<td><\/td>\n<\/tr>\n<tr>\n<td><\/td>\n<td><\/td>\n<td><\/td>\n<\/tr>\n<tr>\n<td style=\"text-align: center;\"><\/td>\n<td style=\"text-align: center;\"><strong>De Nuevo Pastor Lopez<\/strong><\/td>\n<td style=\"text-align: center;\"><strong>1979<\/strong><\/td>\n<\/tr>\n<tr>\n<td>1<\/td>\n<td>El Detalle<\/td>\n<td><\/td>\n<\/tr>\n<tr>\n<td>2<\/td>\n<td>Las Pilanderas<\/td>\n<td><\/td>\n<\/tr>\n<tr>\n<td>3<\/td>\n<td>Las Tres Esquinas<\/td>\n<td><\/td>\n<\/tr>\n<tr>\n<td>4<\/td>\n<td>Mi Preg\u00f3n<\/td>\n<td><\/td>\n<\/tr>\n<tr>\n<td>5<\/td>\n<td>El Borracho<\/td>\n<td><\/td>\n<\/tr>\n<tr>\n<td>6<\/td>\n<td>La Modernizaci\u00f3n<\/td>\n<td><\/td>\n<\/tr>\n<tr>\n<td>7<\/td>\n<td>Gaita De Venezuela<\/td>\n<td><\/td>\n<\/tr>\n<tr>\n<td>8<\/td>\n<td>Orgullosa<\/td>\n<td><\/td>\n<\/tr>\n<tr>\n<td>9<\/td>\n<td>Por Bandolera<\/td>\n<td><\/td>\n<\/tr>\n<tr>\n<td>10<\/td>\n<td>La Tachuela<\/td>\n<td><\/td>\n<\/tr>\n<tr>\n<td><\/td>\n<td><\/td>\n<td><\/td>\n<\/tr>\n<\/tbody>\n<\/table>\n<p>&nbsp;<\/p>\n<div class=\"epyt-video-wrapper\"><iframe loading=\"lazy\"  id=\"_ytid_99644\"  width=\"618\" height=\"347\"  data-origwidth=\"618\" data-origheight=\"347\" src=\"https:\/\/www.youtube.com\/embed\/KkVS7XWIIgM?enablejsapi=1&#038;autoplay=0&#038;cc_load_policy=0&#038;cc_lang_pref=&#038;iv_load_policy=1&#038;loop=0&#038;modestbranding=0&#038;rel=1&#038;fs=1&#038;playsinline=0&#038;autohide=2&#038;theme=dark&#038;color=red&#038;controls=1&#038;\" class=\"__youtube_prefs__  epyt-is-override  no-lazyload\" title=\"YouTube player\"  allow=\"fullscreen; accelerometer; autoplay; clipboard-write; encrypted-media; gyroscope; picture-in-picture\" allowfullscreen data-no-lazy=\"1\" data-skipgform_ajax_framebjll=\"\"><\/iframe><\/div>\n","protected":false},"excerpt":{"rendered":"<p>&nbsp; Fecha de Nacimiento: 15 de junio de 1944 &nbsp; Fecha de Fallecimiento: 05 de abril de 2019 &nbsp; Biografia &nbsp; Jos\u00e9 Pastor L\u00f3pez Pineda, m\u00e1s conocido como Pastor L\u00f3pez, fue un cantante y compositor venezolano, con nacionalidad colombiana, (Barquisimeto, Venezuela; 15 de junio de 1944 &#8211; C\u00facuta, Colombia; 5 de abril de 2019), m\u00e1s &hellip;<\/p>\n","protected":false},"author":1,"featured_media":0,"parent":0,"menu_order":0,"comment_status":"closed","ping_status":"closed","template":"","meta":{"footnotes":""},"class_list":["post-28492","page","type-page","status-publish",""],"jetpack_sharing_enabled":true,"_links":{"self":[{"href":"https:\/\/mickyandoniehn.com\/radio\/wp-json\/wp\/v2\/pages\/28492","targetHints":{"allow":["GET"]}}],"collection":[{"href":"https:\/\/mickyandoniehn.com\/radio\/wp-json\/wp\/v2\/pages"}],"about":[{"href":"https:\/\/mickyandoniehn.com\/radio\/wp-json\/wp\/v2\/types\/page"}],"author":[{"embeddable":true,"href":"https:\/\/mickyandoniehn.com\/radio\/wp-json\/wp\/v2\/users\/1"}],"replies":[{"embeddable":true,"href":"https:\/\/mickyandoniehn.com\/radio\/wp-json\/wp\/v2\/comments?post=28492"}],"version-history":[{"count":3,"href":"https:\/\/mickyandoniehn.com\/radio\/wp-json\/wp\/v2\/pages\/28492\/revisions"}],"predecessor-version":[{"id":30459,"href":"https:\/\/mickyandoniehn.com\/radio\/wp-json\/wp\/v2\/pages\/28492\/revisions\/30459"}],"wp:attachment":[{"href":"https:\/\/mickyandoniehn.com\/radio\/wp-json\/wp\/v2\/media?parent=28492"}],"curies":[{"name":"wp","href":"https:\/\/api.w.org\/{rel}","templated":true}]}}