{"id":28460,"date":"2022-08-26T09:47:11","date_gmt":"2022-08-26T15:47:11","guid":{"rendered":"https:\/\/mickyandoniehn.com\/radio\/?page_id=28460"},"modified":"2022-09-01T10:18:49","modified_gmt":"2022-09-01T16:18:49","slug":"gladys-knight","status":"publish","type":"page","link":"https:\/\/mickyandoniehn.com\/radio\/gladys-knight\/","title":{"rendered":"Gladys Knight"},"content":{"rendered":"<p style=\"text-align: justify;\"><img loading=\"lazy\" decoding=\"async\" class=\" wp-image-25583 aligncenter\" src=\"http:\/\/mickyandoniehn.com\/radio\/wp-content\/uploads\/2022\/08\/Gladys-Knight-200x300.png\" alt=\"\" width=\"491\" height=\"737\" srcset=\"https:\/\/mickyandoniehn.com\/radio\/wp-content\/uploads\/2022\/08\/Gladys-Knight-200x300.png 200w, https:\/\/mickyandoniehn.com\/radio\/wp-content\/uploads\/2022\/08\/Gladys-Knight.png 441w\" sizes=\"auto, (max-width: 491px) 100vw, 491px\" \/><\/p>\n<p>&nbsp;<\/p>\n<div class=\"cxmmr5t8 oygrvhab hcukyx3x c1et5uql o9v6fnle ii04i59q\" style=\"text-align: justify;\">\n<div dir=\"auto\"><strong>Fecha de Nacimiento:<\/strong> 28 de mayo de 1944<\/div>\n<p>&nbsp;<\/p>\n<div dir=\"auto\"><\/div>\n<\/div>\n<div class=\"cxmmr5t8 oygrvhab hcukyx3x c1et5uql o9v6fnle ii04i59q\" style=\"text-align: justify;\">\n<div dir=\"auto\"><strong>Biograf\u00eda:<\/strong><\/div>\n<p>&nbsp;<\/p>\n<div dir=\"auto\"><\/div>\n<div dir=\"auto\">Durante sus primeras d\u00e9cadas en la m\u00fasica form\u00f3 el grupo Gladys Knight &amp; The Pips junto a su hermano Merald Knight y dos de sus primos. Hicieron su primer top10 en 1961 con el tema Every Beat of My Heart, el cual conten\u00eda una gran influencia del doo wop.<\/div>\n<p>&nbsp;<\/p>\n<div dir=\"auto\"><\/div>\n<\/div>\n<div class=\"cxmmr5t8 oygrvhab hcukyx3x c1et5uql o9v6fnle ii04i59q\" style=\"text-align: justify;\">\n<div dir=\"auto\">Firmaron con las compa\u00f1\u00edas Fury y Maxx, y lanzaron los sencillos \u00abLetter Full of Tears\u00bb y \u00abGiving Up\u00bb, pero hasta que no ficharon por Motown en 1966 no les lleg\u00f3 su gran \u00e9xito. Influidos por su tradici\u00f3n g\u00f3spel y artistas soul, cosecharon \u00e9xitos como \u00abI Heard It Through the Grapevine\u00bb, \u00abIf I were Your Woman\u00bb, \u00abIt Should Have Been Me\u00bb, \u00abThe End of Our Road\u00bb o \u00abFriendship Train\u00bb.<\/div>\n<p>&nbsp;<\/p>\n<div dir=\"auto\"><\/div>\n<\/div>\n<div class=\"cxmmr5t8 oygrvhab hcukyx3x c1et5uql o9v6fnle ii04i59q\" style=\"text-align: justify;\">\n<div dir=\"auto\">En 1973, lanz\u00f3 su mayor \u00e9xito en Motown, \u00abNeither One of Us (Wants to Be the First to Say Goodbye)\u00bb, y poco despu\u00e9s abandonaron la discogr\u00e1fica para firmar con Buddah.<\/div>\n<p>&nbsp;<\/p>\n<div dir=\"auto\"><\/div>\n<\/div>\n<div class=\"cxmmr5t8 oygrvhab hcukyx3x c1et5uql o9v6fnle ii04i59q\" style=\"text-align: justify;\">\n<div dir=\"auto\">Despu\u00e9s de esta \u00e9poca, se fue separando cada vez m\u00e1s del grupo y movi\u00e9ndose hacia otros g\u00e9neros como el easy listening y el quiet storm, sin perder su esencia g\u00f3spel, l\u00ednea en la que hoy a\u00fan se mantiene. A mediados de los a\u00f1os noventa alcanz\u00f3 mayor notoriedad con un dueto con Frank Sinatra.<\/div>\n<p>&nbsp;<\/p>\n<div dir=\"auto\"><\/div>\n<\/div>\n<div class=\"cxmmr5t8 oygrvhab hcukyx3x c1et5uql o9v6fnle ii04i59q\" style=\"text-align: justify;\">\n<div dir=\"auto\">En 2005 edit\u00f3 One voice, disco de g\u00f3spel en el que colabora The Saints Unified Voices y con el cual consigui\u00f3 colocarse en lo m\u00e1s alto de las listas del g\u00e9nero. Un a\u00f1o despu\u00e9s, en octubre de 2006, vuelve con un \u00e1lbum en el que rinde honores al jazz m\u00e1s cl\u00e1sico con temas de Duke Ellington y Gershwin entre otros, titulado Before me.<\/div>\n<p>&nbsp;<\/p>\n<div dir=\"auto\"><\/div>\n<\/div>\n<div class=\"cxmmr5t8 oygrvhab hcukyx3x c1et5uql o9v6fnle ii04i59q\" style=\"text-align: justify;\">\n<div dir=\"auto\"><strong>Wikipedia in English<\/strong><\/div>\n<p>&nbsp;<\/p>\n<div dir=\"auto\"><\/div>\n<\/div>\n<div class=\"cxmmr5t8 oygrvhab hcukyx3x c1et5uql o9v6fnle ii04i59q\" style=\"text-align: justify;\">\n<div dir=\"auto\"><strong>Date of Born:<\/strong> May 28, 1944<\/div>\n<p>&nbsp;<\/p>\n<\/div>\n<div dir=\"auto\"><\/div>\n<div class=\"cxmmr5t8 oygrvhab hcukyx3x c1et5uql o9v6fnle ii04i59q\" style=\"text-align: justify;\">\n<div dir=\"auto\"><strong>Biography:<\/strong><\/div>\n<p>&nbsp;<\/p>\n<div dir=\"auto\"><\/div>\n<div dir=\"auto\">During his first decades in music, he formed the group Gladys Knight &amp; The Pips with his brother Merald Knight and two of his cousins. They made their first top 10 in 1961 with the song Every Beat of My Heart, which was heavily influenced by doo wop.<\/div>\n<div dir=\"auto\"><\/div>\n<p>&nbsp;<\/p>\n<\/div>\n<div class=\"cxmmr5t8 oygrvhab hcukyx3x c1et5uql o9v6fnle ii04i59q\" style=\"text-align: justify;\">\n<div dir=\"auto\">They signed with the companies Fury and Maxx, and released the singles &#8220;Letter Full of Tears&#8221; and &#8220;Giving Up,&#8221; but it was not until they signed for Motown in 1966 that their great success came. Influenced by their gospel tradition and soul artists, they reaped hits such as &#8220;I Heard It Through the Grapevine&#8221;, &#8220;If I Were Your Woman&#8221;, &#8220;It Should Have Been Me&#8221;, &#8220;The End of Our Road&#8221; or &#8220;Friendship Train&#8221;.<\/div>\n<p>&nbsp;<\/p>\n<div dir=\"auto\"><\/div>\n<\/div>\n<div class=\"cxmmr5t8 oygrvhab hcukyx3x c1et5uql o9v6fnle ii04i59q\" style=\"text-align: justify;\">\n<div dir=\"auto\">In 1973, he released his biggest Motown hit, &#8220;Neither One of Us (Wants to Be the First to Say Goodbye),&#8221; and soon after they left the label to sign with Buddah.<\/div>\n<p>&nbsp;<\/p>\n<div dir=\"auto\"><\/div>\n<\/div>\n<div class=\"cxmmr5t8 oygrvhab hcukyx3x c1et5uql o9v6fnle ii04i59q\" style=\"text-align: justify;\">\n<div dir=\"auto\">After this time, he separated more and more from the group and moved towards other genres such as easy listening and quiet storm, without losing his gospel essence, a line in which he still maintains today. In the mid-1990s he achieved greater notoriety with a duet with Frank Sinatra.<\/div>\n<p>&nbsp;<\/p>\n<div dir=\"auto\"><\/div>\n<\/div>\n<div class=\"cxmmr5t8 oygrvhab hcukyx3x c1et5uql o9v6fnle ii04i59q\" style=\"text-align: justify;\">\n<div dir=\"auto\">In 2005 he released One Voice, a gospel album in which The Saints Unified Voices collaborates and with which he managed to place himself at the top of the genre charts. A year later, in October 2006, he returns with an album in which he honors the most classical jazz with songs by Duke Ellington and Gershwin among others, entitled Before me.<\/div>\n<p>&nbsp;<\/p>\n<div dir=\"auto\"><\/div>\n<\/div>\n<div class=\"cxmmr5t8 oygrvhab hcukyx3x c1et5uql o9v6fnle ii04i59q\" style=\"text-align: justify;\">\n<div dir=\"auto\"><strong>Discography<\/strong><\/div>\n<p>&nbsp;<\/p>\n<div dir=\"auto\"><\/div>\n<div dir=\"auto\">\n<table width=\"762\">\n<tbody>\n<tr>\n<td style=\"text-align: center;\" width=\"110\"><strong>G\u00e9nero R&amp;B\/Soul<\/strong><\/td>\n<td style=\"text-align: center;\" width=\"524\"><strong>Escuchar Musica\u00a0<\/strong><\/td>\n<td style=\"text-align: center;\" width=\"128\"><strong>A\u00f1o de Publicaci\u00f3n<\/strong><\/td>\n<\/tr>\n<tr>\n<td>1<\/td>\n<td>&#8220;Letter Full of Tears&#8221;<\/td>\n<td>1961<\/td>\n<\/tr>\n<tr>\n<td>2<\/td>\n<td>\u00a0&#8220;Feelin&#8217; Bluesy&#8221;<\/td>\n<td>1968<\/td>\n<\/tr>\n<tr>\n<td>3<\/td>\n<td>&#8220;Silk &amp; Soul&#8221;<\/td>\n<td>1968<\/td>\n<\/tr>\n<tr>\n<td>4<\/td>\n<td>&#8220;Nitty Gritty&#8221;<\/td>\n<td>1969<\/td>\n<\/tr>\n<tr>\n<td>5<\/td>\n<td>&#8220;All I Need Is Time&#8221;<\/td>\n<td>1973<\/td>\n<\/tr>\n<tr>\n<td>6<\/td>\n<td>&#8220;Gladys Knight &amp; the Pips Super-Pak&#8221;<\/td>\n<td>1973<\/td>\n<\/tr>\n<tr>\n<td>7<\/td>\n<td>&#8220;Help Me Make It Through the Night&#8221;<\/td>\n<td>1973<\/td>\n<\/tr>\n<tr>\n<td>8<\/td>\n<td>&#8220;It Hurt Me So Bad&#8221;<\/td>\n<td>1973<\/td>\n<\/tr>\n<tr>\n<td>9<\/td>\n<td>&#8220;Neither One of Us&#8221;<\/td>\n<td>1973<\/td>\n<\/tr>\n<tr>\n<td>10<\/td>\n<td>&#8220;Knight Time&#8221;<\/td>\n<td>1974<\/td>\n<\/tr>\n<tr>\n<td>11<\/td>\n<td>&#8220;2nd Anniversary&#8221;<\/td>\n<td>1975<\/td>\n<\/tr>\n<tr>\n<td>12<\/td>\n<td>&#8220;A Little Knight Music&#8221;<\/td>\n<td>1975<\/td>\n<\/tr>\n<tr>\n<td>13<\/td>\n<td>&#8220;Bless This House&#8221;<\/td>\n<td>1976<\/td>\n<\/tr>\n<tr>\n<td>14<\/td>\n<td>&#8220;Pipe Dreams&#8221;<\/td>\n<td>1976<\/td>\n<\/tr>\n<tr>\n<td>15<\/td>\n<td>&#8220;Love Is Always on Your Mind&#8221;<\/td>\n<td>1977<\/td>\n<\/tr>\n<tr>\n<td>16<\/td>\n<td>&#8220;Still Together&#8221;<\/td>\n<td>1977<\/td>\n<\/tr>\n<tr>\n<td>17<\/td>\n<td>&#8220;Memories&#8221;<\/td>\n<td>1979<\/td>\n<\/tr>\n<tr>\n<td>18<\/td>\n<td>&#8220;About Love&#8221;<\/td>\n<td>1980<\/td>\n<\/tr>\n<tr>\n<td>19<\/td>\n<td>&#8220;Midnight Train to Georgia&#8221;<\/td>\n<td>1980<\/td>\n<\/tr>\n<tr>\n<td>20<\/td>\n<td>&#8220;That Special Time of Year&#8221;<\/td>\n<td>1980<\/td>\n<\/tr>\n<tr>\n<td>21<\/td>\n<td>&#8220;I Feel a Song&#8221;<\/td>\n<td>1981<\/td>\n<\/tr>\n<tr>\n<td>22<\/td>\n<td>&#8220;Teen Anguish, Vol. 3&#8221;<\/td>\n<td>1981<\/td>\n<\/tr>\n<tr>\n<td>23<\/td>\n<td>\u00a0&#8220;Good Woman&#8221;<\/td>\n<td>1991<\/td>\n<\/tr>\n<tr>\n<td>24<\/td>\n<td>&#8220;Just for You&#8221;<\/td>\n<td>1994<\/td>\n<\/tr>\n<tr>\n<td>25<\/td>\n<td>&#8220;Lost Live Album&#8221;<\/td>\n<td>1996<\/td>\n<\/tr>\n<tr>\n<td>26<\/td>\n<td>&#8220;Many Different Roads&#8221;<\/td>\n<td>1998<\/td>\n<\/tr>\n<tr>\n<td>27<\/td>\n<td>&#8220;At Last&#8221;<\/td>\n<td>2000<\/td>\n<\/tr>\n<tr>\n<td>28<\/td>\n<td>&#8220;Midnight Train&#8221;<\/td>\n<td>2001<\/td>\n<\/tr>\n<tr>\n<td>29<\/td>\n<td>&#8220;Christmas Celebrations&#8221;<\/td>\n<td>2002<\/td>\n<\/tr>\n<tr>\n<td>30<\/td>\n<td>&#8220;The Best Thing That Ever Happened to Me&#8221;<\/td>\n<td>2003<\/td>\n<\/tr>\n<tr>\n<td>31<\/td>\n<td>&#8220;One Voice&#8221;<\/td>\n<td>2005<\/td>\n<\/tr>\n<tr>\n<td>32<\/td>\n<td>&#8220;Before me&#8221;<\/td>\n<td>2006<\/td>\n<\/tr>\n<tr>\n<td><\/td>\n<td><\/td>\n<td><\/td>\n<\/tr>\n<\/tbody>\n<\/table>\n<p>&nbsp;<\/p>\n<\/div>\n<\/div>\n<div dir=\"auto\" style=\"text-align: justify;\"><\/div>\n<div class=\"cxmmr5t8 oygrvhab hcukyx3x c1et5uql o9v6fnle ii04i59q\" style=\"text-align: justify;\">\n<div dir=\"auto\">Cr\u00e9ditos: Tomados de Wikipedia<\/div>\n<div dir=\"auto\"><a class=\"oajrlxb2 g5ia77u1 qu0x051f esr5mh6w e9989ue4 r7d6kgcz rq0escxv nhd2j8a9 nc684nl6 p7hjln8o kvgmc6g5 cxmmr5t8 oygrvhab hcukyx3x jb3vyjys rz4wbd8a qt6c0cv9 a8nywdso i1ao9s8h esuyzwwr f1sip0of lzcic4wl gpro0wi8 py34i1dx\" tabindex=\"0\" role=\"link\" href=\"https:\/\/es.wikipedia.org\/wiki\/Gladys_Knight?fbclid=IwAR0DMr6JC4cx49Kf1cqbAHodphbt05VdalnrcN-UzWZ2JZ3eE7DI2QCFnsg\" target=\"_blank\" rel=\"nofollow noopener\">https:\/\/es.wikipedia.org\/wiki\/Gladys_Knight<\/a><\/div>\n<div dir=\"auto\"><\/div>\n<p>&nbsp;<\/p>\n<\/div>\n<div class=\"epyt-video-wrapper\"><iframe loading=\"lazy\"  id=\"_ytid_99756\"  width=\"618\" height=\"347\"  data-origwidth=\"618\" data-origheight=\"347\" src=\"https:\/\/www.youtube.com\/embed\/80D6hT5p5bw?enablejsapi=1&#038;autoplay=0&#038;cc_load_policy=0&#038;cc_lang_pref=&#038;iv_load_policy=1&#038;loop=0&#038;modestbranding=0&#038;rel=1&#038;fs=1&#038;playsinline=0&#038;autohide=2&#038;theme=dark&#038;color=red&#038;controls=1&#038;\" class=\"__youtube_prefs__  epyt-is-override  no-lazyload\" title=\"YouTube player\"  allow=\"fullscreen; accelerometer; autoplay; clipboard-write; encrypted-media; gyroscope; picture-in-picture\" allowfullscreen data-no-lazy=\"1\" data-skipgform_ajax_framebjll=\"\"><\/iframe><\/div>\n","protected":false},"excerpt":{"rendered":"<p>&nbsp; Fecha de Nacimiento: 28 de mayo de 1944 &nbsp; Biograf\u00eda: &nbsp; Durante sus primeras d\u00e9cadas en la m\u00fasica form\u00f3 el grupo Gladys Knight &amp; The Pips junto a su hermano Merald Knight y dos de sus primos. Hicieron su primer top10 en 1961 con el tema Every Beat of My Heart, el cual conten\u00eda &hellip;<\/p>\n","protected":false},"author":1,"featured_media":0,"parent":0,"menu_order":0,"comment_status":"closed","ping_status":"closed","template":"","meta":{"footnotes":""},"class_list":["post-28460","page","type-page","status-publish",""],"jetpack_sharing_enabled":true,"_links":{"self":[{"href":"https:\/\/mickyandoniehn.com\/radio\/wp-json\/wp\/v2\/pages\/28460","targetHints":{"allow":["GET"]}}],"collection":[{"href":"https:\/\/mickyandoniehn.com\/radio\/wp-json\/wp\/v2\/pages"}],"about":[{"href":"https:\/\/mickyandoniehn.com\/radio\/wp-json\/wp\/v2\/types\/page"}],"author":[{"embeddable":true,"href":"https:\/\/mickyandoniehn.com\/radio\/wp-json\/wp\/v2\/users\/1"}],"replies":[{"embeddable":true,"href":"https:\/\/mickyandoniehn.com\/radio\/wp-json\/wp\/v2\/comments?post=28460"}],"version-history":[{"count":2,"href":"https:\/\/mickyandoniehn.com\/radio\/wp-json\/wp\/v2\/pages\/28460\/revisions"}],"predecessor-version":[{"id":30253,"href":"https:\/\/mickyandoniehn.com\/radio\/wp-json\/wp\/v2\/pages\/28460\/revisions\/30253"}],"wp:attachment":[{"href":"https:\/\/mickyandoniehn.com\/radio\/wp-json\/wp\/v2\/media?parent=28460"}],"curies":[{"name":"wp","href":"https:\/\/api.w.org\/{rel}","templated":true}]}}