{"id":28426,"date":"2022-08-26T09:38:42","date_gmt":"2022-08-26T15:38:42","guid":{"rendered":"https:\/\/mickyandoniehn.com\/radio\/?page_id=28426"},"modified":"2022-08-26T09:38:42","modified_gmt":"2022-08-26T15:38:42","slug":"keith-jarrett","status":"publish","type":"page","link":"https:\/\/mickyandoniehn.com\/radio\/keith-jarrett\/","title":{"rendered":"Keith Jarrett"},"content":{"rendered":"<p style=\"text-align: justify;\"><img loading=\"lazy\" decoding=\"async\" class=\" wp-image-25463 aligncenter\" src=\"http:\/\/mickyandoniehn.com\/radio\/wp-content\/uploads\/2022\/08\/Keith-Jarrett-300x300.png\" alt=\"\" width=\"552\" height=\"552\" srcset=\"https:\/\/mickyandoniehn.com\/radio\/wp-content\/uploads\/2022\/08\/Keith-Jarrett-300x300.png 300w, https:\/\/mickyandoniehn.com\/radio\/wp-content\/uploads\/2022\/08\/Keith-Jarrett-150x150.png 150w, https:\/\/mickyandoniehn.com\/radio\/wp-content\/uploads\/2022\/08\/Keith-Jarrett.png 563w\" sizes=\"auto, (max-width: 552px) 100vw, 552px\" \/><\/p>\n<p>&nbsp;<\/p>\n<div class=\"cxmmr5t8 oygrvhab hcukyx3x c1et5uql o9v6fnle ii04i59q\" style=\"text-align: justify;\">\n<div dir=\"auto\"><strong>Fecha de Nacimiento:<\/strong> 8 de mayo de 1945<\/div>\n<div dir=\"auto\"><\/div>\n<\/div>\n<div class=\"cxmmr5t8 oygrvhab hcukyx3x c1et5uql o9v6fnle ii04i59q\" style=\"text-align: justify;\">\n<div dir=\"auto\"><strong>Biograf\u00eda:<\/strong><\/div>\n<div dir=\"auto\"><\/div>\n<div dir=\"auto\">Se trata de uno de los maestros del jazz de vanguardia, cuya producci\u00f3n m\u00e1s sobresaliente es una serie de piezas improvisadas grabadas en directo en Colonia, Par\u00eds, Mil\u00e1n, Viena, Tokio y otras ciudades. Probablemente estos sean sus trabajos m\u00e1s famosos, pero es sin duda un enorme virtuoso. Muy vers\u00e1til, Keith ha interpretado, igualmente, m\u00fasica de autores del barroco europeo.<\/div>\n<div dir=\"auto\"><\/div>\n<div dir=\"auto\">Tambi\u00e9n interpreta piezas para piano cl\u00e1sico, clavicordio, clavec\u00edn y \u00f3rgano. Ha grabado varios discos de m\u00fasica cl\u00e1sica, interpretando obras de Bach, H\u00e4ndel, Mozart y Shostakovich, entre otros.<\/div>\n<div dir=\"auto\"><\/div>\n<div dir=\"auto\">Jarrett tiene la reputaci\u00f3n de ser un perfeccionista exc\u00e9ntrico y, mientras toca, suele vocalizar de forma expresiva. Su agente musical es Steven Cloud.<\/div>\n<div dir=\"auto\"><\/div>\n<\/div>\n<div class=\"cxmmr5t8 oygrvhab hcukyx3x c1et5uql o9v6fnle ii04i59q\" style=\"text-align: justify;\">\n<div dir=\"auto\">Tras sufrir dos derrames cerebrales en 2018 que le dejaron secuelas, anunci\u00f3 en 2020 su retirada de la interpretaci\u00f3n.<\/div>\n<div dir=\"auto\">Keith Jarrett naci\u00f3 el 8 de mayo de 1945, en Allentown, Pensilvania, de una madre de ascendencia h\u00fangara y un padre de ascendencia francesa o escocesa-irlandesa. Creci\u00f3 en el suburbio Allentown con la exposici\u00f3n temprana significativa a la m\u00fasica.2 Jarrett posee el o\u00eddo absoluto, y mostr\u00f3 prodigiosos talentos musicales de ni\u00f1o peque\u00f1o.<\/div>\n<div dir=\"auto\"><\/div>\n<div dir=\"auto\">Comenz\u00f3 clases de piano justo antes de su tercer cumplea\u00f1os, y a los cinco a\u00f1os apareci\u00f3 en un programa de talentos de televisi\u00f3n organizado por el l\u00edder de la banda de swing, Paul Whiteman. Jarrett dio su primer concierto formal de piano a la edad de siete a\u00f1os, tocando obras de compositores como Mozart, Bach, Beethoven y Saint-Sa\u00ebns, y terminando con dos de sus propias composiciones. Animado especialmente por su madre, Jarrett tom\u00f3 clases intensivas de piano cl\u00e1sico con una serie de maestros, incluyendo a Eleanor Sokoloff del Instituto Curtis.<\/div>\n<div dir=\"auto\"><\/div>\n<div dir=\"auto\">Despu\u00e9s de su graduaci\u00f3n de la High School secundaria de Emmaus en 1963, Jarrett se traslad\u00f3 de Allentown a Boston donde asisti\u00f3 al prestigioso Berklee College of Music y toc\u00f3 el piano en los clubs locales. Despu\u00e9s de un a\u00f1o se mud\u00f3 a Nueva York donde toc\u00f3 en el m\u00edtico Village Vanguard.<\/div>\n<div dir=\"auto\"><\/div>\n<\/div>\n<div class=\"cxmmr5t8 oygrvhab hcukyx3x c1et5uql o9v6fnle ii04i59q\" style=\"text-align: justify;\">\n<div dir=\"auto\"><strong>Wikipedia in English<\/strong><\/div>\n<div dir=\"auto\"><\/div>\n<\/div>\n<div class=\"cxmmr5t8 oygrvhab hcukyx3x c1et5uql o9v6fnle ii04i59q\" style=\"text-align: justify;\">\n<div dir=\"auto\"><strong>Date of Born<\/strong> May 8, 1945<\/div>\n<div dir=\"auto\"><\/div>\n<\/div>\n<div class=\"cxmmr5t8 oygrvhab hcukyx3x c1et5uql o9v6fnle ii04i59q\" style=\"text-align: justify;\">\n<div dir=\"auto\"><strong>Biography:<\/strong><\/div>\n<div dir=\"auto\"><\/div>\n<div dir=\"auto\">Is an American jazz pianist and musician.<\/div>\n<div dir=\"auto\"><\/div>\n<div dir=\"auto\">He is one of the masters of avant-garde jazz, whose most outstanding production is a series of improvised pieces recorded live in Cologne, Paris, Milan, Vienna, Tokyo and other cities. These are probably his most famous works, but he is undoubtedly a huge virtuoso. Very versatile, Keith has also performed music by European Baroque authors<\/div>\n<div dir=\"auto\">He also performs pieces for classical piano, harpsichord, harpsichord, and organ. He has recorded several classical music albums, performing works by Bach, H\u00e4ndel, Mozart and Shostakovich, among others.<\/div>\n<div dir=\"auto\"><\/div>\n<div dir=\"auto\">Jarrett has a reputation for being an eccentric perfectionist and, while playing, he often vocalizes expressively. His musical agent is Steven Cloud.<\/div>\n<div dir=\"auto\"><\/div>\n<div dir=\"auto\">After suffering two strokes in 2018 that left him sequelae, he announced his retirement from acting in 2020.<\/div>\n<div dir=\"auto\"><\/div>\n<div dir=\"auto\">Keith Jarrett was born on May 8, 1945, in Allentown, Pennsylvania, to a mother of Hungarian descent and a father of French or Scottish-Irish descent. He grew up in the Allentown suburb with significant early exposure to music.2 Jarrett possesses absolute pitch, and displayed prodigious musical talents as a young child. He started piano lessons just before his third birthday, and at age five he appeared on a television talent show hosted by swing band leader Paul Whiteman.<\/div>\n<div dir=\"auto\"><\/div>\n<div dir=\"auto\">Jarrett gave his first formal piano concerto at the age of seven, playing works by composers such as Mozart, Bach, Beethoven, and Saint-Sa\u00ebns, and ending with two of his own compositions. Especially encouraged by his mother, Jarrett took intensive classical piano lessons with a number of teachers, including Eleanor Sokoloff of the Curtis Institute.<\/div>\n<div dir=\"auto\"><\/div>\n<div dir=\"auto\">After his graduation from Emmaus High School in 1963, Jarrett moved from Allentown to Boston where he attended the prestigious Berklee College of Music and played piano in local clubs. After a year he moved to New York where he played at the legendary Village Vanguard.<\/div>\n<div dir=\"auto\"><\/div>\n<\/div>\n<div class=\"cxmmr5t8 oygrvhab hcukyx3x c1et5uql o9v6fnle ii04i59q\" style=\"text-align: justify;\">\n<div dir=\"auto\"><strong>Discography<\/strong><\/div>\n<div dir=\"auto\"><\/div>\n<div dir=\"auto\">\n<table width=\"762\">\n<tbody>\n<tr>\n<td style=\"text-align: center;\" width=\"110\"><strong>Genero Jazz<\/strong><\/td>\n<td style=\"text-align: center;\" width=\"524\"><strong>Escuchar Musica\u00a0<\/strong><\/td>\n<td style=\"text-align: center;\" width=\"128\"><strong>A\u00f1o de Publicaci\u00f3n<\/strong><\/td>\n<\/tr>\n<tr>\n<td><\/td>\n<td><\/td>\n<td><\/td>\n<\/tr>\n<tr>\n<td>1<\/td>\n<td>Dream Weaver<\/td>\n<td>1966<\/td>\n<\/tr>\n<tr>\n<td>2<\/td>\n<td>The Flowering of the Original Charles Lloyd Quartet Recorded in Concert<\/td>\n<td>1966<\/td>\n<\/tr>\n<tr>\n<td>3<\/td>\n<td>Charles Lloyd in Europ<\/td>\n<td>1966<\/td>\n<\/tr>\n<tr>\n<td>4<\/td>\n<td>Forest Flower: Charles Lloyd at Monterey<\/td>\n<td>1967<\/td>\n<\/tr>\n<tr>\n<td>5<\/td>\n<td>Love-In<\/td>\n<td>1967<\/td>\n<\/tr>\n<tr>\n<td>6<\/td>\n<td>Ruta and Daitya,<\/td>\n<td>1973<\/td>\n<\/tr>\n<tr>\n<td>7<\/td>\n<td>Fort Yawuh,<\/td>\n<td>1973<\/td>\n<\/tr>\n<tr>\n<td>8<\/td>\n<td>Solo Concerts: Bremen and Lausanne [live]<\/td>\n<td>1973<\/td>\n<\/tr>\n<tr>\n<td>9<\/td>\n<td>In the Light,<\/td>\n<td>1973<\/td>\n<\/tr>\n<tr>\n<td>10<\/td>\n<td>Hamburg 74<\/td>\n<td>1974<\/td>\n<\/tr>\n<tr>\n<td>11<\/td>\n<td>Backhand<\/td>\n<td>1974<\/td>\n<\/tr>\n<tr>\n<td>12<\/td>\n<td>Death and the Flowers<\/td>\n<td>1975<\/td>\n<\/tr>\n<tr>\n<td>13<\/td>\n<td>Backhand<\/td>\n<td>1975<\/td>\n<\/tr>\n<tr>\n<td>14<\/td>\n<td>The K\u00f6ln Concert [live]<\/td>\n<td>1975<\/td>\n<\/tr>\n<tr>\n<td>15<\/td>\n<td>Shades<\/td>\n<td>1975<\/td>\n<\/tr>\n<tr>\n<td>16<\/td>\n<td>Standards, Vol. 2<\/td>\n<td>1985<\/td>\n<\/tr>\n<tr>\n<td>17<\/td>\n<td>Spheres<\/td>\n<td>1985<\/td>\n<\/tr>\n<tr>\n<td>18<\/td>\n<td>Book of Way<\/td>\n<td>1986<\/td>\n<\/tr>\n<tr>\n<td>19<\/td>\n<td>Still Live<\/td>\n<td>1986<\/td>\n<\/tr>\n<tr>\n<td>20<\/td>\n<td>Changeless<\/td>\n<td>1987<\/td>\n<\/tr>\n<tr>\n<td>21<\/td>\n<td>Dark Intervals<\/td>\n<td>1988<\/td>\n<\/tr>\n<tr>\n<td>22<\/td>\n<td>S. Bach: Das Wohltemperierte Klavier Buch I<\/td>\n<td>1988<\/td>\n<\/tr>\n<tr>\n<td>23<\/td>\n<td>Goldberg Variations<\/td>\n<td>1989<\/td>\n<\/tr>\n<tr>\n<td>24<\/td>\n<td>Personal Mountains<\/td>\n<td>1989<\/td>\n<\/tr>\n<tr>\n<td>25<\/td>\n<td>The French Suite<\/td>\n<td>1993<\/td>\n<\/tr>\n<tr>\n<td>26<\/td>\n<td>3 Sonaten f\u00fcr Viola da Gamba und Cembalo [Kashkashian\/Jarrett]<\/td>\n<td>1994<\/td>\n<\/tr>\n<tr>\n<td>27<\/td>\n<td>Bridge of Light<\/td>\n<td>1994<\/td>\n<\/tr>\n<tr>\n<td>28<\/td>\n<td>Radiance<\/td>\n<td>2005<\/td>\n<\/tr>\n<tr>\n<td>29<\/td>\n<td>Carnegie Hall<\/td>\n<td>2006<\/td>\n<\/tr>\n<tr>\n<td>30<\/td>\n<td>My Foolish Heart<\/td>\n<td>2007<\/td>\n<\/tr>\n<tr>\n<td>31<\/td>\n<td>Paris\/London<\/td>\n<td>2008<\/td>\n<\/tr>\n<tr>\n<td>32<\/td>\n<td>Yesterday<\/td>\n<td>2009<\/td>\n<\/tr>\n<tr>\n<td>33<\/td>\n<td>Jasmine<\/td>\n<td>2010<\/td>\n<\/tr>\n<tr>\n<td>34<\/td>\n<td>Rio<\/td>\n<td>2011<\/td>\n<\/tr>\n<tr>\n<td>35<\/td>\n<td>Somewhere Keith Jarrett, Gary Peacock<\/td>\n<td>2013<\/td>\n<\/tr>\n<tr>\n<td>36<\/td>\n<td>Last Dance<\/td>\n<td>2014<\/td>\n<\/tr>\n<tr>\n<td>37<\/td>\n<td>Creation,<\/td>\n<td>2015<\/td>\n<\/tr>\n<tr>\n<td>38<\/td>\n<td>A Multitude of Angels<\/td>\n<td>2016<\/td>\n<\/tr>\n<tr>\n<td>39<\/td>\n<td>After the Fall<\/td>\n<td>2018<\/td>\n<\/tr>\n<tr>\n<td>40<\/td>\n<td>La Fenice, , Keith Jarrett (Piano), (ECM)<\/td>\n<td>2018<\/td>\n<\/tr>\n<tr>\n<td><\/td>\n<td><\/td>\n<td><\/td>\n<\/tr>\n<\/tbody>\n<\/table>\n<p>&nbsp;<\/p>\n<\/div>\n<\/div>\n<div class=\"cxmmr5t8 oygrvhab hcukyx3x c1et5uql o9v6fnle ii04i59q\" style=\"text-align: justify;\">\n<div dir=\"auto\">Cr\u00e9ditos: Tomado de Wikipedia<\/div>\n<div dir=\"auto\"><a class=\"oajrlxb2 g5ia77u1 qu0x051f esr5mh6w e9989ue4 r7d6kgcz rq0escxv nhd2j8a9 nc684nl6 p7hjln8o kvgmc6g5 cxmmr5t8 oygrvhab hcukyx3x jb3vyjys rz4wbd8a qt6c0cv9 a8nywdso i1ao9s8h esuyzwwr f1sip0of lzcic4wl gpro0wi8 py34i1dx\" tabindex=\"0\" role=\"link\" href=\"https:\/\/l.facebook.com\/l.php?u=https%3A%2F%2Fes.wikipedia.org%2Fwiki%2FKeith_Jarrett%3Ffbclid%3DIwAR0I3WDb4TVsQ0g27Q2jLiwwMZlGibJu4FyBhpu18cVT_0rpBpuUQlJ1T9Q&amp;h=AT0Yx3rDj4tYSuTXmAWlfnE6LLHUEbmr0CQAJcTgul0lwu1k-cVTzLFG0sp6U3G-8qzR6n6KTcPe3jnZSdabwSplGm-u__YDSi9aMbkNAFNStb0IIZd42UnGOGr3f9QoECl9&amp;__tn__=-UK-R&amp;c[0]=AT3ZxMN4RXLW7nElg5co9oMweyiekrsffY4vd3DrBnCRsYbOUJNQi2rAfbJrnvE3_Z0Jkp4-NshJGscR7r3EABMdygbj6kl9zaZ-fD80nKYN9rk7GnHsnvGyB27mbnsDhWVTvNmoaQHuHmAvCoWNyXpwSX0lttUIWVFfSw\" target=\"_blank\" rel=\"nofollow noopener\">https:\/\/es.wikipedia.org\/wiki\/Keith_Jarrett<\/a><\/div>\n<div dir=\"auto\"><\/div>\n<\/div>\n<div class=\"epyt-video-wrapper\"><iframe loading=\"lazy\"  id=\"_ytid_35531\"  width=\"618\" height=\"347\"  data-origwidth=\"618\" data-origheight=\"347\" src=\"https:\/\/www.youtube.com\/embed\/0Rnzzq78Itg?enablejsapi=1&#038;autoplay=0&#038;cc_load_policy=0&#038;cc_lang_pref=&#038;iv_load_policy=1&#038;loop=0&#038;modestbranding=0&#038;rel=1&#038;fs=1&#038;playsinline=0&#038;autohide=2&#038;theme=dark&#038;color=red&#038;controls=1&#038;\" class=\"__youtube_prefs__  epyt-is-override  no-lazyload\" title=\"YouTube player\"  allow=\"fullscreen; accelerometer; autoplay; clipboard-write; encrypted-media; gyroscope; picture-in-picture\" allowfullscreen data-no-lazy=\"1\" data-skipgform_ajax_framebjll=\"\"><\/iframe><\/div>\n<p style=\"text-align: justify;\">\n","protected":false},"excerpt":{"rendered":"<p>&nbsp; Fecha de Nacimiento: 8 de mayo de 1945 Biograf\u00eda: Se trata de uno de los maestros del jazz de vanguardia, cuya producci\u00f3n m\u00e1s sobresaliente es una serie de piezas improvisadas grabadas en directo en Colonia, Par\u00eds, Mil\u00e1n, Viena, Tokio y otras ciudades. Probablemente estos sean sus trabajos m\u00e1s famosos, pero es sin duda un &hellip;<\/p>\n","protected":false},"author":1,"featured_media":0,"parent":0,"menu_order":0,"comment_status":"closed","ping_status":"closed","template":"","meta":{"footnotes":""},"class_list":["post-28426","page","type-page","status-publish",""],"jetpack_sharing_enabled":true,"_links":{"self":[{"href":"https:\/\/mickyandoniehn.com\/radio\/wp-json\/wp\/v2\/pages\/28426","targetHints":{"allow":["GET"]}}],"collection":[{"href":"https:\/\/mickyandoniehn.com\/radio\/wp-json\/wp\/v2\/pages"}],"about":[{"href":"https:\/\/mickyandoniehn.com\/radio\/wp-json\/wp\/v2\/types\/page"}],"author":[{"embeddable":true,"href":"https:\/\/mickyandoniehn.com\/radio\/wp-json\/wp\/v2\/users\/1"}],"replies":[{"embeddable":true,"href":"https:\/\/mickyandoniehn.com\/radio\/wp-json\/wp\/v2\/comments?post=28426"}],"version-history":[{"count":1,"href":"https:\/\/mickyandoniehn.com\/radio\/wp-json\/wp\/v2\/pages\/28426\/revisions"}],"predecessor-version":[{"id":28427,"href":"https:\/\/mickyandoniehn.com\/radio\/wp-json\/wp\/v2\/pages\/28426\/revisions\/28427"}],"wp:attachment":[{"href":"https:\/\/mickyandoniehn.com\/radio\/wp-json\/wp\/v2\/media?parent=28426"}],"curies":[{"name":"wp","href":"https:\/\/api.w.org\/{rel}","templated":true}]}}