{"id":28418,"date":"2022-08-26T09:32:41","date_gmt":"2022-08-26T15:32:41","guid":{"rendered":"https:\/\/mickyandoniehn.com\/radio\/?page_id=28418"},"modified":"2022-09-01T10:28:59","modified_gmt":"2022-09-01T16:28:59","slug":"ian-mcculloch","status":"publish","type":"page","link":"https:\/\/mickyandoniehn.com\/radio\/ian-mcculloch\/","title":{"rendered":"Ian McCulloch"},"content":{"rendered":"<p style=\"text-align: justify;\"><img loading=\"lazy\" decoding=\"async\" class=\" wp-image-25451 aligncenter\" src=\"http:\/\/mickyandoniehn.com\/radio\/wp-content\/uploads\/2022\/08\/Ian-McCulloch.png\" alt=\"\" width=\"536\" height=\"609\" \/><\/p>\n<p>&nbsp;<\/p>\n<div class=\"cxmmr5t8 oygrvhab hcukyx3x c1et5uql o9v6fnle ii04i59q\" style=\"text-align: justify;\">\n<div dir=\"auto\"><strong>Fecha de Nacimiento:<\/strong> 5 de mayo de 1959<\/div>\n<p>&nbsp;<\/p>\n<div dir=\"auto\"><\/div>\n<\/div>\n<div class=\"cxmmr5t8 oygrvhab hcukyx3x c1et5uql o9v6fnle ii04i59q\" style=\"text-align: justify;\">\n<div dir=\"auto\"><strong>Biograf\u00eda<\/strong><\/div>\n<p>&nbsp;<\/p>\n<div dir=\"auto\"><\/div>\n<div dir=\"auto\">Ian Stephen McCulloch, es un cantante ingl\u00e9s, nacido en Liverpool el 5 de mayo de 1959, l\u00edder de la banda Echo and The Bunnymen, icono de los 80 con su inconfundible imagen, Ian McCulloch (coloquialmente conocido como Mac) hab\u00eda iniciado su carrera en la escena post-punk con The Crucial Three junto Pete Wylie y Julian Cope. Mientras \u00e9stos pasaron a formar Teardrop Exploses, McCulloch alcanz\u00f3 el \u00e9xito con la banda de culto de los 80 Echo and The Bunnymen, la cual abandon\u00f3 en 1988 para empezar su carrera en solitario.<\/div>\n<p>&nbsp;<\/p>\n<div dir=\"auto\"><\/div>\n<\/div>\n<div class=\"cxmmr5t8 oygrvhab hcukyx3x c1et5uql o9v6fnle ii04i59q\" style=\"text-align: justify;\">\n<div dir=\"auto\">Lanz\u00f3 los \u00e1lbumes Candleland en 1989, una obra que manten\u00eda la atm\u00f3sfera envolvente de sus trabajos anteriores (como curiosidad, su hija Candy aparece con \u00e9l en el v\u00eddeo Faith and healing) y Mysterio en 1992 que no obtuvo demasiado \u00e9xito.<\/div>\n<p>&nbsp;<\/p>\n<div dir=\"auto\"><\/div>\n<div dir=\"auto\">Su carrera qued\u00f3 adem\u00e1s en un segundo plano en esos a\u00f1os, en comparaci\u00f3n con el ritmo fren\u00e9tico que hab\u00eda llevado con Echo and The Bunnymen pues tras la muerte de su padre decidi\u00f3 dar prioridad a su vida personal y a su familia durante una temporada retir\u00e1ndose a su hogar de Liverpool, ciudad en la que siempre ha seguido viviendo.<\/div>\n<p>&nbsp;<\/p>\n<div dir=\"auto\"><\/div>\n<\/div>\n<div class=\"cxmmr5t8 oygrvhab hcukyx3x c1et5uql o9v6fnle ii04i59q\" style=\"text-align: justify;\">\n<div dir=\"auto\">En 1994 Mac y Will Sergeant, guitarra de Echo, formaron el grupo Electrafixion y lanzaron el \u00e1lbum Burned.<\/div>\n<p>&nbsp;<\/p>\n<div dir=\"auto\"><\/div>\n<\/div>\n<div class=\"cxmmr5t8 oygrvhab hcukyx3x c1et5uql o9v6fnle ii04i59q\" style=\"text-align: justify;\">\n<div dir=\"auto\">En 1997 se unieron de nuevo con Les Pattinson, bajo de Echo, y los tres miembros que quedaban de la formaci\u00f3n original de Echo and The Bunnymen (tras la muerte en accidente de tr\u00e1fico del bater\u00eda Pete de Freitas en 1989) relanzaron el grupo con el nombre original que sigue activo en la actualidad.<\/div>\n<p>&nbsp;<\/p>\n<div dir=\"auto\"><\/div>\n<\/div>\n<div class=\"cxmmr5t8 oygrvhab hcukyx3x c1et5uql o9v6fnle ii04i59q\" style=\"text-align: justify;\">\n<div dir=\"auto\">En 2003, paralelamente a su segunda etapa con Echo and The Bunnymen, lanz\u00f3 un tercer \u00e1lbum en solitario, Slideling, que inclu\u00eda colaboraciones de artistas conocidos como Chris Martin, de Coldplay.<\/div>\n<div dir=\"auto\"><\/div>\n<p>&nbsp;<\/p>\n<\/div>\n<div class=\"cxmmr5t8 oygrvhab hcukyx3x c1et5uql o9v6fnle ii04i59q\" style=\"text-align: justify;\">\n<div dir=\"auto\">Se han publicado diferentes biograf\u00edas de \u00e9l, si bien Mac ha expresado en varias ocasiones que recogen muchas imprecisiones. King of Cool de Mick Middles (con una espantosa portada) o Turquoise Days: The Weird World of Echo and The Bunnymen de Chris Adams.<\/div>\n<p>&nbsp;<\/p>\n<div dir=\"auto\"><\/div>\n<\/div>\n<div class=\"cxmmr5t8 oygrvhab hcukyx3x c1et5uql o9v6fnle ii04i59q\" style=\"text-align: justify;\">\n<div dir=\"auto\"><strong>Wikipedia in English<\/strong><\/div>\n<p>&nbsp;<\/p>\n<div dir=\"auto\"><\/div>\n<\/div>\n<div class=\"cxmmr5t8 oygrvhab hcukyx3x c1et5uql o9v6fnle ii04i59q\" style=\"text-align: justify;\">\n<div dir=\"auto\"><strong>Date of Born:<\/strong> May 05, 1959<\/div>\n<p>&nbsp;<\/p>\n<div dir=\"auto\"><\/div>\n<\/div>\n<div class=\"cxmmr5t8 oygrvhab hcukyx3x c1et5uql o9v6fnle ii04i59q\" style=\"text-align: justify;\">\n<div dir=\"auto\"><strong>Biography<\/strong><\/div>\n<p>&nbsp;<\/p>\n<div dir=\"auto\"><\/div>\n<div dir=\"auto\">Ian Stephen McCulloch, born in Liverpool on May 5, 1959, leader of the band Echo and The Bunnymen, an icon of the 80s with his unmistakable image, Ian McCulloch (colloquially known as Mac) had started his career in the post-punk scene with The Crucial Three alongside Pete Wylie and Julian Cope. While they went on to form Teardrop Explodes, McCulloch achieved success with the cult 1980s band Echo and The Bunnymen, which he left in 1988 to begin his solo career.<\/div>\n<p>&nbsp;<\/p>\n<div dir=\"auto\"><\/div>\n<\/div>\n<div class=\"cxmmr5t8 oygrvhab hcukyx3x c1et5uql o9v6fnle ii04i59q\" style=\"text-align: justify;\">\n<div dir=\"auto\">He released the albums Candleland in 1989, a work that kept the enveloping atmosphere of his previous works (as a curiosity, his daughter Candy appears with him in the video Faith and healing) and Mysterio in 1992 which was not very successful.<\/div>\n<p>&nbsp;<\/p>\n<div dir=\"auto\"><\/div>\n<div dir=\"auto\">His career also took a back seat in those years, compared to the hectic pace he had taken with Echo and The Bunnymen, since after his father&#8217;s death he decided to prioritize his personal life and family for a season by retiring to his home. from Liverpool, a city in which he has always continued to live.<\/div>\n<p>&nbsp;<\/p>\n<div dir=\"auto\"><\/div>\n<\/div>\n<div class=\"cxmmr5t8 oygrvhab hcukyx3x c1et5uql o9v6fnle ii04i59q\" style=\"text-align: justify;\">\n<div dir=\"auto\">In 1994 Mac and Echo guitarist Will Sergeant formed the group Electrafixion and released the album Burned.<\/div>\n<p>&nbsp;<\/p>\n<div dir=\"auto\"><\/div>\n<\/div>\n<div class=\"cxmmr5t8 oygrvhab hcukyx3x c1et5uql o9v6fnle ii04i59q\" style=\"text-align: justify;\">\n<div dir=\"auto\">In 1997 they teamed up again with Les Pattinson, bass of Echo, and the three remaining members of the original line-up of Echo and The Bunnymen (after the death in a traffic accident of drummer Pete de Freitas in 1989) relaunched the group with the original name that is still active today.<\/div>\n<p>&nbsp;<\/p>\n<div dir=\"auto\"><\/div>\n<\/div>\n<div class=\"cxmmr5t8 oygrvhab hcukyx3x c1et5uql o9v6fnle ii04i59q\" style=\"text-align: justify;\">\n<div dir=\"auto\">In 2003, in parallel with his second spell with Echo and The Bunnymen, he released a third solo album, Slideling, which featured collaborations from well-known artists such as Coldplay&#8217;s Chris Martin.<\/div>\n<p>&nbsp;<\/p>\n<div dir=\"auto\"><\/div>\n<\/div>\n<div class=\"cxmmr5t8 oygrvhab hcukyx3x c1et5uql o9v6fnle ii04i59q\" style=\"text-align: justify;\">\n<div dir=\"auto\">Different biographies of him have been published, although Mac has expressed on several occasions that they include many inaccuracies. King of Cool by Mick Middles (with a hideous cover) or Turquoise Days: The Weird World of Echo and The Bunnymen by Chris Adams.<\/div>\n<p>&nbsp;<\/p>\n<div dir=\"auto\"><\/div>\n<\/div>\n<div class=\"cxmmr5t8 oygrvhab hcukyx3x c1et5uql o9v6fnle ii04i59q\" style=\"text-align: justify;\">\n<div dir=\"auto\"><strong>Discography<\/strong><\/div>\n<p>&nbsp;<\/p>\n<div dir=\"auto\"><\/div>\n<div dir=\"auto\">\n<table width=\"561\">\n<tbody>\n<tr>\n<td style=\"text-align: center;\" width=\"127\"><strong>Genero Electronic, Rock, Pop<\/strong><\/td>\n<td style=\"text-align: center;\" width=\"319\"><strong>Escuchar Tema<\/strong><\/td>\n<td style=\"text-align: center;\" width=\"115\"><strong>A\u00f1o de Publicacion<\/strong><\/td>\n<\/tr>\n<tr>\n<td>1<\/td>\n<td>Proud to Fall<\/td>\n<td>1989<\/td>\n<\/tr>\n<tr>\n<td>2<\/td>\n<td>September Song<\/td>\n<td>1990<\/td>\n<\/tr>\n<tr>\n<td>3<\/td>\n<td>Lover, Lover, Lover<\/td>\n<td>1989<\/td>\n<\/tr>\n<tr>\n<td>4<\/td>\n<td>The Flickering Wall<\/td>\n<td>1989<\/td>\n<\/tr>\n<tr>\n<td>5<\/td>\n<td>Honeydrip<\/td>\n<td>1989<\/td>\n<\/tr>\n<tr>\n<td>6<\/td>\n<td>Faith and Healing<\/td>\n<td>1989<\/td>\n<\/tr>\n<tr>\n<td>7<\/td>\n<td>Candleland<\/td>\n<td>1989<\/td>\n<\/tr>\n<tr>\n<td>8<\/td>\n<td>Horse\u2019s Head<\/td>\n<td>1989<\/td>\n<\/tr>\n<tr>\n<td>9<\/td>\n<td>Hey, That&#8217;s No Way to Say Goodbye<\/td>\n<td>1992<\/td>\n<\/tr>\n<tr>\n<td>10<\/td>\n<td>Start Again<\/td>\n<td>1989<\/td>\n<\/tr>\n<tr>\n<td><\/td>\n<td><\/td>\n<td><\/td>\n<\/tr>\n<\/tbody>\n<\/table>\n<p>&nbsp;<\/p>\n<\/div>\n<\/div>\n<div class=\"epyt-video-wrapper\"><iframe loading=\"lazy\"  id=\"_ytid_37486\"  width=\"618\" height=\"347\"  data-origwidth=\"618\" data-origheight=\"347\" src=\"https:\/\/www.youtube.com\/embed\/39juXYWRdXo?enablejsapi=1&#038;autoplay=0&#038;cc_load_policy=0&#038;cc_lang_pref=&#038;iv_load_policy=1&#038;loop=0&#038;modestbranding=0&#038;rel=1&#038;fs=1&#038;playsinline=0&#038;autohide=2&#038;theme=dark&#038;color=red&#038;controls=1&#038;\" class=\"__youtube_prefs__  epyt-is-override  no-lazyload\" title=\"YouTube player\"  allow=\"fullscreen; accelerometer; autoplay; clipboard-write; encrypted-media; gyroscope; picture-in-picture\" allowfullscreen data-no-lazy=\"1\" data-skipgform_ajax_framebjll=\"\"><\/iframe><\/div>\n","protected":false},"excerpt":{"rendered":"<p>&nbsp; Fecha de Nacimiento: 5 de mayo de 1959 &nbsp; Biograf\u00eda &nbsp; Ian Stephen McCulloch, es un cantante ingl\u00e9s, nacido en Liverpool el 5 de mayo de 1959, l\u00edder de la banda Echo and The Bunnymen, icono de los 80 con su inconfundible imagen, Ian McCulloch (coloquialmente conocido como Mac) hab\u00eda iniciado su carrera en &hellip;<\/p>\n","protected":false},"author":1,"featured_media":0,"parent":0,"menu_order":0,"comment_status":"closed","ping_status":"closed","template":"","meta":{"footnotes":""},"class_list":["post-28418","page","type-page","status-publish",""],"jetpack_sharing_enabled":true,"_links":{"self":[{"href":"https:\/\/mickyandoniehn.com\/radio\/wp-json\/wp\/v2\/pages\/28418","targetHints":{"allow":["GET"]}}],"collection":[{"href":"https:\/\/mickyandoniehn.com\/radio\/wp-json\/wp\/v2\/pages"}],"about":[{"href":"https:\/\/mickyandoniehn.com\/radio\/wp-json\/wp\/v2\/types\/page"}],"author":[{"embeddable":true,"href":"https:\/\/mickyandoniehn.com\/radio\/wp-json\/wp\/v2\/users\/1"}],"replies":[{"embeddable":true,"href":"https:\/\/mickyandoniehn.com\/radio\/wp-json\/wp\/v2\/comments?post=28418"}],"version-history":[{"count":2,"href":"https:\/\/mickyandoniehn.com\/radio\/wp-json\/wp\/v2\/pages\/28418\/revisions"}],"predecessor-version":[{"id":30275,"href":"https:\/\/mickyandoniehn.com\/radio\/wp-json\/wp\/v2\/pages\/28418\/revisions\/30275"}],"wp:attachment":[{"href":"https:\/\/mickyandoniehn.com\/radio\/wp-json\/wp\/v2\/media?parent=28418"}],"curies":[{"name":"wp","href":"https:\/\/api.w.org\/{rel}","templated":true}]}}