{"id":28406,"date":"2022-08-26T09:28:58","date_gmt":"2022-08-26T15:28:58","guid":{"rendered":"https:\/\/mickyandoniehn.com\/radio\/?page_id=28406"},"modified":"2022-09-01T09:31:53","modified_gmt":"2022-09-01T15:31:53","slug":"cuco-sanchez","status":"publish","type":"page","link":"https:\/\/mickyandoniehn.com\/radio\/cuco-sanchez\/","title":{"rendered":"Cuco S\u00e1nchez"},"content":{"rendered":"<p><img loading=\"lazy\" decoding=\"async\" class=\" wp-image-25441 aligncenter\" src=\"http:\/\/mickyandoniehn.com\/radio\/wp-content\/uploads\/2022\/08\/Cuco-Sanchez-296x300.png\" alt=\"\" width=\"595\" height=\"603\" srcset=\"https:\/\/mickyandoniehn.com\/radio\/wp-content\/uploads\/2022\/08\/Cuco-Sanchez-296x300.png 296w, https:\/\/mickyandoniehn.com\/radio\/wp-content\/uploads\/2022\/08\/Cuco-Sanchez.png 338w\" sizes=\"auto, (max-width: 595px) 100vw, 595px\" \/><\/p>\n<div class=\"cxmmr5t8 oygrvhab hcukyx3x c1et5uql o9v6fnle ii04i59q\">\n<div dir=\"auto\"><strong>Fecha de Nacimiento:<\/strong> 03 de mayo de 1921<\/div>\n<p>&nbsp;<\/p>\n<div dir=\"auto\"><\/div>\n<div dir=\"auto\"><strong>Fecha de Fallecimiento:<\/strong> 05 de octubre del 2000<\/div>\n<p>&nbsp;<\/p>\n<\/div>\n<div dir=\"auto\"><\/div>\n<div dir=\"auto\"><strong>Biografia<\/strong><\/div>\n<p>&nbsp;<\/p>\n<div class=\"cxmmr5t8 oygrvhab hcukyx3x c1et5uql o9v6fnle ii04i59q\">\n<div dir=\"auto\"><\/div>\n<\/div>\n<div class=\"cxmmr5t8 oygrvhab hcukyx3x c1et5uql o9v6fnle ii04i59q\">\n<div dir=\"auto\">Jos\u00e9 del Refugio S\u00e1nchez Salda\u00f1a, fue un compositor y cantante mexicano naci\u00f3 el s\u00e1bado 3 de mayo de 1921. Su padre, don Jos\u00e9 del Refugio S\u00e1nchez Herros, Capit\u00e1n Primero Pagador del Ej\u00e9rcito Mexicano, se trasladaba con su regimiento a la Ciudad de Altamira, Tamaulipas; con \u00e9l viajaba su esposa, Felipa Salda\u00f1a Cabello de S\u00e1nchez, a quien poco despu\u00e9s de la medianoche le comenzaron los trabajos del parto fue unos del los m\u00e1s reconocido en Altamira. Su esposa dio a luz un varoncito, a quien le pusieron el nombre de Jos\u00e9 del Refugio, y que, con el correr de los a\u00f1os, se le conocer\u00eda como Cuco S\u00e1nchez. Poco tiempo despu\u00e9s naci\u00f3 Enrique, su \u00fanico hermano.<\/div>\n<p>&nbsp;<\/p>\n<div dir=\"auto\"><\/div>\n<\/div>\n<div class=\"cxmmr5t8 oygrvhab hcukyx3x c1et5uql o9v6fnle ii04i59q\">\n<div dir=\"auto\">La familia tuvo que viajar mucho durante los primeros cinco a\u00f1os de vida del peque\u00f1o Cuco, hasta que, un d\u00eda, su padre decidi\u00f3 ir al norte a enlistarse con el General \u00c1lvaro Obreg\u00f3n. La familia no lo volvi\u00f3 a ver hasta despu\u00e9s de muchos a\u00f1os.<\/div>\n<p>&nbsp;<\/p>\n<\/div>\n<div class=\"cxmmr5t8 oygrvhab hcukyx3x c1et5uql o9v6fnle ii04i59q\">\n<div dir=\"auto\">Su madre los llev\u00f3 a vivir a la Ciudad de M\u00e9xico, en Tulyehualco, en donde consiguieron comprar algunas chivas y vacas para vivir. As\u00ed fue que Refugio se convirti\u00f3 en pastor y vivi\u00f3 una infancia dif\u00edcil, ya que tuvo que trabajar muy duro para procurar algunas comodidades a su madre y hermano. Desde su infancia se distingui\u00f3 por decir frases bonitas, las cuales le gustaban mucho a su madre, quien por ello las anotaba. Cuando Cuco aprendi\u00f3 a escribir, redactaba ideas muy completas y po\u00e9ticas, y al poco tiempo descubri\u00f3 su capacidad y facilidad para desarrollar melod\u00edas para acompa\u00f1ar esas frases y pensamientos.<\/div>\n<p>&nbsp;<\/p>\n<div dir=\"auto\"><\/div>\n<\/div>\n<div class=\"cxmmr5t8 oygrvhab hcukyx3x c1et5uql o9v6fnle ii04i59q\">\n<div dir=\"auto\">As\u00ed que decidi\u00f3 acudir a la XEW-AM con su trabajo, pero sus primeros intentos fueron vanos, ya que ni siquiera consigui\u00f3 que le permitieran entrar al edificio. Un d\u00eda tuvo un golpe de suerte, ya que Alonso Sordo Noriega, fundador de la emisora, le consigui\u00f3 la oportunidad de que entrara a conversar con algunos int\u00e9rpretes. Fue as\u00ed como consigui\u00f3 que le grabaran algunas canciones.<\/div>\n<p>&nbsp;<\/p>\n<div dir=\"auto\"><\/div>\n<\/div>\n<div class=\"cxmmr5t8 oygrvhab hcukyx3x c1et5uql o9v6fnle ii04i59q\">\n<div dir=\"auto\">M\u00e1s adelante sucedi\u00f3 que, en un programa de Radio Mil, no se present\u00f3 un cantante, por lo que Paco Malgesto le sugiri\u00f3 que cantara. Desde esta primera presentaci\u00f3n logr\u00f3 una gran aceptaci\u00f3n del p\u00fablico; a partir de ese momento comenz\u00f3 su desarrollo y, poco a poco, fue tomando el estilo que lo caracteriz\u00f3 y lo llev\u00f3 al \u00e9xito. Cuco S\u00e1nchez comenz\u00f3 su carrera art\u00edstica en 1937, pero fue en 1939 cuando su canci\u00f3n Mi chata lo lanz\u00f3 a la fama. Compuso m\u00e1s de 200 canciones, varias de ellas para el cine. Su estilo retoma la tradici\u00f3n de la canci\u00f3n revolucionaria.<\/div>\n<div dir=\"auto\"><\/div>\n<p>&nbsp;<\/p>\n<\/div>\n<div class=\"cxmmr5t8 oygrvhab hcukyx3x c1et5uql o9v6fnle ii04i59q\">\n<div dir=\"auto\">Algunas frases de sus canciones se han convertido en expresiones del habla popular, por ejemplo: &#8220;la chancla que yo tiro no la vuelvo a levantar&#8221; para decir que un amor una vez abandonado, lo es para siempre.3 Pusieron voz a sus composiciones artistas como Miguel Aceves Mej\u00eda, Amalia Mendoza, Lola Beltr\u00e1n, Lucha Villa, Pedro Infante, Matilde S\u00e1nchez &#8220;La Torcacita&#8221;, Chavela Vargas, Mar\u00eda Dolores Pradera, Pedro Guerra, Joaqu\u00edn Sabina, \u00c1ngel Parra,4 entre otros. Cuco S\u00e1nchez falleci\u00f3 a la edad de 79 a\u00f1os.<\/div>\n<p>&nbsp;<\/p>\n<div dir=\"auto\"><\/div>\n<\/div>\n<div class=\"cxmmr5t8 oygrvhab hcukyx3x c1et5uql o9v6fnle ii04i59q\">\n<div dir=\"auto\"><strong>Wikipedia in English<\/strong><\/div>\n<p>&nbsp;<\/p>\n<div dir=\"auto\"><\/div>\n<\/div>\n<div class=\"cxmmr5t8 oygrvhab hcukyx3x c1et5uql o9v6fnle ii04i59q\">\n<div dir=\"auto\"><strong>Date of Born:<\/strong> May 03, 1921<\/div>\n<p>&nbsp;<\/p>\n<div dir=\"auto\"><\/div>\n<div dir=\"auto\"><strong>Date of Death:<\/strong> October 5, 2000<\/div>\n<p>&nbsp;<\/p>\n<\/div>\n<div dir=\"auto\"><\/div>\n<div dir=\"auto\"><strong>Biography<\/strong><\/div>\n<p>&nbsp;<\/p>\n<div class=\"cxmmr5t8 oygrvhab hcukyx3x c1et5uql o9v6fnle ii04i59q\">\n<div dir=\"auto\"><\/div>\n<\/div>\n<div class=\"cxmmr5t8 oygrvhab hcukyx3x c1et5uql o9v6fnle ii04i59q\">\n<div dir=\"auto\">Jos\u00e9 del Refugio S\u00e1nchez Salda\u00f1a, was a Mexican composer and singer born on Saturday, May 3, 1921. His father, Don Jos\u00e9 del Refugio S\u00e1nchez Herros, First Payer Captain of the Mexican Army, moved with his regiment to the City of Altamira, Tamaulipas ; With him was his wife, Felipa Salda\u00f1a Cabello de S\u00e1nchez, whose labor began shortly after midnight was one of the most recognized in Altamira. His wife gave birth to a boy, who was named Jos\u00e9 del Refugio, and who, over the years, would be known as Cuco S\u00e1nchez. Shortly after, Enrique, his only brother, was born.<\/div>\n<p>&nbsp;<\/p>\n<div dir=\"auto\"><\/div>\n<\/div>\n<div class=\"cxmmr5t8 oygrvhab hcukyx3x c1et5uql o9v6fnle ii04i59q\">\n<div dir=\"auto\">The family had to travel a lot during the first five years of little Cuco&#8217;s life, until, one day, his father decided to go north to enlist with General \u00c1lvaro Obreg\u00f3n. The family did not see him again for many years.<\/div>\n<p>&nbsp;<\/p>\n<div dir=\"auto\"><\/div>\n<\/div>\n<div class=\"cxmmr5t8 oygrvhab hcukyx3x c1et5uql o9v6fnle ii04i59q\">\n<div dir=\"auto\">Their mother took them to live in Mexico City, in Tulyehualco, where they managed to buy some goats and cows to live on. So it was that Refugio became a pastor and lived a difficult childhood, as he had to work very hard to provide some comforts for his mother and brother. From his childhood he distinguished himself by saying beautiful phrases, which his mother liked very much, who therefore wrote them down. When Cuco learned to write, he wrote very complete and poetic ideas, and in a short time he discovered his ability and facility to develop melodies to accompany those phrases and thoughts.<\/div>\n<p>&nbsp;<\/p>\n<div dir=\"auto\"><\/div>\n<\/div>\n<div class=\"cxmmr5t8 oygrvhab hcukyx3x c1et5uql o9v6fnle ii04i59q\">\n<div dir=\"auto\">So he decided to go to XEW-AM with his work, but his first attempts were in vain, as he did not even get allowed into the building. One day he had a stroke of luck, since Alonso Sordo Noriega, founder of the station, got him the opportunity to enter to talk with some interpreters. This is how he got some songs recorded for him.<\/div>\n<div dir=\"auto\"><\/div>\n<p>&nbsp;<\/p>\n<\/div>\n<div class=\"cxmmr5t8 oygrvhab hcukyx3x c1et5uql o9v6fnle ii04i59q\">\n<div dir=\"auto\">Later it happened that, in a Radio Mil program, a singer did not appear, so Paco Malgesto suggested that he sing. From this first presentation he achieved a great acceptance from the public; From that moment on, his development began and, little by little, he took on the style that characterized him and led him to success. Cuco S\u00e1nchez began his artistic career in 1937, but it was in 1939 when his song Mi chata launched him to fame. He composed more than 200 songs, several of them for the cinema. His style takes up the tradition of the revolutionary song.<\/div>\n<div dir=\"auto\"><\/div>\n<p>&nbsp;<\/p>\n<\/div>\n<div class=\"cxmmr5t8 oygrvhab hcukyx3x c1et5uql o9v6fnle ii04i59q\">\n<div dir=\"auto\">Some phrases of their songs have become expressions of popular speech, for example: &#8220;the chancla that I throw I will not raise again&#8221; to say that a love once abandoned, it is forever.3 They gave voice to their compositions artists such as Miguel Aceves Mej\u00eda, Amalia Mendoza, Lola Beltr\u00e1n, Lucha Villa, Pedro Infante, Matilde S\u00e1nchez &#8220;La Torcacita&#8221;, Chavela Vargas, Mar\u00eda Dolores Pradera, Pedro Guerra, Joaqu\u00edn Sabina, \u00c1ngel Parra, 4 among others. Cuco S\u00e1nchez passed away at the age of 79.<\/div>\n<p>&nbsp;<\/p>\n<div dir=\"auto\"><\/div>\n<div dir=\"auto\"><strong>Discografia<\/strong><\/div>\n<p>&nbsp;<\/p>\n<div dir=\"auto\"><\/div>\n<div dir=\"auto\">\n<table width=\"695\">\n<tbody>\n<tr>\n<td style=\"text-align: center;\" width=\"237\"><strong>Genero Bolero<\/strong><\/td>\n<td style=\"text-align: center;\" width=\"368\"><strong>Escuchar tema<\/strong><\/td>\n<td style=\"text-align: center;\" width=\"90\"><strong>A\u00f1o<\/strong><\/td>\n<\/tr>\n<tr>\n<td style=\"text-align: center;\"><\/td>\n<td style=\"text-align: center;\"><strong>La Cama de Piedra<\/strong><\/td>\n<td style=\"text-align: center;\"><strong>1958<\/strong><\/td>\n<\/tr>\n<tr>\n<td>1<\/td>\n<td>La Cama de Piedra<\/td>\n<td><\/td>\n<\/tr>\n<tr>\n<td>2<\/td>\n<td>Arrieros Somos<\/td>\n<td><\/td>\n<\/tr>\n<tr>\n<td>3<\/td>\n<td>El Mil Amores<\/td>\n<td><\/td>\n<\/tr>\n<tr>\n<td>4<\/td>\n<td>Coraz\u00f3n Apasionado<\/td>\n<td><\/td>\n<\/tr>\n<tr>\n<td>5<\/td>\n<td>Un Corazon Olvidado<\/td>\n<td><\/td>\n<\/tr>\n<tr>\n<td>6<\/td>\n<td>Siempre Hace Frio<\/td>\n<td><\/td>\n<\/tr>\n<tr>\n<td>7<\/td>\n<td>Vencida<\/td>\n<td><\/td>\n<\/tr>\n<tr>\n<td>8<\/td>\n<td>Brindo Por Ella<\/td>\n<td><\/td>\n<\/tr>\n<tr>\n<td><\/td>\n<td><\/td>\n<td><\/td>\n<\/tr>\n<tr>\n<td style=\"text-align: center;\"><\/td>\n<td style=\"text-align: center;\"><strong>Y Las Canciones de Agust\u00edn Lara<\/strong><\/td>\n<td style=\"text-align: center;\"><strong>1962<\/strong><\/td>\n<\/tr>\n<tr>\n<td>1<\/td>\n<td>Rival<\/td>\n<td><\/td>\n<\/tr>\n<tr>\n<td>2<\/td>\n<td>Santa<\/td>\n<td><\/td>\n<\/tr>\n<tr>\n<td>3<\/td>\n<td>Palabras De Mujer<\/td>\n<td><\/td>\n<\/tr>\n<tr>\n<td>4<\/td>\n<td>Mia No Mas<\/td>\n<td><\/td>\n<\/tr>\n<tr>\n<td>5<\/td>\n<td>Escarcha<\/td>\n<td><\/td>\n<\/tr>\n<tr>\n<td>6<\/td>\n<td>Solamente Una Vez<\/td>\n<td><\/td>\n<\/tr>\n<tr>\n<td>7<\/td>\n<td>Noche De Ronda<\/td>\n<td><\/td>\n<\/tr>\n<tr>\n<td>8<\/td>\n<td>Naufragio<\/td>\n<td><\/td>\n<\/tr>\n<tr>\n<td>9<\/td>\n<td>Volveras<\/td>\n<td><\/td>\n<\/tr>\n<tr>\n<td>10<\/td>\n<td>Farolito<\/td>\n<td><\/td>\n<\/tr>\n<tr>\n<td>11<\/td>\n<td>Pervertida<\/td>\n<td><\/td>\n<\/tr>\n<tr>\n<td>12<\/td>\n<td>Te Quiero<\/td>\n<td><\/td>\n<\/tr>\n<tr>\n<td><\/td>\n<td><\/td>\n<td><\/td>\n<\/tr>\n<tr>\n<td style=\"text-align: center;\"><\/td>\n<td style=\"text-align: center;\"><strong>Boleros<\/strong><\/td>\n<td style=\"text-align: center;\"><strong>1963<\/strong><\/td>\n<\/tr>\n<tr>\n<td>1<\/td>\n<td>Consentida<\/td>\n<td><\/td>\n<\/tr>\n<tr>\n<td>2<\/td>\n<td>Que Te Importa<\/td>\n<td><\/td>\n<\/tr>\n<tr>\n<td>3<\/td>\n<td>Hay Que Saber Perder<\/td>\n<td><\/td>\n<\/tr>\n<tr>\n<td>4<\/td>\n<td>Imposible<\/td>\n<td><\/td>\n<\/tr>\n<tr>\n<td>5<\/td>\n<td>Lamento Borincano<\/td>\n<td><\/td>\n<\/tr>\n<tr>\n<td>6<\/td>\n<td>Mentirosa<\/td>\n<td><\/td>\n<\/tr>\n<tr>\n<td>7<\/td>\n<td>Toda Una Vida<\/td>\n<td><\/td>\n<\/tr>\n<tr>\n<td>8<\/td>\n<td>Canci\u00f3n Del Alma<\/td>\n<td><\/td>\n<\/tr>\n<tr>\n<td>9<\/td>\n<td>Que Te Vaya Bien<\/td>\n<td><\/td>\n<\/tr>\n<tr>\n<td>10<\/td>\n<td>Falsa<\/td>\n<td><\/td>\n<\/tr>\n<tr>\n<td>11<\/td>\n<td>Ya No Te Quiero<\/td>\n<td><\/td>\n<\/tr>\n<tr>\n<td>12<\/td>\n<td>Amor Perdido<\/td>\n<td><\/td>\n<\/tr>\n<tr>\n<td><\/td>\n<td><\/td>\n<td><\/td>\n<\/tr>\n<tr>\n<td style=\"text-align: center;\"><\/td>\n<td style=\"text-align: center;\"><strong>Caminos de Ayer<\/strong><\/td>\n<td style=\"text-align: center;\"><strong>1963<\/strong><\/td>\n<\/tr>\n<tr>\n<td>1<\/td>\n<td>Inesperada<\/td>\n<td><\/td>\n<\/tr>\n<tr>\n<td>2<\/td>\n<td>Fruta Verde<\/td>\n<td><\/td>\n<\/tr>\n<tr>\n<td>3<\/td>\n<td>Caminos De Ayer<\/td>\n<td><\/td>\n<\/tr>\n<tr>\n<td>4<\/td>\n<td>Viajera<\/td>\n<td><\/td>\n<\/tr>\n<tr>\n<td>5<\/td>\n<td>Anoche<\/td>\n<td><\/td>\n<\/tr>\n<tr>\n<td>6<\/td>\n<td>Sortilegio<\/td>\n<td><\/td>\n<\/tr>\n<tr>\n<td>7<\/td>\n<td>Desesperanza<\/td>\n<td><\/td>\n<\/tr>\n<tr>\n<td>8<\/td>\n<td>As De Corazones<\/td>\n<td><\/td>\n<\/tr>\n<tr>\n<td>9<\/td>\n<td>Muy Quedito<\/td>\n<td><\/td>\n<\/tr>\n<tr>\n<td>10<\/td>\n<td>Tu Partida<\/td>\n<td><\/td>\n<\/tr>\n<tr>\n<td>11<\/td>\n<td>R\u00edmel<\/td>\n<td><\/td>\n<\/tr>\n<tr>\n<td>12<\/td>\n<td>Distancia<\/td>\n<td><\/td>\n<\/tr>\n<tr>\n<td><\/td>\n<td><\/td>\n<td><\/td>\n<\/tr>\n<tr>\n<td style=\"text-align: center;\"><\/td>\n<td style=\"text-align: center;\"><strong>Mexico de Mis Amores<\/strong><\/td>\n<td style=\"text-align: center;\"><strong>1964<\/strong><\/td>\n<\/tr>\n<tr>\n<td>1<\/td>\n<td>Adi\u00f3s Mariquita Linda<\/td>\n<td><\/td>\n<\/tr>\n<tr>\n<td>2<\/td>\n<td>Los Barandales Del Puente<\/td>\n<td><\/td>\n<\/tr>\n<tr>\n<td>3<\/td>\n<td>Mi \u00daltima Carta<\/td>\n<td><\/td>\n<\/tr>\n<tr>\n<td>4<\/td>\n<td>Golondrina De Ojos Negros<\/td>\n<td><\/td>\n<\/tr>\n<tr>\n<td>5<\/td>\n<td>Canci\u00f3n Mixteca<\/td>\n<td><\/td>\n<\/tr>\n<tr>\n<td>6<\/td>\n<td>Pa&#8217; Qu\u00e9 Me Sirve La Vida<\/td>\n<td><\/td>\n<\/tr>\n<tr>\n<td>7<\/td>\n<td>No Volver\u00e9<\/td>\n<td><\/td>\n<\/tr>\n<tr>\n<td>8<\/td>\n<td>Mi Ranchito<\/td>\n<td><\/td>\n<\/tr>\n<tr>\n<td>9<\/td>\n<td>Una Sola Ca\u00edda<\/td>\n<td><\/td>\n<\/tr>\n<tr>\n<td>10<\/td>\n<td>La Barca De Oro<\/td>\n<td><\/td>\n<\/tr>\n<tr>\n<td>11<\/td>\n<td>Por Un Amor<\/td>\n<td><\/td>\n<\/tr>\n<tr>\n<td>12<\/td>\n<td>Los Pavorreales<\/td>\n<td><\/td>\n<\/tr>\n<tr>\n<td><\/td>\n<td><\/td>\n<td><\/td>\n<\/tr>\n<\/tbody>\n<\/table>\n<p>&nbsp;<\/p>\n<\/div>\n<\/div>\n<div class=\"epyt-video-wrapper\"><iframe loading=\"lazy\"  id=\"_ytid_93562\"  width=\"618\" height=\"347\"  data-origwidth=\"618\" data-origheight=\"347\" src=\"https:\/\/www.youtube.com\/embed\/YfUwsIjsHVQ?enablejsapi=1&#038;autoplay=0&#038;cc_load_policy=0&#038;cc_lang_pref=&#038;iv_load_policy=1&#038;loop=0&#038;modestbranding=0&#038;rel=1&#038;fs=1&#038;playsinline=0&#038;autohide=2&#038;theme=dark&#038;color=red&#038;controls=1&#038;\" class=\"__youtube_prefs__  epyt-is-override  no-lazyload\" title=\"YouTube player\"  allow=\"fullscreen; accelerometer; autoplay; clipboard-write; encrypted-media; gyroscope; picture-in-picture\" allowfullscreen data-no-lazy=\"1\" data-skipgform_ajax_framebjll=\"\"><\/iframe><\/div>\n","protected":false},"excerpt":{"rendered":"<p>Fecha de Nacimiento: 03 de mayo de 1921 &nbsp; Fecha de Fallecimiento: 05 de octubre del 2000 &nbsp; Biografia &nbsp; Jos\u00e9 del Refugio S\u00e1nchez Salda\u00f1a, fue un compositor y cantante mexicano naci\u00f3 el s\u00e1bado 3 de mayo de 1921. Su padre, don Jos\u00e9 del Refugio S\u00e1nchez Herros, Capit\u00e1n Primero Pagador del Ej\u00e9rcito Mexicano, se trasladaba &hellip;<\/p>\n","protected":false},"author":1,"featured_media":0,"parent":0,"menu_order":0,"comment_status":"closed","ping_status":"closed","template":"","meta":{"footnotes":""},"class_list":["post-28406","page","type-page","status-publish",""],"jetpack_sharing_enabled":true,"_links":{"self":[{"href":"https:\/\/mickyandoniehn.com\/radio\/wp-json\/wp\/v2\/pages\/28406","targetHints":{"allow":["GET"]}}],"collection":[{"href":"https:\/\/mickyandoniehn.com\/radio\/wp-json\/wp\/v2\/pages"}],"about":[{"href":"https:\/\/mickyandoniehn.com\/radio\/wp-json\/wp\/v2\/types\/page"}],"author":[{"embeddable":true,"href":"https:\/\/mickyandoniehn.com\/radio\/wp-json\/wp\/v2\/users\/1"}],"replies":[{"embeddable":true,"href":"https:\/\/mickyandoniehn.com\/radio\/wp-json\/wp\/v2\/comments?post=28406"}],"version-history":[{"count":2,"href":"https:\/\/mickyandoniehn.com\/radio\/wp-json\/wp\/v2\/pages\/28406\/revisions"}],"predecessor-version":[{"id":30172,"href":"https:\/\/mickyandoniehn.com\/radio\/wp-json\/wp\/v2\/pages\/28406\/revisions\/30172"}],"wp:attachment":[{"href":"https:\/\/mickyandoniehn.com\/radio\/wp-json\/wp\/v2\/media?parent=28406"}],"curies":[{"name":"wp","href":"https:\/\/api.w.org\/{rel}","templated":true}]}}