{"id":28300,"date":"2022-08-26T08:59:56","date_gmt":"2022-08-26T14:59:56","guid":{"rendered":"https:\/\/mickyandoniehn.com\/radio\/?page_id=28300"},"modified":"2024-04-01T17:28:07","modified_gmt":"2024-04-01T23:28:07","slug":"leopoldo-sanchez","status":"publish","type":"page","link":"https:\/\/mickyandoniehn.com\/radio\/leopoldo-sanchez\/","title":{"rendered":"Leopoldo S\u00e1nchez"},"content":{"rendered":"<p style=\"text-align: justify;\"><img loading=\"lazy\" decoding=\"async\" class=\" wp-image-69960 aligncenter\" src=\"http:\/\/mickyandoniehn.com\/radio\/wp-content\/uploads\/2023\/04\/Leopoldo-Sanchez-300x200.jpg\" alt=\"\" width=\"497\" height=\"331\" srcset=\"https:\/\/mickyandoniehn.com\/radio\/wp-content\/uploads\/2023\/04\/Leopoldo-Sanchez-300x200.jpg 300w, https:\/\/mickyandoniehn.com\/radio\/wp-content\/uploads\/2023\/04\/Leopoldo-Sanchez-310x205.jpg 310w, https:\/\/mickyandoniehn.com\/radio\/wp-content\/uploads\/2023\/04\/Leopoldo-Sanchez.jpg 650w\" sizes=\"auto, (max-width: 497px) 100vw, 497px\" \/><\/p>\n<p>&nbsp;<\/p>\n<div class=\"cxmmr5t8 oygrvhab hcukyx3x c1et5uql o9v6fnle ii04i59q\" style=\"text-align: justify;\">\n<div dir=\"auto\"><strong>Fecha de Nacimiento:<\/strong> 02 de Abril de 1945 en Sinaloa<\/div>\n<p>&nbsp;<\/p>\n<div dir=\"auto\"><\/div>\n<div dir=\"auto\"><strong>Fecha de Fallecimiento:<\/strong> 30 de Julio de 1974 (29 a\u00f1os)<\/div>\n<p>&nbsp;<\/p>\n<\/div>\n<div dir=\"auto\" style=\"text-align: justify;\"><\/div>\n<div dir=\"auto\" style=\"text-align: justify;\"><strong>Biografia<\/strong><\/div>\n<p>&nbsp;<\/p>\n<div dir=\"auto\" style=\"text-align: justify;\"><\/div>\n<div class=\"cxmmr5t8 oygrvhab hcukyx3x c1et5uql o9v6fnle ii04i59q\" style=\"text-align: justify;\">\n<div dir=\"auto\">Leopoldo S\u00e1nchez Labastida uno de los dos cantantes originales de los Apson, adem\u00e1s de solista. Naci\u00f3 el 2 de abril de 1945 en Sinaloa. Aunque algunos piensan que era originario de Sinaloa y que naci\u00f3 el 2 de abril de 1945, otras fuentes se\u00f1alan que en realidad naci\u00f3 en la ciudad de M\u00e9xico el 30 de enero de 1946. Pero es precisamente en Culiac\u00e1n en donde alguien les sugiri\u00f3 actuar en un local llamado &#8220;La Fogata&#8221;, ah\u00ed se presentaba tambi\u00e9n otro grupo. Leopoldo Sanchez Labastida era el hijo del due\u00f1o del Bar. En vista de que el cantante de ese grupo s\u00f3lo quer\u00eda tocar el requinto, la puerta se abri\u00f3 para recibir a \u201cPolo\u201d.<\/div>\n<p>&nbsp;<\/p>\n<div dir=\"auto\"><\/div>\n<\/div>\n<div class=\"cxmmr5t8 oygrvhab hcukyx3x c1et5uql o9v6fnle ii04i59q\" style=\"text-align: justify;\">\n<div dir=\"auto\">Pero los recursos de \u201cLos Apson\u201d eran exiguos, por lo que los familiares los alcanzaron ah\u00ed para ayudarles, pagaron sus deudas y los apoyaron en su odisea hacia la Capital. Su ruta continu\u00f3 por Mazatl\u00e1n en donde permanecieron solo algunos d\u00edas. En aquellos a\u00f1os. Polo a\u00fan no cumpl\u00eda la mayor\u00eda de edad, por lo que solicitaron al padre de \u00e9ste el permitirle acompa\u00f1arles.<\/div>\n<p>&nbsp;<\/p>\n<div dir=\"auto\"><\/div>\n<\/div>\n<div class=\"cxmmr5t8 oygrvhab hcukyx3x c1et5uql o9v6fnle ii04i59q\" style=\"text-align: justify;\">\n<div dir=\"auto\">En 1964, cuando \u201dLos Apson\u201d estaban en su mejor momento, Polo se separa de la agrupaci\u00f3n, bajo fuertes rumores por diferencias con Frankie, otro de los l\u00edderes y cantantes del conjunto, para seguir su carrera con otra agrupaci\u00f3n llamada \u201cLos Polaris\u201d, que pas\u00f3 sin pena ni gloria. Sin embargo, Polo se lanz\u00f3 como solista logrando colocar varios \u00e9xitos radiof\u00f3nicos entre los que destaca \u201cEl \u00faltimo beso\u201d, en agosto de 1966. Curiosamente este tema lo graba junto con Los Apson, por petici\u00f3n del cantante.<\/div>\n<p>&nbsp;<\/p>\n<div dir=\"auto\"><\/div>\n<\/div>\n<div class=\"cxmmr5t8 oygrvhab hcukyx3x c1et5uql o9v6fnle ii04i59q\" style=\"text-align: justify;\">\n<div dir=\"auto\">En 1965, es invitado a formar parte del elenco del programa televisivo \u201cMu\u00e9vanse Todos\u201d, que conduc\u00eda Vianey Valdez en el canal 6 de Monterrey, Nuevo Le\u00f3n y junto con Jorge Bar\u00f3n (ex cantante de \u201dLos Zipps\u201d) y Juan El Matem\u00e1tico Garza, fueron los pilares de dicho programa hasta su terminaci\u00f3n. Entre 1966 y 1968 grab\u00f3 seis discos de larga duraci\u00f3n en su faceta como solista y uno a dueto con Vianey Valdez. A Polo se le recuerda por su gran \u00e9xito \u201cEl \u00faltimo beso\u201d; sin embargo, su discograf\u00eda como solista fue muy extensa con n\u00fameros como: \u201cDos llantos\u201d, \u201cEl Dr. del amor\u201d, \u201cAnna\u201d, \u201cEl duelo\u201d, \u201cHilda\u201d, \u201cEl Chisme\u201d, \u201cElla no est\u00e1 ah\u00ed\u201d, \u201cDespu\u00e9s del \u00faltimo beso\u201d, \u201cParches\u201d, y otras m\u00e1s. El cantante falleci\u00f3 tr\u00e1gicamente al ahogarse en una piscina de un hotel donde se hospedaba en julio de 1974 en M\u00e9rida, a la edad de 29 a\u00f1os, durante una gira al lado de Los Rebeldes del Rock por Yucat\u00e1n. \u00c9l fue: Polo.<\/div>\n<p>&nbsp;<\/p>\n<\/div>\n<div dir=\"auto\" style=\"text-align: justify;\"><\/div>\n<div dir=\"auto\" style=\"text-align: justify;\">\n<p><strong>Date of Birth:<\/strong> April 02, 1945 in Sinaloa<\/p>\n<p><strong>Date of Death:<\/strong> July 30, 1974 (29 years old)<\/p>\n<p><strong>Biography<\/strong><\/p>\n<p>Leopoldo S\u00e1nchez Labastida one of the two original singers of the Apson, as well as a soloist. He was born on April 2, 1945 in Sinaloa. Although some think that he was originally from Sinaloa and that he was born on April 2, 1945, other sources point out that he was actually born in Mexico City on January 30, 1946. But it is precisely in Culiac\u00e1n that someone suggested they act in a place called &#8220;La Fogata&#8221;, another group also appeared there. Leopoldo Sanchez Labastida was the son of the owner of the Bar. Given that the singer of that group only wanted to play the requinto, the door opened to receive &#8220;Polo&#8221;.<\/p>\n<p>But the resources of &#8220;Los Apson&#8221; were meager, so their relatives met them there to help them, paid their debts and supported them in their odyssey towards the Capital. Their route continued through Mazatlan where they stayed only a few days. In those years. Polo was not yet of legal age, so they asked his father to allow him to accompany them.<\/p>\n<p>In 1964, when &#8220;Los Apson&#8221; were at their best, Polo separated from the group, under strong rumors due to differences with Frankie, another of the group&#8217;s leaders and singers, to continue his career with another group called &#8220;Los Polaris&#8221; , which happened without sorrow or glory. However, Polo launched himself as a soloist, managing to place several radio hits, among which \u201cEl \u00daltima Beso\u201d stands out, in August 1966. Curiously, he recorded this song together with Los Apson, at the request of the singer.<\/p>\n<p>In 1965, he was invited to be part of the cast of the television program \u201cMu\u00e9vanse Todos\u201d, hosted by Vianey Valdez on channel 6 in Monterrey, Nuevo Le\u00f3n, together with Jorge Bar\u00f3n (former singer of \u201cLos Zipps\u201d) and Juan El Matem\u00e1tico Garza. , were the pillars of said program until its termination. Between 1966 and 1968 he recorded six full-length albums as a soloist and one as a duet with Vianey Valdez. Polo is remembered for his great success &#8220;The Last Kiss&#8221;; however, his discography as a soloist was very extensive with numbers such as: &#8220;Dos llantos&#8221;, &#8220;El Dr. del amor&#8221;, &#8220;Anna&#8221;, &#8220;El duelo&#8221;, &#8220;Hilda&#8221;, &#8220;El Chisme&#8221;, &#8220;Ella no est\u00e1 a \u201d, \u201cAfter the last kiss\u201d, \u201cPatches\u201d, and others. The singer tragically died when he drowned in a hotel pool where he was staying in M\u00e9rida in July 1974, at the age of 29, during a tour with Los Rebeldes del Rock in Yucat\u00e1n. He was: Pole.<\/p>\n<\/div>\n<div class=\"cxmmr5t8 oygrvhab hcukyx3x c1et5uql o9v6fnle ii04i59q\" style=\"text-align: justify;\">\n<div dir=\"auto\"><strong>Discografia<\/strong><\/div>\n<p>&nbsp;<\/p>\n<div dir=\"auto\"><\/div>\n<\/div>\n<div dir=\"auto\" style=\"text-align: justify;\">\n<table width=\"695\">\n<tbody>\n<tr>\n<td style=\"text-align: center;\" width=\"237\"><strong>Genero Rock, Latin<\/strong><\/td>\n<td style=\"text-align: center;\" width=\"368\"><strong>Escuchar tema<\/strong><\/td>\n<td style=\"text-align: center;\" width=\"90\"><strong>A\u00f1o<\/strong><\/td>\n<\/tr>\n<tr>\n<td style=\"text-align: center;\"><\/td>\n<td style=\"text-align: center;\"><strong>Polo<\/strong><\/td>\n<td style=\"text-align: center;\"><strong>1965<\/strong><\/td>\n<\/tr>\n<tr>\n<td>1<\/td>\n<td>Hilda<\/td>\n<td><\/td>\n<\/tr>\n<tr>\n<td>2<\/td>\n<td>El Ultimo Beso<\/td>\n<td><\/td>\n<\/tr>\n<tr>\n<td>3<\/td>\n<td>Ella No Esta Ah\u00ed<\/td>\n<td><\/td>\n<\/tr>\n<tr>\n<td>4<\/td>\n<td>El Doctor Del Amor<\/td>\n<td><\/td>\n<\/tr>\n<tr>\n<td>5<\/td>\n<td>El Chisme<\/td>\n<td><\/td>\n<\/tr>\n<tr>\n<td>6<\/td>\n<td>Ayer<\/td>\n<td><\/td>\n<\/tr>\n<tr>\n<td>7<\/td>\n<td>Quien Iba A Pensar<\/td>\n<td><\/td>\n<\/tr>\n<tr>\n<td>8<\/td>\n<td>Tu Eres Para Mi<\/td>\n<td><\/td>\n<\/tr>\n<tr>\n<td>9<\/td>\n<td>Ana<\/td>\n<td><\/td>\n<\/tr>\n<tr>\n<td>10<\/td>\n<td>Es Natural<\/td>\n<td><\/td>\n<\/tr>\n<tr>\n<td><\/td>\n<td><\/td>\n<td><\/td>\n<\/tr>\n<tr>\n<td style=\"text-align: center;\"><\/td>\n<td style=\"text-align: center;\"><strong>Exitos de Polo<\/strong><\/td>\n<td style=\"text-align: center;\"><strong>1965<\/strong><\/td>\n<\/tr>\n<tr>\n<td>1<\/td>\n<td>La Miedosa<\/td>\n<td><\/td>\n<\/tr>\n<tr>\n<td>2<\/td>\n<td>Ya No Volares<\/td>\n<td><\/td>\n<\/tr>\n<tr>\n<td>3<\/td>\n<td>Te Vas A Quemar<\/td>\n<td><\/td>\n<\/tr>\n<tr>\n<td>4<\/td>\n<td>Tramposas Viejas<\/td>\n<td><\/td>\n<\/tr>\n<tr>\n<td>5<\/td>\n<td>Denise<\/td>\n<td><\/td>\n<\/tr>\n<tr>\n<td>6<\/td>\n<td>Dos Llantos<\/td>\n<td><\/td>\n<\/tr>\n<tr>\n<td>7<\/td>\n<td>Ya Lo Veran<\/td>\n<td><\/td>\n<\/tr>\n<tr>\n<td>8<\/td>\n<td>Voy A Engarrotarte<\/td>\n<td><\/td>\n<\/tr>\n<tr>\n<td>9<\/td>\n<td>Estoy Arrepentido<\/td>\n<td><\/td>\n<\/tr>\n<tr>\n<td>10<\/td>\n<td>Alguien Que Hum&#8230; Hum&#8230;Hum&#8230;<\/td>\n<td><\/td>\n<\/tr>\n<tr>\n<td><\/td>\n<td><\/td>\n<td><\/td>\n<\/tr>\n<tr>\n<td style=\"text-align: center;\"><\/td>\n<td style=\"text-align: center;\"><strong>Viento Cielo y Sol<\/strong><\/td>\n<td style=\"text-align: center;\"><strong>1966<\/strong><\/td>\n<\/tr>\n<tr>\n<td>1<\/td>\n<td>Viento, Cielo Y Sol<\/td>\n<td><\/td>\n<\/tr>\n<tr>\n<td>2<\/td>\n<td>Casa Del Sol Naciente<\/td>\n<td><\/td>\n<\/tr>\n<tr>\n<td>3<\/td>\n<td>Promesas Pasadas<\/td>\n<td><\/td>\n<\/tr>\n<tr>\n<td>4<\/td>\n<td>Dile A Ella Que No<\/td>\n<td><\/td>\n<\/tr>\n<tr>\n<td>5<\/td>\n<td>Lloraremos Por Ti<\/td>\n<td><\/td>\n<\/tr>\n<tr>\n<td>6<\/td>\n<td>Nunca Encontrare Otra Como Tu<\/td>\n<td><\/td>\n<\/tr>\n<tr>\n<td>7<\/td>\n<td>Que Tal, Pussycat<\/td>\n<td><\/td>\n<\/tr>\n<tr>\n<td>8<\/td>\n<td>Te He De Amar<\/td>\n<td><\/td>\n<\/tr>\n<tr>\n<td>9<\/td>\n<td>Si La Ves<\/td>\n<td><\/td>\n<\/tr>\n<tr>\n<td>10<\/td>\n<td>La Bruja<\/td>\n<td><\/td>\n<\/tr>\n<tr>\n<td><\/td>\n<td><\/td>\n<td><\/td>\n<\/tr>\n<tr>\n<td><\/td>\n<td><\/td>\n<td><\/td>\n<\/tr>\n<tr>\n<td style=\"text-align: center;\"><\/td>\n<td style=\"text-align: center;\"><strong>10 \u00c9xitos Rancheros Mexico<\/strong><\/td>\n<td><\/td>\n<\/tr>\n<tr>\n<td>1<\/td>\n<td>Ando Borracho<\/td>\n<td><\/td>\n<\/tr>\n<tr>\n<td>2<\/td>\n<td>Alas de Plata<\/td>\n<td><\/td>\n<\/tr>\n<tr>\n<td>3<\/td>\n<td>Yo Te Perdonare<\/td>\n<td><\/td>\n<\/tr>\n<tr>\n<td>4<\/td>\n<td>El Inter\u00e9s<\/td>\n<td><\/td>\n<\/tr>\n<tr>\n<td>5<\/td>\n<td>El Hijo Malcriado<\/td>\n<td><\/td>\n<\/tr>\n<tr>\n<td>6<\/td>\n<td>La Fiesta de Do\u00f1a Cleta<\/td>\n<td><\/td>\n<\/tr>\n<tr>\n<td>7<\/td>\n<td>Paloma de Alas Pintadas<\/td>\n<td><\/td>\n<\/tr>\n<tr>\n<td>8<\/td>\n<td>Viva mi Suerte<\/td>\n<td><\/td>\n<\/tr>\n<tr>\n<td>9<\/td>\n<td>Lo Ultimo Dorado<\/td>\n<td><\/td>\n<\/tr>\n<tr>\n<td>10<\/td>\n<td>Tomar y Mas Tomar<\/td>\n<td><\/td>\n<\/tr>\n<tr>\n<td><\/td>\n<td><\/td>\n<td><\/td>\n<\/tr>\n<tr>\n<td style=\"text-align: center;\"><\/td>\n<td style=\"text-align: center;\"><strong>10 Exitos Rancheros de Anta\u00f1o<\/strong><\/td>\n<td><\/td>\n<\/tr>\n<tr>\n<td>1<\/td>\n<td>Que me toquen Las Golondrinas<\/td>\n<td><\/td>\n<\/tr>\n<tr>\n<td>2<\/td>\n<td>El Veterano<\/td>\n<td><\/td>\n<\/tr>\n<tr>\n<td>3<\/td>\n<td>Aquellos Ojitos Verdes<\/td>\n<td><\/td>\n<\/tr>\n<tr>\n<td>4<\/td>\n<td>A Que Mujer<\/td>\n<td><\/td>\n<\/tr>\n<tr>\n<td>5<\/td>\n<td>Las Abandonadas<\/td>\n<td><\/td>\n<\/tr>\n<tr>\n<td>6<\/td>\n<td>El Pajaro Prieto<\/td>\n<td><\/td>\n<\/tr>\n<tr>\n<td>7<\/td>\n<td>Alhaja Corriente<\/td>\n<td><\/td>\n<\/tr>\n<tr>\n<td>8<\/td>\n<td>Me Das una Pena<\/td>\n<td><\/td>\n<\/tr>\n<tr>\n<td>9<\/td>\n<td>La Higuera<\/td>\n<td><\/td>\n<\/tr>\n<tr>\n<td>10<\/td>\n<td>Desde MI Cantina Favorita<\/td>\n<td><\/td>\n<\/tr>\n<tr>\n<td><\/td>\n<td><\/td>\n<td><\/td>\n<\/tr>\n<tr>\n<td style=\"text-align: center;\"><\/td>\n<td style=\"text-align: center;\"><strong>El Mexico de Mis Amores 10 Exitos Rancheros\u00a0<\/strong><\/td>\n<td><\/td>\n<\/tr>\n<tr>\n<td>1<\/td>\n<td>El Mar y La Esperanza<\/td>\n<td><\/td>\n<\/tr>\n<tr>\n<td>2<\/td>\n<td>No Aguantas Nada<\/td>\n<td><\/td>\n<\/tr>\n<tr>\n<td>3<\/td>\n<td>Borrachita<\/td>\n<td><\/td>\n<\/tr>\n<tr>\n<td>4<\/td>\n<td>Vente Conmigo<\/td>\n<td><\/td>\n<\/tr>\n<tr>\n<td>5<\/td>\n<td>El Pajaro Azul<\/td>\n<td><\/td>\n<\/tr>\n<tr>\n<td>6<\/td>\n<td>Cartas Que Vienen<\/td>\n<td><\/td>\n<\/tr>\n<tr>\n<td>7<\/td>\n<td>Maria Isabel<\/td>\n<td><\/td>\n<\/tr>\n<tr>\n<td>8<\/td>\n<td>Las Perlitas<\/td>\n<td><\/td>\n<\/tr>\n<tr>\n<td>9<\/td>\n<td>Desde mi Cantina Favorita<\/td>\n<td><\/td>\n<\/tr>\n<tr>\n<td>10<\/td>\n<td>Sergio Esquivel<\/td>\n<td><\/td>\n<\/tr>\n<tr>\n<td><\/td>\n<td><\/td>\n<td><\/td>\n<\/tr>\n<\/tbody>\n<\/table>\n<p>&nbsp;<\/p>\n<\/div>\n<div class=\"epyt-video-wrapper\"><iframe loading=\"lazy\"  id=\"_ytid_49494\"  width=\"618\" height=\"347\"  data-origwidth=\"618\" data-origheight=\"347\" src=\"https:\/\/www.youtube.com\/embed\/hGMgl9R1rZk?enablejsapi=1&#038;autoplay=0&#038;cc_load_policy=0&#038;cc_lang_pref=&#038;iv_load_policy=1&#038;loop=0&#038;modestbranding=0&#038;rel=1&#038;fs=1&#038;playsinline=0&#038;autohide=2&#038;theme=dark&#038;color=red&#038;controls=1&#038;\" class=\"__youtube_prefs__  epyt-is-override  no-lazyload\" title=\"YouTube player\"  allow=\"fullscreen; accelerometer; autoplay; clipboard-write; encrypted-media; gyroscope; picture-in-picture\" allowfullscreen data-no-lazy=\"1\" data-skipgform_ajax_framebjll=\"\"><\/iframe><\/div>\n","protected":false},"excerpt":{"rendered":"<p>&nbsp; Fecha de Nacimiento: 02 de Abril de 1945 en Sinaloa &nbsp; Fecha de Fallecimiento: 30 de Julio de 1974 (29 a\u00f1os) &nbsp; Biografia &nbsp; Leopoldo S\u00e1nchez Labastida uno de los dos cantantes originales de los Apson, adem\u00e1s de solista. Naci\u00f3 el 2 de abril de 1945 en Sinaloa. Aunque algunos piensan que era originario &hellip;<\/p>\n","protected":false},"author":1,"featured_media":0,"parent":0,"menu_order":0,"comment_status":"closed","ping_status":"closed","template":"","meta":{"footnotes":""},"class_list":["post-28300","page","type-page","status-publish",""],"jetpack_sharing_enabled":true,"_links":{"self":[{"href":"https:\/\/mickyandoniehn.com\/radio\/wp-json\/wp\/v2\/pages\/28300","targetHints":{"allow":["GET"]}}],"collection":[{"href":"https:\/\/mickyandoniehn.com\/radio\/wp-json\/wp\/v2\/pages"}],"about":[{"href":"https:\/\/mickyandoniehn.com\/radio\/wp-json\/wp\/v2\/types\/page"}],"author":[{"embeddable":true,"href":"https:\/\/mickyandoniehn.com\/radio\/wp-json\/wp\/v2\/users\/1"}],"replies":[{"embeddable":true,"href":"https:\/\/mickyandoniehn.com\/radio\/wp-json\/wp\/v2\/comments?post=28300"}],"version-history":[{"count":3,"href":"https:\/\/mickyandoniehn.com\/radio\/wp-json\/wp\/v2\/pages\/28300\/revisions"}],"predecessor-version":[{"id":70026,"href":"https:\/\/mickyandoniehn.com\/radio\/wp-json\/wp\/v2\/pages\/28300\/revisions\/70026"}],"wp:attachment":[{"href":"https:\/\/mickyandoniehn.com\/radio\/wp-json\/wp\/v2\/media?parent=28300"}],"curies":[{"name":"wp","href":"https:\/\/api.w.org\/{rel}","templated":true}]}}