{"id":28289,"date":"2022-08-26T08:56:13","date_gmt":"2022-08-26T14:56:13","guid":{"rendered":"https:\/\/mickyandoniehn.com\/radio\/?page_id=28289"},"modified":"2022-08-26T08:56:13","modified_gmt":"2022-08-26T14:56:13","slug":"roberto-antonio","status":"publish","type":"page","link":"https:\/\/mickyandoniehn.com\/radio\/roberto-antonio\/","title":{"rendered":"Roberto Antonio"},"content":{"rendered":"<p style=\"text-align: justify;\"><img loading=\"lazy\" decoding=\"async\" class=\"aligncenter\" src=\"https:\/\/curadas.com\/wp-content\/uploads\/2022\/03\/Efemerides-30-de-marzo-02-FILEminimizer.jpg\" alt=\"Efem\u00e9rides 30 de marzo | Cumplea\u00f1os de Roberto Antonio - CURADAS \u00a9\" width=\"966\" height=\"559\" \/><\/p>\n<p>&nbsp;<\/p>\n<p>&nbsp;<\/p>\n<p style=\"text-align: justify;\"><strong>Fecha de nacimiento <\/strong>30 marzo 1962 (58 a\u00f1os)<\/p>\n<p style=\"text-align: justify;\"><strong>Biograf\u00eda<\/strong><\/p>\n<p style=\"text-align: justify;\">Roberto Antonio es un cantante nacido en Maracaibo, Venezuela, el 30 de marzo de 1962 de m\u00fasica tropical. Int\u00e9rprete de g\u00e9neros salsa y merengue con una hija actualmente Erika. Se inici\u00f3 en 1986 con la orquesta Los Mel\u00f3dicos de Renato Capriles. Se hizo conocer como solista en 1988 s\u00f3lo en su pa\u00eds de origen, hasta que en 1990 empieza a conocerse a nivel internacional, con su canci\u00f3n titulada Marejada, entre otras tambi\u00e9n Noche de fantas\u00edas, Mentirosa, Ay amor. En 1992 colabora con la cantante francovenezolana (Natusha) en su nuevo trabajo discogr\u00e1fico para grabar la canci\u00f3n Una pena tengo yo. Actualmente se encuentra en proyecto para grabar un ritmo fusionado de merenguet\u00f3n.<\/p>\n<p style=\"text-align: justify;\"><strong>Date of birth<\/strong> March 30, 1962 (58 years old)<\/p>\n<p style=\"text-align: justify;\"><strong>Biography<\/strong><\/p>\n<p style=\"text-align: justify;\">Roberto Antonio is a singer born in Maracaibo, Venezuela, on March 30, 1962 of tropical music. Interpreter of salsa and merengue genres with a daughter currently Erika. It began in 1986 with Renato Capriles&#8217; Los Melodicos orchestra. He became known as a soloist in 1988 only in his country of origin, until in 1990 he began to be known internationally, with his song titled Marejada, among others also Night of fantasies, Mentirosa, Ay amor. In 1992 he collaborated with the Franco-Venezuelan singer (Natusha) in her new album to record the song Una pena Tengo Yo. He is currently in a project to record a merged merenguet\u00f3n rhythm.<\/p>\n<p style=\"text-align: justify;\"><strong>Discografia:<\/strong><\/p>\n<table width=\"531\">\n<tbody>\n<tr>\n<td style=\"text-align: center;\" width=\"211\"><strong>Tema Salsa y Merengue<\/strong><\/td>\n<td style=\"text-align: center;\" width=\"234\"><strong>Escuchar tema<\/strong><\/td>\n<td style=\"text-align: center;\" width=\"86\"><strong>A\u00f1o de Publicaci\u00f3n<\/strong><\/td>\n<\/tr>\n<tr>\n<td style=\"text-align: center;\"><\/td>\n<td style=\"text-align: center;\"><strong>Solo Exitos<\/strong><\/td>\n<td style=\"text-align: center;\"><strong>2014<\/strong><\/td>\n<\/tr>\n<tr>\n<td>1<\/td>\n<td>Noches de Fantas\u00eda<\/td>\n<td><\/td>\n<\/tr>\n<tr>\n<td>2<\/td>\n<td>Ay, Ay Cari\u00f1o<\/td>\n<td><\/td>\n<\/tr>\n<tr>\n<td>3<\/td>\n<td>Se Va A Dar Cuenta<\/td>\n<td><\/td>\n<\/tr>\n<tr>\n<td>4<\/td>\n<td>Ella Pas\u00f3 Por Aqu\u00ed<\/td>\n<td><\/td>\n<\/tr>\n<tr>\n<td>5<\/td>\n<td>Lloro Al Recordarte<\/td>\n<td><\/td>\n<\/tr>\n<tr>\n<td>6<\/td>\n<td>Marejada<\/td>\n<td><\/td>\n<\/tr>\n<tr>\n<td>7<\/td>\n<td>Nadie Como T\u00fa<\/td>\n<td><\/td>\n<\/tr>\n<tr>\n<td>8<\/td>\n<td>Ese Si Soy Yo<\/td>\n<td><\/td>\n<\/tr>\n<tr>\n<td>9<\/td>\n<td>Sac\u00fadete Nena<\/td>\n<td><\/td>\n<\/tr>\n<tr>\n<td>10<\/td>\n<td>A Punto Caramelo<\/td>\n<td><\/td>\n<\/tr>\n<tr>\n<td>11<\/td>\n<td>No Te Vayas<\/td>\n<td><\/td>\n<\/tr>\n<tr>\n<td>12<\/td>\n<td>Mentirosa<\/td>\n<td><\/td>\n<\/tr>\n<tr>\n<td>13<\/td>\n<td>El Muerto Vivo<\/td>\n<td><\/td>\n<\/tr>\n<tr>\n<td>14<\/td>\n<td>Derrumbe<\/td>\n<td><\/td>\n<\/tr>\n<tr>\n<td>15<\/td>\n<td>Baja de Esa Nube<\/td>\n<td><\/td>\n<\/tr>\n<tr>\n<td>16<\/td>\n<td>Caprichosa<\/td>\n<td><\/td>\n<\/tr>\n<tr>\n<td><\/td>\n<td><\/td>\n<td><\/td>\n<\/tr>\n<\/tbody>\n<\/table>\n<p>Creditos tomados de:<\/p>\n<p style=\"text-align: justify;\"><a href=\"http:\/\/mejorescanciones.es\/roberto-antonio\">http:\/\/mejorescanciones.es\/roberto-antonio<\/a><\/p>\n<p style=\"text-align: justify;\"><a href=\"https:\/\/www.last.fm\/es\/music\/Roberto+Antonio\/+wiki\">https:\/\/www.last.fm\/es\/music\/Roberto+Antonio\/+wiki<\/a><\/p>\n<div class=\"epyt-video-wrapper\"><iframe loading=\"lazy\"  id=\"_ytid_99245\"  width=\"618\" height=\"347\"  data-origwidth=\"618\" data-origheight=\"347\" src=\"https:\/\/www.youtube.com\/embed\/ekU5ugf8XpQ?enablejsapi=1&#038;autoplay=0&#038;cc_load_policy=0&#038;cc_lang_pref=&#038;iv_load_policy=1&#038;loop=0&#038;modestbranding=0&#038;rel=1&#038;fs=1&#038;playsinline=0&#038;autohide=2&#038;theme=dark&#038;color=red&#038;controls=1&#038;\" class=\"__youtube_prefs__  epyt-is-override  no-lazyload\" title=\"YouTube player\"  allow=\"fullscreen; accelerometer; autoplay; clipboard-write; encrypted-media; gyroscope; picture-in-picture\" allowfullscreen data-no-lazy=\"1\" data-skipgform_ajax_framebjll=\"\"><\/iframe><\/div>\n","protected":false},"excerpt":{"rendered":"<p>&nbsp; &nbsp; Fecha de nacimiento 30 marzo 1962 (58 a\u00f1os) Biograf\u00eda Roberto Antonio es un cantante nacido en Maracaibo, Venezuela, el 30 de marzo de 1962 de m\u00fasica tropical. Int\u00e9rprete de g\u00e9neros salsa y merengue con una hija actualmente Erika. Se inici\u00f3 en 1986 con la orquesta Los Mel\u00f3dicos de Renato Capriles. Se hizo conocer &hellip;<\/p>\n","protected":false},"author":1,"featured_media":0,"parent":0,"menu_order":0,"comment_status":"closed","ping_status":"closed","template":"","meta":{"footnotes":""},"class_list":["post-28289","page","type-page","status-publish",""],"jetpack_sharing_enabled":true,"_links":{"self":[{"href":"https:\/\/mickyandoniehn.com\/radio\/wp-json\/wp\/v2\/pages\/28289","targetHints":{"allow":["GET"]}}],"collection":[{"href":"https:\/\/mickyandoniehn.com\/radio\/wp-json\/wp\/v2\/pages"}],"about":[{"href":"https:\/\/mickyandoniehn.com\/radio\/wp-json\/wp\/v2\/types\/page"}],"author":[{"embeddable":true,"href":"https:\/\/mickyandoniehn.com\/radio\/wp-json\/wp\/v2\/users\/1"}],"replies":[{"embeddable":true,"href":"https:\/\/mickyandoniehn.com\/radio\/wp-json\/wp\/v2\/comments?post=28289"}],"version-history":[{"count":2,"href":"https:\/\/mickyandoniehn.com\/radio\/wp-json\/wp\/v2\/pages\/28289\/revisions"}],"predecessor-version":[{"id":30501,"href":"https:\/\/mickyandoniehn.com\/radio\/wp-json\/wp\/v2\/pages\/28289\/revisions\/30501"}],"wp:attachment":[{"href":"https:\/\/mickyandoniehn.com\/radio\/wp-json\/wp\/v2\/media?parent=28289"}],"curies":[{"name":"wp","href":"https:\/\/api.w.org\/{rel}","templated":true}]}}