{"id":27996,"date":"2022-08-25T12:46:48","date_gmt":"2022-08-25T18:46:48","guid":{"rendered":"https:\/\/mickyandoniehn.com\/radio\/?page_id=27996"},"modified":"2022-08-25T12:46:48","modified_gmt":"2022-08-25T18:46:48","slug":"mark-derek-foster","status":"publish","type":"page","link":"https:\/\/mickyandoniehn.com\/radio\/mark-derek-foster\/","title":{"rendered":"Mark Derek Foster"},"content":{"rendered":"<p style=\"text-align: justify;\"><img loading=\"lazy\" decoding=\"async\" class=\" wp-image-24773 aligncenter\" src=\"http:\/\/mickyandoniehn.com\/radio\/wp-content\/uploads\/2022\/08\/Mark-Derek-Foster-1-300x199.png\" alt=\"\" width=\"738\" height=\"490\" srcset=\"https:\/\/mickyandoniehn.com\/radio\/wp-content\/uploads\/2022\/08\/Mark-Derek-Foster-1-300x199.png 300w, https:\/\/mickyandoniehn.com\/radio\/wp-content\/uploads\/2022\/08\/Mark-Derek-Foster-1-310x205.png 310w, https:\/\/mickyandoniehn.com\/radio\/wp-content\/uploads\/2022\/08\/Mark-Derek-Foster-1.png 520w\" sizes=\"auto, (max-width: 738px) 100vw, 738px\" \/><\/p>\n<p>&nbsp;<\/p>\n<p style=\"text-align: justify;\"><strong>Nacimiento: <\/strong>29 de febrero de 1984<\/p>\n<p style=\"text-align: justify;\"><strong>Biograf\u00eda<\/strong><\/p>\n<p style=\"text-align: justify;\">Es un cantante, compositor estadounidense y vocalista de la banda estadounidense Foster the People. Es el fundador de la banda Foster the People junto con Mark Pontius y Cubbie Fink formando as\u00ed un grupo con bater\u00eda, bajo y voz.<\/p>\n<p style=\"text-align: justify;\">Foster asisti\u00f3 a la Escuela Secundaria Nordonia en Cleveland, Ohio. Despu\u00e9s de graduarse, se mud\u00f3 con su t\u00edo Sylmar a Los Angeles en California para seguir una carrera musical en la cual tuvo varios trabajos. Dijo: &#8220;Me sent\u00eda como un Hunter S. Thompson de 18 a\u00f1os de edad, estaba simplemente subiendo a esta subcultura de Hollywood Hills y tomando todo.. No era t\u00edmido de tomar mi guitarra en una fiesta quer\u00eda ser el centro de atenci\u00f3n&#8221;.<\/p>\n<p style=\"text-align: justify;\">En un tiempo, se reuni\u00f3 con el actor Brad Renfro. Foster luch\u00f3 con la adicci\u00f3n a las drogas durante sus primeros a\u00f1os en Los \u00c1ngeles, diciendo: &#8220;Se puso bastante oscuro, mis amigos pensaron que iba a morir. Yo era ciego a ella Cuando ten\u00eda 19 a\u00f1os, lleg\u00f3 a un punto en el que yo mismo me dije &#8220;Basta, es suficiente&#8221;. Vi que el tiempo me pasaba por alto, no estaba siendo productivo.<\/p>\n<p style=\"text-align: justify;\">Varios intentos de fundar una banda resultaron infructuosos. Despu\u00e9s de cumplir 22 a\u00f1os, dice que fue contactado por Aftermath Entertainment para exhibir sus talentos musicales, pero la oportunidad finalmente fracas\u00f3. Durante los a\u00f1os siguientes, Foster atendi\u00f3 mesas en un caf\u00e9 mientras lidiaba con el bloqueo del escritor, pero permaneci\u00f3 en Los \u00c1ngeles luego de conseguir un trabajo como escritor para un comercial de jingle para Mophonics en 2008.<\/p>\n<p style=\"text-align: justify;\"><strong>Birth:<\/strong> February 29, 1984<\/p>\n<p style=\"text-align: justify;\"><strong>Biography<\/strong><\/p>\n<p style=\"text-align: justify;\">He is an American singer, songwriter, and vocalist for the American band Foster the People. He is the founder of the band Foster the People along with Mark Pontius and Cubbie Fink thus forming a group with drums, bass and voice.<\/p>\n<p style=\"text-align: justify;\">Foster attended Nordonia High School in Cleveland, Ohio. After graduating, he moved with his uncle Sylmar to Los Angeles in California to pursue a music career in which he worked various jobs. He said, &#8220;I felt like an 18-year-old Hunter S. Thompson, I was just climbing into this Hollywood Hills subculture and taking it all in. I wasn&#8217;t shy about picking up my guitar at a party. I wanted to be the center of attention.&#8221;<\/p>\n<p style=\"text-align: justify;\">At one time, she met with actor Brad Renfro. Foster struggled with drug addiction during his early years in Los Angeles, saying, &#8220;It got pretty dark, my friends thought I was going to die. I was blind to it. When I was 19, it got to a point where I I told myself \u201cEnough, enough.\u201d I saw that time was passing me by, I wasn&#8217;t being productive.<\/p>\n<p style=\"text-align: justify;\">Several attempts to found a gang were unsuccessful. After turning 22, he says that he was contacted by Aftermath Entertainment to showcase his musical talents, but the opportunity ultimately fell through. For the next several years, Foster waited tables at a cafe while dealing with writer&#8217;s block, but remained in Los Angeles after landing a job writing a jingle commercial for Mophonics in 2008.<\/p>\n<p style=\"text-align: justify;\"><strong>Discograf\u00eda:<\/strong><\/p>\n<table width=\"767\">\n<tbody>\n<tr>\n<td style=\"text-align: center;\" width=\"139\"><strong>Genero Cl\u00e1sica<\/strong><\/td>\n<td style=\"text-align: center;\" width=\"628\"><strong>Escuchar Musica<\/strong><\/td>\n<\/tr>\n<tr>\n<td><\/td>\n<td style=\"text-align: center;\"><strong>\u00c1lbumes<\/strong><\/td>\n<\/tr>\n<tr>\n<td><\/td>\n<td><\/td>\n<\/tr>\n<tr>\n<td>1<\/td>\n<td>Mark Foster Ep \u200e(File, MP3, 3,5&#8243;, Album)<\/td>\n<\/tr>\n<tr>\n<td>2<\/td>\n<td>Stephan Altman, Mark Foster (9) &#8211; Little Boy (Music From And Inspired By The Motion Picture) \u200e(CD, Album)<\/td>\n<\/tr>\n<tr>\n<td><\/td>\n<td><\/td>\n<\/tr>\n<\/tbody>\n<\/table>\n","protected":false},"excerpt":{"rendered":"<p>&nbsp; Nacimiento: 29 de febrero de 1984 Biograf\u00eda Es un cantante, compositor estadounidense y vocalista de la banda estadounidense Foster the People. Es el fundador de la banda Foster the People junto con Mark Pontius y Cubbie Fink formando as\u00ed un grupo con bater\u00eda, bajo y voz. Foster asisti\u00f3 a la Escuela Secundaria Nordonia en &hellip;<\/p>\n","protected":false},"author":1,"featured_media":0,"parent":0,"menu_order":0,"comment_status":"closed","ping_status":"closed","template":"","meta":{"footnotes":""},"class_list":["post-27996","page","type-page","status-publish",""],"jetpack_sharing_enabled":true,"_links":{"self":[{"href":"https:\/\/mickyandoniehn.com\/radio\/wp-json\/wp\/v2\/pages\/27996","targetHints":{"allow":["GET"]}}],"collection":[{"href":"https:\/\/mickyandoniehn.com\/radio\/wp-json\/wp\/v2\/pages"}],"about":[{"href":"https:\/\/mickyandoniehn.com\/radio\/wp-json\/wp\/v2\/types\/page"}],"author":[{"embeddable":true,"href":"https:\/\/mickyandoniehn.com\/radio\/wp-json\/wp\/v2\/users\/1"}],"replies":[{"embeddable":true,"href":"https:\/\/mickyandoniehn.com\/radio\/wp-json\/wp\/v2\/comments?post=27996"}],"version-history":[{"count":2,"href":"https:\/\/mickyandoniehn.com\/radio\/wp-json\/wp\/v2\/pages\/27996\/revisions"}],"predecessor-version":[{"id":30402,"href":"https:\/\/mickyandoniehn.com\/radio\/wp-json\/wp\/v2\/pages\/27996\/revisions\/30402"}],"wp:attachment":[{"href":"https:\/\/mickyandoniehn.com\/radio\/wp-json\/wp\/v2\/media?parent=27996"}],"curies":[{"name":"wp","href":"https:\/\/api.w.org\/{rel}","templated":true}]}}