{"id":27957,"date":"2022-08-25T12:34:07","date_gmt":"2022-08-25T18:34:07","guid":{"rendered":"https:\/\/mickyandoniehn.com\/radio\/?page_id=27957"},"modified":"2022-09-01T09:03:12","modified_gmt":"2022-09-01T15:03:12","slug":"camilo-azuquita","status":"publish","type":"page","link":"https:\/\/mickyandoniehn.com\/radio\/camilo-azuquita\/","title":{"rendered":"Camilo Azuquita"},"content":{"rendered":"<p style=\"text-align: justify;\"><img loading=\"lazy\" decoding=\"async\" class=\" wp-image-30124 aligncenter\" src=\"http:\/\/mickyandoniehn.com\/radio\/wp-content\/uploads\/2022\/02\/Camilo-Azuquita-300x225.jpg\" alt=\"\" width=\"699\" height=\"524\" srcset=\"https:\/\/mickyandoniehn.com\/radio\/wp-content\/uploads\/2022\/02\/Camilo-Azuquita-300x225.jpg 300w, https:\/\/mickyandoniehn.com\/radio\/wp-content\/uploads\/2022\/02\/Camilo-Azuquita.jpg 542w\" sizes=\"auto, (max-width: 699px) 100vw, 699px\" \/><\/p>\n<p>&nbsp;<\/p>\n<div class=\"cxmmr5t8 oygrvhab hcukyx3x c1et5uql o9v6fnle\" style=\"text-align: justify;\">\n<div dir=\"auto\"><strong>Fecha de Nacimiento:<\/strong> 18 de febrero de 1945<\/div>\n<p>&nbsp;<\/p>\n<div dir=\"auto\"><\/div>\n<\/div>\n<div class=\"cxmmr5t8 oygrvhab hcukyx3x c1et5uql o9v6fnle\" style=\"text-align: justify;\">\n<div dir=\"auto\"><strong>Biograf\u00eda<\/strong><\/div>\n<p>&nbsp;<\/p>\n<div dir=\"auto\"><\/div>\n<\/div>\n<div class=\"cxmmr5t8 oygrvhab hcukyx3x c1et5uql o9v6fnle\" style=\"text-align: justify;\">\n<div dir=\"auto\">Es un Cantante paname\u00f1o.<\/div>\n<p>&nbsp;<\/p>\n<div dir=\"auto\"><\/div>\n<\/div>\n<div class=\"cxmmr5t8 oygrvhab hcukyx3x c1et5uql o9v6fnle\" style=\"text-align: justify;\">\n<div dir=\"auto\">Camilo Azuquita Naci\u00f3 en la ciudad de Col\u00f3n, Panam\u00e1, el 18 de febrero de 1945 con el nombre de Luis Argum\u00e9dez Berguido. El nombre \u201cCamilo\u201d obedece a que era seguidor de su padrino, el legendario Camilo Rodr\u00edguez, quien fue su instructor de respiraci\u00f3n y le daba consejos. \u201cAzuquita\u201d por la dulzura de su voz, comparable con dulzura del az\u00facar. Cuenta la historia que finalizando la d\u00e9cada de 1960, un locutor cubano residente en Panam\u00e1, , miraba con atenci\u00f3n la manera en que cantaba el tradicional bolero &#8220;Sabor a m\u00ed&#8221;, d\u00e1ndole giros al estilo del guaguanc\u00f3. El locutor del programa \u201cque se transmit\u00eda por &#8216;Radio M\u00eda&#8217; se le ocurri\u00f3 decir: \u201ct\u00fa eres Azuquita\u201d.<\/div>\n<div dir=\"auto\"><\/div>\n<p>&nbsp;<\/p>\n<\/div>\n<div class=\"cxmmr5t8 oygrvhab hcukyx3x c1et5uql o9v6fnle\" style=\"text-align: justify;\">\n<div dir=\"auto\">Siendo un jovencito Camilo Azuquita particip\u00f3 en un concurso para cantantes aficionados en Radio RPC (Radio Programas Continentales), donde interpret\u00f3 el tema: &#8216;Historia de Un Amor&#8217; quedando descalificado. Luego el pianista V\u00edctor Boa, quien reconoci\u00f3 su buen timbre ,logra sacar lo mejor de su voz y le brindan una segunda oportunidad, que no desaprovech\u00f3; logrando est\u00e1 vez el primer puesto del concurso. As\u00ed Azuquita logr\u00f3 integrar el grupo de cantantes que esta emisora presentaba todos los viernes en los teatros Hispano y Edison.<\/div>\n<p>&nbsp;<\/p>\n<div dir=\"auto\"><\/div>\n<\/div>\n<div class=\"cxmmr5t8 oygrvhab hcukyx3x c1et5uql o9v6fnle\" style=\"text-align: justify;\">\n<div dir=\"auto\">Camilo Azuquita decide viajar al Peru en 1966 y graba con La Orq. de Enrique Linch(m\u00fasico argentino radicado en Lima).<\/div>\n<p>&nbsp;<\/p>\n<div dir=\"auto\"><\/div>\n<\/div>\n<div class=\"cxmmr5t8 oygrvhab hcukyx3x c1et5uql o9v6fnle\" style=\"text-align: justify;\">\n<div dir=\"auto\">Durante los carnavales de Panam\u00e1 (Febrero de 1966) Azuquita tiene la oportunidad de conocerse con Rafael Cortijo, que llegaba al club El Royalito donde se presentaba Camilo Azuquita. Finalizado el show, Rafael Cortijo le propone que trabajen juntos en Puerto Rico, debido a que Ismael Rivera, se encontraba a\u00fan recluido. Estando en la Isla, tambi\u00e9n graba con Roberto Roena y sus Megatones.<\/div>\n<div dir=\"auto\"><\/div>\n<\/div>\n<div class=\"cxmmr5t8 oygrvhab hcukyx3x c1et5uql o9v6fnle\" style=\"text-align: justify;\">\n<div dir=\"auto\">Tras su paso por Puerto Rico, Camilo Azuquita, viaja a la ciudad de New York, para realizar una gira por los mejores teatros latinos de la ciudad; situaci\u00f3n que le permite conocerse con el talentoso percusionista Francisco &#8216;Kako&#8217; Bastar, quien le expresa que necesitaba un cantante como \u00e9l. Al Santiago de Alegre Records les da la oportunidad y lanzan el disco &#8216;Live It Up.&#8217; El \u00e1lbum incluy\u00f3 n\u00fameros inolvidables como: Aunque no tengo miedo &#8211; Chica del Barrio Obrero &#8211; Panam\u00e1s Boogaloo &#8211; Guapo &#8211; y &#8211; Lo Que sea &#8211; entre otros. En Panam\u00e1 el disco tuvo tal impacto, que les contratan para los Carnavales de 1967, donde Camilo Azuquita, regresa ya como artista de primer nivel. Con Kako grab\u00f3 tambi\u00e9n los discos &#8216;Salsa All Stars&#8217; y &#8216;Uni\u00f3n Din\u00e1mica&#8217;.<\/div>\n<p>&nbsp;<\/p>\n<div dir=\"auto\"><\/div>\n<\/div>\n<div class=\"cxmmr5t8 oygrvhab hcukyx3x c1et5uql o9v6fnle\" style=\"text-align: justify;\">\n<div dir=\"auto\">En 1968,luego de grabar el disco &#8216;Salsa All Stars&#8217; con Kako, Azuquita vuelve Puerto Rico y se reincorpora al combo de Cortijo; graban el disco Ah\u00ed Na\u2019 M\u00e1\u2019 \/ Put It There, donde se incluyeron los temas &#8220;Agua Que Va a Caer&#8221; ,&#8221;El Reloj de Pastora&#8221; en homenaje a Arsenio Rodr\u00edguez, &#8220;Pensamiento&#8221; y &#8220;Mil Gracias&#8221; de Pedro Flores. Para 1969 Camilo regresa a New York, y se contacta con Lino Fr\u00edas, que le brinda la oportunidad de cantar con La Sonora Matancera ante el retiro de Justo Betancourt, as\u00ed durante 6 meses cant\u00f3 junto a la Sonora Matancera compartiendo el cr\u00e9dito de vocalista con Yayo &#8221; El Indio &#8220;.<\/div>\n<p>&nbsp;<\/p>\n<\/div>\n<div dir=\"auto\" style=\"text-align: justify;\"><\/div>\n<div dir=\"auto\" style=\"text-align: justify;\">\n<p><strong>Date of Birth:<\/strong> February 18, 1945<\/p>\n<p><strong>Biography<\/strong><\/p>\n<p>He is a Panamanian singer.<\/p>\n<p>Camilo Azuquita was born in the city of Col\u00f3n, Panama, on February 18, 1945 with the name of Luis Argum\u00e9dez Berguido. The name &#8220;Camilo&#8221; is due to the fact that he was a follower of his godfather, the legendary Camilo Rodr\u00edguez, who was his breathing instructor and gave him advice. \u201cAzuquita\u201d for the sweetness of her voice, comparable to the sweetness of sugar. The story goes that at the end of the 1960s, a Cuban broadcaster living in Panama looked carefully at the way in which he sang the traditional bolero &#8220;Sabor a m\u00ed&#8221;, giving turns in the style of the guaguanc\u00f3. The announcer of the program \u201cwhich was broadcast on &#8216;Radio M\u00eda&#8217; came up with the idea of \u200b\u200bsaying: \u201cyou are Azuquita\u201d.<\/p>\n<p>As a young man, Camilo Azuquita participated in a contest for amateur singers on Radio RPC (Radio Programas Continentales), where he performed the song: &#8216;Historia de un Amor&#8217;, being disqualified. Then the pianist V\u00edctor Boa, who recognized his good timbre, manages to get the best out of his voice and gave him a second chance, which he did not miss; achieving this time the first place in the contest. Thus, Azuquita joined the group of singers that this station presented every Friday at the Hispano and Edison theaters.<\/p>\n<p>Camilo Azuquita decides to travel to Peru in 1966 and records with La Orq. by Enrique Linch (Argentine musician based in Lima).<\/p>\n<p>During the carnivals of Panama (February 1966) Azuquita had the opportunity to meet Rafael Cortijo, who arrived at the El Royalito club where Camilo Azuquita was performing. After the show, Rafael Cortijo suggested that they work together in Puerto Rico, because Ismael Rivera was still in prison. While on the Island, he also recorded with Roberto Roena and his Megatones.<\/p>\n<\/div>\n<div class=\"cxmmr5t8 oygrvhab hcukyx3x c1et5uql o9v6fnle\" style=\"text-align: justify;\">\n<div dir=\"auto\">\n<p>After passing through Puerto Rico, Camilo Azuquita travels to New York City to tour the best Latin theaters in the city; situation that allows him to meet the talented percussionist Francisco &#8216;Kako&#8217; Bastar, who tells him that he needed a singer like him. Santiago de Alegre Records gives them the opportunity and they release the album &#8216;Live It Up.&#8217; The album included unforgettable numbers such as: Although I&#8217;m not afraid &#8211; Chica del Barrio Obrero &#8211; Panamas Boogaloo &#8211; Guapo &#8211; and &#8211; Lo Que sea &#8211; among others. In Panama, the album had such an impact that they were hired for the 1967 Carnival, where Camilo Azuquita returned as a top-level artist. With Kako he also recorded the albums &#8216;Salsa All Stars&#8217; and &#8216;Uni\u00f3n Din\u00e1mica&#8217;.<\/p>\n<p>In 1968, after recording the album &#8216;Salsa All Stars&#8217; with Kako, Azuquita returned to Puerto Rico and rejoined Cortijo&#8217;s combo; they recorded the album There Na\u2019 M\u00e1\u2019 \/ Put It There, which included the songs \u201cAgua Que Va a Caer\u201d ,\u201dEl Reloj de Pastora\u201d in homage to Arsenio Rodr\u00edguez, \u201cPensamiento\u201d and \u201cMil Gracias\u201d by Pedro Flores. By 1969 Camilo returns to New York, and contacts Lino Fr\u00edas, who gives him the opportunity to sing with La Sonora Matancera before Justo Betancourt&#8217;s retirement, so for 6 months he sang with Sonora Matancera sharing the vocalist credit with Yayo &#8221; The Indian &#8220;.<\/p>\n<\/div>\n<\/div>\n<div class=\"cxmmr5t8 oygrvhab hcukyx3x c1et5uql o9v6fnle\" style=\"text-align: justify;\">\n<div dir=\"auto\"><strong>Discografia:<\/strong><\/div>\n<\/div>\n<div class=\"cxmmr5t8 oygrvhab hcukyx3x c1et5uql o9v6fnle\" style=\"text-align: justify;\">\n<div dir=\"auto\"><\/div>\n<div dir=\"auto\">\n<table width=\"508\">\n<tbody>\n<tr>\n<td style=\"text-align: center;\" width=\"142\"><strong>Temas Salsa<\/strong><\/td>\n<td style=\"text-align: center;\" width=\"232\"><strong>Escuchar tema<\/strong><\/td>\n<td style=\"text-align: center;\" width=\"134\"><strong>A\u00f1o de Publicaci\u00f3n<\/strong><\/td>\n<\/tr>\n<tr>\n<td style=\"text-align: center;\"><\/td>\n<td style=\"text-align: center;\"><strong>Az\u00facar a Granel<\/strong><\/td>\n<td style=\"text-align: center;\"><strong>1988<\/strong><\/td>\n<\/tr>\n<tr>\n<td>1<\/td>\n<td>Az\u00facar A Granel!<\/td>\n<td><\/td>\n<\/tr>\n<tr>\n<td>2<\/td>\n<td>Al Son Mayor<\/td>\n<td><\/td>\n<\/tr>\n<tr>\n<td>3<\/td>\n<td>Perfidia<\/td>\n<td><\/td>\n<\/tr>\n<tr>\n<td>4<\/td>\n<td>\u00c9chame A Mi La Culpa<\/td>\n<td><\/td>\n<\/tr>\n<tr>\n<td>5<\/td>\n<td>Estas En Mi Corazon<\/td>\n<td><\/td>\n<\/tr>\n<tr>\n<td>6<\/td>\n<td>Hipocres\u00eda<\/td>\n<td><\/td>\n<\/tr>\n<tr>\n<td>7<\/td>\n<td>Solo Importas Tu<\/td>\n<td><\/td>\n<\/tr>\n<tr>\n<td>8<\/td>\n<td>Siempre Te Vas<\/td>\n<td><\/td>\n<\/tr>\n<tr>\n<td>9<\/td>\n<td>Negrita<\/td>\n<td><\/td>\n<\/tr>\n<tr>\n<td><\/td>\n<td><\/td>\n<td><\/td>\n<\/tr>\n<tr>\n<td style=\"text-align: center;\"><\/td>\n<td style=\"text-align: center;\"><strong>Amantes Secretos\u00a0<\/strong><\/td>\n<td style=\"text-align: center;\"><strong>1989<\/strong><\/td>\n<\/tr>\n<tr>\n<td>1<\/td>\n<td>Como Si Nada<\/td>\n<td><\/td>\n<\/tr>\n<tr>\n<td>2<\/td>\n<td>No Apagues La Luz<\/td>\n<td><\/td>\n<\/tr>\n<tr>\n<td>3<\/td>\n<td>Amantes Secretos<\/td>\n<td><\/td>\n<\/tr>\n<tr>\n<td>4<\/td>\n<td>Conversemos<\/td>\n<td><\/td>\n<\/tr>\n<tr>\n<td>5<\/td>\n<td>Pionero<\/td>\n<td><\/td>\n<\/tr>\n<tr>\n<td>6<\/td>\n<td>Una Vez No Es Suficiente<\/td>\n<td><\/td>\n<\/tr>\n<tr>\n<td>7<\/td>\n<td>Esta Noche<\/td>\n<td><\/td>\n<\/tr>\n<tr>\n<td>8<\/td>\n<td>Te Dedico<\/td>\n<td><\/td>\n<\/tr>\n<tr>\n<td>9<\/td>\n<td>Sembrados De Placer<\/td>\n<td><\/td>\n<\/tr>\n<tr>\n<td><\/td>\n<td><\/td>\n<td><\/td>\n<\/tr>\n<tr>\n<td style=\"text-align: center;\"><\/td>\n<td style=\"text-align: center;\"><strong>El Se\u00f1or de La Salsa<\/strong><\/td>\n<td style=\"text-align: center;\"><strong>1992<\/strong><\/td>\n<\/tr>\n<tr>\n<td>1<\/td>\n<td>Gigolo<\/td>\n<td><\/td>\n<\/tr>\n<tr>\n<td>2<\/td>\n<td>Olimpiadas Del 92<\/td>\n<td><\/td>\n<\/tr>\n<tr>\n<td>3<\/td>\n<td>La Maga<\/td>\n<td><\/td>\n<\/tr>\n<tr>\n<td>4<\/td>\n<td>Mi Guajira<\/td>\n<td><\/td>\n<\/tr>\n<tr>\n<td>5<\/td>\n<td>Pretendiente De Amor<\/td>\n<td><\/td>\n<\/tr>\n<tr>\n<td>6<\/td>\n<td>Consejo De Mis Padres<\/td>\n<td><\/td>\n<\/tr>\n<tr>\n<td>7<\/td>\n<td>En Mi Corazon<\/td>\n<td><\/td>\n<\/tr>\n<tr>\n<td>8<\/td>\n<td>Mi Sabrosa Cumbia<\/td>\n<td><\/td>\n<\/tr>\n<tr>\n<td><\/td>\n<td><\/td>\n<td><\/td>\n<\/tr>\n<\/tbody>\n<\/table>\n<p>&nbsp;<\/p>\n<\/div>\n<\/div>\n<div dir=\"auto\" style=\"text-align: justify;\"><a href=\"https:\/\/www.last.fm\/es\/music\/Camilo+Azuquita\/+wiki\">https:\/\/www.last.fm\/es\/music\/Camilo+Azuquita\/+wiki<\/a><\/div>\n<div dir=\"auto\" style=\"text-align: justify;\"><\/div>\n<div dir=\"auto\" style=\"text-align: justify;\"><a href=\"http:\/\/mejorescanciones.es\/camilo-azuquita\">http:\/\/mejorescanciones.es\/camilo-azuquita<\/a><\/div>\n<div dir=\"auto\" style=\"text-align: justify;\"><\/div>\n<div class=\"epyt-video-wrapper\"><iframe loading=\"lazy\"  id=\"_ytid_94043\"  width=\"618\" height=\"347\"  data-origwidth=\"618\" data-origheight=\"347\" src=\"https:\/\/www.youtube.com\/embed\/XTjx-IPOTRo?enablejsapi=1&#038;autoplay=0&#038;cc_load_policy=0&#038;cc_lang_pref=&#038;iv_load_policy=1&#038;loop=0&#038;modestbranding=0&#038;rel=1&#038;fs=1&#038;playsinline=0&#038;autohide=2&#038;theme=dark&#038;color=red&#038;controls=1&#038;\" class=\"__youtube_prefs__  epyt-is-override  no-lazyload\" title=\"YouTube player\"  allow=\"fullscreen; accelerometer; autoplay; clipboard-write; encrypted-media; gyroscope; picture-in-picture\" allowfullscreen data-no-lazy=\"1\" data-skipgform_ajax_framebjll=\"\"><\/iframe><\/div>\n","protected":false},"excerpt":{"rendered":"<p>&nbsp; Fecha de Nacimiento: 18 de febrero de 1945 &nbsp; Biograf\u00eda &nbsp; Es un Cantante paname\u00f1o. &nbsp; Camilo Azuquita Naci\u00f3 en la ciudad de Col\u00f3n, Panam\u00e1, el 18 de febrero de 1945 con el nombre de Luis Argum\u00e9dez Berguido. El nombre \u201cCamilo\u201d obedece a que era seguidor de su padrino, el legendario Camilo Rodr\u00edguez, quien &hellip;<\/p>\n","protected":false},"author":1,"featured_media":0,"parent":0,"menu_order":0,"comment_status":"closed","ping_status":"closed","template":"","meta":{"footnotes":""},"class_list":["post-27957","page","type-page","status-publish",""],"jetpack_sharing_enabled":true,"_links":{"self":[{"href":"https:\/\/mickyandoniehn.com\/radio\/wp-json\/wp\/v2\/pages\/27957","targetHints":{"allow":["GET"]}}],"collection":[{"href":"https:\/\/mickyandoniehn.com\/radio\/wp-json\/wp\/v2\/pages"}],"about":[{"href":"https:\/\/mickyandoniehn.com\/radio\/wp-json\/wp\/v2\/types\/page"}],"author":[{"embeddable":true,"href":"https:\/\/mickyandoniehn.com\/radio\/wp-json\/wp\/v2\/users\/1"}],"replies":[{"embeddable":true,"href":"https:\/\/mickyandoniehn.com\/radio\/wp-json\/wp\/v2\/comments?post=27957"}],"version-history":[{"count":2,"href":"https:\/\/mickyandoniehn.com\/radio\/wp-json\/wp\/v2\/pages\/27957\/revisions"}],"predecessor-version":[{"id":30127,"href":"https:\/\/mickyandoniehn.com\/radio\/wp-json\/wp\/v2\/pages\/27957\/revisions\/30127"}],"wp:attachment":[{"href":"https:\/\/mickyandoniehn.com\/radio\/wp-json\/wp\/v2\/media?parent=27957"}],"curies":[{"name":"wp","href":"https:\/\/api.w.org\/{rel}","templated":true}]}}