{"id":29200,"date":"2022-08-29T08:51:46","date_gmt":"2022-08-29T14:51:46","guid":{"rendered":"https:\/\/mickyandoniehn.com\/radio\/?page_id=29200"},"modified":"2022-09-01T10:14:53","modified_gmt":"2022-09-01T16:14:53","slug":"gaby-moreno","status":"publish","type":"page","link":"http:\/\/mickyandoniehn.com\/radio\/gaby-moreno\/","title":{"rendered":"Gaby Moreno"},"content":{"rendered":"<p style=\"text-align: justify;\">\n<p style=\"text-align: justify;\"><img loading=\"lazy\" decoding=\"async\" class=\" wp-image-24022 aligncenter\" src=\"http:\/\/mickyandoniehn.com\/radio\/wp-content\/uploads\/2022\/08\/GABY-MORENO.jpg\" alt=\"\" width=\"678\" height=\"649\" \/><\/p>\n<p><strong>Fecha de Nacimiento:<\/strong> Ciudad de Guatemala, Guatemala &#8211; 16 de diciembre de 1981<\/p>\n<div class=\"cxmmr5t8 oygrvhab hcukyx3x c1et5uql o9v6fnle ii04i59q\" style=\"text-align: justify;\">\n<div dir=\"auto\"><strong>Biograf\u00eda<\/strong><\/div>\n<p>&nbsp;<\/p>\n<div dir=\"auto\"><\/div>\n<div dir=\"auto\">Mar\u00eda Gabriela Moreno Bonilla, conocida profesionalmente como Gaby Moreno, es una cantautora y guitarrista guatemalteca. Su m\u00fasica abarca desde blues, jazz, soul a R&amp;B. Moreno canta en ingl\u00e9s, espa\u00f1ol, franc\u00e9s y portugu\u00e9s.<\/div>\n<p>&nbsp;<\/p>\n<div dir=\"auto\"><\/div>\n<\/div>\n<div class=\"cxmmr5t8 oygrvhab hcukyx3x c1et5uql o9v6fnle ii04i59q\" style=\"text-align: justify;\">\n<div dir=\"auto\">Se hizo conocida por un p\u00fablico m\u00e1s amplio en Am\u00e9rica Latina despu\u00e9s de grabar una canci\u00f3n con Ricardo Arjona en 2011, llamada &#8221; Fuiste T\u00fa &#8220;.<\/div>\n<p>&nbsp;<\/p>\n<div dir=\"auto\"><\/div>\n<div dir=\"auto\">En 2013, grab\u00f3 covers de las populares canciones &#8221; Kiss of Fire &#8221; y &#8221; The Weed Smoker&#8217;s Dream &#8221; con Hugh Laurie para su \u00e1lbum Didn&#8217;t It Rain .<\/div>\n<p>&nbsp;<\/p>\n<div dir=\"auto\"><\/div>\n<div dir=\"auto\">En numerosas ocasiones a partir de octubre de 2016, actu\u00f3 con Chris Thile en Live From Here d\u00e1ndole un mayor reconocimiento entre los oyentes estadounidenses. Algunas de sus versiones populares incluyen &#8220;Amapola&#8221; y &#8220;No Soy El Aire&#8221;.<\/div>\n<p>&nbsp;<\/p>\n<div dir=\"auto\"><\/div>\n<\/div>\n<div class=\"cxmmr5t8 oygrvhab hcukyx3x c1et5uql o9v6fnle ii04i59q\" style=\"text-align: justify;\">\n<div dir=\"auto\"><strong>Wikipedia in English<\/strong><\/div>\n<p>&nbsp;<\/p>\n<\/div>\n<div dir=\"auto\"><\/div>\n<div dir=\"auto\"><strong>Date of Birth:<\/strong> Guatemala City, Guatemala &#8211; December 16, 1981<\/div>\n<p>&nbsp;<\/p>\n<div class=\"cxmmr5t8 oygrvhab hcukyx3x c1et5uql o9v6fnle ii04i59q\" style=\"text-align: justify;\">\n<div dir=\"auto\"><\/div>\n<div dir=\"auto\"><strong>Biography<\/strong><\/div>\n<p>&nbsp;<\/p>\n<div dir=\"auto\"><\/div>\n<div dir=\"auto\">Mar\u00eda Gabriela Moreno Bonilla, known professionally as Gaby Moreno, is a Guatemalan singer-songwriter and guitarist. His music ranges from blues, jazz, soul to R&amp;B. Moreno sings in English, Spanish, French and Portuguese.<\/div>\n<p>&nbsp;<\/p>\n<div dir=\"auto\"><\/div>\n<div dir=\"auto\">She became known to a wider audience in Latin America after recording a song with Ricardo Arjona in 2011, called &#8220;Fuiste T\u00fa&#8221;. In 2013, he recorded covers of the popular songs &#8220;Kiss of Fire&#8221; and &#8220;The Weed Smoker&#8217;s Dream&#8221; with Hugh Laurie for his album Didn&#8217;t It Rain. On numerous occasions starting in October 2016, he performed with Chris Thile on Live From Here giving him greater recognition among American listeners. Some of his popular covers include &#8220;Amapola&#8221; and &#8220;No Soy El Aire&#8221;.<\/div>\n<p>&nbsp;<\/p>\n<\/div>\n<div dir=\"auto\"><\/div>\n<div dir=\"auto\"><strong>Discograf\u00eda<\/strong><\/div>\n<p>&nbsp;<\/p>\n<div dir=\"auto\"><\/div>\n<table width=\"523\">\n<tbody>\n<tr>\n<td style=\"text-align: center;\" width=\"192\"><b>M\u00fasica Blues, Folk, Jazz<\/b><\/td>\n<td style=\"text-align: center;\" width=\"267\"><strong>Escuchar tema<\/strong><\/td>\n<td style=\"text-align: center;\" width=\"64\"><strong>A\u00f1o<\/strong><\/td>\n<\/tr>\n<tr>\n<td style=\"text-align: center;\"><\/td>\n<td style=\"text-align: center;\"><strong>Still The Unknown<\/strong><\/td>\n<td style=\"text-align: center;\"><strong>2008<\/strong><\/td>\n<\/tr>\n<tr>\n<td>1<\/td>\n<td>Little Sorrow<\/td>\n<td><\/td>\n<\/tr>\n<tr>\n<td>2<\/td>\n<td>Wrong Side Of The Road<\/td>\n<td><\/td>\n<\/tr>\n<tr>\n<td>3<\/td>\n<td>Letter To A Mad Woman<\/td>\n<td><\/td>\n<\/tr>\n<tr>\n<td>4<\/td>\n<td>Song Of You<\/td>\n<td><\/td>\n<\/tr>\n<tr>\n<td>5<\/td>\n<td>Since You Came Along<\/td>\n<td><\/td>\n<\/tr>\n<tr>\n<td>6<\/td>\n<td>Amapola<\/td>\n<td><\/td>\n<\/tr>\n<tr>\n<td>7<\/td>\n<td>Still The Unknown<\/td>\n<td><\/td>\n<\/tr>\n<tr>\n<td>8<\/td>\n<td>Greenhorne Man<\/td>\n<td><\/td>\n<\/tr>\n<tr>\n<td>9<\/td>\n<td>La Vez Que No Me Pude Atrever<\/td>\n<td><\/td>\n<\/tr>\n<tr>\n<td>10<\/td>\n<td>It&#8217;s Been A Pleasure<\/td>\n<td><\/td>\n<\/tr>\n<tr>\n<td><\/td>\n<td><\/td>\n<td><\/td>\n<\/tr>\n<tr>\n<td><\/td>\n<td>Illustrated Songs<\/td>\n<td>2011<\/td>\n<\/tr>\n<tr>\n<td>1<\/td>\n<td>Intento<\/td>\n<td><\/td>\n<\/tr>\n<tr>\n<td>2<\/td>\n<td>Mess A Good Thing<\/td>\n<td><\/td>\n<\/tr>\n<tr>\n<td>3<\/td>\n<td>Y Tu Sombra<\/td>\n<td><\/td>\n<\/tr>\n<tr>\n<td>4<\/td>\n<td>Garrick<\/td>\n<td><\/td>\n<\/tr>\n<tr>\n<td>5<\/td>\n<td>Mean Old Circus<\/td>\n<td><\/td>\n<\/tr>\n<tr>\n<td>6<\/td>\n<td>Interludio<\/td>\n<td><\/td>\n<\/tr>\n<tr>\n<td>7<\/td>\n<td>Fin<\/td>\n<td><\/td>\n<\/tr>\n<tr>\n<td>8<\/td>\n<td>Ave Que Emiga<\/td>\n<td><\/td>\n<\/tr>\n<tr>\n<td>9<\/td>\n<td>Sing Me Life<\/td>\n<td><\/td>\n<\/tr>\n<tr>\n<td>10<\/td>\n<td>Lejos<\/td>\n<td><\/td>\n<\/tr>\n<tr>\n<td>11<\/td>\n<td>No Regrets<\/td>\n<td><\/td>\n<\/tr>\n<tr>\n<td>12<\/td>\n<td>Daydream By Design<\/td>\n<td><\/td>\n<\/tr>\n<tr>\n<td><\/td>\n<td><\/td>\n<td><\/td>\n<\/tr>\n<tr>\n<td style=\"text-align: center;\"><\/td>\n<td style=\"text-align: center;\"><\/td>\n<td style=\"text-align: center;\"><strong>2012<\/strong><\/td>\n<\/tr>\n<tr>\n<td>1<\/td>\n<td>No Estoy tan Mal<\/td>\n<td><\/td>\n<\/tr>\n<tr>\n<td>2<\/td>\n<td>Tranv\u00eda<\/td>\n<td><\/td>\n<\/tr>\n<tr>\n<td>3<\/td>\n<td>Valle de Magnolias<\/td>\n<td><\/td>\n<\/tr>\n<tr>\n<td>4<\/td>\n<td>Ave que Emigra<\/td>\n<td><\/td>\n<\/tr>\n<tr>\n<td>5<\/td>\n<td>Nostalgia<\/td>\n<td><\/td>\n<\/tr>\n<tr>\n<td>6<\/td>\n<td>Blues de Mar<\/td>\n<td><\/td>\n<\/tr>\n<tr>\n<td>7<\/td>\n<td>Juegos y Miedo<\/td>\n<td><\/td>\n<\/tr>\n<tr>\n<td>8<\/td>\n<td>Que Voy a Hacer<\/td>\n<td><\/td>\n<\/tr>\n<tr>\n<td>9<\/td>\n<td>El Sombrer\u00f3n<\/td>\n<td><\/td>\n<\/tr>\n<tr>\n<td>10<\/td>\n<td>Luz y Sombra<\/td>\n<td><\/td>\n<\/tr>\n<tr>\n<td>11<\/td>\n<td>Quiz\u00e1s, Quiz\u00e1s, Quiz\u00e1s<\/td>\n<td><\/td>\n<\/tr>\n<tr>\n<td>12<\/td>\n<td>No soy el Aire<\/td>\n<td><\/td>\n<\/tr>\n<tr>\n<td><\/td>\n<td><\/td>\n<td><\/td>\n<\/tr>\n<tr>\n<td style=\"text-align: center;\"><\/td>\n<td style=\"text-align: center;\"><strong>Posada<\/strong><\/td>\n<td style=\"text-align: center;\"><strong>2012<\/strong><\/td>\n<\/tr>\n<tr>\n<td>1<\/td>\n<td>Adeste Fideles<\/td>\n<td><\/td>\n<\/tr>\n<tr>\n<td>2<\/td>\n<td>Los Peces En El R\u00edo<\/td>\n<td><\/td>\n<\/tr>\n<tr>\n<td>3<\/td>\n<td>Santa La Noche<\/td>\n<td><\/td>\n<\/tr>\n<tr>\n<td>4<\/td>\n<td>El Ni\u00f1o Del Tambor<\/td>\n<td><\/td>\n<\/tr>\n<tr>\n<td>5<\/td>\n<td>El Primer Noel<\/td>\n<td><\/td>\n<\/tr>\n<tr>\n<td>6<\/td>\n<td>Oh Pueblecillo De Bel\u00e9n<\/td>\n<td><\/td>\n<\/tr>\n<tr>\n<td>7<\/td>\n<td>Hacia Bel\u00e9n Va Una Burra Rin Rin<\/td>\n<td><\/td>\n<\/tr>\n<tr>\n<td>8<\/td>\n<td>Mi Burrito Sabanero<\/td>\n<td><\/td>\n<\/tr>\n<tr>\n<td>9<\/td>\n<td>Noche De Paz<\/td>\n<td><\/td>\n<\/tr>\n<tr>\n<td>10<\/td>\n<td>Jes\u00fas En Pesebre<\/td>\n<td><\/td>\n<\/tr>\n<tr>\n<td>11<\/td>\n<td>Go Tell It On The Mountain<\/td>\n<td><\/td>\n<\/tr>\n<tr>\n<td>12<\/td>\n<td>Have Yourself A Merry Little Christmas<\/td>\n<td><\/td>\n<\/tr>\n<tr>\n<td><\/td>\n<td><\/td>\n<td><\/td>\n<\/tr>\n<\/tbody>\n<\/table>\n<p>&nbsp;<\/p>\n","protected":false},"excerpt":{"rendered":"<p>Fecha de Nacimiento: Ciudad de Guatemala, Guatemala &#8211; 16 de diciembre de 1981 Biograf\u00eda &nbsp; Mar\u00eda Gabriela Moreno Bonilla, conocida profesionalmente como Gaby Moreno, es una cantautora y guitarrista guatemalteca. Su m\u00fasica abarca desde blues, jazz, soul a R&amp;B. Moreno canta en ingl\u00e9s, espa\u00f1ol, franc\u00e9s y portugu\u00e9s. &nbsp; Se hizo conocida por un p\u00fablico m\u00e1s &hellip;<\/p>\n","protected":false},"author":1,"featured_media":0,"parent":0,"menu_order":0,"comment_status":"closed","ping_status":"closed","template":"","meta":{"footnotes":""},"class_list":["post-29200","page","type-page","status-publish",""],"jetpack_sharing_enabled":true,"_links":{"self":[{"href":"http:\/\/mickyandoniehn.com\/radio\/wp-json\/wp\/v2\/pages\/29200","targetHints":{"allow":["GET"]}}],"collection":[{"href":"http:\/\/mickyandoniehn.com\/radio\/wp-json\/wp\/v2\/pages"}],"about":[{"href":"http:\/\/mickyandoniehn.com\/radio\/wp-json\/wp\/v2\/types\/page"}],"author":[{"embeddable":true,"href":"http:\/\/mickyandoniehn.com\/radio\/wp-json\/wp\/v2\/users\/1"}],"replies":[{"embeddable":true,"href":"http:\/\/mickyandoniehn.com\/radio\/wp-json\/wp\/v2\/comments?post=29200"}],"version-history":[{"count":2,"href":"http:\/\/mickyandoniehn.com\/radio\/wp-json\/wp\/v2\/pages\/29200\/revisions"}],"predecessor-version":[{"id":30244,"href":"http:\/\/mickyandoniehn.com\/radio\/wp-json\/wp\/v2\/pages\/29200\/revisions\/30244"}],"wp:attachment":[{"href":"http:\/\/mickyandoniehn.com\/radio\/wp-json\/wp\/v2\/media?parent=29200"}],"curies":[{"name":"wp","href":"https:\/\/api.w.org\/{rel}","templated":true}]}}