{"id":29198,"date":"2022-08-29T08:51:11","date_gmt":"2022-08-29T14:51:11","guid":{"rendered":"https:\/\/mickyandoniehn.com\/radio\/?page_id=29198"},"modified":"2022-09-01T08:32:57","modified_gmt":"2022-09-01T14:32:57","slug":"antonio-vega-talles","status":"publish","type":"page","link":"http:\/\/mickyandoniehn.com\/radio\/antonio-vega-talles\/","title":{"rendered":"Antonio Vega Tall\u00e9s"},"content":{"rendered":"<p style=\"text-align: justify;\"><img loading=\"lazy\" decoding=\"async\" class=\" wp-image-24023 aligncenter\" src=\"http:\/\/mickyandoniehn.com\/radio\/wp-content\/uploads\/2022\/08\/ANTONIO-VEGA-TALLES.jpg\" alt=\"\" width=\"649\" height=\"649\" srcset=\"http:\/\/mickyandoniehn.com\/radio\/wp-content\/uploads\/2022\/08\/ANTONIO-VEGA-TALLES.jpg 249w, http:\/\/mickyandoniehn.com\/radio\/wp-content\/uploads\/2022\/08\/ANTONIO-VEGA-TALLES-150x150.jpg 150w\" sizes=\"auto, (max-width: 649px) 100vw, 649px\" \/><\/p>\n<p>&nbsp;<\/p>\n<p style=\"text-align: justify;\"><strong>Fecha de Nacimiento:<\/strong> Madrid, 16 de diciembre de 1957<\/p>\n<p style=\"text-align: justify;\"><strong>Fecha de Fallecimiento:<\/strong> Madrid, 12 de mayo de 2009<\/p>\n<div class=\"cxmmr5t8 oygrvhab hcukyx3x c1et5uql o9v6fnle\" style=\"text-align: justify;\">\n<div dir=\"auto\"><strong>Biograf\u00eda<\/strong><\/div>\n<p>&nbsp;<\/p>\n<div dir=\"auto\"><\/div>\n<div dir=\"auto\">Fue un compositor y cantante espa\u00f1ol. En 1978 form\u00f3 junto a su primo Nacho Garc\u00eda Vega el grupo Nacha Pop, originado en otra banda, Uhu Helicopter, de la que proven\u00edan ambos. Su disco de presentaci\u00f3n se edit\u00f3 en 1980, separ\u00e1ndose el grupo en 1988 tras una exitosa carrera con seis \u00e1lbumes de estudio y uno en directo. Vega comenz\u00f3 entonces su carrera como solista, en la que editar\u00eda cinco discos de estudio, un \u00e1lbum en directo y un recopilatorio de colaboraciones con otros artistas.<\/div>\n<p>&nbsp;<\/p>\n<div dir=\"auto\"><\/div>\n<\/div>\n<div class=\"cxmmr5t8 oygrvhab hcukyx3x c1et5uql o9v6fnle\" style=\"text-align: justify;\">\n<div dir=\"auto\">Antonio Vega ha sido considerado uno de los compositores fundamentales del pop espa\u00f1ol desde la llegada de la democracia. El intimismo de sus canciones y su sensibilidad le ganaron la admiraci\u00f3n de cr\u00edtica y p\u00fablico.<\/div>\n<p>&nbsp;<\/p>\n<div dir=\"auto\"><\/div>\n<\/div>\n<div class=\"cxmmr5t8 oygrvhab hcukyx3x c1et5uql o9v6fnle\" style=\"text-align: justify;\">\n<div dir=\"auto\">Antonio Vega naci\u00f3 en Madrid el 16 de diciembre de 1957, siendo el tercero de una familia de siete hijos. En 1975 inicia estudios universitarios de arquitectura, aunque lo dej\u00f3 al segundo a\u00f1o. Posteriormente cursa dos a\u00f1os de sociolog\u00eda y en la escuela de pilotos, pero ninguna de estas carreras despierta su entusiasmo. Lo \u00fanico que lo consigue es la m\u00fasica.<\/div>\n<p>&nbsp;<\/p>\n<div dir=\"auto\"><\/div>\n<\/div>\n<div class=\"cxmmr5t8 oygrvhab hcukyx3x c1et5uql o9v6fnle\" style=\"text-align: justify;\">\n<div dir=\"auto\">En 1977 realiza el servicio militar en Valencia y un a\u00f1o despu\u00e9s se forma Nacha Pop, junto a Nacho Garc\u00eda Vega (primo de Antonio Vega). Adem\u00e1s, Antonio Vega crea uno de sus mejores temas, el que lleva por t\u00edtulo &#8216;Chica de ayer&#8217;.<\/div>\n<p>&nbsp;<\/p>\n<div dir=\"auto\"><\/div>\n<\/div>\n<div class=\"cxmmr5t8 oygrvhab hcukyx3x c1et5uql o9v6fnle\" style=\"text-align: justify;\">\n<div dir=\"auto\">Tras presentar sus maquetas por varias discogr\u00e1ficas, la firma Hispavox les contrata para publicar su primer \u00e1lbum (&#8216;Nacha Pop&#8217;), con Teddy bautista como productor.<\/div>\n<p>&nbsp;<\/p>\n<div dir=\"auto\"><\/div>\n<\/div>\n<div class=\"cxmmr5t8 oygrvhab hcukyx3x c1et5uql o9v6fnle\" style=\"text-align: justify;\">\n<div dir=\"auto\">Nacha Pop fue considerado como uno de los grandes grupos que ha dado este pa\u00eds. A ese primer \u00e1lbum le siguieron otros con t\u00edtulos como &#8216;Buena disposici\u00f3n&#8217;, &#8216;M\u00e1s n\u00fameros, otras letras&#8217;, &#8216;Una d\u00e9cima de segundo&#8217;, &#8216;Dibujos animados&#8217; y &#8216;El momento&#8217;.<\/div>\n<p>&nbsp;<\/p>\n<div dir=\"auto\"><\/div>\n<\/div>\n<div class=\"cxmmr5t8 oygrvhab hcukyx3x c1et5uql o9v6fnle\" style=\"text-align: justify;\">\n<div dir=\"auto\">En 1988 las diferencias entre Antonio Vega y Nacho Garc\u00eda Vega hacen que el grupo decida su disoluci\u00f3n, no sin antes publicar un doble disco en concierto, titulado &#8216;Nacha Pop: 80-88&#8217; que, sin plante\u00e1rselo, resulta ser el mayor \u00e9xito de Nacha Pop.<\/div>\n<p>&nbsp;<\/p>\n<div dir=\"auto\"><\/div>\n<\/div>\n<div class=\"cxmmr5t8 oygrvhab hcukyx3x c1et5uql o9v6fnle\" style=\"text-align: justify;\">\n<div dir=\"auto\">En 1991 Antonio Vega publica su primer trabajo en solitario, titulado &#8216;No me ir\u00e9 ma\u00f1ana&#8217; y en 1993 un recopilatorio titulado &#8216;El sitio de mi recreo&#8217;, con doce temas compuestos por Antonio, tanto en su etapa con Nacha Pop como en su etapa en solitario.<\/div>\n<p>&nbsp;<\/p>\n<div dir=\"auto\"><\/div>\n<\/div>\n<div class=\"cxmmr5t8 oygrvhab hcukyx3x c1et5uql o9v6fnle\" style=\"text-align: justify;\">\n<div dir=\"auto\">En 1994 public\u00f3 &#8216;Oc\u00e9ano de sol&#8217;, y fue seguido por una gira por toda Espa\u00f1a, como demostraci\u00f3n de que, a pesar de los rumores que circulaban, Antonio Vega se encontraba en perfecto estado de salud.<\/div>\n<div dir=\"auto\"><\/div>\n<p>&nbsp;<\/p>\n<\/div>\n<div class=\"cxmmr5t8 oygrvhab hcukyx3x c1et5uql o9v6fnle\" style=\"text-align: justify;\">\n<div dir=\"auto\">Los siguientes cuatro a\u00f1os estuvieron dedicados a colaborar con otros artistas y participar en conciertos de homenaje. En 1996 ofrece un concierto en Madrid en el que colaboran sus antiguos compa\u00f1eros en Nacha Pop, incluyendo a Nacha Garc\u00eda Vega, con el que interpreta a d\u00fao el tema &#8216;Nadie puede parar&#8217;.<\/div>\n<p>&nbsp;<\/p>\n<div dir=\"auto\"><\/div>\n<\/div>\n<div class=\"cxmmr5t8 oygrvhab hcukyx3x c1et5uql o9v6fnle\" style=\"text-align: justify;\">\n<div dir=\"auto\">En 1998 publica un nuevo trabajo, &#8216;Anatom\u00eda de una ola&#8217;, y en 2001 &#8216;De un lugar perdido&#8217;, que le vali\u00f3 para ser nominado para los Grammys latinos.<\/div>\n<p>&nbsp;<\/p>\n<div dir=\"auto\"><\/div>\n<\/div>\n<div class=\"cxmmr5t8 oygrvhab hcukyx3x c1et5uql o9v6fnle\" style=\"text-align: justify;\">\n<div dir=\"auto\">A finales de 2002 sale a la luz el disco &#8216;B\u00e1sico&#8217;, un directo grabado un a\u00f1o antes para los 40 principales, en el que se recoge lo mejor de Antonio Vega.<\/div>\n<p>&nbsp;<\/p>\n<div dir=\"auto\"><\/div>\n<\/div>\n<div class=\"cxmmr5t8 oygrvhab hcukyx3x c1et5uql o9v6fnle\" style=\"text-align: justify;\">\n<div dir=\"auto\">Los \u00faltimos discos publicados por Antonio Vega fueron &#8216;Escapadas&#8217; (2004), el recopilatorio &#8216;Autorretratos: Lo mejor de Antonio Vega&#8217; (2004) y &#8216;3.000 noches con Marga&#8217; (2005), un \u00e1lbum dedicado a su pareja y compa\u00f1era art\u00edstica Marga del R\u00edo, fallecida un a\u00f1o antes.<\/div>\n<p>&nbsp;<\/p>\n<div dir=\"auto\"><\/div>\n<\/div>\n<div class=\"cxmmr5t8 oygrvhab hcukyx3x c1et5uql o9v6fnle\" style=\"text-align: justify;\">\n<div dir=\"auto\">Antonio Vega falleci\u00f3 el 12 de mayo de 2009 v\u00edctima de una enfermedad pulmonar.<\/div>\n<p>&nbsp;<\/p>\n<div dir=\"auto\"><\/div>\n<\/div>\n<h5 class=\"cxmmr5t8 oygrvhab hcukyx3x c1et5uql o9v6fnle\" style=\"text-align: justify;\"><strong>Wikipedia in English<\/strong><\/h5>\n<p>&nbsp;<\/p>\n<div dir=\"auto\" style=\"text-align: justify;\">\n<p><strong>Date of Birth:<\/strong> Madrid, December 16, 1957<\/p>\n<p><strong>Date of Death:<\/strong> Madrid, May 12, 2009<\/p>\n<p><strong>Biography<\/strong><\/p>\n<\/div>\n<div dir=\"auto\" style=\"text-align: justify;\">Was a Spanish composer and singer. In 1978, together with his cousin Nacho Garc\u00eda Vega, he formed the group Nacha Pop, which originated in another band, Uhu Helicopter, from which they both came. Their presentation album was released in 1980, the group splitting up in 1988 after a successful career with six studio albums and one live. Vega then began his career as a soloist, in which he would edit five studio albums, a live album and a compilation of collaborations with other artists.<\/div>\n<p>&nbsp;<\/p>\n<div dir=\"auto\" style=\"text-align: justify;\"><\/div>\n<div class=\"cxmmr5t8 oygrvhab hcukyx3x c1et5uql o9v6fnle\" style=\"text-align: justify;\">\n<div dir=\"auto\">Antonio Vega has been considered one of the fundamental composers of Spanish pop since the arrival of democracy.2 The intimacy of his songs and his sensitivity won him the admiration of critics and the public.<\/div>\n<div dir=\"auto\"><\/div>\n<p>&nbsp;<\/p>\n<\/div>\n<div class=\"cxmmr5t8 oygrvhab hcukyx3x c1et5uql o9v6fnle\" style=\"text-align: justify;\">\n<div dir=\"auto\">Antonio Vega was born in Madrid on December 16, 1957, the third in a family of seven children. In 1975 he began university studies in architecture, although he left it in the second year. Later, he studied sociology and pilot school for two years, but none of these careers weakened his enthusiasm. The only thing that does it is the music.<\/div>\n<p>&nbsp;<\/p>\n<div dir=\"auto\"><\/div>\n<\/div>\n<div class=\"cxmmr5t8 oygrvhab hcukyx3x c1et5uql o9v6fnle\" style=\"text-align: justify;\">\n<div dir=\"auto\">In 1977 he did his military service in Valencia and a year later Nacha Pop was formed, together with Nacho Garc\u00eda Vega (Antonio Vega&#8217;s cousin). In addition, Antonio Vega creates one of his best songs, the one entitled &#8216;Girl from yesterday&#8217;.<\/div>\n<p>&nbsp;<\/p>\n<div dir=\"auto\"><\/div>\n<\/div>\n<div class=\"cxmmr5t8 oygrvhab hcukyx3x c1et5uql o9v6fnle\" style=\"text-align: justify;\">\n<div dir=\"auto\">After presenting their demos for several record companies, the Hispavox firm hires them to publish their first album (&#8216;Nacha Pop&#8217;), with Teddy Bautista as producer.<\/div>\n<p>&nbsp;<\/p>\n<div dir=\"auto\"><\/div>\n<\/div>\n<div class=\"cxmmr5t8 oygrvhab hcukyx3x c1et5uql o9v6fnle\" style=\"text-align: justify;\">\n<div dir=\"auto\">Nacha Pop was considered one of the great groups that this country has produced. That first album was followed by others with titles such as &#8216;Good disposition&#8217;, &#8216;More numbers, other letters&#8217;, &#8216;One tenth of a second&#8217;, &#8216;Cartoons&#8217; and &#8216;The moment&#8217;.<\/div>\n<p>&nbsp;<\/p>\n<div dir=\"auto\"><\/div>\n<\/div>\n<div class=\"cxmmr5t8 oygrvhab hcukyx3x c1et5uql o9v6fnle\" style=\"text-align: justify;\">\n<div dir=\"auto\">In 1988 the differences between Antonio Vega and Nacho Garc\u00eda Vega made the group decide to dissolve it, but not before releasing a double album in concert, entitled &#8216;Nacha Pop: 80-88&#8217; which, without considering it, turns out to be Nacha&#8217;s greatest success. Pop.<\/div>\n<p>&nbsp;<\/p>\n<div dir=\"auto\"><\/div>\n<\/div>\n<div class=\"cxmmr5t8 oygrvhab hcukyx3x c1et5uql o9v6fnle\" style=\"text-align: justify;\">\n<div dir=\"auto\">In 1991 Antonio Vega published his first solo work, entitled &#8216;I will not go tomorrow&#8217; and in 1993 a compilation entitled &#8216;El Sitio de mi recreo&#8217;, with twelve songs composed by Antonio, both in his stage with Nacha Pop and in his stage In solitary.<\/div>\n<p>&nbsp;<\/p>\n<div dir=\"auto\"><\/div>\n<\/div>\n<div class=\"cxmmr5t8 oygrvhab hcukyx3x c1et5uql o9v6fnle\" style=\"text-align: justify;\">\n<div dir=\"auto\">In 1994 he published &#8216;Oc\u00e9ano de sol&#8217;, and it was followed by a tour throughout Spain, as a demonstration that, despite the rumors that circulated, Antonio Vega was in perfect health.<\/div>\n<p>&nbsp;<\/p>\n<div dir=\"auto\"><\/div>\n<\/div>\n<div class=\"cxmmr5t8 oygrvhab hcukyx3x c1et5uql o9v6fnle\" style=\"text-align: justify;\">\n<div dir=\"auto\">The next four years we were dedicated to collaborating with other artists and participating in tribute concerts. In 1996 he offered a concert in Madrid in which his former colleagues in Nacha Pop collaborated, including Nacha Garc\u00eda Vega, with whom he performed the song &#8216;Nobody can stop&#8217; as a duet.<\/div>\n<p>&nbsp;<\/p>\n<div dir=\"auto\"><\/div>\n<\/div>\n<div class=\"cxmmr5t8 oygrvhab hcukyx3x c1et5uql o9v6fnle\" style=\"text-align: justify;\">\n<div dir=\"auto\">In 1998 he published a new work, &#8216;Anatomy of a wave&#8217;, and in 2001 &#8216;From a lost place&#8217;, which earned him a nomination for the Latin Grammys.<\/div>\n<p>&nbsp;<\/p>\n<div dir=\"auto\"><\/div>\n<\/div>\n<div class=\"cxmmr5t8 oygrvhab hcukyx3x c1et5uql o9v6fnle\" style=\"text-align: justify;\">\n<div dir=\"auto\">At the end of 2002 the album &#8216;B\u00e1sico&#8217; was released, a live recorded a year earlier for the top 40, in which the best of Antonio Vega was collected.<\/div>\n<p>&nbsp;<\/p>\n<div dir=\"auto\"><\/div>\n<\/div>\n<div class=\"cxmmr5t8 oygrvhab hcukyx3x c1et5uql o9v6fnle\" style=\"text-align: justify;\">\n<div dir=\"auto\">The last albums published by Antonio Vega were &#8216;Escapadas&#8217; (2004), the compilation &#8216;Self-portraits: The best of Antonio Vega&#8217; (2004) and &#8216;3,000 nights with Marga&#8217; (2005), an album dedicated to his partner and artistic partner Marga del R\u00edo, who died a year earlier.<\/div>\n<div dir=\"auto\"><\/div>\n<p>&nbsp;<\/p>\n<\/div>\n<div class=\"cxmmr5t8 oygrvhab hcukyx3x c1et5uql o9v6fnle\" style=\"text-align: justify;\">\n<div dir=\"auto\">Antonio Vega died on May 12, 2009, victim of a lung disease.<\/div>\n<div dir=\"auto\"><\/div>\n<p>&nbsp;<\/p>\n<\/div>\n<div class=\"cxmmr5t8 oygrvhab hcukyx3x c1et5uql o9v6fnle\" style=\"text-align: justify;\">\n<h5 dir=\"auto\"><strong>Discograf\u00eda\u00a0<\/strong><\/h5>\n<div dir=\"auto\">\n<table width=\"671\">\n<tbody>\n<tr>\n<td style=\"text-align: center;\" width=\"248\"><strong>G\u00e9nero Rock, Pop<\/strong><\/td>\n<td style=\"text-align: center;\" width=\"423\"><strong>Escuchar Tema<\/strong><\/td>\n<\/tr>\n<tr>\n<td>1<\/td>\n<td>H\u00e1blame A Los Ojos<\/td>\n<\/tr>\n<tr>\n<td>2<\/td>\n<td>Esperando Nada<\/td>\n<\/tr>\n<tr>\n<td>3<\/td>\n<td>Lo Mejor De Nuestra Vida<\/td>\n<\/tr>\n<tr>\n<td>4<\/td>\n<td>Tesoros<\/td>\n<\/tr>\n<tr>\n<td>5<\/td>\n<td>S\u00edguelo<\/td>\n<\/tr>\n<tr>\n<td>6<\/td>\n<td>La \u00daltima Monta\u00f1a<\/td>\n<\/tr>\n<tr>\n<td>7<\/td>\n<td>Se Dejaba Llevar Por Ti<\/td>\n<\/tr>\n<tr>\n<td>8<\/td>\n<td>Guitarras<\/td>\n<\/tr>\n<tr>\n<td>9<\/td>\n<td>Mis Dos Amigos<\/td>\n<\/tr>\n<tr>\n<td>10<\/td>\n<td>No Me Ir\u00e9 Ma\u00f1ana<\/td>\n<\/tr>\n<tr>\n<td>11<\/td>\n<td>Oc\u00e9ano De Sol<\/td>\n<\/tr>\n<tr>\n<td>12<\/td>\n<td>Elixir De Juventud<\/td>\n<\/tr>\n<tr>\n<td>13<\/td>\n<td>Vapor<\/td>\n<\/tr>\n<tr>\n<td>14<\/td>\n<td>Palabras<\/td>\n<\/tr>\n<tr>\n<td>15<\/td>\n<td>Lleno De Papel<\/td>\n<\/tr>\n<tr>\n<td>16<\/td>\n<td>Hablando De Ellos<\/td>\n<\/tr>\n<tr>\n<td>17<\/td>\n<td>El Sitio De Mi Recreo<\/td>\n<\/tr>\n<tr>\n<td>18<\/td>\n<td>Ahora S\u00e9 Que Mis Amigos<\/td>\n<\/tr>\n<tr>\n<td>19<\/td>\n<td>Cierto Como Imaginar<\/td>\n<\/tr>\n<tr>\n<td>20<\/td>\n<td>Palabras (Instrumental)<\/td>\n<\/tr>\n<tr>\n<td>21<\/td>\n<td>La Hora Del Crep\u00fasculo<\/td>\n<\/tr>\n<tr>\n<td>22<\/td>\n<td>Como La Lluvia Al Sol<\/td>\n<\/tr>\n<tr>\n<td>23<\/td>\n<td>Tuve Que Correr<\/td>\n<\/tr>\n<tr>\n<td>24<\/td>\n<td>Murmullo De Tus Manos<\/td>\n<\/tr>\n<tr>\n<td>25<\/td>\n<td>Tributo A&#8230;<\/td>\n<\/tr>\n<tr>\n<td>26<\/td>\n<td>Mi Hogar En Cualquier Sitio<\/td>\n<\/tr>\n<tr>\n<td>27<\/td>\n<td>\u00c1ngel Ca\u00eddo<\/td>\n<\/tr>\n<tr>\n<td>28<\/td>\n<td>Agua De R\u00edo<\/td>\n<\/tr>\n<tr>\n<td>29<\/td>\n<td>Entre T\u00fa Y Yo<\/td>\n<\/tr>\n<tr>\n<td>30<\/td>\n<td>Anatom\u00eda De Una Ola<\/td>\n<\/tr>\n<tr>\n<td><\/td>\n<td><\/td>\n<\/tr>\n<\/tbody>\n<\/table>\n<\/div>\n<div dir=\"auto\"><\/div>\n<\/div>\n<div class=\"epyt-video-wrapper\"><iframe loading=\"lazy\"  id=\"_ytid_84525\"  width=\"618\" height=\"347\"  data-origwidth=\"618\" data-origheight=\"347\" src=\"https:\/\/www.youtube.com\/embed\/zeoH-m0HcU8?enablejsapi=1&#038;autoplay=0&#038;cc_load_policy=0&#038;cc_lang_pref=&#038;iv_load_policy=1&#038;loop=0&#038;modestbranding=0&#038;rel=1&#038;fs=1&#038;playsinline=0&#038;autohide=2&#038;theme=dark&#038;color=red&#038;controls=1&#038;\" class=\"__youtube_prefs__  epyt-is-override  no-lazyload\" title=\"YouTube player\"  allow=\"fullscreen; accelerometer; autoplay; clipboard-write; encrypted-media; gyroscope; picture-in-picture\" allowfullscreen data-no-lazy=\"1\" data-skipgform_ajax_framebjll=\"\"><\/iframe><\/div>\n","protected":false},"excerpt":{"rendered":"<p>&nbsp; Fecha de Nacimiento: Madrid, 16 de diciembre de 1957 Fecha de Fallecimiento: Madrid, 12 de mayo de 2009 Biograf\u00eda &nbsp; Fue un compositor y cantante espa\u00f1ol. En 1978 form\u00f3 junto a su primo Nacho Garc\u00eda Vega el grupo Nacha Pop, originado en otra banda, Uhu Helicopter, de la que proven\u00edan ambos. Su disco de &hellip;<\/p>\n","protected":false},"author":1,"featured_media":0,"parent":0,"menu_order":0,"comment_status":"closed","ping_status":"closed","template":"","meta":{"footnotes":""},"class_list":["post-29198","page","type-page","status-publish",""],"jetpack_sharing_enabled":true,"_links":{"self":[{"href":"http:\/\/mickyandoniehn.com\/radio\/wp-json\/wp\/v2\/pages\/29198","targetHints":{"allow":["GET"]}}],"collection":[{"href":"http:\/\/mickyandoniehn.com\/radio\/wp-json\/wp\/v2\/pages"}],"about":[{"href":"http:\/\/mickyandoniehn.com\/radio\/wp-json\/wp\/v2\/types\/page"}],"author":[{"embeddable":true,"href":"http:\/\/mickyandoniehn.com\/radio\/wp-json\/wp\/v2\/users\/1"}],"replies":[{"embeddable":true,"href":"http:\/\/mickyandoniehn.com\/radio\/wp-json\/wp\/v2\/comments?post=29198"}],"version-history":[{"count":2,"href":"http:\/\/mickyandoniehn.com\/radio\/wp-json\/wp\/v2\/pages\/29198\/revisions"}],"predecessor-version":[{"id":30083,"href":"http:\/\/mickyandoniehn.com\/radio\/wp-json\/wp\/v2\/pages\/29198\/revisions\/30083"}],"wp:attachment":[{"href":"http:\/\/mickyandoniehn.com\/radio\/wp-json\/wp\/v2\/media?parent=29198"}],"curies":[{"name":"wp","href":"https:\/\/api.w.org\/{rel}","templated":true}]}}