{"id":29194,"date":"2022-08-29T08:48:01","date_gmt":"2022-08-29T14:48:01","guid":{"rendered":"https:\/\/mickyandoniehn.com\/radio\/?page_id=29194"},"modified":"2022-09-01T08:49:34","modified_gmt":"2022-09-01T14:49:34","slug":"benny-andersson","status":"publish","type":"page","link":"http:\/\/mickyandoniehn.com\/radio\/benny-andersson\/","title":{"rendered":"Benny Andersson"},"content":{"rendered":"<p style=\"text-align: justify;\">\n<p style=\"text-align: justify;\"><img loading=\"lazy\" decoding=\"async\" class=\" wp-image-30096 aligncenter\" src=\"http:\/\/mickyandoniehn.com\/radio\/wp-content\/uploads\/2022\/12\/Benny-Andersson-300x169.jpg\" alt=\"\" width=\"767\" height=\"432\" srcset=\"http:\/\/mickyandoniehn.com\/radio\/wp-content\/uploads\/2022\/12\/Benny-Andersson-300x169.jpg 300w, http:\/\/mickyandoniehn.com\/radio\/wp-content\/uploads\/2022\/12\/Benny-Andersson.jpg 608w\" sizes=\"auto, (max-width: 767px) 100vw, 767px\" \/><\/p>\n<p>&nbsp;<\/p>\n<div class=\"cxmmr5t8 oygrvhab hcukyx3x c1et5uql o9v6fnle ii04i59q\" style=\"text-align: justify;\">\n<div dir=\"auto\"><strong>Fecha de Nacimiento:<\/strong> 16 de diciembre de 1946<\/div>\n<p>&nbsp;<\/p>\n<div dir=\"auto\"><\/div>\n<\/div>\n<div class=\"cxmmr5t8 oygrvhab hcukyx3x c1et5uql o9v6fnle ii04i59q\" style=\"text-align: justify;\">\n<div dir=\"auto\"><strong>Biograf\u00eda<\/strong><\/div>\n<p>&nbsp;<\/p>\n<div dir=\"auto\"><\/div>\n<div dir=\"auto\">Benny Andersson nace el 16 de diciembre de 1946, en la ciudad de V\u00e4llingby, Suecia. Sus inicios en la m\u00fasica fueron en su c\u00edrculo familiar, como int\u00e9rprete del acorde\u00f3n. Entre sus influencias juveniles estuvieron Phil Spector, Beach Boys, The Beatles y Elvis Presley. En 1964 form\u00f3 el grupo The Hep Stars, que integrar\u00e1 hasta 1969, y que fuera conocido como los &#8220;Beatles Suecos&#8221;.<\/div>\n<p>&nbsp;<\/p>\n<div dir=\"auto\"><\/div>\n<\/div>\n<div class=\"cxmmr5t8 oygrvhab hcukyx3x c1et5uql o9v6fnle ii04i59q\" style=\"text-align: justify;\">\n<div dir=\"auto\">Integr\u00f3 luego el grupo ABBA, con una de cuyas componentes, Frida (Anni-Frid Lyngstad), se cas\u00f3 el 6 de octubre de 1978, siendo \u00e9sta su segunda mujer despu\u00e9s de Christina Gr\u00f6nvall, madre de sus dos primeros hijos (Peter y Hel\u00e9ne). Se separa de Frida en 1981. A finales del mismo a\u00f1o Benny se cas\u00f3 de nuevo, esta vez con Mona N\u00f6rklit, con la que tuvo un hijo, Ludvig, en 1982.<\/div>\n<p>&nbsp;<\/p>\n<div dir=\"auto\"><\/div>\n<div dir=\"auto\">Benny fue el principal autor de la m\u00fasica de ABBA, ayudado parcialmente por su compa\u00f1ero Bj\u00f6rn Ulvaeus, quien luego escrib\u00eda las letras.<\/div>\n<p>&nbsp;<\/p>\n<div dir=\"auto\"><\/div>\n<\/div>\n<div class=\"cxmmr5t8 oygrvhab hcukyx3x c1et5uql o9v6fnle ii04i59q\" style=\"text-align: justify;\">\n<div dir=\"auto\">Actualmente, Benny se dedica a su banda Benny Andersson Orchestra.<\/div>\n<p>&nbsp;<\/p>\n<div dir=\"auto\"><\/div>\n<\/div>\n<div class=\"cxmmr5t8 oygrvhab hcukyx3x c1et5uql o9v6fnle ii04i59q\" style=\"text-align: justify;\">\n<div dir=\"auto\">Produjo junto a Bj\u00f6rn Ulvaeus el musical Mamma Mia! (1999).<\/div>\n<p>&nbsp;<\/p>\n<div dir=\"auto\"><\/div>\n<\/div>\n<div class=\"cxmmr5t8 oygrvhab hcukyx3x c1et5uql o9v6fnle ii04i59q\" style=\"text-align: justify;\">\n<div dir=\"auto\">G\u00f6ran Bror Benny Andersson naci\u00f3 en Vallingby, siendo sus padres, el ingeniero civil G\u00f6sta Andersson (1912\u20131973), de 34 a\u00f1os y su esposa Laila (1920\u20131971), de 26 a\u00f1os. Su hermana, Eva-Lis Andersson, naci\u00f3 en 1948. La memoria musical de Benny Andersson fue heredada de su padre G\u00f6sta y su abuelo, Efraim Andersson. Juntos tocaban el acorde\u00f3n y el saxof\u00f3n. A los seis a\u00f1os, Benny Andersson tuvo su primer acorde\u00f3n. Su pap\u00e1 G\u00f6sta, y su abuelo Efraim, tocaban m\u00fasica folkl\u00f3rica de Suecia, m\u00fasica tradicional de ese pa\u00eds. Benny Andersson recuerda las primeras grabaciones que escuch\u00f3: &#8220;Du Bist Musik&#8221;, grabada por la cantante italiana, Caterina Valente, y &#8220;Jailhouse Rock&#8221;, grabada por Elvis Presley. Qued\u00f3 impresionado por el lado B del disco de Elvis: &#8220;Treat Me Nice&#8221;, y present\u00f3 la canci\u00f3n que le dio nombre al disco en el piano. El sonido del \u00absm\u00f6rg\u00e5sbord\u00bb de diferente clase, lo influy\u00f3 a trav\u00e9s de los a\u00f1os.<\/div>\n<div dir=\"auto\"><\/div>\n<p>&nbsp;<\/p>\n<\/div>\n<div class=\"cxmmr5t8 oygrvhab hcukyx3x c1et5uql o9v6fnle ii04i59q\" style=\"text-align: justify;\">\n<div dir=\"auto\">Cuando Andersson ten\u00eda 10 a\u00f1os, le regalaron su propio piano, y empez\u00f3 a tocar. Dej\u00f3 la escuela a los 15 a\u00f1os, y empez\u00f3 a presentarse en clubes juveniles. A ra\u00edz de \u00e9stas presentaciones, fue posible que conociera a su primera novia: La m\u00fasica Christina Gr\u00f6nvall, con quien tuvo dos hijos: Peter (nacido en 1963), y Hel\u00e9ne (nacida en 1965). A principios de 1964, Benny y Christina, se unieron al grupo musical: &#8220;Elverkets Spelmanslag&#8221; (&#8220;The Electricity Board Folk Music Group&#8221;), el nombre del grupo hizo referencia a los instrumentos el\u00e9ctricos usados con frecuencia, en la d\u00e9cada de 1960, en la m\u00fasica folkl\u00f3rica sueca. Su repertorio fue principalmente instrumental, por ejemplo, &#8220;Baby Elephant Walk&#8221;, fue uno de sus primeros n\u00fameros musicales. As\u00ed, Benny Andersson compuso una de sus primeras canciones.<\/div>\n<p>&nbsp;<\/p>\n<div dir=\"auto\"><\/div>\n<\/div>\n<div class=\"cxmmr5t8 oygrvhab hcukyx3x c1et5uql o9v6fnle ii04i59q\" style=\"text-align: justify;\">\n<div dir=\"auto\"><strong>Wikipedia in English<\/strong><\/div>\n<p>&nbsp;<\/p>\n<div dir=\"auto\"><\/div>\n<\/div>\n<div class=\"cxmmr5t8 oygrvhab hcukyx3x c1et5uql o9v6fnle ii04i59q\" style=\"text-align: justify;\">\n<div dir=\"auto\"><strong>Date of Birth:<\/strong> December 16, 1946<\/div>\n<p>&nbsp;<\/p>\n<div dir=\"auto\"><\/div>\n<\/div>\n<div class=\"cxmmr5t8 oygrvhab hcukyx3x c1et5uql o9v6fnle ii04i59q\" style=\"text-align: justify;\">\n<div dir=\"auto\"><strong>Biography<\/strong><\/div>\n<p>&nbsp;<\/p>\n<div dir=\"auto\"><\/div>\n<div dir=\"auto\">Benny Andersson was born on December 16, 1946, in the city of V\u00e4llingby, Sweden. His beginnings in music were in his family Circle, as an accordion player. Among his youth influences were Phil Spector, Beach Boys, The Beatles, and Elvis Presley. In 1964 he formed the group The Hep Stars, which he joined until 1969, and which was known as the &#8220;Swedish Beatles&#8221;.<\/div>\n<p>&nbsp;<\/p>\n<div dir=\"auto\"><\/div>\n<\/div>\n<div class=\"cxmmr5t8 oygrvhab hcukyx3x c1et5uql o9v6fnle ii04i59q\" style=\"text-align: justify;\">\n<div dir=\"auto\">He then joined the ABBA group, with one of whose members, Frida (Anni-Frid Lyngstad), married on October 6, 1978, this being his second wife after Christina Gr\u00f6nvall, mother of his first two children (Peter and Hel\u00e9ne) . He separated from Frida in 1981. At the end of the same year Benny married again, this time to Mona N\u00f6rklit, with whom he had a son, Ludvig, in 1982.<\/div>\n<p>&nbsp;<\/p>\n<div dir=\"auto\"><\/div>\n<div dir=\"auto\">Benny was the main author of ABBA&#8217;s music, partially assisted by his partner Bj\u00f6rn Ulvaeus, who later wrote the lyrics.<\/div>\n<p>&nbsp;<\/p>\n<div dir=\"auto\"><\/div>\n<\/div>\n<div class=\"cxmmr5t8 oygrvhab hcukyx3x c1et5uql o9v6fnle ii04i59q\" style=\"text-align: justify;\">\n<div dir=\"auto\">Currently, Benny is dedicated to his band Benny Andersson Orchestra.<\/div>\n<p>&nbsp;<\/p>\n<div dir=\"auto\"><\/div>\n<\/div>\n<div class=\"cxmmr5t8 oygrvhab hcukyx3x c1et5uql o9v6fnle ii04i59q\" style=\"text-align: justify;\">\n<div dir=\"auto\">He produced alongside Bj\u00f6rn Ulvaeus the musical Mamma Mia! (1999).<\/div>\n<p>&nbsp;<\/p>\n<div dir=\"auto\"><\/div>\n<\/div>\n<div class=\"cxmmr5t8 oygrvhab hcukyx3x c1et5uql o9v6fnle ii04i59q\" style=\"text-align: justify;\">\n<div dir=\"auto\">G\u00f6ran Bror Benny Andersson was born in Vallingby to his parents, the civil engineer G\u00f6sta Andersson (1912\u20131973), 34, and his wife Laila (1920\u20131971), 26. His sister, Eva-Lis Andersson, was born in 1948. Benny Andersson&#8217;s musical memory was inherited from his father G\u00f6sta and his grandfather Efraim Andersson. Together they played the accordion and the saxophone. At the age of six, Benny Andersson had his first accordion. His father G\u00f6sta, and his grandfather Efraim, played folk music from Sweden, traditional music from that country. Benny Andersson remembers the first recordings he heard: &#8220;Du Bist Musik&#8221;, recorded by the Italian singer, Caterina Valente, and &#8220;Jailhouse Rock&#8221;, recorded by Elvis Presley. He was impressed by the B-side of the Elvis record, &#8220;Treat Me Nice,&#8221; and performed the song that gave the record its name on the piano. The sound of the &#8220;sm\u00f6rg\u00e5sbord&#8221; of different kinds, influenced him through the years.<\/div>\n<p>&nbsp;<\/p>\n<div dir=\"auto\"><\/div>\n<\/div>\n<div class=\"cxmmr5t8 oygrvhab hcukyx3x c1et5uql o9v6fnle ii04i59q\" style=\"text-align: justify;\">\n<div dir=\"auto\">When Andersson was 10 years old, he was given his own piano, and he started playing. He dropped out of school at age 15, and started performing at youth clubs. As a result of these presentations, it was possible that he met his first girlfriend: the musician Christina Gr\u00f6nvall, with whom he had two children: Peter (born 1963), and Hel\u00e9ne (born 1965). At the beginning of 1964, Benny and Christina, joined the musical group: &#8220;Elverkets Spelmanslag&#8221; (&#8220;The Electricity Board Folk Music Group&#8221;), the name of the group made reference to the electrical instruments used frequently, in the decade of 1960, in Swedish folk music. His repertoire was mainly instrumental, for example &#8220;Baby Elephant Walk&#8221; was one of his first musical numbers. Thus, Benny Andersson composed one of the first songs of him.<\/div>\n<p>&nbsp;<\/p>\n<div dir=\"auto\"><\/div>\n<\/div>\n<div class=\"cxmmr5t8 oygrvhab hcukyx3x c1et5uql o9v6fnle ii04i59q\" style=\"text-align: justify;\">\n<div dir=\"auto\"><strong>Discography<\/strong><\/div>\n<p>&nbsp;<\/p>\n<\/div>\n<div dir=\"auto\"><\/div>\n<div dir=\"auto\">\n<table width=\"407\">\n<tbody>\n<tr>\n<td style=\"text-align: center;\" width=\"80\"><strong>G\u00e9nero Pop<\/strong><\/td>\n<td style=\"text-align: center;\" width=\"247\"><strong>Escuchar Tema<\/strong><\/td>\n<td style=\"text-align: center;\" width=\"80\"><strong>A\u00f1o de Publicaci\u00f3n<\/strong><\/td>\n<\/tr>\n<tr>\n<td style=\"text-align: center;\"><\/td>\n<td style=\"text-align: center;\"><strong>Nosotros y nuestro Cadillac<\/strong><\/td>\n<td style=\"text-align: center;\"><strong>1960<\/strong><\/td>\n<\/tr>\n<tr>\n<td>1<\/td>\n<td>Hep Stars en el escenario<\/td>\n<td><\/td>\n<\/tr>\n<tr>\n<td>2<\/td>\n<td>Las estrellas de la hepatitis<\/td>\n<td><\/td>\n<\/tr>\n<tr>\n<td>3<\/td>\n<td>Jul med Hep Stars<\/td>\n<td><\/td>\n<\/tr>\n<tr>\n<td>4<\/td>\n<td>Ha pasado mucho, mucho tiempo<\/td>\n<td><\/td>\n<\/tr>\n<tr>\n<td>5<\/td>\n<td>Canciones que cantamos 68<\/td>\n<td><\/td>\n<\/tr>\n<tr>\n<td style=\"text-align: center;\"><\/td>\n<td style=\"text-align: center;\"><strong>\u00a0Lycka\u00a0<\/strong><\/td>\n<td style=\"text-align: center;\"><strong>1970<\/strong><\/td>\n<\/tr>\n<tr>\n<td>1<\/td>\n<td>Anillo anillo<\/td>\n<td><\/td>\n<\/tr>\n<tr>\n<td>2<\/td>\n<td>Waterloo<\/td>\n<td><\/td>\n<\/tr>\n<tr>\n<td>3<\/td>\n<td>ABBA<\/td>\n<td><\/td>\n<\/tr>\n<tr>\n<td>4<\/td>\n<td>Llegada<\/td>\n<td><\/td>\n<\/tr>\n<tr>\n<td><\/td>\n<td><\/td>\n<td><\/td>\n<\/tr>\n<tr>\n<td style=\"text-align: center;\"><\/td>\n<td style=\"text-align: center;\"><strong>Gracias por la m\u00fasica<\/strong><\/td>\n<td style=\"text-align: center;\"><strong>1980<\/strong><\/td>\n<\/tr>\n<tr>\n<td>1<\/td>\n<td>Super Trouper<\/td>\n<td><\/td>\n<\/tr>\n<tr>\n<td>2<\/td>\n<td>Los visitantes<\/td>\n<td><\/td>\n<\/tr>\n<tr>\n<td>3<\/td>\n<td>Ajedrez<\/td>\n<td><\/td>\n<\/tr>\n<tr>\n<td>4<\/td>\n<td>Geminis<\/td>\n<td><\/td>\n<\/tr>\n<tr>\n<td><\/td>\n<td><\/td>\n<td><\/td>\n<\/tr>\n<tr>\n<td style=\"text-align: center;\"><\/td>\n<td style=\"text-align: center;\"><strong>Fiolen Min<\/strong><\/td>\n<td style=\"text-align: center;\"><strong>1990<\/strong><\/td>\n<\/tr>\n<tr>\n<td>1<\/td>\n<td>Formas<\/td>\n<td><\/td>\n<\/tr>\n<tr>\n<td>2<\/td>\n<td>Ajedrez en concierto<\/td>\n<td><\/td>\n<\/tr>\n<tr>\n<td><\/td>\n<td><\/td>\n<td><\/td>\n<\/tr>\n<tr>\n<td style=\"text-align: center;\"><\/td>\n<td style=\"text-align: center;\"><strong>Benny Anderssons Orkester<\/strong><\/td>\n<td style=\"text-align: center;\"><strong>2000<\/strong><\/td>\n<\/tr>\n<tr>\n<td>1<\/td>\n<td>Ajedrez p\u00e5 svenska<\/td>\n<td><\/td>\n<\/tr>\n<tr>\n<td>2<\/td>\n<td>Historia de un corazon<\/td>\n<td><\/td>\n<\/tr>\n<tr>\n<td>3<\/td>\n<td colspan=\"2\">\u00a1Madre m\u00eda! La banda sonora de la pel\u00edcula<\/td>\n<\/tr>\n<tr>\n<td><\/td>\n<td><\/td>\n<td><\/td>\n<\/tr>\n<tr>\n<td style=\"text-align: center;\"><\/td>\n<td style=\"text-align: center;\"><strong>Kristina en el Carnegie Hall<\/strong><\/td>\n<td style=\"text-align: center;\"><strong>2010<\/strong><\/td>\n<\/tr>\n<tr>\n<td>1<\/td>\n<td>Tomten har \u00e5kt dobladillo<\/td>\n<td><\/td>\n<\/tr>\n<tr>\n<td>2<\/td>\n<td>Mitt hj\u00e4rta klappar para excavar<\/td>\n<td><\/td>\n<\/tr>\n<tr>\n<td>3<\/td>\n<td>Reina del baile<\/td>\n<td><\/td>\n<\/tr>\n<tr>\n<td><\/td>\n<td><\/td>\n<td><\/td>\n<\/tr>\n<\/tbody>\n<\/table>\n<\/div>\n<p>&nbsp;<\/p>\n<div dir=\"auto\"><\/div>\n<div dir=\"auto\" style=\"text-align: justify;\"><\/div>\n<div class=\"cxmmr5t8 oygrvhab hcukyx3x c1et5uql o9v6fnle ii04i59q\" style=\"text-align: justify;\">\n<div dir=\"auto\">Cr\u00e9ditos tomados de Wikipedia:<\/div>\n<div dir=\"auto\"><a class=\"oajrlxb2 g5ia77u1 qu0x051f esr5mh6w e9989ue4 r7d6kgcz rq0escxv nhd2j8a9 nc684nl6 p7hjln8o kvgmc6g5 cxmmr5t8 oygrvhab hcukyx3x jb3vyjys rz4wbd8a qt6c0cv9 a8nywdso i1ao9s8h esuyzwwr f1sip0of lzcic4wl gpro0wi8 py34i1dx\" tabindex=\"0\" role=\"link\" href=\"https:\/\/l.facebook.com\/l.php?u=https%3A%2F%2Fes.wikipedia.org%2Fwiki%2FBenny_Andersson%3Ffbclid%3DIwAR1TjWh1goKHQBlqesiQybGjR0OmzcMjhyYSNpYyuLwG2zydlO7Nv27OzZY&amp;h=AT0W0EUrnuk5RxGJBReQSDXcT8F_wz4sJ6tfDK45KjPgmd2kD7NKxPTKoiJGm4z8socMm548ntH1g13q75qSHxrTYAlS3HzMsAE5UzGGuvhLPVBQucDSmk9At3SfZcJViKp5&amp;__tn__=-UK-R&amp;c[0]=AT2fHJZYhE0pZ-bFAM-uzEnxgs5Bk29XrypV6n4LlSmSbLArYQX1TBSIMMgWildhdD1uYSEJnENNlZfRgkDL-kPykghVeZP4T0tb-G8TSjHJi8y4k_rPIcCgtvE6PGtAmD82ywZQrBGm6ZGwaZbWd_T7rPUoIgokEMNndQ\" target=\"_blank\" rel=\"nofollow noopener\">https:\/\/es.wikipedia.org\/wiki\/Benny_Andersson<\/a><\/div>\n<div dir=\"auto\"><\/div>\n<\/div>\n<div class=\"epyt-video-wrapper\"><iframe loading=\"lazy\"  id=\"_ytid_26741\"  width=\"618\" height=\"347\"  data-origwidth=\"618\" data-origheight=\"347\" src=\"https:\/\/www.youtube.com\/embed\/CngGxNm2MNE?enablejsapi=1&#038;autoplay=0&#038;cc_load_policy=0&#038;cc_lang_pref=&#038;iv_load_policy=1&#038;loop=0&#038;modestbranding=0&#038;rel=1&#038;fs=1&#038;playsinline=0&#038;autohide=2&#038;theme=dark&#038;color=red&#038;controls=1&#038;\" class=\"__youtube_prefs__  epyt-is-override  no-lazyload\" title=\"YouTube player\"  allow=\"fullscreen; accelerometer; autoplay; clipboard-write; encrypted-media; gyroscope; picture-in-picture\" allowfullscreen data-no-lazy=\"1\" data-skipgform_ajax_framebjll=\"\"><\/iframe><\/div>\n<p style=\"text-align: justify;\">\n","protected":false},"excerpt":{"rendered":"<p>&nbsp; Fecha de Nacimiento: 16 de diciembre de 1946 &nbsp; Biograf\u00eda &nbsp; Benny Andersson nace el 16 de diciembre de 1946, en la ciudad de V\u00e4llingby, Suecia. Sus inicios en la m\u00fasica fueron en su c\u00edrculo familiar, como int\u00e9rprete del acorde\u00f3n. Entre sus influencias juveniles estuvieron Phil Spector, Beach Boys, The Beatles y Elvis Presley. &hellip;<\/p>\n","protected":false},"author":1,"featured_media":0,"parent":0,"menu_order":0,"comment_status":"closed","ping_status":"closed","template":"","meta":{"footnotes":""},"class_list":["post-29194","page","type-page","status-publish",""],"jetpack_sharing_enabled":true,"_links":{"self":[{"href":"http:\/\/mickyandoniehn.com\/radio\/wp-json\/wp\/v2\/pages\/29194","targetHints":{"allow":["GET"]}}],"collection":[{"href":"http:\/\/mickyandoniehn.com\/radio\/wp-json\/wp\/v2\/pages"}],"about":[{"href":"http:\/\/mickyandoniehn.com\/radio\/wp-json\/wp\/v2\/types\/page"}],"author":[{"embeddable":true,"href":"http:\/\/mickyandoniehn.com\/radio\/wp-json\/wp\/v2\/users\/1"}],"replies":[{"embeddable":true,"href":"http:\/\/mickyandoniehn.com\/radio\/wp-json\/wp\/v2\/comments?post=29194"}],"version-history":[{"count":2,"href":"http:\/\/mickyandoniehn.com\/radio\/wp-json\/wp\/v2\/pages\/29194\/revisions"}],"predecessor-version":[{"id":30098,"href":"http:\/\/mickyandoniehn.com\/radio\/wp-json\/wp\/v2\/pages\/29194\/revisions\/30098"}],"wp:attachment":[{"href":"http:\/\/mickyandoniehn.com\/radio\/wp-json\/wp\/v2\/media?parent=29194"}],"curies":[{"name":"wp","href":"https:\/\/api.w.org\/{rel}","templated":true}]}}