{"id":29192,"date":"2022-08-29T08:47:43","date_gmt":"2022-08-29T14:47:43","guid":{"rendered":"https:\/\/mickyandoniehn.com\/radio\/?page_id=29192"},"modified":"2022-09-01T10:25:54","modified_gmt":"2022-09-01T16:25:54","slug":"hilda-murillo","status":"publish","type":"page","link":"http:\/\/mickyandoniehn.com\/radio\/hilda-murillo\/","title":{"rendered":"Hilda Murillo"},"content":{"rendered":"<p style=\"text-align: justify;\"><img loading=\"lazy\" decoding=\"async\" class=\"wp-image-24027 aligncenter\" src=\"http:\/\/mickyandoniehn.com\/radio\/wp-content\/uploads\/2022\/08\/Hilda-Murillo.jpg\" alt=\"\" width=\"727\" height=\"880\" \/><\/p>\n<p>&nbsp;<\/p>\n<div class=\"cxmmr5t8 oygrvhab hcukyx3x c1et5uql o9v6fnle\" style=\"text-align: justify;\">\n<div dir=\"auto\"><strong>Fecha de Nacimiento:<\/strong> 15 de diciembre de 1951<\/div>\n<p>&nbsp;<\/p>\n<div dir=\"auto\"><\/div>\n<\/div>\n<div class=\"cxmmr5t8 oygrvhab hcukyx3x c1et5uql o9v6fnle\" style=\"text-align: justify;\">\n<div dir=\"auto\"><strong>Biograf\u00eda<\/strong><\/div>\n<p>&nbsp;<\/p>\n<div dir=\"auto\"><\/div>\n<div dir=\"auto\">Naci\u00f3 en Guayaquil, el 15 de diciembre de 1951. Pertenece a una familia de artistas; su madre Fresia Saavedra G\u00f3mez, es una reconocida artista y cantante de m\u00fasica ecuatoriana; lo mismo que su padre Washington Murillo, era m\u00fasico; quienes la iniciaron en el inter\u00e9s por la interpretaci\u00f3n musical.<\/div>\n<p>&nbsp;<\/p>\n<div dir=\"auto\"><\/div>\n<\/div>\n<div class=\"cxmmr5t8 oygrvhab hcukyx3x c1et5uql o9v6fnle\" style=\"text-align: justify;\">\n<div dir=\"auto\">Siendo a\u00fan ni\u00f1a, ya realiz\u00f3 su primera grabaci\u00f3n de melod\u00edas infantiles, como: \u201cEl ratoncito Miguel\u201d; y la \u201cMarcha de las letras\u201d.<\/div>\n<p>&nbsp;<\/p>\n<div dir=\"auto\"><\/div>\n<div dir=\"auto\">Cuando do\u00f1a Fresia Saavedra era ya toda una estrella de la m\u00fasica ecuatoriana, llevaba a su hija Hilda como acompa\u00f1ante a los estudios de grabaci\u00f3n, en donde la ni\u00f1a se familiariz\u00f3 con el ambiente art\u00edstico y musical y se interes\u00f3 por grabar otra canci\u00f3n, titulada \u201cLa canci\u00f3n de los domingos\u201d la que fue grabada por el sello ONIX, cuyo deseo result\u00f3 un gran \u00e9xito y se constituye en el inicio de una carrera luminosa, en donde la Princesita de la Canci\u00f3n, como fue bautizada por el popular hombre de radio Sr. Rafael Fout en los Estados Unidos, pa\u00eds del que Hilda Murillo ha viajado con frecuencia para cumplir compromisos art\u00edsticos y realizar grabaciones con varios disquera que se interesaban por su producci\u00f3n musical.<\/div>\n<p>&nbsp;<\/p>\n<div dir=\"auto\"><\/div>\n<\/div>\n<div class=\"cxmmr5t8 oygrvhab hcukyx3x c1et5uql o9v6fnle\" style=\"text-align: justify;\">\n<div dir=\"auto\">Estaba casada con el fallecido promotor art\u00edstico P\u00edo Cupelo, quien junto a su esposa Hilda Murillo y do\u00f1a Fresia Saavedra, organizaban programas art\u00edsticos y presentaciones de artistas nacionales en escenarios nacionales e internacionales.<\/div>\n<p>&nbsp;<\/p>\n<div dir=\"auto\"><\/div>\n<\/div>\n<div class=\"cxmmr5t8 oygrvhab hcukyx3x c1et5uql o9v6fnle\" style=\"text-align: justify;\">\n<div dir=\"auto\">Hilda Murillo, por su cuenta y tambi\u00e9n junto a su madre Fresia Saavedra han realizado producciones discogr\u00e1ficas y han grabado numerosas canciones que se han popularizado en el p\u00fablico ecuatoriano, adem\u00e1s de Espa\u00f1a, Italia y Estados Unidos con la comunidad ecuatoriana de residentes en esos pa\u00edses.<\/div>\n<p>&nbsp;<\/p>\n<div dir=\"auto\"><\/div>\n<\/div>\n<div class=\"cxmmr5t8 oygrvhab hcukyx3x c1et5uql o9v6fnle\" style=\"text-align: justify;\">\n<div dir=\"auto\">Hilda Murillo Saavedra, ha representado al Ecuador en el Festival OTI (1974) en M\u00e9xico. En su juventud estudi\u00f3 medicina, pero se retir\u00f3 cuando cursaba el tercer a\u00f1o para dedicarse a la actividad musical.<\/div>\n<p>&nbsp;<\/p>\n<div dir=\"auto\"><\/div>\n<\/div>\n<div class=\"cxmmr5t8 oygrvhab hcukyx3x c1et5uql o9v6fnle\" style=\"text-align: justify;\">\n<div dir=\"auto\">cofre musical17En relaci\u00f3n a su carrera art\u00edstica ella se refiere: \u201cMi madre me ense\u00f1\u00f3 a amar nuestra m\u00fasica, pero me inclino m\u00e1s por las baladas; pero soy adem\u00e1s una mujer atrevida que se adapta a todos los estilos musicales; una muestra es el haber incluido \u201ccoraz\u00f3n part\u00edo\u201d (Alejandro Sanz) en un CD reci\u00e9n editado y tambi\u00e9n \u201cQue alguien me diga\u201d (Gilberto Santa Rosa), el t\u00edtulo del Album se titula \u201cGracias a la vida\u201d.<\/div>\n<p>&nbsp;<\/p>\n<div dir=\"auto\"><\/div>\n<\/div>\n<div class=\"cxmmr5t8 oygrvhab hcukyx3x c1et5uql o9v6fnle\" style=\"text-align: justify;\">\n<div dir=\"auto\">Con su estilo muy propio, ha interpretado con su melodiosa voz numerosas canciones en varios g\u00e9neros: rom\u00e1ntico, bolero, ranchera, vals y tambi\u00e9n temas de m\u00fasica nacional. Un tema que se populariz\u00f3 en el ambiente art\u00edstico, ha sido \u201cPalabras, palabras\u201d (1970) Ella expresa:<\/div>\n<p>&nbsp;<\/p>\n<div dir=\"auto\">\u201cEn mis shows, trato de compartir con el p\u00fablico temas nuevos, no obstante siempre me piden los mismos temas\u201d.<\/div>\n<p>&nbsp;<\/p>\n<\/div>\n<div class=\"cxmmr5t8 oygrvhab hcukyx3x c1et5uql o9v6fnle\" style=\"text-align: justify;\">\n<div dir=\"auto\">La artista se mantiene en permanente actividad art\u00edstica y musical, sea en su show de la TV, en escenarios con asistencia masiva de p\u00fablico y en otros exclusivos, como en la \u201cPosada de las Garzas\u201d (Circunvalaci\u00f3n Norte 536; Urdesa en Guayaquil).<\/div>\n<p>&nbsp;<\/p>\n<\/div>\n<div dir=\"auto\" style=\"text-align: justify;\">\n<p><strong>Date of Birth:<\/strong> December 15, 1951<\/p>\n<p><strong>Biography<\/strong><\/p>\n<p>He was born in Guayaquil on December 15, 1951. He belongs to a family of artists; his mother, Fresia Saavedra G\u00f3mez, is a renowned artist and singer of Ecuadorian music; like his father Washington Murillo, he was a musician; who imitated it in the interest for musical interpretation.<\/p>\n<p>While still a child, she already made her first recording of children&#8217;s melodies, such as: \u201cEl Ratoncito Miguel\u201d; and the \u201cMarch of the letters\u201d.<\/p>\n<p>When Do\u00f1a Fresia Saavedra was already a star of Ecuadorian music, she took her daughter Hilda as a companion to the recording studios, where the girl became familiar with the artistic and musical environment and became interested in recording another song, entitled &#8220;La song of Sundays &#8220;which was recorded by the ONIX label, whose wish was a great success and constitutes the beginning of a luminous career, where the Little Princess of the Song, as she was baptized by the popular radio man Mr. Rafael Fout in the United States, a country from which Hilda Murillo has traveled frequently to fulfill artistic commitments and make recordings with various record companies that were interested in her musical production.<\/p>\n<p>She was married to the late artistic promoter P\u00edo Cupelo, who together with his wife Hilda Murillo and Mrs. Fresia Saavedra, organized artistic programs and presentations of national artists on national and international stages.<\/p>\n<p>Hilda Murillo, on her own and also with her mother Fresia Saavedra, have made record productions and have recorded numerous songs that have become popular among the Ecuadorian public, in addition to Spain, Italy and the United States with the Ecuadorian community of residents in those countries.<\/p>\n<\/div>\n<p style=\"text-align: justify;\">Hilda Murillo Saavedra, has represented Ecuador at the OTI Festival (1974) in Mexico. In his youth he studied medicine, but he left when he was in his third year to dedicate himself to musical activity.<\/p>\n<p style=\"text-align: justify;\">musical chest17 In relation to her artistic career, she refers: \u201cMy mother taught me to love our music, but I lean more towards ballads; but I am also a daring woman who adapts to all musical styles; a sample is the inclusion of \u201cpart\u00edo heart\u201d (Alejandro Sanz) in a newly released CD and also \u201cQue Somebody tell me\u201d (Gilberto Santa Rosa), the title of the Album is titled \u201cThanks to life\u201d.<\/p>\n<p style=\"text-align: justify;\">With her very own style, she has interpreted numerous songs in various genres with her melodious voice: romantic, bolero, ranchera, waltz and also national music themes. A theme that became popular in the artistic environment has been &#8220;Words, Words&#8221; (1970) She expresses:<br \/>\n&#8220;In my shows, I try to share new songs with the public, but they always ask me for the same songs.&#8221;<\/p>\n<p style=\"text-align: justify;\">The artist remains in permanent artistic and musical activity, be it in her TV show, on stages with massive public attendance and in other exclusive ones, such as in the &#8220;Posada de las Garzas&#8221; (Circunvalaci\u00f3n Norte 536; Urdesa in Guayaquil).<\/p>\n<div dir=\"auto\" style=\"text-align: justify;\"><strong>Discograf\u00eda<\/strong><\/div>\n<p>&nbsp;<\/p>\n<table width=\"737\">\n<tbody>\n<tr>\n<td style=\"text-align: center;\" width=\"182\"><strong>Temas Baladas Rom\u00e1nticas<\/strong><\/td>\n<td style=\"text-align: center;\" width=\"391\"><strong>Escuchar tema<\/strong><\/td>\n<td style=\"text-align: center;\" width=\"164\"><strong>A\u00f1o de Publicaci\u00f3n<\/strong><\/td>\n<\/tr>\n<tr>\n<td>1<\/td>\n<td>Palabras, Palabras<\/td>\n<td>2015<\/td>\n<\/tr>\n<tr>\n<td>2<\/td>\n<td>Yo No Soy Esa<\/td>\n<td>2009<\/td>\n<\/tr>\n<tr>\n<td>3<\/td>\n<td>El L\u00edrico<\/td>\n<td>2011<\/td>\n<\/tr>\n<tr>\n<td>4<\/td>\n<td>Desenga\u00f1o<\/td>\n<td>2011<\/td>\n<\/tr>\n<tr>\n<td>5<\/td>\n<td>No Retornes<\/td>\n<td>2012<\/td>\n<\/tr>\n<tr>\n<td>6<\/td>\n<td>Paloma de Ensue\u00f1os<\/td>\n<td>2011<\/td>\n<\/tr>\n<tr>\n<td>7<\/td>\n<td>Soy Rebelde<\/td>\n<td>2009<\/td>\n<\/tr>\n<tr>\n<td>8<\/td>\n<td>Vanidad<\/td>\n<td>2009<\/td>\n<\/tr>\n<tr>\n<td>9<\/td>\n<td>No Volver\u00e1 Aquel Amor<\/td>\n<td>2009<\/td>\n<\/tr>\n<tr>\n<td>10<\/td>\n<td>No me Des Tu Adi\u00f3s Mi Amor<\/td>\n<td>2009<\/td>\n<\/tr>\n<tr>\n<td><\/td>\n<td><\/td>\n<td><\/td>\n<\/tr>\n<tr>\n<td style=\"text-align: center;\"><\/td>\n<td style=\"text-align: center;\"><strong>Palabras, Palabras<\/strong><\/td>\n<td style=\"text-align: center;\"><strong>1973<\/strong><\/td>\n<\/tr>\n<tr>\n<td><\/td>\n<td><\/td>\n<td><\/td>\n<\/tr>\n<tr>\n<td>1<\/td>\n<td>Palabras, Palabras<\/td>\n<td><\/td>\n<\/tr>\n<tr>\n<td>2<\/td>\n<td>Te Amo Necesariamente<\/td>\n<td><\/td>\n<\/tr>\n<tr>\n<td>3<\/td>\n<td>Dios Del Olvido<\/td>\n<td><\/td>\n<\/tr>\n<tr>\n<td>4<\/td>\n<td>Ahora Que Soy Libre<\/td>\n<td><\/td>\n<\/tr>\n<tr>\n<td>5<\/td>\n<td>Ojos Claros<\/td>\n<td><\/td>\n<\/tr>\n<tr>\n<td>6<\/td>\n<td>Dejare La Llave En Mi Puerta<\/td>\n<td><\/td>\n<\/tr>\n<tr>\n<td>7<\/td>\n<td>Quisiera Olvidarme De Tu Amor<\/td>\n<td><\/td>\n<\/tr>\n<tr>\n<td>8<\/td>\n<td>Me Vuelvo Grito Con Tu Voz<\/td>\n<td><\/td>\n<\/tr>\n<tr>\n<td>9<\/td>\n<td>Una Noche No Es Bastante<\/td>\n<td><\/td>\n<\/tr>\n<tr>\n<td>10<\/td>\n<td>El Jam\u00e1s Volver\u00e1<\/td>\n<td><\/td>\n<\/tr>\n<tr>\n<td>11<\/td>\n<td>Fatalidad<\/td>\n<td><\/td>\n<\/tr>\n<tr>\n<td>12<\/td>\n<td>La Calle Del Olvido<\/td>\n<td><\/td>\n<\/tr>\n<tr>\n<td><\/td>\n<td><\/td>\n<td><\/td>\n<\/tr>\n<tr>\n<td style=\"text-align: center;\"><\/td>\n<td style=\"text-align: center;\"><strong>Que Voy Hacer Con Este Amor<\/strong><\/td>\n<td style=\"text-align: center;\"><strong>1973<\/strong><\/td>\n<\/tr>\n<tr>\n<td style=\"text-align: center;\"><\/td>\n<td><\/td>\n<td><\/td>\n<\/tr>\n<tr>\n<td>1<\/td>\n<td>Que Voy Hacer Con Este Amor<\/td>\n<td><\/td>\n<\/tr>\n<tr>\n<td>2<\/td>\n<td>Vivir Sin Ti<\/td>\n<td><\/td>\n<\/tr>\n<tr>\n<td>3<\/td>\n<td>Si Llore<\/td>\n<td><\/td>\n<\/tr>\n<tr>\n<td>4<\/td>\n<td>Me Muero Por Estar Contigo<\/td>\n<td><\/td>\n<\/tr>\n<tr>\n<td>5<\/td>\n<td>Es Lamentable<\/td>\n<td><\/td>\n<\/tr>\n<tr>\n<td>6<\/td>\n<td>No Quiero Que Te Vayas<\/td>\n<td><\/td>\n<\/tr>\n<tr>\n<td>7<\/td>\n<td>Lloraras<\/td>\n<td><\/td>\n<\/tr>\n<tr>\n<td>8<\/td>\n<td>Me Estoy Enamorando De Ti<\/td>\n<td><\/td>\n<\/tr>\n<tr>\n<td>9<\/td>\n<td>Mi Vida Esta En Tus Manos<\/td>\n<td><\/td>\n<\/tr>\n<tr>\n<td>10<\/td>\n<td>Porque Te Vas, Dime Porque<\/td>\n<td><\/td>\n<\/tr>\n<tr>\n<td>11<\/td>\n<td>Un Viejo Amor<\/td>\n<td><\/td>\n<\/tr>\n<tr>\n<td>12<\/td>\n<td>Sera Sera<\/td>\n<td><\/td>\n<\/tr>\n<tr>\n<td><\/td>\n<td><\/td>\n<td><\/td>\n<\/tr>\n<tr>\n<td style=\"text-align: center;\"><\/td>\n<td style=\"text-align: center;\"><strong>Soy Artista De Mi Gente<\/strong><\/td>\n<td style=\"text-align: center;\"><strong>1987<\/strong><\/td>\n<\/tr>\n<tr>\n<td><\/td>\n<td><\/td>\n<td><\/td>\n<\/tr>\n<tr>\n<td>1<\/td>\n<td>B\u00e9same<\/td>\n<td><\/td>\n<\/tr>\n<tr>\n<td>2<\/td>\n<td>Ni Tu .. Ni Yo<\/td>\n<td><\/td>\n<\/tr>\n<tr>\n<td>3<\/td>\n<td>Que te Parece<\/td>\n<td><\/td>\n<\/tr>\n<tr>\n<td>4<\/td>\n<td>Soy Artista De Mi Gente<\/td>\n<td><\/td>\n<\/tr>\n<tr>\n<td>5<\/td>\n<td>Al\u00e9grate el Corazon<\/td>\n<td><\/td>\n<\/tr>\n<tr>\n<td>6<\/td>\n<td>Ay\u00fadenme A Continuar<\/td>\n<td><\/td>\n<\/tr>\n<tr>\n<td>7<\/td>\n<td>Ni Mas<\/td>\n<td><\/td>\n<\/tr>\n<tr>\n<td>8<\/td>\n<td>Me Gusta<\/td>\n<td><\/td>\n<\/tr>\n<tr>\n<td>9<\/td>\n<td>Alguien<\/td>\n<td><\/td>\n<\/tr>\n<tr>\n<td>10<\/td>\n<td>Si Alg\u00fan Dia Me Decido<\/td>\n<td><\/td>\n<\/tr>\n<tr>\n<td>11<\/td>\n<td>Siempre &#8230; Siempre<\/td>\n<td><\/td>\n<\/tr>\n<tr>\n<td><\/td>\n<td><\/td>\n<td><\/td>\n<\/tr>\n<tr>\n<td style=\"text-align: center;\"><\/td>\n<td style=\"text-align: center;\"><strong>Rumbo A La Fama<\/strong><\/td>\n<td style=\"text-align: center;\"><\/td>\n<\/tr>\n<tr>\n<td><\/td>\n<td><\/td>\n<td><\/td>\n<\/tr>\n<tr>\n<td>1<\/td>\n<td>Te Quiero Porque Te Quiero<\/td>\n<td><\/td>\n<\/tr>\n<tr>\n<td>2<\/td>\n<td>Por Dios<\/td>\n<td><\/td>\n<\/tr>\n<tr>\n<td>3<\/td>\n<td>Vamos A Platicar<\/td>\n<td><\/td>\n<\/tr>\n<tr>\n<td>4<\/td>\n<td>Yo No Soy Esa<\/td>\n<td><\/td>\n<\/tr>\n<tr>\n<td>5<\/td>\n<td>T\u00edrame La Puerta<\/td>\n<td><\/td>\n<\/tr>\n<tr>\n<td>6<\/td>\n<td>Rey De Oros<\/td>\n<td><\/td>\n<\/tr>\n<tr>\n<td>7<\/td>\n<td>Soy Rebelde<\/td>\n<td><\/td>\n<\/tr>\n<tr>\n<td>8<\/td>\n<td>Vanidad<\/td>\n<td><\/td>\n<\/tr>\n<tr>\n<td>9<\/td>\n<td>Te Vas&#8230;. Y Que<\/td>\n<td><\/td>\n<\/tr>\n<tr>\n<td>10<\/td>\n<td>No Volver\u00e1 Aquel Amor<\/td>\n<td><\/td>\n<\/tr>\n<tr>\n<td>11<\/td>\n<td>No Me Tu Adi\u00f3s Mi Amor<\/td>\n<td><\/td>\n<\/tr>\n<tr>\n<td>12<\/td>\n<td>Muchacho Mu\u00f1eco<\/td>\n<td><\/td>\n<\/tr>\n<tr>\n<td><\/td>\n<td><\/td>\n<td><\/td>\n<\/tr>\n<tr>\n<td style=\"text-align: center;\"><\/td>\n<td style=\"text-align: center;\"><strong>Quisiera Olvidarme De Tu Amor<\/strong><\/td>\n<td><\/td>\n<\/tr>\n<tr>\n<td><\/td>\n<td><\/td>\n<td><\/td>\n<\/tr>\n<tr>\n<td>1<\/td>\n<td>Quisiera Olvidarme De Tu Amor<\/td>\n<td><\/td>\n<\/tr>\n<tr>\n<td>2<\/td>\n<td>Ojos Claros<\/td>\n<td><\/td>\n<\/tr>\n<tr>\n<td>3<\/td>\n<td>Dejare La Llave En Mi Puerta<\/td>\n<td><\/td>\n<\/tr>\n<tr>\n<td>4<\/td>\n<td>La Calle Del Olvido<\/td>\n<td><\/td>\n<\/tr>\n<tr>\n<td>5<\/td>\n<td>El Jam\u00e1s Volver\u00e1<\/td>\n<td><\/td>\n<\/tr>\n<tr>\n<td>6<\/td>\n<td>Te Amo Necesariamente<\/td>\n<td><\/td>\n<\/tr>\n<tr>\n<td>7<\/td>\n<td>Dios Del Olvido<\/td>\n<td><\/td>\n<\/tr>\n<tr>\n<td>8<\/td>\n<td>Ahora Que Soy Libre<\/td>\n<td><\/td>\n<\/tr>\n<tr>\n<td>9<\/td>\n<td>Me Vuelvo Grito Con Tu Voz<\/td>\n<td><\/td>\n<\/tr>\n<tr>\n<td>10<\/td>\n<td>Fatalidad<\/td>\n<td><\/td>\n<\/tr>\n<tr>\n<td>11<\/td>\n<td>Una Noche No Es Bastante<\/td>\n<td><\/td>\n<\/tr>\n<tr>\n<td><\/td>\n<td><\/td>\n<td><\/td>\n<\/tr>\n<tr>\n<td style=\"text-align: center;\"><\/td>\n<td style=\"text-align: center;\"><strong>Del Mundo al Ecuador<\/strong><\/td>\n<td><\/td>\n<\/tr>\n<tr>\n<td><\/td>\n<td><\/td>\n<td><\/td>\n<\/tr>\n<tr>\n<td>1<\/td>\n<td>No Me Vuelas a Ver<\/td>\n<td><\/td>\n<\/tr>\n<tr>\n<td>2<\/td>\n<td>Todo Pasara<\/td>\n<td><\/td>\n<\/tr>\n<tr>\n<td>3<\/td>\n<td>Cuando Tu No Estas Como Cambian las Cosas<\/td>\n<td><\/td>\n<\/tr>\n<tr>\n<td>4<\/td>\n<td>El Ultimo Acto<\/td>\n<td><\/td>\n<\/tr>\n<tr>\n<td>5<\/td>\n<td>No Te Enamores, No<\/td>\n<td><\/td>\n<\/tr>\n<tr>\n<td>6<\/td>\n<td>Tiempo Sin Fronteras<\/td>\n<td><\/td>\n<\/tr>\n<tr>\n<td>7<\/td>\n<td>Yo Sueno<\/td>\n<td><\/td>\n<\/tr>\n<tr>\n<td>8<\/td>\n<td>Nuestro Balance<\/td>\n<td><\/td>\n<\/tr>\n<tr>\n<td>9<\/td>\n<td>Arriba<\/td>\n<td><\/td>\n<\/tr>\n<tr>\n<td>10<\/td>\n<td>En Mi Viejo San Juan<\/td>\n<td><\/td>\n<\/tr>\n<tr>\n<td><\/td>\n<td><\/td>\n<td><\/td>\n<\/tr>\n<tr>\n<td style=\"text-align: center;\"><\/td>\n<td style=\"text-align: center;\"><strong>Te quiero y que..<\/strong><\/td>\n<td><\/td>\n<\/tr>\n<tr>\n<td><\/td>\n<td><\/td>\n<td><\/td>\n<\/tr>\n<tr>\n<td>1<\/td>\n<td>Te Quiero Y Que<\/td>\n<td><\/td>\n<\/tr>\n<tr>\n<td>2<\/td>\n<td>Historia De Amor<\/td>\n<td><\/td>\n<\/tr>\n<tr>\n<td>3<\/td>\n<td>Vuelvo A Vivir Vuelvo A Cantar<\/td>\n<td><\/td>\n<\/tr>\n<tr>\n<td>4<\/td>\n<td>Que Esperas De Mi<\/td>\n<td><\/td>\n<\/tr>\n<tr>\n<td>5<\/td>\n<td>Si Supieras Amor Mio<\/td>\n<td><\/td>\n<\/tr>\n<tr>\n<td>6<\/td>\n<td>El Condor Pasa<\/td>\n<td><\/td>\n<\/tr>\n<tr>\n<td>7<\/td>\n<td>Rosas En La Obscuridad<\/td>\n<td><\/td>\n<\/tr>\n<tr>\n<td>8<\/td>\n<td>Olvidarte Nunca<\/td>\n<td><\/td>\n<\/tr>\n<tr>\n<td>9<\/td>\n<td>Hoy Daria Yo La Vida<\/td>\n<td><\/td>\n<\/tr>\n<tr>\n<td>10<\/td>\n<td>Amor De Temporada<\/td>\n<td><\/td>\n<\/tr>\n<tr>\n<td><\/td>\n<td><\/td>\n<td><\/td>\n<\/tr>\n<tr>\n<td style=\"text-align: center;\"><\/td>\n<td style=\"text-align: center;\"><strong>Olvidarte Nunca<\/strong><\/td>\n<td><\/td>\n<\/tr>\n<tr>\n<td><\/td>\n<td><\/td>\n<td><\/td>\n<\/tr>\n<tr>\n<td>1<\/td>\n<td>Te Quiero Y Que<\/td>\n<td><\/td>\n<\/tr>\n<tr>\n<td>2<\/td>\n<td>Historia De Amor<\/td>\n<td><\/td>\n<\/tr>\n<tr>\n<td>3<\/td>\n<td>Vuelvo A Vivir Vuelvo A Cantar<\/td>\n<td><\/td>\n<\/tr>\n<tr>\n<td>4<\/td>\n<td>Que Esperas De Mi<\/td>\n<td><\/td>\n<\/tr>\n<tr>\n<td>5<\/td>\n<td>Si Supieras Amor Mio<\/td>\n<td><\/td>\n<\/tr>\n<tr>\n<td>6<\/td>\n<td>El Condor Pasa<\/td>\n<td><\/td>\n<\/tr>\n<tr>\n<td>7<\/td>\n<td>Rosas En La Obscuridad<\/td>\n<td><\/td>\n<\/tr>\n<tr>\n<td>8<\/td>\n<td>Olvidarte Nunca<\/td>\n<td><\/td>\n<\/tr>\n<tr>\n<td>9<\/td>\n<td>Hoy Daria Yo La Vida<\/td>\n<td><\/td>\n<\/tr>\n<tr>\n<td>10<\/td>\n<td>Amor De Temporada<\/td>\n<td><\/td>\n<\/tr>\n<tr>\n<td><\/td>\n<td><\/td>\n<td><\/td>\n<\/tr>\n<\/tbody>\n<\/table>\n<div class=\"epyt-video-wrapper\"><iframe loading=\"lazy\"  id=\"_ytid_55996\"  width=\"618\" height=\"347\"  data-origwidth=\"618\" data-origheight=\"347\" src=\"https:\/\/www.youtube.com\/embed\/R4P2rkdb0h4?enablejsapi=1&#038;autoplay=0&#038;cc_load_policy=0&#038;cc_lang_pref=&#038;iv_load_policy=1&#038;loop=0&#038;modestbranding=0&#038;rel=1&#038;fs=1&#038;playsinline=0&#038;autohide=2&#038;theme=dark&#038;color=red&#038;controls=1&#038;\" class=\"__youtube_prefs__  epyt-is-override  no-lazyload\" title=\"YouTube player\"  allow=\"fullscreen; accelerometer; autoplay; clipboard-write; encrypted-media; gyroscope; picture-in-picture\" allowfullscreen data-no-lazy=\"1\" data-skipgform_ajax_framebjll=\"\"><\/iframe><\/div>\n","protected":false},"excerpt":{"rendered":"<p>&nbsp; Fecha de Nacimiento: 15 de diciembre de 1951 &nbsp; Biograf\u00eda &nbsp; Naci\u00f3 en Guayaquil, el 15 de diciembre de 1951. Pertenece a una familia de artistas; su madre Fresia Saavedra G\u00f3mez, es una reconocida artista y cantante de m\u00fasica ecuatoriana; lo mismo que su padre Washington Murillo, era m\u00fasico; quienes la iniciaron en el &hellip;<\/p>\n","protected":false},"author":1,"featured_media":0,"parent":0,"menu_order":0,"comment_status":"closed","ping_status":"closed","template":"","meta":{"footnotes":""},"class_list":["post-29192","page","type-page","status-publish",""],"jetpack_sharing_enabled":true,"_links":{"self":[{"href":"http:\/\/mickyandoniehn.com\/radio\/wp-json\/wp\/v2\/pages\/29192","targetHints":{"allow":["GET"]}}],"collection":[{"href":"http:\/\/mickyandoniehn.com\/radio\/wp-json\/wp\/v2\/pages"}],"about":[{"href":"http:\/\/mickyandoniehn.com\/radio\/wp-json\/wp\/v2\/types\/page"}],"author":[{"embeddable":true,"href":"http:\/\/mickyandoniehn.com\/radio\/wp-json\/wp\/v2\/users\/1"}],"replies":[{"embeddable":true,"href":"http:\/\/mickyandoniehn.com\/radio\/wp-json\/wp\/v2\/comments?post=29192"}],"version-history":[{"count":2,"href":"http:\/\/mickyandoniehn.com\/radio\/wp-json\/wp\/v2\/pages\/29192\/revisions"}],"predecessor-version":[{"id":30267,"href":"http:\/\/mickyandoniehn.com\/radio\/wp-json\/wp\/v2\/pages\/29192\/revisions\/30267"}],"wp:attachment":[{"href":"http:\/\/mickyandoniehn.com\/radio\/wp-json\/wp\/v2\/media?parent=29192"}],"curies":[{"name":"wp","href":"https:\/\/api.w.org\/{rel}","templated":true}]}}