{"id":29186,"date":"2022-08-29T08:46:44","date_gmt":"2022-08-29T14:46:44","guid":{"rendered":"https:\/\/mickyandoniehn.com\/radio\/?page_id=29186"},"modified":"2022-09-01T10:40:37","modified_gmt":"2022-09-01T16:40:37","slug":"jane-birkin","status":"publish","type":"page","link":"http:\/\/mickyandoniehn.com\/radio\/jane-birkin\/","title":{"rendered":"Jane Birkin"},"content":{"rendered":"<p style=\"text-align: justify;\"><img loading=\"lazy\" decoding=\"async\" class=\" wp-image-24030 aligncenter\" src=\"http:\/\/mickyandoniehn.com\/radio\/wp-content\/uploads\/2022\/08\/Jane-Birkin-245x300.jpg\" alt=\"\" width=\"564\" height=\"690\" srcset=\"http:\/\/mickyandoniehn.com\/radio\/wp-content\/uploads\/2022\/08\/Jane-Birkin-245x300.jpg 245w, http:\/\/mickyandoniehn.com\/radio\/wp-content\/uploads\/2022\/08\/Jane-Birkin.jpg 412w\" sizes=\"auto, (max-width: 564px) 100vw, 564px\" \/><\/p>\n<p>&nbsp;<\/p>\n<div class=\"cxmmr5t8 oygrvhab hcukyx3x c1et5uql o9v6fnle ii04i59q\" style=\"text-align: justify;\">\n<div dir=\"auto\"><strong>Fecha de Nacimiento:<\/strong> 14 de diciembre de 1946<\/div>\n<p>&nbsp;<\/p>\n<div dir=\"auto\"><\/div>\n<\/div>\n<div class=\"cxmmr5t8 oygrvhab hcukyx3x c1et5uql o9v6fnle ii04i59q\" style=\"text-align: justify;\">\n<div dir=\"auto\"><strong>Biograf\u00eda<\/strong><\/div>\n<p>&nbsp;<\/p>\n<div dir=\"auto\"><\/div>\n<div dir=\"auto\">Es una actriz y cantante anglo-francesa que reside en Francia desde finales de los a\u00f1os sesenta.<\/div>\n<div dir=\"auto\"><\/div>\n<p>&nbsp;<\/p>\n<\/div>\n<div class=\"cxmmr5t8 oygrvhab hcukyx3x c1et5uql o9v6fnle ii04i59q\" style=\"text-align: justify;\">\n<div dir=\"auto\">Despu\u00e9s de los inicios cinematogr\u00e1ficos en Inglaterra, especialmente en la pel\u00edcula Blow Up, comenz\u00f3 una carrera en Francia donde conoci\u00f3 a su futuro mentor, compositor y socio, Serge Gainsbourg. Una de sus primeras colaboraciones con Gainsbourg, la 45 rpm Je t&#8217;aime&#8230; moi non plus, se convirti\u00f3 en un \u00e9xito internacional y alcanz\u00f3 el primer lugar en el Reino Unido.<\/div>\n<p>&nbsp;<\/p>\n<div dir=\"auto\"><\/div>\n<\/div>\n<div class=\"cxmmr5t8 oygrvhab hcukyx3x c1et5uql o9v6fnle ii04i59q\" style=\"text-align: justify;\">\n<div dir=\"auto\">En la d\u00e9cada de 1970, se convirti\u00f3 en una actriz reconocida por el p\u00fablico en general interpretando comedias de Claude Zidi y luego Michel Audiard. Posteriormente apareci\u00f3 en varios anuncios comerciales.<\/div>\n<p>&nbsp;<\/p>\n<div dir=\"auto\"><\/div>\n<\/div>\n<div class=\"cxmmr5t8 oygrvhab hcukyx3x c1et5uql o9v6fnle ii04i59q\" style=\"text-align: justify;\">\n<div dir=\"auto\">A fines de la d\u00e9cada de 1980, dio una serie de conciertos por primera vez en Par\u00eds, interpretando el repertorio que Gainsbourg escribi\u00f3 para ella. Desde entonces, contin\u00faa actuando regularmente en el escenario.<\/div>\n<div dir=\"auto\"><\/div>\n<\/div>\n<div class=\"cxmmr5t8 oygrvhab hcukyx3x c1et5uql o9v6fnle ii04i59q\" style=\"text-align: justify;\">\n<div dir=\"auto\">En la primera mitad de los sesenta se introduce de lleno en el ambiente pop del Swinging London y debuta como actriz a los 17 a\u00f1os. En esa \u00e9poca conoce al compositor John Barry (compositor del famoso tema de James Bond), quien le anima a debutar como cantante y con el que acaba cas\u00e1ndose a los 19 a\u00f1os.<\/div>\n<p>&nbsp;<\/p>\n<div dir=\"auto\"><\/div>\n<\/div>\n<div class=\"cxmmr5t8 oygrvhab hcukyx3x c1et5uql o9v6fnle ii04i59q\" style=\"text-align: justify;\">\n<div dir=\"auto\">En 1998 public\u00f3 su primer disco sin Serge Gainsbourg, A la l\u00e9g\u00e8re, con canciones escritas por 12 compositores contempor\u00e1neos franceses.<\/div>\n<p>&nbsp;<\/p>\n<div dir=\"auto\"><\/div>\n<\/div>\n<div class=\"cxmmr5t8 oygrvhab hcukyx3x c1et5uql o9v6fnle ii04i59q\" style=\"text-align: justify;\">\n<div dir=\"auto\">En 1999 Jane Birkin conoci\u00f3 al m\u00fasico Djamel Benyelles que orientaliz\u00f3 algunos de los temas de Gainsbourg como Elisa, Couleur Caf\u00e9 o Comment te dire adieu.<\/div>\n<p>&nbsp;<\/p>\n<div dir=\"auto\"><\/div>\n<\/div>\n<div class=\"cxmmr5t8 oygrvhab hcukyx3x c1et5uql o9v6fnle ii04i59q\" style=\"text-align: justify;\">\n<div dir=\"auto\"><strong>Date of Birth:<\/strong> December 14, 1946<\/div>\n<p>&nbsp;<\/p>\n<div dir=\"auto\"><\/div>\n<\/div>\n<div class=\"cxmmr5t8 oygrvhab hcukyx3x c1et5uql o9v6fnle ii04i59q\" style=\"text-align: justify;\">\n<div dir=\"auto\"><strong>Biography<\/strong><\/div>\n<p>&nbsp;<\/p>\n<div dir=\"auto\"><\/div>\n<div dir=\"auto\">She is an Anglo-French actress and singer who has lived in France since the late 1960s.<\/div>\n<div dir=\"auto\"><\/div>\n<p>&nbsp;<\/p>\n<\/div>\n<div class=\"cxmmr5t8 oygrvhab hcukyx3x c1et5uql o9v6fnle ii04i59q\" style=\"text-align: justify;\">\n<div dir=\"auto\">After her cinematic beginnings in England, especially in the movie Blow Up, she began a career in France where she met her future mentor, composer and partner, Serge Gainsbourg. One of her early collaborations with Gainsbourg, the 45 rpm Je t&#8217;aime &#8230; moi non plus, became an international hit and reached No. 1 in the UK.<\/div>\n<div dir=\"auto\"><\/div>\n<p>&nbsp;<\/p>\n<\/div>\n<div class=\"cxmmr5t8 oygrvhab hcukyx3x c1et5uql o9v6fnle ii04i59q\" style=\"text-align: justify;\">\n<div dir=\"auto\">In the 1970s, she became an actress recognized by the general public by performing comedies by Claude Zidi and later Michel Audiard. She subsequently appeared in various commercials.<\/div>\n<p>&nbsp;<\/p>\n<div dir=\"auto\"><\/div>\n<\/div>\n<div class=\"cxmmr5t8 oygrvhab hcukyx3x c1et5uql o9v6fnle ii04i59q\" style=\"text-align: justify;\">\n<div dir=\"auto\">In the late 1980s, she gave a series of concerts for the first time in Paris, performing the repertoire that Gainsbourg wrote for her. Since then, she continues to perform regularly on stage.<\/div>\n<p>&nbsp;<\/p>\n<div dir=\"auto\"><\/div>\n<\/div>\n<div class=\"cxmmr5t8 oygrvhab hcukyx3x c1et5uql o9v6fnle ii04i59q\" style=\"text-align: justify;\">\n<div dir=\"auto\">In the first half of the sixties she was fully introduced to the pop scene of Swinging London and made her acting debut at the age of 17. At that time she meets the composer John Barry (composer of the famous James Bond theme), who encourages her to debut as a singer and whom she ends up marrying at age 19.<\/div>\n<p>&nbsp;<\/p>\n<div dir=\"auto\"><\/div>\n<\/div>\n<div class=\"cxmmr5t8 oygrvhab hcukyx3x c1et5uql o9v6fnle ii04i59q\" style=\"text-align: justify;\">\n<div dir=\"auto\">In 1998 she released her first album without Serge Gainsbourg, A la l\u00e9g\u00e8re, with songs written by 12 contemporary French composers.<\/div>\n<p>&nbsp;<\/p>\n<div dir=\"auto\"><\/div>\n<\/div>\n<div class=\"cxmmr5t8 oygrvhab hcukyx3x c1et5uql o9v6fnle ii04i59q\" style=\"text-align: justify;\">\n<div dir=\"auto\">In 1999 Jane Birkin met the musician Djamel Benyelles who orientalized some of the Gainsbourg songs such as Elisa, Couleur Caf\u00e9 or Comment te dire adieu.<\/div>\n<p>&nbsp;<\/p>\n<\/div>\n<div class=\"cxmmr5t8 oygrvhab hcukyx3x c1et5uql o9v6fnle ii04i59q\" style=\"text-align: justify;\">\n<div dir=\"auto\">\n<p><strong>Discograf\u00eda<\/strong><\/p>\n<\/div>\n<\/div>\n<table width=\"350\">\n<tbody>\n<tr>\n<td style=\"text-align: center;\" width=\"80\"><strong>G\u00e9nero Pop<\/strong><\/td>\n<td style=\"text-align: center;\" width=\"190\"><strong>Escuchar Tema<\/strong><\/td>\n<td style=\"text-align: center;\" width=\"80\"><strong>A\u00f1o de Publicaci\u00f3n<\/strong><\/td>\n<\/tr>\n<tr>\n<td><\/td>\n<td><\/td>\n<td><\/td>\n<\/tr>\n<tr>\n<td>1<\/td>\n<td>La Chanson du Slogan<\/td>\n<td>1969<\/td>\n<\/tr>\n<tr>\n<td>2<\/td>\n<td>Di Doo Dahs<\/td>\n<td>1973<\/td>\n<\/tr>\n<tr>\n<td>3<\/td>\n<td>Lolita Go Home<\/td>\n<td>1975<\/td>\n<\/tr>\n<tr>\n<td>4<\/td>\n<td>Ex-Fan des Sixties<\/td>\n<td>1978<\/td>\n<\/tr>\n<tr>\n<td>5<\/td>\n<td>Baby Alone en Babylone<\/td>\n<td>1983<\/td>\n<\/tr>\n<tr>\n<td>6<\/td>\n<td>Lost Songs<\/td>\n<td>1987<\/td>\n<\/tr>\n<tr>\n<td>7<\/td>\n<td>Jane Birkind au Bataclan<\/td>\n<td>1987<\/td>\n<\/tr>\n<tr>\n<td>8<\/td>\n<td>Amours des feintes<\/td>\n<td>1990<\/td>\n<\/tr>\n<tr>\n<td>9<\/td>\n<td>Jane Beak.<\/td>\n<td>1992<\/td>\n<\/tr>\n<tr>\n<td>10<\/td>\n<td>Int\u00e9grale au Casino de Paris<\/td>\n<td>1992<\/td>\n<\/tr>\n<tr>\n<td>11<\/td>\n<td>Versions Jane<\/td>\n<td>1996<\/td>\n<\/tr>\n<tr>\n<td>12<\/td>\n<td>Int\u00e9grale \u00e0 l&#8217;Olympia<\/td>\n<td>1996<\/td>\n<\/tr>\n<tr>\n<td>13<\/td>\n<td>The Best Of the floor<\/td>\n<td>1998<\/td>\n<\/tr>\n<tr>\n<td>14<\/td>\n<td>\u00c0 la leg\u00e8re<\/td>\n<td>1999<\/td>\n<\/tr>\n<tr>\n<td>15<\/td>\n<td>Arabesque<\/td>\n<td>2002<\/td>\n<\/tr>\n<tr>\n<td>16<\/td>\n<td>Rendezvous<\/td>\n<td>2004<\/td>\n<\/tr>\n<tr>\n<td>17<\/td>\n<td>Fictions<\/td>\n<td>2006<\/td>\n<\/tr>\n<tr>\n<td>18<\/td>\n<td>Enfants d&#8217;Hiver<\/td>\n<td>2008<\/td>\n<\/tr>\n<tr>\n<td><\/td>\n<td><\/td>\n<td><\/td>\n<\/tr>\n<\/tbody>\n<\/table>\n<p>&nbsp;<\/p>\n<div class=\"cxmmr5t8 oygrvhab hcukyx3x c1et5uql o9v6fnle ii04i59q\" style=\"text-align: justify;\">\n<div dir=\"auto\">Cr\u00e9ditos tomados de Wikipedia:<\/div>\n<div dir=\"auto\"><a class=\"oajrlxb2 g5ia77u1 qu0x051f esr5mh6w e9989ue4 r7d6kgcz rq0escxv nhd2j8a9 nc684nl6 p7hjln8o kvgmc6g5 cxmmr5t8 oygrvhab hcukyx3x jb3vyjys rz4wbd8a qt6c0cv9 a8nywdso i1ao9s8h esuyzwwr f1sip0of lzcic4wl gpro0wi8 py34i1dx\" tabindex=\"0\" role=\"link\" href=\"https:\/\/l.facebook.com\/l.php?u=https%3A%2F%2Fes.wikipedia.org%2Fwiki%2FJane_Birkin%3Ffbclid%3DIwAR0jL0k0pBOD6R9pyFM-IPkz7KZ988hXR2JWpGv7Nxvknc1Y8vPDWuq09zQ&amp;h=AT0-c8KzLhl_CFHuBwMTBEXRt79vr3lupfqHXJrIAt8xKtLWxsuvkOhzB8L5U3RnxpytnL0ljJqgRb6UMKsbUOqzJ0jyEe4lX7Ml85EUwKCjT5oO0JaTXbbF-iFQe8nooA4-&amp;__tn__=-UK-R&amp;c[0]=AT1TxLRo3Dm313giuBxOlrZDL4voRycLnUyv9OBbEyIpzB2mA_1J5kcc3K-pQ9IWtnRoj76rqpyjpnBJhoGZKpUX_b_NUkIfEDoipeO0UujU6QH1M68jcNzQBrRXO9C62M9O95nLR3nBpNBHS4ElnrIU4jbjYi_yFLQ3EQ\" target=\"_blank\" rel=\"nofollow noopener\">https:\/\/es.wikipedia.org\/wiki\/Jane_Birkin<\/a><\/div>\n<div dir=\"auto\"><\/div>\n<p>&nbsp;<\/p>\n<\/div>\n<div class=\"epyt-video-wrapper\"><iframe loading=\"lazy\"  id=\"_ytid_38032\"  width=\"618\" height=\"347\"  data-origwidth=\"618\" data-origheight=\"347\" src=\"https:\/\/www.youtube.com\/embed\/2Tp1__8BGTA?enablejsapi=1&#038;autoplay=0&#038;cc_load_policy=0&#038;cc_lang_pref=&#038;iv_load_policy=1&#038;loop=0&#038;modestbranding=0&#038;rel=1&#038;fs=1&#038;playsinline=0&#038;autohide=2&#038;theme=dark&#038;color=red&#038;controls=1&#038;\" class=\"__youtube_prefs__  epyt-is-override  no-lazyload\" title=\"YouTube player\"  allow=\"fullscreen; accelerometer; autoplay; clipboard-write; encrypted-media; gyroscope; picture-in-picture\" allowfullscreen data-no-lazy=\"1\" data-skipgform_ajax_framebjll=\"\"><\/iframe><\/div>\n","protected":false},"excerpt":{"rendered":"<p>&nbsp; Fecha de Nacimiento: 14 de diciembre de 1946 &nbsp; Biograf\u00eda &nbsp; Es una actriz y cantante anglo-francesa que reside en Francia desde finales de los a\u00f1os sesenta. &nbsp; Despu\u00e9s de los inicios cinematogr\u00e1ficos en Inglaterra, especialmente en la pel\u00edcula Blow Up, comenz\u00f3 una carrera en Francia donde conoci\u00f3 a su futuro mentor, compositor y &hellip;<\/p>\n","protected":false},"author":1,"featured_media":0,"parent":0,"menu_order":0,"comment_status":"closed","ping_status":"closed","template":"","meta":{"footnotes":""},"class_list":["post-29186","page","type-page","status-publish",""],"jetpack_sharing_enabled":true,"_links":{"self":[{"href":"http:\/\/mickyandoniehn.com\/radio\/wp-json\/wp\/v2\/pages\/29186","targetHints":{"allow":["GET"]}}],"collection":[{"href":"http:\/\/mickyandoniehn.com\/radio\/wp-json\/wp\/v2\/pages"}],"about":[{"href":"http:\/\/mickyandoniehn.com\/radio\/wp-json\/wp\/v2\/types\/page"}],"author":[{"embeddable":true,"href":"http:\/\/mickyandoniehn.com\/radio\/wp-json\/wp\/v2\/users\/1"}],"replies":[{"embeddable":true,"href":"http:\/\/mickyandoniehn.com\/radio\/wp-json\/wp\/v2\/comments?post=29186"}],"version-history":[{"count":2,"href":"http:\/\/mickyandoniehn.com\/radio\/wp-json\/wp\/v2\/pages\/29186\/revisions"}],"predecessor-version":[{"id":30285,"href":"http:\/\/mickyandoniehn.com\/radio\/wp-json\/wp\/v2\/pages\/29186\/revisions\/30285"}],"wp:attachment":[{"href":"http:\/\/mickyandoniehn.com\/radio\/wp-json\/wp\/v2\/media?parent=29186"}],"curies":[{"name":"wp","href":"https:\/\/api.w.org\/{rel}","templated":true}]}}