{"id":29177,"date":"2022-08-29T08:39:37","date_gmt":"2022-08-29T14:39:37","guid":{"rendered":"https:\/\/mickyandoniehn.com\/radio\/?page_id=29177"},"modified":"2022-09-01T10:03:33","modified_gmt":"2022-09-01T16:03:33","slug":"frank-sinatra","status":"publish","type":"page","link":"http:\/\/mickyandoniehn.com\/radio\/frank-sinatra\/","title":{"rendered":"Frank Sinatra"},"content":{"rendered":"<p style=\"text-align: justify;\"><img loading=\"lazy\" decoding=\"async\" class=\" wp-image-24033 aligncenter\" src=\"http:\/\/mickyandoniehn.com\/radio\/wp-content\/uploads\/2022\/08\/Frank-Sinatra-266x300.jpg\" alt=\"\" width=\"661\" height=\"745\" srcset=\"http:\/\/mickyandoniehn.com\/radio\/wp-content\/uploads\/2022\/08\/Frank-Sinatra-266x300.jpg 266w, http:\/\/mickyandoniehn.com\/radio\/wp-content\/uploads\/2022\/08\/Frank-Sinatra.jpg 355w\" sizes=\"auto, (max-width: 661px) 100vw, 661px\" \/><\/p>\n<p>&nbsp;<\/p>\n<p style=\"text-align: justify;\"><strong>Fecha de Nacimiento: <\/strong>12 de diciembre de 1915<\/p>\n<p style=\"text-align: justify;\"><strong>Fecha de Fallecimiento:<\/strong> 14 de mayo de 1998<\/p>\n<p style=\"text-align: justify;\"><strong>Biograf\u00eda<\/strong><\/p>\n<p style=\"text-align: justify;\">Fue un cantante y actor estadounidense, considerado una de las figuras m\u00e1s importantes del siglo XX y uno de los cantantes m\u00e1s populares de todos los tiempos, dej\u00f3 a trav\u00e9s de sus discos y actuaciones en directo, un legado can\u00f3nico en lo que respecta a la interpretaci\u00f3n vocal masculina de la m\u00fasica. Su popularidad lleg\u00f3 a ser inmensa en todo el mundo y pr\u00e1cticamente constante a lo largo de toda su carrera, sus grabaciones alcanzaron las listas musicales 209 veces.<\/p>\n<p style=\"text-align: justify;\">Su principal y mayor inspiraci\u00f3n fue Bing Crosby , Sinatra se declar\u00f3 en muchas ocasiones gran fan de Crosby declarando en muchas entrevistas respecto a Crosby.<\/p>\n<p style=\"text-align: justify;\">Su repertorio se bas\u00f3 en la obra de los m\u00e1s importantes compositores populares estadounidenses, como Jimmy Van Heusen, Cole Porter, Sammy Cahn o George Gershwin, y su estilo sintetiz\u00f3, ya en sus or\u00edgenes, quince a\u00f1os de influencias mutuas entre la m\u00fasica de inspiraci\u00f3n jazz\u00edstica y la m\u00fasica pop que empezaba a difundirse a trav\u00e9s de la radio. Sinatra construy\u00f3 su estilo sobre la base de una comprensi\u00f3n natural de la m\u00fasica popular, tal como la hab\u00edan entendido Bing Crosby, Fred Astaire, Benny Goodman y Louis Armstrong, explotando la idea de que esta, en todas sus vertientes, deber\u00eda ser una extensi\u00f3n de la conversaci\u00f3n.<\/p>\n<p style=\"text-align: justify;\">T\u00e9cnicamente, se caracteriz\u00f3 por su cuidada precisi\u00f3n en el fraseo y su dominio del control de la respiraci\u00f3n; el rango de su voz estaba pr\u00f3ximo al de bajo-bar\u00edtono.\u200b Adem\u00e1s, era o\u00eddo absoluto, al igual que Michael Jackson, Freddie Mercury, y Wolfgang Amadeus Mozart.\u200b En cuanto a su categor\u00eda art\u00edstica, esta radica en su capacidad interpretativa para transmitir las emociones y sentimientos impl\u00edcitos en las letras de las canciones.<\/p>\n<p style=\"text-align: justify;\"><strong>Date of Birth<\/strong> December 12, 1915<\/p>\n<p style=\"text-align: justify;\"><strong>Date of Death<\/strong> May 14, 1998<\/p>\n<p style=\"text-align: justify;\"><strong>Biography<\/strong><\/p>\n<p style=\"text-align: justify;\">He was an American singer and actor, considered one of the most important figures of the 20th century and one of the most popular singers of all time, he left through his records and live performances, a canonical legacy in regards to the male vocal interpretation of music. His popularity became immense worldwide and virtually constant throughout his career, his recordings reached the music charts 209 times.<\/p>\n<p style=\"text-align: justify;\">His main and greatest inspiration was Bing Crosby, Sinatra declared himself on many occasions a great fan of Crosby declaring in many interviews regarding Crosby.<\/p>\n<p style=\"text-align: justify;\">His repertoire was based on the work of the most important American popular composers, such as Jimmy Van Heusen, Cole Porter, Sammy Cahn or George Gershwin, and his style synthesized, from its origins, fifteen years of mutual influences between jazz-inspired music and the pop music that was beginning to spread through the radio. Sinatra built his style on the basis of a natural understanding of popular music, as Bing Crosby, Fred Astaire, Benny Goodman and Louis Armstrong had understood it, exploiting the idea that this, in all its aspects, should be an extension of the conversation.<\/p>\n<p style=\"text-align: justify;\">Technically, he was characterized by his careful precision in phrasing and his mastery of breath control; the range of his voice was close to the bass-baritone. In addition, he was an absolute pitch, like Michael Jackson, Freddie Mercury, and Wolfgang Amadeus Mozart. As for his artistic category, this lies in his interpretive ability to transmit the emotions and feelings implicit in the lyrics of the songs.<\/p>\n<p style=\"text-align: justify;\"><strong>Discograf\u00eda<\/strong><\/p>\n<table width=\"555\">\n<tbody>\n<tr>\n<td style=\"text-align: center;\" width=\"107\"><strong>G\u00e9nero Pop, Jazz Tradicional<\/strong><\/td>\n<td style=\"text-align: center;\" width=\"368\"><strong>Escuchar Tema<\/strong><\/td>\n<td style=\"text-align: center;\" width=\"80\"><strong>A\u00f1o de Publicaci\u00f3n<\/strong><\/td>\n<\/tr>\n<tr>\n<td><\/td>\n<td><\/td>\n<td><\/td>\n<\/tr>\n<tr>\n<td>1<\/td>\n<td>From the Bottom of My Heart (Brunswick label)<\/td>\n<td>1939<\/td>\n<\/tr>\n<tr>\n<td>2<\/td>\n<td>It&#8217;s Funny to Everyone but Me<\/td>\n<td>1939<\/td>\n<\/tr>\n<tr>\n<td>3<\/td>\n<td>Here Comes the Night<\/td>\n<td>1939<\/td>\n<\/tr>\n<tr>\n<td>4<\/td>\n<td>My Buddy<\/td>\n<td>1939<\/td>\n<\/tr>\n<tr>\n<td>5<\/td>\n<td>On a Little Street in Singapore<\/td>\n<td>1939<\/td>\n<\/tr>\n<tr>\n<td>6<\/td>\n<td>Ciribiribin<\/td>\n<td>1939<\/td>\n<\/tr>\n<tr>\n<td>7<\/td>\n<td>Every Day of My Life<\/td>\n<td>1940<\/td>\n<\/tr>\n<tr>\n<td>8<\/td>\n<td>All or Nothing at All (re-issued 1943)<\/td>\n<td>1940<\/td>\n<\/tr>\n<tr>\n<td>9<\/td>\n<td>The Sky Fell Down<\/td>\n<td>1940<\/td>\n<\/tr>\n<tr>\n<td>10<\/td>\n<td>Too Romantic<\/td>\n<td>1940<\/td>\n<\/tr>\n<tr>\n<td>11<\/td>\n<td>I&#8217;ll Be Seeing You<\/td>\n<td>1940<\/td>\n<\/tr>\n<tr>\n<td>12<\/td>\n<td>The Fable of the Rose<\/td>\n<td>1940<\/td>\n<\/tr>\n<tr>\n<td>13<\/td>\n<td>This is the Beginning of the End<\/td>\n<td>1940<\/td>\n<\/tr>\n<tr>\n<td>14<\/td>\n<td>Imagination<\/td>\n<td>1940<\/td>\n<\/tr>\n<tr>\n<td>15<\/td>\n<td>Yours Is My Heart Alone<\/td>\n<td>1940<\/td>\n<\/tr>\n<tr>\n<td>16<\/td>\n<td>Devil May Care<\/td>\n<td>1940<\/td>\n<\/tr>\n<tr>\n<td>17<\/td>\n<td>Fools Rush In<\/td>\n<td>1940<\/td>\n<\/tr>\n<tr>\n<td>18<\/td>\n<td>Hear my song, Violetta<\/td>\n<td>1940<\/td>\n<\/tr>\n<tr>\n<td>19<\/td>\n<td>East of the Sun<\/td>\n<td>1940<\/td>\n<\/tr>\n<tr>\n<td><\/td>\n<td><\/td>\n<td><\/td>\n<\/tr>\n<\/tbody>\n<\/table>\n<p>&nbsp;<\/p>\n<div class=\"epyt-video-wrapper\"><iframe loading=\"lazy\"  id=\"_ytid_44304\"  width=\"618\" height=\"347\"  data-origwidth=\"618\" data-origheight=\"347\" src=\"https:\/\/www.youtube.com\/embed\/I1d5AjPA-tk?enablejsapi=1&#038;autoplay=0&#038;cc_load_policy=0&#038;cc_lang_pref=&#038;iv_load_policy=1&#038;loop=0&#038;modestbranding=0&#038;rel=1&#038;fs=1&#038;playsinline=0&#038;autohide=2&#038;theme=dark&#038;color=red&#038;controls=1&#038;\" class=\"__youtube_prefs__  epyt-is-override  no-lazyload\" title=\"YouTube player\"  allow=\"fullscreen; accelerometer; autoplay; clipboard-write; encrypted-media; gyroscope; picture-in-picture\" allowfullscreen data-no-lazy=\"1\" data-skipgform_ajax_framebjll=\"\"><\/iframe><\/div>\n","protected":false},"excerpt":{"rendered":"<p>&nbsp; Fecha de Nacimiento: 12 de diciembre de 1915 Fecha de Fallecimiento: 14 de mayo de 1998 Biograf\u00eda Fue un cantante y actor estadounidense, considerado una de las figuras m\u00e1s importantes del siglo XX y uno de los cantantes m\u00e1s populares de todos los tiempos, dej\u00f3 a trav\u00e9s de sus discos y actuaciones en directo, &hellip;<\/p>\n","protected":false},"author":1,"featured_media":0,"parent":0,"menu_order":0,"comment_status":"closed","ping_status":"closed","template":"","meta":{"footnotes":""},"class_list":["post-29177","page","type-page","status-publish",""],"jetpack_sharing_enabled":true,"_links":{"self":[{"href":"http:\/\/mickyandoniehn.com\/radio\/wp-json\/wp\/v2\/pages\/29177","targetHints":{"allow":["GET"]}}],"collection":[{"href":"http:\/\/mickyandoniehn.com\/radio\/wp-json\/wp\/v2\/pages"}],"about":[{"href":"http:\/\/mickyandoniehn.com\/radio\/wp-json\/wp\/v2\/types\/page"}],"author":[{"embeddable":true,"href":"http:\/\/mickyandoniehn.com\/radio\/wp-json\/wp\/v2\/users\/1"}],"replies":[{"embeddable":true,"href":"http:\/\/mickyandoniehn.com\/radio\/wp-json\/wp\/v2\/comments?post=29177"}],"version-history":[{"count":2,"href":"http:\/\/mickyandoniehn.com\/radio\/wp-json\/wp\/v2\/pages\/29177\/revisions"}],"predecessor-version":[{"id":30235,"href":"http:\/\/mickyandoniehn.com\/radio\/wp-json\/wp\/v2\/pages\/29177\/revisions\/30235"}],"wp:attachment":[{"href":"http:\/\/mickyandoniehn.com\/radio\/wp-json\/wp\/v2\/media?parent=29177"}],"curies":[{"name":"wp","href":"https:\/\/api.w.org\/{rel}","templated":true}]}}