{"id":29159,"date":"2022-08-29T08:27:51","date_gmt":"2022-08-29T14:27:51","guid":{"rendered":"https:\/\/mickyandoniehn.com\/radio\/?page_id=29159"},"modified":"2022-09-01T11:39:24","modified_gmt":"2022-09-01T17:39:24","slug":"neil-innes","status":"publish","type":"page","link":"http:\/\/mickyandoniehn.com\/radio\/neil-innes\/","title":{"rendered":"Neil Innes"},"content":{"rendered":"<p style=\"text-align: justify;\"><img loading=\"lazy\" decoding=\"async\" class=\" wp-image-24037 aligncenter\" src=\"http:\/\/mickyandoniehn.com\/radio\/wp-content\/uploads\/2022\/08\/Neil-Innes.jpg\" alt=\"\" width=\"606\" height=\"700\" \/><\/p>\n<p><strong>Fecha de Nacimiento:<\/strong> 9 de diciembre de 1944 en Danbury, Essex, Inglaterra<\/p>\n<p><strong>Fecha de Fallecimiento:<\/strong> 29 de diciembre 2019<\/p>\n<div class=\"cxmmr5t8 oygrvhab hcukyx3x c1et5uql o9v6fnle ii04i59q\" style=\"text-align: justify;\">\n<div dir=\"auto\"><strong>Biograf\u00eda<\/strong><\/div>\n<p>&nbsp;<\/p>\n<div dir=\"auto\"><\/div>\n<div dir=\"auto\">Fue un comediante, m\u00fasico y escritor brit\u00e1nico, reconocido por haber colaborado con Monty Python y haber tocado en las bandas parodia The Rutles y The Bonzo Dog Doo-Dah Band. Siendo un nineo, Neil vivi\u00f3 en Alemania durante la asignaci\u00f3n militar de su padre. All\u00ed tom\u00f3 lecciones de piano.<\/div>\n<p>&nbsp;<\/p>\n<div dir=\"auto\"><\/div>\n<div dir=\"auto\">Se gradu\u00f3 con un Licenciado en Bellas Artes de la Escuela de Colegio de arte Goldsmith.<\/div>\n<p>&nbsp;<\/p>\n<div dir=\"auto\"><\/div>\n<\/div>\n<div class=\"cxmmr5t8 oygrvhab hcukyx3x c1et5uql o9v6fnle ii04i59q\" style=\"text-align: justify;\">\n<div dir=\"auto\">En el per\u00edodo 1962-1965, Neil y algunos otros estudiantes de arte comenzaron una banda que originalmente se llamaba Bonzo Dog Dada Band por su inter\u00e9s en el dada\u00edsmo y que luego nombraron Bonzo Dog Doo-Dah Band porque les cansaba explicar qu\u00e9 era &#8220;Dada&#8221; a todo el mundo.<\/div>\n<p>&nbsp;<\/p>\n<div dir=\"auto\"><\/div>\n<\/div>\n<div class=\"cxmmr5t8 oygrvhab hcukyx3x c1et5uql o9v6fnle ii04i59q\" style=\"text-align: justify;\">\n<div dir=\"auto\">Junto con Vivian Stanshall escribi\u00f3 la mayor\u00eda de las canciones de la banda, incluyendo &#8220;I&#8217;m the Urban Spaceman&#8221;, su hit (producido por Paul McCartney bajo el pseud\u00f3nimo de Apollo C. Vermouth) y &#8220;Death Cab for Cutie&#8221; (canci\u00f3n que inspir\u00f3 a un grupo que lleva el mismo nombre) y apareci\u00f3 en la pel\u00edcula de Los Beatles Magical Mystery Tour.<\/div>\n<p>&nbsp;<\/p>\n<div dir=\"auto\"><\/div>\n<\/div>\n<div class=\"cxmmr5t8 oygrvhab hcukyx3x c1et5uql o9v6fnle ii04i59q\" style=\"text-align: justify;\">\n<div dir=\"auto\">A fines de los sesenta, Neil apareci\u00f3 con los Bonzos en ambas temporadas de Do Not Adjust Your Set, una serie brit\u00e1nica para ni\u00f1os.<\/div>\n<p>&nbsp;<\/p>\n<div dir=\"auto\"><\/div>\n<\/div>\n<div class=\"cxmmr5t8 oygrvhab hcukyx3x c1et5uql o9v6fnle ii04i59q\" style=\"text-align: justify;\">\n<div dir=\"auto\">Luego de que la banda se separara intent\u00f3 formar otra que no tuvo mucho \u00e9xito. A mediados de los setenta se relacion\u00f3 con la serie de TV &#8220;El circo volador de Monty Python&#8221; escribiendo varias canciones.<\/div>\n<div dir=\"auto\"><\/div>\n<p>&nbsp;<\/p>\n<div dir=\"auto\">Cuando acab\u00f3 el ciclo original de Monty Python, Neil se junt\u00f3 con Eric Idle en la serie Rutland Weekend Television, que dur\u00f3 de 1975 a 1976. De all\u00ed salieron Los Rutles, un grupo que parodiaba a Los Beatles, donde Neil hac\u00eda de John Lennon con el nombre de Ron Nasty.<\/div>\n<p>&nbsp;<\/p>\n<div dir=\"auto\"><\/div>\n<\/div>\n<div class=\"cxmmr5t8 oygrvhab hcukyx3x c1et5uql o9v6fnle ii04i59q\" style=\"text-align: justify;\">\n<div dir=\"auto\">Luego Neil hizo su propia serie llamada Innes Book of Records.<\/div>\n<p>&nbsp;<\/p>\n<div dir=\"auto\"><\/div>\n<div dir=\"auto\">Durante los ochenta particip\u00f3 en la serie de nineos Puddle Lane.<\/div>\n<p>&nbsp;<\/p>\n<div dir=\"auto\"><\/div>\n<div dir=\"auto\">Durante 2006 estuvo de tour debido al aniversario 40 de Bonzo Dog Band.<\/div>\n<p>&nbsp;<\/p>\n<div dir=\"auto\"><\/div>\n<\/div>\n<div class=\"cxmmr5t8 oygrvhab hcukyx3x c1et5uql o9v6fnle ii04i59q\" style=\"text-align: justify;\">\n<div dir=\"auto\">Un film sobre su vida llamada &#8220;The Seventh Python&#8221; est\u00e1 en post-producci\u00f3n.<\/div>\n<p>&nbsp;<\/p>\n<\/div>\n<div dir=\"auto\"><\/div>\n<div dir=\"auto\">\n<p><strong>Date of Birth:<\/strong> December 9, 1944 in Danbury, Essex, England<\/p>\n<p><strong>Date of Death:<\/strong> December 29, 2019<\/p>\n<\/div>\n<div class=\"cxmmr5t8 oygrvhab hcukyx3x c1et5uql o9v6fnle ii04i59q\" style=\"text-align: justify;\">\n<div dir=\"auto\"><\/div>\n<div dir=\"auto\"><strong>Biography<\/strong><\/div>\n<p>&nbsp;<\/p>\n<div dir=\"auto\"><\/div>\n<div dir=\"auto\">Was a British comedian, musician and writer, recognized for having collaborated with Monty Python and having played in the parody bands The Rutles and The Bonzo Dog Doo-Dah Band. As a child, Neil lived in Germany during his father&#8217;s military assignment. There he took piano lessons.<\/div>\n<p>&nbsp;<\/p>\n<div dir=\"auto\"><\/div>\n<\/div>\n<div class=\"cxmmr5t8 oygrvhab hcukyx3x c1et5uql o9v6fnle ii04i59q\" style=\"text-align: justify;\">\n<div dir=\"auto\">He graduated with a Bachelor of Fine Arts from Goldsmith College School of Art.<\/div>\n<p>&nbsp;<\/p>\n<div dir=\"auto\"><\/div>\n<\/div>\n<div class=\"cxmmr5t8 oygrvhab hcukyx3x c1et5uql o9v6fnle ii04i59q\" style=\"text-align: justify;\">\n<div dir=\"auto\">In the period 1962-1965, Neil and some other art students started a band that was originally called the Bonzo Dog Dada Band for their interest in Dadaism and later named the Bonzo Dog Doo-Dah Band because they were tired of explaining what &#8220;Dada&#8221; was. to all the world.<\/div>\n<p>&nbsp;<\/p>\n<div dir=\"auto\"><\/div>\n<\/div>\n<div class=\"cxmmr5t8 oygrvhab hcukyx3x c1et5uql o9v6fnle ii04i59q\" style=\"text-align: justify;\">\n<div dir=\"auto\">Along with Vivian Stanshall he wrote most of the band&#8217;s songs, including &#8220;I&#8217;m the Urban Spaceman&#8221;, his hit (produced by Paul McCartney under the pseudonym Apollo C. Vermouth) and &#8220;Death Cab for Cutie&#8221; (song that inspired a group of the same name) and appeared in the Beatles film Magical Mystery Tour.<\/div>\n<p>&nbsp;<\/p>\n<div dir=\"auto\"><\/div>\n<\/div>\n<div class=\"cxmmr5t8 oygrvhab hcukyx3x c1et5uql o9v6fnle ii04i59q\" style=\"text-align: justify;\">\n<div dir=\"auto\">In the late 1960s, Neil appeared with the Bonzos on both seasons of Do Not Adjust Your Set, a British children&#8217;s series.<\/div>\n<p>&nbsp;<\/p>\n<div dir=\"auto\"><\/div>\n<\/div>\n<div class=\"cxmmr5t8 oygrvhab hcukyx3x c1et5uql o9v6fnle ii04i59q\" style=\"text-align: justify;\">\n<div dir=\"auto\">After the band broke up, he tried to form another one, which was not very successful. In the mid-seventies he became involved with the TV series &#8220;Monty Python&#8217;s Flying Circus&#8221; writing several songs.<\/div>\n<p>&nbsp;<\/p>\n<div dir=\"auto\"><\/div>\n<div dir=\"auto\">When the original cycle of Monty Python ended, Neil joined Eric Idle on the Rutland Weekend Television series, which ran from 1975 to 1976. From there came The Rutles, a group that parodied.<\/div>\n<p>&nbsp;<\/p>\n<div dir=\"auto\"><\/div>\n<div dir=\"auto\">The Beatles, where Neil played John Lennon with Ron Nasty&#8217;s name.<\/div>\n<p>&nbsp;<\/p>\n<div dir=\"auto\"><\/div>\n<div dir=\"auto\">Then Neil made his own series called Innes Book of Records.<\/div>\n<p>&nbsp;<\/p>\n<div dir=\"auto\"><\/div>\n<div dir=\"auto\">During the eighties he participated in the children&#8217;s series Puddle Lane.<\/div>\n<p>&nbsp;<\/p>\n<div dir=\"auto\"><\/div>\n<\/div>\n<div class=\"cxmmr5t8 oygrvhab hcukyx3x c1et5uql o9v6fnle ii04i59q\" style=\"text-align: justify;\">\n<div dir=\"auto\">During 2006 he was on tour due to the 40th anniversary of the Bonzo Dog Band.<\/div>\n<p>&nbsp;<\/p>\n<div dir=\"auto\"><\/div>\n<\/div>\n<div class=\"cxmmr5t8 oygrvhab hcukyx3x c1et5uql o9v6fnle ii04i59q\" style=\"text-align: justify;\">\n<div dir=\"auto\">A film about his life called &#8220;The Seventh Python&#8221; is in post-production.<\/div>\n<p>&nbsp;<\/p>\n<div dir=\"auto\"><\/div>\n<\/div>\n<div class=\"cxmmr5t8 oygrvhab hcukyx3x c1et5uql o9v6fnle ii04i59q\" style=\"text-align: justify;\"><\/div>\n<div class=\"cxmmr5t8 oygrvhab hcukyx3x c1et5uql o9v6fnle ii04i59q\" style=\"text-align: justify;\">\n<div dir=\"auto\"><strong>Discograf\u00eda<\/strong><\/div>\n<p>&nbsp;<\/p>\n<div dir=\"auto\"><\/div>\n<\/div>\n<div dir=\"auto\">\n<table width=\"561\">\n<tbody>\n<tr>\n<td style=\"text-align: center;\" width=\"127\"><strong>G\u00e9nero Rock, Pop, Non-Music<\/strong><\/td>\n<td style=\"text-align: center;\" width=\"319\"><strong>Escuchar Tema<\/strong><\/td>\n<td style=\"text-align: center;\" width=\"115\"><strong>A\u00f1o de Publicaci\u00f3n<\/strong><\/td>\n<\/tr>\n<tr>\n<td>1<\/td>\n<td>I&#8217;m the Urban Spaceman<\/td>\n<td>1969<\/td>\n<\/tr>\n<tr>\n<td>2<\/td>\n<td>Shangri-La<\/td>\n<td>1977<\/td>\n<\/tr>\n<tr>\n<td>3<\/td>\n<td>One Thing on Your Mind<\/td>\n<td>1982<\/td>\n<\/tr>\n<tr>\n<td>4<\/td>\n<td>Crystal Balls<\/td>\n<td>1977<\/td>\n<\/tr>\n<tr>\n<td>5<\/td>\n<td>Amoeba Boogie<\/td>\n<td>1979<\/td>\n<\/tr>\n<tr>\n<td>6<\/td>\n<td>Godfrey Daniel<\/td>\n<td>1982<\/td>\n<\/tr>\n<tr>\n<td>7<\/td>\n<td>Ungawa<\/td>\n<td>1982<\/td>\n<\/tr>\n<tr>\n<td>8<\/td>\n<td>Mr. Eurovision<\/td>\n<td>1982<\/td>\n<\/tr>\n<tr>\n<td>9<\/td>\n<td>Love Is Getting Deeper<\/td>\n<td>1979<\/td>\n<\/tr>\n<tr>\n<td>10<\/td>\n<td>Theme<\/td>\n<td>1979<\/td>\n<\/tr>\n<tr>\n<td>11<\/td>\n<td>Human Race<\/td>\n<td>1979<\/td>\n<\/tr>\n<tr>\n<td>12<\/td>\n<td>God Is Love<\/td>\n<td>1977<\/td>\n<\/tr>\n<tr>\n<td><\/td>\n<td><\/td>\n<td><\/td>\n<\/tr>\n<\/tbody>\n<\/table>\n<\/div>\n<p>&nbsp;<\/p>\n<div dir=\"auto\"><\/div>\n<div dir=\"auto\"><\/div>\n<div dir=\"auto\"><\/div>\n<div class=\"epyt-video-wrapper\"><iframe loading=\"lazy\"  id=\"_ytid_87028\"  width=\"618\" height=\"347\"  data-origwidth=\"618\" data-origheight=\"347\" src=\"https:\/\/www.youtube.com\/embed\/pOiCyIYIoak?enablejsapi=1&#038;autoplay=0&#038;cc_load_policy=0&#038;cc_lang_pref=&#038;iv_load_policy=1&#038;loop=0&#038;modestbranding=0&#038;rel=1&#038;fs=1&#038;playsinline=0&#038;autohide=2&#038;theme=dark&#038;color=red&#038;controls=1&#038;\" class=\"__youtube_prefs__  epyt-is-override  no-lazyload\" title=\"YouTube player\"  allow=\"fullscreen; accelerometer; autoplay; clipboard-write; encrypted-media; gyroscope; picture-in-picture\" allowfullscreen data-no-lazy=\"1\" data-skipgform_ajax_framebjll=\"\"><\/iframe><\/div>\n","protected":false},"excerpt":{"rendered":"<p>Fecha de Nacimiento: 9 de diciembre de 1944 en Danbury, Essex, Inglaterra Fecha de Fallecimiento: 29 de diciembre 2019 Biograf\u00eda &nbsp; Fue un comediante, m\u00fasico y escritor brit\u00e1nico, reconocido por haber colaborado con Monty Python y haber tocado en las bandas parodia The Rutles y The Bonzo Dog Doo-Dah Band. Siendo un nineo, Neil vivi\u00f3 &hellip;<\/p>\n","protected":false},"author":1,"featured_media":0,"parent":0,"menu_order":0,"comment_status":"closed","ping_status":"closed","template":"","meta":{"footnotes":""},"class_list":["post-29159","page","type-page","status-publish",""],"jetpack_sharing_enabled":true,"_links":{"self":[{"href":"http:\/\/mickyandoniehn.com\/radio\/wp-json\/wp\/v2\/pages\/29159","targetHints":{"allow":["GET"]}}],"collection":[{"href":"http:\/\/mickyandoniehn.com\/radio\/wp-json\/wp\/v2\/pages"}],"about":[{"href":"http:\/\/mickyandoniehn.com\/radio\/wp-json\/wp\/v2\/types\/page"}],"author":[{"embeddable":true,"href":"http:\/\/mickyandoniehn.com\/radio\/wp-json\/wp\/v2\/users\/1"}],"replies":[{"embeddable":true,"href":"http:\/\/mickyandoniehn.com\/radio\/wp-json\/wp\/v2\/comments?post=29159"}],"version-history":[{"count":3,"href":"http:\/\/mickyandoniehn.com\/radio\/wp-json\/wp\/v2\/pages\/29159\/revisions"}],"predecessor-version":[{"id":30426,"href":"http:\/\/mickyandoniehn.com\/radio\/wp-json\/wp\/v2\/pages\/29159\/revisions\/30426"}],"wp:attachment":[{"href":"http:\/\/mickyandoniehn.com\/radio\/wp-json\/wp\/v2\/media?parent=29159"}],"curies":[{"name":"wp","href":"https:\/\/api.w.org\/{rel}","templated":true}]}}