{"id":29157,"date":"2022-08-29T08:27:06","date_gmt":"2022-08-29T14:27:06","guid":{"rendered":"https:\/\/mickyandoniehn.com\/radio\/?page_id=29157"},"modified":"2022-09-01T09:42:47","modified_gmt":"2022-09-01T15:42:47","slug":"donny-osmond","status":"publish","type":"page","link":"http:\/\/mickyandoniehn.com\/radio\/donny-osmond\/","title":{"rendered":"Donny Osmond"},"content":{"rendered":"<p style=\"text-align: justify;\"><img loading=\"lazy\" decoding=\"async\" class=\" wp-image-24038 aligncenter\" src=\"http:\/\/mickyandoniehn.com\/radio\/wp-content\/uploads\/2022\/08\/Donny-Osmond-244x300.jpg\" alt=\"\" width=\"593\" height=\"730\" srcset=\"http:\/\/mickyandoniehn.com\/radio\/wp-content\/uploads\/2022\/08\/Donny-Osmond-244x300.jpg 244w, http:\/\/mickyandoniehn.com\/radio\/wp-content\/uploads\/2022\/08\/Donny-Osmond.jpg 416w\" sizes=\"auto, (max-width: 593px) 100vw, 593px\" \/><\/p>\n<p>&nbsp;<\/p>\n<div class=\"cxmmr5t8 oygrvhab hcukyx3x c1et5uql o9v6fnle ii04i59q\" style=\"text-align: justify;\">\n<div dir=\"auto\"><strong>Fecha de Nacimiento:<\/strong> 9 de diciembre de 1957<\/div>\n<p>&nbsp;<\/p>\n<div dir=\"auto\"><\/div>\n<\/div>\n<div class=\"cxmmr5t8 oygrvhab hcukyx3x c1et5uql o9v6fnle ii04i59q\" style=\"text-align: justify;\">\n<div dir=\"auto\"><strong>Biograf\u00eda:<\/strong><\/div>\n<p>&nbsp;<\/p>\n<div dir=\"auto\"><\/div>\n<div dir=\"auto\">Es un cantante, actor, personalidad radial, y ex\u00eddolo adolescente. Osmond tambi\u00e9n ha sido presentador de talk shows y programas de concursos, productor discogr\u00e1fico y autor. A mediados de los a\u00f1os sesenta, \u00e9l y cuatro de sus hermanos mayores ganaron fama como The Osmond. Osmond fue solista a principios de los a\u00f1os 70, cubriendo \u00e9xitos como \u00abGo Away Little Girl\u00bb y \u00abPuppy Love\u00bb.<\/div>\n<p>&nbsp;<\/p>\n<div dir=\"auto\"><\/div>\n<\/div>\n<div class=\"cxmmr5t8 oygrvhab hcukyx3x c1et5uql o9v6fnle ii04i59q\" style=\"text-align: justify;\">\n<div dir=\"auto\">Durante m\u00e1s de treinta y cinco a\u00f1os, \u00e9l y su hermana menor Marie han ganado fama como Donny &amp; Marie, en parte debido al \u00e9xito de su programa de variedad hom\u00f3nimo entre 1976-79, que se emiti\u00f3 en ABC. El d\u00fao tambi\u00e9n hizo un talk show entre 1998-2000 y ha estado encabezando en Las Vegas desde 2008.<\/div>\n<p>&nbsp;<\/p>\n<div dir=\"auto\"><\/div>\n<\/div>\n<div class=\"cxmmr5t8 oygrvhab hcukyx3x c1et5uql o9v6fnle ii04i59q\" style=\"text-align: justify;\">\n<div dir=\"auto\">En 1989, Osmond tuvo dos grabaciones de gran venta, la primera de las cuales, \u00abSoldier of Love\u00bb, fue inicialmente acreditado a un &#8220;artista misterioso&#8221; por algunas estaciones de radio.<\/div>\n<p>&nbsp;<\/p>\n<\/div>\n<div class=\"cxmmr5t8 oygrvhab hcukyx3x c1et5uql o9v6fnle ii04i59q\" style=\"text-align: justify;\">\n<div dir=\"auto\">A partir de julio de 1992, Osmond interpret\u00f3 a Joseph en la producci\u00f3n Elgin Theatre de Toronto, Joseph and the Amazing Technicolor Dreamcoat. El musical entonces recorri\u00f3 Norteam\u00e9rica hasta 1998. El creador Andrew Lloyd Webber lo eligi\u00f3 para la versi\u00f3n cinematogr\u00e1fica de 1999.<\/div>\n<p>&nbsp;<\/p>\n<div dir=\"auto\"><\/div>\n<\/div>\n<div class=\"cxmmr5t8 oygrvhab hcukyx3x c1et5uql o9v6fnle ii04i59q\" style=\"text-align: justify;\">\n<div dir=\"auto\">En 2009, Osmond gan\u00f3 la novena temporada de Dancing with the Stars. Osmond apareci\u00f3 como juez invitado en Strictly Come Dancing en la semana 3 (semana de pel\u00edcula) de la serie 12.<\/div>\n<p>&nbsp;<\/p>\n<div dir=\"auto\"><\/div>\n<\/div>\n<div class=\"cxmmr5t8 oygrvhab hcukyx3x c1et5uql o9v6fnle ii04i59q\" style=\"text-align: justify;\">\n<div dir=\"auto\">Osmond se convirti\u00f3 en un \u00eddolo adolescente a principios de los 70 como cantante solista, mientras continuaba cantando con sus hermanos mayores. Osmond, Bobby Sherman y David Cassidy fueron las estrellas de pop m\u00e1s grandes de &#8220;Cover Boy&#8221; para la revista Tiger Beat a principios de los a\u00f1os setenta.<\/div>\n<p>&nbsp;<\/p>\n<\/div>\n<div class=\"cxmmr5t8 oygrvhab hcukyx3x c1et5uql o9v6fnle ii04i59q\" style=\"text-align: justify;\">\n<div dir=\"auto\"><\/div>\n<\/div>\n<div class=\"cxmmr5t8 oygrvhab hcukyx3x c1et5uql o9v6fnle ii04i59q\" style=\"text-align: justify;\">\n<div dir=\"auto\"><strong>Date of Birth:<\/strong> December 09, 1957<\/div>\n<p>&nbsp;<\/p>\n<div dir=\"auto\"><\/div>\n<\/div>\n<div class=\"cxmmr5t8 oygrvhab hcukyx3x c1et5uql o9v6fnle ii04i59q\" style=\"text-align: justify;\">\n<div dir=\"auto\"><strong>Biography:<\/strong><\/div>\n<p>&nbsp;<\/p>\n<div dir=\"auto\"><\/div>\n<div dir=\"auto\">He is a singer, actor, radio personality, and ex-idol teenager. Osmond has also been a talk show and game show host, record producer, and author. In the mid-1960s, he and four of his older siblings gained fame as The Osmonds. Osmond was a soloist in the early 1970s, covering hits like &#8220;Go Away Little Girl&#8221; and &#8220;Puppy Love.&#8221;<\/div>\n<p>&nbsp;<\/p>\n<div dir=\"auto\"><\/div>\n<\/div>\n<div class=\"cxmmr5t8 oygrvhab hcukyx3x c1et5uql o9v6fnle ii04i59q\" style=\"text-align: justify;\">\n<div dir=\"auto\">For more than thirty-five years, he and his younger sister Marie have gained fame as Donny &amp; Marie, in part due to the success of their eponymous variety show from 1976-79, which aired on ABC. The duo also did a talk show between 1998-2000 and have been headlining in Las Vegas since 2008.<\/div>\n<p>&nbsp;<\/p>\n<div dir=\"auto\"><\/div>\n<\/div>\n<div class=\"cxmmr5t8 oygrvhab hcukyx3x c1et5uql o9v6fnle ii04i59q\" style=\"text-align: justify;\">\n<div dir=\"auto\">In 1989, Osmond had two best-selling recordings, the first of which, &#8220;Soldier of Love,&#8221; was initially credited to a &#8220;mystery artist&#8221; by some radio stations.<\/div>\n<p>&nbsp;<\/p>\n<div dir=\"auto\"><\/div>\n<\/div>\n<div class=\"cxmmr5t8 oygrvhab hcukyx3x c1et5uql o9v6fnle ii04i59q\" style=\"text-align: justify;\">\n<div dir=\"auto\">Beginning in July 1992, Osmond played Joseph in Toronto&#8217;s Elgin Theater production, Joseph and the Amazing Technicolor Dreamcoat. The musical then toured North America until 1998. Creator Andrew Lloyd Webber cast it for the 1999 film version.<\/div>\n<p>&nbsp;<\/p>\n<div dir=\"auto\"><\/div>\n<\/div>\n<div class=\"cxmmr5t8 oygrvhab hcukyx3x c1et5uql o9v6fnle ii04i59q\" style=\"text-align: justify;\">\n<div dir=\"auto\">In 2009, Osmond won the ninth season of Dancing with the Stars. Osmond appeared as a guest judge on Strictly Come Dancing in week 3 (movie week) of series 12.<\/div>\n<p>&nbsp;<\/p>\n<div dir=\"auto\"><\/div>\n<\/div>\n<div class=\"cxmmr5t8 oygrvhab hcukyx3x c1et5uql o9v6fnle ii04i59q\" style=\"text-align: justify;\">\n<div dir=\"auto\">Osmond became a teen idol in the early 70s as a solo singer, while continuing to sing with his older siblings. Osmond, Bobby Sherman and David Cassidy were the biggest &#8220;Cover Boy&#8221; pop stars for Tiger Beat magazine in the early 1970s.<\/div>\n<p>&nbsp;<\/p>\n<div dir=\"auto\"><\/div>\n<\/div>\n<div class=\"cxmmr5t8 oygrvhab hcukyx3x c1et5uql o9v6fnle ii04i59q\" style=\"text-align: justify;\">\n<div dir=\"auto\"><strong>Discography<\/strong><\/div>\n<p>&nbsp;<\/p>\n<div dir=\"auto\"><\/div>\n<\/div>\n<div dir=\"auto\" style=\"text-align: justify;\">\n<table width=\"459\">\n<tbody>\n<tr>\n<td style=\"text-align: center;\" width=\"80\"><strong>G\u00e9nero Pop<\/strong><\/td>\n<td style=\"text-align: center;\" width=\"299\"><strong>Escuchar Tema<\/strong><\/td>\n<td style=\"text-align: center;\" width=\"80\"><strong>A\u00f1o de Publicaci\u00f3n<\/strong><\/td>\n<\/tr>\n<tr>\n<td><\/td>\n<td><\/td>\n<td><\/td>\n<\/tr>\n<tr>\n<td>1<\/td>\n<td>The Donny Osmond Album<\/td>\n<td>1971<\/td>\n<\/tr>\n<tr>\n<td>2<\/td>\n<td>To You with Love, Donny<\/td>\n<td>1971<\/td>\n<\/tr>\n<tr>\n<td>3<\/td>\n<td>Portrait of Donny<\/td>\n<td>1972<\/td>\n<\/tr>\n<tr>\n<td>4<\/td>\n<td>Too Young<\/td>\n<td>1972<\/td>\n<\/tr>\n<tr>\n<td>5<\/td>\n<td>Alone Together<\/td>\n<td>1973<\/td>\n<\/tr>\n<tr>\n<td>6<\/td>\n<td>A Time For Us<\/td>\n<td>1973<\/td>\n<\/tr>\n<tr>\n<td>7<\/td>\n<td>Donny<\/td>\n<td>1974<\/td>\n<\/tr>\n<tr>\n<td>8<\/td>\n<td>Disco Train<\/td>\n<td>1976<\/td>\n<\/tr>\n<tr>\n<td>9<\/td>\n<td>Donald Clark Osmond<\/td>\n<td>1977<\/td>\n<\/tr>\n<tr>\n<td>10<\/td>\n<td>Donny Osmond<\/td>\n<td>1989<\/td>\n<\/tr>\n<tr>\n<td>11<\/td>\n<td>Eyes Don&#8217;t Lie<\/td>\n<td>1990<\/td>\n<\/tr>\n<tr>\n<td>12<\/td>\n<td>Four<\/td>\n<td>1997<\/td>\n<\/tr>\n<tr>\n<td>13<\/td>\n<td>This is the Moment<\/td>\n<td>2001<\/td>\n<\/tr>\n<tr>\n<td>14<\/td>\n<td>Christmas At Home<\/td>\n<td>2001<\/td>\n<\/tr>\n<tr>\n<td>15<\/td>\n<td>Somewhere in Time<\/td>\n<td>2002<\/td>\n<\/tr>\n<tr>\n<td>16<\/td>\n<td>What I Meant to Say<\/td>\n<td>2004<\/td>\n<\/tr>\n<tr>\n<td>17<\/td>\n<td>Love Songs of the 70s<\/td>\n<td>2007<\/td>\n<\/tr>\n<tr>\n<td>18<\/td>\n<td>The Soundtrack Of My Life<\/td>\n<td>2014<\/td>\n<\/tr>\n<tr>\n<td><\/td>\n<td><\/td>\n<td><\/td>\n<\/tr>\n<\/tbody>\n<\/table>\n<p>&nbsp;<\/p>\n<\/div>\n<div class=\"cxmmr5t8 oygrvhab hcukyx3x c1et5uql o9v6fnle ii04i59q\" style=\"text-align: justify;\">\n<div dir=\"auto\">Cr\u00e9ditos tomados de Wikipedia:<\/div>\n<div dir=\"auto\"><a class=\"oajrlxb2 g5ia77u1 qu0x051f esr5mh6w e9989ue4 r7d6kgcz rq0escxv nhd2j8a9 nc684nl6 p7hjln8o kvgmc6g5 cxmmr5t8 oygrvhab hcukyx3x jb3vyjys rz4wbd8a qt6c0cv9 a8nywdso i1ao9s8h esuyzwwr f1sip0of lzcic4wl gpro0wi8 py34i1dx\" tabindex=\"0\" role=\"link\" href=\"https:\/\/l.facebook.com\/l.php?u=https%3A%2F%2Fes.wikipedia.org%2Fwiki%2FDonny_Osmond%3Ffbclid%3DIwAR04IEcABUVycsRMTZSzIvp9uxDMgGOqfLUw9jLobihLh9GuHsRX7Qxtp94&amp;h=AT0XMC2bRG06Y5ktId7CWCOnvUxTi8HyaZti_J6c5VKsOchWuZcio8mkTIearHZ1TvmqMzTGG6wxcA6jwzdZXM3UPmYmi_qNSnvybZWVHw-KWmFe7-1y_T_YHvkG_aXUYj8m&amp;__tn__=-UK-R&amp;c[0]=AT0J9vZ3RtQSBa3nJeEO3TLOTG8uL0GWQ4Ui4a4z4w0vyaXeSfH9Bp1ZJGwvUaTnJn_SiKAG9ylEJuaw-wT756H4ob31M-XD6Gd9cFNZY_R6osoJdPmRWfZyBwVb0q_VPn1T5zVfHV-MkFSftqxdRx8jClbweSIFkYqUmg\" target=\"_blank\" rel=\"nofollow noopener\">https:\/\/es.wikipedia.org\/wiki\/Donny_Osmond<\/a><\/div>\n<div dir=\"auto\"><\/div>\n<p>&nbsp;<\/p>\n<\/div>\n<div class=\"epyt-video-wrapper\"><iframe loading=\"lazy\"  id=\"_ytid_12879\"  width=\"618\" height=\"347\"  data-origwidth=\"618\" data-origheight=\"347\" src=\"https:\/\/www.youtube.com\/embed\/QNPip66WECw?enablejsapi=1&#038;autoplay=0&#038;cc_load_policy=0&#038;cc_lang_pref=&#038;iv_load_policy=1&#038;loop=0&#038;modestbranding=0&#038;rel=1&#038;fs=1&#038;playsinline=0&#038;autohide=2&#038;theme=dark&#038;color=red&#038;controls=1&#038;\" class=\"__youtube_prefs__  epyt-is-override  no-lazyload\" title=\"YouTube player\"  allow=\"fullscreen; accelerometer; autoplay; clipboard-write; encrypted-media; gyroscope; picture-in-picture\" allowfullscreen data-no-lazy=\"1\" data-skipgform_ajax_framebjll=\"\"><\/iframe><\/div>\n","protected":false},"excerpt":{"rendered":"<p>&nbsp; Fecha de Nacimiento: 9 de diciembre de 1957 &nbsp; Biograf\u00eda: &nbsp; Es un cantante, actor, personalidad radial, y ex\u00eddolo adolescente. Osmond tambi\u00e9n ha sido presentador de talk shows y programas de concursos, productor discogr\u00e1fico y autor. A mediados de los a\u00f1os sesenta, \u00e9l y cuatro de sus hermanos mayores ganaron fama como The Osmond. &hellip;<\/p>\n","protected":false},"author":1,"featured_media":0,"parent":0,"menu_order":0,"comment_status":"closed","ping_status":"closed","template":"","meta":{"footnotes":""},"class_list":["post-29157","page","type-page","status-publish",""],"jetpack_sharing_enabled":true,"_links":{"self":[{"href":"http:\/\/mickyandoniehn.com\/radio\/wp-json\/wp\/v2\/pages\/29157","targetHints":{"allow":["GET"]}}],"collection":[{"href":"http:\/\/mickyandoniehn.com\/radio\/wp-json\/wp\/v2\/pages"}],"about":[{"href":"http:\/\/mickyandoniehn.com\/radio\/wp-json\/wp\/v2\/types\/page"}],"author":[{"embeddable":true,"href":"http:\/\/mickyandoniehn.com\/radio\/wp-json\/wp\/v2\/users\/1"}],"replies":[{"embeddable":true,"href":"http:\/\/mickyandoniehn.com\/radio\/wp-json\/wp\/v2\/comments?post=29157"}],"version-history":[{"count":2,"href":"http:\/\/mickyandoniehn.com\/radio\/wp-json\/wp\/v2\/pages\/29157\/revisions"}],"predecessor-version":[{"id":30195,"href":"http:\/\/mickyandoniehn.com\/radio\/wp-json\/wp\/v2\/pages\/29157\/revisions\/30195"}],"wp:attachment":[{"href":"http:\/\/mickyandoniehn.com\/radio\/wp-json\/wp\/v2\/media?parent=29157"}],"curies":[{"name":"wp","href":"https:\/\/api.w.org\/{rel}","templated":true}]}}