{"id":29153,"date":"2022-08-29T08:25:30","date_gmt":"2022-08-29T14:25:30","guid":{"rendered":"https:\/\/mickyandoniehn.com\/radio\/?page_id=29153"},"modified":"2022-09-01T09:31:07","modified_gmt":"2022-09-01T15:31:07","slug":"cristian-castro","status":"publish","type":"page","link":"http:\/\/mickyandoniehn.com\/radio\/cristian-castro\/","title":{"rendered":"Cristian Castro"},"content":{"rendered":"<p style=\"text-align: justify;\"><img loading=\"lazy\" decoding=\"async\" class=\" wp-image-23974 aligncenter\" src=\"http:\/\/mickyandoniehn.com\/radio\/wp-content\/uploads\/2022\/08\/CRISTIAN-CASTRO.jpg\" alt=\"\" width=\"658\" height=\"493\" \/><\/p>\n<p>&nbsp;<\/p>\n<p style=\"text-align: justify;\"><strong>Fecha de Nacimiento:<\/strong> Ciudad de M\u00e9xico, 8 de diciembre de 1974<\/p>\n<p style=\"text-align: justify;\"><strong>Biografia<\/strong><\/p>\n<p style=\"text-align: justify;\">Cristian Castro ha cosechado una gran cantidad de \u00e9xitos a lo largo de su carrera, entre los cuales sobresalen 45 primeros lugares en el ranking del Top Latin Songs, lo que lo posiciona como el 3er cantante de habla hispana m\u00e1s destacado en la historia de Billboard, logrando, hasta la fecha, vender cerca de 25 millones de discos alrededor del mundo y hacerse acreedor a m\u00e1s de 65 Discos de Oro y 31 Discos de Platino, entre otros tantos honores.<\/p>\n<p style=\"text-align: justify;\">Cristian se ha presentado en los recintos m\u00e1s importantes a nivel mundial, tales como el Gibson Amphitheatre, Greek Theatre LA, James Knight Miami, Radio City Music Hall NY, el Auditorio Nacional de la Ciudad de M\u00e9xico, Auditorio Telmex GDL, Arena Monterrey MTY, Luna Park, Teatro Caupolican y en las m\u00e1s prestigiadas arenas y auditorios de habla hispana.<\/p>\n<p style=\"text-align: justify;\">Es hijo de la actriz Ver\u00f3nica Castro y del comediante Manuel &#8220;El Loco&#8221; Vald\u00e9s, su madre lo inscribe con sus apellidos &#8220;Sainz Castro&#8221; y con el nombre de Christian (con Ch, seg\u00fan ella, por su traducci\u00f3n en italiano), aunque con el tiempo optar\u00e1 por utilizar art\u00edsticamente el nombre en su variante en espa\u00f1ol, y solo el apellido de su abuela materna (Castro). Por diversos motivos, no conocer\u00e1 ni mantendr\u00e1 contacto con su padre hasta su adultez. Justamente, su familia est\u00e1 compuesta por su madre, su abuela y su hermano Michelle, siendo sus afectos m\u00e1s cercanos.<\/p>\n<p style=\"text-align: justify;\">Durante su infancia ingres\u00f3 en el ambiente art\u00edstico a muy temprana edad, realizando obras musicales, teatrales, participando en telenovelas incluso como protagonista, y programas de radio. Se puede decir que su carrera art\u00edstica se inici\u00f3 a los 6 a\u00f1os, puesto que a esa edad participa en la telenovela El Derecho de Nacer y al poco tiempo, bajo la gu\u00eda de su mam\u00e1, su t\u00eda Beatriz y su abuela, tambi\u00e9n logra ser locutor de radio y tener su propio programa; La Hora de Christian, debutando como cantante con la canci\u00f3n \u00abEl gallito feliz\u00bb que incluy\u00f3 en su primer disco titulado Kristian y sus pollitas.<\/p>\n<p style=\"text-align: justify;\">Posteriormente intervino en el festival Juguemos a Cantar y en la comedia musical Mame, por la que fue galardonado con los premios Heraldo, Palmas de Oro y la distinci\u00f3n otorgada por la Asociaci\u00f3n Nacional de Cr\u00edticos de Teatro de M\u00e9xico, como Mejor Actor Infantil de 1983.<\/p>\n<p style=\"text-align: justify;\">Con 12 a\u00f1os form\u00f3 una banda de rock llamada Deca, sin mayor impacto. En 1989 debutar\u00e1 en el Festival OTI de la Canci\u00f3n representando de manera impecable el tema \u00ab16 diciembres\u00bb; y aunque al poco tiempo decide retomar su faceta de actor en la telenovela Las secretas intenciones (1992), producida por Lucy Orozco Cristian sentir\u00e1 la necesidad de dedicarse plenamente a la m\u00fasica, su gran pasi\u00f3n.<\/p>\n<p style=\"text-align: justify;\">Christian Sainz Castro (Ciudad de M\u00e9xico, 8 de diciembre de 1974),3\u200bde nombre art\u00edstico Cristian Castro, es un cantante y actor mexicano, hijo de los actores Ver\u00f3nica Castro y Manuel \u00abEl Loco\u00bb Vald\u00e9s, y sobrino de los tambi\u00e9n actores Ram\u00f3n Vald\u00e9s (conocido por encarnar a Don Ram\u00f3n en El Chavo del 8) y Germ\u00e1n Vald\u00e9s \u00abTin-Tan\u00bb. De herencia familiar art\u00edstica, es tambi\u00e9n sobrino por parte de madre de Jos\u00e9 Alberto \u00abEl G\u00fcero\u00bb Castro, conocido productor de telenovelas de Televisa.<\/p>\n<p style=\"text-align: justify;\">Cristian creci\u00f3 en el n\u00facleo de su familia materna donde, impulsado por el h\u00e1bitat art\u00edstico que lo rodeaba, comenz\u00f3 desde muy temprana edad a incursionar en las artes a trav\u00e9s de la actuaci\u00f3n. Finalmente se decant\u00f3 por el canto.<\/p>\n<p style=\"text-align: justify;\"><strong>\u00a0<\/strong><\/p>\n<p style=\"text-align: justify;\"><strong>Wikipedia in English<\/strong><\/p>\n<p style=\"text-align: justify;\"><strong>Date of Birth:<\/strong> Mexico City, December 8, 1974<\/p>\n<p style=\"text-align: justify;\"><strong>Biography<\/strong><\/p>\n<p style=\"text-align: justify;\">Cristian Castro has reaped a large number of successes throughout his career, including 45 first places in the Top Latin Songs ranking, which positions him as the 3rd most prominent Spanish-speaking singer in the history of Billboard, achieving, to date, sell nearly 25 million records around the world and earn more than 65 Gold Records and 31 Platinum Records, among many other honors.<\/p>\n<p style=\"text-align: justify;\">Cristian has performed at the most important venues worldwide, such as the Gibson Amphitheater, Greek Theater LA, James Knight Miami, Radio City Music Hall NY, the National Auditorium of Mexico City, Auditorio Telmex GDL, Arena Monterrey MTY, Luna Park, Teatro Caupolican and in the most prestigious arenas and Spanish-speaking auditoriums.<\/p>\n<p style=\"text-align: justify;\">He is the son of the actress Ver\u00f3nica Castro and the comedian Manuel &#8220;El Loco&#8221; Vald\u00e9s, his mother inscribes him with his surname &#8220;Sainz Castro&#8221; and with the name of Christian (with Ch, according to her, for its Italian translation), although with time will choose to artistically use the name in its variant in Spanish, and only the surname of his maternal grandmother (Castro). For various reasons, he will not meet or maintain contact with his father until adulthood. Precisely, his family is made up of his mother, his grandmother and his brother Michelle, being his closest affections.<\/p>\n<p style=\"text-align: justify;\">During his childhood he entered the artistic environment at an early age, performing musical and theatrical works, participating in soap operas, including as a protagonist, and radio programs. It can be said that his artistic career began at the age of 6, since at that age he participated in the telenovela El Derecho de Nacer and soon after, under the guidance of his mother, his aunt Beatriz and his grandmother, he also managed to be an announcer radio and have your own program; La Hora de Christian, debuting as a singer with the song &#8220;El gallito feliz&#8221; that he included on his first album entitled Kristian y sus pollitas.<\/p>\n<p style=\"text-align: justify;\">Later he took part in the Juguemos a Cantar festival and in the musical comedy Mame, for which he was awarded the Heraldo, Palmas de Oro awards and the distinction granted by the National Association of Theater Critics of Mexico, as Best Child Actor of 1983.<\/p>\n<p style=\"text-align: justify;\">At the age of 12 he formed a rock band called Deca, without much impact. In 1989 he made his debut at the OTI Song Festival, flawlessly representing the theme &#8220;16 diciembres&#8221;; and although soon after he decides to resume his acting role in the telenovela Las secretas intenciones (1992), produced by Lucy Orozco, Cristian will feel the need to dedicate himself fully to music, his great passion.<\/p>\n<p style=\"text-align: justify;\">Christian Sainz Castro (Mexico City, December 8, 1974), 3 of the stage name Cristian Castro, is a Mexican singer and actor, son of the actors Ver\u00f3nica Castro and Manuel \u00abEl Loco\u00bb Vald\u00e9s, and nephew of the also actors Ram\u00f3n Vald\u00e9s (known for playing Don Ram\u00f3n in El Chavo del 8) and Germ\u00e1n Vald\u00e9s \u00abTin-Tan\u00bb. Of artistic family heritage, he is also the nephew of Jos\u00e9 Alberto &#8220;El G\u00fcero&#8221; Castro, a well-known producer of Televisa soap operas.<\/p>\n<p style=\"text-align: justify;\">Cristian grew up in the nucleus of his maternal family where, driven by the artistic habitat that surrounded him, he began from an early age to dabble in the arts through acting. Finally he opted for singing.<\/p>\n<p style=\"text-align: justify;\"><strong>Discograf\u00eda<\/strong><\/p>\n<table width=\"695\">\n<tbody>\n<tr>\n<td style=\"text-align: center;\" width=\"237\"><strong>G\u00e9nero Balada Rom\u00e1ntica, pop latino, pop rock, bolero, ranchera, mariachi, rock latino, rock alternativo, hard rock<\/strong><\/td>\n<td style=\"text-align: center;\" width=\"368\"><strong>Escuchar tema<\/strong><\/td>\n<td style=\"text-align: center;\" width=\"90\"><strong>A\u00f1o de Publicaci\u00f3n<\/strong><\/td>\n<\/tr>\n<tr>\n<td style=\"text-align: center;\"><\/td>\n<td style=\"text-align: center;\"><strong>Agua Nueva<\/strong><\/td>\n<td style=\"text-align: center;\"><strong>1992<\/strong><\/td>\n<\/tr>\n<tr>\n<td>1<\/td>\n<td>Agua Nueva<\/td>\n<td><\/td>\n<\/tr>\n<tr>\n<td>2<\/td>\n<td>Solo Dame Una Noche (Tamin &#8216;The Wild Night)<\/td>\n<td><\/td>\n<\/tr>\n<tr>\n<td>3<\/td>\n<td>Siempre Estar\u00e1s Conmigo<\/td>\n<td><\/td>\n<\/tr>\n<tr>\n<td>4<\/td>\n<td>Ser\u00e1 El Amor<\/td>\n<td><\/td>\n<\/tr>\n<tr>\n<td>5<\/td>\n<td>Ritual<\/td>\n<td><\/td>\n<\/tr>\n<tr>\n<td>6<\/td>\n<td>No Podr\u00e1s<\/td>\n<td><\/td>\n<\/tr>\n<tr>\n<td>7<\/td>\n<td>Diez Mil L\u00e1grimas<\/td>\n<td><\/td>\n<\/tr>\n<tr>\n<td>8<\/td>\n<td>Junto A T\u00ed<\/td>\n<td><\/td>\n<\/tr>\n<tr>\n<td>9<\/td>\n<td>Se\u00f1ora, Por Favor<\/td>\n<td><\/td>\n<\/tr>\n<tr>\n<td>10<\/td>\n<td>Progr\u00e1mame En Tu Mente<\/td>\n<td><\/td>\n<\/tr>\n<tr>\n<td><\/td>\n<td><\/td>\n<td><\/td>\n<\/tr>\n<tr>\n<td style=\"text-align: center;\"><\/td>\n<td style=\"text-align: center;\"><strong>Un Segundo Tiempo<\/strong><\/td>\n<td style=\"text-align: center;\"><strong>1993<\/strong><\/td>\n<\/tr>\n<tr>\n<td>1<\/td>\n<td>Por Amor A Ti<\/td>\n<td><\/td>\n<\/tr>\n<tr>\n<td>2<\/td>\n<td>Es Mejor As\u00ed<\/td>\n<td><\/td>\n<\/tr>\n<tr>\n<td>3<\/td>\n<td>Soja<\/td>\n<td><\/td>\n<\/tr>\n<tr>\n<td>4<\/td>\n<td>Lo Voy A Intentar<\/td>\n<td><\/td>\n<\/tr>\n<tr>\n<td>5<\/td>\n<td>Puerto Rico<\/td>\n<td><\/td>\n<\/tr>\n<tr>\n<td>6<\/td>\n<td>Canta Una Cancion<\/td>\n<td><\/td>\n<\/tr>\n<tr>\n<td>7<\/td>\n<td>Nunca Voy A Olvidarte<\/td>\n<td><\/td>\n<\/tr>\n<tr>\n<td>8<\/td>\n<td>Mujer Especial<\/td>\n<td><\/td>\n<\/tr>\n<tr>\n<td>9<\/td>\n<td>Fuiste Mia<\/td>\n<td><\/td>\n<\/tr>\n<tr>\n<td>10<\/td>\n<td>Un Segundo<\/td>\n<td><\/td>\n<\/tr>\n<tr>\n<td>11<\/td>\n<td>Nunca Jam\u00e1s<\/td>\n<td><\/td>\n<\/tr>\n<tr>\n<td><\/td>\n<td><\/td>\n<td><\/td>\n<\/tr>\n<tr>\n<td style=\"text-align: center;\"><\/td>\n<td style=\"text-align: center;\"><strong>El Camino del Alma<\/strong><\/td>\n<td style=\"text-align: center;\"><strong>1994<\/strong><\/td>\n<\/tr>\n<tr>\n<td>1<\/td>\n<td>Azul Gris<\/td>\n<td><\/td>\n<\/tr>\n<tr>\n<td>2<\/td>\n<td>Con Tu Amor<\/td>\n<td><\/td>\n<\/tr>\n<tr>\n<td>3<\/td>\n<td>Estas Mintiendo<\/td>\n<td><\/td>\n<\/tr>\n<tr>\n<td>4<\/td>\n<td>Ma\u00f1ana<\/td>\n<td><\/td>\n<\/tr>\n<tr>\n<td>5<\/td>\n<td>Piel Y Seda<\/td>\n<td><\/td>\n<\/tr>\n<tr>\n<td>6<\/td>\n<td>Con Esa Morena<\/td>\n<td><\/td>\n<\/tr>\n<tr>\n<td>7<\/td>\n<td>Yo Sigo Aqui<\/td>\n<td><\/td>\n<\/tr>\n<tr>\n<td>8<\/td>\n<td>Tu Me Llenas<\/td>\n<td><\/td>\n<\/tr>\n<tr>\n<td>9<\/td>\n<td>Mi Querido Amor<\/td>\n<td><\/td>\n<\/tr>\n<tr>\n<td>10<\/td>\n<td>No Te Vayas Amor<\/td>\n<td><\/td>\n<\/tr>\n<tr>\n<td>11<\/td>\n<td>Azul Gris (Instrumental)<\/td>\n<td><\/td>\n<\/tr>\n<tr>\n<td><\/td>\n<td><\/td>\n<td><\/td>\n<\/tr>\n<tr>\n<td style=\"text-align: center;\"><\/td>\n<td style=\"text-align: center;\"><strong>El Deseo De O\u00edr Tu Voz<\/strong><\/td>\n<td style=\"text-align: center;\"><strong>1996<\/strong><\/td>\n<\/tr>\n<tr>\n<td>1<\/td>\n<td>Amarte A Ti<\/td>\n<td><\/td>\n<\/tr>\n<tr>\n<td>2<\/td>\n<td>Esper\u00e1ndote<\/td>\n<td><\/td>\n<\/tr>\n<tr>\n<td>3<\/td>\n<td>Amor<\/td>\n<td><\/td>\n<\/tr>\n<tr>\n<td>4<\/td>\n<td>Una Y Mil Veces<\/td>\n<td><\/td>\n<\/tr>\n<tr>\n<td>5<\/td>\n<td>Only YOUUU<\/td>\n<td><\/td>\n<\/tr>\n<tr>\n<td>6<\/td>\n<td>Como Nube En El Viento<\/td>\n<td><\/td>\n<\/tr>\n<tr>\n<td>7<\/td>\n<td>El Deseo De O\u00edr Tu Voz<\/td>\n<td><\/td>\n<\/tr>\n<tr>\n<td>8<\/td>\n<td>Dame un beso<\/td>\n<td><\/td>\n<\/tr>\n<tr>\n<td>9<\/td>\n<td>No Puedo Arrancarte De M\u00ed<\/td>\n<td><\/td>\n<\/tr>\n<tr>\n<td>10<\/td>\n<td>As\u00ed Es El Calor<\/td>\n<td><\/td>\n<\/tr>\n<tr>\n<td>11<\/td>\n<td>\u00d3diame<\/td>\n<td><\/td>\n<\/tr>\n<tr>\n<td><\/td>\n<td><\/td>\n<td><\/td>\n<\/tr>\n<tr>\n<td style=\"text-align: center;\"><\/td>\n<td style=\"text-align: center;\"><strong>Lo Mejor de Mi<\/strong><\/td>\n<td style=\"text-align: center;\"><strong>1997<\/strong><\/td>\n<\/tr>\n<tr>\n<td>1<\/td>\n<td>Lo Mejor De M\u00ed<\/td>\n<td><\/td>\n<\/tr>\n<tr>\n<td>2<\/td>\n<td>Se Mi Aire<\/td>\n<td><\/td>\n<\/tr>\n<tr>\n<td>3<\/td>\n<td>Nadie<\/td>\n<td><\/td>\n<\/tr>\n<tr>\n<td>4<\/td>\n<td>Si T\u00fa Me Amaras<\/td>\n<td><\/td>\n<\/tr>\n<tr>\n<td>5<\/td>\n<td>Llorar\u00e9<\/td>\n<td><\/td>\n<\/tr>\n<tr>\n<td>6<\/td>\n<td>Amaneciendo En Ti<\/td>\n<td><\/td>\n<\/tr>\n<tr>\n<td>7<\/td>\n<td>Yo Tomas, Yo Sueltas<\/td>\n<td><\/td>\n<\/tr>\n<tr>\n<td>8<\/td>\n<td>Necesitas Amor<\/td>\n<td><\/td>\n<\/tr>\n<tr>\n<td>9<\/td>\n<td>Ser\u00e9 Para Ti<\/td>\n<td><\/td>\n<\/tr>\n<tr>\n<td>10<\/td>\n<td>Si Acaba Bien<\/td>\n<td><\/td>\n<\/tr>\n<tr>\n<td>11<\/td>\n<td>En D\u00f3nde Est\u00e1s T\u00fa<\/td>\n<td><\/td>\n<\/tr>\n<tr>\n<td>12<\/td>\n<td>Lloran Las Rosas<\/td>\n<td><\/td>\n<\/tr>\n<tr>\n<td>13<\/td>\n<td>Despu\u00e9s De Ti &#8230; \u00bfQue?<\/td>\n<td><\/td>\n<\/tr>\n<tr>\n<td><\/td>\n<td><\/td>\n<td><\/td>\n<\/tr>\n<\/tbody>\n<\/table>\n<p>&nbsp;<\/p>\n<div class=\"epyt-video-wrapper\"><iframe loading=\"lazy\"  id=\"_ytid_15360\"  width=\"618\" height=\"347\"  data-origwidth=\"618\" data-origheight=\"347\" src=\"https:\/\/www.youtube.com\/embed\/uVBoeDHaNP0?enablejsapi=1&#038;autoplay=0&#038;cc_load_policy=0&#038;cc_lang_pref=&#038;iv_load_policy=1&#038;loop=0&#038;modestbranding=0&#038;rel=1&#038;fs=1&#038;playsinline=0&#038;autohide=2&#038;theme=dark&#038;color=red&#038;controls=1&#038;\" class=\"__youtube_prefs__  epyt-is-override  no-lazyload\" title=\"YouTube player\"  allow=\"fullscreen; accelerometer; autoplay; clipboard-write; encrypted-media; gyroscope; picture-in-picture\" allowfullscreen data-no-lazy=\"1\" data-skipgform_ajax_framebjll=\"\"><\/iframe><\/div>\n","protected":false},"excerpt":{"rendered":"<p>&nbsp; Fecha de Nacimiento: Ciudad de M\u00e9xico, 8 de diciembre de 1974 Biografia Cristian Castro ha cosechado una gran cantidad de \u00e9xitos a lo largo de su carrera, entre los cuales sobresalen 45 primeros lugares en el ranking del Top Latin Songs, lo que lo posiciona como el 3er cantante de habla hispana m\u00e1s destacado &hellip;<\/p>\n","protected":false},"author":1,"featured_media":0,"parent":0,"menu_order":0,"comment_status":"closed","ping_status":"closed","template":"","meta":{"footnotes":""},"class_list":["post-29153","page","type-page","status-publish",""],"jetpack_sharing_enabled":true,"_links":{"self":[{"href":"http:\/\/mickyandoniehn.com\/radio\/wp-json\/wp\/v2\/pages\/29153","targetHints":{"allow":["GET"]}}],"collection":[{"href":"http:\/\/mickyandoniehn.com\/radio\/wp-json\/wp\/v2\/pages"}],"about":[{"href":"http:\/\/mickyandoniehn.com\/radio\/wp-json\/wp\/v2\/types\/page"}],"author":[{"embeddable":true,"href":"http:\/\/mickyandoniehn.com\/radio\/wp-json\/wp\/v2\/users\/1"}],"replies":[{"embeddable":true,"href":"http:\/\/mickyandoniehn.com\/radio\/wp-json\/wp\/v2\/comments?post=29153"}],"version-history":[{"count":2,"href":"http:\/\/mickyandoniehn.com\/radio\/wp-json\/wp\/v2\/pages\/29153\/revisions"}],"predecessor-version":[{"id":30170,"href":"http:\/\/mickyandoniehn.com\/radio\/wp-json\/wp\/v2\/pages\/29153\/revisions\/30170"}],"wp:attachment":[{"href":"http:\/\/mickyandoniehn.com\/radio\/wp-json\/wp\/v2\/media?parent=29153"}],"curies":[{"name":"wp","href":"https:\/\/api.w.org\/{rel}","templated":true}]}}