{"id":29151,"date":"2022-08-29T08:24:56","date_gmt":"2022-08-29T14:24:56","guid":{"rendered":"https:\/\/mickyandoniehn.com\/radio\/?page_id=29151"},"modified":"2022-09-01T12:02:28","modified_gmt":"2022-09-01T18:02:28","slug":"sammy-davis-jr","status":"publish","type":"page","link":"http:\/\/mickyandoniehn.com\/radio\/sammy-davis-jr\/","title":{"rendered":"Sammy Davis Jr."},"content":{"rendered":"<div class=\"cxmmr5t8 oygrvhab hcukyx3x c1et5uql o9v6fnle ii04i59q\">\n<div dir=\"auto\" style=\"text-align: justify;\"><\/div>\n<\/div>\n<div dir=\"auto\" style=\"text-align: justify;\">\n<div class=\"cxmmr5t8 oygrvhab hcukyx3x c1et5uql o9v6fnle ii04i59q\">\n<div dir=\"auto\" style=\"text-align: justify;\"><img loading=\"lazy\" decoding=\"async\" class=\" wp-image-23975 aligncenter\" src=\"http:\/\/mickyandoniehn.com\/radio\/wp-content\/uploads\/2022\/08\/Sammy-Davis-Jr.-297x300.jpg\" alt=\"\" width=\"614\" height=\"621\" \/><\/div>\n<p>&nbsp;<\/p>\n<div dir=\"auto\"><\/div>\n<\/div>\n<div dir=\"auto\" style=\"text-align: justify;\"><\/div>\n<div class=\"cxmmr5t8 oygrvhab hcukyx3x c1et5uql o9v6fnle ii04i59q\">\n<div dir=\"auto\" style=\"text-align: justify;\"><strong>Fecha de Nacimiento:<\/strong> 8 de diciembre de 1925<\/div>\n<p>&nbsp;<\/p>\n<div dir=\"auto\"><\/div>\n<div dir=\"auto\"><\/div>\n<div dir=\"auto\" style=\"text-align: justify;\"><strong>Fecha de Fallecimiento:<\/strong> 16 de mayo de 1990 (64 a\u00f1os)<\/div>\n<p>&nbsp;<\/p>\n<div dir=\"auto\"><\/div>\n<div dir=\"auto\"><\/div>\n<\/div>\n<div class=\"cxmmr5t8 oygrvhab hcukyx3x c1et5uql o9v6fnle ii04i59q\" style=\"text-align: justify;\">\n<div dir=\"auto\"><strong>Biograf\u00eda<\/strong><\/div>\n<p>&nbsp;<\/p>\n<div dir=\"auto\"><\/div>\n<div dir=\"auto\"><\/div>\n<div dir=\"auto\">Fue un cantante, m\u00fasico multi-instrumentista (vibr\u00e1fono, trompeta y bater\u00eda), bailar\u00edn, actor y comediante estadounidense. Fue parte del &#8220;Rat Pack&#8221; que dentro de sus miembros contaba con Frank Sinatra, Dean Martin, Peter Lawford y Joey Bishop.<\/div>\n<p>&nbsp;<\/p>\n<div dir=\"auto\"><\/div>\n<\/div>\n<div class=\"cxmmr5t8 oygrvhab hcukyx3x c1et5uql o9v6fnle ii04i59q\" style=\"text-align: justify;\">\n<div dir=\"auto\">Naci\u00f3 en Harlem, Nueva York, hijo de Elvera S\u00e1nchez y de Sammy Davis, Sr., los dos formaban pareja de baile de vodevil. Durante sus primeros tres a\u00f1os estuvo b\u00e1sicamente a cargo de su abuela y, cuando sus padres se separaron, para no perder su custodia, el padre se lo llev\u00f3 de gira. De \u00e9l y de su t\u00edo Will Mastin aprendi\u00f3 a bailar, terminando por formar con ellos el Will Mastin Trio.<\/div>\n<p>&nbsp;<\/p>\n<div dir=\"auto\"><\/div>\n<\/div>\n<div class=\"cxmmr5t8 oygrvhab hcukyx3x c1et5uql o9v6fnle ii04i59q\" style=\"text-align: justify;\">\n<div dir=\"auto\">Aunque constantemente protegido por Mastin y su padre de los ataques racistas, durante su alistamiento en el ej\u00e9rcito norteamericano en el periodo de la Segunda Guerra Mundial, Davis sufri\u00f3 inevitablemente el ser objeto de fuertes prejuicios raciales. Esta situaci\u00f3n, constante a lo largo de buena parte de su carrera, consigui\u00f3 ser suavizada por su talento art\u00edstico, mediante su participaci\u00f3n en un grupo de espect\u00e1culo dentro del ej\u00e9rcito.<\/div>\n<div dir=\"auto\"><\/div>\n<p>&nbsp;<\/p>\n<\/div>\n<div class=\"cxmmr5t8 oygrvhab hcukyx3x c1et5uql o9v6fnle ii04i59q\" style=\"text-align: justify;\">\n<div dir=\"auto\">El ic\u00f3nico int\u00e9rprete tambi\u00e9n public\u00f3 un flujo constante de \u00e1lbumes en Decca y Reprise (Davis fue el primer artista que firm\u00f3 para la segunda discogr\u00e1fica, que fue lanzada por Sinatra).<\/div>\n<p>&nbsp;<\/p>\n<div dir=\"auto\"><\/div>\n<div dir=\"auto\">Davis fue nominado para el Grammy a Mejor Canci\u00f3n del A\u00f1o por la canci\u00f3n &#8220;What Kind of Fool Am I ?&#8221;, que alcanz\u00f3 el Top 20 de la las listas de \u00e9xitos Billboard tambi\u00e9n. Lo acompa\u00f1aba en el escenario con actuaciones en directo para ganarse los honores, como se ha visto con su actuaci\u00f3n durante su nominaci\u00f3n al premio Tony en 1964 por su musical Golden Boy.<\/div>\n<p>&nbsp;<\/p>\n<div dir=\"auto\"><\/div>\n<\/div>\n<div class=\"cxmmr5t8 oygrvhab hcukyx3x c1et5uql o9v6fnle ii04i59q\" style=\"text-align: justify;\">\n<div dir=\"auto\"><strong>Wikipedia in English<\/strong><\/div>\n<p>&nbsp;<\/p>\n<div dir=\"auto\"><\/div>\n<\/div>\n<div class=\"cxmmr5t8 oygrvhab hcukyx3x c1et5uql o9v6fnle ii04i59q\" style=\"text-align: justify;\">\n<div dir=\"auto\"><strong>Date of Birth:<\/strong> December 08, 1925<\/div>\n<p>&nbsp;<\/p>\n<div dir=\"auto\"><\/div>\n<div dir=\"auto\"><strong>Date of Death:<\/strong> May 16, 1990 (age 64)<\/div>\n<p>&nbsp;<\/p>\n<div dir=\"auto\"><\/div>\n<\/div>\n<div class=\"cxmmr5t8 oygrvhab hcukyx3x c1et5uql o9v6fnle ii04i59q\" style=\"text-align: justify;\">\n<div dir=\"auto\"><strong>Biography<\/strong><\/div>\n<p>&nbsp;<\/p>\n<div dir=\"auto\"><\/div>\n<div dir=\"auto\">He was an American singer, multi-instrumentalist musician (vibraphone, trumpet, and drums), dancer, actor, and comedian. He was part of the &#8220;Rat Pack&#8221; that among its members included Frank Sinatra, Dean Martin, Peter Lawford and Joey Bishop.<\/div>\n<p>&nbsp;<\/p>\n<div dir=\"auto\"><\/div>\n<\/div>\n<div class=\"cxmmr5t8 oygrvhab hcukyx3x c1et5uql o9v6fnle ii04i59q\" style=\"text-align: justify;\">\n<div dir=\"auto\">He was born in Harlem, New York, the son of Elvera S\u00e1nchez and Sammy Davis, Sr., the two were a vaudeville dance couple. For the first three years he was basically in charge of his grandmother and, when his parents separated, so as not to lose custody of him, his father took him on tour. From him and his uncle Will Mastin learned to dance, eventually forming the Will Mastin Trio with them.<\/div>\n<p>&nbsp;<\/p>\n<div dir=\"auto\"><\/div>\n<\/div>\n<div class=\"cxmmr5t8 oygrvhab hcukyx3x c1et5uql o9v6fnle ii04i59q\" style=\"text-align: justify;\">\n<div dir=\"auto\">Although constantly protected by Mastin and his father from racist attacks, during his enlistment in the US Army in the period of World War II, Davis inevitably suffered from strong racial prejudice.<\/div>\n<p>&nbsp;<\/p>\n<div dir=\"auto\"><\/div>\n<div dir=\"auto\">This situation, constant throughout much of his career, managed to be softened by his artistic talent, through his participation in a show group within the army.<\/div>\n<p>&nbsp;<\/p>\n<div dir=\"auto\"><\/div>\n<\/div>\n<div class=\"cxmmr5t8 oygrvhab hcukyx3x c1et5uql o9v6fnle ii04i59q\" style=\"text-align: justify;\">\n<div dir=\"auto\">The iconic performer also released a steady stream of albums on Decca and Reprise (Davis was the first artist to be signed to the second label, which was released by Sinatra). Davis was nominated for a Grammy for Best Song of the Year for the song &#8220;What Kind of Fool Am I?&#8221;, Which reached the Top 20 on the Billboard charts as well. He accompanied him on stage with live performances to earn the honors, as seen with his performance during his 1964 Tony Award nomination for his musical Golden Boy.<\/div>\n<p>&nbsp;<\/p>\n<\/div>\n<div class=\"cxmmr5t8 oygrvhab hcukyx3x c1et5uql o9v6fnle ii04i59q\" style=\"text-align: justify;\">\n<div dir=\"auto\">\n<p><strong>Discograf\u00eda\u00a0<\/strong><\/p>\n<table width=\"459\">\n<tbody>\n<tr>\n<td style=\"text-align: center;\" width=\"80\"><strong>G\u00e9nero\u00a0 Jazz, m\u00fasica pop tradicional<\/strong><\/td>\n<td style=\"text-align: center;\" width=\"299\"><strong>Escuchar Tema<\/strong><\/td>\n<td style=\"text-align: center;\" width=\"80\"><strong>A\u00f1o de Publicaci\u00f3n<\/strong><\/td>\n<\/tr>\n<tr>\n<td><\/td>\n<td><\/td>\n<td><\/td>\n<\/tr>\n<tr>\n<td>1<\/td>\n<td>Just for Lovers<\/td>\n<td>1955<\/td>\n<\/tr>\n<tr>\n<td>2<\/td>\n<td>Starring Sammy Davis Jr.<\/td>\n<td>1955<\/td>\n<\/tr>\n<tr>\n<td>3<\/td>\n<td>Mr. Wonderful<\/td>\n<td>1956<\/td>\n<\/tr>\n<tr>\n<td>4<\/td>\n<td>Here&#8217;s Looking at You<\/td>\n<td>1956<\/td>\n<\/tr>\n<tr>\n<td>5<\/td>\n<td>Boy Meets Girl<\/td>\n<td>1957<\/td>\n<\/tr>\n<tr>\n<td>6<\/td>\n<td>Sammy Swings<\/td>\n<td>1957<\/td>\n<\/tr>\n<tr>\n<td>7<\/td>\n<td>Mood to Be Wooed<\/td>\n<td>1958<\/td>\n<\/tr>\n<tr>\n<td>8<\/td>\n<td>Porgy and Bess<\/td>\n<td>1959<\/td>\n<\/tr>\n<tr>\n<td>9<\/td>\n<td>Sammy Davis Jr. at Town Hall<\/td>\n<td>1959<\/td>\n<\/tr>\n<tr>\n<td>10<\/td>\n<td>Got a Right to Swing<\/td>\n<td>1960<\/td>\n<\/tr>\n<tr>\n<td>11<\/td>\n<td>Sammy Awards<\/td>\n<td>1960<\/td>\n<\/tr>\n<tr>\n<td>12<\/td>\n<td>Mr. Entertainment<\/td>\n<td>1961<\/td>\n<\/tr>\n<tr>\n<td>13<\/td>\n<td>Forget-Me-Nots for First Nighters<\/td>\n<td>1963<\/td>\n<\/tr>\n<tr>\n<td>14<\/td>\n<td>Try a Little Tenderness<\/td>\n<td>1965<\/td>\n<\/tr>\n<tr>\n<td><\/td>\n<td><\/td>\n<td><\/td>\n<\/tr>\n<\/tbody>\n<\/table>\n<p>&nbsp;<\/p>\n<\/div>\n<\/div>\n<div class=\"cxmmr5t8 oygrvhab hcukyx3x c1et5uql o9v6fnle ii04i59q\" style=\"text-align: justify;\">\n<div dir=\"auto\"><\/div>\n<\/div>\n<div class=\"cxmmr5t8 oygrvhab hcukyx3x c1et5uql o9v6fnle ii04i59q\" style=\"text-align: justify;\">\n<div dir=\"auto\">Cr\u00e9ditos tomados de Wikipedia:<\/div>\n<div dir=\"auto\"><a class=\"oajrlxb2 g5ia77u1 qu0x051f esr5mh6w e9989ue4 r7d6kgcz rq0escxv nhd2j8a9 nc684nl6 p7hjln8o kvgmc6g5 cxmmr5t8 oygrvhab hcukyx3x jb3vyjys rz4wbd8a qt6c0cv9 a8nywdso i1ao9s8h esuyzwwr f1sip0of lzcic4wl gpro0wi8 py34i1dx\" tabindex=\"0\" role=\"link\" href=\"https:\/\/en.wikipedia.org\/wiki\/Sammy_Davis_Jr?fbclid=IwAR31aSUS1mL5DpDU5uDIXn8J8af-RDBaRd0vWvW0T4zJHD80obkRn4h40ag\" target=\"_blank\" rel=\"nofollow noopener\">https:\/\/en.wikipedia.org\/wiki\/Sammy_Davis_Jr<\/a>.<\/div>\n<\/div>\n<p>&nbsp;<\/p>\n<div dir=\"auto\" style=\"text-align: justify;\"><\/div>\n<div class=\"epyt-video-wrapper\"><iframe loading=\"lazy\"  id=\"_ytid_83359\"  width=\"618\" height=\"347\"  data-origwidth=\"618\" data-origheight=\"347\" src=\"https:\/\/www.youtube.com\/embed\/xBIKYc3Xeyw?enablejsapi=1&#038;autoplay=0&#038;cc_load_policy=0&#038;cc_lang_pref=&#038;iv_load_policy=1&#038;loop=0&#038;modestbranding=0&#038;rel=1&#038;fs=1&#038;playsinline=0&#038;autohide=2&#038;theme=dark&#038;color=red&#038;controls=1&#038;\" class=\"__youtube_prefs__  epyt-is-override  no-lazyload\" title=\"YouTube player\"  allow=\"fullscreen; accelerometer; autoplay; clipboard-write; encrypted-media; gyroscope; picture-in-picture\" allowfullscreen data-no-lazy=\"1\" data-skipgform_ajax_framebjll=\"\"><\/iframe><\/div>\n<div class=\"cxmmr5t8 oygrvhab hcukyx3x c1et5uql o9v6fnle ii04i59q\" style=\"text-align: justify;\"><\/div>\n<div dir=\"auto\" style=\"text-align: justify;\"><\/div>\n<div dir=\"auto\" style=\"text-align: justify;\"><\/div>\n<div dir=\"auto\" style=\"text-align: justify;\"><\/div>\n<\/div>\n","protected":false},"excerpt":{"rendered":"<p>&nbsp; Fecha de Nacimiento: 8 de diciembre de 1925 &nbsp; Fecha de Fallecimiento: 16 de mayo de 1990 (64 a\u00f1os) &nbsp; Biograf\u00eda &nbsp; Fue un cantante, m\u00fasico multi-instrumentista (vibr\u00e1fono, trompeta y bater\u00eda), bailar\u00edn, actor y comediante estadounidense. Fue parte del &#8220;Rat Pack&#8221; que dentro de sus miembros contaba con Frank Sinatra, Dean Martin, Peter Lawford &hellip;<\/p>\n","protected":false},"author":1,"featured_media":0,"parent":0,"menu_order":0,"comment_status":"closed","ping_status":"closed","template":"","meta":{"footnotes":""},"class_list":["post-29151","page","type-page","status-publish",""],"jetpack_sharing_enabled":true,"_links":{"self":[{"href":"http:\/\/mickyandoniehn.com\/radio\/wp-json\/wp\/v2\/pages\/29151","targetHints":{"allow":["GET"]}}],"collection":[{"href":"http:\/\/mickyandoniehn.com\/radio\/wp-json\/wp\/v2\/pages"}],"about":[{"href":"http:\/\/mickyandoniehn.com\/radio\/wp-json\/wp\/v2\/types\/page"}],"author":[{"embeddable":true,"href":"http:\/\/mickyandoniehn.com\/radio\/wp-json\/wp\/v2\/users\/1"}],"replies":[{"embeddable":true,"href":"http:\/\/mickyandoniehn.com\/radio\/wp-json\/wp\/v2\/comments?post=29151"}],"version-history":[{"count":3,"href":"http:\/\/mickyandoniehn.com\/radio\/wp-json\/wp\/v2\/pages\/29151\/revisions"}],"predecessor-version":[{"id":30513,"href":"http:\/\/mickyandoniehn.com\/radio\/wp-json\/wp\/v2\/pages\/29151\/revisions\/30513"}],"wp:attachment":[{"href":"http:\/\/mickyandoniehn.com\/radio\/wp-json\/wp\/v2\/media?parent=29151"}],"curies":[{"name":"wp","href":"https:\/\/api.w.org\/{rel}","templated":true}]}}