{"id":29138,"date":"2022-08-29T08:17:37","date_gmt":"2022-08-29T14:17:37","guid":{"rendered":"https:\/\/mickyandoniehn.com\/radio\/?page_id=29138"},"modified":"2022-09-01T09:35:31","modified_gmt":"2022-09-01T15:35:31","slug":"dave-brubeck","status":"publish","type":"page","link":"http:\/\/mickyandoniehn.com\/radio\/dave-brubeck\/","title":{"rendered":"Dave Brubeck"},"content":{"rendered":"<p style=\"text-align: justify;\"><img loading=\"lazy\" decoding=\"async\" class=\" wp-image-23978 aligncenter\" src=\"http:\/\/mickyandoniehn.com\/radio\/wp-content\/uploads\/2022\/08\/Dave-Brubeck-300x225.jpg\" alt=\"\" width=\"639\" height=\"480\" srcset=\"http:\/\/mickyandoniehn.com\/radio\/wp-content\/uploads\/2022\/08\/Dave-Brubeck-300x225.jpg 300w, http:\/\/mickyandoniehn.com\/radio\/wp-content\/uploads\/2022\/08\/Dave-Brubeck.jpg 679w\" sizes=\"auto, (max-width: 639px) 100vw, 639px\" \/><\/p>\n<p>&nbsp;<\/p>\n<div class=\"cxmmr5t8 oygrvhab hcukyx3x c1et5uql o9v6fnle ii04i59q\" style=\"text-align: justify;\">\n<div dir=\"auto\"><strong>Fecha de Nacimiento:<\/strong> 6 de diciembre de 1920<\/div>\n<p>&nbsp;<\/p>\n<div dir=\"auto\"><\/div>\n<div dir=\"auto\"><strong>Fecha de Fallecimiento:<\/strong> 5 de diciembre de 2012<\/div>\n<p>&nbsp;<\/p>\n<div dir=\"auto\"><\/div>\n<\/div>\n<div class=\"cxmmr5t8 oygrvhab hcukyx3x c1et5uql o9v6fnle ii04i59q\" style=\"text-align: justify;\">\n<div dir=\"auto\"><strong>Biograf\u00eda<\/strong><\/div>\n<p>&nbsp;<\/p>\n<div dir=\"auto\"><\/div>\n<div dir=\"auto\">Fue un pianista y compositor estadounidense de jazz. Fue uno de los principales representantes del cool jazz, en su l\u00ednea principal (West Coast jazz) y uno de los m\u00fasicos de jazz m\u00e1s populares entre los no aficionados. Lider\u00f3 en los cincuenta y sesenta el Dave Brubeck Quartet, que alcanz\u00f3 un gran \u00e9xito.<\/div>\n<p>&nbsp;<\/p>\n<div dir=\"auto\"><\/div>\n<\/div>\n<div class=\"cxmmr5t8 oygrvhab hcukyx3x c1et5uql o9v6fnle ii04i59q\" style=\"text-align: justify;\">\n<div dir=\"auto\">Brubeck escribi\u00f3 numerosos est\u00e1ndares del jazz, entre los que se incluyen In Your Own Sweet Way y The Duke. El estilo de Brubeck oscilaba entre lo refinado y lo exuberante, reflejando influencias de la m\u00fasica cl\u00e1sica y atrevi\u00e9ndose con la improvisaci\u00f3n. En mucha de su m\u00fasica experiment\u00f3 con el comp\u00e1s, grabando Pick Up Sticks en 6\/4, Unsquare Dance en 7\/4 y &#8220;Blue Rondo \u00e0 la Turk&#8221; en 9\/8.<\/div>\n<p>&nbsp;<\/p>\n<div dir=\"auto\"><\/div>\n<\/div>\n<div class=\"cxmmr5t8 oygrvhab hcukyx3x c1et5uql o9v6fnle ii04i59q\" style=\"text-align: justify;\">\n<div dir=\"auto\">Su habitual compa\u00f1ero musical, el saxo alto Paul Desmond, escribi\u00f3 el tema m\u00e1s famoso del Dave Brubeck Quartet, &#8220;Take Five&#8221;, un cl\u00e1sico del jazz compuesto en 5\/4.<\/div>\n<p>&nbsp;<\/p>\n<div dir=\"auto\"><\/div>\n<\/div>\n<div class=\"cxmmr5t8 oygrvhab hcukyx3x c1et5uql o9v6fnle ii04i59q\" style=\"text-align: justify;\">\n<div dir=\"auto\">Brubeck fue el autor de la m\u00fasica de la miniserie de dibujos animados This Is America, Charlie Brown.<\/div>\n<p>&nbsp;<\/p>\n<div dir=\"auto\"><\/div>\n<\/div>\n<div class=\"cxmmr5t8 oygrvhab hcukyx3x c1et5uql o9v6fnle ii04i59q\" style=\"text-align: justify;\">\n<div dir=\"auto\">Su intenci\u00f3n era trabajar con su padre en el rancho, por lo que entr\u00f3 en el College of the Pacific de Stockton, California (ahora llamado Universidad del Pac\u00edfico) para estudiar veterinaria, aunque pronto se cambi\u00f3 a zoolog\u00eda. All\u00ed su profesor Dr. Arnold le dijo: &#8220;Brubeck, tu cabeza no est\u00e1 aqu\u00ed. Est\u00e1 en frente, en el conservatorio. Por favor vete all\u00ed. Deja de perder nuestro tiempo y el tuyo&#8221;. As\u00ed lo hizo, aunque casi se le expuls\u00f3 por no saber leer partituras. Algunos de sus profesores le apoyaron, diciendo que su habilidad con el contrapunto y las armon\u00edas compensaban de sobra esa falta.<\/div>\n<p>&nbsp;<\/p>\n<div dir=\"auto\"><\/div>\n<\/div>\n<div class=\"cxmmr5t8 oygrvhab hcukyx3x c1et5uql o9v6fnle ii04i59q\" style=\"text-align: justify;\">\n<div dir=\"auto\"><strong>Wikipedia in English<\/strong><\/div>\n<p>&nbsp;<\/p>\n<div dir=\"auto\"><\/div>\n<\/div>\n<div class=\"cxmmr5t8 oygrvhab hcukyx3x c1et5uql o9v6fnle ii04i59q\" style=\"text-align: justify;\">\n<div dir=\"auto\"><strong>Date of Birth:<\/strong> December 06, 1920<\/div>\n<p>&nbsp;<\/p>\n<div dir=\"auto\"><\/div>\n<div dir=\"auto\"><strong>Date of Death:<\/strong> December 5, 2012<\/div>\n<p>&nbsp;<\/p>\n<div dir=\"auto\"><\/div>\n<\/div>\n<div class=\"cxmmr5t8 oygrvhab hcukyx3x c1et5uql o9v6fnle ii04i59q\" style=\"text-align: justify;\">\n<div dir=\"auto\"><strong>Biography<\/strong><\/div>\n<p>&nbsp;<\/p>\n<div dir=\"auto\"><\/div>\n<div dir=\"auto\">He was an American jazz pianist and composer. He was one of the main representatives of cool jazz, in its main line (West Coast jazz) and one of the most popular jazz musicians among non-amateurs. He led the Dave Brubeck Quartet in the 1950s and 1960s, which achieved great success.<\/div>\n<p>&nbsp;<\/p>\n<div dir=\"auto\"><\/div>\n<\/div>\n<div class=\"cxmmr5t8 oygrvhab hcukyx3x c1et5uql o9v6fnle ii04i59q\" style=\"text-align: justify;\">\n<div dir=\"auto\">Brubeck wrote numerous jazz standards, including In Your Own Sweet Way and The Duke. Brubeck&#8217;s style ranged from refined to exuberant, reflecting influences from classical music and daring improvisation. In much of his music he experimented with the beat, recording Pick Up Sticks on 6\/4, Unsquare Dance on 7\/4 and &#8220;Blue Rondo \u00e0 la Turk&#8221; on 9\/8.<\/div>\n<p>&nbsp;<\/p>\n<div dir=\"auto\"><\/div>\n<\/div>\n<div class=\"cxmmr5t8 oygrvhab hcukyx3x c1et5uql o9v6fnle ii04i59q\" style=\"text-align: justify;\">\n<div dir=\"auto\">His regular musical partner, alto sax Paul Desmond, wrote the Dave Brubeck Quartet&#8217;s most famous song, &#8220;Take Five,&#8221; a jazz classic written on 5\/4.<\/div>\n<p>&nbsp;<\/p>\n<div dir=\"auto\"><\/div>\n<\/div>\n<div class=\"cxmmr5t8 oygrvhab hcukyx3x c1et5uql o9v6fnle ii04i59q\" style=\"text-align: justify;\">\n<div dir=\"auto\">Brubeck was the author of the music for the cartoon miniseries This Is America, Charlie Brown.<\/div>\n<p>&nbsp;<\/p>\n<div dir=\"auto\"><\/div>\n<\/div>\n<div class=\"cxmmr5t8 oygrvhab hcukyx3x c1et5uql o9v6fnle ii04i59q\" style=\"text-align: justify;\">\n<div dir=\"auto\">His intention was to work with his father on the ranch, so he entered the College of the Pacific in Stockton, California (now called University of the Pacific) to study veterinary medicine, although he soon switched to zoology. There his professor Dr. Arnold told him: &#8220;Brubeck, your head is not here. It is in front, in the conservatory. Please go there. Stop wasting our time and yours.&#8221; He did so, although he was almost expelled for not knowing how to read sheet music. Some of his teachers supported him, saying that his skill with counterpoint and harmonies more than made up for that lack.<\/div>\n<p>&nbsp;<\/p>\n<div dir=\"auto\"><\/div>\n<\/div>\n<div class=\"cxmmr5t8 oygrvhab hcukyx3x c1et5uql o9v6fnle ii04i59q\" style=\"text-align: justify;\">\n<div dir=\"auto\"><strong>Discography<\/strong><\/div>\n<p>&nbsp;<\/p>\n<\/div>\n<div dir=\"auto\"><\/div>\n<div dir=\"auto\">\n<table width=\"543\">\n<tbody>\n<tr>\n<td style=\"text-align: center;\" width=\"80\"><strong>G\u00e9nero Jazz<\/strong><\/td>\n<td style=\"text-align: center;\" width=\"383\"><strong>Escuchar Tema<\/strong><\/td>\n<td style=\"text-align: center;\" width=\"80\"><strong>A\u00f1o de Publicaci\u00f3n<\/strong><\/td>\n<\/tr>\n<tr>\n<td><\/td>\n<td><\/td>\n<td><\/td>\n<\/tr>\n<tr>\n<td>1<\/td>\n<td>Brubeck Trio with Cal Tjader, Volume 1<\/td>\n<td>1949<\/td>\n<\/tr>\n<tr>\n<td>2<\/td>\n<td>Brubeck Trio with Cal Tjader, Volume 2<\/td>\n<td>1949<\/td>\n<\/tr>\n<tr>\n<td>3<\/td>\n<td>Brubeck\/Desmond<\/td>\n<td>1951<\/td>\n<\/tr>\n<tr>\n<td>4<\/td>\n<td>Stardust<\/td>\n<td>1951<\/td>\n<\/tr>\n<tr>\n<td>5<\/td>\n<td>Dave Brubeck Quartet<\/td>\n<td>1951<\/td>\n<\/tr>\n<tr>\n<td>6<\/td>\n<td>Jazz at the Blackhawk<\/td>\n<td>1952<\/td>\n<\/tr>\n<tr>\n<td>7<\/td>\n<td>Dave Brubeck\/Paul Desmond<\/td>\n<td>1952<\/td>\n<\/tr>\n<tr>\n<td>8<\/td>\n<td>Jazz at Storyville (directo)<\/td>\n<td>1952<\/td>\n<\/tr>\n<tr>\n<td>9<\/td>\n<td>Featuring Paul Desmond in Concert (directo)<\/td>\n<td>1953<\/td>\n<\/tr>\n<tr>\n<td>10<\/td>\n<td>Two Knights at the Black Hawk<\/td>\n<td>1953<\/td>\n<\/tr>\n<tr>\n<td>11<\/td>\n<td>Jazz at Oberlin\u00a0 Fantasy Records<\/td>\n<td>1953<\/td>\n<\/tr>\n<tr>\n<td>12<\/td>\n<td>Dave Brubeck &amp; Paul Desmond at Wilshire Ebell<\/td>\n<td>1953<\/td>\n<\/tr>\n<tr>\n<td>13<\/td>\n<td>Jazz at the College of the Pacific Fantasy Records<\/td>\n<td>1953<\/td>\n<\/tr>\n<tr>\n<td>14<\/td>\n<td>Jazz Goes to College Columbia Records<\/td>\n<td>1954<\/td>\n<\/tr>\n<tr>\n<td>15<\/td>\n<td>Dave Brubeck at Storyville<\/td>\n<td>1954<\/td>\n<\/tr>\n<tr>\n<td>16<\/td>\n<td>Brubeck Time<\/td>\n<td>1955<\/td>\n<\/tr>\n<tr>\n<td>17<\/td>\n<td>Jazz: Red Hot and Cool<\/td>\n<td>1955<\/td>\n<\/tr>\n<tr>\n<td>18<\/td>\n<td>Brubeck Plays Brubeck<\/td>\n<td>1956<\/td>\n<\/tr>\n<tr>\n<td>19<\/td>\n<td>Dave Brubeck and Jay &amp; Kai at Newport<\/td>\n<td>1956<\/td>\n<\/tr>\n<tr>\n<td>20<\/td>\n<td>Jazz Impressions of the U.S.A.<\/td>\n<td>1956<\/td>\n<\/tr>\n<tr>\n<td>21<\/td>\n<td>Plays and Plays and&#8230;Fantasy Records<\/td>\n<td>1957<\/td>\n<\/tr>\n<tr>\n<td>22<\/td>\n<td>Reunion Fantasy Records<\/td>\n<td>1957<\/td>\n<\/tr>\n<tr>\n<td>23<\/td>\n<td>Jazz Goes to Junior College (directo)<\/td>\n<td>1957<\/td>\n<\/tr>\n<tr>\n<td>24<\/td>\n<td>Dave Digs Disney<\/td>\n<td>1957<\/td>\n<\/tr>\n<tr>\n<td>25<\/td>\n<td>In Europe<\/td>\n<td>1958<\/td>\n<\/tr>\n<tr>\n<td>26<\/td>\n<td>Complete 1958 Berlin Concert (released 2008)<\/td>\n<td>2008<\/td>\n<\/tr>\n<tr>\n<td>27<\/td>\n<td>Newport<\/td>\n<td>1958<\/td>\n<\/tr>\n<tr>\n<td>28<\/td>\n<td>A Dave Brubeck Christmas<\/td>\n<td>1996<\/td>\n<\/tr>\n<tr>\n<td>29<\/td>\n<td>In Their Own Sweet Way<\/td>\n<td>1997<\/td>\n<\/tr>\n<tr>\n<td>30<\/td>\n<td>So What&#8217;s New?<\/td>\n<td>1998<\/td>\n<\/tr>\n<tr>\n<td>31<\/td>\n<td>The 40th Anniversary Tour of the U.K.<\/td>\n<td>1999<\/td>\n<\/tr>\n<tr>\n<td>32<\/td>\n<td>One Alone<\/td>\n<td>2000<\/td>\n<\/tr>\n<tr>\n<td>33<\/td>\n<td>Double Live from the USA &amp; UK<\/td>\n<td>2001<\/td>\n<\/tr>\n<tr>\n<td>34<\/td>\n<td>The Crossing<\/td>\n<td>2001<\/td>\n<\/tr>\n<tr>\n<td>35<\/td>\n<td>Vocal Encounters (Compilaci\u00f3n) Sony Records<\/td>\n<td>2001<\/td>\n<\/tr>\n<tr>\n<td>36<\/td>\n<td>Classical Brubeck (con la London Symphony Orchestra) Telarc<\/td>\n<td>2003<\/td>\n<\/tr>\n<tr>\n<td>37<\/td>\n<td>Park Avenue South<\/td>\n<td>2003<\/td>\n<\/tr>\n<tr>\n<td>38<\/td>\n<td>The Gates of Justice<\/td>\n<td>2004<\/td>\n<\/tr>\n<tr>\n<td><\/td>\n<td><\/td>\n<td><\/td>\n<\/tr>\n<\/tbody>\n<\/table>\n<\/div>\n<p>&nbsp;<\/p>\n<div class=\"cxmmr5t8 oygrvhab hcukyx3x c1et5uql o9v6fnle ii04i59q\" style=\"text-align: justify;\">\n<div dir=\"auto\"><\/div>\n<div dir=\"auto\"><\/div>\n<\/div>\n<div class=\"cxmmr5t8 oygrvhab hcukyx3x c1et5uql o9v6fnle ii04i59q\" style=\"text-align: justify;\">\n<div dir=\"auto\">Cr\u00e9ditos tomados de Wikipedia:<\/div>\n<div dir=\"auto\"><a class=\"oajrlxb2 g5ia77u1 qu0x051f esr5mh6w e9989ue4 r7d6kgcz rq0escxv nhd2j8a9 nc684nl6 p7hjln8o kvgmc6g5 cxmmr5t8 oygrvhab hcukyx3x jb3vyjys rz4wbd8a qt6c0cv9 a8nywdso i1ao9s8h esuyzwwr f1sip0of lzcic4wl gpro0wi8 py34i1dx\" tabindex=\"0\" role=\"link\" href=\"https:\/\/l.facebook.com\/l.php?u=https%3A%2F%2Fes.wikipedia.org%2Fwiki%2FDave_Brubeck%3Ffbclid%3DIwAR0nTT3cn2lXYXZEpuB5tcXrRlUoWgKveHj2Ga7qqyVcXxcQ0XjOsPiHAnA&amp;h=AT0IoZ_8DmgN5fIJJ5dmVcyQJgYQtfciAbROZW13oyFhfNt8PTfTQh0XpRApU9Z7gzfjgQ2NXQLRNbgz6DI1OymekiRwc6-_p-BkBL37O6NjJ9rk7NosFw2sEmrZoIY7zeAn&amp;__tn__=-UK-R&amp;c[0]=AT3t1BG39YpPqYaxf19zH_F9HQEbGIc1Scx7u4D6Xu10I8tA4pKOsdwxkdvvcjfh25cvM1zCLFhU5f7qhj69wVHhcMg4OS4GjKW-C0V5hRNf8wjtYoQmUS1Wl2mFuworaEy2S9x8ZCORXeesVvf70PCh-kgDJNGYeq-M6w\" target=\"_blank\" rel=\"nofollow noopener\">https:\/\/es.wikipedia.org\/wiki\/Dave_Brubeck<\/a><\/div>\n<div dir=\"auto\"><\/div>\n<\/div>\n<div class=\"epyt-video-wrapper\"><iframe loading=\"lazy\"  id=\"_ytid_97454\"  width=\"618\" height=\"347\"  data-origwidth=\"618\" data-origheight=\"347\" src=\"https:\/\/www.youtube.com\/embed\/IccqGdNbrgY?enablejsapi=1&#038;autoplay=0&#038;cc_load_policy=0&#038;cc_lang_pref=&#038;iv_load_policy=1&#038;loop=0&#038;modestbranding=0&#038;rel=1&#038;fs=1&#038;playsinline=0&#038;autohide=2&#038;theme=dark&#038;color=red&#038;controls=1&#038;\" class=\"__youtube_prefs__  epyt-is-override  no-lazyload\" title=\"YouTube player\"  allow=\"fullscreen; accelerometer; autoplay; clipboard-write; encrypted-media; gyroscope; picture-in-picture\" allowfullscreen data-no-lazy=\"1\" data-skipgform_ajax_framebjll=\"\"><\/iframe><\/div>\n","protected":false},"excerpt":{"rendered":"<p>&nbsp; Fecha de Nacimiento: 6 de diciembre de 1920 &nbsp; Fecha de Fallecimiento: 5 de diciembre de 2012 &nbsp; Biograf\u00eda &nbsp; Fue un pianista y compositor estadounidense de jazz. Fue uno de los principales representantes del cool jazz, en su l\u00ednea principal (West Coast jazz) y uno de los m\u00fasicos de jazz m\u00e1s populares entre &hellip;<\/p>\n","protected":false},"author":1,"featured_media":0,"parent":0,"menu_order":0,"comment_status":"closed","ping_status":"closed","template":"","meta":{"footnotes":""},"class_list":["post-29138","page","type-page","status-publish",""],"jetpack_sharing_enabled":true,"_links":{"self":[{"href":"http:\/\/mickyandoniehn.com\/radio\/wp-json\/wp\/v2\/pages\/29138","targetHints":{"allow":["GET"]}}],"collection":[{"href":"http:\/\/mickyandoniehn.com\/radio\/wp-json\/wp\/v2\/pages"}],"about":[{"href":"http:\/\/mickyandoniehn.com\/radio\/wp-json\/wp\/v2\/types\/page"}],"author":[{"embeddable":true,"href":"http:\/\/mickyandoniehn.com\/radio\/wp-json\/wp\/v2\/users\/1"}],"replies":[{"embeddable":true,"href":"http:\/\/mickyandoniehn.com\/radio\/wp-json\/wp\/v2\/comments?post=29138"}],"version-history":[{"count":2,"href":"http:\/\/mickyandoniehn.com\/radio\/wp-json\/wp\/v2\/pages\/29138\/revisions"}],"predecessor-version":[{"id":30180,"href":"http:\/\/mickyandoniehn.com\/radio\/wp-json\/wp\/v2\/pages\/29138\/revisions\/30180"}],"wp:attachment":[{"href":"http:\/\/mickyandoniehn.com\/radio\/wp-json\/wp\/v2\/media?parent=29138"}],"curies":[{"name":"wp","href":"https:\/\/api.w.org\/{rel}","templated":true}]}}