{"id":29136,"date":"2022-08-29T08:17:13","date_gmt":"2022-08-29T14:17:13","guid":{"rendered":"https:\/\/mickyandoniehn.com\/radio\/?page_id=29136"},"modified":"2022-09-01T10:55:49","modified_gmt":"2022-09-01T16:55:49","slug":"jose-monge-cruz","status":"publish","type":"page","link":"http:\/\/mickyandoniehn.com\/radio\/jose-monge-cruz\/","title":{"rendered":"Jos\u00e9 Monge Cruz"},"content":{"rendered":"<p style=\"text-align: justify;\"><img loading=\"lazy\" decoding=\"async\" class=\" wp-image-23979 aligncenter\" src=\"http:\/\/mickyandoniehn.com\/radio\/wp-content\/uploads\/2022\/08\/Jose-Monge-Cruz.jpg\" alt=\"\" width=\"702\" height=\"727\" \/><\/p>\n<p>&nbsp;<\/p>\n<p style=\"text-align: justify;\"><strong>Fecha de Nacimiento:\u00a0<\/strong> San Fernando, C\u00e1diz, Espa\u00f1a, 5 de diciembre de 1950-Badalona<\/p>\n<p><strong>Fecha de Fallecimiento:\u00a0<\/strong> Barcelona, Espa\u00f1a, 2 de julio de 1992<\/p>\n<div class=\"cxmmr5t8 oygrvhab hcukyx3x c1et5uql o9v6fnle\" style=\"text-align: justify;\">\n<div dir=\"auto\"><strong>Biograf\u00eda<\/strong><\/div>\n<p>&nbsp;<\/p>\n<div dir=\"auto\"><\/div>\n<div dir=\"auto\">Conocido art\u00edsticamente como Camar\u00f3n de la Isla o simplemente Camar\u00f3n, fue un cantaor de etnia gitana espa\u00f1ol considerado por muchos como el mejor cantaor de flamenco contempor\u00e1neo y una de sus m\u00e1s importantes figuras.<\/div>\n<p>&nbsp;<\/p>\n<div dir=\"auto\"><\/div>\n<div dir=\"auto\">Hijo de Juana Cruz Castro y Juan Luis Monge N\u00fa\u00f1ez. Fue el sexto de una familia gitana muy humilde de ocho hijos que viv\u00eda en la Isla de Le\u00f3n, San Fernando, a escasos kil\u00f3metros de C\u00e1diz.<\/div>\n<p>&nbsp;<\/p>\n<div dir=\"auto\"><\/div>\n<\/div>\n<div class=\"cxmmr5t8 oygrvhab hcukyx3x c1et5uql o9v6fnle\" style=\"text-align: justify;\">\n<div dir=\"auto\">Su t\u00edo Jose\u00edco fue quien le llam\u00f3 &#8216;camar\u00f3n&#8217;, porque adem\u00e1s de rubio y delgado, que parec\u00eda transparente, siempre andaba saltando de un lado para otro. Su padre muri\u00f3 joven y Juana, su madre, apenas daba abasto para sacar adelante tan numerosa familia.<\/div>\n<p>&nbsp;<\/p>\n<div dir=\"auto\"><\/div>\n<\/div>\n<div class=\"cxmmr5t8 oygrvhab hcukyx3x c1et5uql o9v6fnle\" style=\"text-align: justify;\">\n<div dir=\"auto\">Curs\u00f3 estudios en el Colegio del Liceo, abandon\u00e1ndolos para ayudar a su padre en la fragua en la que trabajaba.<\/div>\n<p>&nbsp;<\/p>\n<div dir=\"auto\"><\/div>\n<\/div>\n<div class=\"cxmmr5t8 oygrvhab hcukyx3x c1et5uql o9v6fnle\" style=\"text-align: justify;\">\n<div dir=\"auto\">Camar\u00f3n ya ganaba algunas pesetas cantando por la calle con tan solo siete a\u00f1os. Viaja a Madrid y act\u00faa en el tablao Torres Bermejas. En los billares de la plaza de Callao se junta con un guitarrista que hab\u00eda llegado de Algeciras, Paco de Luc\u00eda. De esta forma el destino uni\u00f3 a los dos mayores genios renovadores del flamenco. Su primer trabajo conjunto aparece en 1968.<\/div>\n<p>&nbsp;<\/p>\n<div dir=\"auto\"><\/div>\n<\/div>\n<div class=\"cxmmr5t8 oygrvhab hcukyx3x c1et5uql o9v6fnle\" style=\"text-align: justify;\">\n<div dir=\"auto\">La trayectoria de Camar\u00f3n se puede definir en tres etapas: hasta el a\u00f1o 1968 sigue la tradici\u00f3n; hasta 1978, inicia la renovaci\u00f3n de su cante; a partir de 1979, refuerza sus aspectos m\u00e1s revolucionarios con el disco &#8220;La leyenda del tiempo&#8221;. En total public\u00f3 19 LPs y grab\u00f3 176 cantes: 43 buler\u00edas, 20 tangos, 18 fandangos&#8230; unos 50 palos, unos 500 estilos. De todos ellos s\u00f3lo hay 27 firmados por \u00e9l, lo que ha ocasionado lamentables litigios tras su muerte.<\/div>\n<p>&nbsp;<\/p>\n<div dir=\"auto\"><\/div>\n<\/div>\n<div class=\"cxmmr5t8 oygrvhab hcukyx3x c1et5uql o9v6fnle\" style=\"text-align: justify;\">\n<div dir=\"auto\">Su fe religiosa fue siempre notoria, especialmente devoto del Nazareno, cuya imagen se venera en la Iglesia Mayor de San Fernando. &#8220;All\u00ed acudi\u00f3 Camar\u00f3n justo despu\u00e9s de la boda para casarse \u00e9l s\u00f3lo&#8221; -explica Manuel Ruiz, quien le acompa\u00f1\u00f3 aquel d\u00eda- vino a dec\u00edrselo al Nazareno y le habl\u00f3: &#8220;&#8230; Me he casado \u00bfte parece bien? Vengo p&#8217;a que me de tu bendici\u00f3n&#8221; y \u00e9l me coment\u00f3 que el Nazareno se la hab\u00eda dado&#8230;&#8221;. En 1976 contrajo matrimonio con Dolores Montoya, con la que tuvo cuatro hijos.<\/div>\n<p>&nbsp;<\/p>\n<div dir=\"auto\"><\/div>\n<\/div>\n<div class=\"cxmmr5t8 oygrvhab hcukyx3x c1et5uql o9v6fnle\" style=\"text-align: justify;\">\n<div dir=\"auto\">El d\u00eda 2 de Julio de 1992, Jos\u00e9 Monge Cruz, Camar\u00f3n de la Isla, dejaba de existir. Falleci\u00f3 en Badalona (Barcelona) a los 41 a\u00f1os, a causa de un c\u00e1ncer de pulm\u00f3n. &#8220;Me gustar\u00eda que me enterraran en San Fernando&#8221; hab\u00eda declarado. Su deseo fue cumplido.<\/div>\n<p>&nbsp;<\/p>\n<div dir=\"auto\"><\/div>\n<\/div>\n<div class=\"cxmmr5t8 oygrvhab hcukyx3x c1et5uql o9v6fnle\" style=\"text-align: justify;\">\n<div dir=\"auto\">En 1992 fue nombrado Hijo Predilecto de San Fernando. Es Medalla al M\u00e9rito Art\u00edstico del Ayuntamiento de Madrid. La Junta de Andaluc\u00eda le otorg\u00f3 su Medalla de Oro. El Gobierno de la Naci\u00f3n le concedi\u00f3 la Medalla de Oro en las Bellas Artes. Es Hijo adoptivo de la ciudad de La L\u00ednea de La Concepci\u00f3n.<\/div>\n<p>&nbsp;<\/p>\n<div dir=\"auto\"><\/div>\n<\/div>\n<div class=\"cxmmr5t8 oygrvhab hcukyx3x c1et5uql o9v6fnle\" style=\"text-align: justify;\">\n<div dir=\"auto\"><strong>Wikipedia in English.<\/strong><\/div>\n<p>&nbsp;<\/p>\n<\/div>\n<div dir=\"auto\"><\/div>\n<div dir=\"auto\">\n<p><strong>Date of Birth:<\/strong> San Fernando, C\u00e1diz, Spain, December 5, 1950-Badalona<\/p>\n<p><strong>Date of Death:<\/strong> Barcelona, \u200b\u200bSpain, July 2, 1992<\/p>\n<\/div>\n<div class=\"cxmmr5t8 oygrvhab hcukyx3x c1et5uql o9v6fnle\" style=\"text-align: justify;\">\n<div dir=\"auto\"><\/div>\n<div dir=\"auto\"><strong>Biography<\/strong><\/div>\n<p>&nbsp;<\/p>\n<div dir=\"auto\"><\/div>\n<div dir=\"auto\">Jos\u00e9 Monje Cruz (San Fernando, C\u00e1diz, Spain, December 5, 1950-Badalona, Barcelona, Spain, July 2, 1992), artistically known as Camar\u00f3n de la Isla or simply Camar\u00f3n, was a singer of Spanish gypsy ethnicity considered by many as the best contemporary flamenco singer and one of its most important figures.<\/div>\n<p>&nbsp;<\/p>\n<div dir=\"auto\"><\/div>\n<div dir=\"auto\">Son of Juana Cruz Castro and Juan Luis Monge N\u00fa\u00f1ez. He was the sixth of a very humble gypsy family of eight children who lived on the Island of Le\u00f3n, San Fernando, a few kilometers from C\u00e1diz.<\/div>\n<p>&nbsp;<\/p>\n<\/div>\n<div class=\"cxmmr5t8 oygrvhab hcukyx3x c1et5uql o9v6fnle\" style=\"text-align: justify;\">\n<div dir=\"auto\">His uncle Jose\u00edco was the one who called him &#8216;shrimp&#8217;, because in addition to being blond and thin, who seemed transparent, he was always jumping from one place to another. His father died young and Juana, his mother, barely had enough to support such a large family.<\/div>\n<p>&nbsp;<\/p>\n<div dir=\"auto\"><\/div>\n<\/div>\n<div class=\"cxmmr5t8 oygrvhab hcukyx3x c1et5uql o9v6fnle\" style=\"text-align: justify;\">\n<div dir=\"auto\">He studied at the Colegio del Liceo, abandoning them to help his father in the forge where he worked.<\/div>\n<p>&nbsp;<\/p>\n<div dir=\"auto\"><\/div>\n<\/div>\n<div class=\"cxmmr5t8 oygrvhab hcukyx3x c1et5uql o9v6fnle\" style=\"text-align: justify;\">\n<div dir=\"auto\">Camar\u00f3n was already earning a few pesetas singing in the street when he was only seven years old. He traveled to Madrid and performed at the Torres Bermejas tablao. At the billiards in the Plaza de Callao he meets a guitarist who had arrived from Algeciras, Paco de Luc\u00eda. In this way, fate brought together the two greatest renovating geniuses in flamenco. Their first joint work appears in 1968.<\/div>\n<p>&nbsp;<\/p>\n<div dir=\"auto\"><\/div>\n<\/div>\n<div class=\"cxmmr5t8 oygrvhab hcukyx3x c1et5uql o9v6fnle\" style=\"text-align: justify;\">\n<div dir=\"auto\">Camar\u00f3n&#8217;s trajectory can be defined in three stages: until 1968 he continues the tradition; until 1978, he began to renew his cante; as of 1979, he reinforces his most revolutionary aspects with the album &#8220;Leyenda del tiempo&#8221;. In total, he published 19 LPs and recorded 176 cantes: 43 buler\u00edas, 20 tangos, 18 fandangos about 50 palos, about 500 styles. Of all of them there are only 27 signed by him, which has caused unfortunate litigation after his death.<\/div>\n<p>&nbsp;<\/p>\n<div dir=\"auto\"><\/div>\n<\/div>\n<div class=\"cxmmr5t8 oygrvhab hcukyx3x c1et5uql o9v6fnle\" style=\"text-align: justify;\">\n<div dir=\"auto\">His religious faith was always notorious, especially a devotee of the Nazarene, whose image is venerated in the Iglesia Mayor de San Fernando. &#8220;Camar\u00f3n went there just after the wedding to get married by himself&#8221; explains Manuel Ruiz, who accompanied him that day- he came to tell the Nazarene and spoke to him: &#8220;&#8230; I&#8217;ve gotten married, is that okay? give me your blessing &#8220;and he told me that the Nazarene had given it to him&#8221;. In 1976 he married Dolores Montoya, with whom he had four children.<\/div>\n<p>&nbsp;<\/p>\n<\/div>\n<div class=\"cxmmr5t8 oygrvhab hcukyx3x c1et5uql o9v6fnle\" style=\"text-align: justify;\">\n<div dir=\"auto\">On July 2, 1992, Jos\u00e9 Monge Cruz, Camar\u00f3n de la Isla, ceased to exist. He died in Badalona (Barcelona) at the age of 41, due to lung cancer. &#8220;I would like to be buried in San Fernando&#8221; he had declared. His wish was granted.<\/div>\n<p>&nbsp;<\/p>\n<div dir=\"auto\"><\/div>\n<\/div>\n<div class=\"cxmmr5t8 oygrvhab hcukyx3x c1et5uql o9v6fnle\" style=\"text-align: justify;\">\n<div dir=\"auto\">In 1992 he was named Favorite Son of San Fernando. He is a Medal of Artistic Merit from the Madrid City Council. The Junta de Andaluc\u00eda awarded him its Gold Medal. The Government of the Nation awarded him the Gold Medal in Fine Arts. He is the adoptive son of the city of La L\u00ednea de La Concepci\u00f3n.<\/div>\n<p>&nbsp;<\/p>\n<\/div>\n<div dir=\"auto\" style=\"text-align: justify;\"><\/div>\n<div dir=\"auto\" style=\"text-align: justify;\"><strong>Discograf\u00eda\u00a0<\/strong><\/div>\n<p>&nbsp;<\/p>\n<div dir=\"auto\" style=\"text-align: justify;\"><\/div>\n<div dir=\"auto\">\n<table width=\"671\">\n<tbody>\n<tr>\n<td style=\"text-align: center;\" width=\"248\"><strong>G\u00e9nero Latin, Rock,\u00a0 Folk, World, &amp; Country<\/strong><\/td>\n<td style=\"text-align: center;\" width=\"423\"><strong>Escuchar Tema<\/strong><\/td>\n<\/tr>\n<tr>\n<td>1<\/td>\n<td>Son Tus Ojos Dos Estrellas<\/td>\n<\/tr>\n<tr>\n<td>2<\/td>\n<td>La Mujer Con Ser Mujer<\/td>\n<\/tr>\n<tr>\n<td>3<\/td>\n<td>Por Mala Lengua Que Tienes<\/td>\n<\/tr>\n<tr>\n<td>4<\/td>\n<td>Sin Motivos Ni Raz\u00f3n<\/td>\n<\/tr>\n<tr>\n<td>5<\/td>\n<td>En La Provincia De C\u00e1diz<\/td>\n<\/tr>\n<tr>\n<td>6<\/td>\n<td>De Una Mina De La Uni\u00f3n<\/td>\n<\/tr>\n<tr>\n<td>7<\/td>\n<td>El Espejo En Que Te Miras<\/td>\n<\/tr>\n<tr>\n<td>8<\/td>\n<td>Me La Tienes Control\u00e1<\/td>\n<\/tr>\n<tr>\n<td>9<\/td>\n<td>Al Padre Santo De Roma<\/td>\n<\/tr>\n<tr>\n<td>10<\/td>\n<td>Estoy Pagando Condena<\/td>\n<\/tr>\n<tr>\n<td>11<\/td>\n<td>Se Muri\u00f3 Mi Madre<\/td>\n<\/tr>\n<tr>\n<td>12<\/td>\n<td>Me Voy Por La Calle Abajo<\/td>\n<\/tr>\n<tr>\n<td>13<\/td>\n<td>La Leyenda Del Tiempo<\/td>\n<\/tr>\n<tr>\n<td>14<\/td>\n<td>Romance Del Amargo<\/td>\n<\/tr>\n<tr>\n<td>15<\/td>\n<td>Homenaje A Federico<\/td>\n<\/tr>\n<tr>\n<td>16<\/td>\n<td>Mi Ni\u00f1a Se Fue A La Mar<\/td>\n<\/tr>\n<tr>\n<td>17<\/td>\n<td>La Tarara<\/td>\n<\/tr>\n<tr>\n<td>18<\/td>\n<td>Volando Voy<\/td>\n<\/tr>\n<tr>\n<td>19<\/td>\n<td>Bah\u00eda De C\u00e1diz<\/td>\n<\/tr>\n<tr>\n<td>20<\/td>\n<td>Viejo Mundo<\/td>\n<\/tr>\n<tr>\n<td>21<\/td>\n<td>Tangos De La Sultana<\/td>\n<\/tr>\n<tr>\n<td>22<\/td>\n<td>Nana Del Caballo Grande<\/td>\n<\/tr>\n<tr>\n<td>23<\/td>\n<td>Pistola Y Cuchillo<\/td>\n<\/tr>\n<tr>\n<td>24<\/td>\n<td>Tu Mare Rosa<\/td>\n<\/tr>\n<tr>\n<td>25<\/td>\n<td>Otra Galaxia<\/td>\n<\/tr>\n<tr>\n<td>26<\/td>\n<td>Te Lo Dice Camar\u00f3n<\/td>\n<\/tr>\n<tr>\n<td>27<\/td>\n<td>Vente Conmigo<\/td>\n<\/tr>\n<tr>\n<td>28<\/td>\n<td>B\u00f3rrame De Tu Memoria<\/td>\n<\/tr>\n<tr>\n<td>29<\/td>\n<td>Homenaje A &#8220;Chaqueta&#8221;<\/td>\n<\/tr>\n<tr>\n<td>30<\/td>\n<td>Los Inmortales<\/td>\n<\/tr>\n<tr>\n<td>31<\/td>\n<td>Un Tiro Al Aire<\/td>\n<\/tr>\n<tr>\n<td>32<\/td>\n<td>Pasando El Puente<\/td>\n<\/tr>\n<tr>\n<td>33<\/td>\n<td>Chiquito De Camas<\/td>\n<\/tr>\n<tr>\n<td>34<\/td>\n<td>La Vara De Los Chalanes<\/td>\n<\/tr>\n<tr>\n<td>35<\/td>\n<td>Castillo De Alcal\u00e1<\/td>\n<\/tr>\n<tr>\n<td>36<\/td>\n<td>La Cava De Los Gitanos<\/td>\n<\/tr>\n<tr>\n<td>37<\/td>\n<td>Una Rosa Pa Tu Pelo (Tanguillos)<\/td>\n<\/tr>\n<tr>\n<td>38<\/td>\n<td>Mi Nazareno (Buler\u00edas)<\/td>\n<\/tr>\n<tr>\n<td>39<\/td>\n<td>Se Me Parti\u00f3 La Barrena (Taranta)<\/td>\n<\/tr>\n<tr>\n<td>40<\/td>\n<td>Potro De Rabia Y Miel (Buler\u00edas)<\/td>\n<\/tr>\n<tr>\n<td>41<\/td>\n<td>La Primavera (Rumba)<\/td>\n<\/tr>\n<tr>\n<td>42<\/td>\n<td>Yo Vendo Pesca\u00edto (Buler\u00edas)<\/td>\n<\/tr>\n<tr>\n<td>43<\/td>\n<td>Eres Como Un Laberinto (Tangos)<\/td>\n<\/tr>\n<tr>\n<td>44<\/td>\n<td>La Calle De Los Lunares (Buler\u00edas)<\/td>\n<\/tr>\n<tr>\n<td>45<\/td>\n<td>Lim\u00f3n De Cera (Buler\u00edas)<\/td>\n<\/tr>\n<tr>\n<td>46<\/td>\n<td>El Embrujo De Tus Ojos (Tangos)<\/td>\n<\/tr>\n<tr>\n<td>47<\/td>\n<td>Bendita Sea Mi Tierra (Alegr\u00edas)<\/td>\n<\/tr>\n<tr>\n<td>48<\/td>\n<td>Al Relente De La Luna (Fandangos)<\/td>\n<\/tr>\n<tr>\n<td>49<\/td>\n<td>Nubes De Platino (Buler\u00edas)<\/td>\n<\/tr>\n<tr>\n<td>50<\/td>\n<td>Sin Descanso, Amar (Tangos)<\/td>\n<\/tr>\n<tr>\n<td><\/td>\n<td><\/td>\n<\/tr>\n<\/tbody>\n<\/table>\n<\/div>\n<div class=\"cxmmr5t8 oygrvhab hcukyx3x c1et5uql o9v6fnle\" style=\"text-align: justify;\">\n<div dir=\"auto\"><\/div>\n<\/div>\n<div class=\"epyt-video-wrapper\"><iframe loading=\"lazy\"  id=\"_ytid_64416\"  width=\"618\" height=\"347\"  data-origwidth=\"618\" data-origheight=\"347\" src=\"https:\/\/www.youtube.com\/embed\/oefZVsxh4rM?enablejsapi=1&#038;autoplay=0&#038;cc_load_policy=0&#038;cc_lang_pref=&#038;iv_load_policy=1&#038;loop=0&#038;modestbranding=0&#038;rel=1&#038;fs=1&#038;playsinline=0&#038;autohide=2&#038;theme=dark&#038;color=red&#038;controls=1&#038;\" class=\"__youtube_prefs__  epyt-is-override  no-lazyload\" title=\"YouTube player\"  allow=\"fullscreen; accelerometer; autoplay; clipboard-write; encrypted-media; gyroscope; picture-in-picture\" allowfullscreen data-no-lazy=\"1\" data-skipgform_ajax_framebjll=\"\"><\/iframe><\/div>\n","protected":false},"excerpt":{"rendered":"<p>&nbsp; Fecha de Nacimiento:\u00a0 San Fernando, C\u00e1diz, Espa\u00f1a, 5 de diciembre de 1950-Badalona Fecha de Fallecimiento:\u00a0 Barcelona, Espa\u00f1a, 2 de julio de 1992 Biograf\u00eda &nbsp; Conocido art\u00edsticamente como Camar\u00f3n de la Isla o simplemente Camar\u00f3n, fue un cantaor de etnia gitana espa\u00f1ol considerado por muchos como el mejor cantaor de flamenco contempor\u00e1neo y una de &hellip;<\/p>\n","protected":false},"author":1,"featured_media":0,"parent":0,"menu_order":0,"comment_status":"closed","ping_status":"closed","template":"","meta":{"footnotes":""},"class_list":["post-29136","page","type-page","status-publish",""],"jetpack_sharing_enabled":true,"_links":{"self":[{"href":"http:\/\/mickyandoniehn.com\/radio\/wp-json\/wp\/v2\/pages\/29136","targetHints":{"allow":["GET"]}}],"collection":[{"href":"http:\/\/mickyandoniehn.com\/radio\/wp-json\/wp\/v2\/pages"}],"about":[{"href":"http:\/\/mickyandoniehn.com\/radio\/wp-json\/wp\/v2\/types\/page"}],"author":[{"embeddable":true,"href":"http:\/\/mickyandoniehn.com\/radio\/wp-json\/wp\/v2\/users\/1"}],"replies":[{"embeddable":true,"href":"http:\/\/mickyandoniehn.com\/radio\/wp-json\/wp\/v2\/comments?post=29136"}],"version-history":[{"count":2,"href":"http:\/\/mickyandoniehn.com\/radio\/wp-json\/wp\/v2\/pages\/29136\/revisions"}],"predecessor-version":[{"id":30311,"href":"http:\/\/mickyandoniehn.com\/radio\/wp-json\/wp\/v2\/pages\/29136\/revisions\/30311"}],"wp:attachment":[{"href":"http:\/\/mickyandoniehn.com\/radio\/wp-json\/wp\/v2\/media?parent=29136"}],"curies":[{"name":"wp","href":"https:\/\/api.w.org\/{rel}","templated":true}]}}