{"id":29134,"date":"2022-08-29T08:16:53","date_gmt":"2022-08-29T14:16:53","guid":{"rendered":"https:\/\/mickyandoniehn.com\/radio\/?page_id=29134"},"modified":"2022-09-01T11:26:48","modified_gmt":"2022-09-01T17:26:48","slug":"luis-silva","status":"publish","type":"page","link":"http:\/\/mickyandoniehn.com\/radio\/luis-silva\/","title":{"rendered":"Luis Silva"},"content":{"rendered":"<p style=\"text-align: justify;\"><img loading=\"lazy\" decoding=\"async\" class=\" wp-image-23980 aligncenter\" src=\"http:\/\/mickyandoniehn.com\/radio\/wp-content\/uploads\/2022\/08\/Luis-Silva-300x264.jpg\" alt=\"\" width=\"831\" height=\"731\" srcset=\"http:\/\/mickyandoniehn.com\/radio\/wp-content\/uploads\/2022\/08\/Luis-Silva-300x264.jpg 300w, http:\/\/mickyandoniehn.com\/radio\/wp-content\/uploads\/2022\/08\/Luis-Silva.jpg 520w\" sizes=\"auto, (max-width: 831px) 100vw, 831px\" \/><\/p>\n<p>&nbsp;<\/p>\n<div class=\"cxmmr5t8 oygrvhab hcukyx3x c1et5uql o9v6fnle\" style=\"text-align: justify;\">\n<div dir=\"auto\"><strong>Fecha de Nacimiento:<\/strong> 5 de diciembre de 1962<\/div>\n<p>&nbsp;<\/p>\n<div dir=\"auto\"><\/div>\n<\/div>\n<div class=\"cxmmr5t8 oygrvhab hcukyx3x c1et5uql o9v6fnle\" style=\"text-align: justify;\">\n<div dir=\"auto\"><strong>Biograf\u00eda:<\/strong><\/div>\n<p>&nbsp;<\/p>\n<div dir=\"auto\"><\/div>\n<div dir=\"auto\">Inici\u00f3 su carrera a finales de la d\u00e9cada de los a\u00f1os 1980 como int\u00e9rprete de m\u00fasica folcl\u00f3rica, logrando obtener en 1993 el reconocimiento de &#8220;Mejor Cantante de M\u00fasica Criolla&#8221;. A nivel internacional, particip\u00f3 en el Festival OTI de la Canci\u00f3n de 1994 con la melod\u00eda Enfurecida, obteniendo el tercer puesto; esta composici\u00f3n le vali\u00f3 una nominaci\u00f3n para el premio ACCA de la Asociaci\u00f3n de Compositores de Miami. En el a\u00f1o 2001 form\u00f3 una orquesta compuesta de diecis\u00e9is m\u00fasicos.<\/div>\n<p>&nbsp;<\/p>\n<div dir=\"auto\"><\/div>\n<\/div>\n<div class=\"cxmmr5t8 oygrvhab hcukyx3x c1et5uql o9v6fnle\" style=\"text-align: justify;\">\n<div dir=\"auto\">Algunas canciones de su repertorio comprenden: Como no voy a decir, Enfermo de amor, El barin\u00e9s, Ella o \u00e9l, La diosa y el pecador, Cuando vuelvas, Romance quincea\u00f1ero, Gracias a ti, Linda mujer de mi pueblo, Potro, Sabana y amor y Enamorado de ti.<\/div>\n<p>&nbsp;<\/p>\n<div dir=\"auto\"><\/div>\n<\/div>\n<div class=\"cxmmr5t8 oygrvhab hcukyx3x c1et5uql o9v6fnle\" style=\"text-align: justify;\">\n<div dir=\"auto\">En 1994 da su primer salto internacional al representar a Venezuela en el Festival OTI de la Canci\u00f3n celebrado en la ciudad de Valencia, Espa\u00f1a, donde conquist\u00f3 el tercer lugar con \u00abEnfurecida\u00bb. Con esta pieza Luis Silva y el creador del tema Joel Leonardo estuvieron nominados al premio ACCA que otorga la Asociaci\u00f3n de Compositores de Miami. Con el disco internacional, Luis Silva logr\u00f3 cosechar grandes \u00e9xitos dentro y fuera del pa\u00eds. La versi\u00f3n del famoso tema del cantante argentino, Leo Dan \u00abTe he prometido\u00bb ocup\u00f3 el sitial de honor en las carteleras radiales, as\u00ed como tambi\u00e9n la pieza \u00abLa Distancia y t\u00fa\u00bb que sirvi\u00f3 de marco musical de la telenovela &#8220;Volver a vivir&#8221; de RCTV.<\/div>\n<div dir=\"auto\"><\/div>\n<p>&nbsp;<\/p>\n<\/div>\n<div class=\"cxmmr5t8 oygrvhab hcukyx3x c1et5uql o9v6fnle\" style=\"text-align: justify;\">\n<div dir=\"auto\"><strong>Wikipedia in English<\/strong><\/div>\n<p>&nbsp;<\/p>\n<div dir=\"auto\"><\/div>\n<\/div>\n<div class=\"cxmmr5t8 oygrvhab hcukyx3x c1et5uql o9v6fnle\" style=\"text-align: justify;\">\n<div dir=\"auto\"><strong>Date of Birth:<\/strong> December 05, 1962<\/div>\n<p>&nbsp;<\/p>\n<div dir=\"auto\"><\/div>\n<\/div>\n<div class=\"cxmmr5t8 oygrvhab hcukyx3x c1et5uql o9v6fnle\" style=\"text-align: justify;\">\n<div dir=\"auto\"><strong>Biography:<\/strong><\/div>\n<p>&nbsp;<\/p>\n<div dir=\"auto\"><\/div>\n<div dir=\"auto\">He began his career in the late 1980s as a folk music interpreter, achieving in 1993 the recognition of &#8220;Best Creole Music Singer&#8221;. At an international level, he participated in the 1994 OTI Song Festival with the melody Enraged, getting third place; this composition earned him a nomination for the ACCA award from the Miami Composers Association. In 2001 she formed an orchestra made up of sexteen musicians.<\/div>\n<p>&nbsp;<\/p>\n<div dir=\"auto\"><\/div>\n<\/div>\n<div class=\"cxmmr5t8 oygrvhab hcukyx3x c1et5uql o9v6fnle\" style=\"text-align: justify;\">\n<div dir=\"auto\">Some songs from his repertoire include: How can I not say, Sick of love, The Barin\u00e9s, Her or him, The goddess and the sinner, When you come back, Teen Romance, Thanks to you, Pretty woman from my town, Potro, Sabana and love and in love with you.<\/div>\n<p>&nbsp;<\/p>\n<div dir=\"auto\"><\/div>\n<\/div>\n<div class=\"cxmmr5t8 oygrvhab hcukyx3x c1et5uql o9v6fnle\" style=\"text-align: justify;\">\n<div dir=\"auto\">In 1994 she made her first international leap by representing Venezuela at the OTI Song Festival held in the city of Valencia, Spain, where she won third place with &#8220;Enfurecida&#8221;. With this piece Luis Silva and the creator of the song Joel Leonardo were nominated for the ACCA award given by the Miami Composers Association. With the international album, Luis Silva managed to reap great successes inside and outside the country. The version of the famous song by the Argentine singer, Leo Dan &#8220;I have promised you&#8221; occupied the place of honor on radio Billboard, as well as the piece &#8220;La Distancia y t\u00fa&#8221; which served as the musical setting for the telenovela &#8220;Volver a vivir&#8221; by RCTV.<\/div>\n<p>&nbsp;<\/p>\n<div dir=\"auto\"><\/div>\n<\/div>\n<div class=\"cxmmr5t8 oygrvhab hcukyx3x c1et5uql o9v6fnle\" style=\"text-align: justify;\">\n<div dir=\"auto\"><strong>Discography<\/strong><\/div>\n<p>&nbsp;<\/p>\n<\/div>\n<table width=\"531\">\n<tbody>\n<tr>\n<td style=\"text-align: center;\" width=\"211\"><strong>Tema\u00a0 M\u00fasica Criolla y\u00a0<\/strong><b>Folklore<\/b><\/td>\n<td style=\"text-align: center;\" width=\"234\"><strong>Escuchar tema<\/strong><\/td>\n<td style=\"text-align: center;\" width=\"86\"><strong>A\u00f1o de Publicaci\u00f3n<\/strong><\/td>\n<\/tr>\n<tr>\n<td style=\"text-align: center;\"><\/td>\n<td style=\"text-align: center;\"><strong>Grandes Exitos<\/strong><\/td>\n<td style=\"text-align: center;\"><strong>2016<\/strong><\/td>\n<\/tr>\n<tr>\n<td>1<\/td>\n<td>Enfurecida<\/td>\n<td><\/td>\n<\/tr>\n<tr>\n<td>2<\/td>\n<td>Como No Voy A Decirlo<\/td>\n<td><\/td>\n<\/tr>\n<tr>\n<td>3<\/td>\n<td>La Diosa Y El Pecador<\/td>\n<td><\/td>\n<\/tr>\n<tr>\n<td>4<\/td>\n<td>Romance Quincea\u00f1ero<\/td>\n<td><\/td>\n<\/tr>\n<tr>\n<td>5<\/td>\n<td>A Quien No Le Va A Gustar<\/td>\n<td><\/td>\n<\/tr>\n<tr>\n<td>6<\/td>\n<td>Soy Veguero<\/td>\n<td><\/td>\n<\/tr>\n<tr>\n<td>7<\/td>\n<td>Llanerisimas<\/td>\n<td><\/td>\n<\/tr>\n<tr>\n<td>8<\/td>\n<td>Mis Siete Amores<\/td>\n<td><\/td>\n<\/tr>\n<tr>\n<td>9<\/td>\n<td>Pueblo Llanero<\/td>\n<td><\/td>\n<\/tr>\n<tr>\n<td>10<\/td>\n<td>Lo Que Hace El Aguardiente<\/td>\n<td><\/td>\n<\/tr>\n<tr>\n<td>11<\/td>\n<td>Portavoz De Mi Folklore<\/td>\n<td><\/td>\n<\/tr>\n<tr>\n<td>12<\/td>\n<td>Llamarada<\/td>\n<td><\/td>\n<\/tr>\n<tr>\n<td>13<\/td>\n<td>La Infiel<\/td>\n<td><\/td>\n<\/tr>\n<tr>\n<td>14<\/td>\n<td>Corazon No Sufras Mas<\/td>\n<td><\/td>\n<\/tr>\n<tr>\n<td>15<\/td>\n<td>Sangre Azul<\/td>\n<td><\/td>\n<\/tr>\n<tr>\n<td>16<\/td>\n<td>Venci\u00f3 El Amor<\/td>\n<td><\/td>\n<\/tr>\n<tr>\n<td>17<\/td>\n<td>El Adi\u00f3s Del Cabrestero<\/td>\n<td><\/td>\n<\/tr>\n<tr>\n<td>18<\/td>\n<td>Viejo<\/td>\n<td><\/td>\n<\/tr>\n<tr>\n<td>19<\/td>\n<td>Canta Pajarillo<\/td>\n<td><\/td>\n<\/tr>\n<tr>\n<td>20<\/td>\n<td>El Barines<\/td>\n<td><\/td>\n<\/tr>\n<tr>\n<td><\/td>\n<td><\/td>\n<td><\/td>\n<\/tr>\n<\/tbody>\n<\/table>\n<p>&nbsp;<\/p>\n<div class=\"cxmmr5t8 oygrvhab hcukyx3x c1et5uql o9v6fnle\" style=\"text-align: justify;\">\n<div dir=\"auto\"><\/div>\n<\/div>\n<div class=\"cxmmr5t8 oygrvhab hcukyx3x c1et5uql o9v6fnle\" style=\"text-align: justify;\">\n<div dir=\"auto\">Cr\u00e9ditos tomados de Wikipedia:<\/div>\n<div dir=\"auto\"><a class=\"oajrlxb2 g5ia77u1 qu0x051f esr5mh6w e9989ue4 r7d6kgcz rq0escxv nhd2j8a9 nc684nl6 p7hjln8o kvgmc6g5 cxmmr5t8 oygrvhab hcukyx3x jb3vyjys rz4wbd8a qt6c0cv9 a8nywdso i1ao9s8h esuyzwwr f1sip0of lzcic4wl gpro0wi8 py34i1dx\" tabindex=\"0\" role=\"link\" href=\"https:\/\/es.wikipedia.org\/wiki\/Luis_Silva_(cantante)?fbclid=IwAR1cfVm95PDyvAZ0An2Z7-edfbUgJTq51Z1gPG3sjSKMcct0Qys6467oxxE\" target=\"_blank\" rel=\"nofollow noopener\">https:\/\/es.wikipedia.org\/wiki\/Luis_Silva_(cantante)<\/a><\/div>\n<\/div>\n<p>&nbsp;<\/p>\n<div dir=\"auto\"><\/div>\n<div class=\"epyt-video-wrapper\"><iframe loading=\"lazy\"  id=\"_ytid_80464\"  width=\"618\" height=\"347\"  data-origwidth=\"618\" data-origheight=\"347\" src=\"https:\/\/www.youtube.com\/embed\/k5JBc_pe4no?enablejsapi=1&#038;autoplay=0&#038;cc_load_policy=0&#038;cc_lang_pref=&#038;iv_load_policy=1&#038;loop=0&#038;modestbranding=0&#038;rel=1&#038;fs=1&#038;playsinline=0&#038;autohide=2&#038;theme=dark&#038;color=red&#038;controls=1&#038;\" class=\"__youtube_prefs__  epyt-is-override  no-lazyload\" title=\"YouTube player\"  allow=\"fullscreen; accelerometer; autoplay; clipboard-write; encrypted-media; gyroscope; picture-in-picture\" allowfullscreen data-no-lazy=\"1\" data-skipgform_ajax_framebjll=\"\"><\/iframe><\/div>\n","protected":false},"excerpt":{"rendered":"<p>&nbsp; Fecha de Nacimiento: 5 de diciembre de 1962 &nbsp; Biograf\u00eda: &nbsp; Inici\u00f3 su carrera a finales de la d\u00e9cada de los a\u00f1os 1980 como int\u00e9rprete de m\u00fasica folcl\u00f3rica, logrando obtener en 1993 el reconocimiento de &#8220;Mejor Cantante de M\u00fasica Criolla&#8221;. A nivel internacional, particip\u00f3 en el Festival OTI de la Canci\u00f3n de 1994 con &hellip;<\/p>\n","protected":false},"author":1,"featured_media":0,"parent":0,"menu_order":0,"comment_status":"closed","ping_status":"closed","template":"","meta":{"footnotes":""},"class_list":["post-29134","page","type-page","status-publish",""],"jetpack_sharing_enabled":true,"_links":{"self":[{"href":"http:\/\/mickyandoniehn.com\/radio\/wp-json\/wp\/v2\/pages\/29134","targetHints":{"allow":["GET"]}}],"collection":[{"href":"http:\/\/mickyandoniehn.com\/radio\/wp-json\/wp\/v2\/pages"}],"about":[{"href":"http:\/\/mickyandoniehn.com\/radio\/wp-json\/wp\/v2\/types\/page"}],"author":[{"embeddable":true,"href":"http:\/\/mickyandoniehn.com\/radio\/wp-json\/wp\/v2\/users\/1"}],"replies":[{"embeddable":true,"href":"http:\/\/mickyandoniehn.com\/radio\/wp-json\/wp\/v2\/comments?post=29134"}],"version-history":[{"count":3,"href":"http:\/\/mickyandoniehn.com\/radio\/wp-json\/wp\/v2\/pages\/29134\/revisions"}],"predecessor-version":[{"id":30380,"href":"http:\/\/mickyandoniehn.com\/radio\/wp-json\/wp\/v2\/pages\/29134\/revisions\/30380"}],"wp:attachment":[{"href":"http:\/\/mickyandoniehn.com\/radio\/wp-json\/wp\/v2\/media?parent=29134"}],"curies":[{"name":"wp","href":"https:\/\/api.w.org\/{rel}","templated":true}]}}