{"id":29132,"date":"2022-08-29T08:16:15","date_gmt":"2022-08-29T14:16:15","guid":{"rendered":"https:\/\/mickyandoniehn.com\/radio\/?page_id=29132"},"modified":"2022-08-29T08:16:15","modified_gmt":"2022-08-29T14:16:15","slug":"patricio-borghetti","status":"publish","type":"page","link":"http:\/\/mickyandoniehn.com\/radio\/patricio-borghetti\/","title":{"rendered":"Patricio Borghetti"},"content":{"rendered":"<p style=\"text-align: justify;\"><img loading=\"lazy\" decoding=\"async\" class=\" wp-image-23981 aligncenter\" src=\"http:\/\/mickyandoniehn.com\/radio\/wp-content\/uploads\/2022\/08\/Patricio-Borghetti-300x169.jpg\" alt=\"\" width=\"617\" height=\"347\" srcset=\"http:\/\/mickyandoniehn.com\/radio\/wp-content\/uploads\/2022\/08\/Patricio-Borghetti-300x169.jpg 300w, http:\/\/mickyandoniehn.com\/radio\/wp-content\/uploads\/2022\/08\/Patricio-Borghetti-768x432.jpg 768w, http:\/\/mickyandoniehn.com\/radio\/wp-content\/uploads\/2022\/08\/Patricio-Borghetti.jpg 1024w\" sizes=\"auto, (max-width: 617px) 100vw, 617px\" \/><\/p>\n<p>&nbsp;<\/p>\n<p style=\"text-align: justify;\"><strong>Fecha de Nacimiento: <\/strong>5 de diciembre de 1973<\/p>\n<p style=\"text-align: justify;\"><strong>Biograf\u00eda<\/strong><\/p>\n<p style=\"text-align: justify;\">Juan Patricio Borghetti Im\u00e9rito (Buenos Aires, 5 de diciembre de 1973) es un actor, cantante y conductor de televisi\u00f3n argentino nacionalizado mexicano.<\/p>\n<p style=\"text-align: justify;\">Destac\u00f3 en su etapa escolar en disciplinas de atletismo. A los 14 a\u00f1os, \u00e9l form\u00f3 su primera banda de rock, la cual fue llamada &#8220;Sur&#8221;. Despu\u00e9s trabaj\u00f3 como modelo y apareci\u00f3 en muchos episodios de telenovelas argentinas. A mediados de los a\u00f1os 1990, Borghetti lleg\u00f3 a M\u00e9xico, pa\u00eds en donde \u00e9l despu\u00e9s act\u00faa para la telenovela musical DKDA Sue\u00f1os de juventud, interpretando el papel de Axel Harris, su primer rol estelar.<\/p>\n<p style=\"text-align: justify;\">Tambi\u00e9n particip\u00f3 en El juego de la vida (una telenovela de chicas futbolistas y entusiastas) y en Rebelde.<\/p>\n<p style=\"text-align: justify;\">Para el a\u00f1o 2006 realiz\u00f3 una colaboraci\u00f3n musical a lado de la cantante mexicana Yuridia en la canci\u00f3n &#8220;Eclipse Total del Amor&#8221; del \u00e1lbum de ella Habla el coraz\u00f3n.<\/p>\n<p style=\"text-align: justify;\"><strong>Date of Birth:<\/strong> December 5, 1973<\/p>\n<p style=\"text-align: justify;\"><strong>Biography: <\/strong><\/p>\n<p style=\"text-align: justify;\">Juan Patricio Borghetti Im\u00e9rito (Buenos Aires, December 5, 1973) is an Argentine nationalized Mexican actor, singer and television host.<\/p>\n<p style=\"text-align: justify;\">He stood out in his school stage in athletics disciplines. At the age of 14, he formed his first rock band, which was called &#8220;Sur&#8221;. She later worked as a model and appeared in many episodes of Argentine soap operas. In the mid-1990s, Borghetti arrived in Mexico, a country where he later appeared in the DKDA musical telenovela Sue\u00f1os de Juventud, playing the role of Axel Harris, his first leading role.<\/p>\n<p style=\"text-align: justify;\">She also participated in The game of life (a telenovela of soccer girls and enthusiasts) and in Rebelde.<\/p>\n<p style=\"text-align: justify;\">For the year 2006 he made a musical collaboration alongside the Mexican singer Yuridia in the song &#8220;Eclipse Total del Amor&#8221; from her album Habla el coraz\u00f3n.<\/p>\n<p style=\"text-align: justify;\"><strong>Discograf\u00eda<\/strong><\/p>\n<table width=\"395\">\n<tbody>\n<tr>\n<td style=\"text-align: center;\" width=\"80\"><strong>G\u00e9nero Pop<\/strong><\/td>\n<td style=\"text-align: center;\" width=\"235\"><strong>Escuchar Tema<\/strong><\/td>\n<td style=\"text-align: center;\" width=\"80\"><strong>A\u00f1o de Publicaci\u00f3n<\/strong><\/td>\n<\/tr>\n<tr>\n<td><\/td>\n<td><\/td>\n<td><\/td>\n<\/tr>\n<tr>\n<td>1<\/td>\n<td>DKDA (Sue\u00f1os de Juventud)<\/td>\n<td>2000<\/td>\n<\/tr>\n<tr>\n<td>2<\/td>\n<td>Patricio Borghetti<\/td>\n<td>2002<\/td>\n<\/tr>\n<tr>\n<td>3<\/td>\n<td>Eternamente<\/td>\n<td>2006<\/td>\n<\/tr>\n<tr>\n<td><\/td>\n<td><\/td>\n<td><\/td>\n<\/tr>\n<\/tbody>\n<\/table>\n","protected":false},"excerpt":{"rendered":"<p>&nbsp; Fecha de Nacimiento: 5 de diciembre de 1973 Biograf\u00eda Juan Patricio Borghetti Im\u00e9rito (Buenos Aires, 5 de diciembre de 1973) es un actor, cantante y conductor de televisi\u00f3n argentino nacionalizado mexicano. Destac\u00f3 en su etapa escolar en disciplinas de atletismo. A los 14 a\u00f1os, \u00e9l form\u00f3 su primera banda de rock, la cual fue &hellip;<\/p>\n","protected":false},"author":1,"featured_media":0,"parent":0,"menu_order":0,"comment_status":"closed","ping_status":"closed","template":"","meta":{"footnotes":""},"class_list":["post-29132","page","type-page","status-publish",""],"jetpack_sharing_enabled":true,"_links":{"self":[{"href":"http:\/\/mickyandoniehn.com\/radio\/wp-json\/wp\/v2\/pages\/29132","targetHints":{"allow":["GET"]}}],"collection":[{"href":"http:\/\/mickyandoniehn.com\/radio\/wp-json\/wp\/v2\/pages"}],"about":[{"href":"http:\/\/mickyandoniehn.com\/radio\/wp-json\/wp\/v2\/types\/page"}],"author":[{"embeddable":true,"href":"http:\/\/mickyandoniehn.com\/radio\/wp-json\/wp\/v2\/users\/1"}],"replies":[{"embeddable":true,"href":"http:\/\/mickyandoniehn.com\/radio\/wp-json\/wp\/v2\/comments?post=29132"}],"version-history":[{"count":2,"href":"http:\/\/mickyandoniehn.com\/radio\/wp-json\/wp\/v2\/pages\/29132\/revisions"}],"predecessor-version":[{"id":30460,"href":"http:\/\/mickyandoniehn.com\/radio\/wp-json\/wp\/v2\/pages\/29132\/revisions\/30460"}],"wp:attachment":[{"href":"http:\/\/mickyandoniehn.com\/radio\/wp-json\/wp\/v2\/media?parent=29132"}],"curies":[{"name":"wp","href":"https:\/\/api.w.org\/{rel}","templated":true}]}}