{"id":29130,"date":"2022-08-29T08:15:44","date_gmt":"2022-08-29T14:15:44","guid":{"rendered":"https:\/\/mickyandoniehn.com\/radio\/?page_id=29130"},"modified":"2022-09-01T10:33:28","modified_gmt":"2022-09-01T16:33:28","slug":"j-j-cale","status":"publish","type":"page","link":"http:\/\/mickyandoniehn.com\/radio\/j-j-cale\/","title":{"rendered":"J. J. Cale"},"content":{"rendered":"<p style=\"text-align: justify;\"><img loading=\"lazy\" decoding=\"async\" class=\" wp-image-23982 aligncenter\" src=\"http:\/\/mickyandoniehn.com\/radio\/wp-content\/uploads\/2022\/08\/J.-J.-Cale-300x224.jpg\" alt=\"\" width=\"682\" height=\"510\" srcset=\"http:\/\/mickyandoniehn.com\/radio\/wp-content\/uploads\/2022\/08\/J.-J.-Cale-300x224.jpg 300w, http:\/\/mickyandoniehn.com\/radio\/wp-content\/uploads\/2022\/08\/J.-J.-Cale.jpg 715w\" sizes=\"auto, (max-width: 682px) 100vw, 682px\" \/><\/p>\n<p>&nbsp;<\/p>\n<div class=\"cxmmr5t8 oygrvhab hcukyx3x c1et5uql o9v6fnle\" style=\"text-align: justify;\">\n<div dir=\"auto\"><strong>Fecha de Nacimiento:<\/strong> 5 de diciembre de 1938<\/div>\n<p>&nbsp;<\/p>\n<div dir=\"auto\"><\/div>\n<div dir=\"auto\"><strong>Fecha de Fallecimiento:<\/strong> 26 de julio de 2013<\/div>\n<p>&nbsp;<\/p>\n<div dir=\"auto\"><\/div>\n<\/div>\n<div class=\"cxmmr5t8 oygrvhab hcukyx3x c1et5uql o9v6fnle\" style=\"text-align: justify;\">\n<div dir=\"auto\"><strong>Biograf\u00eda:<\/strong><\/div>\n<p>&nbsp;<\/p>\n<div dir=\"auto\"><\/div>\n<div dir=\"auto\">Cale naci\u00f3 el 5 de diciembre de 1938 en Oklahoma City. Creci\u00f3 en Tulsa, Oklahoma y se gradu\u00f3 en la escuela secundaria en 1956. Junto a otros m\u00fasicos j\u00f3venes de Tulsa, Cale se traslad\u00f3 a Los \u00c1ngeles a comienzos de la d\u00e9cada de 1960, donde comenz\u00f3 a trabajar como ingeniero de sonido en diferentes estudios. Debido a su poco \u00e9xito como artista, regres\u00f3 a Tulsa y consider\u00f3 abandonar la industria musical hasta que Eric Clapton ejecut\u00f3 una nueva versi\u00f3n de \u00abAfter Midnight\u00bb en 1970.<\/div>\n<p>&nbsp;<\/p>\n<div dir=\"auto\"><\/div>\n<\/div>\n<div class=\"cxmmr5t8 oygrvhab hcukyx3x c1et5uql o9v6fnle\" style=\"text-align: justify;\">\n<div dir=\"auto\">Su primer \u00e1lbum, Naturally, estableci\u00f3 su propio estilo musical, descrito por Richard Cromelin en Los Angeles Times como \u00abun h\u00edbrido \u00fanico de blues, folk y jazz, marcado por surcos relajados, la guitarra fluida de Cale y una voz lac\u00f3nica. Su uso temprano de cajas de ritmos y su mezcla poco convencional dio una calidad distintiva y atemporal a su trabajo y lo situ\u00f3 aparte del paquete del purismo musical de las ra\u00edces del americana\u00bb. En 2013, Neil Young coment\u00f3 que de todos los m\u00fasicos que hab\u00eda escuchado, Cale era, junto a Jimi Hendrix, el mejor guitarrista el\u00e9ctrico.<\/div>\n<p>&nbsp;<\/p>\n<div dir=\"auto\"><\/div>\n<\/div>\n<div class=\"cxmmr5t8 oygrvhab hcukyx3x c1et5uql o9v6fnle\" style=\"text-align: justify;\">\n<div dir=\"auto\">Algunas fuentes citan incorrectamente su nombre real como Jean-Jacques Cale. En el documental To Tulsa and Back: On Tour with J.J. Cale, el m\u00fasico habl\u00f3 sobre Elmer Valentine, copropietario de la discoteca Whisky a Go Go de Sunset Strip, quien lo contrat\u00f3 a mediados de la d\u00e9cada de 1960 y fue el responsable del acr\u00f3nimo JJ para evitar confusi\u00f3n con John Cale, miembro de Velvet Underground.<\/div>\n<p>&nbsp;<\/p>\n<div dir=\"auto\"><\/div>\n<\/div>\n<div class=\"cxmmr5t8 oygrvhab hcukyx3x c1et5uql o9v6fnle\" style=\"text-align: justify;\">\n<div dir=\"auto\">Su mayor \u00e9xito en los Estados Unidos, &#8220;Crazy Mama&#8221;, alcanz\u00f3 el puesto 22 en la lista Billboard Hot 100 en 1972. En el documental To Tulsa and Back, Cale relat\u00f3 que recibi\u00f3 una oportunidad para aparecer en el programa American Band stand para promocionar la canci\u00f3n. Cale declin\u00f3 la oferta cuando supo que no pod\u00eda llevar a su grupo y que ten\u00eda que cantar en playback.<\/div>\n<p>&nbsp;<\/p>\n<div dir=\"auto\"><\/div>\n<\/div>\n<div class=\"cxmmr5t8 oygrvhab hcukyx3x c1et5uql o9v6fnle\" style=\"text-align: justify;\">\n<div dir=\"auto\">Cale tambi\u00e9n fue conocido por su rechazo y aversi\u00f3n al estrellato, a las giras largas, y a las grabaciones peri\u00f3dicas. Fue un artista de culto para los m\u00fasicos, y relativamente desconocido para el p\u00fablico durante los \u00faltimos 35 a\u00f1os.<\/div>\n<p>&nbsp;<\/p>\n<div dir=\"auto\"><\/div>\n<\/div>\n<div class=\"cxmmr5t8 oygrvhab hcukyx3x c1et5uql o9v6fnle\" style=\"text-align: justify;\">\n<div dir=\"auto\">El lanzamiento de su \u00e1lbum To Tulsa and Back en 2004, as\u00ed como la aparici\u00f3n en el Festival Crossroads de Eric Clapton en 2006 y el estreno del documental To Tulsa and Back: On Tour with J.J. Cale, acercaron su discograf\u00eda a un nuevo p\u00fablico, m\u00e1s joven y m\u00e1s amplio. Adem\u00e1s, esta publicidad sigui\u00f3 hasta finales de 2006, cuando public\u00f3 un \u00e1lbum en colaboraci\u00f3n con Clapton, The Road to Escondido, que gan\u00f3 el Grammy al mejor \u00e1lbum contempor\u00e1neo de blues en la 50\u00aa edici\u00f3n de los premios en 2008.<\/div>\n<p>&nbsp;<\/p>\n<div dir=\"auto\"><\/div>\n<\/div>\n<div class=\"cxmmr5t8 oygrvhab hcukyx3x c1et5uql o9v6fnle\" style=\"text-align: justify;\">\n<div dir=\"auto\">El 26 de julio de 2013, Cale falleci\u00f3 en el Scripps Hospital de La Jolla, California a consecuencia de un ataque al coraz\u00f3n.<\/div>\n<p>&nbsp;<\/p>\n<div dir=\"auto\"><\/div>\n<\/div>\n<div class=\"cxmmr5t8 oygrvhab hcukyx3x c1et5uql o9v6fnle\" style=\"text-align: justify;\">\n<div dir=\"auto\">En agosto de 2018 se anunci\u00f3 el lanzamiento de Stay Around, un \u00e1lbum p\u00f3stumo con material in\u00e9dito mezclado y producido por el propio Cale, finalmente publicado en abril de 2019. El primer sencillo, &#8220;Chasing You&#8221;, fue estrenado el 31 de enero de 2019.<\/div>\n<p>&nbsp;<\/p>\n<\/div>\n<div dir=\"auto\"><\/div>\n<div class=\"cxmmr5t8 oygrvhab hcukyx3x c1et5uql o9v6fnle\" style=\"text-align: justify;\">\n<div dir=\"auto\"><strong>Wikipedia in English<\/strong><\/div>\n<p>&nbsp;<\/p>\n<div dir=\"auto\"><\/div>\n<\/div>\n<div class=\"cxmmr5t8 oygrvhab hcukyx3x c1et5uql o9v6fnle\" style=\"text-align: justify;\">\n<div dir=\"auto\"><strong>Date of Birth:<\/strong> December 05, 1938<\/div>\n<p>&nbsp;<\/p>\n<div dir=\"auto\"><\/div>\n<div dir=\"auto\"><strong>Date of Death:<\/strong> July 26, 2013<\/div>\n<p>&nbsp;<\/p>\n<div dir=\"auto\"><\/div>\n<\/div>\n<div class=\"cxmmr5t8 oygrvhab hcukyx3x c1et5uql o9v6fnle\" style=\"text-align: justify;\">\n<div dir=\"auto\"><strong>Biography:<\/strong><\/div>\n<p>&nbsp;<\/p>\n<div dir=\"auto\"><\/div>\n<div dir=\"auto\">Cale was born on December 5, 1938, in Oklahoma City. He grew up in Tulsa, Oklahoma and graduated from high school in 1956. Along with other young Tulsa musicians, Cale moved to Los Angeles in the early 1960s, where he began working as a sound engineer at different studios. . Due to his lack of success as an artist, he returned to Tulsa and considered leaving the music industry until Eric Clapton performed a remake of &#8220;After Midnight&#8221; in 1970.<\/div>\n<p>&nbsp;<\/p>\n<div dir=\"auto\"><\/div>\n<\/div>\n<div class=\"cxmmr5t8 oygrvhab hcukyx3x c1et5uql o9v6fnle\" style=\"text-align: justify;\">\n<div dir=\"auto\">His first album, Naturally, established his own musical style, described by Richard Cromelin in the Los Angeles Times as &#8220;a unique hybrid of blues, folk and jazz, punctuated by laid-back grooves, Cale&#8217;s flowing guitar and laconic voice. His early use of drum machines and unconventional mixing gave a distinctive and timeless quality to his work and set him apart from the package of musical purism of the Americana roots. In 2013, Neil Young commented that of all the musicians he had heard, Cale was, along with Jimi Hendrix, the best electric guitarist.<\/div>\n<p>&nbsp;<\/p>\n<div dir=\"auto\"><\/div>\n<\/div>\n<div class=\"cxmmr5t8 oygrvhab hcukyx3x c1et5uql o9v6fnle\" style=\"text-align: justify;\">\n<div dir=\"auto\">Some sources incorrectly quote his real name as Jean-Jacques Cale. In the documentary To Tulsa and Back: On Tour with J.J. Cale, the musician spoke about Elmer Valentine, co-owner of the Whiskey a Go Go nightclub on the Sunset Strip, who hired him in the mid-1960s and was responsible for the acronym JJ to avoid confusion with John Cale, a member of the Velvet Underground.<\/div>\n<p>&nbsp;<\/p>\n<div dir=\"auto\"><\/div>\n<\/div>\n<div class=\"cxmmr5t8 oygrvhab hcukyx3x c1et5uql o9v6fnle\" style=\"text-align: justify;\">\n<div dir=\"auto\">Her biggest US hit, &#8220;Crazy Mama,&#8221; peaked at # 22 on the Billboard Hot 100 chart in 1972. In the documentary To Tulsa and Back, Cale recounted that he received an opportunity to appear on the American Bandstand to promote the band. song. Cale declined the offer when he learned that he couldn&#8217;t take his group and that he had to sing in playback.<\/div>\n<p>&nbsp;<\/p>\n<div dir=\"auto\"><\/div>\n<\/div>\n<div class=\"cxmmr5t8 oygrvhab hcukyx3x c1et5uql o9v6fnle\" style=\"text-align: justify;\">\n<div dir=\"auto\">Cale was also known for his rejection and aversion to stardom, long tours, and periodical recordings. He was a cult artist to musicians, and relatively unknown to the public for the past 35 years.<\/div>\n<p>&nbsp;<\/p>\n<\/div>\n<div class=\"cxmmr5t8 oygrvhab hcukyx3x c1et5uql o9v6fnle\" style=\"text-align: justify;\">\n<div dir=\"auto\">The release of his album To Tulsa and Back in 2004, as well as Eric Clapton&#8217;s appearance at the Crossroads Festival in 2006 and the premiere of the documentary To Tulsa and Back: On Tour with J.J. Cale, brought his discography to a new, younger and broader audience. Furthermore, this publicity continued until the end of 2006, when he released an album in collaboration with Clapton, The Road to Escondido, which won the Grammy for best contemporary blues album at the 50th edition of the awards in 2008.<\/div>\n<p>&nbsp;<\/p>\n<div dir=\"auto\"><\/div>\n<\/div>\n<div class=\"cxmmr5t8 oygrvhab hcukyx3x c1et5uql o9v6fnle\" style=\"text-align: justify;\">\n<div dir=\"auto\">On July 26, 2013, Cale passed away at Scripps Hospital in La Jolla, California as a result of a heart attack.<\/div>\n<p>&nbsp;<\/p>\n<div dir=\"auto\"><\/div>\n<\/div>\n<div class=\"cxmmr5t8 oygrvhab hcukyx3x c1et5uql o9v6fnle\" style=\"text-align: justify;\">\n<div dir=\"auto\">In August 2018 the release of Stay Around was announced, a posthumous album with unreleased material mixed and produced by Cale himself, finally released in April 2019. The first single, &#8220;Chasing You&#8221;, was released on January 31, 2019.<\/div>\n<p>&nbsp;<\/p>\n<div dir=\"auto\"><\/div>\n<\/div>\n<div class=\"cxmmr5t8 oygrvhab hcukyx3x c1et5uql o9v6fnle\" style=\"text-align: justify;\">\n<div dir=\"auto\"><strong>Discography<\/strong><\/div>\n<p>&nbsp;<\/p>\n<div dir=\"auto\"><\/div>\n<\/div>\n<table width=\"711\">\n<tbody>\n<tr>\n<td style=\"text-align: center;\" width=\"101\"><strong>G\u00e9nero Rock<\/strong><\/td>\n<td style=\"text-align: center;\" width=\"513\"><strong>Escuchar Tema<\/strong><\/td>\n<td style=\"text-align: center;\" width=\"97\"><strong>A\u00f1o de Publicaci\u00f3n<\/strong><\/td>\n<\/tr>\n<tr>\n<td>1<\/td>\n<td>&#8220;Shock Hop&#8221;\/&#8221;Sneaky&#8221; (como Johnny Cale)<\/td>\n<td>1958<\/td>\n<\/tr>\n<tr>\n<td>2<\/td>\n<td>&#8220;Troubles, Troubles&#8221;\/&#8221;Purple Onion&#8221; (como Johnny Cale Quintet)<\/td>\n<td>1960<\/td>\n<\/tr>\n<tr>\n<td>3<\/td>\n<td>&#8220;Ain&#8217;t That Lovin You Baby&#8221;\/&#8221;She&#8217;s My Desire&#8221; (como Johnny Cale Quintet)<\/td>\n<td>1961<\/td>\n<\/tr>\n<tr>\n<td>4<\/td>\n<td>&#8220;It&#8217;s A Go Go Place&#8221;\/&#8221;Dick Tracy&#8221;<\/td>\n<td>1965<\/td>\n<\/tr>\n<tr>\n<td>5<\/td>\n<td>&#8220;In Our Time&#8221;\/&#8221;Outside Looking In&#8221;<\/td>\n<td>1966<\/td>\n<\/tr>\n<tr>\n<td>6<\/td>\n<td>&#8220;After Midnight&#8221;\/&#8221;Slow Motion&#8221;<\/td>\n<td>1966<\/td>\n<\/tr>\n<tr>\n<td>7<\/td>\n<td>&#8220;Crazy Mama&#8221;<\/td>\n<td>1971<\/td>\n<\/tr>\n<tr>\n<td>8<\/td>\n<td>&#8220;Lies&#8221;\/&#8221;Riding Home&#8221;<\/td>\n<td>1972<\/td>\n<\/tr>\n<tr>\n<td>9<\/td>\n<td>&#8220;Katy Kool Lady&#8221;\/&#8221;Ju\u00e1rez Blues&#8221;<\/td>\n<td>1979<\/td>\n<\/tr>\n<tr>\n<td><\/td>\n<td><\/td>\n<td><\/td>\n<\/tr>\n<tr>\n<td style=\"text-align: center;\"><\/td>\n<td style=\"text-align: center;\"><strong>\u00c1lbumes de estudio<\/strong><\/td>\n<td><\/td>\n<\/tr>\n<tr>\n<td><\/td>\n<td><\/td>\n<td><\/td>\n<\/tr>\n<tr>\n<td>1<\/td>\n<td>Naturally<\/td>\n<td>1972<\/td>\n<\/tr>\n<tr>\n<td>2<\/td>\n<td>Really<\/td>\n<td>1973<\/td>\n<\/tr>\n<tr>\n<td>3<\/td>\n<td>Okie<\/td>\n<td>1974<\/td>\n<\/tr>\n<tr>\n<td>4<\/td>\n<td>Troubadour<\/td>\n<td>1976<\/td>\n<\/tr>\n<tr>\n<td>5<\/td>\n<td>Shades<\/td>\n<td>1981<\/td>\n<\/tr>\n<tr>\n<td>6<\/td>\n<td>Grass Hopper<\/td>\n<td>1982<\/td>\n<\/tr>\n<tr>\n<td>7<\/td>\n<td>Travel-Log<\/td>\n<td>1990<\/td>\n<\/tr>\n<tr>\n<td>8<\/td>\n<td>\u00a0Number 10<\/td>\n<td>1992<\/td>\n<\/tr>\n<tr>\n<td>9<\/td>\n<td>Closer to You<\/td>\n<td>1994<\/td>\n<\/tr>\n<tr>\n<td>10<\/td>\n<td>Guitar Man<\/td>\n<td>1996<\/td>\n<\/tr>\n<tr>\n<td>11<\/td>\n<td>To Tulsa and Back<\/td>\n<td>2004<\/td>\n<\/tr>\n<tr>\n<td>12<\/td>\n<td>The Road to Escondido<\/td>\n<td>2006<\/td>\n<\/tr>\n<tr>\n<td>13<\/td>\n<td>Roll On<\/td>\n<td>2009<\/td>\n<\/tr>\n<tr>\n<td>14<\/td>\n<td>Stay Around<\/td>\n<td>2019<\/td>\n<\/tr>\n<tr>\n<td><\/td>\n<td><\/td>\n<td><\/td>\n<\/tr>\n<\/tbody>\n<\/table>\n<p><span style=\"text-align: justify;\">Cr\u00e9ditos tomados de Wikipedia:<\/span><\/p>\n<div class=\"cxmmr5t8 oygrvhab hcukyx3x c1et5uql o9v6fnle\" style=\"text-align: justify;\">\n<div dir=\"auto\"><a class=\"oajrlxb2 g5ia77u1 qu0x051f esr5mh6w e9989ue4 r7d6kgcz rq0escxv nhd2j8a9 nc684nl6 p7hjln8o kvgmc6g5 cxmmr5t8 oygrvhab hcukyx3x jb3vyjys rz4wbd8a qt6c0cv9 a8nywdso i1ao9s8h esuyzwwr f1sip0of lzcic4wl gpro0wi8 py34i1dx\" tabindex=\"0\" role=\"link\" href=\"https:\/\/es.wikipedia.org\/wiki\/J._J._Cale?fbclid=IwAR19IrF__B-Q0RP67QZ4Eurp-jvOQUhkjstJ73p6n04GKbtpmLd9wC93Xwk\" target=\"_blank\" rel=\"nofollow noopener\">https:\/\/es.wikipedia.org\/wiki\/J._J._Cale<\/a><\/div>\n<div dir=\"auto\"><\/div>\n<p>&nbsp;<\/p>\n<\/div>\n<div class=\"epyt-video-wrapper\"><iframe loading=\"lazy\"  id=\"_ytid_10378\"  width=\"618\" height=\"347\"  data-origwidth=\"618\" data-origheight=\"347\" src=\"https:\/\/www.youtube.com\/embed\/yPJsgfgnesI?enablejsapi=1&#038;autoplay=0&#038;cc_load_policy=0&#038;cc_lang_pref=&#038;iv_load_policy=1&#038;loop=0&#038;modestbranding=0&#038;rel=1&#038;fs=1&#038;playsinline=0&#038;autohide=2&#038;theme=dark&#038;color=red&#038;controls=1&#038;\" class=\"__youtube_prefs__  epyt-is-override  no-lazyload\" title=\"YouTube player\"  allow=\"fullscreen; accelerometer; autoplay; clipboard-write; encrypted-media; gyroscope; picture-in-picture\" allowfullscreen data-no-lazy=\"1\" data-skipgform_ajax_framebjll=\"\"><\/iframe><\/div>\n","protected":false},"excerpt":{"rendered":"<p>&nbsp; Fecha de Nacimiento: 5 de diciembre de 1938 &nbsp; Fecha de Fallecimiento: 26 de julio de 2013 &nbsp; Biograf\u00eda: &nbsp; Cale naci\u00f3 el 5 de diciembre de 1938 en Oklahoma City. Creci\u00f3 en Tulsa, Oklahoma y se gradu\u00f3 en la escuela secundaria en 1956. Junto a otros m\u00fasicos j\u00f3venes de Tulsa, Cale se traslad\u00f3 &hellip;<\/p>\n","protected":false},"author":1,"featured_media":0,"parent":0,"menu_order":0,"comment_status":"closed","ping_status":"closed","template":"","meta":{"footnotes":""},"class_list":["post-29130","page","type-page","status-publish",""],"jetpack_sharing_enabled":true,"_links":{"self":[{"href":"http:\/\/mickyandoniehn.com\/radio\/wp-json\/wp\/v2\/pages\/29130","targetHints":{"allow":["GET"]}}],"collection":[{"href":"http:\/\/mickyandoniehn.com\/radio\/wp-json\/wp\/v2\/pages"}],"about":[{"href":"http:\/\/mickyandoniehn.com\/radio\/wp-json\/wp\/v2\/types\/page"}],"author":[{"embeddable":true,"href":"http:\/\/mickyandoniehn.com\/radio\/wp-json\/wp\/v2\/users\/1"}],"replies":[{"embeddable":true,"href":"http:\/\/mickyandoniehn.com\/radio\/wp-json\/wp\/v2\/comments?post=29130"}],"version-history":[{"count":2,"href":"http:\/\/mickyandoniehn.com\/radio\/wp-json\/wp\/v2\/pages\/29130\/revisions"}],"predecessor-version":[{"id":30277,"href":"http:\/\/mickyandoniehn.com\/radio\/wp-json\/wp\/v2\/pages\/29130\/revisions\/30277"}],"wp:attachment":[{"href":"http:\/\/mickyandoniehn.com\/radio\/wp-json\/wp\/v2\/media?parent=29130"}],"curies":[{"name":"wp","href":"https:\/\/api.w.org\/{rel}","templated":true}]}}