{"id":28895,"date":"2022-08-26T12:36:07","date_gmt":"2022-08-26T18:36:07","guid":{"rendered":"https:\/\/mickyandoniehn.com\/radio\/?page_id=28895"},"modified":"2022-09-01T10:59:30","modified_gmt":"2022-09-01T16:59:30","slug":"julieta-venegas","status":"publish","type":"page","link":"http:\/\/mickyandoniehn.com\/radio\/julieta-venegas\/","title":{"rendered":"Julieta Venegas"},"content":{"rendered":"<p style=\"text-align: justify;\"><strong><img loading=\"lazy\" decoding=\"async\" class=\" wp-image-23712 aligncenter\" src=\"http:\/\/mickyandoniehn.com\/radio\/wp-content\/uploads\/2022\/07\/Julieta-Venegas-201x300.jpg\" alt=\"\" width=\"380\" height=\"567\" srcset=\"http:\/\/mickyandoniehn.com\/radio\/wp-content\/uploads\/2022\/07\/Julieta-Venegas-201x300.jpg 201w, http:\/\/mickyandoniehn.com\/radio\/wp-content\/uploads\/2022\/07\/Julieta-Venegas.jpg 230w\" sizes=\"auto, (max-width: 380px) 100vw, 380px\" \/><\/strong><\/p>\n<p>&nbsp;<\/p>\n<p style=\"text-align: justify;\"><strong>Fecha de Nacimiento:<\/strong> 24 de noviembre de 1970<\/p>\n<p style=\"text-align: justify;\"><strong>Biografia<\/strong><\/p>\n<p style=\"text-align: justify;\">Es una compositora, cantante, m\u00fasica, activista y actriz mexicana nacida en Estados Unidos. Es una de las cantantes latinas m\u00e1s reconocidas a nivel mundial.<\/p>\n<p style=\"text-align: justify;\">\u00a1Fue integrante de la banda mexicana de ska y reggae Tijuana No!, en la que compuso la canci\u00f3n m\u00e1s exitosa de la agrupaci\u00f3n: \u00abPobre de ti\u00bb, junto a \u00c1lex Z\u00fa\u00f1iga. En 1996 comenz\u00f3 su carrera como solista cuando viaj\u00f3 a la Ciudad de M\u00e9xico apoyada por la banda Caf\u00e9 Tacvba.12\u200b Consigui\u00f3 un contrato con el sello discogr\u00e1fico BMG\/Ariola, lanzando su \u00e1lbum debut Aqu\u00ed (1997) al igual que su siguiente producci\u00f3n Buen invento (2000) discos producidos por Gustavo Santaolalla y obtuvo muy buenas cr\u00edticas en el p\u00fablico del rock de su pa\u00eds natal.<\/p>\n<p style=\"text-align: justify;\">Su siguiente \u00e1lbum de estudio S\u00ed (2003) la lleva a la fama en Am\u00e9rica Latina y Espa\u00f1a d\u00e1ndole varios premios. Lanza su cuarta producci\u00f3n Lim\u00f3n y Sal (2006), ahora con el sello de Sony &amp; BMG, con el cual alcanz\u00f3 m\u00e1s popularidad en Am\u00e9rica Latina y en varios pa\u00edses de Europa, este d\u00e1ndole varios reconocimientos, premios y discos de Platino.14\u200b Su primer \u00e1lbum en vivo MTV Unplugged (2008), con el cual se consolid\u00f3 a nivel internacional y la populariza en pa\u00edses como Brasil e Reino Unido. Vendi\u00f3 m\u00e1s de 400,000 copias en descarga digital y obtuvo as\u00ed disco de diamante y en f\u00edsico 100 000 copias en M\u00e9xico.<\/p>\n<p style=\"text-align: justify;\">Con la discogr\u00e1fica Sony Music, lanz\u00f3 su quinto disco de estudio, Otra Cosa (2010) el cual es un disco con menos producci\u00f3n, m\u00e1s personal. Alcanz\u00f3 altos niveles de ventas en M\u00e9xico y en varios pa\u00edses (tanto en Am\u00e9rica como en Europa), lo que la llev\u00f3 a presentarse en m\u00faltiples foros internacionales.<\/p>\n<p style=\"text-align: justify;\">Public\u00f3 su sexto \u00e1lbum de estudio Los Momentos (2013), con el que dio un cambio de g\u00e9nero y le apuesta a la m\u00fasica indie y minimalista.17\u200b Este \u00e1lbum es el menos comercial de su carrera, pero lleg\u00f3 a las primeras posiciones en tiendas digitales en Am\u00e9rica Latina, Espa\u00f1a y los Estados Unidos. Lanz\u00f3 su s\u00e9ptimo \u00e1lbum de estudio Algo Sucede (2015),18\u200b el cual debuta en el n\u00famero 1 en la lista Latin Pop Albums del Billboard, en este \u00e1lbum retom\u00f3 los sonido ac\u00fasticos y su caracter\u00edstico acorde\u00f3n.<\/p>\n<p style=\"text-align: justify;\"><strong>Date of Birth:<\/strong> November 24, 1970<\/p>\n<p style=\"text-align: justify;\"><strong>Biography<\/strong><\/p>\n<p style=\"text-align: justify;\">She is a Mexican composer, singer, musician, activist and actress born in the United States. She is one of the most recognized Latin singers worldwide.<\/p>\n<p style=\"text-align: justify;\">He was a member of the Mexican ska and reggae band Tijuana No!, in which he composed the group&#8217;s most successful song: &#8220;Pobre de ti&#8221;, together with \u00c1lex Z\u00fa\u00f1iga. In 1996 she began her solo career when she traveled to Mexico City supported by the band Caf\u00e9 Tacvba.12 She got a contract with the BMG\/Ariola record label, releasing her debut album Here (1997) as well as her next production Buen Invento (2000) albums produced by Gustavo Santaolalla and received very good reviews from the rock audience of his native country.<\/p>\n<p style=\"text-align: justify;\">Her next studio album S\u00ed (2003) brought her to fame in Latin America and Spain, giving her several awards. He launched his fourth production Lim\u00f3n y Sal (2006), now with the Sony &amp; BMG label, with which he achieved more popularity in Latin America and in several European countries, this one giving him several recognitions, awards and Platinum records.14 His first live album MTV Unplugged (2008), with which it was consolidated internationally and popularized in countries such as Brazil and the United Kingdom. It sold more than 400,000 copies in digital download and thus obtained a Diamond disc and 100,000 physical copies in Mexico.<\/p>\n<p style=\"text-align: justify;\">With the Sony Music record company, he released his fifth studio album, Otra Cosa (2010), which is an album with less production, more personal. It reached high levels of sales in Mexico and in several countries (both in America and Europe), which led it to appear in multiple international forums.<\/p>\n<p style=\"text-align: justify;\">He published his sixth studio album Los Momentos (2013), with which he changed the genre and bets on indie and minimalist music. This album is the least commercial of his career, but it reached the top positions in stores in Latin America, Spain and the United States. He released his seventh studio album Algo Sucede (2015),18 which debuted at number 1 on Billboard Latin Pop Albums list, on this album he returned to acoustic sounds and his characteristic accordion.<\/p>\n<p style=\"text-align: justify;\"><strong>Discograf\u00eda<\/strong><\/p>\n<table width=\"695\">\n<tbody>\n<tr>\n<td style=\"text-align: center;\" width=\"237\"><strong>Genero Rock Latin<\/strong><\/td>\n<td style=\"text-align: center;\" width=\"368\"><strong>Escuchar tema<\/strong><\/td>\n<td style=\"text-align: center;\" width=\"90\"><strong>A\u00f1o<\/strong><\/td>\n<\/tr>\n<tr>\n<td style=\"text-align: center;\"><\/td>\n<td style=\"text-align: center;\"><strong>Aqu\u00ed<\/strong><\/td>\n<td style=\"text-align: center;\"><strong>1997<\/strong><\/td>\n<\/tr>\n<tr>\n<td>1<\/td>\n<td>Oportunidad<\/td>\n<td><\/td>\n<\/tr>\n<tr>\n<td>2<\/td>\n<td>Antes<\/td>\n<td><\/td>\n<\/tr>\n<tr>\n<td>3<\/td>\n<td>De Mis Pasos<\/td>\n<td><\/td>\n<\/tr>\n<tr>\n<td>4<\/td>\n<td>C\u00f3mo S\u00e9<\/td>\n<td><\/td>\n<\/tr>\n<tr>\n<td>5<\/td>\n<td>Libertad<\/td>\n<td><\/td>\n<\/tr>\n<tr>\n<td>6<\/td>\n<td>Con Su Propia Voz<\/td>\n<td><\/td>\n<\/tr>\n<tr>\n<td>7<\/td>\n<td>Esta Vez<\/td>\n<td><\/td>\n<\/tr>\n<tr>\n<td>8<\/td>\n<td>Recuerdo Perdido<\/td>\n<td><\/td>\n<\/tr>\n<tr>\n<td>9<\/td>\n<td>Andamos Huyendo<\/td>\n<td><\/td>\n<\/tr>\n<tr>\n<td>10<\/td>\n<td>Quitar A Otras<\/td>\n<td><\/td>\n<\/tr>\n<tr>\n<td>11<\/td>\n<td>Sabi\u00e9ndose De Los Descalzos<\/td>\n<td><\/td>\n<\/tr>\n<tr>\n<td>12<\/td>\n<td>Verdad<\/td>\n<td><\/td>\n<\/tr>\n<tr>\n<td>13<\/td>\n<td>De Mis Pasos<\/td>\n<td><\/td>\n<\/tr>\n<tr>\n<td><\/td>\n<td><\/td>\n<td><\/td>\n<\/tr>\n<tr>\n<td style=\"text-align: center;\"><\/td>\n<td style=\"text-align: center;\"><strong>Buen invento<\/strong><\/td>\n<td style=\"text-align: center;\"><strong>2000<\/strong><\/td>\n<\/tr>\n<tr>\n<td>1<\/td>\n<td>Fe<\/td>\n<td><\/td>\n<\/tr>\n<tr>\n<td>2<\/td>\n<td>Hoy No Quiero<\/td>\n<td><\/td>\n<\/tr>\n<tr>\n<td>3<\/td>\n<td>Casa Abandonada<\/td>\n<td><\/td>\n<\/tr>\n<tr>\n<td>4<\/td>\n<td>Enero Y Abril<\/td>\n<td><\/td>\n<\/tr>\n<tr>\n<td>5<\/td>\n<td>Voluntad<\/td>\n<td><\/td>\n<\/tr>\n<tr>\n<td>6<\/td>\n<td>Salvavidas<\/td>\n<td><\/td>\n<\/tr>\n<tr>\n<td>7<\/td>\n<td>Siempre En Mi Mente<\/td>\n<td><\/td>\n<\/tr>\n<tr>\n<td>8<\/td>\n<td>Flor<\/td>\n<td><\/td>\n<\/tr>\n<tr>\n<td>9<\/td>\n<td>Todo Inventamos<\/td>\n<td><\/td>\n<\/tr>\n<tr>\n<td>10<\/td>\n<td>Buen invento<\/td>\n<td><\/td>\n<\/tr>\n<tr>\n<td>11<\/td>\n<td>Ser\u00eda Feliz<\/td>\n<td><\/td>\n<\/tr>\n<tr>\n<td>12<\/td>\n<td>Otro Sol<\/td>\n<td><\/td>\n<\/tr>\n<tr>\n<td>13<\/td>\n<td>Instant\u00e1nea<\/td>\n<td><\/td>\n<\/tr>\n<tr>\n<td>14<\/td>\n<td>Sue\u00f1o De Sombras<\/td>\n<td><\/td>\n<\/tr>\n<tr>\n<td><\/td>\n<td><\/td>\n<td><\/td>\n<\/tr>\n<tr>\n<td style=\"text-align: center;\"><\/td>\n<td style=\"text-align: center;\"><strong>Si<\/strong><\/td>\n<td style=\"text-align: center;\"><strong>2003<\/strong><\/td>\n<\/tr>\n<tr>\n<td>1<\/td>\n<td>Lento<\/td>\n<td><\/td>\n<\/tr>\n<tr>\n<td>2<\/td>\n<td>Andar Conmigo<\/td>\n<td><\/td>\n<\/tr>\n<tr>\n<td>3<\/td>\n<td>Algo Est\u00e1 Cambiando<\/td>\n<td><\/td>\n<\/tr>\n<tr>\n<td>4<\/td>\n<td>A Tu Lado<\/td>\n<td><\/td>\n<\/tr>\n<tr>\n<td>5<\/td>\n<td>Lo Que Pidas<\/td>\n<td><\/td>\n<\/tr>\n<tr>\n<td>6<\/td>\n<td>Mala Memoria<\/td>\n<td><\/td>\n<\/tr>\n<tr>\n<td>7<\/td>\n<td>Nada Serio<\/td>\n<td><\/td>\n<\/tr>\n<tr>\n<td>8<\/td>\n<td>Donde Quiero Estar<\/td>\n<td><\/td>\n<\/tr>\n<tr>\n<td>9<\/td>\n<td>Alguien<\/td>\n<td><\/td>\n<\/tr>\n<tr>\n<td>10<\/td>\n<td>Oleada<\/td>\n<td><\/td>\n<\/tr>\n<tr>\n<td><\/td>\n<td><\/td>\n<td><\/td>\n<\/tr>\n<tr>\n<td style=\"text-align: center;\"><\/td>\n<td style=\"text-align: center;\"><strong>Lim\u00f3n y Sal<\/strong><\/td>\n<td style=\"text-align: center;\"><strong>2006<\/strong><\/td>\n<\/tr>\n<tr>\n<td>1<\/td>\n<td>Canciones De Amor<\/td>\n<td><\/td>\n<\/tr>\n<tr>\n<td>2<\/td>\n<td>Me Voy<\/td>\n<td><\/td>\n<\/tr>\n<tr>\n<td>3<\/td>\n<td>Primer D\u00eda<\/td>\n<td><\/td>\n<\/tr>\n<tr>\n<td>4<\/td>\n<td>Lim\u00f3n Y Sal<\/td>\n<td><\/td>\n<\/tr>\n<tr>\n<td>5<\/td>\n<td>Dulce Compa\u00f1\u00eda<\/td>\n<td><\/td>\n<\/tr>\n<tr>\n<td>6<\/td>\n<td>De Qu\u00e9 Me Sirve<\/td>\n<td><\/td>\n<\/tr>\n<tr>\n<td>7<\/td>\n<td>A Donde Sea<\/td>\n<td><\/td>\n<\/tr>\n<tr>\n<td>8<\/td>\n<td>M\u00edrame Bien<\/td>\n<td><\/td>\n<\/tr>\n<tr>\n<td>9<\/td>\n<td>No Ser\u00e9<\/td>\n<td><\/td>\n<\/tr>\n<tr>\n<td>10<\/td>\n<td>\u00daltima Vez<\/td>\n<td><\/td>\n<\/tr>\n<tr>\n<td>11<\/td>\n<td>Eres Para M\u00ed<\/td>\n<td><\/td>\n<\/tr>\n<tr>\n<td>12<\/td>\n<td>No Hace Falta<\/td>\n<td><\/td>\n<\/tr>\n<tr>\n<td>13<\/td>\n<td>Te Voy A Mostrar<\/td>\n<td><\/td>\n<\/tr>\n<tr>\n<td>14<\/td>\n<td>Sin Documentos<\/td>\n<td><\/td>\n<\/tr>\n<tr>\n<td><\/td>\n<td><\/td>\n<td><\/td>\n<\/tr>\n<tr>\n<td><\/td>\n<td>Otra Cosa<\/td>\n<td>2010<\/td>\n<\/tr>\n<tr>\n<td>1<\/td>\n<td>Amores Plat\u00f3nicos<\/td>\n<td><\/td>\n<\/tr>\n<tr>\n<td>2<\/td>\n<td>Bien O Mal<\/td>\n<td><\/td>\n<\/tr>\n<tr>\n<td>3<\/td>\n<td>Despedida<\/td>\n<td><\/td>\n<\/tr>\n<tr>\n<td>4<\/td>\n<td>Debajo De Mi Lengua<\/td>\n<td><\/td>\n<\/tr>\n<tr>\n<td>5<\/td>\n<td>Revoluci\u00f3n<\/td>\n<td><\/td>\n<\/tr>\n<tr>\n<td>6<\/td>\n<td>Otra Cosa<\/td>\n<td><\/td>\n<\/tr>\n<tr>\n<td>7<\/td>\n<td>Original<\/td>\n<td><\/td>\n<\/tr>\n<tr>\n<td>8<\/td>\n<td>Ya Conocer\u00e1n<\/td>\n<td><\/td>\n<\/tr>\n<tr>\n<td>9<\/td>\n<td>Duda<\/td>\n<td><\/td>\n<\/tr>\n<tr>\n<td>10<\/td>\n<td>Si T\u00fa No Est\u00e1s<\/td>\n<td><\/td>\n<\/tr>\n<tr>\n<td>11<\/td>\n<td>Un Lugar<\/td>\n<td><\/td>\n<\/tr>\n<tr>\n<td>12<\/td>\n<td>Eterno<\/td>\n<td><\/td>\n<\/tr>\n<tr>\n<td><\/td>\n<td><\/td>\n<td><\/td>\n<\/tr>\n<tr>\n<td style=\"text-align: center;\"><\/td>\n<td style=\"text-align: center;\"><strong>Los Momentos<\/strong><\/td>\n<td style=\"text-align: center;\"><strong>2013<\/strong><\/td>\n<\/tr>\n<tr>\n<td>1<\/td>\n<td>Hoy<\/td>\n<td><\/td>\n<\/tr>\n<tr>\n<td>2<\/td>\n<td>\u00bfPor Qu\u00e9?<\/td>\n<td><\/td>\n<\/tr>\n<tr>\n<td>3<\/td>\n<td>Te Vi<\/td>\n<td><\/td>\n<\/tr>\n<tr>\n<td>4<\/td>\n<td>Nada Importante<\/td>\n<td><\/td>\n<\/tr>\n<tr>\n<td>5<\/td>\n<td>Verte Otra Vez<\/td>\n<td><\/td>\n<\/tr>\n<tr>\n<td>6<\/td>\n<td>Vuelve<\/td>\n<td><\/td>\n<\/tr>\n<tr>\n<td>7<\/td>\n<td>No Cre\u00ed<\/td>\n<td><\/td>\n<\/tr>\n<tr>\n<td>8<\/td>\n<td>Volver A Empezar<\/td>\n<td><\/td>\n<\/tr>\n<tr>\n<td>9<\/td>\n<td>Tuve Para Dar<\/td>\n<td><\/td>\n<\/tr>\n<tr>\n<td>10<\/td>\n<td>Los Momentos<\/td>\n<td><\/td>\n<\/tr>\n<tr>\n<td>11<\/td>\n<td>Un Poco De Paz<\/td>\n<td><\/td>\n<\/tr>\n<tr>\n<td><\/td>\n<td><\/td>\n<td><\/td>\n<\/tr>\n<tr>\n<td style=\"text-align: center;\"><\/td>\n<td style=\"text-align: center;\"><strong>Algo Sucede<\/strong><\/td>\n<td style=\"text-align: center;\"><strong>2015<\/strong><\/td>\n<\/tr>\n<tr>\n<td>1<\/td>\n<td>Esperaba<\/td>\n<td><\/td>\n<\/tr>\n<tr>\n<td>2<\/td>\n<td>Tu Calor<\/td>\n<td><\/td>\n<\/tr>\n<tr>\n<td>3<\/td>\n<td>Ese Camino<\/td>\n<td><\/td>\n<\/tr>\n<tr>\n<td>4<\/td>\n<td>Algo Sucede<\/td>\n<td><\/td>\n<\/tr>\n<tr>\n<td>5<\/td>\n<td>Una Respuesta<\/td>\n<td><\/td>\n<\/tr>\n<tr>\n<td>6<\/td>\n<td>Buenas Noches, Desolaci\u00f3n<\/td>\n<td><\/td>\n<\/tr>\n<tr>\n<td>7<\/td>\n<td>Dos Soledades<\/td>\n<td><\/td>\n<\/tr>\n<tr>\n<td>8<\/td>\n<td>Se Explicar\u00e1<\/td>\n<td><\/td>\n<\/tr>\n<tr>\n<td>9<\/td>\n<td>Porvenir<\/td>\n<td><\/td>\n<\/tr>\n<tr>\n<td>10<\/td>\n<td>Parte M\u00eda<\/td>\n<td><\/td>\n<\/tr>\n<tr>\n<td>11<\/td>\n<td>Explosi\u00f3n<\/td>\n<td><\/td>\n<\/tr>\n<tr>\n<td>12<\/td>\n<td>Todo Est\u00e1 Aqu\u00ed<\/td>\n<td><\/td>\n<\/tr>\n<tr>\n<td><\/td>\n<td><\/td>\n<td><\/td>\n<\/tr>\n<\/tbody>\n<\/table>\n<p style=\"text-align: justify;\"><strong>\u00a0<\/strong><\/p>\n","protected":false},"excerpt":{"rendered":"<p>&nbsp; Fecha de Nacimiento: 24 de noviembre de 1970 Biografia Es una compositora, cantante, m\u00fasica, activista y actriz mexicana nacida en Estados Unidos. Es una de las cantantes latinas m\u00e1s reconocidas a nivel mundial. \u00a1Fue integrante de la banda mexicana de ska y reggae Tijuana No!, en la que compuso la canci\u00f3n m\u00e1s exitosa de &hellip;<\/p>\n","protected":false},"author":1,"featured_media":0,"parent":0,"menu_order":0,"comment_status":"closed","ping_status":"closed","template":"","meta":{"footnotes":""},"class_list":["post-28895","page","type-page","status-publish",""],"jetpack_sharing_enabled":true,"_links":{"self":[{"href":"http:\/\/mickyandoniehn.com\/radio\/wp-json\/wp\/v2\/pages\/28895","targetHints":{"allow":["GET"]}}],"collection":[{"href":"http:\/\/mickyandoniehn.com\/radio\/wp-json\/wp\/v2\/pages"}],"about":[{"href":"http:\/\/mickyandoniehn.com\/radio\/wp-json\/wp\/v2\/types\/page"}],"author":[{"embeddable":true,"href":"http:\/\/mickyandoniehn.com\/radio\/wp-json\/wp\/v2\/users\/1"}],"replies":[{"embeddable":true,"href":"http:\/\/mickyandoniehn.com\/radio\/wp-json\/wp\/v2\/comments?post=28895"}],"version-history":[{"count":2,"href":"http:\/\/mickyandoniehn.com\/radio\/wp-json\/wp\/v2\/pages\/28895\/revisions"}],"predecessor-version":[{"id":30321,"href":"http:\/\/mickyandoniehn.com\/radio\/wp-json\/wp\/v2\/pages\/28895\/revisions\/30321"}],"wp:attachment":[{"href":"http:\/\/mickyandoniehn.com\/radio\/wp-json\/wp\/v2\/media?parent=28895"}],"curies":[{"name":"wp","href":"https:\/\/api.w.org\/{rel}","templated":true}]}}