{"id":28878,"date":"2022-08-26T12:31:49","date_gmt":"2022-08-26T18:31:49","guid":{"rendered":"https:\/\/mickyandoniehn.com\/radio\/?page_id=28878"},"modified":"2022-09-01T10:57:13","modified_gmt":"2022-09-01T16:57:13","slug":"josh-turner","status":"publish","type":"page","link":"http:\/\/mickyandoniehn.com\/radio\/josh-turner\/","title":{"rendered":"Josh Turner"},"content":{"rendered":"<p style=\"text-align: justify;\"><img loading=\"lazy\" decoding=\"async\" class=\" wp-image-23715 aligncenter\" src=\"http:\/\/mickyandoniehn.com\/radio\/wp-content\/uploads\/2022\/07\/Josh-Turner-260x300.jpg\" alt=\"\" width=\"507\" height=\"585\" srcset=\"http:\/\/mickyandoniehn.com\/radio\/wp-content\/uploads\/2022\/07\/Josh-Turner-260x300.jpg 260w, http:\/\/mickyandoniehn.com\/radio\/wp-content\/uploads\/2022\/07\/Josh-Turner.jpg 451w\" sizes=\"auto, (max-width: 507px) 100vw, 507px\" \/><\/p>\n<p>&nbsp;<\/p>\n<div class=\"cxmmr5t8 oygrvhab hcukyx3x c1et5uql o9v6fnle ii04i59q\" style=\"text-align: justify;\">\n<div dir=\"auto\"><strong>Fecha de Nacimiento:<\/strong> 20 de noviembre de 1977<\/div>\n<p>&nbsp;<\/p>\n<div dir=\"auto\"><\/div>\n<\/div>\n<div class=\"cxmmr5t8 oygrvhab hcukyx3x c1et5uql o9v6fnle ii04i59q\" style=\"text-align: justify;\">\n<div dir=\"auto\"><strong>Biograf\u00eda:<\/strong><\/div>\n<p>&nbsp;<\/p>\n<div dir=\"auto\"><\/div>\n<div dir=\"auto\">Turner fue criado en Hannah, Carolina del Sur. Sus padres son de ascendencia brit\u00e1nica. Creci\u00f3 en la iglesia, fund\u00f3 un cuarteto de gospel llamado corazones agradecidos, donde cant\u00f3 los bajos, adem\u00e1s de cantar las partes de bajo y bar\u00edtono en coros.<\/div>\n<p>&nbsp;<\/p>\n<div dir=\"auto\"><\/div>\n<\/div>\n<div class=\"cxmmr5t8 oygrvhab hcukyx3x c1et5uql o9v6fnle ii04i59q\" style=\"text-align: justify;\">\n<div dir=\"auto\">En 1996, Turner desarroll\u00f3 una lesi\u00f3n en su cuerda vocal derecha. Los m\u00e9dicos le aconsejaron que dejar que se cure por s\u00ed mismo. La cirug\u00eda no era necesaria, pero ten\u00eda que descansar su voz durante un a\u00f1o. Mientras Turner dej\u00f3 descansar su voz en casa, aprendi\u00f3 t\u00e9cnica vocal cl\u00e1sica y m\u00e9todos para cuidar su voz y evitar el desarrollo de problemas adicionales. Turner afirma que &#8220;aprendi\u00f3 a silbar muy bien durante ese a\u00f1o.&#8221;<\/div>\n<p>&nbsp;<\/p>\n<div dir=\"auto\"><\/div>\n<\/div>\n<div class=\"cxmmr5t8 oygrvhab hcukyx3x c1et5uql o9v6fnle ii04i59q\" style=\"text-align: justify;\">\n<div dir=\"auto\">Despu\u00e9s de la secundaria, pas\u00f3 alg\u00fan tiempo en Francis Marion University antes de mudarse a Nashville, Tennessee para seguir una carrera en la m\u00fasica y se matricul\u00f3 en la Universidad de Belmont. Despu\u00e9s de la universidad, su incipiente carrera recibi\u00f3 un impulso el 21 de diciembre de 2001, durante su debut en el Grand Ole Opry, cuando debut\u00f3 una canci\u00f3n que escribi\u00f3 titulado &#8220;Long Tren Negro.&#8221; \u00c9l recibi\u00f3 una ovaci\u00f3n de pie en medio de la canci\u00f3n, a continuaci\u00f3n, cant\u00f3 de nuevo para una repetici\u00f3n.<\/div>\n<p>&nbsp;<\/p>\n<div dir=\"auto\"><\/div>\n<\/div>\n<div class=\"cxmmr5t8 oygrvhab hcukyx3x c1et5uql o9v6fnle ii04i59q\" style=\"text-align: justify;\">\n<div dir=\"auto\">Turner tiene un hermano, Matt, y una hermana, Carrie. Turner es un cristiano devoto.9 Se cas\u00f3 con su esposa Jennifer Ford en 2003. Se conocieron en la Universidad de Belmont, donde ambos asistieron a la escuela en ese momento. Jennifer viaja con Josh cuando est\u00e1 de gira, tocando los teclados y cantando coros. Tienen cuatro hijos, Hampton, Colby, Marion, y Samuel (nacido en 2014).<\/div>\n<p>&nbsp;<\/p>\n<div dir=\"auto\"><\/div>\n<\/div>\n<div class=\"cxmmr5t8 oygrvhab hcukyx3x c1et5uql o9v6fnle ii04i59q\" style=\"text-align: justify;\">\n<div dir=\"auto\"><strong>Wikipedia in English<\/strong><\/div>\n<p>&nbsp;<\/p>\n<div dir=\"auto\"><\/div>\n<\/div>\n<div class=\"cxmmr5t8 oygrvhab hcukyx3x c1et5uql o9v6fnle ii04i59q\" style=\"text-align: justify;\">\n<div dir=\"auto\"><strong>Date of Birth:<\/strong> November 20, 1977<\/div>\n<p>&nbsp;<\/p>\n<\/div>\n<div dir=\"auto\"><\/div>\n<div dir=\"auto\"><strong>Biography:<\/strong><\/div>\n<p>&nbsp;<\/p>\n<div dir=\"auto\"><\/div>\n<div class=\"cxmmr5t8 oygrvhab hcukyx3x c1et5uql o9v6fnle ii04i59q\" style=\"text-align: justify;\">\n<div dir=\"auto\">Joshua Otis &#8220;Josh&#8221; Turner (Hannah, Florence County, South Carolina, November 20, 1977) is an American country and gospel singer, songwriter, producer, and actor who signed to MCA Records Nashville in 2003, the same year that released his first album Long Black Train which includes a song of the same name.<\/div>\n<\/div>\n<div class=\"cxmmr5t8 oygrvhab hcukyx3x c1et5uql o9v6fnle ii04i59q\" style=\"text-align: justify;\">\n<div dir=\"auto\"><\/div>\n<div dir=\"auto\">Turner was raised in Hannah, South Carolina. His parents are of British descent. Growing up in the church, he founded a gospel quartet called Grateful Hearts, where he sang the basses, in addition to singing the bass and baritone parts in backing vocals.<\/div>\n<div dir=\"auto\"><\/div>\n<\/div>\n<div class=\"cxmmr5t8 oygrvhab hcukyx3x c1et5uql o9v6fnle ii04i59q\" style=\"text-align: justify;\">\n<div dir=\"auto\">In 1996, Turner developed an injury to his right vocal cord. Doctors advised him to let it heal itself. Surgery wasn&#8217;t necessary, but he had to rest his voice for a year. While Turner put his voice to rest at home, he learned classical vocal technique and methods to care for his voice and avoid developing additional problems. Turner claims that he &#8220;learned to whistle very well during that year.&#8221;<\/div>\n<div dir=\"auto\"><\/div>\n<\/div>\n<div class=\"cxmmr5t8 oygrvhab hcukyx3x c1et5uql o9v6fnle ii04i59q\" style=\"text-align: justify;\">\n<div dir=\"auto\">After high school, he spent time at Francis Marion University before moving to Nashville, Tennessee to pursue a career in music and enrolled at Belmont University. After college, his fledgling career got a boost on December 21, 2001, during his Grand Ole Opry debut, when he debuted a song he wrote titled &#8220;Long Black Train.&#8221; He received a standing ovation in the middle of the song, then sang again for an encore.<\/div>\n<div dir=\"auto\"><\/div>\n<\/div>\n<div class=\"cxmmr5t8 oygrvhab hcukyx3x c1et5uql o9v6fnle ii04i59q\" style=\"text-align: justify;\">\n<div dir=\"auto\">Turner has a brother, Matt, and a sister, Carrie. Turner is a debout Christian.9 he married his wife Jennifer Ford in 2003. They met at Belmont University, where they both attended school at the time. Jennifer travels with Josh when he is on tour, playing keyboards and singing backing vocals. They have four children, Hampton, Colby, Marion, and Samuel (born 2014).<\/div>\n<div dir=\"auto\"><\/div>\n<\/div>\n<div class=\"cxmmr5t8 oygrvhab hcukyx3x c1et5uql o9v6fnle ii04i59q\" style=\"text-align: justify;\">\n<div dir=\"auto\"><strong>Discography<\/strong><\/div>\n<div dir=\"auto\"><\/div>\n<\/div>\n<table width=\"343\">\n<tbody>\n<tr>\n<td style=\"text-align: center;\" width=\"99\"><strong>G\u00e9nero Country<\/strong><\/td>\n<td style=\"text-align: center;\" width=\"244\"><strong>Escuchar Tema<\/strong><\/td>\n<\/tr>\n<tr>\n<td>1<\/td>\n<td>Long Black Train<\/td>\n<\/tr>\n<tr>\n<td>2<\/td>\n<td>Your Man<\/td>\n<\/tr>\n<tr>\n<td>3<\/td>\n<td>Everything Is Fine<\/td>\n<\/tr>\n<tr>\n<td>4<\/td>\n<td>Live At The Ryman \u200e(CD, Album)<\/td>\n<\/tr>\n<tr>\n<td>5<\/td>\n<td>Haywire<\/td>\n<\/tr>\n<tr>\n<td>6<\/td>\n<td>Punching Bag<\/td>\n<\/tr>\n<tr>\n<td>7<\/td>\n<td>Live Across America \u200e(CD, Album)<\/td>\n<\/tr>\n<tr>\n<td>8<\/td>\n<td>Deep South<\/td>\n<\/tr>\n<tr>\n<td>9<\/td>\n<td>I Serve A Savior<\/td>\n<\/tr>\n<tr>\n<td>10<\/td>\n<td>Country State Of Mind<\/td>\n<\/tr>\n<tr>\n<td><\/td>\n<td><\/td>\n<\/tr>\n<\/tbody>\n<\/table>\n<p>&nbsp;<\/p>\n<p>&nbsp;<\/p>\n<div class=\"cxmmr5t8 oygrvhab hcukyx3x c1et5uql o9v6fnle ii04i59q\" style=\"text-align: justify;\">\n<div dir=\"auto\">Cr\u00e9ditos tomados de Wikipedia:<\/div>\n<div dir=\"auto\"><a class=\"oajrlxb2 g5ia77u1 qu0x051f esr5mh6w e9989ue4 r7d6kgcz rq0escxv nhd2j8a9 nc684nl6 p7hjln8o kvgmc6g5 cxmmr5t8 oygrvhab hcukyx3x jb3vyjys rz4wbd8a qt6c0cv9 a8nywdso i1ao9s8h esuyzwwr f1sip0of lzcic4wl gpro0wi8 py34i1dx\" tabindex=\"0\" role=\"link\" href=\"https:\/\/l.facebook.com\/l.php?u=https%3A%2F%2Fes.wikipedia.org%2Fwiki%2FJosh_Turner%3Ffbclid%3DIwAR2bR1I2ri2u3xAC-bGPXioCP5btq0H7KsLwtvYdEW8iQfga2ZW7ICxEw9k&amp;h=AT0QdzBg2AqEfR_4p8x9F1RXVBj3YH1uuXXb2JeH8AEWqBeTivAXWdtYFaY_hQKLqAF4XX5A0fzDMX-Lp1HJvvAHZYpMJtPghJOTe_sDqRVBPLjVEWygsZG9bGl9ZaR52ven&amp;__tn__=-UK-R&amp;c[0]=AT3jSybrllDtay-HyFWxzBxZcfdTYt0tiCrSXuYhCWfoFtuQojleVWTNHzRkap3UCbZ6COAYoM3PItsIKYDAQ9u3G1TrxRpGFqca7PzOZ_Kzn9kJa7_Kgb8XEj0TuT5KS6B_2Ot6kxY_GGroMItDEwgqLlGt6k7d4B_8-w\" target=\"_blank\" rel=\"nofollow noopener\">https:\/\/es.wikipedia.org\/wiki\/Josh_Turner<\/a><\/div>\n<div dir=\"auto\"><\/div>\n<\/div>\n<div class=\"epyt-video-wrapper\"><iframe loading=\"lazy\"  id=\"_ytid_52993\"  width=\"618\" height=\"347\"  data-origwidth=\"618\" data-origheight=\"347\" src=\"https:\/\/www.youtube.com\/embed\/ljgirgzekQg?enablejsapi=1&#038;autoplay=0&#038;cc_load_policy=0&#038;cc_lang_pref=&#038;iv_load_policy=1&#038;loop=0&#038;modestbranding=0&#038;rel=1&#038;fs=1&#038;playsinline=0&#038;autohide=2&#038;theme=dark&#038;color=red&#038;controls=1&#038;\" class=\"__youtube_prefs__  epyt-is-override  no-lazyload\" title=\"YouTube player\"  allow=\"fullscreen; accelerometer; autoplay; clipboard-write; encrypted-media; gyroscope; picture-in-picture\" allowfullscreen data-no-lazy=\"1\" data-skipgform_ajax_framebjll=\"\"><\/iframe><\/div>\n","protected":false},"excerpt":{"rendered":"<p>&nbsp; Fecha de Nacimiento: 20 de noviembre de 1977 &nbsp; Biograf\u00eda: &nbsp; Turner fue criado en Hannah, Carolina del Sur. Sus padres son de ascendencia brit\u00e1nica. Creci\u00f3 en la iglesia, fund\u00f3 un cuarteto de gospel llamado corazones agradecidos, donde cant\u00f3 los bajos, adem\u00e1s de cantar las partes de bajo y bar\u00edtono en coros. &nbsp; En &hellip;<\/p>\n","protected":false},"author":1,"featured_media":0,"parent":0,"menu_order":0,"comment_status":"closed","ping_status":"closed","template":"","meta":{"footnotes":""},"class_list":["post-28878","page","type-page","status-publish",""],"jetpack_sharing_enabled":true,"_links":{"self":[{"href":"http:\/\/mickyandoniehn.com\/radio\/wp-json\/wp\/v2\/pages\/28878","targetHints":{"allow":["GET"]}}],"collection":[{"href":"http:\/\/mickyandoniehn.com\/radio\/wp-json\/wp\/v2\/pages"}],"about":[{"href":"http:\/\/mickyandoniehn.com\/radio\/wp-json\/wp\/v2\/types\/page"}],"author":[{"embeddable":true,"href":"http:\/\/mickyandoniehn.com\/radio\/wp-json\/wp\/v2\/users\/1"}],"replies":[{"embeddable":true,"href":"http:\/\/mickyandoniehn.com\/radio\/wp-json\/wp\/v2\/comments?post=28878"}],"version-history":[{"count":2,"href":"http:\/\/mickyandoniehn.com\/radio\/wp-json\/wp\/v2\/pages\/28878\/revisions"}],"predecessor-version":[{"id":30316,"href":"http:\/\/mickyandoniehn.com\/radio\/wp-json\/wp\/v2\/pages\/28878\/revisions\/30316"}],"wp:attachment":[{"href":"http:\/\/mickyandoniehn.com\/radio\/wp-json\/wp\/v2\/media?parent=28878"}],"curies":[{"name":"wp","href":"https:\/\/api.w.org\/{rel}","templated":true}]}}