{"id":28875,"date":"2022-08-26T12:31:34","date_gmt":"2022-08-26T18:31:34","guid":{"rendered":"https:\/\/mickyandoniehn.com\/radio\/?page_id=28875"},"modified":"2022-09-01T10:28:27","modified_gmt":"2022-09-01T16:28:27","slug":"humberto-monroy","status":"publish","type":"page","link":"http:\/\/mickyandoniehn.com\/radio\/humberto-monroy\/","title":{"rendered":"Humberto Monroy"},"content":{"rendered":"<p style=\"text-align: justify;\"><img loading=\"lazy\" decoding=\"async\" class=\" wp-image-23716 aligncenter\" src=\"http:\/\/mickyandoniehn.com\/radio\/wp-content\/uploads\/2022\/07\/HUMBERTO-MONROY.jpg\" alt=\"\" width=\"542\" height=\"547\" srcset=\"http:\/\/mickyandoniehn.com\/radio\/wp-content\/uploads\/2022\/07\/HUMBERTO-MONROY.jpg 297w, http:\/\/mickyandoniehn.com\/radio\/wp-content\/uploads\/2022\/07\/HUMBERTO-MONROY-150x150.jpg 150w\" sizes=\"auto, (max-width: 542px) 100vw, 542px\" \/><\/p>\n<p>&nbsp;<\/p>\n<div class=\"cxmmr5t8 oygrvhab hcukyx3x c1et5uql o9v6fnle\" style=\"text-align: justify;\">\n<div dir=\"auto\"><strong>Fecha de Nacimiento:<\/strong> 14 de noviembre de 1945<\/div>\n<p>&nbsp;<\/p>\n<div dir=\"auto\"><\/div>\n<div dir=\"auto\"><strong>Fecha de Fallecimiento:<\/strong> 24 de marzo de 1992<\/div>\n<p>&nbsp;<\/p>\n<div dir=\"auto\"><\/div>\n<\/div>\n<div class=\"cxmmr5t8 oygrvhab hcukyx3x c1et5uql o9v6fnle\" style=\"text-align: justify;\">\n<div dir=\"auto\"><strong>Biograf\u00eda:<\/strong><\/div>\n<p>&nbsp;<\/p>\n<div dir=\"auto\"><\/div>\n<div dir=\"auto\">Humberto Monroy fue uno de los fundadores de The Speakers, una de las primeras bandas colombianas de rock, claramente influenciada por The Beatles y con la cual grabaron 6 discos, entre ellos uno de los \u00e1lbumes insignia de la psicodelia de Colombia, llamado El maravilloso mundo de Ingeson (1968), que adem\u00e1s se convirti\u00f3 en uno de los primeros trabajos fonogr\u00e1ficos grabados de manera independiente en el pa\u00eds.<\/div>\n<p>&nbsp;<\/p>\n<div dir=\"auto\"><\/div>\n<\/div>\n<div class=\"cxmmr5t8 oygrvhab hcukyx3x c1et5uql o9v6fnle\" style=\"text-align: justify;\">\n<div dir=\"auto\">En compa\u00f1\u00eda de Jaime Rodr\u00edguez, perteneciente a la banda Ampex, Mario Renee, Ferdie Fern\u00e1ndez y Roberto Fiorilli, Monroy crea la agrupaci\u00f3n denominada Siglo Cero. Fue un grupo de m\u00fasica progresiva, con composiciones propias y con muchas influencias jazz\u00edsticas. En 1970 sale al mercado el larga duraci\u00f3n llamado \u2018Festival de la vida\u2019, grabado en un concierto realizado en el Parque Nacional de Bogot\u00e1 el 27 de junio de ese a\u00f1o, ante 10 mil personas.<\/div>\n<p>&nbsp;<\/p>\n<div dir=\"auto\"><\/div>\n<\/div>\n<div class=\"cxmmr5t8 oygrvhab hcukyx3x c1et5uql o9v6fnle\" style=\"text-align: justify;\">\n<div dir=\"auto\">A mediados de los a\u00f1os 1970 Monroy se reuni\u00f3 con el percusionista Edgar Restrepo y con Federico Taborda, para crear la banda G\u00e9nesis de Colombia. HUMO, como era conocido Monroy, se desempe\u00f1\u00f3 como cantante y compositor de la banda, que se convirti\u00f3 en una de las primeras que gener\u00f3 una representaci\u00f3n de los cambios que los j\u00f3venes viv\u00edan en la \u00e9poca.<\/div>\n<p>&nbsp;<\/p>\n<div dir=\"auto\"><\/div>\n<div dir=\"auto\">Con G\u00e9nesis grab\u00f3 7 trabajos discogr\u00e1ficos, y en los cuales se destacan varias canciones, como una versi\u00f3n de \u2018How can I tell you\u2019 original de Cat Stevens, y su composici\u00f3n de mayor \u00e9xito, \u2018Don Sim\u00f3n\u2019.<\/div>\n<div dir=\"auto\"><\/div>\n<p>&nbsp;<\/p>\n<\/div>\n<div class=\"cxmmr5t8 oygrvhab hcukyx3x c1et5uql o9v6fnle\" style=\"text-align: justify;\">\n<div dir=\"auto\">Iniciando la d\u00e9cada de los 80, y con el objetivo de realizar una gira por Europa, G\u00e9nesis se convirti\u00f3 en Ma\u00edz. La nueva agrupaci\u00f3n viaj\u00f3 por territorio europeo durante tres meses, present\u00e1ndose en m\u00e1s de 100 conciertos y con m\u00e1s de una docena de apariciones en programas de televisi\u00f3n.<\/div>\n<p>&nbsp;<\/p>\n<div dir=\"auto\"><\/div>\n<\/div>\n<div class=\"cxmmr5t8 oygrvhab hcukyx3x c1et5uql o9v6fnle\" style=\"text-align: justify;\">\n<div dir=\"auto\"><strong>Wikipedia in English<\/strong><\/div>\n<p>&nbsp;<\/p>\n<div dir=\"auto\"><\/div>\n<\/div>\n<div class=\"cxmmr5t8 oygrvhab hcukyx3x c1et5uql o9v6fnle\" style=\"text-align: justify;\">\n<div dir=\"auto\"><strong>Date of Birth:<\/strong> November 14, 1945<\/div>\n<p>&nbsp;<\/p>\n<div dir=\"auto\"><\/div>\n<div dir=\"auto\"><strong>Date of Death:<\/strong> March 24, 1992<\/div>\n<p>&nbsp;<\/p>\n<div dir=\"auto\"><\/div>\n<\/div>\n<div class=\"cxmmr5t8 oygrvhab hcukyx3x c1et5uql o9v6fnle\" style=\"text-align: justify;\">\n<div dir=\"auto\"><strong>Biography:<\/strong><\/div>\n<p>&nbsp;<\/p>\n<div dir=\"auto\"><\/div>\n<div dir=\"auto\">Humberto Monroy was one of the founders of The Speakers, one of the first Colombian rock bands, clearly influenced by The Beatles and with which they recorded 6 albums, including one of the flagship albums of the Colombian psychedelia, called The Wonderful World by Ingeson (1968), which also became one of the first independently recorded phonographic works in the country.<\/div>\n<p>&nbsp;<\/p>\n<div dir=\"auto\"><\/div>\n<\/div>\n<div class=\"cxmmr5t8 oygrvhab hcukyx3x c1et5uql o9v6fnle\" style=\"text-align: justify;\">\n<div dir=\"auto\">In the company of Jaime Rodr\u00edguez, who belongs to the Ampex band, Mario Renee, Ferdie Fern\u00e1ndez and Roberto Fiorilli, Monroy created the group called Siglo Cero. It was a group of progressive music, with their own compositions and with many jazz influences. In 1970, the full-length called \u2018Festival of Life\u2019 was released, recorded in a concert held in the Bogot\u00e1 National Park on June 27 of that year, in front of 10,000 people.<\/div>\n<p>&nbsp;<\/p>\n<div dir=\"auto\"><\/div>\n<\/div>\n<div class=\"cxmmr5t8 oygrvhab hcukyx3x c1et5uql o9v6fnle\" style=\"text-align: justify;\">\n<div dir=\"auto\">In the mid-1970s, Monroy met with percussionist Edgar Restrepo and Federico Taborda, to create the band G\u00e9nesis de Colombia. HUMO, as Monroy was known, served as a singer and songwriter for the band, which became one of the first that generated a representation of the changes that young people were experiencing at the time.<\/div>\n<div dir=\"auto\"><\/div>\n<p>&nbsp;<\/p>\n<\/div>\n<div class=\"cxmmr5t8 oygrvhab hcukyx3x c1et5uql o9v6fnle\" style=\"text-align: justify;\">\n<div dir=\"auto\">With G\u00e9nesis he recorded 7 discographic works, and in which several songs stand out, such as a version of &#8220;How can I tell you&#8221; original by Cat Stevens, and his most successful composition, &#8220;Don Sim\u00f3n&#8221;.<\/div>\n<p>&nbsp;<\/p>\n<div dir=\"auto\"><\/div>\n<\/div>\n<div class=\"cxmmr5t8 oygrvhab hcukyx3x c1et5uql o9v6fnle\" style=\"text-align: justify;\">\n<div dir=\"auto\">At the beginning of the 80s, and with the aime of touring Europe, G\u00e9nesis became Ma\u00edz. The new group traveled throughout Europe for three months, appearing in more than 100 concerts and with more than a dozen appearances on television programs.<\/div>\n<p>&nbsp;<\/p>\n<div dir=\"auto\"><\/div>\n<\/div>\n<div class=\"cxmmr5t8 oygrvhab hcukyx3x c1et5uql o9v6fnle\" style=\"text-align: justify;\">\n<div dir=\"auto\"><strong>Discography<\/strong><\/div>\n<p>&nbsp;<\/p>\n<div dir=\"auto\"><\/div>\n<\/div>\n<div class=\"cxmmr5t8 oygrvhab hcukyx3x c1et5uql o9v6fnle\" style=\"text-align: justify;\">\n<div dir=\"auto\">\n<table width=\"640\">\n<tbody>\n<tr>\n<td style=\"text-align: center;\" width=\"181\"><strong>Temas Rock<\/strong><\/td>\n<td style=\"text-align: center;\" width=\"296\"><strong>Escuchar tema<\/strong><\/td>\n<td style=\"text-align: center;\" width=\"163\"><strong>A\u00f1o de Publicacion<\/strong><\/td>\n<\/tr>\n<tr>\n<td>1<\/td>\n<td>Anhelo Infinito<\/td>\n<td>1975<\/td>\n<\/tr>\n<tr>\n<td>2<\/td>\n<td>Cuando Me Muera<\/td>\n<td>1975<\/td>\n<\/tr>\n<tr>\n<td>3<\/td>\n<td>Una Lluvia Caer\u00e1<\/td>\n<td>1975<\/td>\n<\/tr>\n<tr>\n<td>4<\/td>\n<td>Florecita Lila<\/td>\n<td>1975<\/td>\n<\/tr>\n<tr>\n<td>5<\/td>\n<td>Todo Me Habla De Ti<\/td>\n<td>1975<\/td>\n<\/tr>\n<tr>\n<td>6<\/td>\n<td>El Valle De Los Arboles Rojos<\/td>\n<td>1975<\/td>\n<\/tr>\n<tr>\n<td>7<\/td>\n<td>Quisiera Ser<\/td>\n<td>1975<\/td>\n<\/tr>\n<tr>\n<td>8<\/td>\n<td>M\u00f3jame<\/td>\n<td>1975<\/td>\n<\/tr>\n<tr>\n<td>9<\/td>\n<td>Ella Se Va De Su Casa<\/td>\n<td>1975<\/td>\n<\/tr>\n<\/tbody>\n<\/table>\n<p>&nbsp;<\/p>\n<\/div>\n<\/div>\n<div class=\"cxmmr5t8 oygrvhab hcukyx3x c1et5uql o9v6fnle\" style=\"text-align: justify;\">\n<div dir=\"auto\">Cr\u00e9ditos tomados de Wikipedia:<\/div>\n<div dir=\"auto\"><a class=\"oajrlxb2 g5ia77u1 qu0x051f esr5mh6w e9989ue4 r7d6kgcz rq0escxv nhd2j8a9 nc684nl6 p7hjln8o kvgmc6g5 cxmmr5t8 oygrvhab hcukyx3x jb3vyjys rz4wbd8a qt6c0cv9 a8nywdso i1ao9s8h esuyzwwr f1sip0of lzcic4wl gpro0wi8 py34i1dx\" tabindex=\"0\" role=\"link\" href=\"https:\/\/es.wikipedia.org\/wiki\/Humberto_Monroy?fbclid=IwAR0YkHImy1fyPpOjssuRqaaB-z9FuGWwezZiFRH8mlvvmBfNYKa4dVo5yj0\" target=\"_blank\" rel=\"nofollow noopener\">https:\/\/es.wikipedia.org\/wiki\/Humberto_Monroy<\/a><\/div>\n<div dir=\"auto\"><\/div>\n<\/div>\n<div class=\"epyt-video-wrapper\"><iframe loading=\"lazy\"  id=\"_ytid_54253\"  width=\"618\" height=\"347\"  data-origwidth=\"618\" data-origheight=\"347\" src=\"https:\/\/www.youtube.com\/embed\/mgmXfPtq5Mg?enablejsapi=1&#038;autoplay=0&#038;cc_load_policy=0&#038;cc_lang_pref=&#038;iv_load_policy=1&#038;loop=0&#038;modestbranding=0&#038;rel=1&#038;fs=1&#038;playsinline=0&#038;autohide=2&#038;theme=dark&#038;color=red&#038;controls=1&#038;\" class=\"__youtube_prefs__  epyt-is-override  no-lazyload\" title=\"YouTube player\"  allow=\"fullscreen; accelerometer; autoplay; clipboard-write; encrypted-media; gyroscope; picture-in-picture\" allowfullscreen data-no-lazy=\"1\" data-skipgform_ajax_framebjll=\"\"><\/iframe><\/div>\n","protected":false},"excerpt":{"rendered":"<p>&nbsp; Fecha de Nacimiento: 14 de noviembre de 1945 &nbsp; Fecha de Fallecimiento: 24 de marzo de 1992 &nbsp; Biograf\u00eda: &nbsp; Humberto Monroy fue uno de los fundadores de The Speakers, una de las primeras bandas colombianas de rock, claramente influenciada por The Beatles y con la cual grabaron 6 discos, entre ellos uno de &hellip;<\/p>\n","protected":false},"author":1,"featured_media":0,"parent":0,"menu_order":0,"comment_status":"closed","ping_status":"closed","template":"","meta":{"footnotes":""},"class_list":["post-28875","page","type-page","status-publish",""],"jetpack_sharing_enabled":true,"_links":{"self":[{"href":"http:\/\/mickyandoniehn.com\/radio\/wp-json\/wp\/v2\/pages\/28875","targetHints":{"allow":["GET"]}}],"collection":[{"href":"http:\/\/mickyandoniehn.com\/radio\/wp-json\/wp\/v2\/pages"}],"about":[{"href":"http:\/\/mickyandoniehn.com\/radio\/wp-json\/wp\/v2\/types\/page"}],"author":[{"embeddable":true,"href":"http:\/\/mickyandoniehn.com\/radio\/wp-json\/wp\/v2\/users\/1"}],"replies":[{"embeddable":true,"href":"http:\/\/mickyandoniehn.com\/radio\/wp-json\/wp\/v2\/comments?post=28875"}],"version-history":[{"count":2,"href":"http:\/\/mickyandoniehn.com\/radio\/wp-json\/wp\/v2\/pages\/28875\/revisions"}],"predecessor-version":[{"id":30274,"href":"http:\/\/mickyandoniehn.com\/radio\/wp-json\/wp\/v2\/pages\/28875\/revisions\/30274"}],"wp:attachment":[{"href":"http:\/\/mickyandoniehn.com\/radio\/wp-json\/wp\/v2\/media?parent=28875"}],"curies":[{"name":"wp","href":"https:\/\/api.w.org\/{rel}","templated":true}]}}