{"id":28871,"date":"2022-08-26T12:30:03","date_gmt":"2022-08-26T18:30:03","guid":{"rendered":"https:\/\/mickyandoniehn.com\/radio\/?page_id=28871"},"modified":"2022-09-01T09:26:45","modified_gmt":"2022-09-01T15:26:45","slug":"charlie-montanna","status":"publish","type":"page","link":"http:\/\/mickyandoniehn.com\/radio\/charlie-montanna\/","title":{"rendered":"Charlie Montanna"},"content":{"rendered":"\r\n<div class=\"wp-block-image\">\r\n<figure class=\"aligncenter size-full is-resized\">\r\n<p style=\"text-align: justify;\"><img loading=\"lazy\" decoding=\"async\" class=\" wp-image-30159 aligncenter\" src=\"http:\/\/mickyandoniehn.com\/radio\/wp-content\/uploads\/2021\/11\/Charlie-Monttana-300x174.jpg\" alt=\"\" width=\"640\" height=\"371\" srcset=\"http:\/\/mickyandoniehn.com\/radio\/wp-content\/uploads\/2021\/11\/Charlie-Monttana-300x174.jpg 300w, http:\/\/mickyandoniehn.com\/radio\/wp-content\/uploads\/2021\/11\/Charlie-Monttana-768x445.jpg 768w, http:\/\/mickyandoniehn.com\/radio\/wp-content\/uploads\/2021\/11\/Charlie-Monttana.jpg 1000w\" sizes=\"auto, (max-width: 640px) 100vw, 640px\" \/><\/p>\r\n&nbsp;\r\n<p style=\"text-align: justify;\"><strong>Fecha de Nacimiento: <\/strong>06 de noviembre de 1961<\/p>\r\n<p style=\"text-align: justify;\"><strong>Fecha de Fallecimiento: <\/strong>28 de mayo del 2020<\/p>\r\n<p style=\"text-align: justify;\"><strong>Biografia<\/strong><\/p>\r\n<p style=\"text-align: justify;\">Charlie Monttana, nombre art\u00edstico de Carlos C\u00e9sar S\u00e1nchez Hern\u00e1ndez \u200b fue un m\u00fasico y compositor de canciones mexicano del g\u00e9nero rock urbano.<\/p>\r\n<p style=\"text-align: justify;\">Charlie inici\u00f3 su carrera musical como cantante del grupo Perro muerto y posteriormente se integr\u00f3, a principios de los a\u00f1os 80, al grupo Vago invitado por Rodolfo Le\u00f3n &#8220;Le\u00f3n Vago&#8221;.<\/p>\r\n<p style=\"text-align: justify;\">En 1986 fue invitado por Toshiro Midori a la banda Mara, de la que fue su vocalista. A finales de 1989 se separ\u00f3 de Mara por desacuerdos con los integrantes del grupo y volvi\u00f3 a reintegrar Vago, agrupaci\u00f3n con la que lanz\u00f3 en 1992 el disco Suicida que incluye la canci\u00f3n \u00abT\u00fa mam\u00e1 no me quiere\u00bb, misma que se convirti\u00f3 en un \u00e9xito en el circuito del rock urbano. En 1994 se reintegra al grupo Mara y graban el disco &#8220;Alocame Con Tus Piernas&#8221; y es en 1996 cuando inici\u00f3 una carrera en solitario, con la que public\u00f3 una veintena de discos. Entre ellos public\u00f3 los \u00e9xitos \u00abVaquero rocanrolero\u00bb, \u00abLuna Rota y Astillada\u00bb y \u00abMi terrible soledad\u00bb, entre otras. Desde 2012 el m\u00fasico cre\u00f3 Fundaci\u00f3n Charlie Montanna A.C., una asociaci\u00f3n civil dedicada a ayudar a ni\u00f1os y ancianos en situaci\u00f3n de calle.<\/p>\r\n<p style=\"text-align: justify;\">Falleci\u00f3 a los cincuenta y ocho a\u00f1os el 28 de mayo de 2020 en el Hospital Jard\u00edn Balbuena en Ciudad de M\u00e9xico a causa de un infarto.<\/p>\r\n<p style=\"text-align: justify;\"><strong>Wikipedia in English<\/strong><\/p>\r\n<p style=\"text-align: justify;\"><strong>Date of Birth:<\/strong> November 06, 1961<\/p>\r\n<p style=\"text-align: justify;\"><strong>Date of Died:<\/strong> May 28, 2020<\/p>\r\n<strong>Biography<\/strong>\r\n<p style=\"text-align: justify;\">Charlie Monttana, stage name of Carlos C\u00e9sar S\u00e1nchez Hern\u00e1ndez was a Mexican musician and songwriter of the urban rock genre.<\/p>\r\n<p style=\"text-align: justify;\">Charlie began his musical career as a singer in the group Perro Muerte and later joined, at the beginning of the 80s, the group Vago invited by Rodolfo Le\u00f3n &#8220;Le\u00f3n Vago&#8221;.<\/p>\r\n<p style=\"text-align: justify;\">In 1986 he was invited by Toshiro Midori to the band Mara, of which he was their vocalist. At the end of 1989 he separated from Mara due to disagreements with the members of the group and returned to reintegrate Vago, a group with which he released the album Suicida in 1992, which includes the song &#8220;T\u00fa mama no me quiero&#8221;, which became a success. on the street rock circuit. In 1994 he rejoined the Mara group and they recorded the album &#8220;Alocame Con Tus Piernas&#8221; and it was in 1996 when he began a solo career, with which he published about twenty albums. Among them he published the hits &#8220;Vaquero rocanrolero&#8221;, &#8220;Luna Rota y Astillada&#8221; and &#8220;My terrible loneliness&#8221;, among others. Since 2012, the musician created Fundaci\u00f3n Charlie Montanna A.C., a civil association dedicated to helping children and the elderly living on the streets.<\/p>\r\n<p style=\"text-align: justify;\">He died at the age of fifty-eight on May 28, 2020 at the Hospital Jard\u00edn Balbuena<strong> in Mexico <\/strong>City due to a heart attack.<\/p>\r\n<p style=\"text-align: justify;\"><strong>Discography<\/strong><\/p>\r\n\r\n<table width=\"695\">\r\n<tbody>\r\n<tr>\r\n<td style=\"text-align: center;\" width=\"237\"><strong>G\u00e9nero Rock<\/strong><\/td>\r\n<td style=\"text-align: center;\" width=\"368\"><strong>Escuchar tema<\/strong><\/td>\r\n<td style=\"text-align: center;\" width=\"90\"><strong>A\u00f1o de Publicaci\u00f3n<\/strong><\/td>\r\n<\/tr>\r\n<tr>\r\n<td style=\"text-align: center;\"><\/td>\r\n<td style=\"text-align: center;\"><strong>Montta Morfosis<\/strong><\/td>\r\n<td style=\"text-align: center;\"><strong>1996<\/strong><\/td>\r\n<\/tr>\r\n<tr>\r\n<td>1<\/td>\r\n<td>Ll\u00e9vatela Pa Tu Casa<\/td>\r\n<td><\/td>\r\n<\/tr>\r\n<tr>\r\n<td>2<\/td>\r\n<td>El Burro Siempre Hablando De Orejas<\/td>\r\n<td><\/td>\r\n<\/tr>\r\n<tr>\r\n<td>3<\/td>\r\n<td>Baila<\/td>\r\n<td><\/td>\r\n<\/tr>\r\n<tr>\r\n<td>4<\/td>\r\n<td>Me Vuelves Loco<\/td>\r\n<td><\/td>\r\n<\/tr>\r\n<tr>\r\n<td>5<\/td>\r\n<td>El Boogie De La Combi<\/td>\r\n<td><\/td>\r\n<\/tr>\r\n<tr>\r\n<td>6<\/td>\r\n<td>Brillando En La Oscuridad<\/td>\r\n<td><\/td>\r\n<\/tr>\r\n<tr>\r\n<td>7<\/td>\r\n<td>Embri\u00e1gate<\/td>\r\n<td><\/td>\r\n<\/tr>\r\n<tr>\r\n<td>8<\/td>\r\n<td>La Carretera Del Rockanrol<\/td>\r\n<td><\/td>\r\n<\/tr>\r\n<tr>\r\n<td>9<\/td>\r\n<td>Forasteros No<\/td>\r\n<td><\/td>\r\n<\/tr>\r\n<tr>\r\n<td>10<\/td>\r\n<td>Avi\u00e9ntame Tu Amor<\/td>\r\n<td><\/td>\r\n<\/tr>\r\n<tr>\r\n<td>11<\/td>\r\n<td>Busc\u00e1ndote<\/td>\r\n<td><\/td>\r\n<\/tr>\r\n<tr>\r\n<td>12<\/td>\r\n<td>Perramando Mi Corazon<\/td>\r\n<td><\/td>\r\n<\/tr>\r\n<tr>\r\n<td>13<\/td>\r\n<td>Es Un Secreto<\/td>\r\n<td><\/td>\r\n<\/tr>\r\n<tr>\r\n<td>14<\/td>\r\n<td>El Blues De La Desesperaci\u00f3n<\/td>\r\n<td><\/td>\r\n<\/tr>\r\n<tr>\r\n<td><\/td>\r\n<td><\/td>\r\n<td><\/td>\r\n<\/tr>\r\n<tr>\r\n<td style=\"text-align: center;\"><\/td>\r\n<td style=\"text-align: center;\"><strong>Pares y Duetos<\/strong><\/td>\r\n<td style=\"text-align: center;\"><strong>1996<\/strong><\/td>\r\n<\/tr>\r\n<tr>\r\n<td>1<\/td>\r\n<td>D\u00e9jame Rocanrolearte (Vago)<\/td>\r\n<td><\/td>\r\n<\/tr>\r\n<tr>\r\n<td>2<\/td>\r\n<td>Todos Estos A\u00f1os (Rod Levario)<\/td>\r\n<td><\/td>\r\n<\/tr>\r\n<tr>\r\n<td>3<\/td>\r\n<td>Pinche Vatito (Jos\u00e9 Fors (Cuca))<\/td>\r\n<td><\/td>\r\n<\/tr>\r\n<tr>\r\n<td>4<\/td>\r\n<td>He Andado Chupando (Los Ratones Paranoicos)<\/td>\r\n<td><\/td>\r\n<\/tr>\r\n<tr>\r\n<td>5<\/td>\r\n<td>Como Las Hojas (El Harag\u00e1n Y Compa\u00f1\u00eda)<\/td>\r\n<td><\/td>\r\n<\/tr>\r\n<tr>\r\n<td>6<\/td>\r\n<td>Empan\u00edzame La Mojarra<\/td>\r\n<td><\/td>\r\n<\/tr>\r\n<tr>\r\n<td>7<\/td>\r\n<td>Te Quiero Tanto (Chava (Coda))<\/td>\r\n<td><\/td>\r\n<\/tr>\r\n<tr>\r\n<td>8<\/td>\r\n<td>Me Vuelves Loco (Moderatto)<\/td>\r\n<td><\/td>\r\n<\/tr>\r\n<tr>\r\n<td>9<\/td>\r\n<td>La Rubia (Seguimos Perdiendo)<\/td>\r\n<td><\/td>\r\n<\/tr>\r\n<tr>\r\n<td>10<\/td>\r\n<td>Te Quiero (Los Rastrillos)<\/td>\r\n<td><\/td>\r\n<\/tr>\r\n<tr>\r\n<td><\/td>\r\n<td><\/td>\r\n<td><\/td>\r\n<\/tr>\r\n<tr>\r\n<td style=\"text-align: center;\"><\/td>\r\n<td style=\"text-align: center;\"><strong>Se Lo Que Hicieron El Disco Pasado<\/strong><\/td>\r\n<td style=\"text-align: center;\"><strong>1999<\/strong><\/td>\r\n<\/tr>\r\n<tr>\r\n<td>1<\/td>\r\n<td>No soy un puto cholo<\/td>\r\n<td><\/td>\r\n<\/tr>\r\n<tr>\r\n<td>2<\/td>\r\n<td>La rubia<\/td>\r\n<td><\/td>\r\n<\/tr>\r\n<tr>\r\n<td>3<\/td>\r\n<td>Grito de amor (acorde\u00f3n)<\/td>\r\n<td><\/td>\r\n<\/tr>\r\n<tr>\r\n<td>4<\/td>\r\n<td>Reclusorio Tepepan<\/td>\r\n<td><\/td>\r\n<\/tr>\r\n<tr>\r\n<td>5<\/td>\r\n<td>De que el amor apesta<\/td>\r\n<td><\/td>\r\n<\/tr>\r\n<tr>\r\n<td>6<\/td>\r\n<td>Derramando mi coraz\u00f3n<\/td>\r\n<td><\/td>\r\n<\/tr>\r\n<tr>\r\n<td>7<\/td>\r\n<td>Avi\u00e9ntame tu amor<\/td>\r\n<td><\/td>\r\n<\/tr>\r\n<tr>\r\n<td>8<\/td>\r\n<td>Ya no te tengo<\/td>\r\n<td><\/td>\r\n<\/tr>\r\n<tr>\r\n<td>9<\/td>\r\n<td>Pobre de ti<\/td>\r\n<td><\/td>\r\n<\/tr>\r\n<tr>\r\n<td>10<\/td>\r\n<td>Hip\u00f3crita<\/td>\r\n<td><\/td>\r\n<\/tr>\r\n<tr>\r\n<td>11<\/td>\r\n<td>La cita<\/td>\r\n<td><\/td>\r\n<\/tr>\r\n<tr>\r\n<td>12<\/td>\r\n<td>Hotel<\/td>\r\n<td><\/td>\r\n<\/tr>\r\n<tr>\r\n<td>13<\/td>\r\n<td>Grito de amor<\/td>\r\n<td><\/td>\r\n<\/tr>\r\n<tr>\r\n<td><\/td>\r\n<td><\/td>\r\n<td><\/td>\r\n<\/tr>\r\n<tr>\r\n<td style=\"text-align: center;\"><\/td>\r\n<td style=\"text-align: center;\"><strong>Dr. Hollywood<\/strong><\/td>\r\n<td style=\"text-align: center;\"><strong>2001<\/strong><\/td>\r\n<\/tr>\r\n<tr>\r\n<td>1<\/td>\r\n<td>Te necesito<\/td>\r\n<td><\/td>\r\n<\/tr>\r\n<tr>\r\n<td>2<\/td>\r\n<td>B\u00e1jale de huevos<\/td>\r\n<td><\/td>\r\n<\/tr>\r\n<tr>\r\n<td>3<\/td>\r\n<td>Yo con mi desmadre<\/td>\r\n<td><\/td>\r\n<\/tr>\r\n<tr>\r\n<td>4<\/td>\r\n<td>Es que te ampo<\/td>\r\n<td><\/td>\r\n<\/tr>\r\n<tr>\r\n<td>5<\/td>\r\n<td>Los renglones torcidos<\/td>\r\n<td><\/td>\r\n<\/tr>\r\n<tr>\r\n<td>6<\/td>\r\n<td>Lo que te sobra<\/td>\r\n<td><\/td>\r\n<\/tr>\r\n<tr>\r\n<td>7<\/td>\r\n<td>Mendigando amor<\/td>\r\n<td><\/td>\r\n<\/tr>\r\n<tr>\r\n<td>8<\/td>\r\n<td>Mi diosa<\/td>\r\n<td><\/td>\r\n<\/tr>\r\n<tr>\r\n<td>9<\/td>\r\n<td>Perd\u00f3name<\/td>\r\n<td><\/td>\r\n<\/tr>\r\n<tr>\r\n<td>10<\/td>\r\n<td>Bote pateado<\/td>\r\n<td><\/td>\r\n<\/tr>\r\n<tr>\r\n<td>11<\/td>\r\n<td>No puedo m\u00e1s<\/td>\r\n<td><\/td>\r\n<\/tr>\r\n<tr>\r\n<td>12<\/td>\r\n<td>Es que te amo (versi\u00f3n II)<\/td>\r\n<td><\/td>\r\n<\/tr>\r\n<tr>\r\n<td>13<\/td>\r\n<td>De tanto pensar en ti<\/td>\r\n<td><\/td>\r\n<\/tr>\r\n<tr>\r\n<td><\/td>\r\n<td><\/td>\r\n<td><\/td>\r\n<\/tr>\r\n<tr>\r\n<td style=\"text-align: center;\"><\/td>\r\n<td style=\"text-align: center;\"><strong>Hotel Barcelona<\/strong><\/td>\r\n<td style=\"text-align: center;\"><strong>2002<\/strong><\/td>\r\n<\/tr>\r\n<tr>\r\n<td>1<\/td>\r\n<td>Tu Mirada<\/td>\r\n<td><\/td>\r\n<\/tr>\r\n<tr>\r\n<td>2<\/td>\r\n<td>Ojala Fuera Un Cuento<\/td>\r\n<td><\/td>\r\n<\/tr>\r\n<tr>\r\n<td>3<\/td>\r\n<td>Pinche Pancho<\/td>\r\n<td><\/td>\r\n<\/tr>\r\n<tr>\r\n<td>4<\/td>\r\n<td>Ramillete De Piernas<\/td>\r\n<td><\/td>\r\n<\/tr>\r\n<tr>\r\n<td>5<\/td>\r\n<td>Dancin ,Lou<\/td>\r\n<td><\/td>\r\n<\/tr>\r\n<tr>\r\n<td>6<\/td>\r\n<td>Y Sufrir\u00e1s<\/td>\r\n<td><\/td>\r\n<\/tr>\r\n<tr>\r\n<td>7<\/td>\r\n<td>Por Eso Te Quiero Yo<\/td>\r\n<td><\/td>\r\n<\/tr>\r\n<tr>\r\n<td>8<\/td>\r\n<td>Sola<\/td>\r\n<td><\/td>\r\n<\/tr>\r\n<tr>\r\n<td>9<\/td>\r\n<td>No Me La Acabo<\/td>\r\n<td><\/td>\r\n<\/tr>\r\n<tr>\r\n<td>10<\/td>\r\n<td>Dices Que Te Vas<\/td>\r\n<td><\/td>\r\n<\/tr>\r\n<tr>\r\n<td>11<\/td>\r\n<td>Llegaste Borracha<\/td>\r\n<td><\/td>\r\n<\/tr>\r\n<tr>\r\n<td>12<\/td>\r\n<td>Que Me Tienes As\u00ed<\/td>\r\n<td><\/td>\r\n<\/tr>\r\n<tr>\r\n<td>13<\/td>\r\n<td>Bye Bye Abur<\/td>\r\n<td><\/td>\r\n<\/tr>\r\n<tr>\r\n<td><\/td>\r\n<td><\/td>\r\n<td><\/td>\r\n<\/tr>\r\n<\/tbody>\r\n<\/table>\r\n&nbsp;\r\n\r\n<div class=\"epyt-video-wrapper\"><iframe loading=\"lazy\"  id=\"_ytid_18337\"  width=\"618\" height=\"347\"  data-origwidth=\"618\" data-origheight=\"347\" src=\"https:\/\/www.youtube.com\/embed\/figure>?enablejsapi=1&#038;autoplay=0&#038;cc_load_policy=0&#038;cc_lang_pref=&#038;iv_load_policy=1&#038;loop=0&#038;modestbranding=0&#038;rel=1&#038;fs=1&#038;playsinline=0&#038;autohide=2&#038;theme=dark&#038;color=red&#038;controls=1&#038;&#8221; class=&#8221;__youtube_prefs__  epyt-is-override  no-lazyload&#8221; title=&#8221;YouTube player&#8221;  allow=&#8221;fullscreen; accelerometer; autoplay; clipboard-write; encrypted-media; gyroscope; picture-in-picture&#8221; allowfullscreen data-no-lazy=&#8221;1&#8243; data-skipgform_ajax_framebjll=&#8221;&#8221;><\/iframe><\/div>\n<\/div>\r\n","protected":false},"excerpt":{"rendered":"<p>&nbsp; Fecha de Nacimiento: 06 de noviembre de 1961 Fecha de Fallecimiento: 28 de mayo del 2020 Biografia Charlie Monttana, nombre art\u00edstico de Carlos C\u00e9sar S\u00e1nchez Hern\u00e1ndez \u200b fue un m\u00fasico y compositor de canciones mexicano del g\u00e9nero rock urbano. Charlie inici\u00f3 su carrera musical como cantante del grupo Perro muerto y posteriormente se integr\u00f3, &hellip;<\/p>\n","protected":false},"author":1,"featured_media":0,"parent":0,"menu_order":0,"comment_status":"closed","ping_status":"closed","template":"","meta":{"footnotes":""},"class_list":["post-28871","page","type-page","status-publish",""],"jetpack_sharing_enabled":true,"_links":{"self":[{"href":"http:\/\/mickyandoniehn.com\/radio\/wp-json\/wp\/v2\/pages\/28871","targetHints":{"allow":["GET"]}}],"collection":[{"href":"http:\/\/mickyandoniehn.com\/radio\/wp-json\/wp\/v2\/pages"}],"about":[{"href":"http:\/\/mickyandoniehn.com\/radio\/wp-json\/wp\/v2\/types\/page"}],"author":[{"embeddable":true,"href":"http:\/\/mickyandoniehn.com\/radio\/wp-json\/wp\/v2\/users\/1"}],"replies":[{"embeddable":true,"href":"http:\/\/mickyandoniehn.com\/radio\/wp-json\/wp\/v2\/comments?post=28871"}],"version-history":[{"count":2,"href":"http:\/\/mickyandoniehn.com\/radio\/wp-json\/wp\/v2\/pages\/28871\/revisions"}],"predecessor-version":[{"id":30162,"href":"http:\/\/mickyandoniehn.com\/radio\/wp-json\/wp\/v2\/pages\/28871\/revisions\/30162"}],"wp:attachment":[{"href":"http:\/\/mickyandoniehn.com\/radio\/wp-json\/wp\/v2\/media?parent=28871"}],"curies":[{"name":"wp","href":"https:\/\/api.w.org\/{rel}","templated":true}]}}