{"id":28835,"date":"2022-08-26T12:19:21","date_gmt":"2022-08-26T18:19:21","guid":{"rendered":"https:\/\/mickyandoniehn.com\/radio\/?page_id=28835"},"modified":"2022-09-01T09:57:26","modified_gmt":"2022-09-01T15:57:26","slug":"federico-moura","status":"publish","type":"page","link":"http:\/\/mickyandoniehn.com\/radio\/federico-moura\/","title":{"rendered":"Federico Moura"},"content":{"rendered":"<p style=\"text-align: justify;\"><img loading=\"lazy\" decoding=\"async\" class=\" wp-image-23689 aligncenter\" src=\"http:\/\/mickyandoniehn.com\/radio\/wp-content\/uploads\/2022\/07\/Federico-Moura-300x201.jpg\" alt=\"\" width=\"793\" height=\"531\" srcset=\"http:\/\/mickyandoniehn.com\/radio\/wp-content\/uploads\/2022\/07\/Federico-Moura-300x201.jpg 300w, http:\/\/mickyandoniehn.com\/radio\/wp-content\/uploads\/2022\/07\/Federico-Moura-110x75.jpg 110w, http:\/\/mickyandoniehn.com\/radio\/wp-content\/uploads\/2022\/07\/Federico-Moura.jpg 411w\" sizes=\"auto, (max-width: 793px) 100vw, 793px\" \/><\/p>\n<p>&nbsp;<\/p>\n<p><strong>Fecha de Nacimiento:<\/strong> 23 de octubre de 1951 Berisso, Argentina<\/p>\n<p><strong>Fecha de Fallecimiento: <\/strong>21 de diciembre de 1988 (37 a\u00f1os)<\/p>\n<p><strong>Biografia\u00a0<\/strong><\/p>\n<div class=\"cxmmr5t8 oygrvhab hcukyx3x c1et5uql o9v6fnle\" style=\"text-align: justify;\">\n<div dir=\"auto\">Federico Jos\u00e9 Moura (Berisso, 23 de octubre de 1951 &#8211; Buenos Aires, 21 de diciembre de 1988) fue un m\u00fasico, cantautor, compositor, productor discogr\u00e1fico y dise\u00f1ador de ropa argentino, considerado uno de los m\u00e1s influyentes y reconocidos m\u00fasicos del rock hispanoamericano.<\/div>\n<div dir=\"auto\"><\/div>\n<\/div>\n<div class=\"cxmmr5t8 oygrvhab hcukyx3x c1et5uql o9v6fnle\" style=\"text-align: justify;\">\n<div dir=\"auto\">L\u00edder de Virus, banda de rock fundamental dentro del estilo musical new wave de los a\u00f1os 1980 en Sudam\u00e9rica.1 Tuvo un rol importante dentro de la m\u00fasica popular, ya que su banda dio una apertura a otros estilos e incorpor\u00f3 la electr\u00f3nica y letras camufladas en sus canciones de rock.<\/div>\n<div dir=\"auto\"><\/div>\n<\/div>\n<div class=\"cxmmr5t8 oygrvhab hcukyx3x c1et5uql o9v6fnle\" style=\"text-align: justify;\">\n<div dir=\"auto\">Federico Jos\u00e9 Moura, el cuarto de seis hermanos, naci\u00f3 en La Plata, hijo de Pico Moura, un abogado que se especializaba en derecho civil, y Velia Oliva, maestra y pianista aficionada.2 El mayor de los hermanos, Jorge, era miembro del Ej\u00e9rcito Revolucionario del Pueblo y fue secuestrado durante la dictadura militar en 1977; desde entonces se encuentra desaparecido.<\/div>\n<div dir=\"auto\"><\/div>\n<div dir=\"auto\">Desde peque\u00f1o, Federico mostr\u00f3 inter\u00e9s por la m\u00fasica, y a los cuatro o cinco a\u00f1os aprendi\u00f3 acordes de guitarra y piano.2 Su primera experiencia art\u00edstica transcurri\u00f3 en plena adolescencia con el grupo Dulcemembriyo, con el que lleg\u00f3 a realizar algunas giras por Am\u00e9rica Latina, en el rol de bajista, luego form\u00f3 parte de Las Violetas y finalmente Marabunta.<\/div>\n<div dir=\"auto\"><\/div>\n<\/div>\n<div class=\"cxmmr5t8 oygrvhab hcukyx3x c1et5uql o9v6fnle\" style=\"text-align: justify;\">\n<div dir=\"auto\">Moura estudi\u00f3 en escuela anexa dependiente de la Universidad Nacional de La Plata, donde curs\u00f3 los estudios primarios y de joven practic\u00f3 rugby en La Plata Rugby Club al igual que sus dem\u00e1s hermanos. Adem\u00e1s, era aficionado al atletismo y al v\u00f3leibol de playa. Termin\u00f3 la secundaria en el Colegio Nacional de La Plata.<\/div>\n<div dir=\"auto\"><\/div>\n<\/div>\n<div class=\"cxmmr5t8 oygrvhab hcukyx3x c1et5uql o9v6fnle\" style=\"text-align: justify;\">\n<div dir=\"auto\">Milit\u00f3 en el silo\u00edsmo, corriente pol\u00edtico filos\u00f3fica fundada por Mario Rodr\u00edguez Cobos, alias Silo, origen de lo que hoy es el Movimiento Humanista, donde militaba su hermano Jorge, quien luego se involucrar\u00eda en la Juventud del PTR.<\/div>\n<p>&nbsp;<\/p>\n<div dir=\"auto\"><\/div>\n<\/div>\n<div class=\"cxmmr5t8 oygrvhab hcukyx3x c1et5uql o9v6fnle\" style=\"text-align: justify;\">\n<div dir=\"auto\"><strong>Wikipedia in English<\/strong><\/div>\n<p>&nbsp;<\/p>\n<div dir=\"auto\"><\/div>\n<\/div>\n<div dir=\"auto\"><strong>Date of Birth:<\/strong> October 23, 1951 Berisso, Argentina<\/div>\n<p>&nbsp;<\/p>\n<div dir=\"auto\"><\/div>\n<div dir=\"auto\"><strong>Date of Death:<\/strong> December 21, 1988 (37 years old)<\/div>\n<p>&nbsp;<\/p>\n<div dir=\"auto\"><\/div>\n<div class=\"cxmmr5t8 oygrvhab hcukyx3x c1et5uql o9v6fnle\" style=\"text-align: justify;\">\n<div dir=\"auto\"><strong>Biography<\/strong><\/div>\n<p>&nbsp;<\/p>\n<div dir=\"auto\"><\/div>\n<\/div>\n<div class=\"cxmmr5t8 oygrvhab hcukyx3x c1et5uql o9v6fnle\" style=\"text-align: justify;\">\n<div dir=\"auto\">Federico Jos\u00e9 Moura (Berisso, October 23, 1951 &#8211; Buenos Aires, December 21, 1988) was an Argentine musician, singer-songwriter, composer, record producer and clothing designer, considered one of the most influential and recognized Spanish-American rock musicians.<\/div>\n<p>&nbsp;<\/p>\n<div dir=\"auto\"><\/div>\n<\/div>\n<div class=\"cxmmr5t8 oygrvhab hcukyx3x c1et5uql o9v6fnle\" style=\"text-align: justify;\">\n<div dir=\"auto\">Leader of Virus, fundamental rock band within the new wave musical style of the 1980s in South America.1 He had an important role within popular music, since his band gave an opening to other styles and incorporated electronics and camouflaged lyrics in his rock songs.<\/div>\n<p>&nbsp;<\/p>\n<div dir=\"auto\"><\/div>\n<\/div>\n<div class=\"cxmmr5t8 oygrvhab hcukyx3x c1et5uql o9v6fnle\" style=\"text-align: justify;\">\n<div dir=\"auto\">Federico Jos\u00e9 Moura, the fourth of six siblings, was born in La Plata, the son of Pico Moura, a lawyer who specialized in civil law, and Velia Oliva, a teacher and amateur pianist.2 The eldest of the brothers, Jorge, was a member of the The People&#8217;s Revolutionary Army and was kidnapped during the military dictatorship in 1977; Since then he has disappeared.3 From a young age, Federico showed interest in music, and at the age of four or five he learned guitar and piano chords.2 His first artistic experience was spent in his teens with the group Dulcemembriyo, with which he performed some tours of Latin America, in the role of bass player, then he was part of Las Violetas and finally Marabunta.<\/div>\n<p>&nbsp;<\/p>\n<div dir=\"auto\"><\/div>\n<\/div>\n<div class=\"cxmmr5t8 oygrvhab hcukyx3x c1et5uql o9v6fnle\" style=\"text-align: justify;\">\n<div dir=\"auto\">Moura studied in an attached school dependent on the National University of La Plata, where he attended primary school and as a young man he practiced rugby at La Plata Rugby Club like his other brothers. In addition, he was fond of athletics and beach volleyball. He finished high school at the National School of La Plata.<\/div>\n<p>&nbsp;<\/p>\n<div dir=\"auto\"><\/div>\n<\/div>\n<div class=\"cxmmr5t8 oygrvhab hcukyx3x c1et5uql o9v6fnle\" style=\"text-align: justify;\">\n<div dir=\"auto\">He was active in siloism, a political-philosophical current founded by Mario Rodr\u00edguez Cobos, alias Silo, the origin of what is now the Humanist Movement, where his brother Jorge was a member, who later became involved in the PTR Youth.<\/div>\n<p>&nbsp;<\/p>\n<div dir=\"auto\"><\/div>\n<\/div>\n<div class=\"cxmmr5t8 oygrvhab hcukyx3x c1et5uql o9v6fnle\" style=\"text-align: justify;\">\n<div dir=\"auto\"><strong>Discography<\/strong><\/div>\n<p>&nbsp;<\/p>\n<div dir=\"auto\"><\/div>\n<div dir=\"auto\">\n<table width=\"596\">\n<tbody>\n<tr>\n<td style=\"text-align: center;\" width=\"217\"><strong>Temas Rock, Synth-pop, new wave, electr\u00f3nica, dark wave.<\/strong><\/td>\n<td style=\"text-align: center;\" width=\"249\"><strong>Escuchar tema<\/strong><\/td>\n<td style=\"text-align: center;\" width=\"130\"><strong>A\u00f1o de Publicaci\u00f3n<\/strong><\/td>\n<\/tr>\n<tr>\n<td>1<\/td>\n<td>Im\u00e1genes Paganas<\/td>\n<td>1987<\/td>\n<\/tr>\n<tr>\n<td>2<\/td>\n<td>Sin disfraz<\/td>\n<td>1985<\/td>\n<\/tr>\n<tr>\n<td>3<\/td>\n<td>Tomo Lo Que Encuentro<\/td>\n<td>1985<\/td>\n<\/tr>\n<tr>\n<td>4<\/td>\n<td>Encuentro en el R\u00edo<\/td>\n<td>1985<\/td>\n<\/tr>\n<tr>\n<td>5<\/td>\n<td>Mirada Speed<\/td>\n<td>1987<\/td>\n<\/tr>\n<tr>\n<td>6<\/td>\n<td>Dame una se\u00f1al<\/td>\n<td>1984<\/td>\n<\/tr>\n<tr>\n<td>7<\/td>\n<td>\u00bfQu\u00e9 hago en Manila?<\/td>\n<td>1983<\/td>\n<\/tr>\n<tr>\n<td>8<\/td>\n<td>Dicha Feliz<\/td>\n<td>1985<\/td>\n<\/tr>\n<tr>\n<td>9<\/td>\n<td>Me puedo programar<\/td>\n<td>1984<\/td>\n<\/tr>\n<tr>\n<td>10<\/td>\n<td>Superficies de Placer<\/td>\n<td>1987<\/td>\n<\/tr>\n<tr>\n<td>11<\/td>\n<td>Wadu-Wadu<\/td>\n<td>1981<\/td>\n<\/tr>\n<tr>\n<td>12<\/td>\n<td>Caliente caf\u00e9<\/td>\n<td>1981<\/td>\n<\/tr>\n<tr>\n<td>13<\/td>\n<td>Juegos Incompletos<\/td>\n<td>1984<\/td>\n<\/tr>\n<tr>\n<td>14<\/td>\n<td>Desesperado secuencia uno<\/td>\n<td>1984<\/td>\n<\/tr>\n<tr>\n<td>15<\/td>\n<td>Completo El Stock<\/td>\n<td>1984<\/td>\n<\/tr>\n<tr>\n<td>16<\/td>\n<td>Epocalipsis<\/td>\n<td>1987<\/td>\n<\/tr>\n<tr>\n<td>17<\/td>\n<td>Soy moderno, no fumo<\/td>\n<td>1981<\/td>\n<\/tr>\n<tr>\n<td>18<\/td>\n<td>Danza Narc\u00f3tica<\/td>\n<td>1987<\/td>\n<\/tr>\n<tr>\n<td>19<\/td>\n<td>Densa Realidad<\/td>\n<td>1981<\/td>\n<\/tr>\n<tr>\n<td>20<\/td>\n<td>Sentirse Bien<\/td>\n<td>1984<\/td>\n<\/tr>\n<tr>\n<td>21<\/td>\n<td>Rumbos secretos<\/td>\n<td>1987<\/td>\n<\/tr>\n<tr>\n<td>22<\/td>\n<td>Transe\u00fante Sin Identidad<\/td>\n<td>1987<\/td>\n<\/tr>\n<tr>\n<td>23<\/td>\n<td>Lugares Comunes<\/td>\n<td>1985<\/td>\n<\/tr>\n<tr>\n<td>24<\/td>\n<td>El Rock Es Mi Forma de Ser<\/td>\n<td>1981<\/td>\n<\/tr>\n<tr>\n<td>25<\/td>\n<td>Impulsos aleatorios<\/td>\n<td>1987<\/td>\n<\/tr>\n<tr>\n<td>26<\/td>\n<td>Amores perpetuos<\/td>\n<td>1987<\/td>\n<\/tr>\n<tr>\n<td>27<\/td>\n<td>Ausencia<\/td>\n<td>1987<\/td>\n<\/tr>\n<tr>\n<td>28<\/td>\n<td>Todo Este Tiempo Perdido<\/td>\n<td>1981<\/td>\n<\/tr>\n<tr>\n<td>29<\/td>\n<td>El 146<\/td>\n<td>1982<\/td>\n<\/tr>\n<tr>\n<td>30<\/td>\n<td>Me fascina la parrilla<\/td>\n<td>1982<\/td>\n<\/tr>\n<tr>\n<td>31<\/td>\n<td>Se zarp\u00f3<\/td>\n<td>1982<\/td>\n<\/tr>\n<tr>\n<td>32<\/td>\n<td>Carolina Querida<\/td>\n<td>1983<\/td>\n<\/tr>\n<tr>\n<td><\/td>\n<td><\/td>\n<td><\/td>\n<\/tr>\n<\/tbody>\n<\/table>\n<\/div>\n<div dir=\"auto\"><\/div>\n<\/div>\n<div class=\"epyt-video-wrapper\"><iframe loading=\"lazy\"  id=\"_ytid_84037\"  width=\"618\" height=\"347\"  data-origwidth=\"618\" data-origheight=\"347\" src=\"https:\/\/www.youtube.com\/embed\/s3NPV7hWeK0?enablejsapi=1&#038;autoplay=0&#038;cc_load_policy=0&#038;cc_lang_pref=&#038;iv_load_policy=1&#038;loop=0&#038;modestbranding=0&#038;rel=1&#038;fs=1&#038;playsinline=0&#038;autohide=2&#038;theme=dark&#038;color=red&#038;controls=1&#038;\" class=\"__youtube_prefs__  epyt-is-override  no-lazyload\" title=\"YouTube player\"  allow=\"fullscreen; accelerometer; autoplay; clipboard-write; encrypted-media; gyroscope; picture-in-picture\" allowfullscreen data-no-lazy=\"1\" data-skipgform_ajax_framebjll=\"\"><\/iframe><\/div>\n","protected":false},"excerpt":{"rendered":"<p>&nbsp; Fecha de Nacimiento: 23 de octubre de 1951 Berisso, Argentina Fecha de Fallecimiento: 21 de diciembre de 1988 (37 a\u00f1os) Biografia\u00a0 Federico Jos\u00e9 Moura (Berisso, 23 de octubre de 1951 &#8211; Buenos Aires, 21 de diciembre de 1988) fue un m\u00fasico, cantautor, compositor, productor discogr\u00e1fico y dise\u00f1ador de ropa argentino, considerado uno de los &hellip;<\/p>\n","protected":false},"author":1,"featured_media":0,"parent":0,"menu_order":0,"comment_status":"closed","ping_status":"closed","template":"","meta":{"footnotes":""},"class_list":["post-28835","page","type-page","status-publish",""],"jetpack_sharing_enabled":true,"_links":{"self":[{"href":"http:\/\/mickyandoniehn.com\/radio\/wp-json\/wp\/v2\/pages\/28835","targetHints":{"allow":["GET"]}}],"collection":[{"href":"http:\/\/mickyandoniehn.com\/radio\/wp-json\/wp\/v2\/pages"}],"about":[{"href":"http:\/\/mickyandoniehn.com\/radio\/wp-json\/wp\/v2\/types\/page"}],"author":[{"embeddable":true,"href":"http:\/\/mickyandoniehn.com\/radio\/wp-json\/wp\/v2\/users\/1"}],"replies":[{"embeddable":true,"href":"http:\/\/mickyandoniehn.com\/radio\/wp-json\/wp\/v2\/comments?post=28835"}],"version-history":[{"count":2,"href":"http:\/\/mickyandoniehn.com\/radio\/wp-json\/wp\/v2\/pages\/28835\/revisions"}],"predecessor-version":[{"id":30229,"href":"http:\/\/mickyandoniehn.com\/radio\/wp-json\/wp\/v2\/pages\/28835\/revisions\/30229"}],"wp:attachment":[{"href":"http:\/\/mickyandoniehn.com\/radio\/wp-json\/wp\/v2\/media?parent=28835"}],"curies":[{"name":"wp","href":"https:\/\/api.w.org\/{rel}","templated":true}]}}