{"id":28808,"date":"2022-08-26T12:11:08","date_gmt":"2022-08-26T18:11:08","guid":{"rendered":"https:\/\/mickyandoniehn.com\/radio\/?page_id=28808"},"modified":"2022-09-01T10:38:50","modified_gmt":"2022-09-01T16:38:50","slug":"jackson-browne","status":"publish","type":"page","link":"http:\/\/mickyandoniehn.com\/radio\/jackson-browne\/","title":{"rendered":"Jackson Browne"},"content":{"rendered":"<p><img loading=\"lazy\" decoding=\"async\" class=\"wp-image-23642 aligncenter\" src=\"http:\/\/mickyandoniehn.com\/radio\/wp-content\/uploads\/2022\/07\/Jackson-Browne-300x201.jpg\" alt=\"\" width=\"627\" height=\"420\" srcset=\"http:\/\/mickyandoniehn.com\/radio\/wp-content\/uploads\/2022\/07\/Jackson-Browne-300x201.jpg 300w, http:\/\/mickyandoniehn.com\/radio\/wp-content\/uploads\/2022\/07\/Jackson-Browne-110x75.jpg 110w, http:\/\/mickyandoniehn.com\/radio\/wp-content\/uploads\/2022\/07\/Jackson-Browne.jpg 751w\" sizes=\"auto, (max-width: 627px) 100vw, 627px\" \/><\/p>\n<div class=\"cxmmr5t8 oygrvhab hcukyx3x c1et5uql o9v6fnle ii04i59q\">\n<div dir=\"auto\">\n<div class=\"cxmmr5t8 oygrvhab hcukyx3x c1et5uql o9v6fnle ii04i59q\">\n<div dir=\"auto\"><strong>Fecha de Nacimiento:<\/strong> 9 de octubre de 1948<\/div>\n<p>&nbsp;<\/p>\n<div dir=\"auto\"><\/div>\n<\/div>\n<div class=\"cxmmr5t8 oygrvhab hcukyx3x c1et5uql o9v6fnle ii04i59q\">\n<div dir=\"auto\"><strong>Biograf\u00eda:<\/strong><\/div>\n<p>&nbsp;<\/p>\n<div dir=\"auto\"><\/div>\n<div dir=\"auto\">Entre sus \u00e9xitos se destacan las canciones These Days, The Pretender, Running on Empty, For Everyman, Lawyers in Love, I\u2019m Alive, Somebody Baby, Take it Easy y Sky Blue and Black.<\/div>\n<p>&nbsp;<\/p>\n<div dir=\"auto\"><\/div>\n<\/div>\n<div class=\"cxmmr5t8 oygrvhab hcukyx3x c1et5uql o9v6fnle ii04i59q\">\n<div dir=\"auto\">En 2004 se le nombr\u00f3 miembro del Rock and Roll Hall of Fame en Cleveland, Ohio, y tambi\u00e9n fue nombrado Doctor Honorario de M\u00fasica por el Occidental College de Los \u00c1ngeles, California.<\/div>\n<p>&nbsp;<\/p>\n<div dir=\"auto\"><\/div>\n<\/div>\n<div class=\"cxmmr5t8 oygrvhab hcukyx3x c1et5uql o9v6fnle ii04i59q\">\n<div dir=\"auto\">Browne naci\u00f3 en Heidelberg (Alemania), donde su padre, Clyde Jack Browne, un soldado estadounidense, estaba destinado por raz\u00f3n de su empleo con el peri\u00f3dico Stars and Stripes. La madre de Browne, Beatrice Amanda (nacida Dahl) era oriunda de Minnesota y ten\u00eda ascendencia noruega. Browne tiene tres hermanos, Roberta Berbie Browne, nacida en 1946 en N\u00faremberg (Alemania) y Edward Severin Browne, nacido en 1949 en Fr\u00e1ncfort (Alemania). Su hermana m\u00e1s joven, Gracie Browne, naci\u00f3 varios a\u00f1os m\u00e1s tarde.<\/div>\n<p>&nbsp;<\/p>\n<div dir=\"auto\"><\/div>\n<\/div>\n<div class=\"cxmmr5t8 oygrvhab hcukyx3x c1et5uql o9v6fnle ii04i59q\">\n<div dir=\"auto\">El 14 de marzo de 2004 Browne fue presentado en el Rock and Roll Hall of Fame por Bruce Springsteen, y el 7 de junio de 2007 pas\u00f3 a ser miembro del Songwriters Hall of Fame. En 2004 el Occidental College en Los \u00c1ngeles le concedi\u00f3 el t\u00edtulo de Doctor Honorario de M\u00fasica &#8220;por una extraordinaria carrera musical que ha combinado con \u00e9xito un arte intensamente personal con una visi\u00f3n m\u00e1s amplia de justicia social&#8221;.<\/div>\n<p>&nbsp;<\/p>\n<div dir=\"auto\"><\/div>\n<\/div>\n<div class=\"cxmmr5t8 oygrvhab hcukyx3x c1et5uql o9v6fnle ii04i59q\">\n<div dir=\"auto\">En 2008 Browne recibi\u00f3 el NARM Harry Chapin Humanitarian Award.<\/div>\n<p>&nbsp;<\/p>\n<div dir=\"auto\"><\/div>\n<\/div>\n<div class=\"cxmmr5t8 oygrvhab hcukyx3x c1et5uql o9v6fnle ii04i59q\">\n<div dir=\"auto\">En 2002 Browne recibi\u00f3 el John Steinbeck Award, que se concede a artistas que son un ejemplo de los valores medioambientales y sociales en los que Steinbeck cre\u00eda.<\/div>\n<p>&nbsp;<\/p>\n<div dir=\"auto\"><\/div>\n<\/div>\n<div class=\"cxmmr5t8 oygrvhab hcukyx3x c1et5uql o9v6fnle ii04i59q\">\n<div dir=\"auto\"><strong>Wikipedia in English<\/strong><\/div>\n<p>&nbsp;<\/p>\n<div dir=\"auto\"><\/div>\n<\/div>\n<div class=\"cxmmr5t8 oygrvhab hcukyx3x c1et5uql o9v6fnle ii04i59q\">\n<div dir=\"auto\"><strong>Author born:<\/strong> October 09, 1948<\/div>\n<p>&nbsp;<\/p>\n<div dir=\"auto\"><\/div>\n<\/div>\n<div class=\"cxmmr5t8 oygrvhab hcukyx3x c1et5uql o9v6fnle ii04i59q\">\n<div dir=\"auto\"><strong>Biography:<\/strong><\/div>\n<p>&nbsp;<\/p>\n<div dir=\"auto\"><\/div>\n<div dir=\"auto\">Among his hits are the songs These Days, The Pretender, Running on Empty, For Everyman, Lawyers in Love, I&#8217;m Alive, Somebody&#8217;s Baby, Take it Easy and Sky Blue and Black.<\/div>\n<p>&nbsp;<\/p>\n<div dir=\"auto\"><\/div>\n<\/div>\n<div class=\"cxmmr5t8 oygrvhab hcukyx3x c1et5uql o9v6fnle ii04i59q\">\n<div dir=\"auto\">In 2004 he was named a member of the Rock and Roll Hall of Fame in Cleveland, Ohio, and he was also named an Honorary Doctor of Music by Occidental College in Los Angeles, California.<\/div>\n<p>&nbsp;<\/p>\n<div dir=\"auto\"><\/div>\n<\/div>\n<div class=\"cxmmr5t8 oygrvhab hcukyx3x c1et5uql o9v6fnle ii04i59q\">\n<div dir=\"auto\">Browne was born in Heidelberg, Germany, where his father, Clyde Jack Browne, an American soldier, was stationed by reason of his employment with the Stars and Stripes newspaper. Browne&#8217;s mother, Beatrice Amanda (born Dahl) was originally from Minnesota and of Norwegian descent. Browne has three siblings, Roberta Berbie Browne, born in 1946 in Nuremberg (Germany) and Edward Severin Browne, born in 1949 in Frankfurt (Germany). His youngest sister, Gracie Browne, was born several years later.<\/div>\n<p>&nbsp;<\/p>\n<div dir=\"auto\"><\/div>\n<\/div>\n<div class=\"cxmmr5t8 oygrvhab hcukyx3x c1et5uql o9v6fnle ii04i59q\">\n<div dir=\"auto\">On March 14, 2004 Browne was inducted into the Rock and Roll Hall of Fame by Bruce Springsteen, and on June 7, 2007 he was inducted into the Songwriters Hall of Fame. In 2004, he was awarded an Honorary Doctor of Music by Occidental College in Los Angeles &#8220;for an extraordinary musical career that has successfully combined an intensely personal art with a broader vision of social justice.&#8221;<\/div>\n<p>&nbsp;<\/p>\n<div dir=\"auto\"><\/div>\n<\/div>\n<div class=\"cxmmr5t8 oygrvhab hcukyx3x c1et5uql o9v6fnle ii04i59q\">\n<div dir=\"auto\">In 2008 Browne received the NARM Harry Chapin Humanitarian Award.<\/div>\n<p>&nbsp;<\/p>\n<div dir=\"auto\"><\/div>\n<\/div>\n<div class=\"cxmmr5t8 oygrvhab hcukyx3x c1et5uql o9v6fnle ii04i59q\">\n<div dir=\"auto\">In 2002 Browne received the John Steinbeck Award, which is given to artists who exemplify the environmental and social values that Steinbeck believed in.<\/div>\n<p>&nbsp;<\/p>\n<div dir=\"auto\"><\/div>\n<\/div>\n<div class=\"cxmmr5t8 oygrvhab hcukyx3x c1et5uql o9v6fnle ii04i59q\">\n<div dir=\"auto\"><strong>Discography<\/strong><\/div>\n<p>&nbsp;<\/p>\n<\/div>\n<\/div>\n<\/div>\n<p>&nbsp;<\/p>\n<table width=\"589\">\n<tbody>\n<tr>\n<td style=\"text-align: center;\" width=\"98\"><strong>G\u00e9nero\u00a0 Country, Blues, Alternativa<\/strong><\/td>\n<td style=\"text-align: center;\" width=\"394\"><strong>Escuchar Tema<\/strong><\/td>\n<td style=\"text-align: center;\" width=\"97\"><strong>A\u00f1o de Publicaci\u00f3n<\/strong><\/td>\n<\/tr>\n<tr>\n<td><\/td>\n<td><\/td>\n<td><\/td>\n<\/tr>\n<tr>\n<td>1<\/td>\n<td>Saturate Before Using(Asylum)<\/td>\n<td>1972<\/td>\n<\/tr>\n<tr>\n<td>2<\/td>\n<td>For Everyman(Asylum)<\/td>\n<td>1973<\/td>\n<\/tr>\n<tr>\n<td>3<\/td>\n<td>Late For The Sky\u00a0 (Asylum)<\/td>\n<td>1974<\/td>\n<\/tr>\n<tr>\n<td>4<\/td>\n<td>The Pretender (Asylum)<\/td>\n<td>1976<\/td>\n<\/tr>\n<tr>\n<td>5<\/td>\n<td>Running On Empty (Asylum)<\/td>\n<td>1977<\/td>\n<\/tr>\n<tr>\n<td>6<\/td>\n<td>Hold Out (Asylum)<\/td>\n<td>1980<\/td>\n<\/tr>\n<tr>\n<td>7<\/td>\n<td>Lawyers In Love (Asylum)<\/td>\n<td>1983<\/td>\n<\/tr>\n<tr>\n<td>8<\/td>\n<td>Lives In The Balance (Asylum)<\/td>\n<td>1986<\/td>\n<\/tr>\n<tr>\n<td>9<\/td>\n<td>World In Motion (Elektra)<\/td>\n<td>1989<\/td>\n<\/tr>\n<tr>\n<td>10<\/td>\n<td>I&#8217;m Alive (Elektra)<\/td>\n<td>1993<\/td>\n<\/tr>\n<tr>\n<td>11<\/td>\n<td>Looking East (Wea)<\/td>\n<td>1996<\/td>\n<\/tr>\n<tr>\n<td>12<\/td>\n<td>The Next Voice You Hear, The Best Of Jackson Browne (Wea)<\/td>\n<td>1997<\/td>\n<\/tr>\n<tr>\n<td>13<\/td>\n<td>Naked Ride Home (Wea)<\/td>\n<td>2002<\/td>\n<\/tr>\n<tr>\n<td>14<\/td>\n<td>Time the Conquero (Inside Recordings)<\/td>\n<td>2008<\/td>\n<\/tr>\n<tr>\n<td>15<\/td>\n<td>Standing In The Breach<\/td>\n<td>2014<\/td>\n<\/tr>\n<tr>\n<td><\/td>\n<td><\/td>\n<td><\/td>\n<\/tr>\n<\/tbody>\n<\/table>\n<p>&nbsp;<\/p>\n<div class=\"cxmmr5t8 oygrvhab hcukyx3x c1et5uql o9v6fnle ii04i59q\">\n<div dir=\"auto\">\n<div dir=\"auto\"><\/div>\n<div class=\"cxmmr5t8 oygrvhab hcukyx3x c1et5uql o9v6fnle ii04i59q\">\n<div dir=\"auto\">Cr\u00e9ditos tomados de Wikipedia:<\/div>\n<div dir=\"auto\"><a class=\"oajrlxb2 g5ia77u1 qu0x051f esr5mh6w e9989ue4 r7d6kgcz rq0escxv nhd2j8a9 nc684nl6 p7hjln8o kvgmc6g5 cxmmr5t8 oygrvhab hcukyx3x jb3vyjys rz4wbd8a qt6c0cv9 a8nywdso i1ao9s8h esuyzwwr f1sip0of lzcic4wl gpro0wi8 py34i1dx\" tabindex=\"0\" role=\"link\" href=\"https:\/\/l.facebook.com\/l.php?u=https%3A%2F%2Fes.wikipedia.org%2Fwiki%2FJackson_Browne%3Ffbclid%3DIwAR1xU03pkCufo-rAGyZyodui1HQBGegE5zWEQbf74EPiihCsArVxUg7lFKg&amp;h=AT01DClIlJyJPgmRSetU2zj86toS6tp3ZmgWlXuM9H8QY2eNr7-BCYiIPucBkrsffKq8rgKUDscpjuNwAjKabPynqR_UO_EDoMGgfkbGnAXdAH1luXZ7Vya6c4HiwA5dhdQ-&amp;__tn__=-UK-R&amp;c[0]=AT1nMLWsjoqjAMYR_ymmPSfmTmBRoxTIWSvQHo2lpZgM5eSQK_kCHXR0Etv1Qo7qgwXFz5RfNh6Gb-9GakRfupK1yHoJCEvKOswBY6UdSWSmtuWy-6LcBIMLZby-nDYbTvZ7UWFDi2ZmPGVMPqKnsRQI_ctqs76REs-7JA\" target=\"_blank\" rel=\"nofollow noopener\">https:\/\/es.wikipedia.org\/wiki\/Jackson_Browne<\/a><\/div>\n<\/div>\n<\/div>\n<\/div>\n<div class=\"cxmmr5t8 oygrvhab hcukyx3x c1et5uql o9v6fnle ii04i59q\">\n<div dir=\"auto\"><\/div>\n<\/div>\n<div class=\"epyt-video-wrapper\"><iframe loading=\"lazy\"  id=\"_ytid_11632\"  width=\"618\" height=\"347\"  data-origwidth=\"618\" data-origheight=\"347\" src=\"https:\/\/www.youtube.com\/embed\/yKrGPerBS_U?enablejsapi=1&#038;autoplay=0&#038;cc_load_policy=0&#038;cc_lang_pref=&#038;iv_load_policy=1&#038;loop=0&#038;modestbranding=0&#038;rel=1&#038;fs=1&#038;playsinline=0&#038;autohide=2&#038;theme=dark&#038;color=red&#038;controls=1&#038;\" class=\"__youtube_prefs__  epyt-is-override  no-lazyload\" title=\"YouTube player\"  allow=\"fullscreen; accelerometer; autoplay; clipboard-write; encrypted-media; gyroscope; picture-in-picture\" allowfullscreen data-no-lazy=\"1\" data-skipgform_ajax_framebjll=\"\"><\/iframe><\/div>\n","protected":false},"excerpt":{"rendered":"<p>Fecha de Nacimiento: 9 de octubre de 1948 &nbsp; Biograf\u00eda: &nbsp; Entre sus \u00e9xitos se destacan las canciones These Days, The Pretender, Running on Empty, For Everyman, Lawyers in Love, I\u2019m Alive, Somebody Baby, Take it Easy y Sky Blue and Black. &nbsp; En 2004 se le nombr\u00f3 miembro del Rock and Roll Hall of &hellip;<\/p>\n","protected":false},"author":1,"featured_media":0,"parent":0,"menu_order":0,"comment_status":"closed","ping_status":"closed","template":"","meta":{"footnotes":""},"class_list":["post-28808","page","type-page","status-publish",""],"jetpack_sharing_enabled":true,"_links":{"self":[{"href":"http:\/\/mickyandoniehn.com\/radio\/wp-json\/wp\/v2\/pages\/28808","targetHints":{"allow":["GET"]}}],"collection":[{"href":"http:\/\/mickyandoniehn.com\/radio\/wp-json\/wp\/v2\/pages"}],"about":[{"href":"http:\/\/mickyandoniehn.com\/radio\/wp-json\/wp\/v2\/types\/page"}],"author":[{"embeddable":true,"href":"http:\/\/mickyandoniehn.com\/radio\/wp-json\/wp\/v2\/users\/1"}],"replies":[{"embeddable":true,"href":"http:\/\/mickyandoniehn.com\/radio\/wp-json\/wp\/v2\/comments?post=28808"}],"version-history":[{"count":2,"href":"http:\/\/mickyandoniehn.com\/radio\/wp-json\/wp\/v2\/pages\/28808\/revisions"}],"predecessor-version":[{"id":30280,"href":"http:\/\/mickyandoniehn.com\/radio\/wp-json\/wp\/v2\/pages\/28808\/revisions\/30280"}],"wp:attachment":[{"href":"http:\/\/mickyandoniehn.com\/radio\/wp-json\/wp\/v2\/media?parent=28808"}],"curies":[{"name":"wp","href":"https:\/\/api.w.org\/{rel}","templated":true}]}}