{"id":28806,"date":"2022-08-26T12:10:26","date_gmt":"2022-08-26T18:10:26","guid":{"rendered":"https:\/\/mickyandoniehn.com\/radio\/?page_id=28806"},"modified":"2022-09-01T09:58:47","modified_gmt":"2022-09-01T15:58:47","slug":"france-gall","status":"publish","type":"page","link":"http:\/\/mickyandoniehn.com\/radio\/france-gall\/","title":{"rendered":"France Gall"},"content":{"rendered":"<p><img loading=\"lazy\" decoding=\"async\" class=\" wp-image-23600 aligncenter\" src=\"http:\/\/mickyandoniehn.com\/radio\/wp-content\/uploads\/2022\/07\/France-Gall-300x300.jpg\" alt=\"\" width=\"441\" height=\"441\" srcset=\"http:\/\/mickyandoniehn.com\/radio\/wp-content\/uploads\/2022\/07\/France-Gall-300x300.jpg 300w, http:\/\/mickyandoniehn.com\/radio\/wp-content\/uploads\/2022\/07\/France-Gall-150x150.jpg 150w, http:\/\/mickyandoniehn.com\/radio\/wp-content\/uploads\/2022\/07\/France-Gall.jpg 528w\" sizes=\"auto, (max-width: 441px) 100vw, 441px\" \/><\/p>\n<div class=\"cxmmr5t8 oygrvhab hcukyx3x c1et5uql o9v6fnle ii04i59q\">\n<div dir=\"auto\"><strong>Fecha de Nacimiento:<\/strong> 9 de octubre de 1947<\/div>\n<p>&nbsp;<\/p>\n<div dir=\"auto\"><\/div>\n<div dir=\"auto\"><strong>Fecha de Fallecimiento:<\/strong> 7 de enero de 2018<\/div>\n<p>&nbsp;<\/p>\n<div dir=\"auto\"><\/div>\n<\/div>\n<div class=\"cxmmr5t8 oygrvhab hcukyx3x c1et5uql o9v6fnle ii04i59q\">\n<div dir=\"auto\"><strong>Biograf\u00eda:<\/strong><\/div>\n<p>&nbsp;<\/p>\n<div dir=\"auto\"><\/div>\n<div dir=\"auto\">Fue una popular cantante francesa. France Gall siempre estuvo en contacto con el mundo de la m\u00fasica. Su padre era el letrista Robert Gall (autor de, \u00abLa Mamma\u00bb para Charles Aznavour y otros temas para Edith Piafe). Su madre, C\u00e9cile Berthier, es hija de Paul Berthier, cofundador del coro Les petits chanteurs \u00e0 la croix de beis. France era sobrina del compositor Jacques Berthier y prima del guitarrista Denys Lable.<\/div>\n<p>&nbsp;<\/p>\n<div dir=\"auto\"><\/div>\n<\/div>\n<div class=\"cxmmr5t8 oygrvhab hcukyx3x c1et5uql o9v6fnle ii04i59q\">\n<div dir=\"auto\">Creci\u00f3 en el XII distrito de Par\u00eds junto a sus hermanos mayores mellizos Philippe y Patrice. Comenz\u00f3 la secundaria en el instituto Paul Val\u00e9ry, pero acab\u00f3 dejando los estudios tras repetir curso a los 16 a\u00f1os.<\/div>\n<p>&nbsp;<\/p>\n<div dir=\"auto\"><\/div>\n<\/div>\n<div class=\"cxmmr5t8 oygrvhab hcukyx3x c1et5uql o9v6fnle ii04i59q\">\n<div dir=\"auto\">En el verano de 1965 France Gall hizo una gira ofreciendo el espect\u00e1culo \u00abLe Grand Cirque de France\u00bb, una combinaci\u00f3n de espect\u00e1culo de radio y circo en vivo. Sus sencillos continuaron en las listas, incluyendo el tema de Gainsbourg \u00abAttends ou va-t&#8217;en\u00bb y \u00abNous ne sommes pas des anges\u00bb. Tambi\u00e9n tuvo \u00e9xito con el sencillo de inspiraci\u00f3n country \u00abL&#8217;Am\u00e9rique\u00bb de Eddy Marnay y Guy Magenta.<\/div>\n<p>&nbsp;<\/p>\n<div dir=\"auto\"><\/div>\n<\/div>\n<div class=\"cxmmr5t8 oygrvhab hcukyx3x c1et5uql o9v6fnle ii04i59q\">\n<div dir=\"auto\">Despu\u00e9s de una pel\u00edcula para televisi\u00f3n dirigida por Jean-Christophe Averty destinada a difundir sus canciones de 1965, el famoso Walt Disney la solicita para el papel de Alicia en una versi\u00f3n cinematogr\u00e1fica de \u00abAlicia en el Pa\u00eds de las Maravillas\u00bb. Aunque la cantante hab\u00eda insistido que ella no quer\u00eda dedicarse al cine, acept\u00f3 este \u00fanico proyecto por ser el que se ajustaba a su perfil. Lamentablemente, el proyecto fue cancelado despu\u00e9s de la muerte de Disney en 1966.<\/div>\n<p>&nbsp;<\/p>\n<div dir=\"auto\"><\/div>\n<\/div>\n<div class=\"cxmmr5t8 oygrvhab hcukyx3x c1et5uql o9v6fnle ii04i59q\">\n<div dir=\"auto\">Ese a\u00f1o, France particip\u00f3 en el especial para televisi\u00f3n \u00abViva Morandi\u00bb, hecho en el mismo molde psicoanal\u00edtico que el de la pel\u00edcula \u00abGiulietta degli Spiriti\u00bb, de Federico Fellini . Gall interpret\u00f3 a \u00abLa Gr\u00e2ce\u00bb (La gracia) junto a Christine Lebail quien interpret\u00f3 \u00abLa Pure\u00e9\u00bb (La pureza).<\/div>\n<p>&nbsp;<\/p>\n<div dir=\"auto\"><\/div>\n<\/div>\n<div class=\"cxmmr5t8 oygrvhab hcukyx3x c1et5uql o9v6fnle ii04i59q\">\n<div dir=\"auto\">Tambi\u00e9n grab\u00f3 un cortometraje de Jacques Jacquine para la televisi\u00f3n en 1974 llamado \u00abNotre correspondant \u00e0 Madras\u00bb. France act\u00faa junto a Sacha Pito\u00ebff, presentando una conversaci\u00f3n telef\u00f3nica en un futuro lejano.<\/div>\n<p>&nbsp;<\/p>\n<div dir=\"auto\"><\/div>\n<\/div>\n<div class=\"cxmmr5t8 oygrvhab hcukyx3x c1et5uql o9v6fnle ii04i59q\">\n<div dir=\"auto\"><strong>Wikipedia in English<\/strong><\/div>\n<p>&nbsp;<\/p>\n<div dir=\"auto\"><\/div>\n<\/div>\n<div class=\"cxmmr5t8 oygrvhab hcukyx3x c1et5uql o9v6fnle ii04i59q\">\n<div dir=\"auto\"><strong>Date of Birth:<\/strong> October 09, 1947<\/div>\n<p>&nbsp;<\/p>\n<div dir=\"auto\"><\/div>\n<div dir=\"auto\"><strong>Date of Death:<\/strong> January 7, 2018<\/div>\n<p>&nbsp;<\/p>\n<div dir=\"auto\"><\/div>\n<\/div>\n<div class=\"cxmmr5t8 oygrvhab hcukyx3x c1et5uql o9v6fnle ii04i59q\">\n<div dir=\"auto\"><strong>Biography:<\/strong><\/div>\n<p>&nbsp;<\/p>\n<div dir=\"auto\"><\/div>\n<div dir=\"auto\">She was a popular French singer. France Gall was always in contact with the world of music. Her father was the lyricist Robert Gall (author of, &#8220;La Mamma&#8221; for Charles Aznavour and other themes for Edith Piaf). Her mother, C\u00e9cile Berthier, is the daughter of Paul Berthier, co-founder of the choir Les petits chanteurs \u00e0 la croix de bois. France was the niece of composer Jacques Berthier and cousin of guitarist Denys Lable.<\/div>\n<p>&nbsp;<\/p>\n<div dir=\"auto\"><\/div>\n<\/div>\n<div class=\"cxmmr5t8 oygrvhab hcukyx3x c1et5uql o9v6fnle ii04i59q\">\n<div dir=\"auto\">She grew up in the 12th arrondissement of Paris alongside her older twin brothers Philippe and Patrice. She started high school at the Paul Val\u00e9ry institute, but she ended up dropping out after repeating a year at the age of 16.<\/div>\n<p>&nbsp;<\/p>\n<div dir=\"auto\"><\/div>\n<\/div>\n<div class=\"cxmmr5t8 oygrvhab hcukyx3x c1et5uql o9v6fnle ii04i59q\">\n<div dir=\"auto\">In the summer of 1965 France Gall went on a tour offering the show &#8220;Le Grand Cirque de France&#8221;, a combination of a radio show and a live circus. Her singles continued on the charts, including Gainsbourg&#8217;s &#8220;Attends ou va-t&#8217;en&#8221; and &#8220;Nous ne sommes pas des anges.&#8221; She also had success with the country-inspired single &#8220;L&#8217;Am\u00e9rique&#8221; by Eddy Marnay and Guy Magenta.<\/div>\n<div dir=\"auto\"><\/div>\n<\/div>\n<div class=\"cxmmr5t8 oygrvhab hcukyx3x c1et5uql o9v6fnle ii04i59q\">\n<div dir=\"auto\">After a TV movie directed by Jean-Christophe Averty intended to broadcast her 1965 songs of hers, the famous Walt Disney applied for the role of Alice in a film version of &#8220;Alice in Wonderland.&#8221; Although the singer had insisted that she did not want to dedicate herself to the cinema, she accepted this only project because it was the one that suited her profile. Sadly, the project was canceled after Disney&#8217;s death in 1966.<\/div>\n<p>&nbsp;<\/p>\n<div dir=\"auto\"><\/div>\n<\/div>\n<div class=\"cxmmr5t8 oygrvhab hcukyx3x c1et5uql o9v6fnle ii04i59q\">\n<div dir=\"auto\">That year, France participated in the television special &#8220;Viva Morandi&#8221;, made in the same psychoanalytic mold as that of the film &#8220;Giulietta degli Spiriti&#8221; by Federico Fellini. Gall played &#8220;La Gr\u00e2ce&#8221; (Grace) alongside Christine Lebail who played &#8220;La Puret\u00e9&#8221; (Purity).<\/div>\n<p>&nbsp;<\/p>\n<div dir=\"auto\"><\/div>\n<\/div>\n<div class=\"cxmmr5t8 oygrvhab hcukyx3x c1et5uql o9v6fnle ii04i59q\">\n<div dir=\"auto\">She also recorded a short film by Jacques Jacquine for television in 1974 called &#8220;Notre Correspondent \u00e0 Madras&#8221;. France performs alongside Sacha Pito\u00ebff, presenting a telephone conversation in the distant future.<\/div>\n<div dir=\"auto\"><\/div>\n<p>&nbsp;<\/p>\n<\/div>\n<div class=\"cxmmr5t8 oygrvhab hcukyx3x c1et5uql o9v6fnle ii04i59q\">\n<div dir=\"auto\"><strong>Discography<\/strong><\/div>\n<p>&nbsp;<\/p>\n<div dir=\"auto\"><\/div>\n<\/div>\n<div class=\"cxmmr5t8 oygrvhab hcukyx3x c1et5uql o9v6fnle ii04i59q\">\n<div dir=\"auto\">\n<table width=\"479\">\n<tbody>\n<tr>\n<td style=\"text-align: center;\" width=\"98\"><strong>G\u00e9nero\u00a0 Pop, Pop rock, Ye-ye, Bossa nova, Jazz, Pop barroco<\/strong><\/td>\n<td style=\"text-align: center;\" width=\"284\"><strong>Escuchar Tema<\/strong><\/td>\n<td style=\"text-align: center;\" width=\"97\"><strong>A\u00f1o de Publicaci\u00f3n<\/strong><\/td>\n<\/tr>\n<tr>\n<td><\/td>\n<td><\/td>\n<td><\/td>\n<\/tr>\n<tr>\n<td>1<\/td>\n<td>Ne sois pas si b\u00eate<\/td>\n<td>1963<\/td>\n<\/tr>\n<tr>\n<td>2<\/td>\n<td>N&#8217;\u00e9coute pas les idoles<\/td>\n<td>1964<\/td>\n<\/tr>\n<tr>\n<td>3<\/td>\n<td>La cloche<\/td>\n<td>1964<\/td>\n<\/tr>\n<tr>\n<td>4<\/td>\n<td>Laisse tomber les filles<\/td>\n<td>1964<\/td>\n<\/tr>\n<tr>\n<td>5<\/td>\n<td>Sacr\u00e9 Charlemagne<\/td>\n<td>1964<\/td>\n<\/tr>\n<tr>\n<td>6<\/td>\n<td>Poup\u00e9e de cire, poup\u00e9e de son<\/td>\n<td>1965<\/td>\n<\/tr>\n<tr>\n<td>7<\/td>\n<td>Attends ou va-t&#8217;en<\/td>\n<td>1965<\/td>\n<\/tr>\n<tr>\n<td>8<\/td>\n<td>L&#8217;Am\u00e9rique<\/td>\n<td>1966<\/td>\n<\/tr>\n<tr>\n<td>9<\/td>\n<td>Baby pop<\/td>\n<td>1966<\/td>\n<\/tr>\n<tr>\n<td>10<\/td>\n<td>Les sucettes<\/td>\n<td>1966<\/td>\n<\/tr>\n<tr>\n<td>11<\/td>\n<td>Bonsoir John-John<\/td>\n<td>1966<\/td>\n<\/tr>\n<tr>\n<td>12<\/td>\n<td>La petite<\/td>\n<td>1967<\/td>\n<\/tr>\n<tr>\n<td>13<\/td>\n<td>Teenie Weenie Boppie<\/td>\n<td>1967<\/td>\n<\/tr>\n<tr>\n<td>14<\/td>\n<td>Chanson indienne<\/td>\n<td>1967<\/td>\n<\/tr>\n<tr>\n<td>15<\/td>\n<td>Dady da da<\/td>\n<td>1968<\/td>\n<\/tr>\n<tr>\n<td>16<\/td>\n<td>Y&#8217;a du soleil \u00e0 vendre<\/td>\n<td>1968<\/td>\n<\/tr>\n<tr>\n<td>17<\/td>\n<td>24 \/ 36<\/td>\n<td>1968<\/td>\n<\/tr>\n<tr>\n<td>18<\/td>\n<td>Homme tout petit<\/td>\n<td>1969<\/td>\n<\/tr>\n<tr>\n<td>19<\/td>\n<td>Les ann\u00e9es folles<\/td>\n<td>1969<\/td>\n<\/tr>\n<tr>\n<td>20<\/td>\n<td>Baci, baci, baci<\/td>\n<td>1969<\/td>\n<\/tr>\n<tr>\n<td>21<\/td>\n<td>Zozo\u00ef<\/td>\n<td>1970<\/td>\n<\/tr>\n<tr>\n<td>22<\/td>\n<td>Les \u00e9l\u00e9phants<\/td>\n<td>1970<\/td>\n<\/tr>\n<tr>\n<td>23<\/td>\n<td>Mon a\u00e9roplane<\/td>\n<td>1970<\/td>\n<\/tr>\n<tr>\n<td>24<\/td>\n<td>C&#8217;est cela l&#8217;amour<\/td>\n<td>1971<\/td>\n<\/tr>\n<tr>\n<td>25<\/td>\n<td>Cam\u00e9l\u00e9on cam\u00e9l\u00e9on<\/td>\n<td>1971<\/td>\n<\/tr>\n<tr>\n<td>26<\/td>\n<td>Frankenstein<\/td>\n<td>1972<\/td>\n<\/tr>\n<tr>\n<td>27<\/td>\n<td>5 minutes d&#8217;amour<\/td>\n<td>1972<\/td>\n<\/tr>\n<tr>\n<td>28<\/td>\n<td>Par plaisir<\/td>\n<td>1973<\/td>\n<\/tr>\n<tr>\n<td>29<\/td>\n<td>La d\u00e9claration d&#8217;amour<\/td>\n<td>1974<\/td>\n<\/tr>\n<tr>\n<td>30<\/td>\n<td>Mais, aime la<\/td>\n<td>1974<\/td>\n<\/tr>\n<tr>\n<td>31<\/td>\n<td>Comment lui dire<\/td>\n<td>1975<\/td>\n<\/tr>\n<tr>\n<td>32<\/td>\n<td>Ce soir je ne dors pas<\/td>\n<td>1976<\/td>\n<\/tr>\n<tr>\n<td>33<\/td>\n<td>\u00c7a balance pas mal \u00e0 Paris (con Michel Berger)<\/td>\n<td>1976<\/td>\n<\/tr>\n<tr>\n<td>34<\/td>\n<td>Musique<\/td>\n<td>1977<\/td>\n<\/tr>\n<tr>\n<td>35<\/td>\n<td>Si, maman si<\/td>\n<td>1977<\/td>\n<\/tr>\n<tr>\n<td>36<\/td>\n<td>Le meilleur de soi-m\u00eame<\/td>\n<td>1978<\/td>\n<\/tr>\n<tr>\n<td>37<\/td>\n<td>Viens je t&#8217;emm\u00e8ne<\/td>\n<td>1978<\/td>\n<\/tr>\n<tr>\n<td>38<\/td>\n<td>Besoin d&#8217;amour<\/td>\n<td>1979<\/td>\n<\/tr>\n<tr>\n<td>39<\/td>\n<td>Il jouait du piano debout<\/td>\n<td>1980<\/td>\n<\/tr>\n<tr>\n<td>40<\/td>\n<td>B\u00e9b\u00e9, comme la vie<\/td>\n<td>1980<\/td>\n<\/tr>\n<tr>\n<td>41<\/td>\n<td>Les aveux (con Elton John)<\/td>\n<td>1980<\/td>\n<\/tr>\n<tr>\n<td>42<\/td>\n<td>Tout pour la musique<\/td>\n<td>1981<\/td>\n<\/tr>\n<tr>\n<td>43<\/td>\n<td>Amor Tambi\u00e9n<\/td>\n<td>1981<\/td>\n<\/tr>\n<tr>\n<td>44<\/td>\n<td>D\u00e9branche<\/td>\n<td>1984<\/td>\n<\/tr>\n<tr>\n<td>45<\/td>\n<td>Hong Kong Star<\/td>\n<td>1984<\/td>\n<\/tr>\n<tr>\n<td>46<\/td>\n<td>Calypso<\/td>\n<td>1984<\/td>\n<\/tr>\n<tr>\n<td>47<\/td>\n<td>C\u00e9zanne peint<\/td>\n<td>1985<\/td>\n<\/tr>\n<tr>\n<td>48<\/td>\n<td>Babacar<\/td>\n<td>1987<\/td>\n<\/tr>\n<tr>\n<td>49<\/td>\n<td>Ella, elle l&#8217;a<\/td>\n<td>1987<\/td>\n<\/tr>\n<tr>\n<td>50<\/td>\n<td>\u00c9videmment<\/td>\n<td>1988<\/td>\n<\/tr>\n<tr>\n<td>51<\/td>\n<td>Papillon de nuit<\/td>\n<td>1988<\/td>\n<\/tr>\n<tr>\n<td>52<\/td>\n<td>La chanson d&#8217;Azima<\/td>\n<td>1989<\/td>\n<\/tr>\n<tr>\n<td>53<\/td>\n<td>Laissez passez les r\u00eaves (con Michel Berger)<\/td>\n<td>1992<\/td>\n<\/tr>\n<tr>\n<td>54<\/td>\n<td>Superficiel et l\u00e9ger (con Michel Berger)<\/td>\n<td>1992<\/td>\n<\/tr>\n<tr>\n<td>55<\/td>\n<td>Les \u00e9lans du coeur (con Michel Berger)<\/td>\n<td>1993<\/td>\n<\/tr>\n<tr>\n<td>56<\/td>\n<td>Mademoiselle Chang<\/td>\n<td>1993<\/td>\n<\/tr>\n<tr>\n<td>57<\/td>\n<td>Si, maman si (live)<\/td>\n<td>1994<\/td>\n<\/tr>\n<tr>\n<td>58<\/td>\n<td>France Gall<\/td>\n<td><\/td>\n<\/tr>\n<tr>\n<td>59<\/td>\n<td>France Gall<\/td>\n<td><\/td>\n<\/tr>\n<tr>\n<td>60<\/td>\n<td>Baby Pop<\/td>\n<td><\/td>\n<\/tr>\n<tr>\n<td>61<\/td>\n<td>Les sucettes<\/td>\n<td><\/td>\n<\/tr>\n<tr>\n<td>62<\/td>\n<td>PHILIPS &#8211;<\/td>\n<td>1968<\/td>\n<\/tr>\n<tr>\n<td>63<\/td>\n<td>Les ann\u00e9es folles (LA COMPAGNIE)<\/td>\n<td><\/td>\n<\/tr>\n<tr>\n<td>64<\/td>\n<td>\u00a0France Gall (ATLANTIC)<\/td>\n<td><\/td>\n<\/tr>\n<tr>\n<td>65<\/td>\n<td>France Gall (PATH\u00c9 MARCONI )<\/td>\n<td><\/td>\n<\/tr>\n<tr>\n<td>66<\/td>\n<td>Dancing disco (ATLANTIC)<\/td>\n<td><\/td>\n<\/tr>\n<tr>\n<td>67<\/td>\n<td>Starmania (varios artista)<\/td>\n<td>1978<\/td>\n<\/tr>\n<tr>\n<td>68<\/td>\n<td>Paris, France (ATLANTIC)<\/td>\n<td><\/td>\n<\/tr>\n<tr>\n<td>69<\/td>\n<td>Tout pour la musique (ATLANTIC)<\/td>\n<td><\/td>\n<\/tr>\n<tr>\n<td>70<\/td>\n<td>D\u00e9branche (APACHE)<\/td>\n<td><\/td>\n<\/tr>\n<tr>\n<td>71<\/td>\n<td>Babacar (APACHE)<\/td>\n<td><\/td>\n<\/tr>\n<tr>\n<td>72<\/td>\n<td>Double jeu (APACHE)<\/td>\n<td><\/td>\n<\/tr>\n<tr>\n<td>73<\/td>\n<td>France (APACHE)<\/td>\n<td><\/td>\n<\/tr>\n<tr>\n<td><\/td>\n<td><\/td>\n<td><\/td>\n<\/tr>\n<\/tbody>\n<\/table>\n<\/div>\n<div dir=\"auto\"><\/div>\n<\/div>\n<div class=\"cxmmr5t8 oygrvhab hcukyx3x c1et5uql o9v6fnle ii04i59q\">\n<div dir=\"auto\">Cr\u00e9ditos tomados de Wikipedia:<\/div>\n<div dir=\"auto\"><a class=\"oajrlxb2 g5ia77u1 qu0x051f esr5mh6w e9989ue4 r7d6kgcz rq0escxv nhd2j8a9 nc684nl6 p7hjln8o kvgmc6g5 cxmmr5t8 oygrvhab hcukyx3x jb3vyjys rz4wbd8a qt6c0cv9 a8nywdso i1ao9s8h esuyzwwr f1sip0of lzcic4wl gpro0wi8 py34i1dx\" tabindex=\"0\" role=\"link\" href=\"https:\/\/es.wikipedia.org\/wiki\/France_Gall?fbclid=IwAR3IMgKWLiuNMviM-OYlu9viQl_Sk9K9bEcBjPkAevkw1hHCy69XHZ619Ew\" target=\"_blank\" rel=\"nofollow noopener\">https:\/\/es.wikipedia.org\/wiki\/France_Gall<\/a><\/div>\n<div dir=\"auto\"><\/div>\n<\/div>\n<div class=\"epyt-video-wrapper\"><iframe loading=\"lazy\"  id=\"_ytid_51606\"  width=\"618\" height=\"347\"  data-origwidth=\"618\" data-origheight=\"347\" src=\"https:\/\/www.youtube.com\/embed\/xwpwHEC8jaM?enablejsapi=1&#038;autoplay=0&#038;cc_load_policy=0&#038;cc_lang_pref=&#038;iv_load_policy=1&#038;loop=0&#038;modestbranding=0&#038;rel=1&#038;fs=1&#038;playsinline=0&#038;autohide=2&#038;theme=dark&#038;color=red&#038;controls=1&#038;\" class=\"__youtube_prefs__  epyt-is-override  no-lazyload\" title=\"YouTube player\"  allow=\"fullscreen; accelerometer; autoplay; clipboard-write; encrypted-media; gyroscope; picture-in-picture\" allowfullscreen data-no-lazy=\"1\" data-skipgform_ajax_framebjll=\"\"><\/iframe><\/div>\n","protected":false},"excerpt":{"rendered":"<p>Fecha de Nacimiento: 9 de octubre de 1947 &nbsp; Fecha de Fallecimiento: 7 de enero de 2018 &nbsp; Biograf\u00eda: &nbsp; Fue una popular cantante francesa. France Gall siempre estuvo en contacto con el mundo de la m\u00fasica. Su padre era el letrista Robert Gall (autor de, \u00abLa Mamma\u00bb para Charles Aznavour y otros temas para &hellip;<\/p>\n","protected":false},"author":1,"featured_media":0,"parent":0,"menu_order":0,"comment_status":"closed","ping_status":"closed","template":"","meta":{"footnotes":""},"class_list":["post-28806","page","type-page","status-publish",""],"jetpack_sharing_enabled":true,"_links":{"self":[{"href":"http:\/\/mickyandoniehn.com\/radio\/wp-json\/wp\/v2\/pages\/28806","targetHints":{"allow":["GET"]}}],"collection":[{"href":"http:\/\/mickyandoniehn.com\/radio\/wp-json\/wp\/v2\/pages"}],"about":[{"href":"http:\/\/mickyandoniehn.com\/radio\/wp-json\/wp\/v2\/types\/page"}],"author":[{"embeddable":true,"href":"http:\/\/mickyandoniehn.com\/radio\/wp-json\/wp\/v2\/users\/1"}],"replies":[{"embeddable":true,"href":"http:\/\/mickyandoniehn.com\/radio\/wp-json\/wp\/v2\/comments?post=28806"}],"version-history":[{"count":2,"href":"http:\/\/mickyandoniehn.com\/radio\/wp-json\/wp\/v2\/pages\/28806\/revisions"}],"predecessor-version":[{"id":30233,"href":"http:\/\/mickyandoniehn.com\/radio\/wp-json\/wp\/v2\/pages\/28806\/revisions\/30233"}],"wp:attachment":[{"href":"http:\/\/mickyandoniehn.com\/radio\/wp-json\/wp\/v2\/media?parent=28806"}],"curies":[{"name":"wp","href":"https:\/\/api.w.org\/{rel}","templated":true}]}}