{"id":28804,"date":"2022-08-26T12:09:56","date_gmt":"2022-08-26T18:09:56","guid":{"rendered":"https:\/\/mickyandoniehn.com\/radio\/?page_id=28804"},"modified":"2022-09-01T08:27:22","modified_gmt":"2022-09-01T14:27:22","slug":"altemar-dutra","status":"publish","type":"page","link":"http:\/\/mickyandoniehn.com\/radio\/altemar-dutra\/","title":{"rendered":"Altemar Dutra"},"content":{"rendered":"<p style=\"text-align: justify;\"><img loading=\"lazy\" decoding=\"async\" class=\" wp-image-23602 aligncenter\" src=\"http:\/\/mickyandoniehn.com\/radio\/wp-content\/uploads\/2022\/07\/Altemar-Dutra-212x300.jpg\" alt=\"\" width=\"387\" height=\"548\" srcset=\"http:\/\/mickyandoniehn.com\/radio\/wp-content\/uploads\/2022\/07\/Altemar-Dutra-212x300.jpg 212w, http:\/\/mickyandoniehn.com\/radio\/wp-content\/uploads\/2022\/07\/Altemar-Dutra.jpg 220w\" sizes=\"auto, (max-width: 387px) 100vw, 387px\" \/><\/p>\n<p>&nbsp;<\/p>\n<div class=\"cxmmr5t8 oygrvhab hcukyx3x c1et5uql o9v6fnle ii04i59q\" style=\"text-align: justify;\">\n<div dir=\"auto\"><strong>Fecha de Nacimiento:<\/strong> 06 de octubre de 1940<\/div>\n<p>&nbsp;<\/p>\n<div dir=\"auto\"><\/div>\n<div dir=\"auto\"><strong>Fecha de Fallecimiento:<\/strong> 09 de noviembre de 1983<\/div>\n<p>&nbsp;<\/p>\n<div dir=\"auto\"><\/div>\n<\/div>\n<div class=\"cxmmr5t8 oygrvhab hcukyx3x c1et5uql o9v6fnle ii04i59q\" style=\"text-align: justify;\">\n<div dir=\"auto\"><strong>Biograf\u00eda:<\/strong><\/div>\n<p>&nbsp;<\/p>\n<div dir=\"auto\"><\/div>\n<div dir=\"auto\">Su carrera tuvo comienzo actuando para la Radio Difusora de Colatina, en Esp\u00edrito Santo -localidad a donde su familia se hab\u00eda mudado-, interpretando melod\u00edas de Francisco Alves. Antes de cumplir la mayor\u00eda de edad emigr\u00f3 a R\u00edo de Janeiro, portando una carta de recomendaci\u00f3n destinada al compositor Jair Amorim, quien lo puso en contacto con sus amistades del medio art\u00edstico. Prob\u00f3 suerte como crooner en diversos centros de espect\u00e1culo.<\/div>\n<div dir=\"auto\"><\/div>\n<p>&nbsp;<\/p>\n<\/div>\n<div class=\"cxmmr5t8 oygrvhab hcukyx3x c1et5uql o9v6fnle ii04i59q\" style=\"text-align: justify;\">\n<div dir=\"auto\">Grab\u00f3 su primer disco en el sello Tiger con el t\u00edtulo: Saudade que vem (Magalh\u00e3es y C\u00e9lio Ferreira) y Somente uma vez (Lu\u00eds Mergulh\u00e3o e Roberto Moreira). Hacia 1963, fue llevado por Amorim al programa Boleros Dentro da Noite de Radio Mundial, el mismo a\u00f1o Jo\u00e3ozinho del Tr\u00edo Yrakitan, lo present\u00f3 en Ode\u00f3n en donde firm\u00f3 contrato, consigui\u00f3 colocarse en los primeros lugares de las listas de popularidad con el tema Tudo de mim (Evaldo Gouveia y Jair Amorim) logrando el ser conocido en todo Brasil.<\/div>\n<p>&nbsp;<\/p>\n<div dir=\"auto\"><\/div>\n<\/div>\n<div class=\"cxmmr5t8 oygrvhab hcukyx3x c1et5uql o9v6fnle ii04i59q\" style=\"text-align: justify;\">\n<div dir=\"auto\">En 1964 grab\u00f3 con gran \u00e9xito: Que queres tu de mim, O trovador, Sentimental demais y Somos iguais (todas de Evaldo Gouveia y Jair Amorim). Destac\u00f3 en Am\u00e9rica Latina, efectuando presentaciones en varios pa\u00edses y grab\u00f3 un Larga Duraci\u00f3n al lado de Lucho Gatica, bajo el t\u00edtulo: El bolero se canta as\u00ed. Conteniendo sus \u00e9xitos versionados al espa\u00f1ol; lleg\u00f3 a vender m\u00e1s de 500 mil copias tan s\u00f3lo en Latinoamericana. Despu\u00e9s de dominar las listas de popularidad locales, ya para 1969, se lanz\u00f3 a la conquista de Estados Unidos, convirti\u00e9ndose en poco tiempo en uno de los cantantes extranjeros m\u00e1s populares en la Uni\u00f3n Americana. Era anfitri\u00f3n de un show para la comunidad latinoamericana, en el club nocturno El Continente, en Nueva York cuando falleci\u00f3 a los 43 a\u00f1os de edad a causa de un derrame cerebral.<\/div>\n<p>&nbsp;<\/p>\n<div dir=\"auto\"><\/div>\n<\/div>\n<div class=\"cxmmr5t8 oygrvhab hcukyx3x c1et5uql o9v6fnle ii04i59q\" style=\"text-align: justify;\">\n<div dir=\"auto\">Estuvo casado con la cantante Marta Mendon\u00e7a, con quien procre\u00f3 dos hijos, Deusa Dutra y Altemar Dutra Junior, siendo este \u00faltimo, heredero de la tradici\u00f3n art\u00edstica.<\/div>\n<p>&nbsp;<\/p>\n<div dir=\"auto\"><\/div>\n<\/div>\n<div class=\"cxmmr5t8 oygrvhab hcukyx3x c1et5uql o9v6fnle ii04i59q\" style=\"text-align: justify;\">\n<div dir=\"auto\"><strong>Wikipedia in English.<\/strong><\/div>\n<p>&nbsp;<\/p>\n<div dir=\"auto\"><\/div>\n<\/div>\n<div class=\"cxmmr5t8 oygrvhab hcukyx3x c1et5uql o9v6fnle ii04i59q\" style=\"text-align: justify;\">\n<div dir=\"auto\"><strong>Date of Birth:<\/strong> October 06, 1940<\/div>\n<p>&nbsp;<\/p>\n<div dir=\"auto\"><\/div>\n<div dir=\"auto\"><strong>Date of Death:<\/strong> November 9, 1983<\/div>\n<p>&nbsp;<\/p>\n<div dir=\"auto\"><\/div>\n<\/div>\n<div class=\"cxmmr5t8 oygrvhab hcukyx3x c1et5uql o9v6fnle ii04i59q\" style=\"text-align: justify;\">\n<div dir=\"auto\"><strong>Biography:<\/strong><\/div>\n<p>&nbsp;<\/p>\n<div dir=\"auto\"><\/div>\n<div dir=\"auto\">His career began by performing for Radio Difusora de Colatina, in Esp\u00edrito Santo -locality where his family had moved-, performing melodies by Francisco Alves. Before reaching the age of majority, he emigrated to Rio de Janeiro, carrying a letter of recommendation addressed to the composer Jair Amorim, who put him in contact with friends in his artistic milieu. He tried his luck as a crooner in various entertainment venues.<\/div>\n<p>&nbsp;<\/p>\n<div dir=\"auto\"><\/div>\n<\/div>\n<div class=\"cxmmr5t8 oygrvhab hcukyx3x c1et5uql o9v6fnle ii04i59q\" style=\"text-align: justify;\">\n<div dir=\"auto\">He recorded his first album on the Tiger label with the title: Saudade que vem (Magalh\u00e3es and C\u00e9lio Ferreira) and Somente uma vez (Lu\u00eds Mergulh\u00e3o and Roberto Moreira). Around 1963, he was taken by Amorim to the World Radio program Boleros Within da Noite, the same year Jo\u00e3ozinho of the Yrakitan Trio, presented him in Odeon where he signed a contract, he managed to place himself in the first places of the popularity charts with the song Tudo de mim (Evaldo Gouveia and Jair Amorim) becoming known throughout Brazil.<\/div>\n<p>&nbsp;<\/p>\n<div dir=\"auto\"><\/div>\n<\/div>\n<div class=\"cxmmr5t8 oygrvhab hcukyx3x c1et5uql o9v6fnle ii04i59q\" style=\"text-align: justify;\">\n<div dir=\"auto\">In 1964 he recorded with great success: Que queres tu de mim, O trovador, Sentimental demais and Somos iguais (all by Evaldo Gouveia and Jair Amorim). He stood out in Latin America, making presentations in several countries and recorded a Long Duration with Lucho Gatica, under the title: The bolero is sung like this. Containing his successes in Spanish versions; It went on to sell more than 500 thousand copies only in Latin America. After dominating the local charts, as early as 1969, he set out to conquer the United States, quickly becoming one of the most popular foreign singers in the American Union. He was hosting a show for the Latin American community at the El Continente nightclub in New York when he passed away at 43 from a stroke.<\/div>\n<p>&nbsp;<\/p>\n<div dir=\"auto\"><\/div>\n<div dir=\"auto\">He was married to the singer Marta Mendon\u00e7a, with whom he had two children, Deusa Dutra and Altemar Dutra Junior, the latter being heir to the artistic tradition.<\/div>\n<p>&nbsp;<\/p>\n<div dir=\"auto\"><\/div>\n<\/div>\n<div class=\"cxmmr5t8 oygrvhab hcukyx3x c1et5uql o9v6fnle ii04i59q\" style=\"text-align: justify;\">\n<div dir=\"auto\"><strong>Discography<\/strong><\/div>\n<p>&nbsp;<\/p>\n<div dir=\"auto\"><\/div>\n<\/div>\n<div class=\"cxmmr5t8 oygrvhab hcukyx3x c1et5uql o9v6fnle ii04i59q\" style=\"text-align: justify;\">\n<div dir=\"auto\">\n<table width=\"606\">\n<tbody>\n<tr>\n<td style=\"text-align: center;\" width=\"168\"><strong>Temas Bolero<\/strong><\/td>\n<td style=\"text-align: center;\" width=\"237\"><strong>Escuchar tema<\/strong><\/td>\n<td style=\"text-align: center;\" width=\"201\"><strong>A\u00f1o de Publicacion<\/strong><\/td>\n<\/tr>\n<tr>\n<td style=\"text-align: center;\"><\/td>\n<td style=\"text-align: center;\"><strong>A Grande Revelacao<\/strong><\/td>\n<td><\/td>\n<\/tr>\n<tr>\n<td>1<\/td>\n<td>Creio Em Ti (I Believe)<\/td>\n<td><\/td>\n<\/tr>\n<tr>\n<td>2<\/td>\n<td>Um Pouco De Voc\u00ea<\/td>\n<td><\/td>\n<\/tr>\n<tr>\n<td>3<\/td>\n<td>Quem Foi<\/td>\n<td><\/td>\n<\/tr>\n<tr>\n<td>4<\/td>\n<td>Magoa<\/td>\n<td><\/td>\n<\/tr>\n<tr>\n<td>5<\/td>\n<td>Roga Por N\u00f3s<\/td>\n<td><\/td>\n<\/tr>\n<tr>\n<td>6<\/td>\n<td>O Bilhete<\/td>\n<td><\/td>\n<\/tr>\n<tr>\n<td>7<\/td>\n<td>Maldito<\/td>\n<td><\/td>\n<\/tr>\n<tr>\n<td>8<\/td>\n<td>Tudo De Mim<\/td>\n<td><\/td>\n<\/tr>\n<tr>\n<td>9<\/td>\n<td>Luz Que N\u00e3o Se Apaga<\/td>\n<td><\/td>\n<\/tr>\n<tr>\n<td>10<\/td>\n<td>Contigo<\/td>\n<td><\/td>\n<\/tr>\n<tr>\n<td>11<\/td>\n<td>Can\u00e7\u00e3o Completamente Inutil<\/td>\n<td><\/td>\n<\/tr>\n<tr>\n<td>12<\/td>\n<td>Quando As Folhas Cairem<\/td>\n<td><\/td>\n<\/tr>\n<tr>\n<td><\/td>\n<td><\/td>\n<td><\/td>\n<\/tr>\n<tr>\n<td style=\"text-align: center;\"><\/td>\n<td style=\"text-align: center;\"><strong>Mensagem\u00a0<\/strong><\/td>\n<td style=\"text-align: center;\"><strong>1964<\/strong><\/td>\n<\/tr>\n<tr>\n<td>1<\/td>\n<td>Noite De Paz<\/td>\n<td><\/td>\n<\/tr>\n<tr>\n<td>2<\/td>\n<td>Tempo Perdido<\/td>\n<td><\/td>\n<\/tr>\n<tr>\n<td>3<\/td>\n<td>Verdade Da Vida<\/td>\n<td><\/td>\n<\/tr>\n<tr>\n<td>4<\/td>\n<td>Serenata Da Chuva<\/td>\n<td><\/td>\n<\/tr>\n<tr>\n<td>5<\/td>\n<td>Pavana Para Um Amor EnF\u00earmo<\/td>\n<td><\/td>\n<\/tr>\n<tr>\n<td>6<\/td>\n<td>Final<\/td>\n<td><\/td>\n<\/tr>\n<tr>\n<td>7<\/td>\n<td>Vai Andorinha<\/td>\n<td><\/td>\n<\/tr>\n<tr>\n<td>8<\/td>\n<td>Eu N\u00e3o Sei<\/td>\n<td><\/td>\n<\/tr>\n<tr>\n<td>9<\/td>\n<td>Minha Verdade<\/td>\n<td><\/td>\n<\/tr>\n<tr>\n<td>10<\/td>\n<td>Can\u00e7\u00e3o De Esperar O Amor<\/td>\n<td><\/td>\n<\/tr>\n<tr>\n<td>11<\/td>\n<td>Sigamos<\/td>\n<td><\/td>\n<\/tr>\n<tr>\n<td>12<\/td>\n<td>Alt<\/td>\n<td><\/td>\n<\/tr>\n<tr>\n<td><\/td>\n<td><\/td>\n<td><\/td>\n<\/tr>\n<tr>\n<td style=\"text-align: center;\"><\/td>\n<td style=\"text-align: center;\"><strong>Que Queres Tu De Min<\/strong><\/td>\n<td style=\"text-align: center;\"><strong>1964<\/strong><\/td>\n<\/tr>\n<tr>\n<td>1<\/td>\n<td>Solid\u00e3o<\/td>\n<td><\/td>\n<\/tr>\n<tr>\n<td>2<\/td>\n<td>Somos Iguais<\/td>\n<td><\/td>\n<\/tr>\n<tr>\n<td>3<\/td>\n<td>O C\u00e9u \u00c9 Meu<\/td>\n<td><\/td>\n<\/tr>\n<tr>\n<td>4<\/td>\n<td>Poema Do Amor Maior<\/td>\n<td><\/td>\n<\/tr>\n<tr>\n<td>5<\/td>\n<td>A Teus P\u00e9s<\/td>\n<td><\/td>\n<\/tr>\n<tr>\n<td>6<\/td>\n<td>Cantiga De Um Homem Triste<\/td>\n<td><\/td>\n<\/tr>\n<tr>\n<td>7<\/td>\n<td>Que Queres Tu De Mim<\/td>\n<td><\/td>\n<\/tr>\n<tr>\n<td>8<\/td>\n<td>Horas Amargas<\/td>\n<td><\/td>\n<\/tr>\n<tr>\n<td>9<\/td>\n<td>Um Amor, Uma Saudade<\/td>\n<td><\/td>\n<\/tr>\n<tr>\n<td>10<\/td>\n<td>Can\u00e7\u00e3 Que Nasceu Saudade<\/td>\n<td><\/td>\n<\/tr>\n<tr>\n<td>11<\/td>\n<td>Conselho<\/td>\n<td><\/td>\n<\/tr>\n<tr>\n<td>12<\/td>\n<td>Tua Can\u00e7\u00e3o<\/td>\n<td><\/td>\n<\/tr>\n<tr>\n<td><\/td>\n<td><\/td>\n<td><\/td>\n<\/tr>\n<\/tbody>\n<\/table>\n<\/div>\n<div dir=\"auto\"><\/div>\n<\/div>\n<div class=\"cxmmr5t8 oygrvhab hcukyx3x c1et5uql o9v6fnle ii04i59q\">\n<div dir=\"auto\" style=\"text-align: justify;\">Cr\u00e9ditos tomados de Wikipedia:<\/div>\n<div dir=\"auto\" style=\"text-align: justify;\"><a class=\"oajrlxb2 g5ia77u1 qu0x051f esr5mh6w e9989ue4 r7d6kgcz rq0escxv nhd2j8a9 nc684nl6 p7hjln8o kvgmc6g5 cxmmr5t8 oygrvhab hcukyx3x jb3vyjys rz4wbd8a qt6c0cv9 a8nywdso i1ao9s8h esuyzwwr f1sip0of lzcic4wl gpro0wi8 py34i1dx\" tabindex=\"0\" role=\"link\" href=\"https:\/\/es.wikipedia.org\/wiki\/Altemar_Dutra?fbclid=IwAR3eCDI2QzrwTznhu7lpXPsVG0o_X3a_j4RTrWvx1Bl6xLgwl3e6BqOSNX4\" target=\"_blank\" rel=\"nofollow noopener\">https:\/\/es.wikipedia.org\/wiki\/Altemar_Dutra<\/a><\/div>\n<\/div>\n<div class=\"cxmmr5t8 oygrvhab hcukyx3x c1et5uql o9v6fnle ii04i59q\">\n<div dir=\"auto\" style=\"text-align: justify;\"><\/div>\n<\/div>\n","protected":false},"excerpt":{"rendered":"<p>&nbsp; Fecha de Nacimiento: 06 de octubre de 1940 &nbsp; Fecha de Fallecimiento: 09 de noviembre de 1983 &nbsp; Biograf\u00eda: &nbsp; Su carrera tuvo comienzo actuando para la Radio Difusora de Colatina, en Esp\u00edrito Santo -localidad a donde su familia se hab\u00eda mudado-, interpretando melod\u00edas de Francisco Alves. Antes de cumplir la mayor\u00eda de edad &hellip;<\/p>\n","protected":false},"author":1,"featured_media":0,"parent":0,"menu_order":0,"comment_status":"closed","ping_status":"closed","template":"","meta":{"footnotes":""},"class_list":["post-28804","page","type-page","status-publish",""],"jetpack_sharing_enabled":true,"_links":{"self":[{"href":"http:\/\/mickyandoniehn.com\/radio\/wp-json\/wp\/v2\/pages\/28804","targetHints":{"allow":["GET"]}}],"collection":[{"href":"http:\/\/mickyandoniehn.com\/radio\/wp-json\/wp\/v2\/pages"}],"about":[{"href":"http:\/\/mickyandoniehn.com\/radio\/wp-json\/wp\/v2\/types\/page"}],"author":[{"embeddable":true,"href":"http:\/\/mickyandoniehn.com\/radio\/wp-json\/wp\/v2\/users\/1"}],"replies":[{"embeddable":true,"href":"http:\/\/mickyandoniehn.com\/radio\/wp-json\/wp\/v2\/comments?post=28804"}],"version-history":[{"count":2,"href":"http:\/\/mickyandoniehn.com\/radio\/wp-json\/wp\/v2\/pages\/28804\/revisions"}],"predecessor-version":[{"id":30075,"href":"http:\/\/mickyandoniehn.com\/radio\/wp-json\/wp\/v2\/pages\/28804\/revisions\/30075"}],"wp:attachment":[{"href":"http:\/\/mickyandoniehn.com\/radio\/wp-json\/wp\/v2\/media?parent=28804"}],"curies":[{"name":"wp","href":"https:\/\/api.w.org\/{rel}","templated":true}]}}