{"id":28780,"date":"2022-08-26T12:01:22","date_gmt":"2022-08-26T18:01:22","guid":{"rendered":"https:\/\/mickyandoniehn.com\/radio\/?page_id=28780"},"modified":"2022-08-26T12:01:22","modified_gmt":"2022-08-26T18:01:22","slug":"keb-mo","status":"publish","type":"page","link":"http:\/\/mickyandoniehn.com\/radio\/keb-mo\/","title":{"rendered":"Keb&#8217; mo&#8217;"},"content":{"rendered":"<p style=\"text-align: justify;\"><img loading=\"lazy\" decoding=\"async\" class=\" wp-image-23486 aligncenter\" src=\"http:\/\/mickyandoniehn.com\/radio\/wp-content\/uploads\/2022\/07\/Keb-Mo-300x240.jpg\" alt=\"\" width=\"517\" height=\"413\" srcset=\"http:\/\/mickyandoniehn.com\/radio\/wp-content\/uploads\/2022\/07\/Keb-Mo-300x240.jpg 300w, http:\/\/mickyandoniehn.com\/radio\/wp-content\/uploads\/2022\/07\/Keb-Mo.jpg 616w\" sizes=\"auto, (max-width: 517px) 100vw, 517px\" \/><\/p>\n<p>&nbsp;<\/p>\n<div class=\"cxmmr5t8 oygrvhab hcukyx3x c1et5uql o9v6fnle ii04i59q\" style=\"text-align: justify;\">\n<div dir=\"auto\"><strong>Fecha de Nacimiento:<\/strong> 3 de octubre de 1951<\/div>\n<div dir=\"auto\"><\/div>\n<\/div>\n<div class=\"cxmmr5t8 oygrvhab hcukyx3x c1et5uql o9v6fnle ii04i59q\" style=\"text-align: justify;\">\n<div dir=\"auto\"><strong>Biograf\u00eda:<\/strong><\/div>\n<div dir=\"auto\"><\/div>\n<div dir=\"auto\">Naci\u00f3 en Los \u00c1ngeles el 3 de octubre de 1951 en el seno de una familia de origen sure\u00f1o. Sus padres, de Luisiana y Texas eran aficionados a la m\u00fasica Gospel y al Blues, por lo que desde muy joven se interes\u00f3 por la m\u00fasica y ya de adolescente se hab\u00eda convertido en un experto guitarrista. A los 21 a\u00f1os, Moore se uni\u00f3 a una banda de R&amp;B que m\u00e1s tarde fue contratada para acompa\u00f1ar de gira a Papa John Creach, violinista excomponente de Jefferson Airplane. Con Creach lleg\u00f3 a grabar tres \u00e1lbumes &#8220;Filthy!&#8221;, &#8220;Playing My Fiddle for You&#8221;, &#8220;I&#8217;m the Fiddle Man&#8221; y &#8220;Rock Father&#8221;. En 1975 co-escribi\u00f3 junto a Papa John Creach el tema instrumental &#8220;Git Fiddler&#8221;, que aparece en el \u00e1lbum &#8220;Red Octopus&#8221; de Jefferson Starship.<\/div>\n<div dir=\"auto\"><\/div>\n<\/div>\n<div class=\"cxmmr5t8 oygrvhab hcukyx3x c1et5uql o9v6fnle ii04i59q\" style=\"text-align: justify;\">\n<div dir=\"auto\">Keb&#8217; Mo&#8217;posee un gran n\u00famero de guitarras, incluyendo guitarras el\u00e9ctricas, guitarras ac\u00fasticas y guitarras con resonador. Tiene preferencia por el color rojo, su primer guitarra fue de ese color. Generalmente suele tocar con una Fender Stratocaster modificada con dos pastillas single coil y una humbucker. En el escenario prefiere una guitarra Hamer roja con pastillas Gibson P-100.<\/div>\n<div dir=\"auto\"><\/div>\n<\/div>\n<div class=\"cxmmr5t8 oygrvhab hcukyx3x c1et5uql o9v6fnle ii04i59q\" style=\"text-align: justify;\">\n<div dir=\"auto\"><strong>Wikipedia in English<\/strong><\/div>\n<div dir=\"auto\"><\/div>\n<\/div>\n<div class=\"cxmmr5t8 oygrvhab hcukyx3x c1et5uql o9v6fnle ii04i59q\" style=\"text-align: justify;\">\n<div dir=\"auto\"><strong>Date of Birth:<\/strong> October 03, 1951<\/div>\n<div dir=\"auto\"><\/div>\n<\/div>\n<div class=\"cxmmr5t8 oygrvhab hcukyx3x c1et5uql o9v6fnle ii04i59q\" style=\"text-align: justify;\">\n<div dir=\"auto\"><strong>Biography:<\/strong><\/div>\n<div dir=\"auto\"><\/div>\n<div dir=\"auto\">He was born in Los Angeles on October 3, 1951 into a family of southern origin. His parents, from Louisiana and Texas, were fond of Gospel music and Blues, so from a very young age he became interested in music and as a teenager he had become an expert guitarist. At age 21, Moore joined an R&amp;B band that was later hired to tour Papa John Creach, a former Jefferson Airplane violinist.<\/div>\n<div dir=\"auto\"><\/div>\n<div dir=\"auto\">With Creach he went on to record three albums &#8220;Filthy!&#8221;, &#8220;Playing My Fiddle for You&#8221;, &#8220;I&#8217;m the Fiddle Man&#8221; and &#8220;Rock Father&#8221;. In 1975 he co-wrote with Papa John Creach the instrumental song &#8220;Git Fiddler&#8221;, which appears on the Jefferson Starship album &#8220;Red Octopus&#8221;.<\/div>\n<div dir=\"auto\"><\/div>\n<\/div>\n<div class=\"cxmmr5t8 oygrvhab hcukyx3x c1et5uql o9v6fnle ii04i59q\" style=\"text-align: justify;\">\n<div dir=\"auto\">Keb &#8216;Mo&#8217; owns a large number of guitars, including electric guitars, acoustic guitars, and resonator guitars. He has a preference for the color red, his first guitar was that color. He generally plays on a modified Fender Stratocaster with two single coil pickups and a humbucker. On stage he prefers a red Hamer guitar with Gibson P-100 pickups.<\/div>\n<div dir=\"auto\"><\/div>\n<\/div>\n<div class=\"cxmmr5t8 oygrvhab hcukyx3x c1et5uql o9v6fnle ii04i59q\" style=\"text-align: justify;\">\n<div dir=\"auto\"><strong>Discograf\u00eda<\/strong><\/div>\n<div dir=\"auto\"><\/div>\n<\/div>\n<div class=\"cxmmr5t8 oygrvhab hcukyx3x c1et5uql o9v6fnle ii04i59q\" style=\"text-align: justify;\">\n<div dir=\"auto\">\n<table width=\"566\">\n<tbody>\n<tr>\n<td style=\"text-align: center;\" width=\"98\"><strong>G\u00e9nero Blues<\/strong><\/td>\n<td style=\"text-align: center;\" width=\"371\"><strong>Escuchar Tema<\/strong><\/td>\n<td style=\"text-align: center;\" width=\"97\"><strong>A\u00f1o de Publicaci\u00f3n<\/strong><\/td>\n<\/tr>\n<tr>\n<td><\/td>\n<td><\/td>\n<td><\/td>\n<\/tr>\n<tr>\n<td>1<\/td>\n<td>Rainmaker<\/td>\n<td>1980<\/td>\n<\/tr>\n<tr>\n<td>2<\/td>\n<td>Keb&#8217; Mo&#8217;<\/td>\n<td>1994<\/td>\n<\/tr>\n<tr>\n<td>3<\/td>\n<td>Just Like You<\/td>\n<td>1996<\/td>\n<\/tr>\n<tr>\n<td>4<\/td>\n<td>Slow Down (1998)<\/td>\n<td>1998<\/td>\n<\/tr>\n<tr>\n<td>5<\/td>\n<td>The Door (2000)<\/td>\n<td>2000<\/td>\n<\/tr>\n<tr>\n<td>6<\/td>\n<td>Sessions at West 54th: Recorded Live in New York (2000)<\/td>\n<td>2000<\/td>\n<\/tr>\n<tr>\n<td>7<\/td>\n<td>Big Wide Grin (2001)<\/td>\n<td>2001<\/td>\n<\/tr>\n<tr>\n<td>8<\/td>\n<td>Martin Scorsese Presents the Blues: Keb&#8217; Mo&#8217; (2003)<\/td>\n<td>2003<\/td>\n<\/tr>\n<tr>\n<td>9<\/td>\n<td>Keep It Simple (2004)<\/td>\n<td>2004<\/td>\n<\/tr>\n<tr>\n<td>10<\/td>\n<td>.. Back by Popular Demand (2004)<\/td>\n<td>2004<\/td>\n<\/tr>\n<tr>\n<td>11<\/td>\n<td>Suitcase (2006)<\/td>\n<td>2006<\/td>\n<\/tr>\n<tr>\n<td>12<\/td>\n<td>Live and Mo&#8217; (2009)<\/td>\n<td>2009<\/td>\n<\/tr>\n<tr>\n<td>13<\/td>\n<td>The Reflection (2011)<\/td>\n<td>2011<\/td>\n<\/tr>\n<tr>\n<td>14<\/td>\n<td>BLUESAmericana (2014)<\/td>\n<td>2014<\/td>\n<\/tr>\n<tr>\n<td>15<\/td>\n<td>Oklahoma (2019)<\/td>\n<td>2019<\/td>\n<\/tr>\n<tr>\n<td><\/td>\n<td><\/td>\n<td><\/td>\n<\/tr>\n<\/tbody>\n<\/table>\n<\/div>\n<div dir=\"auto\"><\/div>\n<\/div>\n<div class=\"cxmmr5t8 oygrvhab hcukyx3x c1et5uql o9v6fnle ii04i59q\" style=\"text-align: justify;\">\n<div dir=\"auto\">Cr\u00e9ditos tomados de Wikipedia:<\/div>\n<div dir=\"auto\"><a class=\"oajrlxb2 g5ia77u1 qu0x051f esr5mh6w e9989ue4 r7d6kgcz rq0escxv nhd2j8a9 nc684nl6 p7hjln8o kvgmc6g5 cxmmr5t8 oygrvhab hcukyx3x jb3vyjys rz4wbd8a qt6c0cv9 a8nywdso i1ao9s8h esuyzwwr f1sip0of lzcic4wl gpro0wi8 py34i1dx\" tabindex=\"0\" role=\"link\" href=\"https:\/\/es.wikipedia.org\/wiki\/Keb%27_Mo%27?fbclid=IwAR06GF6xw-5WY4NlTx660o7P2KgKgTELp6G8DPAmAC55o7HbmV_mhNdEiYU\" target=\"_blank\" rel=\"nofollow noopener\">https:\/\/es.wikipedia.org\/wiki\/Keb%27_Mo%27<\/a><\/div>\n<\/div>\n<div dir=\"auto\"><\/div>\n<div class=\"epyt-video-wrapper\"><iframe loading=\"lazy\"  id=\"_ytid_69386\"  width=\"618\" height=\"347\"  data-origwidth=\"618\" data-origheight=\"347\" src=\"https:\/\/www.youtube.com\/embed\/lOx6MiQECuw?enablejsapi=1&#038;autoplay=0&#038;cc_load_policy=0&#038;cc_lang_pref=&#038;iv_load_policy=1&#038;loop=0&#038;modestbranding=0&#038;rel=1&#038;fs=1&#038;playsinline=0&#038;autohide=2&#038;theme=dark&#038;color=red&#038;controls=1&#038;\" class=\"__youtube_prefs__  epyt-is-override  no-lazyload\" title=\"YouTube player\"  allow=\"fullscreen; accelerometer; autoplay; clipboard-write; encrypted-media; gyroscope; picture-in-picture\" allowfullscreen data-no-lazy=\"1\" data-skipgform_ajax_framebjll=\"\"><\/iframe><\/div>\n","protected":false},"excerpt":{"rendered":"<p>&nbsp; Fecha de Nacimiento: 3 de octubre de 1951 Biograf\u00eda: Naci\u00f3 en Los \u00c1ngeles el 3 de octubre de 1951 en el seno de una familia de origen sure\u00f1o. Sus padres, de Luisiana y Texas eran aficionados a la m\u00fasica Gospel y al Blues, por lo que desde muy joven se interes\u00f3 por la m\u00fasica &hellip;<\/p>\n","protected":false},"author":1,"featured_media":0,"parent":0,"menu_order":0,"comment_status":"closed","ping_status":"closed","template":"","meta":{"footnotes":""},"class_list":["post-28780","page","type-page","status-publish",""],"jetpack_sharing_enabled":true,"_links":{"self":[{"href":"http:\/\/mickyandoniehn.com\/radio\/wp-json\/wp\/v2\/pages\/28780","targetHints":{"allow":["GET"]}}],"collection":[{"href":"http:\/\/mickyandoniehn.com\/radio\/wp-json\/wp\/v2\/pages"}],"about":[{"href":"http:\/\/mickyandoniehn.com\/radio\/wp-json\/wp\/v2\/types\/page"}],"author":[{"embeddable":true,"href":"http:\/\/mickyandoniehn.com\/radio\/wp-json\/wp\/v2\/users\/1"}],"replies":[{"embeddable":true,"href":"http:\/\/mickyandoniehn.com\/radio\/wp-json\/wp\/v2\/comments?post=28780"}],"version-history":[{"count":1,"href":"http:\/\/mickyandoniehn.com\/radio\/wp-json\/wp\/v2\/pages\/28780\/revisions"}],"predecessor-version":[{"id":28781,"href":"http:\/\/mickyandoniehn.com\/radio\/wp-json\/wp\/v2\/pages\/28780\/revisions\/28781"}],"wp:attachment":[{"href":"http:\/\/mickyandoniehn.com\/radio\/wp-json\/wp\/v2\/media?parent=28780"}],"curies":[{"name":"wp","href":"https:\/\/api.w.org\/{rel}","templated":true}]}}