{"id":28755,"date":"2022-08-26T11:54:25","date_gmt":"2022-08-26T17:54:25","guid":{"rendered":"https:\/\/mickyandoniehn.com\/radio\/?page_id=28755"},"modified":"2022-09-01T11:54:01","modified_gmt":"2022-09-01T17:54:01","slug":"pilar-sanchez-luque","status":"publish","type":"page","link":"http:\/\/mickyandoniehn.com\/radio\/pilar-sanchez-luque\/","title":{"rendered":"Pilar S\u00e1nchez Luque"},"content":{"rendered":"<p style=\"text-align: justify;\"><img loading=\"lazy\" decoding=\"async\" class=\" wp-image-23439 aligncenter\" src=\"http:\/\/mickyandoniehn.com\/radio\/wp-content\/uploads\/2022\/07\/Pilar-Sanchez-Luque.jpg\" alt=\"\" width=\"952\" height=\"634\" \/><\/p>\n<p>&nbsp;<\/p>\n<div class=\"cxmmr5t8 oygrvhab hcukyx3x c1et5uql o9v6fnle\" style=\"text-align: justify;\">\n<div dir=\"auto\"><strong>Fecha de Nacimiento:<\/strong> Coria del R\u00edo, Sevilla, 28 de septiembre de 1978<\/div>\n<p>&nbsp;<\/p>\n<div dir=\"auto\"><\/div>\n<\/div>\n<div class=\"cxmmr5t8 oygrvhab hcukyx3x c1et5uql o9v6fnle\" style=\"text-align: justify;\">\n<div dir=\"auto\"><strong>Biograf\u00eda:<\/strong><\/div>\n<p>&nbsp;<\/p>\n<div dir=\"auto\"><\/div>\n<div dir=\"auto\">Es una conocida cantante espa\u00f1ola, famosa por combinar copla, flamenco y canci\u00f3n espa\u00f1ola con sonidos pop. Pastora es una artista precoz que empez\u00f3 cantando coplas y canciones flamencas cuando tan s\u00f3lo ten\u00eda ocho a\u00f1os. En 1994 edit\u00f3 su primer trabajo &#8220;Nuestras coplas&#8221;, un disco donde versionaban grandes cl\u00e1sicos de la canci\u00f3n espa\u00f1ola. Su primer gran \u00e9xito no lleg\u00f3 hasta su tercer \u00e1lbum &#8220;Fuente de luna&#8221;, cuyo primer single, &#8220;D\u00e1melo ya&#8221;, logr\u00f3 alzarse con el n\u00famero 1 en la lista de ventas en Espa\u00f1a y Turqu\u00eda.<\/div>\n<p>&nbsp;<\/p>\n<div dir=\"auto\"><\/div>\n<\/div>\n<div class=\"cxmmr5t8 oygrvhab hcukyx3x c1et5uql o9v6fnle\" style=\"text-align: justify;\">\n<div dir=\"auto\">En 2001 lanz\u00f3 al mercado &#8220;Coraz\u00f3n congelado&#8221;, con el que logr\u00f3 consolidar el \u00e9xito alcanzado en su anterior trabajo. La canci\u00f3n que da nombre a este \u00e1lbum fue elegida entonces como sinton\u00eda de la Vuelta a Espa\u00f1a 2001. Tras moverse en sonidos m\u00e1s dance en su siguiente disco, &#8220;Deseo&#8221;, de la mano de Carlos Jean, Pastora cambi\u00f3 de discogr\u00e1fica y firm\u00f3 por Warner Music Spain en 2005. Con ella publica sus \u00faltimos trabajos: &#8220;Pastora Soler&#8221;, &#8220;Toda mi verdad&#8221; y &#8220;Bendita locura&#8221;. En 2010, la cantante sevillana celebr\u00f3 sus 15 a\u00f1os en el mundo de la m\u00fasica con el lanzamiento de su primer trabajo en directo, &#8220;15 a\u00f1os&#8221;. Al a\u00f1o siguiente public\u00f3 su noveno \u00e1lbum de estudio, &#8220;Una mujer como yo&#8221;.<\/div>\n<p>&nbsp;<\/p>\n<div dir=\"auto\"><\/div>\n<\/div>\n<div class=\"cxmmr5t8 oygrvhab hcukyx3x c1et5uql o9v6fnle\" style=\"text-align: justify;\">\n<div dir=\"auto\">Con nueve discos de estudio en el mercado, Pastora ha conseguido 3 discos de platino y 4 discos de oro. A lo largo de su carrera, tambi\u00e9n ha recogido importantes premios dentro de su gremio como el Premio de la M\u00fasica, los Grammy Latinos o el Micr\u00f3fono de oro. Entre sus colaboraciones se encuentran artistas consolidados como Alejandro Sanz, Armando Manzanero, Mal\u00fa, David Bustamante o Miguel Poveda, entre otros muchos. Ha coescrito canciones cantadas por Rihanna y Beyonc\u00e9, versionadas en ingl\u00e9s. Tambi\u00e9n ha actuado, entre otros lugares, en EEUU o Egipto.<\/div>\n<p>&nbsp;<\/p>\n<div dir=\"auto\"><\/div>\n<\/div>\n<div class=\"cxmmr5t8 oygrvhab hcukyx3x c1et5uql o9v6fnle\" style=\"text-align: justify;\">\n<div dir=\"auto\">En diciembre de 2011 fue designada por TVE para representar a Espa\u00f1a en el Festival de la Canci\u00f3n de Eurovisi\u00f3n 2012, que se celebr\u00f3 en Bak\u00fa, capital de Azerbaiy\u00e1n, en el mes de mayo, con el tema &#8220;Qu\u00e9date Conmigo&#8221;, elegido por los telespectadores del canal p\u00fablico. Finaliz\u00f3 en la 10\u00aa posici\u00f3n con 97 puntos, mejorando muy notablemente los resultados de Espa\u00f1a desde 2004. Su actuaci\u00f3n fue seguida en Espa\u00f1a por casi 9 millones de espectadores.<\/div>\n<p>&nbsp;<\/p>\n<div dir=\"auto\"><\/div>\n<\/div>\n<div class=\"cxmmr5t8 oygrvhab hcukyx3x c1et5uql o9v6fnle\" style=\"text-align: justify;\">\n<div dir=\"auto\">Se cas\u00f3 el 17 de octubre de 2009 con su core\u00f3grafo, el malague\u00f1o Francisco Vi\u00f1olo, con el que llevaba cinco a\u00f1os de relaci\u00f3n.<\/div>\n<p>&nbsp;<\/p>\n<div dir=\"auto\"><\/div>\n<\/div>\n<div class=\"cxmmr5t8 oygrvhab hcukyx3x c1et5uql o9v6fnle\" style=\"text-align: justify;\">\n<div dir=\"auto\"><strong>Wikipedia in English<\/strong><\/div>\n<p>&nbsp;<\/p>\n<div dir=\"auto\"><\/div>\n<\/div>\n<div class=\"cxmmr5t8 oygrvhab hcukyx3x c1et5uql o9v6fnle\" style=\"text-align: justify;\">\n<div dir=\"auto\"><strong>Date of Birth:<\/strong> Coria del R\u00edo, Seville, September 28, 1978<\/div>\n<p>&nbsp;<\/p>\n<div dir=\"auto\"><\/div>\n<\/div>\n<div class=\"cxmmr5t8 oygrvhab hcukyx3x c1et5uql o9v6fnle\" style=\"text-align: justify;\">\n<div dir=\"auto\"><strong>Biography:<\/strong><\/div>\n<p>&nbsp;<\/p>\n<div dir=\"auto\"><\/div>\n<div dir=\"auto\">Is a well-known Spanish singer, famous for combining copla, flamenco and Spanish song with pop sounds. Pastora is a precocious artist who started singing verses and flamenco songs when she was only eight years old. In 1994 he released his first work &#8220;Nuestro coplas&#8221;, an album where he covered great classics of the Spanish song. His first great success did not come until his third album &#8220;Fuente de luna&#8221;, whose first single, &#8220;D\u00e1melo ya&#8221;, managed to rise to number 1 in the sales charts in Spain and Turkey.<\/div>\n<p>&nbsp;<\/p>\n<div dir=\"auto\"><\/div>\n<\/div>\n<div class=\"cxmmr5t8 oygrvhab hcukyx3x c1et5uql o9v6fnle\" style=\"text-align: justify;\">\n<div dir=\"auto\">In 2001 he launched &#8220;Frozen Heart&#8221; on the market, with which he managed to consolidate the success achieved in his previous work. The song that gives this album its name was then chosen as the tune of the 2001 Vuelta a Espa\u00f1a. After moving into more dance sounds on his next album, &#8220;Deseo&#8221;, by the hand of Carlos Jean, Pastora changed his label and signed with Warner Music Spain in 2005. With her he publishes his latest works: &#8220;Pastora Soler&#8221;, &#8220;All my truth&#8221; and &#8220;Bendita locura&#8221;. In 2010, the Sevillian singer celebrated her 15 years in the world of music with the launch of her first live album, &#8220;15 a\u00f1os&#8221;. The following year he published his ninth studio album, &#8220;Una mujer como yo&#8221;.<\/div>\n<p>&nbsp;<\/p>\n<div dir=\"auto\"><\/div>\n<\/div>\n<div class=\"cxmmr5t8 oygrvhab hcukyx3x c1et5uql o9v6fnle\" style=\"text-align: justify;\">\n<div dir=\"auto\">With nine studio albums on the market, Pastora has achieved 3 platinum records and 4 gold records. Throughout his career, he has also collected important awards within his guild such as the Music Award, the Latin Grammys or the Golden Microphone. Among his collaborations are established artists such as Alejandro Sanz, Armando Manzanero, Mal\u00fa, David Bustamante or Miguel Poveda, among many others. He has co-written songs sung by Rihanna and Beyonc\u00e9, covered in English. He has also performed, among other places, in the US or Egypt.<\/div>\n<p>&nbsp;<\/p>\n<div dir=\"auto\"><\/div>\n<\/div>\n<div class=\"cxmmr5t8 oygrvhab hcukyx3x c1et5uql o9v6fnle\" style=\"text-align: justify;\">\n<div dir=\"auto\">In December 2011, she was appointed by TVE to represent Spain at the Eurovision Song Contest 2012, which was held in Baku, capital of Azerbaijan, in May, with the theme &#8220;Stay with me&#8221;, chosen by viewers of the public channel. He finished in 10th position with 97 points, greatly improving Spain&#8217;s results since 2004. His performance was followed in Spain by almost 9 million viewers.<\/div>\n<p>&nbsp;<\/p>\n<\/div>\n<div class=\"cxmmr5t8 oygrvhab hcukyx3x c1et5uql o9v6fnle\" style=\"text-align: justify;\">\n<div dir=\"auto\">On October 17, 2009, she married her choreographer, Francisco Vi\u00f1olo, from Malaga, with whom she had been in a relationship for five years.<\/div>\n<p>&nbsp;<\/p>\n<div dir=\"auto\"><\/div>\n<\/div>\n<div class=\"cxmmr5t8 oygrvhab hcukyx3x c1et5uql o9v6fnle\" style=\"text-align: justify;\">\n<div dir=\"auto\"><strong>Discography<\/strong><\/div>\n<div dir=\"auto\"><\/div>\n<p>&nbsp;<\/p>\n<\/div>\n<div class=\"cxmmr5t8 oygrvhab hcukyx3x c1et5uql o9v6fnle\" style=\"text-align: justify;\">\n<div dir=\"auto\">\n<table width=\"671\">\n<tbody>\n<tr>\n<td style=\"text-align: center;\" width=\"248\"><b>Genero Latin, Pop, Electronic.<\/b><\/td>\n<td style=\"text-align: center;\" width=\"423\"><strong>Escuchar Tema<\/strong><\/td>\n<\/tr>\n<tr>\n<td>1<\/td>\n<td>Trini\u00e1<\/td>\n<\/tr>\n<tr>\n<td>2<\/td>\n<td>Romance De La Reina Mercedes<\/td>\n<\/tr>\n<tr>\n<td>3<\/td>\n<td>Puertecita De Mi Casa<\/td>\n<\/tr>\n<tr>\n<td>4<\/td>\n<td>Capote De Grana Y Oro<\/td>\n<\/tr>\n<tr>\n<td>5<\/td>\n<td>Rosa Y Clavel<\/td>\n<\/tr>\n<tr>\n<td>6<\/td>\n<td>Curro Romero<\/td>\n<\/tr>\n<tr>\n<td>7<\/td>\n<td>La Flor De Los Cantes<\/td>\n<\/tr>\n<tr>\n<td>8<\/td>\n<td>La Ni\u00f1a De Puerta Oscura<\/td>\n<\/tr>\n<tr>\n<td>9<\/td>\n<td>Manolita La Primera<\/td>\n<\/tr>\n<tr>\n<td>10<\/td>\n<td>Una Cantaora<\/td>\n<\/tr>\n<tr>\n<td>11<\/td>\n<td>Lento Amanecer<\/td>\n<\/tr>\n<tr>\n<td>12<\/td>\n<td>Como Sabre<\/td>\n<\/tr>\n<tr>\n<td>13<\/td>\n<td>Sike Noke<\/td>\n<\/tr>\n<tr>\n<td>14<\/td>\n<td>H\u00e1blame Del Mar Marinero<\/td>\n<\/tr>\n<tr>\n<td>15<\/td>\n<td>Nadie<\/td>\n<\/tr>\n<tr>\n<td>16<\/td>\n<td>Frente A Mi<\/td>\n<\/tr>\n<tr>\n<td>17<\/td>\n<td>Un Ramito De Violetas<\/td>\n<\/tr>\n<tr>\n<td>18<\/td>\n<td>Contigo<\/td>\n<\/tr>\n<tr>\n<td>19<\/td>\n<td>Cosas Peque\u00f1as<\/td>\n<\/tr>\n<tr>\n<td>20<\/td>\n<td>Soy Como Soy<\/td>\n<\/tr>\n<tr>\n<td>21<\/td>\n<td>No Hay Manera<\/td>\n<\/tr>\n<tr>\n<td>22<\/td>\n<td>La Brisa<\/td>\n<\/tr>\n<tr>\n<td>23<\/td>\n<td>D\u00e1melo Ya<\/td>\n<\/tr>\n<tr>\n<td>24<\/td>\n<td>S\u00f3lo Por Amarte<\/td>\n<\/tr>\n<tr>\n<td>25<\/td>\n<td>Te Quiero<\/td>\n<\/tr>\n<tr>\n<td>26<\/td>\n<td>Diki Diki<\/td>\n<\/tr>\n<tr>\n<td>27<\/td>\n<td>Aire<\/td>\n<\/tr>\n<tr>\n<td>28<\/td>\n<td>Cita Con La Soledad<\/td>\n<\/tr>\n<tr>\n<td>29<\/td>\n<td>Si T\u00fa Supieras<\/td>\n<\/tr>\n<tr>\n<td>30<\/td>\n<td>Qu\u00e9mame<\/td>\n<\/tr>\n<tr>\n<td><\/td>\n<td><\/td>\n<\/tr>\n<\/tbody>\n<\/table>\n<\/div>\n<div dir=\"auto\"><\/div>\n<\/div>\n<div class=\"cxmmr5t8 oygrvhab hcukyx3x c1et5uql o9v6fnle\" style=\"text-align: justify;\">\n<div dir=\"auto\">Cr\u00e9ditos: Tomado de Wikipedia<\/div>\n<div dir=\"auto\"><a class=\"oajrlxb2 g5ia77u1 qu0x051f esr5mh6w e9989ue4 r7d6kgcz rq0escxv nhd2j8a9 nc684nl6 p7hjln8o kvgmc6g5 cxmmr5t8 oygrvhab hcukyx3x jb3vyjys rz4wbd8a qt6c0cv9 a8nywdso i1ao9s8h esuyzwwr f1sip0of lzcic4wl gpro0wi8 py34i1dx\" tabindex=\"0\" role=\"link\" href=\"https:\/\/es.wikipedia.org\/wiki\/Pastora_Soler?fbclid=IwAR0u7IF7poSAU39DLtXOz7ZkP0kl3lrrTP39i5MH7kQ87KPovcQIkbAn7Ig\" target=\"_blank\" rel=\"nofollow noopener\">https:\/\/es.wikipedia.org\/wiki\/Pastora_Soler<\/a><\/div>\n<div dir=\"auto\"><\/div>\n<\/div>\n<div class=\"epyt-video-wrapper\"><iframe loading=\"lazy\"  id=\"_ytid_41896\"  width=\"618\" height=\"347\"  data-origwidth=\"618\" data-origheight=\"347\" src=\"https:\/\/www.youtube.com\/embed\/eUVNH6byvfY?enablejsapi=1&#038;autoplay=0&#038;cc_load_policy=0&#038;cc_lang_pref=&#038;iv_load_policy=1&#038;loop=0&#038;modestbranding=0&#038;rel=1&#038;fs=1&#038;playsinline=0&#038;autohide=2&#038;theme=dark&#038;color=red&#038;controls=1&#038;\" class=\"__youtube_prefs__  epyt-is-override  no-lazyload\" title=\"YouTube player\"  allow=\"fullscreen; accelerometer; autoplay; clipboard-write; encrypted-media; gyroscope; picture-in-picture\" allowfullscreen data-no-lazy=\"1\" data-skipgform_ajax_framebjll=\"\"><\/iframe><\/div>\n","protected":false},"excerpt":{"rendered":"<p>&nbsp; Fecha de Nacimiento: Coria del R\u00edo, Sevilla, 28 de septiembre de 1978 &nbsp; Biograf\u00eda: &nbsp; Es una conocida cantante espa\u00f1ola, famosa por combinar copla, flamenco y canci\u00f3n espa\u00f1ola con sonidos pop. Pastora es una artista precoz que empez\u00f3 cantando coplas y canciones flamencas cuando tan s\u00f3lo ten\u00eda ocho a\u00f1os. En 1994 edit\u00f3 su primer &hellip;<\/p>\n","protected":false},"author":1,"featured_media":0,"parent":0,"menu_order":0,"comment_status":"closed","ping_status":"closed","template":"","meta":{"footnotes":""},"class_list":["post-28755","page","type-page","status-publish",""],"jetpack_sharing_enabled":true,"_links":{"self":[{"href":"http:\/\/mickyandoniehn.com\/radio\/wp-json\/wp\/v2\/pages\/28755","targetHints":{"allow":["GET"]}}],"collection":[{"href":"http:\/\/mickyandoniehn.com\/radio\/wp-json\/wp\/v2\/pages"}],"about":[{"href":"http:\/\/mickyandoniehn.com\/radio\/wp-json\/wp\/v2\/types\/page"}],"author":[{"embeddable":true,"href":"http:\/\/mickyandoniehn.com\/radio\/wp-json\/wp\/v2\/users\/1"}],"replies":[{"embeddable":true,"href":"http:\/\/mickyandoniehn.com\/radio\/wp-json\/wp\/v2\/comments?post=28755"}],"version-history":[{"count":3,"href":"http:\/\/mickyandoniehn.com\/radio\/wp-json\/wp\/v2\/pages\/28755\/revisions"}],"predecessor-version":[{"id":30480,"href":"http:\/\/mickyandoniehn.com\/radio\/wp-json\/wp\/v2\/pages\/28755\/revisions\/30480"}],"wp:attachment":[{"href":"http:\/\/mickyandoniehn.com\/radio\/wp-json\/wp\/v2\/media?parent=28755"}],"curies":[{"name":"wp","href":"https:\/\/api.w.org\/{rel}","templated":true}]}}