{"id":28751,"date":"2022-08-26T11:52:35","date_gmt":"2022-08-26T17:52:35","guid":{"rendered":"https:\/\/mickyandoniehn.com\/radio\/?page_id=28751"},"modified":"2022-09-01T08:47:58","modified_gmt":"2022-09-01T14:47:58","slug":"ben-e-king","status":"publish","type":"page","link":"http:\/\/mickyandoniehn.com\/radio\/ben-e-king\/","title":{"rendered":"Ben E. King"},"content":{"rendered":"<p style=\"text-align: justify;\"><img loading=\"lazy\" decoding=\"async\" class=\" wp-image-30092 aligncenter\" src=\"http:\/\/mickyandoniehn.com\/radio\/wp-content\/uploads\/2022\/09\/Ben-E.-King.jpg\" alt=\"\" width=\"827\" height=\"550\" \/><\/p>\n<p>&nbsp;<\/p>\n<div class=\"cxmmr5t8 oygrvhab hcukyx3x c1et5uql o9v6fnle ii04i59q\" style=\"text-align: justify;\">\n<div dir=\"auto\"><strong>Fecha de Nacimiento:<\/strong> 28 de septiembre de 1938<\/div>\n<p>&nbsp;<\/p>\n<div dir=\"auto\"><\/div>\n<div dir=\"auto\"><strong>Fecha de Fallecimiento:<\/strong> 30 de abril de 2015 (76 a\u00f1os)<\/div>\n<p>&nbsp;<\/p>\n<div dir=\"auto\"><\/div>\n<\/div>\n<div class=\"cxmmr5t8 oygrvhab hcukyx3x c1et5uql o9v6fnle ii04i59q\" style=\"text-align: justify;\">\n<div dir=\"auto\"><strong>Biograf\u00eda:<\/strong><\/div>\n<p>&nbsp;<\/p>\n<div dir=\"auto\"><\/div>\n<div dir=\"auto\">Es mejor conocido como el cantante y co-compositor de &#8220;Stand by Me&#8221;, un \u00e9xito de los Top 10 de los Estados Unidos, tanto en 1961 como m\u00e1s tarde en 1986 (cuando se utiliz\u00f3 como el tema de la pel\u00edcula del mismo nombre), un hit n\u00famero uno en el Reino Unido en 1987, y N\u00b0 25 en la lista de canciones del siglo de la RIAA.<\/div>\n<div dir=\"auto\"><\/div>\n<p>&nbsp;<\/p>\n<\/div>\n<div class=\"cxmmr5t8 oygrvhab hcukyx3x c1et5uql o9v6fnle ii04i59q\" style=\"text-align: justify;\">\n<div dir=\"auto\">Fue uno de los principales cantantes del grupo vocal de R&amp;B The Drifters, en particular siendo la voz principal y cantando uno de sus mayores \u00e9xitos mundiales (y solo el \u00fanico N\u00b01 en los Estados Unidos) &#8220;Save the Last Dance for Me&#8221;.<\/div>\n<p>&nbsp;<\/p>\n<div dir=\"auto\"><\/div>\n<\/div>\n<div class=\"cxmmr5t8 oygrvhab hcukyx3x c1et5uql o9v6fnle ii04i59q\" style=\"text-align: justify;\">\n<div dir=\"auto\">King muri\u00f3 en el Centro M\u00e9dico de la Universidad de Hackensack el 30 de abril de 2015 a la edad de 76 a\u00f1os.<\/div>\n<p>&nbsp;<\/p>\n<div dir=\"auto\"><\/div>\n<\/div>\n<div class=\"cxmmr5t8 oygrvhab hcukyx3x c1et5uql o9v6fnle ii04i59q\" style=\"text-align: justify;\">\n<div dir=\"auto\">En mayo de 1960, King dej\u00f3 The Drifters, asumiendo el nombre art\u00edstico de Ben E. King en preparaci\u00f3n para una carrera en solitario. Permaneciendo con Atlantic Records en su sello Atco, King obtuvo su primer \u00e9xito en solitario con la balada \u00abSpanish Harlem\u00bb (1961).<\/div>\n<p>&nbsp;<\/p>\n<div dir=\"auto\"><\/div>\n<\/div>\n<div class=\"cxmmr5t8 oygrvhab hcukyx3x c1et5uql o9v6fnle ii04i59q\" style=\"text-align: justify;\">\n<div dir=\"auto\">Su siguiente sencillo, \u00abStand by Me\u00bb, escrito con Jerry Leiber y Mike Stoller, finalmente ser\u00eda votado como una de las canciones del siglo por la Asociaci\u00f3n de la Industria de la Grabaci\u00f3n de Estados Unidos.<\/div>\n<div dir=\"auto\"><\/div>\n<\/div>\n<div class=\"cxmmr5t8 oygrvhab hcukyx3x c1et5uql o9v6fnle ii04i59q\" style=\"text-align: justify;\">\n<div dir=\"auto\"><strong>Wikipedia in English<\/strong><\/div>\n<p>&nbsp;<\/p>\n<div dir=\"auto\"><\/div>\n<\/div>\n<div class=\"cxmmr5t8 oygrvhab hcukyx3x c1et5uql o9v6fnle ii04i59q\" style=\"text-align: justify;\">\n<div dir=\"auto\"><strong>Date of Birth <\/strong>September 28, 1938<\/div>\n<p>&nbsp;<\/p>\n<div dir=\"auto\"><\/div>\n<div dir=\"auto\"><strong>Date of Died<\/strong> April 30, 2015 (76 years)<\/div>\n<p>&nbsp;<\/p>\n<div dir=\"auto\"><\/div>\n<\/div>\n<div class=\"cxmmr5t8 oygrvhab hcukyx3x c1et5uql o9v6fnle ii04i59q\" style=\"text-align: justify;\">\n<div dir=\"auto\"><strong>Biography:<\/strong><\/div>\n<p>&nbsp;<\/p>\n<div dir=\"auto\"><\/div>\n<div dir=\"auto\">He is best known as the singer and co-songwriter of &#8220;Stand by Me&#8221;, a Top 10 hit in the United States, both in 1961 and later in 1986 (when it was used as the subject of the film of the same name). ,a number one hit in the UK in 1987, and No. 25 on the RIAA&#8217;s Song of the Century chart.<\/div>\n<p>&nbsp;<\/p>\n<div dir=\"auto\"><\/div>\n<\/div>\n<div class=\"cxmmr5t8 oygrvhab hcukyx3x c1et5uql o9v6fnle ii04i59q\" style=\"text-align: justify;\">\n<div dir=\"auto\">He was one of the main singers of the R&amp;B vocal group The Drifters, in particular being the main voice and singing one of their biggest worldwide hits (and only the only No. 1 in the United States) &#8220;Save the Last Dance for Me&#8221;.<\/div>\n<p>&nbsp;<\/p>\n<div dir=\"auto\"><\/div>\n<\/div>\n<div class=\"cxmmr5t8 oygrvhab hcukyx3x c1et5uql o9v6fnle ii04i59q\" style=\"text-align: justify;\">\n<div dir=\"auto\">King died at Hackensack University Medical Center on April 30, 2015 at the age of 76.<\/div>\n<p>&nbsp;<\/p>\n<div dir=\"auto\"><\/div>\n<\/div>\n<div class=\"cxmmr5t8 oygrvhab hcukyx3x c1et5uql o9v6fnle ii04i59q\" style=\"text-align: justify;\">\n<div dir=\"auto\">In May 1960, King left The Drifters, assuming the stage name Ben E. King in preparation for a solo career. Remaining with Atlantic Records on his Atco label, King achieved his first solo success with the ballad &#8220;Spanish Harlem&#8221; (1961).<\/div>\n<p>&nbsp;<\/p>\n<div dir=\"auto\"><\/div>\n<\/div>\n<div class=\"cxmmr5t8 oygrvhab hcukyx3x c1et5uql o9v6fnle ii04i59q\" style=\"text-align: justify;\">\n<div dir=\"auto\">His next single, &#8220;Stand by Me,&#8221; written with Jerry Leiber and Mike Stoller, would finally be voted one of the songs of the century by the Recording Industry Association of America.<\/div>\n<p>&nbsp;<\/p>\n<div dir=\"auto\"><\/div>\n<\/div>\n<div class=\"cxmmr5t8 oygrvhab hcukyx3x c1et5uql o9v6fnle ii04i59q\" style=\"text-align: justify;\">\n<div dir=\"auto\"><strong>Discography<\/strong><\/div>\n<p>&nbsp;<\/p>\n<div dir=\"auto\"><\/div>\n<\/div>\n<div class=\"cxmmr5t8 oygrvhab hcukyx3x c1et5uql o9v6fnle ii04i59q\" style=\"text-align: justify;\">\n<table width=\"566\">\n<tbody>\n<tr>\n<td style=\"text-align: center;\" width=\"98\"><strong>G\u00e9nero R&amp;B y Soul<\/strong><\/td>\n<td style=\"text-align: center;\" width=\"371\"><strong>Escuchar Tema<\/strong><\/td>\n<td style=\"text-align: center;\" width=\"97\"><strong>A\u00f1o de Publicaci\u00f3n<\/strong><\/td>\n<\/tr>\n<tr>\n<td><\/td>\n<td><\/td>\n<td><\/td>\n<\/tr>\n<tr>\n<td>1<\/td>\n<td>Spanish Harlem<\/td>\n<td>1961<\/td>\n<\/tr>\n<tr>\n<td>2<\/td>\n<td>Ben E. King Sings for Soulful Lovers<\/td>\n<td>1962<\/td>\n<\/tr>\n<tr>\n<td>3<\/td>\n<td>Don&#8217;t Play That Song<\/td>\n<td>1962<\/td>\n<\/tr>\n<tr>\n<td>4<\/td>\n<td>Young Boy Blues<\/td>\n<td>1964<\/td>\n<\/tr>\n<tr>\n<td>5<\/td>\n<td>Ben E. King&#8217;s Greatest Hits<\/td>\n<td>1964<\/td>\n<\/tr>\n<tr>\n<td>6<\/td>\n<td>Seven Letters<\/td>\n<td>1965<\/td>\n<\/tr>\n<tr>\n<td>7<\/td>\n<td>Rough Edges<\/td>\n<td>1970<\/td>\n<\/tr>\n<tr>\n<td>8<\/td>\n<td>The Beginning of It All<\/td>\n<td>1972<\/td>\n<\/tr>\n<tr>\n<td>9<\/td>\n<td>Supernatural<\/td>\n<td>1975<\/td>\n<\/tr>\n<tr>\n<td>10<\/td>\n<td>I Had a Love<\/td>\n<td>1976<\/td>\n<\/tr>\n<tr>\n<td>11<\/td>\n<td>Rhapsody<\/td>\n<td>1976<\/td>\n<\/tr>\n<tr>\n<td>12<\/td>\n<td>Benny and Us con el Average White Band<\/td>\n<td>1977<\/td>\n<\/tr>\n<tr>\n<td>13<\/td>\n<td>Let Me Live in Thy Life<\/td>\n<td>1978<\/td>\n<\/tr>\n<tr>\n<td>14<\/td>\n<td>His Love for Her<\/td>\n<td>1980<\/td>\n<\/tr>\n<tr>\n<td>15<\/td>\n<td>Street Tough<\/td>\n<td>1981<\/td>\n<\/tr>\n<tr>\n<td>16<\/td>\n<td>Save the Last Dance for Me<\/td>\n<td>1987<\/td>\n<\/tr>\n<tr>\n<td>17<\/td>\n<td>Stand by Me: The Ultimate Collection<\/td>\n<td>1987<\/td>\n<\/tr>\n<tr>\n<td>18<\/td>\n<td>What&#8217;s Important to Me<\/td>\n<td>1991<\/td>\n<\/tr>\n<tr>\n<td>19<\/td>\n<td>Shades of Blue<\/td>\n<td>1993<\/td>\n<\/tr>\n<tr>\n<td>20<\/td>\n<td>I Have Songs In My Pocket<\/td>\n<td>1998<\/td>\n<\/tr>\n<tr>\n<td>21<\/td>\n<td>The Very Best of Ben E. King<\/td>\n<td>1998<\/td>\n<\/tr>\n<tr>\n<td>22<\/td>\n<td>Person to Person: Live at the Blue Note<\/td>\n<td>2003<\/td>\n<\/tr>\n<tr>\n<td>23<\/td>\n<td>I&#8217;ve Been Around<\/td>\n<td>2006<\/td>\n<\/tr>\n<tr>\n<td><\/td>\n<td><\/td>\n<td><\/td>\n<\/tr>\n<\/tbody>\n<\/table>\n<\/div>\n<div class=\"cxmmr5t8 oygrvhab hcukyx3x c1et5uql o9v6fnle ii04i59q\" style=\"text-align: justify;\">\n<div dir=\"auto\"><\/div>\n<\/div>\n<div class=\"cxmmr5t8 oygrvhab hcukyx3x c1et5uql o9v6fnle ii04i59q\" style=\"text-align: justify;\">\n<div dir=\"auto\">Cr\u00e9ditos: Tomado de Wikipedia<\/div>\n<div dir=\"auto\"><a class=\"oajrlxb2 g5ia77u1 qu0x051f esr5mh6w e9989ue4 r7d6kgcz rq0escxv nhd2j8a9 nc684nl6 p7hjln8o kvgmc6g5 cxmmr5t8 oygrvhab hcukyx3x jb3vyjys rz4wbd8a qt6c0cv9 a8nywdso i1ao9s8h esuyzwwr f1sip0of lzcic4wl gpro0wi8 py34i1dx\" tabindex=\"0\" role=\"link\" href=\"https:\/\/l.facebook.com\/l.php?u=https%3A%2F%2Fes.wikipedia.org%2Fwiki%2FBen_E._King%3Ffbclid%3DIwAR0UsbP-vN_4bw8gyBU63pvrH4T6MrQXx2tSId7bIfvupSRDe3XEEPam7Rs&amp;h=AT1cBEJdX7fzCUmrwy2acg0AnnveWOkaCj5UU7J3S27qTLQEl4hJshW2W-XDr_LZizqIE-p4JNNwtmcJ34G_Qsd17Gy7L8B-pB30MXsD7SRhHDUzkgj21HAvZO55WzSGEiCS&amp;__tn__=-UK-R&amp;c[0]=AT12zv9PfUQeCroE2LATgljjNlOV84-3wDIE1zeXPX8WkrrdGnkuz2oY25Kc_A3ULX166WlsmgF42YNoAEk8niwwyEoaMfip-xYbMzqIyMFqDb8eSjp8_K987BstGT9thua-ov5Y9nyxpV15G2qsJxFFtoITmpN3GUvj1w\" target=\"_blank\" rel=\"nofollow noopener\">https:\/\/es.wikipedia.org\/wiki\/Ben_E._King<\/a><\/div>\n<div dir=\"auto\"><\/div>\n<\/div>\n<div class=\"epyt-video-wrapper\"><iframe loading=\"lazy\"  id=\"_ytid_21132\"  width=\"618\" height=\"347\"  data-origwidth=\"618\" data-origheight=\"347\" src=\"https:\/\/www.youtube.com\/embed\/ZAPeBH6Fa38?enablejsapi=1&#038;autoplay=0&#038;cc_load_policy=0&#038;cc_lang_pref=&#038;iv_load_policy=1&#038;loop=0&#038;modestbranding=0&#038;rel=1&#038;fs=1&#038;playsinline=0&#038;autohide=2&#038;theme=dark&#038;color=red&#038;controls=1&#038;\" class=\"__youtube_prefs__  epyt-is-override  no-lazyload\" title=\"YouTube player\"  allow=\"fullscreen; accelerometer; autoplay; clipboard-write; encrypted-media; gyroscope; picture-in-picture\" allowfullscreen data-no-lazy=\"1\" data-skipgform_ajax_framebjll=\"\"><\/iframe><\/div>\n","protected":false},"excerpt":{"rendered":"<p>&nbsp; Fecha de Nacimiento: 28 de septiembre de 1938 &nbsp; Fecha de Fallecimiento: 30 de abril de 2015 (76 a\u00f1os) &nbsp; Biograf\u00eda: &nbsp; Es mejor conocido como el cantante y co-compositor de &#8220;Stand by Me&#8221;, un \u00e9xito de los Top 10 de los Estados Unidos, tanto en 1961 como m\u00e1s tarde en 1986 (cuando se &hellip;<\/p>\n","protected":false},"author":1,"featured_media":0,"parent":0,"menu_order":0,"comment_status":"closed","ping_status":"closed","template":"","meta":{"footnotes":""},"class_list":["post-28751","page","type-page","status-publish",""],"jetpack_sharing_enabled":true,"_links":{"self":[{"href":"http:\/\/mickyandoniehn.com\/radio\/wp-json\/wp\/v2\/pages\/28751","targetHints":{"allow":["GET"]}}],"collection":[{"href":"http:\/\/mickyandoniehn.com\/radio\/wp-json\/wp\/v2\/pages"}],"about":[{"href":"http:\/\/mickyandoniehn.com\/radio\/wp-json\/wp\/v2\/types\/page"}],"author":[{"embeddable":true,"href":"http:\/\/mickyandoniehn.com\/radio\/wp-json\/wp\/v2\/users\/1"}],"replies":[{"embeddable":true,"href":"http:\/\/mickyandoniehn.com\/radio\/wp-json\/wp\/v2\/comments?post=28751"}],"version-history":[{"count":3,"href":"http:\/\/mickyandoniehn.com\/radio\/wp-json\/wp\/v2\/pages\/28751\/revisions"}],"predecessor-version":[{"id":30095,"href":"http:\/\/mickyandoniehn.com\/radio\/wp-json\/wp\/v2\/pages\/28751\/revisions\/30095"}],"wp:attachment":[{"href":"http:\/\/mickyandoniehn.com\/radio\/wp-json\/wp\/v2\/media?parent=28751"}],"curies":[{"name":"wp","href":"https:\/\/api.w.org\/{rel}","templated":true}]}}