{"id":28749,"date":"2022-08-26T11:52:17","date_gmt":"2022-08-26T17:52:17","guid":{"rendered":"https:\/\/mickyandoniehn.com\/radio\/?page_id=28749"},"modified":"2022-09-01T11:12:16","modified_gmt":"2022-09-01T17:12:16","slug":"lisandro-meza","status":"publish","type":"page","link":"http:\/\/mickyandoniehn.com\/radio\/lisandro-meza\/","title":{"rendered":"Lisandro Meza"},"content":{"rendered":"<p style=\"text-align: justify;\"><img loading=\"lazy\" decoding=\"async\" class=\" wp-image-23442 aligncenter\" src=\"http:\/\/mickyandoniehn.com\/radio\/wp-content\/uploads\/2022\/07\/Lisandro-Meza-300x225.jpg\" alt=\"\" width=\"732\" height=\"549\" srcset=\"http:\/\/mickyandoniehn.com\/radio\/wp-content\/uploads\/2022\/07\/Lisandro-Meza-300x225.jpg 300w, http:\/\/mickyandoniehn.com\/radio\/wp-content\/uploads\/2022\/07\/Lisandro-Meza.jpg 480w\" sizes=\"auto, (max-width: 732px) 100vw, 732px\" \/><\/p>\n<p>&nbsp;<\/p>\n<div class=\"cxmmr5t8 oygrvhab hcukyx3x c1et5uql o9v6fnle ii04i59q\" style=\"text-align: justify;\">\n<div dir=\"auto\"><strong>Fecha de Nacimiento:<\/strong> 26 de septiembre de 1937<\/div>\n<p>&nbsp;<\/p>\n<div dir=\"auto\"><\/div>\n<\/div>\n<div class=\"cxmmr5t8 oygrvhab hcukyx3x c1et5uql o9v6fnle ii04i59q\" style=\"text-align: justify;\">\n<div dir=\"auto\"><strong>Biograf\u00eda<\/strong><\/div>\n<p>&nbsp;<\/p>\n<div dir=\"auto\"><\/div>\n<div dir=\"auto\">Lisandro Meza M\u00e1rquez (Los Palmitos, Sucre, 26 de septiembre de 1939) es un cantante, compositor y m\u00fasico colombiano, conocido con el apodo de El macho de Am\u00e9rica. En sus m\u00e1s de 50 a\u00f1os de carrera musical ha grabado alrededor de 110 discos en diferentes ritmos: cumbia colombiana, porro, paseo y vallenato.<\/div>\n<div dir=\"auto\"><\/div>\n<p>&nbsp;<\/p>\n<\/div>\n<div class=\"cxmmr5t8 oygrvhab hcukyx3x c1et5uql o9v6fnle ii04i59q\" style=\"text-align: justify;\">\n<div dir=\"auto\">Desde 1954 empez\u00f3 a cantar en la finca de su padre La Armenia, demostrando adem\u00e1s su facilidad para interpretar varios instrumentos como el acorde\u00f3n, el piano, la guitarra, el bajo, el tiple, el cuatro, la tumbadora, caja y la gaita. Aprovechaba las ausencias del capataz de la finca para utilizar su acorde\u00f3n. En una fiesta organizada por su padre para los trabajadores, Lisandro fue el centro de la fiesta tocando canciones populares como La hija de Amaranto, Cumbia cienaguera y El Alto del Rosario.<\/div>\n<p>&nbsp;<\/p>\n<div dir=\"auto\"><\/div>\n<\/div>\n<div class=\"cxmmr5t8 oygrvhab hcukyx3x c1et5uql o9v6fnle ii04i59q\" style=\"text-align: justify;\">\n<div dir=\"auto\">Este hecho marc\u00f3 el comienzo en firme de su carrera como acordeonero y cantante.3En el a\u00f1o 1959 compuso el paseo El Saludo, canci\u00f3n que lo hizo muy popular.<\/div>\n<p>&nbsp;<\/p>\n<div dir=\"auto\"><\/div>\n<\/div>\n<div class=\"cxmmr5t8 oygrvhab hcukyx3x c1et5uql o9v6fnle ii04i59q\" style=\"text-align: justify;\">\n<div dir=\"auto\">Posterior a este le siguieron otros \u00e9xitos como La gorra no se me cae (1963), La miseria humana (1976), Entre Rejas (1977), El guayabo de la ye (1978), Baracunatana (1981) y Est\u00e1s pillao (1982), entre otras canciones que en su mayor\u00eda se convirtieron en parte del folclor colombiano y son comunes en el conjunto musical Los Corraleros de Majagual desde 1961, con quienes particip\u00f3 en canciones como Su\u00e9ltala pa que se defienda, Hace un mes, La flaca de Vitola, entre otras.<\/div>\n<p>&nbsp;<\/p>\n<div dir=\"auto\"><\/div>\n<\/div>\n<div class=\"cxmmr5t8 oygrvhab hcukyx3x c1et5uql o9v6fnle ii04i59q\" style=\"text-align: justify;\">\n<div dir=\"auto\">Sin embargo, en 1965 formaliz\u00f3 su propio conjunto para amenizar bailes y fiestas tradicionales. Sin embargo continu\u00f3 integrando el grupo de Los Corraleros bajo la direcci\u00f3n de Manuel Cervantes y como acordeonista titular.<\/div>\n<p>&nbsp;<\/p>\n<div dir=\"auto\"><\/div>\n<\/div>\n<div class=\"cxmmr5t8 oygrvhab hcukyx3x c1et5uql o9v6fnle ii04i59q\" style=\"text-align: justify;\">\n<div dir=\"auto\"><strong>Wikipedia in English<\/strong><\/div>\n<p>&nbsp;<\/p>\n<div dir=\"auto\"><\/div>\n<\/div>\n<div class=\"cxmmr5t8 oygrvhab hcukyx3x c1et5uql o9v6fnle ii04i59q\" style=\"text-align: justify;\">\n<div dir=\"auto\"><strong>Date of Birth:<\/strong> September 26, 1937<\/div>\n<p>&nbsp;<\/p>\n<div dir=\"auto\"><\/div>\n<\/div>\n<div class=\"cxmmr5t8 oygrvhab hcukyx3x c1et5uql o9v6fnle ii04i59q\" style=\"text-align: justify;\">\n<div dir=\"auto\"><strong>Biography<\/strong><\/div>\n<p>&nbsp;<\/p>\n<div dir=\"auto\"><\/div>\n<div dir=\"auto\">Lisandro Meza M\u00e1rquez (Los Palmitos, Sucre, September 26, 1939) is a Colombian singer, composer and musician, known by the nickname of El macho de Am\u00e9rica. In his more than 50 years of musical career he has recorded around 110 albums in different rhythms: Colombian cumbia, porro, paseo and vallenato.<\/div>\n<p>&nbsp;<\/p>\n<div dir=\"auto\">.<\/div>\n<\/div>\n<div class=\"cxmmr5t8 oygrvhab hcukyx3x c1et5uql o9v6fnle ii04i59q\" style=\"text-align: justify;\">\n<div dir=\"auto\">From 1954 he began to sing on the farm of his father La Armenia, also demonstrating his ability to interpret various instruments such as the accordion, piano, guitar, bass, tiple, cuatro, tumbadora, box and bagpipes. He took advantage of the farm foreman&#8217;s absences to use his accordion. At a party organized by his father for the workers, Lisandro was the center of the party playing popular songs such as La hija de Amaranto, Cumbia cienaguera and El Alto del Rosario.<\/div>\n<p>&nbsp;<\/p>\n<div dir=\"auto\"><\/div>\n<\/div>\n<div class=\"cxmmr5t8 oygrvhab hcukyx3x c1et5uql o9v6fnle ii04i59q\" style=\"text-align: justify;\">\n<div dir=\"auto\">This fact marked the firm beginning of his career as an accordion player and singer.3 In 1959 he composed the Paseo El Saludo, a song that made him very popular.<\/div>\n<p>&nbsp;<\/p>\n<div dir=\"auto\"><\/div>\n<\/div>\n<div class=\"cxmmr5t8 oygrvhab hcukyx3x c1et5uql o9v6fnle ii04i59q\" style=\"text-align: justify;\">\n<div dir=\"auto\">This was followed by other successes such as La gorra no se came (1963), La miseria humana (1976), Entre Rejas (1977), El guayabo de la ye (1978), Baracunatana (1981) and You are pillao (1982) , among other songs that mostly became part of Colombian folklore and are common in the musical group Los Corraleros de Majagual since 1961, with whom he participated in songs such as Su\u00e9ltala pa que se defienta, A month ago, La flaca de Vitola, among other. However, in 1965 he formalized his own group to liven up traditional dances and festivals.<\/div>\n<p>&nbsp;<\/p>\n<div dir=\"auto\"><\/div>\n<\/div>\n<div class=\"cxmmr5t8 oygrvhab hcukyx3x c1et5uql o9v6fnle ii04i59q\" style=\"text-align: justify;\">\n<div dir=\"auto\">However, he continued to be part of the Los Corraleros group under the direction of Manuel Cervantes and as a titular accordionist.<\/div>\n<p>&nbsp;<\/p>\n<div dir=\"auto\"><\/div>\n<\/div>\n<div class=\"cxmmr5t8 oygrvhab hcukyx3x c1et5uql o9v6fnle ii04i59q\" style=\"text-align: justify;\">\n<div dir=\"auto\"><strong>Discography<\/strong><\/div>\n<p>&nbsp;<\/p>\n<div dir=\"auto\"><\/div>\n<\/div>\n<div class=\"cxmmr5t8 oygrvhab hcukyx3x c1et5uql o9v6fnle ii04i59q\" style=\"text-align: justify;\">\n<div dir=\"auto\">\n<table width=\"640\">\n<tbody>\n<tr>\n<td style=\"text-align: center;\" width=\"181\"><strong>Temas Cumbia<\/strong><\/td>\n<td style=\"text-align: center;\" width=\"296\"><strong>Escuchar tema<\/strong><\/td>\n<td style=\"text-align: center;\" width=\"163\"><strong>A\u00f1o de Publicacion<\/strong><\/td>\n<\/tr>\n<tr>\n<td style=\"text-align: center;\"><\/td>\n<td style=\"text-align: center;\"><strong>Lizandro Meza<\/strong><\/td>\n<td style=\"text-align: center;\"><strong>1978<\/strong><\/td>\n<\/tr>\n<tr>\n<td>1<\/td>\n<td>Bonito Comp\u00e1s<\/td>\n<td><\/td>\n<\/tr>\n<tr>\n<td>2<\/td>\n<td>Vendo Un Amor<\/td>\n<td><\/td>\n<\/tr>\n<tr>\n<td>3<\/td>\n<td>Escucha Este Ritmo<\/td>\n<td><\/td>\n<\/tr>\n<tr>\n<td>4<\/td>\n<td>A Pesar De Ser Casado<\/td>\n<td><\/td>\n<\/tr>\n<tr>\n<td>5<\/td>\n<td>La Bronca<\/td>\n<td><\/td>\n<\/tr>\n<tr>\n<td>6<\/td>\n<td>A Mi Pilon<\/td>\n<td><\/td>\n<\/tr>\n<tr>\n<td>7<\/td>\n<td>Las Cosas De Mi Pueblo<\/td>\n<td><\/td>\n<\/tr>\n<tr>\n<td>8<\/td>\n<td>Vuelve Mi Amor<\/td>\n<td><\/td>\n<\/tr>\n<tr>\n<td>9<\/td>\n<td>Tengo Una Pena<\/td>\n<td><\/td>\n<\/tr>\n<tr>\n<td>10<\/td>\n<td>Puerto Franco<\/td>\n<td><\/td>\n<\/tr>\n<tr>\n<td><\/td>\n<td><\/td>\n<td><\/td>\n<\/tr>\n<tr>\n<td style=\"text-align: center;\"><\/td>\n<td style=\"text-align: center;\"><strong>Bodas de Plata\u00a0<\/strong><\/td>\n<td style=\"text-align: center;\"><strong>1982<\/strong><\/td>\n<\/tr>\n<tr>\n<td>1<\/td>\n<td>Alegr\u00eda Y Amor<\/td>\n<td><\/td>\n<\/tr>\n<tr>\n<td>2<\/td>\n<td>Mi Castigo<\/td>\n<td><\/td>\n<\/tr>\n<tr>\n<td>3<\/td>\n<td>Creo En Dios<\/td>\n<td><\/td>\n<\/tr>\n<tr>\n<td>4<\/td>\n<td>Todo O Nada<\/td>\n<td><\/td>\n<\/tr>\n<tr>\n<td>5<\/td>\n<td>Lindo Tolu<\/td>\n<td><\/td>\n<\/tr>\n<tr>\n<td>6<\/td>\n<td>Me Voy Para La Luna<\/td>\n<td><\/td>\n<\/tr>\n<tr>\n<td>7<\/td>\n<td>Barulo<\/td>\n<td><\/td>\n<\/tr>\n<tr>\n<td>8<\/td>\n<td>Mujer<\/td>\n<td><\/td>\n<\/tr>\n<tr>\n<td>9<\/td>\n<td>Ten Cuidao<\/td>\n<td><\/td>\n<\/tr>\n<tr>\n<td>10<\/td>\n<td>Pedazo de Pan<\/td>\n<td><\/td>\n<\/tr>\n<tr>\n<td>11<\/td>\n<td>Cocodrilo<\/td>\n<td><\/td>\n<\/tr>\n<tr>\n<td><\/td>\n<td><\/td>\n<td><\/td>\n<\/tr>\n<tr>\n<td style=\"text-align: center;\"><\/td>\n<td style=\"text-align: center;\"><strong>Solo Cumbias\u00a0<\/strong><\/td>\n<td style=\"text-align: center;\"><strong>1983<\/strong><\/td>\n<\/tr>\n<tr>\n<td>1<\/td>\n<td>Capullo De Rosa<\/td>\n<td><\/td>\n<\/tr>\n<tr>\n<td>2<\/td>\n<td>Mario De Los Reyes<\/td>\n<td><\/td>\n<\/tr>\n<tr>\n<td>3<\/td>\n<td>Lo Velan Con Mech\u00f3n<\/td>\n<td><\/td>\n<\/tr>\n<tr>\n<td>4<\/td>\n<td>La Cumbia De Joaco<\/td>\n<td><\/td>\n<\/tr>\n<tr>\n<td>5<\/td>\n<td>La Matica<\/td>\n<td><\/td>\n<\/tr>\n<tr>\n<td>7<\/td>\n<td>Cumbia Sanjacintera<\/td>\n<td><\/td>\n<\/tr>\n<tr>\n<td>8<\/td>\n<td>Lejan\u00eda<\/td>\n<td><\/td>\n<\/tr>\n<tr>\n<td>9<\/td>\n<td>Que Quiere Esa Mejicana<\/td>\n<td><\/td>\n<\/tr>\n<tr>\n<td>10<\/td>\n<td>La Cachiporra<\/td>\n<td><\/td>\n<\/tr>\n<tr>\n<td>11<\/td>\n<td>Compi Bello<\/td>\n<td><\/td>\n<\/tr>\n<tr>\n<td><\/td>\n<td><\/td>\n<td><\/td>\n<\/tr>\n<tr>\n<td style=\"text-align: center;\"><\/td>\n<td style=\"text-align: center;\"><strong>Grandes Exitos de Lisandro Meza<\/strong><\/td>\n<td style=\"text-align: center;\"><strong>1984<\/strong><\/td>\n<\/tr>\n<tr>\n<td>1<\/td>\n<td>Las Tapas<\/td>\n<td><\/td>\n<\/tr>\n<tr>\n<td>2<\/td>\n<td>Entre Rejas<\/td>\n<td><\/td>\n<\/tr>\n<tr>\n<td>3<\/td>\n<td>Te Llevare<\/td>\n<td><\/td>\n<\/tr>\n<tr>\n<td>4<\/td>\n<td>La Miseria Humana<\/td>\n<td><\/td>\n<\/tr>\n<tr>\n<td>5<\/td>\n<td>El Guayabo De La Ye<\/td>\n<td><\/td>\n<\/tr>\n<tr>\n<td>6<\/td>\n<td>Milena<\/td>\n<td><\/td>\n<\/tr>\n<tr>\n<td>7<\/td>\n<td>El Guayac\u00e1n<\/td>\n<td><\/td>\n<\/tr>\n<tr>\n<td>8<\/td>\n<td>El Viejo Miguel<\/td>\n<td><\/td>\n<\/tr>\n<tr>\n<td>9<\/td>\n<td>Acordeon Pitador<\/td>\n<td><\/td>\n<\/tr>\n<tr>\n<td>10<\/td>\n<td>El Burro Le\u00f1ero<\/td>\n<td><\/td>\n<\/tr>\n<tr>\n<td>11<\/td>\n<td>El Saludo<\/td>\n<td><\/td>\n<\/tr>\n<tr>\n<td><\/td>\n<td><\/td>\n<td><\/td>\n<\/tr>\n<tr>\n<td style=\"text-align: center;\"><\/td>\n<td style=\"text-align: center;\"><strong>Y de La Plata Que?<\/strong><\/td>\n<td style=\"text-align: center;\"><strong>1984<\/strong><\/td>\n<\/tr>\n<tr>\n<td>1<\/td>\n<td>Cumbia P\u2019a Oriente<\/td>\n<td><\/td>\n<\/tr>\n<tr>\n<td>2<\/td>\n<td>El Amor<\/td>\n<td><\/td>\n<\/tr>\n<tr>\n<td>3<\/td>\n<td>Las Chiquiticas<\/td>\n<td><\/td>\n<\/tr>\n<tr>\n<td>4<\/td>\n<td>Las Caras Lindas<\/td>\n<td><\/td>\n<\/tr>\n<tr>\n<td>5<\/td>\n<td>Tendr\u00e1s Que Mandarlo Hacer<\/td>\n<td><\/td>\n<\/tr>\n<tr>\n<td>6<\/td>\n<td>Las Africanas<\/td>\n<td><\/td>\n<\/tr>\n<tr>\n<td>7<\/td>\n<td>Y De La Plata Que?<\/td>\n<td><\/td>\n<\/tr>\n<tr>\n<td>8<\/td>\n<td>Cabaretera<\/td>\n<td><\/td>\n<\/tr>\n<tr>\n<td>9<\/td>\n<td>D\u00e9jame En Paz<\/td>\n<td><\/td>\n<\/tr>\n<tr>\n<td>10<\/td>\n<td>Corazon Contento<\/td>\n<td><\/td>\n<\/tr>\n<tr>\n<td><\/td>\n<td><\/td>\n<td><\/td>\n<\/tr>\n<\/tbody>\n<\/table>\n<p>&nbsp;<\/p>\n<\/div>\n<\/div>\n<div class=\"cxmmr5t8 oygrvhab hcukyx3x c1et5uql o9v6fnle ii04i59q\" style=\"text-align: justify;\">\n<div dir=\"auto\">Cr\u00e9ditos tomados de Wikipedia:<\/div>\n<div dir=\"auto\"><a class=\"oajrlxb2 g5ia77u1 qu0x051f esr5mh6w e9989ue4 r7d6kgcz rq0escxv nhd2j8a9 nc684nl6 p7hjln8o kvgmc6g5 cxmmr5t8 oygrvhab hcukyx3x jb3vyjys rz4wbd8a qt6c0cv9 a8nywdso i1ao9s8h esuyzwwr f1sip0of lzcic4wl gpro0wi8 py34i1dx\" tabindex=\"0\" role=\"link\" href=\"https:\/\/l.facebook.com\/l.php?u=https%3A%2F%2Fes.wikipedia.org%2Fwiki%2FLisandro_Meza%3Ffbclid%3DIwAR24pUoz9QLd-iJIBEEzHsnm_NITDd4r2UI1DABV49SEKEhFHOxl-N2uwFg&amp;h=AT14yIUwOuWyCR17QuV2c68XrnoPjZk04fPOi8PhQoSMHeYcRVuyc2AOkNkBlDEjHjL47QfpdpVHcgQYEyF2lofm-TVQ0nKX9pn2Be6E6Vy6U1gM5Rb0duAMumJ6PZOm7Eks&amp;__tn__=-UK-R&amp;c[0]=AT38F-Ww08vNXboJhZmr_a0NHN-yltucYmLe_ExcUUMfvc8ovsOvT7Il1EKQs1UuU8X1PJDxErW-q8PGsCoftXkshIzbt56-ehrgbBb3BreI2P7-C4Zns3SdZTufOR2MqUC9czOGPJApOAzFHuJOB4OLUdvsYAWJh14QSA\" target=\"_blank\" rel=\"nofollow noopener\">https:\/\/es.wikipedia.org\/wiki\/Lisandro_Meza<\/a><\/div>\n<div dir=\"auto\"><\/div>\n<\/div>\n<div class=\"epyt-video-wrapper\"><iframe loading=\"lazy\"  id=\"_ytid_79360\"  width=\"618\" height=\"347\"  data-origwidth=\"618\" data-origheight=\"347\" src=\"https:\/\/www.youtube.com\/embed\/7LD5u6lv3kQ?enablejsapi=1&#038;autoplay=0&#038;cc_load_policy=0&#038;cc_lang_pref=&#038;iv_load_policy=1&#038;loop=0&#038;modestbranding=0&#038;rel=1&#038;fs=1&#038;playsinline=0&#038;autohide=2&#038;theme=dark&#038;color=red&#038;controls=1&#038;\" class=\"__youtube_prefs__  epyt-is-override  no-lazyload\" title=\"YouTube player\"  allow=\"fullscreen; accelerometer; autoplay; clipboard-write; encrypted-media; gyroscope; picture-in-picture\" allowfullscreen data-no-lazy=\"1\" data-skipgform_ajax_framebjll=\"\"><\/iframe><\/div>\n","protected":false},"excerpt":{"rendered":"<p>&nbsp; Fecha de Nacimiento: 26 de septiembre de 1937 &nbsp; Biograf\u00eda &nbsp; Lisandro Meza M\u00e1rquez (Los Palmitos, Sucre, 26 de septiembre de 1939) es un cantante, compositor y m\u00fasico colombiano, conocido con el apodo de El macho de Am\u00e9rica. En sus m\u00e1s de 50 a\u00f1os de carrera musical ha grabado alrededor de 110 discos en &hellip;<\/p>\n","protected":false},"author":1,"featured_media":0,"parent":0,"menu_order":0,"comment_status":"closed","ping_status":"closed","template":"","meta":{"footnotes":""},"class_list":["post-28749","page","type-page","status-publish",""],"jetpack_sharing_enabled":true,"_links":{"self":[{"href":"http:\/\/mickyandoniehn.com\/radio\/wp-json\/wp\/v2\/pages\/28749","targetHints":{"allow":["GET"]}}],"collection":[{"href":"http:\/\/mickyandoniehn.com\/radio\/wp-json\/wp\/v2\/pages"}],"about":[{"href":"http:\/\/mickyandoniehn.com\/radio\/wp-json\/wp\/v2\/types\/page"}],"author":[{"embeddable":true,"href":"http:\/\/mickyandoniehn.com\/radio\/wp-json\/wp\/v2\/users\/1"}],"replies":[{"embeddable":true,"href":"http:\/\/mickyandoniehn.com\/radio\/wp-json\/wp\/v2\/comments?post=28749"}],"version-history":[{"count":3,"href":"http:\/\/mickyandoniehn.com\/radio\/wp-json\/wp\/v2\/pages\/28749\/revisions"}],"predecessor-version":[{"id":30341,"href":"http:\/\/mickyandoniehn.com\/radio\/wp-json\/wp\/v2\/pages\/28749\/revisions\/30341"}],"wp:attachment":[{"href":"http:\/\/mickyandoniehn.com\/radio\/wp-json\/wp\/v2\/media?parent=28749"}],"curies":[{"name":"wp","href":"https:\/\/api.w.org\/{rel}","templated":true}]}}