{"id":28745,"date":"2022-08-26T11:51:46","date_gmt":"2022-08-26T17:51:46","guid":{"rendered":"https:\/\/mickyandoniehn.com\/radio\/?page_id=28745"},"modified":"2022-09-01T11:53:25","modified_gmt":"2022-09-01T17:53:25","slug":"philippe-lavil","status":"publish","type":"page","link":"http:\/\/mickyandoniehn.com\/radio\/philippe-lavil\/","title":{"rendered":"Philippe Lavil"},"content":{"rendered":"<p style=\"text-align: justify;\"><img loading=\"lazy\" decoding=\"async\" class=\" wp-image-23330 aligncenter\" src=\"http:\/\/mickyandoniehn.com\/radio\/wp-content\/uploads\/2022\/07\/Philippe-Lavil-300x225.jpg\" alt=\"\" width=\"565\" height=\"423\" srcset=\"http:\/\/mickyandoniehn.com\/radio\/wp-content\/uploads\/2022\/07\/Philippe-Lavil-300x225.jpg 300w, http:\/\/mickyandoniehn.com\/radio\/wp-content\/uploads\/2022\/07\/Philippe-Lavil.jpg 619w\" sizes=\"auto, (max-width: 565px) 100vw, 565px\" \/><\/p>\n<p>&nbsp;<\/p>\n<div class=\"cxmmr5t8 oygrvhab hcukyx3x c1et5uql o9v6fnle ii04i59q\" style=\"text-align: justify;\">\n<div dir=\"auto\"><strong>Fecha de Nacimiento:<\/strong> 26 de septiembre de 1947<\/div>\n<p>&nbsp;<\/p>\n<div dir=\"auto\"><\/div>\n<\/div>\n<div class=\"cxmmr5t8 oygrvhab hcukyx3x c1et5uql o9v6fnle ii04i59q\" style=\"text-align: justify;\">\n<div dir=\"auto\"><strong>Biograf\u00eda:<\/strong><\/div>\n<p>&nbsp;<\/p>\n<div dir=\"auto\"><\/div>\n<div dir=\"auto\">Sigui\u00f3 siendo particularmente famoso por sus singles de \u00e9xito &#8220;Il tape sur des bambous&#8221;, &#8220;Elle pr\u00e9f\u00e8re l&#8217;amour en mer&#8221; (n\u00famero 8 en Francia) y &#8220;Kol\u00e9 s\u00e9r\u00e9&#8221;, un d\u00fao con Jocelyne G\u00e9rard (n\u00famero 4 en Francia ). Tambi\u00e9n fue miembro de Les Enfoir\u00e9s en 1996, 1997 y 1998.<\/div>\n<p>&nbsp;<\/p>\n<div dir=\"auto\"><\/div>\n<\/div>\n<div class=\"cxmmr5t8 oygrvhab hcukyx3x c1et5uql o9v6fnle ii04i59q\" style=\"text-align: justify;\">\n<div dir=\"auto\">Philippe Lavil es descendiente de colonos franceses de las Indias Occidentales (apodados localmente b\u00e9k\u00e9s ). Su padre, Max Durand de La Villejegu du Fresnay (1922-1989) y su madre, Marthe Bally (1923-2021), operaban una plantaci\u00f3n bananera en la comuna de Fran\u00e7ois.<\/div>\n<p>&nbsp;<\/p>\n<div dir=\"auto\"><\/div>\n<\/div>\n<div class=\"cxmmr5t8 oygrvhab hcukyx3x c1et5uql o9v6fnle ii04i59q\" style=\"text-align: justify;\">\n<div dir=\"auto\">En 1960, Philippe Lavil fue enviado a un internado en Dr\u00f4me, donde continu\u00f3 sus estudios en la escuela Rosarais de Dieulefit . Su profesor de ingl\u00e9s Graeme Allwright le present\u00f3 la canci\u00f3n . El joven compra una guitarra y decide convertirse en cantante. Sus padres, poco entusiasmados, le animaron a pasar tres a\u00f1os en una escuela de negocios, EDC , lo que no le impidi\u00f3 grabar su primer sencillo , titulado \u00c0 la califourchon , en 1969.<\/div>\n<p>&nbsp;<\/p>\n<div dir=\"auto\"><\/div>\n<\/div>\n<div class=\"cxmmr5t8 oygrvhab hcukyx3x c1et5uql o9v6fnle ii04i59q\" style=\"text-align: justify;\">\n<div dir=\"auto\">En 1970 grab\u00f3 una canci\u00f3n que se convertir\u00eda en un \u00e9xito y, adem\u00e1s, en uno de sus grandes \u00e9xitos, With the Girls, I Don&#8217;t Know . Posteriormente grab\u00f3 varias piezas, pero ninguna tuvo el mismo \u00e9xito.<\/div>\n<p>&nbsp;<\/p>\n<div dir=\"auto\"><\/div>\n<\/div>\n<div class=\"cxmmr5t8 oygrvhab hcukyx3x c1et5uql o9v6fnle ii04i59q\" style=\"text-align: justify;\">\n<div dir=\"auto\">En 1975, actu\u00f3 en el Olympia , con Julien Clerc , que fue uno de los primeros conciertos de Philippe Lavil. Al a\u00f1o siguiente, grab\u00f3 Hey Mister Lee , que tuvo un \u00e9xito moderado. En 1978 grab\u00f3 un disco, February , con textos de Didier Barbelivien y Alain Souchon , pero este disco no tuvo \u00e9xito. Luego dej\u00f3 su compa\u00f1\u00eda discogr\u00e1fica.<\/div>\n<p>&nbsp;<\/p>\n<div dir=\"auto\"><\/div>\n<\/div>\n<div class=\"cxmmr5t8 oygrvhab hcukyx3x c1et5uql o9v6fnle ii04i59q\" style=\"text-align: justify;\">\n<div dir=\"auto\">En 1982, cuando pensaba dejar la m\u00fasica, grab\u00f3 una canci\u00f3n de Didier Barbelivien : Il tap sur des bambous , que se convirti\u00f3 en el hit del verano y su mayor \u00e9xito , con m\u00e1s de un mill\u00f3n y medio de copias vendidas. Siguen \u00e9xitos m\u00e1s confidenciales, como R\u00edo o San Miguel.<\/div>\n<p>&nbsp;<\/p>\n<div dir=\"auto\"><\/div>\n<\/div>\n<div class=\"cxmmr5t8 oygrvhab hcukyx3x c1et5uql o9v6fnle ii04i59q\" style=\"text-align: justify;\">\n<div dir=\"auto\">En 1985, volvi\u00f3 a grabar una canci\u00f3n firmada por Barbelivien , que tambi\u00e9n tuvo un gran \u00e9xito, Ella prefiere el amor en el mar . Al a\u00f1o siguiente, grab\u00f3 un \u00e1lbum, que produjo dos canciones que fueron ampliamente distribuidas en ese momento, The Woman Who Never Says I Love You y She Knits Sweaters For Nobody . Sin embargo, estos t\u00edtulos no obtienen el mismo \u00e9xito que los anteriores.<\/div>\n<p>&nbsp;<\/p>\n<div dir=\"auto\"><\/div>\n<\/div>\n<div class=\"cxmmr5t8 oygrvhab hcukyx3x c1et5uql o9v6fnle ii04i59q\" style=\"text-align: justify;\">\n<div dir=\"auto\">En 1987 grab\u00f3 otra canci\u00f3n que se convirti\u00f3 en un gran \u00e9xito, Kol\u00e9 S\u00e9r\u00e9 , a d\u00fao con la cantante del grupo Kassav , Jocelyne B\u00e9roard.<\/div>\n<p>&nbsp;<\/p>\n<div dir=\"auto\"><\/div>\n<\/div>\n<div class=\"cxmmr5t8 oygrvhab hcukyx3x c1et5uql o9v6fnle ii04i59q\" style=\"text-align: justify;\">\n<div dir=\"auto\">En 1990, public\u00f3 un \u00e1lbum m\u00e1s personal, De Bretagne o en otro lugar , cuyo t\u00edtulo del mismo nombre tuvo un \u00e9xito moderado. Dos a\u00f1os m\u00e1s tarde, en un estilo crooner , lanz\u00f3 Y&#8217;a plus hiver , del que el t\u00edtulo Si Marianne era negro , el \u00fanico t\u00edtulo que tuvo \u00e9xito, pero muy confidencial.<\/div>\n<p>&nbsp;<\/p>\n<div dir=\"auto\"><\/div>\n<\/div>\n<div class=\"cxmmr5t8 oygrvhab hcukyx3x c1et5uql o9v6fnle ii04i59q\" style=\"text-align: justify;\">\n<div dir=\"auto\">En 1994 actu\u00f3 en el Opus Caf\u00e9 de Par\u00eds y revis\u00f3 sus canciones en Lavil D\u00e9m\u00e9nage . Contin\u00faa publicando \u00e1lbumes con regularidad, como Ailleurs, c&#8217;est still l&#8217;id\u00e9al en 1997, Retour \u00e0 la case creole en 2002 o Calypso en 2007.<\/div>\n<p>&nbsp;<\/p>\n<div dir=\"auto\"><\/div>\n<\/div>\n<div class=\"cxmmr5t8 oygrvhab hcukyx3x c1et5uql o9v6fnle ii04i59q\" style=\"text-align: justify;\">\n<div dir=\"auto\">En 2011, lanz\u00f3 un nuevo \u00e1lbum, La part des anges , por el que hizo mucha promoci\u00f3n. Tambi\u00e9n participa en el single ben\u00e9fico Je resume ma route a favor de la asociaci\u00f3n Les Voices de l&#8217;Enfant.<\/div>\n<\/div>\n<div class=\"cxmmr5t8 oygrvhab hcukyx3x c1et5uql o9v6fnle ii04i59q\" style=\"text-align: justify;\">\n<div dir=\"auto\">Al mismo tiempo, asiste a galas y conciertos. En 2012, particip\u00f3 por primera vez en la gira Tender Age, la gira de los \u00eddolos , como invitado de honor y padrino de la temporada 7.<\/div>\n<p>&nbsp;<\/p>\n<div dir=\"auto\">Tambi\u00e9n participa en el crucero adjunto a esta gira. Vuelve al crucero Tender Age en noviembre de 2017.<\/div>\n<div dir=\"auto\"><\/div>\n<\/div>\n<div class=\"cxmmr5t8 oygrvhab hcukyx3x c1et5uql o9v6fnle ii04i59q\" style=\"text-align: justify;\">\n<div dir=\"auto\">Tambi\u00e9n fue miembro de Les Enfoir\u00e9s en 1996, 1997 y 1998.<\/div>\n<p>&nbsp;<\/p>\n<div dir=\"auto\"><\/div>\n<\/div>\n<div class=\"cxmmr5t8 oygrvhab hcukyx3x c1et5uql o9v6fnle ii04i59q\" style=\"text-align: justify;\">\n<div dir=\"auto\"><\/div>\n<div dir=\"auto\"><strong>Date of Birth<\/strong>\u00a0September 26, 1947<\/div>\n<p>&nbsp;<\/p>\n<\/div>\n<div class=\"cxmmr5t8 oygrvhab hcukyx3x c1et5uql o9v6fnle ii04i59q\" style=\"text-align: justify;\">\n<div dir=\"auto\"><\/div>\n<\/div>\n<div class=\"cxmmr5t8 oygrvhab hcukyx3x c1et5uql o9v6fnle ii04i59q\" style=\"text-align: justify;\">\n<div dir=\"auto\"><strong>Biography:<\/strong><\/div>\n<p>&nbsp;<\/p>\n<div dir=\"auto\"><\/div>\n<div dir=\"auto\">He remained particularly famous for his hit singles &#8220;Il tape sur des bambous&#8221;, &#8220;Elle pr\u00e9f\u00e8re l&#8217;amour en mer&#8221; (number 8 in France) and &#8220;Kol\u00e9 s\u00e9r\u00e9&#8221;, a duet with Jocelyne B\u00e9roard (number 4 in France). He was also a member of Les Enfoir\u00e9s in 1996, 1997 and 1998.<\/div>\n<p>&nbsp;<\/p>\n<div dir=\"auto\"><\/div>\n<\/div>\n<div class=\"cxmmr5t8 oygrvhab hcukyx3x c1et5uql o9v6fnle ii04i59q\" style=\"text-align: justify;\">\n<div dir=\"auto\">Philippe Lavil is a descendant of French settlers from the West Indies (locally nicknamed b\u00e9k\u00e9s). His father, Max Durand de La Villejegu du Fresnay (1922-1989) and his mother, Marthe Bally (1923-2021), operated a banana plantation in the Fran\u00e7ois commune.<\/div>\n<p>&nbsp;<\/p>\n<div dir=\"auto\"><\/div>\n<\/div>\n<div class=\"cxmmr5t8 oygrvhab hcukyx3x c1et5uql o9v6fnle ii04i59q\" style=\"text-align: justify;\">\n<div dir=\"auto\">In 1960 Philippe Lavil was sent to a boarding school in the Dr\u00f4me, where he continued his studies at the Roseraie de Dieulefit school. His English teacher Graeme Allwright introduced him to the song. The young man buys a guitar and decides to become a singer. His parents, little enthusiasm, encouraged him to spend three years at a business school, EDC, which did not prevent him from recording his first single, entitled \u00c0 la califourchon, in 1969.<\/div>\n<p>&nbsp;<\/p>\n<div dir=\"auto\"><\/div>\n<\/div>\n<div class=\"cxmmr5t8 oygrvhab hcukyx3x c1et5uql o9v6fnle ii04i59q\" style=\"text-align: justify;\">\n<div dir=\"auto\">In 1970 he recorded a song that would become a hit and also one of his greatest hits, With the Girls, I Don&#8217;t Know. Later he recorded several pieces, but none had the same success.<\/div>\n<p>&nbsp;<\/p>\n<\/div>\n<div class=\"cxmmr5t8 oygrvhab hcukyx3x c1et5uql o9v6fnle ii04i59q\" style=\"text-align: justify;\">\n<div dir=\"auto\">In 1975, he performed at the Olympia, with Julien Clerc, which was one of Philippe Lavil&#8217;s first concerts. The following year, he recorded Hey Mister Lee, which was moderately successful. In 1978 he recorded an album, February, with lyrics by Didier Barbelivien and Alain Souchon, but this album was not successful. He then he left his record company.<\/div>\n<p>&nbsp;<\/p>\n<div dir=\"auto\"><\/div>\n<\/div>\n<div class=\"cxmmr5t8 oygrvhab hcukyx3x c1et5uql o9v6fnle ii04i59q\" style=\"text-align: justify;\">\n<div dir=\"auto\">In 1982, when he was thinking of leaving music, he recorded a Didier Barbelivien song: Il tap sur des bambous, which became the hit of the summer and his biggest hit, with more than a million and a half copies sold. More confidential hits follow, like Rio or San Miguel.<\/div>\n<p>&nbsp;<\/p>\n<div dir=\"auto\"><\/div>\n<\/div>\n<div class=\"cxmmr5t8 oygrvhab hcukyx3x c1et5uql o9v6fnle ii04i59q\" style=\"text-align: justify;\">\n<div dir=\"auto\">In 1985, he re-recorded a song signed by Barbelivien, which was also a great success, She prefers love at sea. The following year, he recorded an album, which produced two songs that were widely distributed at the time, The Woman Who Never Says I Love You and she, She Knits Sweaters For Nobody. However, these titles are not as successful as the previous ones.<\/div>\n<p>&nbsp;<\/p>\n<\/div>\n<div class=\"cxmmr5t8 oygrvhab hcukyx3x c1et5uql o9v6fnle ii04i59q\" style=\"text-align: justify;\">\n<div dir=\"auto\">In 1987 he recorded another song that became a great success, Kol\u00e9 S\u00e9r\u00e9, in duet with the singer of the group Kassav, Jocelyne B\u00e9roard.<\/div>\n<p>&nbsp;<\/p>\n<div dir=\"auto\"><\/div>\n<\/div>\n<div class=\"cxmmr5t8 oygrvhab hcukyx3x c1et5uql o9v6fnle ii04i59q\" style=\"text-align: justify;\">\n<div dir=\"auto\">In 1990, he released a more personal album, De Bretagne or Elsewhere, whose eponymous title met with moderate success. Two years later, in a crooner style, he released Y&#8217;a plus hiver, of which the title Si Marianne was black, the only successful title, but very confidential.<\/div>\n<p>&nbsp;<\/p>\n<div dir=\"auto\"><\/div>\n<\/div>\n<div class=\"cxmmr5t8 oygrvhab hcukyx3x c1et5uql o9v6fnle ii04i59q\" style=\"text-align: justify;\">\n<div dir=\"auto\">In 1994 he performed at the Opus Caf\u00e9 in Paris and reviewed his songs on Lavil D\u00e9m\u00e9nage. He continues to publish albums regularly, such as Ailleurs, c&#8217;est still l&#8217;id\u00e9al in 1997, Retour \u00e0 la case creole in 2002 or Calypso in 2007.<\/div>\n<p>&nbsp;<\/p>\n<div dir=\"auto\"><\/div>\n<\/div>\n<div class=\"cxmmr5t8 oygrvhab hcukyx3x c1et5uql o9v6fnle ii04i59q\" style=\"text-align: justify;\">\n<div dir=\"auto\">In 2011, she released a new album, La part des anges, for which she did a lot of promotion. She also participates in the charity single Je resume ma route in favor of the association Les Voices de l&#8217;Enfant.<\/div>\n<div dir=\"auto\"><\/div>\n<p>&nbsp;<\/p>\n<\/div>\n<div class=\"cxmmr5t8 oygrvhab hcukyx3x c1et5uql o9v6fnle ii04i59q\" style=\"text-align: justify;\">\n<div dir=\"auto\">At the same time, she attends galas and concerts. In 2012, she participated for the first time on the Tender Age tour, the idol tour, as the guest of honor and godfather of season 7. She also participates in the cruise attached to this tour.<\/div>\n<p>&nbsp;<\/p>\n<div dir=\"auto\"><\/div>\n<\/div>\n<div class=\"cxmmr5t8 oygrvhab hcukyx3x c1et5uql o9v6fnle ii04i59q\" style=\"text-align: justify;\">\n<div dir=\"auto\">He returns to the Tender Age cruise ship in November 2017.<\/div>\n<p>&nbsp;<\/p>\n<div dir=\"auto\"><\/div>\n<\/div>\n<div class=\"cxmmr5t8 oygrvhab hcukyx3x c1et5uql o9v6fnle ii04i59q\" style=\"text-align: justify;\">\n<div dir=\"auto\"><strong>Discography<\/strong><\/div>\n<p>&nbsp;<\/p>\n<\/div>\n<div dir=\"auto\"><\/div>\n<div dir=\"auto\">\n<table width=\"459\">\n<tbody>\n<tr>\n<td style=\"text-align: center;\" width=\"98\"><strong>G\u00e9nero Canci\u00f3n Francesa<\/strong><\/td>\n<td style=\"text-align: center;\" width=\"264\"><strong>Escuchar Tema<\/strong><\/td>\n<td style=\"text-align: center;\" width=\"97\"><strong>A\u00f1o de Publicaci\u00f3n<\/strong><\/td>\n<\/tr>\n<tr>\n<td><\/td>\n<td><\/td>\n<td><\/td>\n<\/tr>\n<tr>\n<td>1<\/td>\n<td>Indifference<\/td>\n<td>1989<\/td>\n<\/tr>\n<tr>\n<td>2<\/td>\n<td>And a plus d&#8217;hiver<\/td>\n<td>1992<\/td>\n<\/tr>\n<tr>\n<td>3<\/td>\n<td>D\u00e9m\u00e9nage<\/td>\n<td>1994<\/td>\n<\/tr>\n<tr>\n<td>4<\/td>\n<td>An enthusiasm for<\/td>\n<td>1996<\/td>\n<\/tr>\n<tr>\n<td>5<\/td>\n<td>Ailleurs, c&#8217;est toujours l&#8217;id\u00e9al<\/td>\n<td>1997<\/td>\n<\/tr>\n<tr>\n<td>6<\/td>\n<td>Retour \u00e0 la case cr\u00e9ole &#8211; # 56 in France<\/td>\n<td>2002<\/td>\n<\/tr>\n<tr>\n<td>7<\/td>\n<td>Calypso &#8211; # 75 in France<\/td>\n<td>2007<\/td>\n<\/tr>\n<tr>\n<td>8<\/td>\n<td>Avec les filles je ne sais pas<\/td>\n<td>1970<\/td>\n<\/tr>\n<tr>\n<td>9<\/td>\n<td>Nanas et Nanas<\/td>\n<td>1971<\/td>\n<\/tr>\n<tr>\n<td>10<\/td>\n<td>Un poquito d&#8217;amor<\/td>\n<td>1971<\/td>\n<\/tr>\n<tr>\n<td>11<\/td>\n<td>M\u00e1s j&#8217;en ai, m\u00e1s j&#8217;en veux<\/td>\n<td>1971<\/td>\n<\/tr>\n<tr>\n<td>12<\/td>\n<td>Configuraci\u00f3n regional de Heure<\/td>\n<td>1976<\/td>\n<\/tr>\n<tr>\n<td>13<\/td>\n<td>Il tape sur des bambous<\/td>\n<td>1982<\/td>\n<\/tr>\n<tr>\n<td>14<\/td>\n<td>Jamaicaina<\/td>\n<td>1984<\/td>\n<\/tr>\n<tr>\n<td>15<\/td>\n<td>Elle pr\u00e9f\u00e8re l&#8217;amour en mer &#8211; # 8 en Francia<\/td>\n<td>1985<\/td>\n<\/tr>\n<tr>\n<td>16<\/td>\n<td>Kol\u00e9 S\u00e9r\u00e9 &#8211; # 4 en Francia<\/td>\n<td>1988<\/td>\n<\/tr>\n<tr>\n<td>17<\/td>\n<td>La Chica de Cuba<\/td>\n<td>1989<\/td>\n<\/tr>\n<tr>\n<td>18<\/td>\n<td>De Bretagne ou d&#8217;ailleurs &#8211; # 29 en Francia<\/td>\n<td>1991<\/td>\n<\/tr>\n<tr>\n<td>19<\/td>\n<td>Jules apprend<\/td>\n<td>1994<\/td>\n<\/tr>\n<tr>\n<td><\/td>\n<td><\/td>\n<td><\/td>\n<\/tr>\n<\/tbody>\n<\/table>\n<\/div>\n<div class=\"cxmmr5t8 oygrvhab hcukyx3x c1et5uql o9v6fnle ii04i59q\" style=\"text-align: justify;\">\n<div dir=\"auto\"><\/div>\n<\/div>\n<div class=\"cxmmr5t8 oygrvhab hcukyx3x c1et5uql o9v6fnle ii04i59q\" style=\"text-align: justify;\">\n<div dir=\"auto\">Cr\u00e9ditos tomados de Wikipedia:<\/div>\n<div dir=\"auto\"><a class=\"oajrlxb2 g5ia77u1 qu0x051f esr5mh6w e9989ue4 r7d6kgcz rq0escxv nhd2j8a9 nc684nl6 p7hjln8o kvgmc6g5 cxmmr5t8 oygrvhab hcukyx3x jb3vyjys rz4wbd8a qt6c0cv9 a8nywdso i1ao9s8h esuyzwwr f1sip0of lzcic4wl gpro0wi8 py34i1dx\" tabindex=\"0\" role=\"link\" href=\"https:\/\/l.facebook.com\/l.php?u=https%3A%2F%2Fen.wikipedia.org%2Fwiki%2FPhilippe_Lavil%3Ffbclid%3DIwAR3znjd7MGSnvtQtZf_LPJI3oyzA-92k2TlvMSlfwSavXdEiPopYX4yhaWw&amp;h=AT2m7kTNmGmiH_eq9RnJQ91WPDDFeaLc96DwvxWidD_N4EjxpCAnYfxhPqATfs_NL_zXVVt-ihLP0ODABS2ExDudXezpTRQav_IbYOqta29LBCu1XI30kU478VELVcmDPMot&amp;__tn__=-UK-R&amp;c[0]=AT2xjNSalWd6pjjEuci4tcs8RF_RseVRAp0kkWolZGdvZFH_9vQSloR0-4yJBV6dbP9vyVjqjsrVAFhkYCFVYjIXBiT2_zB2WbJnA-08R_WM0hCdubXxyGie31Bz9u3xCD95GU8suEL9ivOoIVq9Tw41qNvxWTORfdyKqA\" target=\"_blank\" rel=\"nofollow noopener\">https:\/\/en.wikipedia.org\/wiki\/Philippe_Lavil<\/a><\/div>\n<div dir=\"auto\"><\/div>\n<\/div>\n<div class=\"epyt-video-wrapper\"><iframe loading=\"lazy\"  id=\"_ytid_78810\"  width=\"618\" height=\"347\"  data-origwidth=\"618\" data-origheight=\"347\" src=\"https:\/\/www.youtube.com\/embed\/ayGJ7XMuw3Q?enablejsapi=1&#038;autoplay=0&#038;cc_load_policy=0&#038;cc_lang_pref=&#038;iv_load_policy=1&#038;loop=0&#038;modestbranding=0&#038;rel=1&#038;fs=1&#038;playsinline=0&#038;autohide=2&#038;theme=dark&#038;color=red&#038;controls=1&#038;\" class=\"__youtube_prefs__  epyt-is-override  no-lazyload\" title=\"YouTube player\"  allow=\"fullscreen; accelerometer; autoplay; clipboard-write; encrypted-media; gyroscope; picture-in-picture\" allowfullscreen data-no-lazy=\"1\" data-skipgform_ajax_framebjll=\"\"><\/iframe><\/div>\n","protected":false},"excerpt":{"rendered":"<p>&nbsp; Fecha de Nacimiento: 26 de septiembre de 1947 &nbsp; Biograf\u00eda: &nbsp; Sigui\u00f3 siendo particularmente famoso por sus singles de \u00e9xito &#8220;Il tape sur des bambous&#8221;, &#8220;Elle pr\u00e9f\u00e8re l&#8217;amour en mer&#8221; (n\u00famero 8 en Francia) y &#8220;Kol\u00e9 s\u00e9r\u00e9&#8221;, un d\u00fao con Jocelyne G\u00e9rard (n\u00famero 4 en Francia ). Tambi\u00e9n fue miembro de Les Enfoir\u00e9s en &hellip;<\/p>\n","protected":false},"author":1,"featured_media":0,"parent":0,"menu_order":0,"comment_status":"closed","ping_status":"closed","template":"","meta":{"footnotes":""},"class_list":["post-28745","page","type-page","status-publish",""],"jetpack_sharing_enabled":true,"_links":{"self":[{"href":"http:\/\/mickyandoniehn.com\/radio\/wp-json\/wp\/v2\/pages\/28745","targetHints":{"allow":["GET"]}}],"collection":[{"href":"http:\/\/mickyandoniehn.com\/radio\/wp-json\/wp\/v2\/pages"}],"about":[{"href":"http:\/\/mickyandoniehn.com\/radio\/wp-json\/wp\/v2\/types\/page"}],"author":[{"embeddable":true,"href":"http:\/\/mickyandoniehn.com\/radio\/wp-json\/wp\/v2\/users\/1"}],"replies":[{"embeddable":true,"href":"http:\/\/mickyandoniehn.com\/radio\/wp-json\/wp\/v2\/comments?post=28745"}],"version-history":[{"count":3,"href":"http:\/\/mickyandoniehn.com\/radio\/wp-json\/wp\/v2\/pages\/28745\/revisions"}],"predecessor-version":[{"id":30478,"href":"http:\/\/mickyandoniehn.com\/radio\/wp-json\/wp\/v2\/pages\/28745\/revisions\/30478"}],"wp:attachment":[{"href":"http:\/\/mickyandoniehn.com\/radio\/wp-json\/wp\/v2\/media?parent=28745"}],"curies":[{"name":"wp","href":"https:\/\/api.w.org\/{rel}","templated":true}]}}