{"id":28741,"date":"2022-08-26T11:50:48","date_gmt":"2022-08-26T17:50:48","guid":{"rendered":"https:\/\/mickyandoniehn.com\/radio\/?page_id=28741"},"modified":"2022-09-01T08:31:51","modified_gmt":"2022-09-01T14:31:51","slug":"anthony-george-newley","status":"publish","type":"page","link":"http:\/\/mickyandoniehn.com\/radio\/anthony-george-newley\/","title":{"rendered":"Anthony George Newley"},"content":{"rendered":"<p><img loading=\"lazy\" decoding=\"async\" class=\" wp-image-23324 aligncenter\" src=\"http:\/\/mickyandoniehn.com\/radio\/wp-content\/uploads\/2022\/07\/Anthony-Newley.jpg\" alt=\"\" width=\"513\" height=\"653\" \/><\/p>\n<p><strong>Fecha de Nacimiento:<\/strong> 24 de septiembre de 1931<\/p>\n<p><strong>Fecha de Fallecimiento: <\/strong>14 de abril de 1999<\/p>\n<p><strong>Biograf\u00eda<\/strong><\/p>\n<p>Anthony George Newley naci\u00f3 el 24 de septiembre de 1931 en Londres y muri\u00f3 en Florida, USA, el 14 de abril de 1999. Fue criado por su madre, ya que sus padres se separaron cuando \u00e9l era s\u00f3lo un ni\u00f1o y educado en el juda\u00edsmo por ella. Desde muy peque\u00f1o los profesores alabaron su val\u00eda para el estudio, pero \u00e9l a los catorce a\u00f1os lo abandon\u00f3, para ponerse a trabajar de recadero en una empresa de seguros.<\/p>\n<p>Atra\u00eddo por un anuncio en el que buscaban j\u00f3venes actores se present\u00f3 a la audici\u00f3n y cuando vio los precios de la escuela, prohibitivos para \u00e9l, decidi\u00f3 abandonar, pero hab\u00eda impresionado de tal forma al tribunal que decidieron contratarlo de recadero, y perdonarle el precio de la matr\u00edcula, hasta que consiguiera su primer papel. Interpret\u00f3 papeles en cine y en radio, siendo su papel de Artful Doger en \u201cOliver Twist \u201c, dirigida por David Lean en 1948, uno de sus primeros papeles en los que llam\u00f3 la atenci\u00f3n de p\u00fablico y cr\u00edtica. Su transici\u00f3n de adolescente a joven gal\u00e1n fue f\u00e1cil y a ello contribuyeron una serie de pel\u00edculas, muchas pel\u00edculas, llegando a filmar tres, cuatro o cinco pel\u00edculas en un a\u00f1o. La m\u00e1s significativa posiblemente fuese \u201cIdol on parade\u201c,\u00a0 dirigida por John Guilling, en la que interpretaba a un cantante de rock, que era llamado a filas, inspirada en el esc\u00e1ndalo que produjo entre las fans de Elvis Presley, su reclutamiento a filas, lo cual le permitir\u00eda cantar cinco canciones que fueron un \u00e9xito y marcaron su futuro como actor y cantante.<\/p>\n<p>Sigue trabajando en televisi\u00f3n y grabando canciones, hasta que atra\u00eddo por el teatro musical, en colaboraci\u00f3n con Leslie Bricusse, escribi\u00f3 e interpret\u00f3 \u201cStop the world \u2013 I want get off \u201c, siendo nominado al premio Tony como mejor actor. \u00bfEn este musical encontramos el tema \u201cWhat kind of fool am I?\u201d con el que gan\u00f3 el Grammy en 1963 a la mejor canci\u00f3n del a\u00f1o. Tambi\u00e9n se rod\u00f3 una pel\u00edcula de este musical que no tuvo \u00e9xito. En 1964, Bricusse &amp; Newley fueron requeridos para escribir la letra para la canci\u00f3n \u201cGoldfinger\u201c, con m\u00fasica de John Barry, para la pel\u00edcula de la serie de James Bond, que a pesar de ser grabada por Anthony Newley, la versi\u00f3n que apareci\u00f3 en la pel\u00edcula y arras\u00f3 en todo el mundo fue la grabada por Shirley Bassey.<\/p>\n<p>En 1965 escribi\u00f3 con Bricusse otro musical titulado \u201cThe roar of the Greasepaint \u2013 The smell of the crowd\u201c, que inclu\u00eda otro cl\u00e1sico \u201cFeelin\u2019 good\u201d que han versioneado desde Nina Simone o Bobby Darin a Elaine Paige o Michel Bubbl\u00e9. En 1967 fue contratado para interpretar la pel\u00edcula musical \u201cDoctor Doolitle\u201c, escrita por su socio Leslie Bricusse, que dirigi\u00f3 Richard Fleisher y protagoniz\u00f3 Rex Harrison, con Samantha Eggar y Newley, que fue un estrepitoso fracaso. Su vida sentimental tambi\u00e9n fue intensa. Casado en cuatro ocasiones con Joan Shandell (1948-55), Ann Lynn (1956-63), Joan Collins (1963-70) y con Dareth Rich (1971-89). En 1969 escribi\u00f3 y dirigi\u00f3 \u201cCan Heironymus Merkin ever forget Mercy Humppe and find true happiness?\u201c, que interpret\u00f3 con Joan Collins, su entonces esposa y Milton Berle. La m\u00fasica era suya, pero las letras de las canciones las escribi\u00f3 Herbert Kretzmer. La pel\u00edcula fue clasificada como \u201cX\u201d y aunque recibi\u00f3 el premio al mejor gui\u00f3n que otorgan los guionistas ingleses, el film que ten\u00eda bastante de autobiogr\u00e1fico y alguna similitud con el planteamiento de arranque del \u201cOcho y medio\u201d de Fellini, casi 40 a\u00f1os despu\u00e9s, en el 2006, fue votada por el Chicago Tribune como la peor pel\u00edcula jam\u00e1s filmada.<\/p>\n<p>En 1971, de nuevo con Bricusse, escribi\u00f3 la partitura para la pel\u00edcula musical \u201cWilly Wonka and the Chocolate Factory \u201c, basada en el cuento de Roald Dahl, que con el tiempo se ha convertido en un cl\u00e1sico y actualmente se est\u00e1 trabajando en una adaptaci\u00f3n musical para el teatro, con nuevas canciones de Marc Shaiman y Scott Wittman. Esta fue la \u00faltima colaboraci\u00f3n de Bricusse y Newley.<\/p>\n<p>A partir de entonces se centr\u00f3 m\u00e1s en actuaciones en Las Vegas, estuvo de gira por Estados Unidos con una reposici\u00f3n de \u201cStop the world \u2013 I want to get off\u201d, apareci\u00f3 en televisi\u00f3n como el sombrerero loco, en una adaptaci\u00f3n de \u201cAlice in Wonderland\u201d y preparaba un musical basado en \u201cRicardo III\u201d de Shakespeare, pero el c\u00e1ncer no le dej\u00f3 terminarlo.<\/p>\n<p><strong>Date of Birth:<\/strong> September 24, 1931<\/p>\n<p><strong>Date of Died:<\/strong> April 14, 1999<\/p>\n<p><strong>Biography<\/strong><\/p>\n<p>Anthony George Newley was born on September 24, 1931 in London and died in Florida, USA, on April 14, 1999. He was raised by his mother, since his parents separated when he was just a child and educated in Judaism by she. From a very young age, the teachers praised his worth for studying, but at the age of fourteen he abandoned it to start working as a messenger in an insurance company.<\/p>\n<p>Attracted by an advertisement looking for young actors, he went to the audition and when he saw the prices of the school, prohibitive for him, he decided to leave, but he had so impressed the court that they decided to hire him as a gofer, and forgive him the price of tuition, until he got his first role. He played roles in film and on radio, his role as Artful Doger in \u201cOliver Twist\u201d, directed by David Lean in 1948, being one of his first roles in which he attracted the attention of the public and critics. His transition from adolescent to young heartthrob It was easy and a series of films, many films, contributed to this, reaching the point of filming three, four or five films in a year. The most significant was possibly &#8220;Idol on parade&#8221;, directed by John Guilling, in which he played a rock singer, who was called up, inspired by the scandal that occurred among the fans of Elvis Presley, his recruitment to the ranks, which would allow him to sing five songs that were successful and marked his future as an actor and singer.<\/p>\n<p>He continues working on television and recording songs, until attracted by musical theater, in collaboration with Leslie Bricusse, he wrote and performed \u201cStop the world \u2013 I want to get off\u201d, being nominated for the Tony Award for best actor. In this musical we find the theme &#8220;What kind of fool am I?&#8221; with which he won the Grammy in 1963 for the best song of the year. A movie was also made of this musical which was unsuccessful. In 1964, Bricusse &amp; Newley were asked to write the lyrics for the song &#8220;Goldfinger&#8221;, with music by John Barry, for the James Bond movie series, which a Despite being recorded by Anthony Newley, the version that appeared in the film and took the world by storm was the one recorded by Shirley Bassey.<\/p>\n<p>In 1965 he wrote another musical with Bricusse entitled \u201cThe roar of the Greasepaint \u2013 The smell of the crowd\u201c, which included another classic \u201cFeelin\u2019 good\u201d that has been covered by everyone from Nina Simone or Bobby Darin to Elaine Paige or Michel Bubbl\u00e9. In 1967 he was hired to play the musical film &#8220;Doctor Doolitle&#8221;, written by his partner Leslie Bricusse, directed by Richard Fleisher and starring Rex Harrison, with Samantha Eggar and Newley, which was a resounding failure. His sentimental life was also intense. Married four times to Joan Shandell (1948-55), Ann Lynn (1956-63), Joan Collins (1963-70) and Dareth Rich (1971-89). In 1969 he wrote and directed &#8220;Can Heironymus Merkin ever forget Mercy Humppe and find true happiness?&#8221;, which he performed with Joan Collins, his then wife, and Milton Berle. The music was his, but the lyrics to the songs were written by Herbert Kretzmer. The film was classified as &#8220;X&#8221; and although it received the award for best screenplay given by English screenwriters, the film was quite autobiographical and had some similarity to the starting approach of Fellini&#8217;s &#8220;Eight and a half&#8221;, almost 40 years later , in 2006, was voted by the Chicago Tribune as the worst movie ever made.<\/p>\n<p>In 1971, again with Bricusse, he wrote the score for the musical film \u201cWilly Wonka and the Chocolate Factory\u201d, based on the short story by Roald Dahl, which over time has become a classic and an adaptation is currently in the works. musical for the theatre, with new songs by Marc Shaiman and Scott Wittman. This was Bricusse and Newley&#8217;s last collaboration.<\/p>\n<p>From then on he focused more on performances in Las Vegas, he toured the United States with a revival of &#8220;Stop the world &#8211; I want to get off&#8221;, he appeared on television as the mad hatter, in an adaptation of &#8220;Alice in Wonderland\u201d and was preparing a musical based on Shakespeare&#8217;s \u201cRichard III\u201d, but cancer prevented him from finishing it.<\/p>\n<p><b>Discograf\u00eda<\/b><\/p>\n<table width=\"561\">\n<tbody>\n<tr>\n<td style=\"text-align: center;\" width=\"127\"><strong>G\u00e9nero Pop<\/strong><\/td>\n<td style=\"text-align: center;\" width=\"319\"><strong>Escuchar Tema<\/strong><\/td>\n<td style=\"text-align: center;\" width=\"115\"><strong>A\u00f1o de Publicacion<\/strong><\/td>\n<\/tr>\n<tr>\n<td>1<\/td>\n<td>What Kind of Fool Am I<\/td>\n<td>1989<\/td>\n<\/tr>\n<tr>\n<td>2<\/td>\n<td>Pure Imagination<\/td>\n<td>1971<\/td>\n<\/tr>\n<tr>\n<td>3<\/td>\n<td>The Candy Man<\/td>\n<td>1972<\/td>\n<\/tr>\n<tr>\n<td>4<\/td>\n<td>Who Can I Turn To<\/td>\n<td>1975<\/td>\n<\/tr>\n<tr>\n<td>5<\/td>\n<td>I&#8217;ve Waited so Long<\/td>\n<td>1959<\/td>\n<\/tr>\n<tr>\n<td>6<\/td>\n<td>Do You Mind<\/td>\n<td>1960<\/td>\n<\/tr>\n<tr>\n<td>7<\/td>\n<td>Strawberry Fair<\/td>\n<td>1960<\/td>\n<\/tr>\n<tr>\n<td>8<\/td>\n<td>Personality<\/td>\n<td>1969<\/td>\n<\/tr>\n<tr>\n<td>9<\/td>\n<td>Talk to the Animals<\/td>\n<td>1967<\/td>\n<\/tr>\n<tr>\n<td>10<\/td>\n<td>Ain\u00b4t It Funny<\/td>\n<td>1972<\/td>\n<\/tr>\n<tr>\n<td><\/td>\n<td><\/td>\n<td><\/td>\n<\/tr>\n<\/tbody>\n<\/table>\n","protected":false},"excerpt":{"rendered":"<p>Fecha de Nacimiento: 24 de septiembre de 1931 Fecha de Fallecimiento: 14 de abril de 1999 Biograf\u00eda Anthony George Newley naci\u00f3 el 24 de septiembre de 1931 en Londres y muri\u00f3 en Florida, USA, el 14 de abril de 1999. Fue criado por su madre, ya que sus padres se separaron cuando \u00e9l era s\u00f3lo &hellip;<\/p>\n","protected":false},"author":1,"featured_media":0,"parent":0,"menu_order":0,"comment_status":"closed","ping_status":"closed","template":"","meta":{"footnotes":""},"class_list":["post-28741","page","type-page","status-publish",""],"jetpack_sharing_enabled":true,"_links":{"self":[{"href":"http:\/\/mickyandoniehn.com\/radio\/wp-json\/wp\/v2\/pages\/28741","targetHints":{"allow":["GET"]}}],"collection":[{"href":"http:\/\/mickyandoniehn.com\/radio\/wp-json\/wp\/v2\/pages"}],"about":[{"href":"http:\/\/mickyandoniehn.com\/radio\/wp-json\/wp\/v2\/types\/page"}],"author":[{"embeddable":true,"href":"http:\/\/mickyandoniehn.com\/radio\/wp-json\/wp\/v2\/users\/1"}],"replies":[{"embeddable":true,"href":"http:\/\/mickyandoniehn.com\/radio\/wp-json\/wp\/v2\/comments?post=28741"}],"version-history":[{"count":2,"href":"http:\/\/mickyandoniehn.com\/radio\/wp-json\/wp\/v2\/pages\/28741\/revisions"}],"predecessor-version":[{"id":30082,"href":"http:\/\/mickyandoniehn.com\/radio\/wp-json\/wp\/v2\/pages\/28741\/revisions\/30082"}],"wp:attachment":[{"href":"http:\/\/mickyandoniehn.com\/radio\/wp-json\/wp\/v2\/media?parent=28741"}],"curies":[{"name":"wp","href":"https:\/\/api.w.org\/{rel}","templated":true}]}}