{"id":28729,"date":"2022-08-26T11:47:28","date_gmt":"2022-08-26T17:47:28","guid":{"rendered":"https:\/\/mickyandoniehn.com\/radio\/?page_id=28729"},"modified":"2022-09-01T11:00:10","modified_gmt":"2022-09-01T17:00:10","slug":"julio-jose-iglesias-de-la-cueva","status":"publish","type":"page","link":"http:\/\/mickyandoniehn.com\/radio\/julio-jose-iglesias-de-la-cueva\/","title":{"rendered":"Julio Jos\u00e9 Iglesias de la Cueva"},"content":{"rendered":"<p style=\"text-align: justify;\"><img loading=\"lazy\" decoding=\"async\" class=\" wp-image-23316 aligncenter\" src=\"http:\/\/mickyandoniehn.com\/radio\/wp-content\/uploads\/2022\/07\/Julio-Jose-Iglesias-de-la-Cueva-225x300.jpg\" alt=\"\" width=\"557\" height=\"743\" srcset=\"http:\/\/mickyandoniehn.com\/radio\/wp-content\/uploads\/2022\/07\/Julio-Jose-Iglesias-de-la-Cueva-225x300.jpg 225w, http:\/\/mickyandoniehn.com\/radio\/wp-content\/uploads\/2022\/07\/Julio-Jose-Iglesias-de-la-Cueva.jpg 249w\" sizes=\"auto, (max-width: 557px) 100vw, 557px\" \/><\/p>\n<p>&nbsp;<\/p>\n<div class=\"cxmmr5t8 oygrvhab hcukyx3x c1et5uql o9v6fnle ii04i59q\" style=\"text-align: justify;\">\n<div dir=\"auto\"><strong>Fecha de Nacimiento:<\/strong> Madrid, Espa\u00f1a, 23 de septiembre de 1943<\/div>\n<p>&nbsp;<\/p>\n<div dir=\"auto\"><\/div>\n<\/div>\n<div class=\"cxmmr5t8 oygrvhab hcukyx3x c1et5uql o9v6fnle ii04i59q\" style=\"text-align: justify;\">\n<div dir=\"auto\"><strong>Biograf\u00eda:<\/strong><\/div>\n<p>&nbsp;<\/p>\n<div dir=\"auto\"><\/div>\n<div dir=\"auto\">Sus padres eran Julio Iglesias Puga y Mar\u00eda del Rosario de la Cueva y Peligna. Desde muy peque\u00f1o el primer inter\u00e9s de Julio fue por el deporte y no por la m\u00fasica y el canto. En ese sentido, fue guardameta en el equipo de f\u00fatbol del Real Madrid. Durante su etapa escolar se dedic\u00f3 al f\u00fatbol, pero luego sus padres le insistieron que deb\u00eda estudiar Derecho, ingres\u00f3 al Colegio Mayor de San Pablo. En el a\u00f1o de 1962, sufri\u00f3 un grave accidente de tr\u00e1fico que casi le quita la vida, pero gracias a los esfuerzos m\u00e9dicos qued\u00f3 con vida, pero qued\u00f3 semiparal\u00edtico. Estuvo en dicha condici\u00f3n durante un a\u00f1o y medio.<\/div>\n<p>&nbsp;<\/p>\n<div dir=\"auto\"><\/div>\n<\/div>\n<div class=\"cxmmr5t8 oygrvhab hcukyx3x c1et5uql o9v6fnle ii04i59q\" style=\"text-align: justify;\">\n<div dir=\"auto\">En su proceso de recuperaci\u00f3n pas\u00f3 graves momentos de depresi\u00f3n, y encontr\u00f3 en la m\u00fasica un refugio. Aprendi\u00f3 a tocar la guitarra con su enfermero, quien fue quien le regal\u00f3 la guitarra. En suma, Julio se adentr\u00f3 en el mundo de la poes\u00eda; le gustaba o\u00edr la radio y escribir poemas. La mayor\u00eda de sus escritos hablaban sobre el fin del hombre en el mundo, estaba lleno de versos tristes y rom\u00e1nticos que representaban las etapas emocionales que estaba viviendo en ese momento. La verdad ve\u00eda la m\u00fasica y el canto como un hobbie porque en una ocasi\u00f3n fue rechazado en el coro de su colegio, y desde ah\u00ed sinti\u00f3 que no era su camino.<\/div>\n<p>&nbsp;<\/p>\n<div dir=\"auto\"><\/div>\n<\/div>\n<div class=\"cxmmr5t8 oygrvhab hcukyx3x c1et5uql o9v6fnle ii04i59q\" style=\"text-align: justify;\">\n<div dir=\"auto\">Ahora bien, cuando se recuper\u00f3, comenz\u00f3 de nuevo con sus estudios y viaj\u00f3 a Londres para estudiar ingl\u00e9s, primero en Ramsgate y luego en Cambrige, exactamente en Bell\u2019s Language School. Empez\u00f3 a tomar lecciones de canto y tambi\u00e9n a presentarse espor\u00e1dicamente en algunos pubs, por ejemplo, el Air Port Pub. Aprendi\u00f3 a interpretar canciones que eran populares de Tom Jones, Engelbert Humperdinck, The Beatles. Luego, conoci\u00f3 a Gwendolyne Bollore quien ser\u00eda su novia, ella fue la inspiraci\u00f3n para componer un gran \u00e9xito musical. Julio decidi\u00f3 ir a una casa de discos para que alguien la interpretara, pero el gerente le dijo que deber\u00eda cantarla \u00e9l. As\u00ed que, se anim\u00f3, desde ese momento su vida cambi\u00f3 notablemente.<\/div>\n<p>&nbsp;<\/p>\n<div dir=\"auto\"><\/div>\n<\/div>\n<div class=\"cxmmr5t8 oygrvhab hcukyx3x c1et5uql o9v6fnle ii04i59q\" style=\"text-align: justify;\">\n<div dir=\"auto\">El 17 de julio de 1968 gan\u00f3 el Festival de Benidorm interpretando la canci\u00f3n La vida sigue igual, gracias a esta ventana musical fue llamado para firmar un contrato con Discos Columbia. Al a\u00f1o siguiente, particip\u00f3 en el Festival de Brassow en Rumania y emprendi\u00f3 su primera gira por Am\u00e9rica. Comenz\u00f3 en el Festival de Vi\u00f1a del Mar y por la popularidad que alcanz\u00f3 fue convencida para grabar su primera pel\u00edcula: La vida sigue igual. Al tiempo, Julio Iglesias particip\u00f3 en el Festival de Eurovisi\u00f3n, fue presentado como el n\u00famero uno en las listas de todo el mundo. Aunque ten\u00eda gran favoritismo no gan\u00f3 el festival, y grab\u00f3 el tema inspirado en Gwendolyne en cuatro idiomas, ocupando el primer lugar en las listas de \u00e9xitos de Espa\u00f1a y Am\u00e9rica Latina.<\/div>\n<p>&nbsp;<\/p>\n<div dir=\"auto\"><\/div>\n<\/div>\n<div class=\"cxmmr5t8 oygrvhab hcukyx3x c1et5uql o9v6fnle ii04i59q\" style=\"text-align: justify;\">\n<div dir=\"auto\">Tambi\u00e9n sucedi\u00f3 lo mismo con otro de sus temas titulado Como el \u00e1lamo al camino, traducido al japon\u00e9s en el a\u00f1o 1971. Al a\u00f1o siguiente grab\u00f3 su primer disco en alem\u00e1n. Su carrera estaba pasando por un gran momento, y firm\u00f3 contrato con CBS Internacional, de ah\u00ed sali\u00f3 un gran trabajo musical en franc\u00e9s y en italiano. En 1979 prob\u00f3 con el portugu\u00e9s: grab\u00f3 su primer \u00e1lbum. Lo anterior hizo que su nombre y su m\u00fasica fuera reconocida en todo el mundo, y que las personas tuvieran la oportunidad de conocerlo. El Libro Guinness de los R\u00e9cords le entreg\u00f3 en Par\u00eds el Disco de Diamantes por haber vendido m\u00e1s de cien millones de discos en seis idiomas.<\/div>\n<p>&nbsp;<\/p>\n<div dir=\"auto\"><\/div>\n<\/div>\n<div class=\"cxmmr5t8 oygrvhab hcukyx3x c1et5uql o9v6fnle ii04i59q\" style=\"text-align: justify;\">\n<div dir=\"auto\">Se le concedi\u00f3 tambi\u00e9n la Estrella de la Fama siendo inmortalizado en el Hollywood Walk of Fame. En 1997 fue merecedor del Premio M\u00f3naco de La M\u00fasica como el Mejor Cantante Latino y ha sido el primer artista extranjero en la historia de China que ha recibido el prestigioso Golden Record Award, en 1995. En definitiva, Julio Iglesias se convirti\u00f3 en uno de los artistas m\u00e1s populares en todo el mundo, vendi\u00f3 m\u00e1s de 300 millones de canciones contenidos en 80 \u00e1lbumes, logrando m\u00e1s de 1000 discos de oro y 500 de platino.<\/div>\n<p>&nbsp;<\/p>\n<div dir=\"auto\"><\/div>\n<\/div>\n<div class=\"cxmmr5t8 oygrvhab hcukyx3x c1et5uql o9v6fnle ii04i59q\" style=\"text-align: justify;\">\n<div dir=\"auto\">El 1 de abril de 2013, recibi\u00f3 un reconocimiento como primer y m\u00e1s popular artista internacional de todos los tiempos en China. Siempre ha asegurado que su esposa, Isabel Preysler, ha sido uno de sus grandes apoyos, desde el 20 de enero de 1971, fecha en la que se casaron en la ciudad espa\u00f1ola de Toledo. De esta uni\u00f3n nacieron sus tres hijos Mar\u00eda Isabel, Julio Jos\u00e9 y Enrique Miguel. A pesar del gran amor que exist\u00eda entre ellos su relaci\u00f3n termin\u00f3 el a\u00f1o 1978. El 7 de septiembre de 1997 naci\u00f3 su cuarto hijo, Miguel Alejandro, fruto de su noviazgo con Miranda, una bella y joven modelo de origen holand\u00e9s. El 3 de abril de 1999 Miranda dio a luz a su segundo hijo con Julio Iglesias, Rodrigo, y en 2001 tuvieron gemelas. En 2007 tuvo a su hijo Guillermo.<\/div>\n<p>&nbsp;<\/p>\n<div dir=\"auto\"><\/div>\n<\/div>\n<div class=\"cxmmr5t8 oygrvhab hcukyx3x c1et5uql o9v6fnle ii04i59q\" style=\"text-align: justify;\">\n<div dir=\"auto\">Su discograf\u00eda m\u00e1s reciente es: Love songs (2003), En fran\u00e7ais (2004), Love songs \u2013 Canciones de amor (2004), L\u2019homme que je suis (2005), Romantic classics (2006), Quelque chose de France (2007), Live from Los Angeles (2009), Nathalie (2010), M\u00e9xico (2015) y, M\u00e9xico &amp; Amigos (2017). En el a\u00f1o 2018 cumpli\u00f3 50 a\u00f1os de carrera art\u00edstica, pero muchos est\u00e1n sorprendidos porque no ha realizado la gira conmemorativa que hab\u00eda prometido tiempo atr\u00e1s. Poco se sabe del artista de 75 a\u00f1os. Su manager asegur\u00f3 que se encuentra retirado temporalmente y dedicado a escribir un libro de memorias.<\/div>\n<p>&nbsp;<\/p>\n<div dir=\"auto\"><\/div>\n<\/div>\n<div class=\"cxmmr5t8 oygrvhab hcukyx3x c1et5uql o9v6fnle ii04i59q\" style=\"text-align: justify;\">\n<div dir=\"auto\"><strong>Date of Birth:<\/strong> Madrid, Spain, September 23, 1943<\/div>\n<p>&nbsp;<\/p>\n<div dir=\"auto\"><\/div>\n<\/div>\n<div class=\"cxmmr5t8 oygrvhab hcukyx3x c1et5uql o9v6fnle ii04i59q\" style=\"text-align: justify;\">\n<div dir=\"auto\"><strong>Biography:<\/strong><\/div>\n<p>&nbsp;<\/p>\n<div dir=\"auto\"><\/div>\n<div dir=\"auto\">His parents were Julio Iglesias Puga and Mar\u00eda del Rosario de la Cueva y Perignat. From a very young age, Julio&#8217;s first interest was in sports and not in music and singing. In that sense, he was a goalkeeper on the Real Madrid soccer team. During his school years he dedicated himself to soccer, but then his parents insisted that he should study Law, he entered the Colegio Mayor de San Pablo. In 1962, he suffered a serious traffic accident that almost took his life, but thanks to medical efforts he was left alive, but was left semi-paralyzed. He was in that condition for a year and a half.<\/div>\n<p>&nbsp;<\/p>\n<div dir=\"auto\"><\/div>\n<\/div>\n<div class=\"cxmmr5t8 oygrvhab hcukyx3x c1et5uql o9v6fnle ii04i59q\" style=\"text-align: justify;\">\n<div dir=\"auto\">In his recovery process he went through serious moments of depression, and found a refuge in music. He learned to play the guitar with his nurse, who was the one who gave him the guitar. In short, Julio entered the world of poetry; he liked listening to the radio and writing poems. Most of his writings spoke about the end of man in the world, it was full of sad and romantic verses that represented the emotional stages that he was living at that time. The truth was that he saw music and singing as a hobby because on one occasion he was rejected in the choir of his school, and from there he felt that it was not his way.<\/div>\n<p>&nbsp;<\/p>\n<div dir=\"auto\"><\/div>\n<\/div>\n<div class=\"cxmmr5t8 oygrvhab hcukyx3x c1et5uql o9v6fnle ii04i59q\" style=\"text-align: justify;\">\n<div dir=\"auto\">However, when he recovered, he started his studies again and traveled to London to study English, first at Ramsgate and then at Cambrige, exactly at Bell\u2019s Language School. He started taking singing lessons and also performing sporadically in some pubs, for example the Air Port Pub. He learned to perform songs that were popular from Tom Jones, Engelbert Humperdinck, The Beatles. Later, he met Gwendolyne Bollore who would be his girlfriend, she was the inspiration to compose a great musical success. Julio decided to go to a record house to have someone interpret it, but the manager told him that he should sing it. So, he encouraged himself, from that moment his life changed remarkably.<\/div>\n<p>&nbsp;<\/p>\n<div dir=\"auto\"><\/div>\n<\/div>\n<div class=\"cxmmr5t8 oygrvhab hcukyx3x c1et5uql o9v6fnle ii04i59q\" style=\"text-align: justify;\">\n<div dir=\"auto\">On July 17, 1968, he won the Benidorm Festival, interpreting the song Life Continues Equal, thanks to this musical window he was called to sign a contract with Columbia Records. The following year, he participated in the Brassow Festival in Romania and embarked on his first tour of America. It began at the Vi\u00f1a del Mar Festival and due to the popularity it reached, she was convinced to record her first film: Life continues the same. At the time, Julio Iglesias participated in the Eurovision Song Contest, he was presented as number one on the charts around the world. Although he had great favoritism, he did not win the festival, and recorded the Gwendolyne-inspired song in four languages, occupying the first place in the charts of Spain and Latin America.<\/div>\n<p>&nbsp;<\/p>\n<div dir=\"auto\"><\/div>\n<\/div>\n<div class=\"cxmmr5t8 oygrvhab hcukyx3x c1et5uql o9v6fnle ii04i59q\" style=\"text-align: justify;\">\n<div dir=\"auto\">The same thing happened with another of his songs entitled Como el \u00e1lamo al camino, translated into Japanese in 1971. The following year he recorded his first album in German. His career was going through a great moment, and he signed a contract with CBS International, from there a great musical work in French and Italian came out. In 1979 he tried Portuguese: he recorded his first album. This made his name and his music recognized around the world, and that people had the opportunity to know him. The Guinness Book of Records awarded him the Diamond Record in Paris for having sold more than one hundred million records in six languages.<\/div>\n<p>&nbsp;<\/p>\n<div dir=\"auto\"><\/div>\n<\/div>\n<div class=\"cxmmr5t8 oygrvhab hcukyx3x c1et5uql o9v6fnle ii04i59q\" style=\"text-align: justify;\">\n<div dir=\"auto\">He was also awarded the Star of Fame by being immortalized on the Hollywood Walk of Fame. In 1997 he was awarded the Monaco Prize for Music as the Best Latin Singer and he was the first foreign artist in the history of China to receive the prestigious Golden Record Award, in 1995. In short, Julio Iglesias became one of the most popular artists around the world, he sold more than 300 million songs contained in 80 albums, achieving more than 1000 gold and 500 platinum records.<\/div>\n<p>&nbsp;<\/p>\n<div dir=\"auto\"><\/div>\n<\/div>\n<div class=\"cxmmr5t8 oygrvhab hcukyx3x c1et5uql o9v6fnle ii04i59q\" style=\"text-align: justify;\">\n<div dir=\"auto\">On April 1, 2013, he was recognized as the first and most popular international artist of all time in China. He has always assured that his wife, Isabel Preysler, has been one of his great supporters, since January 20, 1971, the date they were married in the Spanish city of Toledo. From this union their three children Mar\u00eda Isabel, Julio Jos\u00e9 and Enrique Miguel were born. Despite the great love that existed between them, their relationship ended in 1978. On September 7, 1997, his fourth child, Miguel Alejandro, was born, the result of his courtship with Miranda, a beautiful young model of Dutch origin. On April 3, 1999, Miranda gave birth to her second child with Julio Iglesias, Rodrigo, and in 2001 they had twins. In 2007 she had her son Guillermo.<\/div>\n<p>&nbsp;<\/p>\n<div dir=\"auto\"><\/div>\n<\/div>\n<div class=\"cxmmr5t8 oygrvhab hcukyx3x c1et5uql o9v6fnle ii04i59q\" style=\"text-align: justify;\">\n<div dir=\"auto\">His most recent discography is: Love songs (2003), En fran\u00e7ais (2004), Love songs &#8211; Songs of love (2004), L&#8217;homme que je suis (2005), Romantic classics (2006), Quelque chose de France (2007 ), Live from Los Angeles (2009), Nathalie (2010), M\u00e9xico (2015) and, M\u00e9xico &amp; Amigos (2017). In 2018 he turned 50 years of artistic career, but many are surprised that he has not done the commemorative tour that he had promised long ago. Little is known of the 75-year-old artist. His manager assured that he is temporarily retired and dedicated to writing a memoir.<\/div>\n<div dir=\"auto\"><\/div>\n<p>&nbsp;<\/p>\n<\/div>\n<div class=\"cxmmr5t8 oygrvhab hcukyx3x c1et5uql o9v6fnle ii04i59q\" style=\"text-align: justify;\">\n<div dir=\"auto\"><strong>Discography<\/strong><\/div>\n<p>&nbsp;<\/p>\n<div dir=\"auto\"><\/div>\n<\/div>\n<div class=\"cxmmr5t8 oygrvhab hcukyx3x c1et5uql o9v6fnle ii04i59q\" style=\"text-align: justify;\">\n<div dir=\"auto\">\n<table width=\"671\">\n<tbody>\n<tr>\n<td style=\"text-align: center;\" width=\"248\"><strong>G\u00e9nero Latin, Pop.<\/strong><\/td>\n<td style=\"text-align: center;\" width=\"423\"><strong>Escuchar Tema<\/strong><\/td>\n<\/tr>\n<tr>\n<td>1<\/td>\n<td>La Vida Sigue Igual<\/td>\n<\/tr>\n<tr>\n<td>2<\/td>\n<td>Ten\u00eda Una Guitarra<\/td>\n<\/tr>\n<tr>\n<td>3<\/td>\n<td>Bla, Bla, Bla<\/td>\n<\/tr>\n<tr>\n<td>4<\/td>\n<td>El Viejo Pablo<\/td>\n<\/tr>\n<tr>\n<td>5<\/td>\n<td>Hace Unos A\u00f1os<\/td>\n<\/tr>\n<tr>\n<td>6<\/td>\n<td>No Llores, Mi Amor<\/td>\n<\/tr>\n<tr>\n<td>7<\/td>\n<td>Yo Canto<\/td>\n<\/tr>\n<tr>\n<td>8<\/td>\n<td>Alguien Que Pas\u00f3<\/td>\n<\/tr>\n<tr>\n<td>9<\/td>\n<td>Mis Recuerdos<\/td>\n<\/tr>\n<tr>\n<td>10<\/td>\n<td>En Un Barrio Que Hay En La Ciudad<\/td>\n<\/tr>\n<tr>\n<td>11<\/td>\n<td>L\u00e1grimas Tiene El Camino<\/td>\n<\/tr>\n<tr>\n<td>12<\/td>\n<td>Chiquilla<\/td>\n<\/tr>\n<tr>\n<td>13<\/td>\n<td>Gwendolyne<\/td>\n<\/tr>\n<tr>\n<td>14<\/td>\n<td>Colinas Verdes<\/td>\n<\/tr>\n<tr>\n<td>15<\/td>\n<td>Voy Siguiendo Mi Camino<\/td>\n<\/tr>\n<tr>\n<td>16<\/td>\n<td>Peque\u00f1as Manzanas Verdes<\/td>\n<\/tr>\n<tr>\n<td>17<\/td>\n<td>Sentado A Beira Do Caminho<\/td>\n<\/tr>\n<tr>\n<td>18<\/td>\n<td>A Veces Pregunto Al Viento<\/td>\n<\/tr>\n<tr>\n<td>19<\/td>\n<td>Cuando Vuelva A Amanecer<\/td>\n<\/tr>\n<tr>\n<td>20<\/td>\n<td>Raindrops Keep Falling On My Head<\/td>\n<\/tr>\n<tr>\n<td>21<\/td>\n<td>En Un Burrito Orej\u00f3n<\/td>\n<\/tr>\n<tr>\n<td>22<\/td>\n<td>Ese D\u00eda Llegar\u00e1<\/td>\n<\/tr>\n<tr>\n<td>23<\/td>\n<td>Cant\u00e1ndole Al Mar<\/td>\n<\/tr>\n<tr>\n<td>24<\/td>\n<td>Un Canto A Galicia<\/td>\n<\/tr>\n<tr>\n<td>25<\/td>\n<td>Et Un Rincon Del Desv\u00e1n<\/td>\n<\/tr>\n<tr>\n<td>26<\/td>\n<td>Yo Canto<\/td>\n<\/tr>\n<tr>\n<td>27<\/td>\n<td>Gwendolyne<\/td>\n<\/tr>\n<tr>\n<td>28<\/td>\n<td>Mis Recuerdos<\/td>\n<\/tr>\n<tr>\n<td>29<\/td>\n<td>Chiquilla<\/td>\n<\/tr>\n<tr>\n<td>30<\/td>\n<td>Por Una Mujer<\/td>\n<\/tr>\n<tr>\n<td>31<\/td>\n<td>Sweet Caroline<\/td>\n<\/tr>\n<tr>\n<td>32<\/td>\n<td>No Llores Mi Amor<\/td>\n<\/tr>\n<tr>\n<td>33<\/td>\n<td>Como El \u00c1lamo Al Camino<\/td>\n<\/tr>\n<tr>\n<td>34<\/td>\n<td>Le Vida Sigue Igual<\/td>\n<\/tr>\n<tr>\n<td>35<\/td>\n<td>Peque\u00f1as Manzanas Verdes<\/td>\n<\/tr>\n<tr>\n<td>36<\/td>\n<td>Vivencias<\/td>\n<\/tr>\n<tr>\n<td>37<\/td>\n<td>En Una Ciudad Cualquiera<\/td>\n<\/tr>\n<tr>\n<td>38<\/td>\n<td>Soy<\/td>\n<\/tr>\n<tr>\n<td>39<\/td>\n<td>Minueto<\/td>\n<\/tr>\n<tr>\n<td>40<\/td>\n<td>Mi Amor Es Mas Joven Que Yo<\/td>\n<\/tr>\n<tr>\n<td>41<\/td>\n<td>Diecis\u00e9is Anos<\/td>\n<\/tr>\n<tr>\n<td>42<\/td>\n<td>Nina<\/td>\n<\/tr>\n<tr>\n<td>43<\/td>\n<td>Una Leyenda<\/td>\n<\/tr>\n<tr>\n<td>44<\/td>\n<td>As\u00ed Nacemos<\/td>\n<\/tr>\n<tr>\n<td>45<\/td>\n<td>Vete Ya<\/td>\n<\/tr>\n<tr>\n<td>46<\/td>\n<td>Abr\u00e1zame<\/td>\n<\/tr>\n<tr>\n<td>47<\/td>\n<td>A Veces Tu A Veces Yo<\/td>\n<\/tr>\n<tr>\n<td>48<\/td>\n<td>Tema De Amor = Love&#8217;s Theme<\/td>\n<\/tr>\n<tr>\n<td>49<\/td>\n<td>Quien<\/td>\n<\/tr>\n<tr>\n<td>50<\/td>\n<td>Cuidado Amor<\/td>\n<\/tr>\n<tr>\n<td><\/td>\n<td><\/td>\n<\/tr>\n<\/tbody>\n<\/table>\n<\/div>\n<div dir=\"auto\"><\/div>\n<\/div>\n<div dir=\"auto\" style=\"text-align: justify;\"><\/div>\n<div dir=\"auto\" style=\"text-align: justify;\"><\/div>\n<div class=\"cxmmr5t8 oygrvhab hcukyx3x c1et5uql o9v6fnle ii04i59q\" style=\"text-align: justify;\">\n<div dir=\"auto\">Cr\u00e9ditos: Tomado de Wikipedia<\/div>\n<div dir=\"auto\"><a class=\"oajrlxb2 g5ia77u1 qu0x051f esr5mh6w e9989ue4 r7d6kgcz rq0escxv nhd2j8a9 nc684nl6 p7hjln8o kvgmc6g5 cxmmr5t8 oygrvhab hcukyx3x jb3vyjys rz4wbd8a qt6c0cv9 a8nywdso i1ao9s8h esuyzwwr f1sip0of lzcic4wl gpro0wi8 py34i1dx\" tabindex=\"0\" role=\"link\" href=\"https:\/\/es.wikipedia.org\/wiki\/Julio_Iglesias?fbclid=IwAR009tS5ngGe4kVpZ5pwGpVoqPgRYp7s9hzH_Vzrsw-jLuWuSxfh2pZVXIw\" target=\"_blank\" rel=\"nofollow noopener\">https:\/\/es.wikipedia.org\/wiki\/Julio_Iglesias<\/a><\/div>\n<\/div>\n<div class=\"epyt-video-wrapper\"><iframe loading=\"lazy\"  id=\"_ytid_33611\"  width=\"618\" height=\"347\"  data-origwidth=\"618\" data-origheight=\"347\" src=\"https:\/\/www.youtube.com\/embed\/-o8paFiGppY?enablejsapi=1&#038;autoplay=0&#038;cc_load_policy=0&#038;cc_lang_pref=&#038;iv_load_policy=1&#038;loop=0&#038;modestbranding=0&#038;rel=1&#038;fs=1&#038;playsinline=0&#038;autohide=2&#038;theme=dark&#038;color=red&#038;controls=1&#038;\" class=\"__youtube_prefs__  epyt-is-override  no-lazyload\" title=\"YouTube player\"  allow=\"fullscreen; accelerometer; autoplay; clipboard-write; encrypted-media; gyroscope; picture-in-picture\" allowfullscreen data-no-lazy=\"1\" data-skipgform_ajax_framebjll=\"\"><\/iframe><\/div>\n","protected":false},"excerpt":{"rendered":"<p>&nbsp; Fecha de Nacimiento: Madrid, Espa\u00f1a, 23 de septiembre de 1943 &nbsp; Biograf\u00eda: &nbsp; Sus padres eran Julio Iglesias Puga y Mar\u00eda del Rosario de la Cueva y Peligna. Desde muy peque\u00f1o el primer inter\u00e9s de Julio fue por el deporte y no por la m\u00fasica y el canto. En ese sentido, fue guardameta en &hellip;<\/p>\n","protected":false},"author":1,"featured_media":0,"parent":0,"menu_order":0,"comment_status":"closed","ping_status":"closed","template":"","meta":{"footnotes":""},"class_list":["post-28729","page","type-page","status-publish",""],"jetpack_sharing_enabled":true,"_links":{"self":[{"href":"http:\/\/mickyandoniehn.com\/radio\/wp-json\/wp\/v2\/pages\/28729","targetHints":{"allow":["GET"]}}],"collection":[{"href":"http:\/\/mickyandoniehn.com\/radio\/wp-json\/wp\/v2\/pages"}],"about":[{"href":"http:\/\/mickyandoniehn.com\/radio\/wp-json\/wp\/v2\/types\/page"}],"author":[{"embeddable":true,"href":"http:\/\/mickyandoniehn.com\/radio\/wp-json\/wp\/v2\/users\/1"}],"replies":[{"embeddable":true,"href":"http:\/\/mickyandoniehn.com\/radio\/wp-json\/wp\/v2\/comments?post=28729"}],"version-history":[{"count":2,"href":"http:\/\/mickyandoniehn.com\/radio\/wp-json\/wp\/v2\/pages\/28729\/revisions"}],"predecessor-version":[{"id":30323,"href":"http:\/\/mickyandoniehn.com\/radio\/wp-json\/wp\/v2\/pages\/28729\/revisions\/30323"}],"wp:attachment":[{"href":"http:\/\/mickyandoniehn.com\/radio\/wp-json\/wp\/v2\/media?parent=28729"}],"curies":[{"name":"wp","href":"https:\/\/api.w.org\/{rel}","templated":true}]}}