{"id":28727,"date":"2022-08-26T11:47:01","date_gmt":"2022-08-26T17:47:01","guid":{"rendered":"https:\/\/mickyandoniehn.com\/radio\/?page_id=28727"},"modified":"2022-09-01T08:30:33","modified_gmt":"2022-09-01T14:30:33","slug":"andrea-bocelli","status":"publish","type":"page","link":"http:\/\/mickyandoniehn.com\/radio\/andrea-bocelli\/","title":{"rendered":"Andrea Bocelli"},"content":{"rendered":"<p style=\"text-align: justify;\"><img loading=\"lazy\" decoding=\"async\" class=\" wp-image-23313 aligncenter\" src=\"http:\/\/mickyandoniehn.com\/radio\/wp-content\/uploads\/2022\/07\/Andrea-Bocelli-264x300.jpg\" alt=\"\" width=\"427\" height=\"486\" srcset=\"http:\/\/mickyandoniehn.com\/radio\/wp-content\/uploads\/2022\/07\/Andrea-Bocelli-264x300.jpg 264w, http:\/\/mickyandoniehn.com\/radio\/wp-content\/uploads\/2022\/07\/Andrea-Bocelli.jpg 563w\" sizes=\"auto, (max-width: 427px) 100vw, 427px\" \/><\/p>\n<p>&nbsp;<\/p>\n<div class=\"cxmmr5t8 oygrvhab hcukyx3x c1et5uql o9v6fnle ii04i59q\" style=\"text-align: justify;\">\n<div dir=\"auto\"><strong>Fecha de Nacimiento:<\/strong> 22 de septiembre de 1958<\/div>\n<p>&nbsp;<\/p>\n<div dir=\"auto\"><\/div>\n<\/div>\n<div class=\"cxmmr5t8 oygrvhab hcukyx3x c1et5uql o9v6fnle ii04i59q\" style=\"text-align: justify;\">\n<div dir=\"auto\"><strong>Biograf\u00eda:<\/strong><\/div>\n<p>&nbsp;<\/p>\n<div dir=\"auto\"><\/div>\n<div dir=\"auto\">Ha grabado diez \u00f3peras completas (Andrea Ch\u00e9nier, Carmen, Cavalleria Rusticana, Il Trovatore, La Boh\u00e8me, Manon Lescaut, Pagliacci, Rom\u00e9o et Juliette, Werther y Tosca), adem\u00e1s de discos con canciones cl\u00e1sicas y m\u00fasica rom\u00e1ntica, conocido internacionalmente que ha vendido m\u00e1s de 90 millones de discos en todo el mundo.<\/div>\n<div dir=\"auto\"><\/div>\n<p>&nbsp;<\/p>\n<\/div>\n<div class=\"cxmmr5t8 oygrvhab hcukyx3x c1et5uql o9v6fnle ii04i59q\" style=\"text-align: justify;\">\n<div dir=\"auto\">Su pasi\u00f3n por la m\u00fasica le llev\u00f3 a ofrecer peque\u00f1as actuaciones en celebraciones familiares. Al terminar la escuela media, se inscribi\u00f3 en la Universidad de Pisa, llegando a licenciarse en Derecho, aunque en ning\u00fan momento dej\u00f3 de lado su verdadera pasi\u00f3n. Fue capaz de compatibilizar las clases de Derecho con las clases de canto que recibi\u00f3 del maestro y gran tenor italiano Franco Corelli. Tambi\u00e9n actu\u00f3 en numerosos locales, lo que le permiti\u00f3 perfeccionar su t\u00e9cnica vocal.<\/div>\n<p>&nbsp;<\/p>\n<div dir=\"auto\"><\/div>\n<\/div>\n<div class=\"cxmmr5t8 oygrvhab hcukyx3x c1et5uql o9v6fnle ii04i59q\" style=\"text-align: justify;\">\n<div dir=\"auto\">En el a\u00f1o de la grabaci\u00f3n de su primer demo Bocelli contrajo matrimonio con Enrica Cenzatti, a quien conoci\u00f3 en 1987 cuando tocaba el piano en bares.<\/div>\n<p>&nbsp;<\/p>\n<div dir=\"auto\"><\/div>\n<\/div>\n<div class=\"cxmmr5t8 oygrvhab hcukyx3x c1et5uql o9v6fnle ii04i59q\" style=\"text-align: justify;\">\n<div dir=\"auto\">Ahora en d\u00eda el gran tenor tiene una fundaci\u00f3n llamada ABF Andrea Bocelli Foundation, ubicada en Lajatico Italia, y su visi\u00f3n es construir un mundo mejor a trav\u00e9s del amor hacia los menos privilegiados.<\/div>\n<div dir=\"auto\"><\/div>\n<p>&nbsp;<\/p>\n<\/div>\n<div class=\"cxmmr5t8 oygrvhab hcukyx3x c1et5uql o9v6fnle ii04i59q\" style=\"text-align: justify;\">\n<div dir=\"auto\">En 1998 ofreci\u00f3 dos conciertos en M\u00e9xico: un concierto en la plaza central de la Fortaleza de San Juan de Ul\u00faa en el puerto de Veracruz, M\u00e9xico, el 29 de mayo,2 y otro en el Auditorio Nacional, en la Ciudad de M\u00e9xico. En ambos conciertos fue acompa\u00f1ado por la soprano mexicana Olivia Gorra.<\/div>\n<p>&nbsp;<\/p>\n<div dir=\"auto\"><\/div>\n<p>&nbsp;<\/p>\n<\/div>\n<div class=\"cxmmr5t8 oygrvhab hcukyx3x c1et5uql o9v6fnle ii04i59q\" style=\"text-align: justify;\">\n<div dir=\"auto\">En diciembre su \u00faltimo \u00e1lbum Cinema se adjudic\u00f3 como Disco de Oro. Dos meses despu\u00e9s, en febrero, se convirti\u00f3 en disco de platino al superar el mill\u00f3n de copias vendidas en todo el mundo, siendo su primer logro en 2016.<\/div>\n<p>&nbsp;<\/p>\n<div dir=\"auto\"><\/div>\n<\/div>\n<div class=\"cxmmr5t8 oygrvhab hcukyx3x c1et5uql o9v6fnle ii04i59q\" style=\"text-align: justify;\">\n<div dir=\"auto\">El 22 de abril lanz\u00f3 una edici\u00f3n especial del \u00faltimo \u00e1lbum que incluye &#8220;se&#8221; de la pel\u00edcula &#8220;Cinema Paradiso&#8221;, &#8220;prima di un addio&#8221; (la versi\u00f3n italiana de &#8220;historia de amor&#8221;) de la pel\u00edcula &#8220;Love story&#8221; y una versi\u00f3n solista de &#8220;No llores por m\u00ed Argentina&#8221; de &#8220;Evita&#8221;. Tambi\u00e9n incluye un concierto grabado con David Foster en el Dolby teather de Los \u00c1ngeles donde cont\u00f3 con la participaci\u00f3n especial de Nicole Scherzinger y un dueto virtual con Ariana Grande.<\/div>\n<p>&nbsp;<\/p>\n<div dir=\"auto\"><\/div>\n<\/div>\n<div class=\"cxmmr5t8 oygrvhab hcukyx3x c1et5uql o9v6fnle ii04i59q\" style=\"text-align: justify;\">\n<div dir=\"auto\">El 23 de septiembre se confirm\u00f3 que su CD recibi\u00f3 tres nominaciones para los premios Grammy latinos: mejor \u00e1lbum pop tradicional, mejor \u00e1lbum y mejor grabaci\u00f3n (&#8220;me faltar\u00e1s&#8221; de &#8220;El cartero y Pablo Neruda&#8221;)<\/div>\n<div dir=\"auto\"><\/div>\n<p>&nbsp;<\/p>\n<\/div>\n<div class=\"cxmmr5t8 oygrvhab hcukyx3x c1et5uql o9v6fnle ii04i59q\" style=\"text-align: justify;\">\n<div dir=\"auto\"><\/div>\n<p>&nbsp;<\/p>\n<\/div>\n<div class=\"cxmmr5t8 oygrvhab hcukyx3x c1et5uql o9v6fnle ii04i59q\" style=\"text-align: justify;\">\n<div dir=\"auto\"><strong>Date of Birth:<\/strong> September 22, 1958<\/div>\n<p>&nbsp;<\/p>\n<div dir=\"auto\"><\/div>\n<\/div>\n<div class=\"cxmmr5t8 oygrvhab hcukyx3x c1et5uql o9v6fnle ii04i59q\" style=\"text-align: justify;\">\n<div dir=\"auto\"><strong>Biography:<\/strong><\/div>\n<p>&nbsp;<\/p>\n<div dir=\"auto\"><\/div>\n<div dir=\"auto\">He has recorded ten complete operas (Andrea Ch\u00e9nier, Carmen, Cavalleria Rusticana, Il Trovatore, La Boh\u00e8me, Manon Lescaut, Pagliacci, Rom\u00e9o et Juliette, Werther and Tosca), as well as records with classical songs and romantic music, internationally known that has sold more of 90 million records worldwide.<\/div>\n<div dir=\"auto\"><\/div>\n<p>&nbsp;<\/p>\n<\/div>\n<div class=\"cxmmr5t8 oygrvhab hcukyx3x c1et5uql o9v6fnle ii04i59q\" style=\"text-align: justify;\">\n<div dir=\"auto\">His passion for music led him to offer small performances at family celebrations. Upon finishing middle school, he enrolled at the University of Pisa, going on to earn a law degree, although at no time did he put aside his true passion. He was able to reconcile the law classes with the singing classes he received from the Italian teacher and great tenor Franco Corelli. He also performed in numerous venues, which allowed him to perfect his vocal technique.<\/div>\n<p>&nbsp;<\/p>\n<div dir=\"auto\"><\/div>\n<\/div>\n<div class=\"cxmmr5t8 oygrvhab hcukyx3x c1et5uql o9v6fnle ii04i59q\" style=\"text-align: justify;\">\n<div dir=\"auto\">In the year of the recording of his first demo, Bocelli married Enrica Cenzatti, whom he met in 1987 when he was playing the piano in bars.<\/div>\n<p>&nbsp;<\/p>\n<div dir=\"auto\"><\/div>\n<\/div>\n<div class=\"cxmmr5t8 oygrvhab hcukyx3x c1et5uql o9v6fnle ii04i59q\" style=\"text-align: justify;\">\n<div dir=\"auto\">Nowadays the great tenor has a foundation called ABF Andrea Bocelli Foundation, located in Lajatico Italy, and his vision is to build a better world through love for the less privileged.<\/div>\n<div dir=\"auto\"><\/div>\n<p>&nbsp;<\/p>\n<\/div>\n<div class=\"cxmmr5t8 oygrvhab hcukyx3x c1et5uql o9v6fnle ii04i59q\" style=\"text-align: justify;\">\n<div dir=\"auto\">In 1998 he offered two concerts in Mexico: a concert in the central plaza of the San Juan de Ul\u00faa Fortress in the port of Veracruz, Mexico, on May 29, 2 and another at the National Auditorium, in Mexico City. In both concerts he was accompanied by the Mexican soprano Olivia Gorra.<\/div>\n<p>&nbsp;<\/p>\n<div dir=\"auto\"><\/div>\n<\/div>\n<div class=\"cxmmr5t8 oygrvhab hcukyx3x c1et5uql o9v6fnle ii04i59q\" style=\"text-align: justify;\">\n<div dir=\"auto\">In December, his latest album Cinema was awarded a Gold Record, and two months later, in February, it became a platinum record, exceeding one million copies sold worldwide, his first achievement in 2016.<\/div>\n<p>&nbsp;<\/p>\n<div dir=\"auto\"><\/div>\n<\/div>\n<div class=\"cxmmr5t8 oygrvhab hcukyx3x c1et5uql o9v6fnle ii04i59q\" style=\"text-align: justify;\">\n<div dir=\"auto\">On April 22 he released a special edition of the latest album that includes &#8220;se&#8221; from the movie &#8220;Cinema Paradiso&#8221;, &#8220;prima di un addio&#8221; (the Italian version of &#8220;love story&#8221;) from the movie &#8220;Love story&#8221; and a solo version of &#8220;Don&#8217;t cry for me Argentina&#8221; by &#8220;Evita&#8221;. It also includes a concert recorded with David Foster at the Dolby teather in Los Angeles where it featured the special participation of Nicole Scherzinger and a virtual duet with Ariana Grande.<\/div>\n<p>&nbsp;<\/p>\n<div dir=\"auto\"><\/div>\n<\/div>\n<div class=\"cxmmr5t8 oygrvhab hcukyx3x c1et5uql o9v6fnle ii04i59q\" style=\"text-align: justify;\">\n<div dir=\"auto\">On September 23, it was confirmed that his CD received three nominations for the Latin Grammy Awards: best traditional pop album, best album and best recording (&#8220;me faltar\u00e1s&#8221; from &#8220;El postero y Pablo Neruda&#8221;)<\/div>\n<p>&nbsp;<\/p>\n<\/div>\n<div class=\"cxmmr5t8 oygrvhab hcukyx3x c1et5uql o9v6fnle ii04i59q\" style=\"text-align: justify;\">\n<div dir=\"auto\"><\/div>\n<\/div>\n<div class=\"cxmmr5t8 oygrvhab hcukyx3x c1et5uql o9v6fnle ii04i59q\" style=\"text-align: justify;\"><\/div>\n<div class=\"cxmmr5t8 oygrvhab hcukyx3x c1et5uql o9v6fnle ii04i59q\" style=\"text-align: justify;\">\n<div dir=\"auto\">\n<p><strong>Discograf\u00eda<\/strong><\/p>\n<table width=\"871\">\n<tbody>\n<tr>\n<td style=\"text-align: center;\" width=\"155\"><strong>G\u00e9nero<\/strong><\/td>\n<td style=\"text-align: center;\" width=\"619\"><strong>Escuchar Tema<\/strong><\/td>\n<td style=\"text-align: center;\" width=\"97\"><strong>A\u00f1o de Publicaci\u00f3n<\/strong><\/td>\n<\/tr>\n<tr>\n<td style=\"text-align: center;\"><strong>Pop<\/strong><\/td>\n<td><\/td>\n<td><\/td>\n<\/tr>\n<tr>\n<td><\/td>\n<td><\/td>\n<td><\/td>\n<\/tr>\n<tr>\n<td>1<\/td>\n<td>II Mare Calmo della Sera<\/td>\n<td>1994<\/td>\n<\/tr>\n<tr>\n<td>2<\/td>\n<td>Bocelli<\/td>\n<td>1995<\/td>\n<\/tr>\n<tr>\n<td>3<\/td>\n<td>Romanza<\/td>\n<td>1996<\/td>\n<\/tr>\n<tr>\n<td>4<\/td>\n<td>Sogno<\/td>\n<td>1999<\/td>\n<\/tr>\n<tr>\n<td>5<\/td>\n<td>Cieli di Toscana<\/td>\n<td>2001<\/td>\n<\/tr>\n<tr>\n<td>6<\/td>\n<td>Andrea<\/td>\n<td>2004<\/td>\n<\/tr>\n<tr>\n<td>7<\/td>\n<td>Amore<\/td>\n<td>2006<\/td>\n<\/tr>\n<tr>\n<td>8<\/td>\n<td>Under The Desert Sky<\/td>\n<td>2007<\/td>\n<\/tr>\n<tr>\n<td>9<\/td>\n<td>Vivere: The Best of Andrea Bocelli<\/td>\n<td>2007<\/td>\n<\/tr>\n<tr>\n<td>10<\/td>\n<td>Vivere: Live in Tuscany<\/td>\n<td>2008<\/td>\n<\/tr>\n<tr>\n<td>11<\/td>\n<td>My Christmas<\/td>\n<td>2009<\/td>\n<\/tr>\n<tr>\n<td>12<\/td>\n<td>Concerto: One Night in Central Park<\/td>\n<td>2011<\/td>\n<\/tr>\n<tr>\n<td>13<\/td>\n<td>Passione<\/td>\n<td>2013<\/td>\n<\/tr>\n<tr>\n<td>14<\/td>\n<td>Cinema<\/td>\n<td>2015<\/td>\n<\/tr>\n<tr>\n<td>15<\/td>\n<td>Cinema: edici\u00f3n especial<\/td>\n<td>2016<\/td>\n<\/tr>\n<tr>\n<td><\/td>\n<td><\/td>\n<td><\/td>\n<\/tr>\n<tr>\n<td><\/td>\n<td><\/td>\n<td><\/td>\n<\/tr>\n<tr>\n<td><\/td>\n<td><\/td>\n<td><\/td>\n<\/tr>\n<tr>\n<td style=\"text-align: center;\"><strong>Cl\u00e1sica<\/strong><\/td>\n<td><\/td>\n<td><\/td>\n<\/tr>\n<tr>\n<td><\/td>\n<td><\/td>\n<td><\/td>\n<\/tr>\n<tr>\n<td>1<\/td>\n<td>Hymn for the World (con Cecilia Bartoli)<\/td>\n<td>1997<\/td>\n<\/tr>\n<tr>\n<td>2<\/td>\n<td>Aria: Il Opera Album<\/td>\n<td>1997<\/td>\n<\/tr>\n<tr>\n<td>3<\/td>\n<td>Hymn for the World 2 (con Cecilia Bartoli y Bryn Terfel)<\/td>\n<td>1998<\/td>\n<\/tr>\n<tr>\n<td>4<\/td>\n<td>Sacred Arias<\/td>\n<td>1999<\/td>\n<\/tr>\n<tr>\n<td>5<\/td>\n<td>Verdi<\/td>\n<td>2000<\/td>\n<\/tr>\n<tr>\n<td>6<\/td>\n<td>Verdi: R\u00e9quiem<\/td>\n<td>2001<\/td>\n<\/tr>\n<tr>\n<td>7<\/td>\n<td>Sentimento<\/td>\n<td>2002<\/td>\n<\/tr>\n<tr>\n<td>8<\/td>\n<td>Incanto<\/td>\n<td>2008<\/td>\n<\/tr>\n<tr>\n<td>9<\/td>\n<td>Notte Illuminata<\/td>\n<td>2011<\/td>\n<\/tr>\n<tr>\n<td>10<\/td>\n<td>Opera<\/td>\n<td>2012<\/td>\n<\/tr>\n<tr>\n<td>11<\/td>\n<td>Opera: The Ultimate Collection<\/td>\n<td>2014<\/td>\n<\/tr>\n<tr>\n<td><\/td>\n<td><\/td>\n<td><\/td>\n<\/tr>\n<tr>\n<td style=\"text-align: center;\"><strong>\u00d3pera<\/strong><\/td>\n<td><\/td>\n<td><\/td>\n<\/tr>\n<tr>\n<td><\/td>\n<td><\/td>\n<td><\/td>\n<\/tr>\n<tr>\n<td>1<\/td>\n<td>Puccini: La Boh\u00e8me<\/td>\n<td>2000<\/td>\n<\/tr>\n<tr>\n<td>2<\/td>\n<td>Puccini: Tosca<\/td>\n<td>2003<\/td>\n<\/tr>\n<tr>\n<td>3<\/td>\n<td>Verdi: Il Trovatore<\/td>\n<td>2004<\/td>\n<\/tr>\n<tr>\n<td>4<\/td>\n<td>Massenet: Werther<\/td>\n<td>2005<\/td>\n<\/tr>\n<tr>\n<td>5<\/td>\n<td>Leoncavallo: Pagliacci<\/td>\n<td>2006<\/td>\n<\/tr>\n<tr>\n<td>6<\/td>\n<td>Mascagni: Cavalleria Rusticana<\/td>\n<td>2007<\/td>\n<\/tr>\n<tr>\n<td>7<\/td>\n<td>Bizet: Carmen<\/td>\n<td>2008<\/td>\n<\/tr>\n<tr>\n<td>8<\/td>\n<td>Giordano: Andrea Ch\u00e9nier<\/td>\n<td>2010<\/td>\n<\/tr>\n<tr>\n<td>9<\/td>\n<td>Gounod: Rom\u00e9o et Juliette<\/td>\n<td>2012<\/td>\n<\/tr>\n<tr>\n<td>10<\/td>\n<td>Puccini: Manon Lescaut<\/td>\n<td>2014<\/td>\n<\/tr>\n<tr>\n<td>11<\/td>\n<td>Puccini: Turandot<\/td>\n<td>2015<\/td>\n<\/tr>\n<tr>\n<td><\/td>\n<td><\/td>\n<td><\/td>\n<\/tr>\n<tr>\n<td style=\"text-align: center;\"><strong>Sencillos<\/strong><\/td>\n<td><\/td>\n<td><\/td>\n<\/tr>\n<tr>\n<td><\/td>\n<td><\/td>\n<td><\/td>\n<\/tr>\n<tr>\n<td>1<\/td>\n<td>Quando\/Amico Mio<\/td>\n<td>1985<\/td>\n<\/tr>\n<tr>\n<td>2<\/td>\n<td>Il diavolo e l&#8217;angelo vinilo, cara &#8216;B&#8217; &#8220;Proprio Tu&#8221;<\/td>\n<td>1991<\/td>\n<\/tr>\n<tr>\n<td>3<\/td>\n<td>Miserere (con Zucchero y Luciano Pavarotti)<\/td>\n<td>1992<\/td>\n<\/tr>\n<tr>\n<td>4<\/td>\n<td>Il Mare Calmo Della Sera<\/td>\n<td>1994<\/td>\n<\/tr>\n<tr>\n<td>5<\/td>\n<td>Vivere (con Gerardina Trovato; espa\u00f1ol, italiano)<\/td>\n<td>1994<\/td>\n<\/tr>\n<tr>\n<td>6<\/td>\n<td>La Luna<\/td>\n<td>1995<\/td>\n<\/tr>\n<tr>\n<td>7<\/td>\n<td>Vivo Per Lei (versi\u00f3n en espa\u00f1ol, franc\u00e9s, alem\u00e1n y portugu\u00e9s)<\/td>\n<td>1995<\/td>\n<\/tr>\n<tr>\n<td>8<\/td>\n<td>Con Te partir\u00f2 (versi\u00f3n en italiano y espa\u00f1ol)<\/td>\n<td>1995<\/td>\n<\/tr>\n<tr>\n<td>9<\/td>\n<td>Butterfly (con Zenima en el \u00e1lbum &#8220;Butterfly&#8221;)<\/td>\n<td>1996<\/td>\n<\/tr>\n<tr>\n<td>10<\/td>\n<td>Time to Say Goodbye (con Sarah Brightman)<\/td>\n<td>1997<\/td>\n<\/tr>\n<tr>\n<td>11<\/td>\n<td>Amore Splendida Luce\/La Luna (con Helen Schneider &amp; Gianna Nannini)<\/td>\n<td>1997<\/td>\n<\/tr>\n<tr>\n<td>12<\/td>\n<td>The Prayer (versi\u00f3n solo]<\/td>\n<td>1998<\/td>\n<\/tr>\n<tr>\n<td>13<\/td>\n<td>Canto della Terra (3 versiones)<\/td>\n<td>1999<\/td>\n<\/tr>\n<tr>\n<td>14<\/td>\n<td>O Mare e TU (con Dulce Pontes; versi\u00f3n en portugu\u00e9s y espa\u00f1ol)<\/td>\n<td>1999<\/td>\n<\/tr>\n<tr>\n<td>15<\/td>\n<td>Melodramma (2 versiones: espa\u00f1ol e italiano)<\/td>\n<td>2001<\/td>\n<\/tr>\n<tr>\n<td>16<\/td>\n<td>L&#8217;abitudine (con Helena Hellwig; 3 versiones)<\/td>\n<td>2001<\/td>\n<\/tr>\n<tr>\n<td>17<\/td>\n<td>Proteggimi (incluida en la banda sonora de la pel\u00edcula &#8220;Vajont&#8221;)<\/td>\n<td>2001<\/td>\n<\/tr>\n<tr>\n<td>18<\/td>\n<td>When a Child Is Born<\/td>\n<td>2004<\/td>\n<\/tr>\n<tr>\n<td>19<\/td>\n<td>Dell&#8217;Amore Non Si Sa (con Hayley Westenra del \u00e1lbum &#8220;Odyssey&#8221;)<\/td>\n<td>2005<\/td>\n<\/tr>\n<tr>\n<td>20<\/td>\n<td>Un Nuovo Giorno<\/td>\n<td>2005<\/td>\n<\/tr>\n<tr>\n<td>21<\/td>\n<td>Desiderio (incluida en el \u00e1lbum &#8220;Many Voices&#8221; con Steven Mercurio)<\/td>\n<td>2006<\/td>\n<\/tr>\n<tr>\n<td>22<\/td>\n<td>Because We Believe (con Marco Borsato)<\/td>\n<td>2006<\/td>\n<\/tr>\n<tr>\n<td>23<\/td>\n<td>Conradiana (en el \u00e1lbum &#8220;We all Love&#8221; de Ennio Morricone)<\/td>\n<td>2007<\/td>\n<\/tr>\n<tr>\n<td>24<\/td>\n<td>Italia (del \u00e1lbum &#8220;Italia&#8221; con Chris Botti)<\/td>\n<td>2007<\/td>\n<\/tr>\n<tr>\n<td>25<\/td>\n<td>Io Ci Sar\u00f3 (para el \u00e1lbum &#8220;The Magic Of Lang Lang&#8221; de Lang Lang)<\/td>\n<td>2007<\/td>\n<\/tr>\n<tr>\n<td>26<\/td>\n<td>Canto della Terra (con Sarah Brightman del \u00e1lbum Symphony)<\/td>\n<td>2008<\/td>\n<\/tr>\n<tr>\n<td>27<\/td>\n<td>Dare To Live (con Laura Pausini)<\/td>\n<td>2008<\/td>\n<\/tr>\n<tr>\n<td>28<\/td>\n<td>Embrace in Love and Dream (con Jane Zhang; tema candidato para los Juegos Ol\u00edmpicos de Pek\u00edn)<\/td>\n<td>2008<\/td>\n<\/tr>\n<tr>\n<td>29<\/td>\n<td>Ray of Hope (con Liel Kolet del \u00e1lbum &#8220;Ray of Hope&#8221;<\/td>\n<td>2008<\/td>\n<\/tr>\n<tr>\n<td>30<\/td>\n<td>Canto del sole inesauribile (con Pl\u00e1cido Domingo del \u00e1lbum &#8220;Amore Infinito&#8221;)<\/td>\n<td>2008<\/td>\n<\/tr>\n<tr>\n<td>31<\/td>\n<td>Ouverture (en el \u00e1lbum &#8220;O.P.G.A.&#8221; de Claudio Baglioni)<\/td>\n<td>2009<\/td>\n<\/tr>\n<tr>\n<td>32<\/td>\n<td>I Believe (con Katherine Jenkins del \u00e1lbum &#8220;Believe&#8221;)<\/td>\n<td>2009<\/td>\n<\/tr>\n<tr>\n<td>33<\/td>\n<td>Stranger in Paradise (con Tony Bennett del \u00e1lbum &#8220;Duets II&#8221;)<\/td>\n<td>2011<\/td>\n<\/tr>\n<tr>\n<td>34<\/td>\n<td>Per te (For You) (con Chris Botti del \u00e1lbum &#8220;Impressions&#8221;)<\/td>\n<td>2012<\/td>\n<\/tr>\n<tr>\n<td>35<\/td>\n<td>La forza del sorriso<\/td>\n<td>2015<\/td>\n<\/tr>\n<tr>\n<td>36<\/td>\n<td>Nelle tue mani (Now we are free) (de &#8220;Gladiator: El gladiador&#8221;)<\/td>\n<td>2015<\/td>\n<\/tr>\n<tr>\n<td>37<\/td>\n<td>E pi\u00fa ti penso (de &#8220;\u00c9rase una vez en Am\u00e9rica&#8221;\/&#8221;Malena&#8221;) (con Ariana Grande)<\/td>\n<td>2015<\/td>\n<\/tr>\n<tr>\n<td>38<\/td>\n<td>Perfect Symphony (con Ed Sheeran)<\/td>\n<td>2017<\/td>\n<\/tr>\n<tr>\n<td>39<\/td>\n<td>Fall On Me (con Matteo Bocelli)<\/td>\n<td>2018<\/td>\n<\/tr>\n<tr>\n<td>40<\/td>\n<td>If Only (con Dua Lipa)<\/td>\n<td>2018<\/td>\n<\/tr>\n<tr>\n<td>41<\/td>\n<td>Return to Love (con Ellie Goulding)<\/td>\n<td>2019<\/td>\n<\/tr>\n<tr>\n<td><\/td>\n<td><\/td>\n<td><\/td>\n<\/tr>\n<tr>\n<td style=\"text-align: center;\"><strong>Canciones en espa\u00f1ol<\/strong><\/td>\n<td><\/td>\n<td><\/td>\n<\/tr>\n<tr>\n<td><\/td>\n<td><\/td>\n<td><\/td>\n<\/tr>\n<tr>\n<td>1<\/td>\n<td>A ti<\/td>\n<td><\/td>\n<\/tr>\n<tr>\n<td>2<\/td>\n<td>Amapola<\/td>\n<td><\/td>\n<\/tr>\n<tr>\n<td>3<\/td>\n<td>Bajas de las estrellas<\/td>\n<td><\/td>\n<\/tr>\n<tr>\n<td>4<\/td>\n<td>B\u00e9same mucho<\/td>\n<td><\/td>\n<\/tr>\n<tr>\n<td>5<\/td>\n<td>Blanca Navidad<\/td>\n<td><\/td>\n<\/tr>\n<tr>\n<td>6<\/td>\n<td>Canci\u00f3n desafinada<\/td>\n<td><\/td>\n<\/tr>\n<tr>\n<td>7<\/td>\n<td>Canto de la Tierra<\/td>\n<td><\/td>\n<\/tr>\n<tr>\n<td>8<\/td>\n<td>Cuando me enamoro<\/td>\n<td><\/td>\n<\/tr>\n<tr>\n<td>9<\/td>\n<td>Dios nos bendecir\u00e1<\/td>\n<td><\/td>\n<\/tr>\n<tr>\n<td>10<\/td>\n<td>El abeto<\/td>\n<td><\/td>\n<\/tr>\n<tr>\n<td>11<\/td>\n<td>El mar y t\u00fa<\/td>\n<td><\/td>\n<\/tr>\n<tr>\n<td>12<\/td>\n<td>El misterio del amor<\/td>\n<td><\/td>\n<\/tr>\n<tr>\n<td>13<\/td>\n<td>El silencio de la espera<\/td>\n<td><\/td>\n<\/tr>\n<tr>\n<td>14<\/td>\n<td>En Aranjuez con tu amor<\/td>\n<td><\/td>\n<\/tr>\n<tr>\n<td>15<\/td>\n<td>Gloria in excelsis Deo<\/td>\n<td><\/td>\n<\/tr>\n<tr>\n<td>16<\/td>\n<td>Granada<\/td>\n<td><\/td>\n<\/tr>\n<tr>\n<td>17<\/td>\n<td>Hermosas estrellas<\/td>\n<td><\/td>\n<\/tr>\n<tr>\n<td>18<\/td>\n<td>J\u00farame<\/td>\n<td><\/td>\n<\/tr>\n<tr>\n<td>19<\/td>\n<td>La costumbre<\/td>\n<td><\/td>\n<\/tr>\n<tr>\n<td>20<\/td>\n<td>La voz del silencio<\/td>\n<td><\/td>\n<\/tr>\n<tr>\n<td>21<\/td>\n<td>Las hojas muertas<\/td>\n<td><\/td>\n<\/tr>\n<tr>\n<td>22<\/td>\n<td>Me faltas<\/td>\n<td><\/td>\n<\/tr>\n<tr>\n<td>23<\/td>\n<td>Mil lunas mil olas<\/td>\n<td><\/td>\n<\/tr>\n<tr>\n<td>24<\/td>\n<td>Momentos<\/td>\n<td><\/td>\n<\/tr>\n<tr>\n<td>25<\/td>\n<td>Noche de Paz<\/td>\n<td><\/td>\n<\/tr>\n<tr>\n<td>26<\/td>\n<td>Nuestro encuentro<\/td>\n<td><\/td>\n<\/tr>\n<tr>\n<td>27<\/td>\n<td>Perfidia<\/td>\n<td><\/td>\n<\/tr>\n<tr>\n<td>28<\/td>\n<td>Pero te extra\u00f1o<\/td>\n<td><\/td>\n<\/tr>\n<tr>\n<td>29<\/td>\n<td>Por amor<\/td>\n<td><\/td>\n<\/tr>\n<tr>\n<td>30<\/td>\n<td>Porque t\u00fa me acostumbraste<\/td>\n<td><\/td>\n<\/tr>\n<tr>\n<td>31<\/td>\n<td>Por ti volar\u00e9<\/td>\n<td><\/td>\n<\/tr>\n<tr>\n<td>32<\/td>\n<td>Santa Claus lleg\u00f3 a la ciudad<\/td>\n<td><\/td>\n<\/tr>\n<tr>\n<td>33<\/td>\n<td>Santa la noche<\/td>\n<td><\/td>\n<\/tr>\n<tr>\n<td>34<\/td>\n<td>Sin tu amor<\/td>\n<td><\/td>\n<\/tr>\n<tr>\n<td>35<\/td>\n<td>Solamente una vez<\/td>\n<td><\/td>\n<\/tr>\n<tr>\n<td>36<\/td>\n<td>Somos novios<\/td>\n<td><\/td>\n<\/tr>\n<tr>\n<td>37<\/td>\n<td>Sue\u00f1o<\/td>\n<td><\/td>\n<\/tr>\n<tr>\n<td>38<\/td>\n<td>Un dulce melodrama<\/td>\n<td><\/td>\n<\/tr>\n<tr>\n<td>39<\/td>\n<td>Venid y adoremos<\/td>\n<td><\/td>\n<\/tr>\n<tr>\n<td>40<\/td>\n<td>Verano<\/td>\n<td><\/td>\n<\/tr>\n<tr>\n<td><\/td>\n<td><\/td>\n<td><\/td>\n<\/tr>\n<\/tbody>\n<\/table>\n<p>&nbsp;<\/p>\n<\/div>\n<\/div>\n<div class=\"cxmmr5t8 oygrvhab hcukyx3x c1et5uql o9v6fnle ii04i59q\" style=\"text-align: justify;\">\n<div dir=\"auto\">Cr\u00e9ditos: Tomado de Wikipedia<\/div>\n<div dir=\"auto\"><a class=\"oajrlxb2 g5ia77u1 qu0x051f esr5mh6w e9989ue4 r7d6kgcz rq0escxv nhd2j8a9 nc684nl6 p7hjln8o kvgmc6g5 cxmmr5t8 oygrvhab hcukyx3x jb3vyjys rz4wbd8a qt6c0cv9 a8nywdso i1ao9s8h esuyzwwr f1sip0of lzcic4wl gpro0wi8 py34i1dx\" tabindex=\"0\" role=\"link\" href=\"https:\/\/es.wikipedia.org\/wiki\/Andrea_Bocelli?fbclid=IwAR0YbBpjjXhp-Yexvxio9qP3S4zSLjoJ9x3saZqq6MRtoxIEoFxSd5LnveU\" target=\"_blank\" rel=\"nofollow noopener\">https:\/\/es.wikipedia.org\/wiki\/Andrea_Bocelli<\/a><\/div>\n<\/div>\n<div dir=\"auto\" style=\"text-align: justify;\"><\/div>\n<div class=\"epyt-video-wrapper\"><iframe loading=\"lazy\"  id=\"_ytid_98271\"  width=\"618\" height=\"347\"  data-origwidth=\"618\" data-origheight=\"347\" src=\"https:\/\/www.youtube.com\/embed\/fPyUdfNB2Bc?enablejsapi=1&#038;autoplay=0&#038;cc_load_policy=0&#038;cc_lang_pref=&#038;iv_load_policy=1&#038;loop=0&#038;modestbranding=0&#038;rel=1&#038;fs=1&#038;playsinline=0&#038;autohide=2&#038;theme=dark&#038;color=red&#038;controls=1&#038;\" class=\"__youtube_prefs__  epyt-is-override  no-lazyload\" title=\"YouTube player\"  allow=\"fullscreen; accelerometer; autoplay; clipboard-write; encrypted-media; gyroscope; picture-in-picture\" allowfullscreen data-no-lazy=\"1\" data-skipgform_ajax_framebjll=\"\"><\/iframe><\/div>\n","protected":false},"excerpt":{"rendered":"<p>&nbsp; Fecha de Nacimiento: 22 de septiembre de 1958 &nbsp; Biograf\u00eda: &nbsp; Ha grabado diez \u00f3peras completas (Andrea Ch\u00e9nier, Carmen, Cavalleria Rusticana, Il Trovatore, La Boh\u00e8me, Manon Lescaut, Pagliacci, Rom\u00e9o et Juliette, Werther y Tosca), adem\u00e1s de discos con canciones cl\u00e1sicas y m\u00fasica rom\u00e1ntica, conocido internacionalmente que ha vendido m\u00e1s de 90 millones de discos &hellip;<\/p>\n","protected":false},"author":1,"featured_media":0,"parent":0,"menu_order":0,"comment_status":"closed","ping_status":"closed","template":"","meta":{"footnotes":""},"class_list":["post-28727","page","type-page","status-publish",""],"jetpack_sharing_enabled":true,"_links":{"self":[{"href":"http:\/\/mickyandoniehn.com\/radio\/wp-json\/wp\/v2\/pages\/28727","targetHints":{"allow":["GET"]}}],"collection":[{"href":"http:\/\/mickyandoniehn.com\/radio\/wp-json\/wp\/v2\/pages"}],"about":[{"href":"http:\/\/mickyandoniehn.com\/radio\/wp-json\/wp\/v2\/types\/page"}],"author":[{"embeddable":true,"href":"http:\/\/mickyandoniehn.com\/radio\/wp-json\/wp\/v2\/users\/1"}],"replies":[{"embeddable":true,"href":"http:\/\/mickyandoniehn.com\/radio\/wp-json\/wp\/v2\/comments?post=28727"}],"version-history":[{"count":2,"href":"http:\/\/mickyandoniehn.com\/radio\/wp-json\/wp\/v2\/pages\/28727\/revisions"}],"predecessor-version":[{"id":30080,"href":"http:\/\/mickyandoniehn.com\/radio\/wp-json\/wp\/v2\/pages\/28727\/revisions\/30080"}],"wp:attachment":[{"href":"http:\/\/mickyandoniehn.com\/radio\/wp-json\/wp\/v2\/media?parent=28727"}],"curies":[{"name":"wp","href":"https:\/\/api.w.org\/{rel}","templated":true}]}}