{"id":28703,"date":"2022-08-26T11:33:38","date_gmt":"2022-08-26T17:33:38","guid":{"rendered":"https:\/\/mickyandoniehn.com\/radio\/?page_id=28703"},"modified":"2022-09-01T11:52:14","modified_gmt":"2022-09-01T17:52:14","slug":"peter-cetera","status":"publish","type":"page","link":"http:\/\/mickyandoniehn.com\/radio\/peter-cetera\/","title":{"rendered":"Peter Cetera"},"content":{"rendered":"<p style=\"text-align: justify;\"><img loading=\"lazy\" decoding=\"async\" class=\" wp-image-23265 aligncenter\" src=\"http:\/\/mickyandoniehn.com\/radio\/wp-content\/uploads\/2022\/07\/Peter-Cetera-300x200.jpg\" alt=\"\" width=\"640\" height=\"426\" srcset=\"http:\/\/mickyandoniehn.com\/radio\/wp-content\/uploads\/2022\/07\/Peter-Cetera-300x200.jpg 300w, http:\/\/mickyandoniehn.com\/radio\/wp-content\/uploads\/2022\/07\/Peter-Cetera-310x205.jpg 310w, http:\/\/mickyandoniehn.com\/radio\/wp-content\/uploads\/2022\/07\/Peter-Cetera.jpg 612w\" sizes=\"auto, (max-width: 640px) 100vw, 640px\" \/><\/p>\n<p>&nbsp;<\/p>\n<div class=\"cxmmr5t8 oygrvhab hcukyx3x c1et5uql o9v6fnle ii04i59q\" style=\"text-align: justify;\">\n<div dir=\"auto\"><strong>Fecha de Nacimiento:<\/strong> 13 de septiembre de 1944<\/div>\n<p>&nbsp;<\/p>\n<div dir=\"auto\"><\/div>\n<\/div>\n<div class=\"cxmmr5t8 oygrvhab hcukyx3x c1et5uql o9v6fnle ii04i59q\" style=\"text-align: justify;\">\n<div dir=\"auto\"><strong>Biograf\u00eda:<\/strong><\/div>\n<p>&nbsp;<\/p>\n<div dir=\"auto\"><\/div>\n<div dir=\"auto\">Conocido por ser un miembro original de la banda Chicago (1967-1985). Desde que abandon\u00f3 el grupo, Cetera ha logrado que dos de sus sencillos alcancen la m\u00e1xima posici\u00f3n de la lista Billboard Hot 100.<\/div>\n<div dir=\"auto\"><\/div>\n<p>&nbsp;<\/p>\n<\/div>\n<div class=\"cxmmr5t8 oygrvhab hcukyx3x c1et5uql o9v6fnle ii04i59q\" style=\"text-align: justify;\">\n<div dir=\"auto\">alumnos de su secundaria lo llevaron a un club a ver el show de la banda The Rebel Rockers, lo que lo llev\u00f3 a adquirir una guitarra ac\u00fastica en la tienda Montgomery Ward. Finalmente, tom\u00f3 el bajo y comenz\u00f3 a tocar en su ciudad junto a sus amigos, un baterista, un saxofonista y un guitarrista, compartiendo el rol de vocalista con este \u00faltimo.<\/div>\n<p>&nbsp;<\/p>\n<div dir=\"auto\"><\/div>\n<\/div>\n<div class=\"cxmmr5t8 oygrvhab hcukyx3x c1et5uql o9v6fnle ii04i59q\" style=\"text-align: justify;\">\n<div dir=\"auto\">Cetera particip\u00f3 en diversos grupos en el \u00e1rea de Chicago, incluyendo una popular banda local llamada The Exceptions, con la que recorri\u00f3 el Medio Oeste de Estados Unidos a mediados de los a\u00f1os 1960, lanzando dos \u00e1lbumes y varios sencillos.<\/div>\n<p>&nbsp;<\/p>\n<div dir=\"auto\"><\/div>\n<\/div>\n<div class=\"cxmmr5t8 oygrvhab hcukyx3x c1et5uql o9v6fnle ii04i59q\" style=\"text-align: justify;\">\n<div dir=\"auto\">Mientras la d\u00e9cada de 1970 avanzaba, Cetera se convirti\u00f3 en un compositor m\u00e1s prol\u00edfico para el grupo, contribuyendo con los \u00e9xitos \u00abWishing you were here\u00bb y \u00abHappy man\u00bb, del disco de 1974 Chicago VII.<\/div>\n<p>&nbsp;<\/p>\n<div dir=\"auto\"><\/div>\n<\/div>\n<div class=\"cxmmr5t8 oygrvhab hcukyx3x c1et5uql o9v6fnle ii04i59q\" style=\"text-align: justify;\">\n<div dir=\"auto\">Su mayor logro con la agrupaci\u00f3n lleg\u00f3 en 1976 con la balada \u00abIf You Leave Me Now\u00bb, que alcanz\u00f3 el primer lugar a nivel mundial. La otra composici\u00f3n de Cetera, \u00abBaby, what a big surprise\u00bb, tambi\u00e9n se convirti\u00f3 en un \u00e9xito, cimentando el estatus de Chicago como ballad band (&#8216;banda de baladas&#8217;).<\/div>\n<p>&nbsp;<\/p>\n<div dir=\"auto\"><\/div>\n<\/div>\n<div class=\"cxmmr5t8 oygrvhab hcukyx3x c1et5uql o9v6fnle ii04i59q\" style=\"text-align: justify;\">\n<div dir=\"auto\">A fines de los 1970 y con la aparici\u00f3n de la m\u00fasica disco, la popularidad de Chicago declin\u00f3, culminando con el lanzamiento de Chicago XIV, el \u00e1lbum peor vendido de la banda. Columbia Records posteriormente acapar\u00f3 el resto del contrato del grupo.<\/div>\n<p>&nbsp;<\/p>\n<div dir=\"auto\"><\/div>\n<\/div>\n<div class=\"cxmmr5t8 oygrvhab hcukyx3x c1et5uql o9v6fnle ii04i59q\" style=\"text-align: justify;\">\n<div dir=\"auto\"><strong>Date of Birth:<\/strong> September 13, 1944<\/div>\n<p>&nbsp;<\/p>\n<div dir=\"auto\"><\/div>\n<\/div>\n<div class=\"cxmmr5t8 oygrvhab hcukyx3x c1et5uql o9v6fnle ii04i59q\" style=\"text-align: justify;\">\n<div dir=\"auto\"><strong>Biography:<\/strong><\/div>\n<p>&nbsp;<\/p>\n<div dir=\"auto\"><\/div>\n<div dir=\"auto\">Known for being an original member of the band Chicago (1967-1985). Since leaving the group, Cetera has managed to see two of her singles reach the top position on the Billboard Hot 100 chart.<\/div>\n<p>&nbsp;<\/p>\n<div dir=\"auto\"><\/div>\n<\/div>\n<div class=\"cxmmr5t8 oygrvhab hcukyx3x c1et5uql o9v6fnle ii04i59q\" style=\"text-align: justify;\">\n<div dir=\"auto\">His high school students took him to a club to see the band show The Rebel Rockers, which led him to purchase an acoustic guitar at the Montgomery Ward store. Finally, he took up the bass and began to play in his city with his friends, a drummer, a saxophonist and a guitarist, sharing the role of vocalist with the latter.<\/div>\n<div dir=\"auto\"><\/div>\n<p>&nbsp;<\/p>\n<\/div>\n<div class=\"cxmmr5t8 oygrvhab hcukyx3x c1et5uql o9v6fnle ii04i59q\" style=\"text-align: justify;\">\n<div dir=\"auto\">Cetera participated in various groups in the Chicago area, including a popular local band called The Exceptions, with which she toured the American Midwest in the mid-1960s, releasing two albums and several singles.<\/div>\n<p>&nbsp;<\/p>\n<div dir=\"auto\"><\/div>\n<\/div>\n<div class=\"cxmmr5t8 oygrvhab hcukyx3x c1et5uql o9v6fnle ii04i59q\" style=\"text-align: justify;\">\n<div dir=\"auto\">As the 1970s progressed, Cetera became a more prolific songwriter for the group, contributing the hits &#8220;Wishing you were here&#8221; and &#8220;Happy man&#8221; from the 1974 album Chicago VII.<\/div>\n<p>&nbsp;<\/p>\n<\/div>\n<div class=\"cxmmr5t8 oygrvhab hcukyx3x c1et5uql o9v6fnle ii04i59q\" style=\"text-align: justify;\">\n<div dir=\"auto\">His greatest achievement with the group came in 1976 with the ballad &#8220;If You Leave Me Now&#8221;, which reached first place worldwide. Cetera&#8217;s other composition, &#8220;Baby, What a Big Surprise,&#8221; also became a hit, cementing Chicago&#8217;s status as a ballad band.<\/div>\n<div dir=\"auto\"><\/div>\n<p>&nbsp;<\/p>\n<\/div>\n<div class=\"cxmmr5t8 oygrvhab hcukyx3x c1et5uql o9v6fnle ii04i59q\" style=\"text-align: justify;\">\n<div dir=\"auto\">In the late 1970s and with the advent of disco music, Chicago&#8217;s popularity declined, culminating in the release of Chicago XIV, the band&#8217;s worst-selling album. Columbia Records subsequently monopolized the remainder of the group&#8217;s contract.<\/div>\n<p>&nbsp;<\/p>\n<div dir=\"auto\"><\/div>\n<\/div>\n<div class=\"cxmmr5t8 oygrvhab hcukyx3x c1et5uql o9v6fnle ii04i59q\" style=\"text-align: justify;\">\n<div dir=\"auto\"><strong>Discography<\/strong><\/div>\n<p>&nbsp;<\/p>\n<div dir=\"auto\"><\/div>\n<\/div>\n<div class=\"cxmmr5t8 oygrvhab hcukyx3x c1et5uql o9v6fnle ii04i59q\" style=\"text-align: justify;\">\n<div dir=\"auto\">\n<table width=\"539\">\n<tbody>\n<tr>\n<td style=\"text-align: center;\" width=\"145\"><strong>G\u00e9nero pop<\/strong><\/td>\n<td style=\"text-align: center;\" width=\"326\"><strong>Escuchar Tema<\/strong><\/td>\n<td style=\"text-align: center;\" width=\"68\"><strong>A\u00f1o de Publicaci\u00f3n<\/strong><\/td>\n<\/tr>\n<tr>\n<td style=\"text-align: center;\"><\/td>\n<td style=\"text-align: center;\"><strong>\u00c1lbumes<\/strong><\/td>\n<td style=\"text-align: center;\"><\/td>\n<\/tr>\n<tr>\n<td><\/td>\n<td><\/td>\n<td><\/td>\n<\/tr>\n<tr>\n<td>1<\/td>\n<td>Peter Cetera<\/td>\n<td>1981<\/td>\n<\/tr>\n<tr>\n<td>2<\/td>\n<td>Solitude\/Solitaire<\/td>\n<td>1986<\/td>\n<\/tr>\n<tr>\n<td>3<\/td>\n<td>One More Story<\/td>\n<td>1988<\/td>\n<\/tr>\n<tr>\n<td>4<\/td>\n<td>World Falling Down<\/td>\n<td>1992<\/td>\n<\/tr>\n<tr>\n<td>5<\/td>\n<td>One Clear Voice<\/td>\n<td>1995<\/td>\n<\/tr>\n<tr>\n<td>6<\/td>\n<td>You&#8217;re The Inspiration: A Collection<\/td>\n<td>1997<\/td>\n<\/tr>\n<tr>\n<td>7<\/td>\n<td>Another Perfect World<\/td>\n<td>2001<\/td>\n<\/tr>\n<tr>\n<td>8<\/td>\n<td>You Just Gotta Love Christmas<\/td>\n<td>2004<\/td>\n<\/tr>\n<tr>\n<td><\/td>\n<td><\/td>\n<td><\/td>\n<\/tr>\n<\/tbody>\n<\/table>\n<\/div>\n<\/div>\n<div dir=\"auto\"><\/div>\n<div class=\"cxmmr5t8 oygrvhab hcukyx3x c1et5uql o9v6fnle ii04i59q\" style=\"text-align: justify;\">\n<div dir=\"auto\">Cr\u00e9ditos: Tomado de Wikipedia<\/div>\n<div dir=\"auto\"><a class=\"oajrlxb2 g5ia77u1 qu0x051f esr5mh6w e9989ue4 r7d6kgcz rq0escxv nhd2j8a9 nc684nl6 p7hjln8o kvgmc6g5 cxmmr5t8 oygrvhab hcukyx3x jb3vyjys rz4wbd8a qt6c0cv9 a8nywdso i1ao9s8h esuyzwwr f1sip0of lzcic4wl gpro0wi8 py34i1dx\" tabindex=\"0\" role=\"link\" href=\"https:\/\/l.facebook.com\/l.php?u=https%3A%2F%2Fen.wikipedia.org%2Fwiki%2FPeter_Cetera%3Ffbclid%3DIwAR0dZCBRccHFkFcwhY6bnVD6PjKdh3i7-6Ku8C59eLLNuuZikcPvQbQJYCY&amp;h=AT1P1t-ybMHOruy_D0Xa0mScaXwRr8KXnJol3FRZPraPknvk1g5ftaRKyLG80Qn857FpTzkoLMIqBLlmPDM3STO6UPDiWfNKRFArwXTbKwI4f2PR3xE4mpZcRw3_e1XdVpar&amp;__tn__=-UK-R&amp;c[0]=AT0AnMtVLhbLtSRvzgKgZotDqGzLvvqGpOsGUqj_CU2dPYp8Y_szMSxGUoYLZ85E9S2EyW36llM6JIVyfukMxHtyYw0Zpnn1KSPYeBv6xlPmTW10e5cuGvIK-zkVciHoUNwnceI0qX-yXCCtuQNyb0MI4dBya4gYDXOtyA\" target=\"_blank\" rel=\"nofollow noopener\">https:\/\/en.wikipedia.org\/wiki\/Peter_Cetera<\/a><\/div>\n<\/div>\n<div dir=\"auto\"><\/div>\n<div dir=\"auto\"><\/div>\n<div class=\"epyt-video-wrapper\"><iframe loading=\"lazy\"  id=\"_ytid_10833\"  width=\"618\" height=\"347\"  data-origwidth=\"618\" data-origheight=\"347\" src=\"https:\/\/www.youtube.com\/embed\/n9Sc7_kofWw?enablejsapi=1&#038;autoplay=0&#038;cc_load_policy=0&#038;cc_lang_pref=&#038;iv_load_policy=1&#038;loop=0&#038;modestbranding=0&#038;rel=1&#038;fs=1&#038;playsinline=0&#038;autohide=2&#038;theme=dark&#038;color=red&#038;controls=1&#038;\" class=\"__youtube_prefs__  epyt-is-override  no-lazyload\" title=\"YouTube player\"  allow=\"fullscreen; accelerometer; autoplay; clipboard-write; encrypted-media; gyroscope; picture-in-picture\" allowfullscreen data-no-lazy=\"1\" data-skipgform_ajax_framebjll=\"\"><\/iframe><\/div>\n","protected":false},"excerpt":{"rendered":"<p>&nbsp; Fecha de Nacimiento: 13 de septiembre de 1944 &nbsp; Biograf\u00eda: &nbsp; Conocido por ser un miembro original de la banda Chicago (1967-1985). Desde que abandon\u00f3 el grupo, Cetera ha logrado que dos de sus sencillos alcancen la m\u00e1xima posici\u00f3n de la lista Billboard Hot 100. &nbsp; alumnos de su secundaria lo llevaron a un &hellip;<\/p>\n","protected":false},"author":1,"featured_media":0,"parent":0,"menu_order":0,"comment_status":"closed","ping_status":"closed","template":"","meta":{"footnotes":""},"class_list":["post-28703","page","type-page","status-publish",""],"jetpack_sharing_enabled":true,"_links":{"self":[{"href":"http:\/\/mickyandoniehn.com\/radio\/wp-json\/wp\/v2\/pages\/28703","targetHints":{"allow":["GET"]}}],"collection":[{"href":"http:\/\/mickyandoniehn.com\/radio\/wp-json\/wp\/v2\/pages"}],"about":[{"href":"http:\/\/mickyandoniehn.com\/radio\/wp-json\/wp\/v2\/types\/page"}],"author":[{"embeddable":true,"href":"http:\/\/mickyandoniehn.com\/radio\/wp-json\/wp\/v2\/users\/1"}],"replies":[{"embeddable":true,"href":"http:\/\/mickyandoniehn.com\/radio\/wp-json\/wp\/v2\/comments?post=28703"}],"version-history":[{"count":3,"href":"http:\/\/mickyandoniehn.com\/radio\/wp-json\/wp\/v2\/pages\/28703\/revisions"}],"predecessor-version":[{"id":30473,"href":"http:\/\/mickyandoniehn.com\/radio\/wp-json\/wp\/v2\/pages\/28703\/revisions\/30473"}],"wp:attachment":[{"href":"http:\/\/mickyandoniehn.com\/radio\/wp-json\/wp\/v2\/media?parent=28703"}],"curies":[{"name":"wp","href":"https:\/\/api.w.org\/{rel}","templated":true}]}}