{"id":28701,"date":"2022-08-26T11:33:25","date_gmt":"2022-08-26T17:33:25","guid":{"rendered":"https:\/\/mickyandoniehn.com\/radio\/?page_id=28701"},"modified":"2022-09-01T10:48:57","modified_gmt":"2022-09-01T16:48:57","slug":"joe-perry","status":"publish","type":"page","link":"http:\/\/mickyandoniehn.com\/radio\/joe-perry\/","title":{"rendered":"Joe Perry"},"content":{"rendered":"<p style=\"text-align: justify;\"><img loading=\"lazy\" decoding=\"async\" class=\" wp-image-23258 aligncenter\" src=\"http:\/\/mickyandoniehn.com\/radio\/wp-content\/uploads\/2022\/07\/Joe-Perry-240x300.jpg\" alt=\"\" width=\"390\" height=\"488\" srcset=\"http:\/\/mickyandoniehn.com\/radio\/wp-content\/uploads\/2022\/07\/Joe-Perry-240x300.jpg 240w, http:\/\/mickyandoniehn.com\/radio\/wp-content\/uploads\/2022\/07\/Joe-Perry.jpg 515w\" sizes=\"auto, (max-width: 390px) 100vw, 390px\" \/><\/p>\n<p>&nbsp;<\/p>\n<div class=\"cxmmr5t8 oygrvhab hcukyx3x c1et5uql o9v6fnle ii04i59q\" style=\"text-align: justify;\">\n<div dir=\"auto\"><strong>Fecha de Nacimiento:<\/strong> 10 de septiembre de 1950<\/div>\n<p>&nbsp;<\/p>\n<div dir=\"auto\"><\/div>\n<\/div>\n<div class=\"cxmmr5t8 oygrvhab hcukyx3x c1et5uql o9v6fnle ii04i59q\" style=\"text-align: justify;\">\n<div dir=\"auto\"><strong>Biograf\u00eda:<\/strong><\/div>\n<p>&nbsp;<\/p>\n<div dir=\"auto\"><\/div>\n<div dir=\"auto\">Perteneciente a la banda Aerosmith, tambi\u00e9n conocida como \u00ablos chicos malos de Boston\u00bb. Perry se ubic\u00f3 en el 72.\u00ba puesto en la lista de \u00abLos 100 guitarristas m\u00e1s grandes de todos los tiempos\u00bb, elaborada por la revista Rolling Stone.<\/div>\n<p>&nbsp;<\/p>\n<div dir=\"auto\"><\/div>\n<\/div>\n<div class=\"cxmmr5t8 oygrvhab hcukyx3x c1et5uql o9v6fnle ii04i59q\" style=\"text-align: justify;\">\n<div dir=\"auto\">Comenz\u00f3 tocando en bares junto a Tom Hamilton. Para pagar los gastos trabajaba en una helader\u00eda, llamada The Anchorage, donde conoci\u00f3 a Steven Tyler unos a\u00f1os despu\u00e9s y cuyo primer single fue una versi\u00f3n de la canci\u00f3n &#8220;I&#8217;m down &#8221; (The Beatles).<\/div>\n<p>&nbsp;<\/p>\n<div dir=\"auto\"><\/div>\n<\/div>\n<div class=\"cxmmr5t8 oygrvhab hcukyx3x c1et5uql o9v6fnle ii04i59q\" style=\"text-align: justify;\">\n<div dir=\"auto\">Siendo el guitarrista principal de Aerosmith se separ\u00f3 del grupo por problemas con las drogas y alcohol, a lo que se uni\u00f3 una pelea entre su esposa y la esposa del bajista de la banda, Tom Hamilton. Desde el a\u00f1o 1979 hasta el a\u00f1o 1984, y junto a su compa\u00f1ero Brad Whitford, form\u00f3 un grupo bajo el nombre de &#8220;The Joe Perry Project&#8221; que tuvo escasa popularidad y \u00e9xito. A mitad de los ochenta se reencontr\u00f3 con sus ex compa\u00f1eros de Aerosmith. Desde el a\u00f1o 2015 integra la banda Hollywood Vampires con Alice Cooper y Johnny Depp, dedicada a rendir tributo a la m\u00fasica de estrellas de rock fallecidas en los a\u00f1os setenta.<\/div>\n<p>&nbsp;<\/p>\n<div dir=\"auto\"><\/div>\n<\/div>\n<div class=\"cxmmr5t8 oygrvhab hcukyx3x c1et5uql o9v6fnle ii04i59q\" style=\"text-align: justify;\">\n<div dir=\"auto\">Entre sus \u00faltimos trabajos en solitario Joe public\u00f3 un \u00e1lbum titulado &#8220;Joe Perry&#8221;. Gracias a este trabajo fue nominado a un Grammy.<\/div>\n<p>&nbsp;<\/p>\n<div dir=\"auto\"><\/div>\n<\/div>\n<div class=\"cxmmr5t8 oygrvhab hcukyx3x c1et5uql o9v6fnle ii04i59q\" style=\"text-align: justify;\">\n<div dir=\"auto\">Es considerado por buena parte de la cr\u00edtica como uno de los mejores guitarristas de Rock del mundo. Joe Perry ha coleccionado alrededor de unas 600 guitarras durante toda su carrera de guitarrista, entre ellas se encuentra la famosa guitarra Les Paul Boneyard Prototype, una de las m\u00e1s empleadas en los conciertos de Aerosmith la cual le regalaron por Navidad. Adem\u00e1s tiene una 1954 Special SG Replica, una personalizaci\u00f3n especial de una Joe Perry&#8217;s Gibson ES custom blanca (la Billie Guitar), serigrafiada con el rostro de su esposa, Billie Paulette, una rara muy especial totalmente de cristal y una tipo Stratocaster zurda al rev\u00e9s muy desgastada adem\u00e1s de una Gibson Les Paul en tonos negro Standard y tea sunburst.<\/div>\n<p>&nbsp;<\/p>\n<div dir=\"auto\"><\/div>\n<\/div>\n<div class=\"cxmmr5t8 oygrvhab hcukyx3x c1et5uql o9v6fnle ii04i59q\" style=\"text-align: justify;\">\n<div dir=\"auto\"><\/div>\n<\/div>\n<div class=\"cxmmr5t8 oygrvhab hcukyx3x c1et5uql o9v6fnle ii04i59q\" style=\"text-align: justify;\">\n<div dir=\"auto\"><strong>Date of Birth<\/strong>: September 10, 1950<\/div>\n<p>&nbsp;<\/p>\n<div dir=\"auto\"><\/div>\n<\/div>\n<div class=\"cxmmr5t8 oygrvhab hcukyx3x c1et5uql o9v6fnle ii04i59q\" style=\"text-align: justify;\">\n<div dir=\"auto\"><strong>Biography:<\/strong><\/div>\n<p>&nbsp;<\/p>\n<div dir=\"auto\"><\/div>\n<div dir=\"auto\">Belonging to the band Aerosmith, also known as &#8220;the bad boys of Boston&#8221;. Perry was ranked 72nd on Rolling Stone magazine&#8217;s list of &#8220;The 100 Greatest Guitarists of All Time.&#8221;<\/div>\n<p>&nbsp;<\/p>\n<\/div>\n<div class=\"cxmmr5t8 oygrvhab hcukyx3x c1et5uql o9v6fnle ii04i59q\" style=\"text-align: justify;\">\n<div dir=\"auto\">He began playing in bars with Tom Hamilton. To pay the expenses he worked in an ice cream parlor, called The Anchorage, where he met Steven Tyler a few years later and whose first single was a cover of the song &#8220;I&#8217;m down&#8221; (The Beatles).<\/div>\n<p>&nbsp;<\/p>\n<div dir=\"auto\"><\/div>\n<\/div>\n<div class=\"cxmmr5t8 oygrvhab hcukyx3x c1et5uql o9v6fnle ii04i59q\" style=\"text-align: justify;\">\n<div dir=\"auto\">Being the main guitarist of Aerosmith he separated from the group due to problems with drugs and alcohol, which was joined by a fight between his wife and the wife of the band&#8217;s bassist, Tom Hamilton. From 1979 to 1984, and together with his partner Brad Whitford, he formed a group under the name of &#8220;The Joe Perry Project&#8221; that had little popularity and success. In the mid-eighties he was reunited with his former Aerosmith teammates. Since 2015 he has been a member of the band Hollywood Vampires with Alice Cooper and Johnny Depp, dedicated to paying tribute to the music of rock stars who died in the seventies.<\/div>\n<p>&nbsp;<\/p>\n<div dir=\"auto\"><\/div>\n<\/div>\n<div class=\"cxmmr5t8 oygrvhab hcukyx3x c1et5uql o9v6fnle ii04i59q\" style=\"text-align: justify;\">\n<div dir=\"auto\">Among his last solo works Joe published an album titled &#8220;Joe Perry&#8221;. Thanks to this work he was nominated for a Grammy.<\/div>\n<p>&nbsp;<\/p>\n<div dir=\"auto\"><\/div>\n<\/div>\n<div class=\"cxmmr5t8 oygrvhab hcukyx3x c1et5uql o9v6fnle ii04i59q\" style=\"text-align: justify;\">\n<div dir=\"auto\">He is considered by much of the critics as one of the best Rock guitarists in the world. Joe Perry has collected around 600 guitars throughout his career as a guitarist, among them is the famous Les Paul Boneyard Prototype guitar, one of the most used in Aerosmith concerts which he was given for Christmas. He also has a 1954 Special SG Replica, a special customization of a white Joe Perry&#8217;s Gibson ES custom (the Billie Guitar), screen-printed with the face of his wife, Billie Paulette, a very special all-glass rare and a left-handed Stratocaster type backwards. very worn plus a Gibson Les Paul in Standard black and tea sunburst tones.<\/div>\n<p>&nbsp;<\/p>\n<div dir=\"auto\"><\/div>\n<\/div>\n<div class=\"cxmmr5t8 oygrvhab hcukyx3x c1et5uql o9v6fnle ii04i59q\" style=\"text-align: justify;\">\n<div dir=\"auto\"><strong>Discography<\/strong><\/div>\n<p>&nbsp;<\/p>\n<\/div>\n<div class=\"cxmmr5t8 oygrvhab hcukyx3x c1et5uql o9v6fnle ii04i59q\" style=\"text-align: justify;\"><\/div>\n<div>\n<table width=\"539\">\n<tbody>\n<tr>\n<td style=\"text-align: center;\" width=\"145\"><strong>G\u00e9nero Rock<\/strong><\/td>\n<td style=\"text-align: center;\" width=\"326\"><strong>Escuchar Tema<\/strong><\/td>\n<td style=\"text-align: center;\" width=\"68\"><strong>A\u00f1o de Publicaci\u00f3n<\/strong><\/td>\n<\/tr>\n<tr>\n<td>1<\/td>\n<td>Aerosmith<\/td>\n<td>1973<\/td>\n<\/tr>\n<tr>\n<td>2<\/td>\n<td>Get Your Wings<\/td>\n<td>1974<\/td>\n<\/tr>\n<tr>\n<td>3<\/td>\n<td>Toys In The Attic<\/td>\n<td>1975<\/td>\n<\/tr>\n<tr>\n<td>4<\/td>\n<td>Rocks<\/td>\n<td>1976<\/td>\n<\/tr>\n<tr>\n<td>5<\/td>\n<td>Draw The Line<\/td>\n<td>1977<\/td>\n<\/tr>\n<tr>\n<td>6<\/td>\n<td>Night In The Ruts<\/td>\n<td>1979<\/td>\n<\/tr>\n<tr>\n<td>7<\/td>\n<td>Done With Mirrors<\/td>\n<td>1985<\/td>\n<\/tr>\n<tr>\n<td>8<\/td>\n<td>Permanent Vacation<\/td>\n<td>1987<\/td>\n<\/tr>\n<tr>\n<td>9<\/td>\n<td>Pump<\/td>\n<td>1989<\/td>\n<\/tr>\n<tr>\n<td>10<\/td>\n<td>Get A Grip<\/td>\n<td>1993<\/td>\n<\/tr>\n<tr>\n<td>11<\/td>\n<td>Nine Lives<\/td>\n<td>1997<\/td>\n<\/tr>\n<tr>\n<td>12<\/td>\n<td>Just Push Play<\/td>\n<td>2001<\/td>\n<\/tr>\n<tr>\n<td>13<\/td>\n<td>Honkin&#8217; On Bobo<\/td>\n<td>2004<\/td>\n<\/tr>\n<tr>\n<td>14<\/td>\n<td>Music From Another Dimension!<\/td>\n<td>2012<\/td>\n<\/tr>\n<tr>\n<td><\/td>\n<td><\/td>\n<td><\/td>\n<\/tr>\n<\/tbody>\n<\/table>\n<\/div>\n<div><\/div>\n<div class=\"cxmmr5t8 oygrvhab hcukyx3x c1et5uql o9v6fnle ii04i59q\" style=\"text-align: justify;\">\n<div dir=\"auto\">Cr\u00e9ditos: Tomado de Wikipedia<\/div>\n<div dir=\"auto\"><a class=\"oajrlxb2 g5ia77u1 qu0x051f esr5mh6w e9989ue4 r7d6kgcz rq0escxv nhd2j8a9 nc684nl6 p7hjln8o kvgmc6g5 cxmmr5t8 oygrvhab hcukyx3x jb3vyjys rz4wbd8a qt6c0cv9 a8nywdso i1ao9s8h esuyzwwr f1sip0of lzcic4wl gpro0wi8 py34i1dx\" tabindex=\"0\" role=\"link\" href=\"https:\/\/en.wikipedia.org\/wiki\/Joe_Perry_(musician)?fbclid=IwAR2ZgcSiiJEz5g_1vQxRTffhcgw8Xu1EIorznSwn8aRemd6ESOhhubQrX6c\" target=\"_blank\" rel=\"nofollow noopener\">https:\/\/en.wikipedia.org\/wiki\/Joe_Perry_(musician)<\/a><\/div>\n<div dir=\"auto\"><\/div>\n<\/div>\n<div class=\"epyt-video-wrapper\"><iframe loading=\"lazy\"  id=\"_ytid_33318\"  width=\"618\" height=\"347\"  data-origwidth=\"618\" data-origheight=\"347\" src=\"https:\/\/www.youtube.com\/embed\/Pf9f4BC7B3A?enablejsapi=1&#038;autoplay=0&#038;cc_load_policy=0&#038;cc_lang_pref=&#038;iv_load_policy=1&#038;loop=0&#038;modestbranding=0&#038;rel=1&#038;fs=1&#038;playsinline=0&#038;autohide=2&#038;theme=dark&#038;color=red&#038;controls=1&#038;\" class=\"__youtube_prefs__  epyt-is-override  no-lazyload\" title=\"YouTube player\"  allow=\"fullscreen; accelerometer; autoplay; clipboard-write; encrypted-media; gyroscope; picture-in-picture\" allowfullscreen data-no-lazy=\"1\" data-skipgform_ajax_framebjll=\"\"><\/iframe><\/div>\n","protected":false},"excerpt":{"rendered":"<p>&nbsp; Fecha de Nacimiento: 10 de septiembre de 1950 &nbsp; Biograf\u00eda: &nbsp; Perteneciente a la banda Aerosmith, tambi\u00e9n conocida como \u00ablos chicos malos de Boston\u00bb. Perry se ubic\u00f3 en el 72.\u00ba puesto en la lista de \u00abLos 100 guitarristas m\u00e1s grandes de todos los tiempos\u00bb, elaborada por la revista Rolling Stone. &nbsp; Comenz\u00f3 tocando en &hellip;<\/p>\n","protected":false},"author":1,"featured_media":0,"parent":0,"menu_order":0,"comment_status":"closed","ping_status":"closed","template":"","meta":{"footnotes":""},"class_list":["post-28701","page","type-page","status-publish",""],"jetpack_sharing_enabled":true,"_links":{"self":[{"href":"http:\/\/mickyandoniehn.com\/radio\/wp-json\/wp\/v2\/pages\/28701","targetHints":{"allow":["GET"]}}],"collection":[{"href":"http:\/\/mickyandoniehn.com\/radio\/wp-json\/wp\/v2\/pages"}],"about":[{"href":"http:\/\/mickyandoniehn.com\/radio\/wp-json\/wp\/v2\/types\/page"}],"author":[{"embeddable":true,"href":"http:\/\/mickyandoniehn.com\/radio\/wp-json\/wp\/v2\/users\/1"}],"replies":[{"embeddable":true,"href":"http:\/\/mickyandoniehn.com\/radio\/wp-json\/wp\/v2\/comments?post=28701"}],"version-history":[{"count":2,"href":"http:\/\/mickyandoniehn.com\/radio\/wp-json\/wp\/v2\/pages\/28701\/revisions"}],"predecessor-version":[{"id":30297,"href":"http:\/\/mickyandoniehn.com\/radio\/wp-json\/wp\/v2\/pages\/28701\/revisions\/30297"}],"wp:attachment":[{"href":"http:\/\/mickyandoniehn.com\/radio\/wp-json\/wp\/v2\/media?parent=28701"}],"curies":[{"name":"wp","href":"https:\/\/api.w.org\/{rel}","templated":true}]}}